{"id":15747,"date":"2025-08-21T05:31:32","date_gmt":"2025-08-21T05:31:32","guid":{"rendered":"https:\/\/www.gasmet.com\/fi\/applications\/safety\/cbrne-gas-detection-for-critical-safety-and-threat-mitigation\/"},"modified":"2026-03-23T12:02:14","modified_gmt":"2026-03-23T12:02:14","slug":"cbrne-kaasujen-havainnointi","status":"publish","type":"page","link":"https:\/\/www.gasmet.com\/fi\/sovellukset\/turvallisuus\/cbrne-kaasujen-havainnointi\/","title":{"rendered":"CBRNe-kaasujen havainnointi kriittisess\u00e4 turvallisuudessa"},"content":{"rendered":"<p>CBRNE-kaasujen havainnointi tarkoittaa vaarallisten ilmateitse levi\u00e4vien aineiden tunnistamista ja seurantaa tilanteissa, joissa riskit voivat muuttua nopeasti. Siviiliviranomaiset, turvallisuustoimijat, tutkimuslaitokset ja kriittisen infrastruktuurin parissa ty\u00f6skentelev\u00e4t tarvitsevat reaaliaikaista tietoa myrkyllisist\u00e4 kaasuista, olipa kyse kemiallisista taisteluaineista, teollisista myrkyist\u00e4 tai haihtuvista orgaanisista yhdisteist\u00e4. Kannettava FTIR-kaasuanalyysi on vakiintunut ratkaisu t\u00e4llaisiin k\u00e4ytt\u00f6kohteisiin. Se mahdollistaa useiden yhdisteiden samanaikaisen tunnistamisen ja mittaamisen my\u00f6s vaativissa ja et\u00e4isiss\u00e4 olosuhteissa, joissa nopea ja luotettava tieto on ratkaisevaa.<\/p>\n<h2 data-start=\"1054\" data-end=\"1122\">Miksi reaaliaikainen kemiallinen uhkien havainnointi on t\u00e4rke\u00e4\u00e4?<\/h2>\n<p data-start=\"1124\" data-end=\"1542\"><strong data-start=\"203\" data-end=\"282\">Tilanteissa, joissa sekunnit ratkaisevat, riski\u00e4 ei aina tunneta etuk\u00e4teen.<\/strong> Vaaralliset kemikaalit ja tuntemattomat kaasuseokset voivat uhata sek\u00e4 ihmisi\u00e4 ett\u00e4 kriittist\u00e4 infrastruktuuria. Reaaliaikainen kaasujen mittaus antaa nopeasti luotettavaa tietoa, joka tukee p\u00e4\u00e4t\u00f6ksentekoa ja parantaa turvallisuutta niin liikkuvissa yksik\u00f6iss\u00e4, pelastustoimessa kuin infrastruktuurin suojelussa.<\/p>\n","protected":false},"excerpt":{"rendered":"<p>CBRNE-kaasujen havainnointi tarkoittaa vaarallisten ilmateitse levi\u00e4vien aineiden tunnistamista ja seurantaa tilanteissa, joissa riskit voivat muuttua nopeasti. Siviiliviranomaiset, turvallisuustoimijat, tutkimuslaitokset ja kriittisen infrastruktuurin parissa ty\u00f6skentelev\u00e4t tarvitsevat reaaliaikaista tietoa myrkyllisist\u00e4 kaasuista, olipa kyse kemiallisista taisteluaineista, teollisista myrkyist\u00e4 tai haihtuvista orgaanisista yhdisteist\u00e4. Kannettava FTIR-kaasuanalyysi on vakiintunut ratkaisu t\u00e4llaisiin k\u00e4ytt\u00f6kohteisiin. Se mahdollistaa useiden yhdisteiden samanaikaisen tunnistamisen ja mittaamisen my\u00f6s [&hellip;]<\/p>\n","protected":false},"author":101,"featured_media":82145,"parent":11767,"menu_order":5,"comment_status":"closed","ping_status":"closed","template":"","meta":{"_acf_changed":false,"inline_featured_image":false,"footnotes":""},"tags":[],"class_list":["post-15747","page","type-page","status-publish","has-post-thumbnail","hentry"],"acf":[],"yoast_head":"<!-- This site is optimized with the Yoast SEO plugin v27.2 - https:\/\/yoast.com\/product\/yoast-seo-wordpress\/ -->\n<title>CBRNE Gas Detection | Portable FTIR for Critical Safety<\/title>\n<meta name=\"description\" content=\"Portable FTIR gas analyzers for CBRNE threat detection, toxic gas monitoring, and air quality control in critical operations.\" \/>\n<meta name=\"robots\" content=\"index, follow, max-snippet:-1, max-image-preview:large, max-video-preview:-1\" \/>\n<link rel=\"canonical\" href=\"https:\/\/www.gasmet.com\/fi\/sovellukset\/turvallisuus\/cbrne-kaasujen-havainnointi\/\" \/>\n<meta property=\"og:locale\" content=\"fi_FI\" \/>\n<meta property=\"og:type\" content=\"article\" \/>\n<meta property=\"og:title\" content=\"CBRNE Gas Detection | Portable FTIR for Critical Safety\" \/>\n<meta property=\"og:description\" content=\"Portable FTIR gas analyzers for CBRNE threat detection, toxic gas monitoring, and air quality control in critical operations.\" \/>\n<meta property=\"og:url\" content=\"https:\/\/www.gasmet.com\/fi\/sovellukset\/turvallisuus\/cbrne-kaasujen-havainnointi\/\" \/>\n<meta property=\"og:site_name\" content=\"Gasmet.fi\" \/>\n<meta property=\"article:modified_time\" content=\"2026-03-23T12:02:14+00:00\" \/>\n<meta name=\"twitter:card\" content=\"summary_large_image\" \/>\n<meta name=\"twitter:label1\" content=\"Arvioitu lukuaika\" \/>\n\t<meta name=\"twitter:data1\" content=\"1 minuutti\" \/>\n<script type=\"application\/ld+json\" class=\"yoast-schema-graph\">{\"@context\":\"https:\/\/schema.org\",\"@graph\":[{\"@type\":\"WebPage\",\"@id\":\"https:\/\/www.gasmet.com\/fi\/sovellukset\/turvallisuus\/cbrne-kaasujen-havainnointi\/\",\"url\":\"https:\/\/www.gasmet.com\/fi\/sovellukset\/turvallisuus\/cbrne-kaasujen-havainnointi\/\",\"name\":\"CBRNE Gas Detection | Portable FTIR for Critical Safety\",\"isPartOf\":{\"@id\":\"https:\/\/www.gasmet.com\/fi\/#website\"},\"primaryImageOfPage\":{\"@id\":\"https:\/\/www.gasmet.com\/fi\/sovellukset\/turvallisuus\/cbrne-kaasujen-havainnointi\/#primaryimage\"},\"image\":{\"@id\":\"https:\/\/www.gasmet.com\/fi\/sovellukset\/turvallisuus\/cbrne-kaasujen-havainnointi\/#primaryimage\"},\"thumbnailUrl\":\"\",\"datePublished\":\"2025-08-21T05:31:32+00:00\",\"dateModified\":\"2026-03-23T12:02:14+00:00\",\"description\":\"Portable FTIR gas analyzers for CBRNE threat detection, toxic gas monitoring, and air quality control in critical operations.\",\"breadcrumb\":{\"@id\":\"https:\/\/www.gasmet.com\/fi\/sovellukset\/turvallisuus\/cbrne-kaasujen-havainnointi\/#breadcrumb\"},\"inLanguage\":\"fi\",\"potentialAction\":[{\"@type\":\"ReadAction\",\"target\":[\"https:\/\/www.gasmet.com\/fi\/sovellukset\/turvallisuus\/cbrne-kaasujen-havainnointi\/\"]}]},{\"@type\":\"ImageObject\",\"inLanguage\":\"fi\",\"@id\":\"https:\/\/www.gasmet.com\/fi\/sovellukset\/turvallisuus\/cbrne-kaasujen-havainnointi\/#primaryimage\",\"url\":\"\",\"contentUrl\":\"\"},{\"@type\":\"BreadcrumbList\",\"@id\":\"https:\/\/www.gasmet.com\/fi\/sovellukset\/turvallisuus\/cbrne-kaasujen-havainnointi\/#breadcrumb\",\"itemListElement\":[{\"@type\":\"ListItem\",\"position\":1,\"name\":\"Home\",\"item\":\"https:\/\/www.gasmet.com\/fi\/\"},{\"@type\":\"ListItem\",\"position\":2,\"name\":\"Sovellukset\",\"item\":\"https:\/\/www.gasmet.com\/fi\/sovellukset\/\"},{\"@type\":\"ListItem\",\"position\":3,\"name\":\"Turvallisuus\",\"item\":\"https:\/\/www.gasmet.com\/fi\/sovellukset\/turvallisuus\/\"},{\"@type\":\"ListItem\",\"position\":4,\"name\":\"CBRNe-kaasujen havainnointi kriittisess\u00e4 turvallisuudessa\"}]},{\"@type\":\"WebSite\",\"@id\":\"https:\/\/www.gasmet.com\/fi\/#website\",\"url\":\"https:\/\/www.gasmet.com\/fi\/\",\"name\":\"Gasmet.fi\",\"description\":\"Know what&#039;s in the air.\",\"potentialAction\":[{\"@type\":\"SearchAction\",\"target\":{\"@type\":\"EntryPoint\",\"urlTemplate\":\"https:\/\/www.gasmet.com\/fi\/?s={search_term_string}\"},\"query-input\":{\"@type\":\"PropertyValueSpecification\",\"valueRequired\":true,\"valueName\":\"search_term_string\"}}],\"inLanguage\":\"fi\"}]}<\/script>\n<!-- \/ Yoast SEO plugin. -->","yoast_head_json":{"title":"CBRNE Gas Detection | Portable FTIR for Critical Safety","description":"Portable FTIR gas analyzers for CBRNE threat detection, toxic gas monitoring, and air quality control in critical operations.","robots":{"index":"index","follow":"follow","max-snippet":"max-snippet:-1","max-image-preview":"max-image-preview:large","max-video-preview":"max-video-preview:-1"},"canonical":"https:\/\/www.gasmet.com\/fi\/sovellukset\/turvallisuus\/cbrne-kaasujen-havainnointi\/","og_locale":"fi_FI","og_type":"article","og_title":"CBRNE Gas Detection | Portable FTIR for Critical Safety","og_description":"Portable FTIR gas analyzers for CBRNE threat detection, toxic gas monitoring, and air quality control in critical operations.","og_url":"https:\/\/www.gasmet.com\/fi\/sovellukset\/turvallisuus\/cbrne-kaasujen-havainnointi\/","og_site_name":"Gasmet.fi","article_modified_time":"2026-03-23T12:02:14+00:00","twitter_card":"summary_large_image","twitter_misc":{"Arvioitu lukuaika":"1 minuutti"},"schema":{"@context":"https:\/\/schema.org","@graph":[{"@type":"WebPage","@id":"https:\/\/www.gasmet.com\/fi\/sovellukset\/turvallisuus\/cbrne-kaasujen-havainnointi\/","url":"https:\/\/www.gasmet.com\/fi\/sovellukset\/turvallisuus\/cbrne-kaasujen-havainnointi\/","name":"CBRNE Gas Detection | Portable FTIR for Critical Safety","isPartOf":{"@id":"https:\/\/www.gasmet.com\/fi\/#website"},"primaryImageOfPage":{"@id":"https:\/\/www.gasmet.com\/fi\/sovellukset\/turvallisuus\/cbrne-kaasujen-havainnointi\/#primaryimage"},"image":{"@id":"https:\/\/www.gasmet.com\/fi\/sovellukset\/turvallisuus\/cbrne-kaasujen-havainnointi\/#primaryimage"},"thumbnailUrl":"","datePublished":"2025-08-21T05:31:32+00:00","dateModified":"2026-03-23T12:02:14+00:00","description":"Portable FTIR gas analyzers for CBRNE threat detection, toxic gas monitoring, and air quality control in critical operations.","breadcrumb":{"@id":"https:\/\/www.gasmet.com\/fi\/sovellukset\/turvallisuus\/cbrne-kaasujen-havainnointi\/#breadcrumb"},"inLanguage":"fi","potentialAction":[{"@type":"ReadAction","target":["https:\/\/www.gasmet.com\/fi\/sovellukset\/turvallisuus\/cbrne-kaasujen-havainnointi\/"]}]},{"@type":"ImageObject","inLanguage":"fi","@id":"https:\/\/www.gasmet.com\/fi\/sovellukset\/turvallisuus\/cbrne-kaasujen-havainnointi\/#primaryimage","url":"","contentUrl":""},{"@type":"BreadcrumbList","@id":"https:\/\/www.gasmet.com\/fi\/sovellukset\/turvallisuus\/cbrne-kaasujen-havainnointi\/#breadcrumb","itemListElement":[{"@type":"ListItem","position":1,"name":"Home","item":"https:\/\/www.gasmet.com\/fi\/"},{"@type":"ListItem","position":2,"name":"Sovellukset","item":"https:\/\/www.gasmet.com\/fi\/sovellukset\/"},{"@type":"ListItem","position":3,"name":"Turvallisuus","item":"https:\/\/www.gasmet.com\/fi\/sovellukset\/turvallisuus\/"},{"@type":"ListItem","position":4,"name":"CBRNe-kaasujen havainnointi kriittisess\u00e4 turvallisuudessa"}]},{"@type":"WebSite","@id":"https:\/\/www.gasmet.com\/fi\/#website","url":"https:\/\/www.gasmet.com\/fi\/","name":"Gasmet.fi","description":"Know what&#039;s in the air.","potentialAction":[{"@type":"SearchAction","target":{"@type":"EntryPoint","urlTemplate":"https:\/\/www.gasmet.com\/fi\/?s={search_term_string}"},"query-input":{"@type":"PropertyValueSpecification","valueRequired":true,"valueName":"search_term_string"}}],"inLanguage":"fi"}]}},"_links":{"self":[{"href":"https:\/\/www.gasmet.com\/fi\/wp-json\/wp\/v2\/pages\/15747","targetHints":{"allow":["GET"]}}],"collection":[{"href":"https:\/\/www.gasmet.com\/fi\/wp-json\/wp\/v2\/pages"}],"about":[{"href":"https:\/\/www.gasmet.com\/fi\/wp-json\/wp\/v2\/types\/page"}],"author":[{"embeddable":true,"href":"https:\/\/www.gasmet.com\/fi\/wp-json\/wp\/v2\/users\/101"}],"replies":[{"embeddable":true,"href":"https:\/\/www.gasmet.com\/fi\/wp-json\/wp\/v2\/comments?post=15747"}],"version-history":[{"count":6,"href":"https:\/\/www.gasmet.com\/fi\/wp-json\/wp\/v2\/pages\/15747\/revisions"}],"predecessor-version":[{"id":15825,"href":"https:\/\/www.gasmet.com\/fi\/wp-json\/wp\/v2\/pages\/15747\/revisions\/15825"}],"up":[{"embeddable":true,"href":"https:\/\/www.gasmet.com\/fi\/wp-json\/wp\/v2\/pages\/11767"}],"wp:featuredmedia":[{"embeddable":true,"href":"https:\/\/www.gasmet.com\/fi\/wp-json\/"}],"wp:attachment":[{"href":"https:\/\/www.gasmet.com\/fi\/wp-json\/wp\/v2\/media?parent=15747"}],"wp:term":[{"taxonomy":"post_tag","embeddable":true,"href":"https:\/\/www.gasmet.com\/fi\/wp-json\/wp\/v2\/tags?post=15747"}],"curies":[{"name":"wp","href":"https:\/\/api.w.org\/{rel}","templated":true}]}}