{"id":15011,"date":"2023-12-13T11:30:06","date_gmt":"2023-12-13T11:30:06","guid":{"rendered":"https:\/\/www.gasmet.com\/fi\/?page_id=15011"},"modified":"2024-11-14T14:03:53","modified_gmt":"2024-11-14T14:03:53","slug":"litiumioniakkujen-turvallisuus","status":"publish","type":"page","link":"https:\/\/www.gasmet.com\/fi\/sovellukset\/turvallisuus\/litiumioniakkujen-turvallisuus\/","title":{"rendered":"Litiumioniakkujen turvallisuus"},"content":{"rendered":"<p><em>Maailma py\u00f6rii yh\u00e4 enemm\u00e4n litiumioniakuilla (LIB), ja olemme kiistatta matkalla kohti s\u00e4hk\u00f6istetty\u00e4 tulevaisuutta, johon kuuluvat s\u00e4hk\u00f6ajoneuvot, elektroniikka ja jopa energian varastointij\u00e4rjestelm\u00e4t. Lis\u00e4\u00e4ntynyt akkujen k\u00e4ytt\u00f6 on <a href=\"https:\/\/www.gasmet.com\/fi\/blog\/gas-analysis-the-cornerstone-of-battery-safety-testing\/\">tuonut mukanaan sek\u00e4 mahdollisuuksia ett\u00e4 riskej\u00e4<\/a>. Kaiken ytimess\u00e4 on akkujen turvallisuus, jota varten tutkimme ketjureaktioita ja myrkyllisi\u00e4 kaasup\u00e4\u00e4st\u00f6j\u00e4 sek\u00e4 tarjoamme kaasuanalyysiratkaisumme ongelmien varhaiseen havaitsemiseen.<\/em><\/p>\n<h2>Litiumioniakkujen terminen karkaaminen<\/h2>\n<p>Termisessa karkaamisessa tai l\u00e4mp\u00f6karkaamisessa (thermal runway) litiumioniakun sis\u00e4lle ker\u00e4\u00e4ntyy suuria m\u00e4\u00e4ri\u00e4 l\u00e4mp\u00f6\u00e4 aiheuttaen aggressiivisen l\u00e4mp\u00f6tilannousun, mik\u00e4 lopulta aiheuttaa akun syttymisen tai jopa r\u00e4j\u00e4ht\u00e4misen.<\/p>\n<p>L\u00e4mp\u00f6karkaaminen on kuin toimintaelokuvan ovela roisto, mutta sankarimme <a href=\"https:\/\/www.gasmet.com\/fi\/tuotteet\/category\/kannettavat-kaasuanalysaattorit\/\">kaasuanalysaattorit<\/a> paljastavat sen juonet. N\u00e4m\u00e4 laitteet ovat akkumaailman etsivi\u00e4, jotka auttavat meit\u00e4 v\u00e4ltt\u00e4m\u00e4\u00e4n tuhoisat tulipalot ja myrkkykaasut, joita l\u00e4mp\u00f6karkaamisen seurauksena syntyy. T\u00e4m\u00e4 edellytt\u00e4\u00e4 tietenkin erilaisten kaasujen mittaamista l\u00e4mp\u00f6karkausl\u00e4hteen l\u00e4heisyydess\u00e4. Eri olosuhteissa vapautuu erilaisia kaasuja, joten l\u00e4mmitett\u00e4v\u00e4t monikaasuanalysaattorit, kuten <a href=\"https:\/\/www.gasmet.com\/fi\/tuotteet\/category\/kannettavat-kaasuanalysaattorit\/gt6000-mobilis\/\">GT6000 Mobilis<\/a>, ovat v\u00e4ltt\u00e4m\u00e4tt\u00f6mi\u00e4 tarkkoja mittauksia ja tunnistusta varten. Tutkittavia kaasuja ovat hiilimonoksidi, karbonaatit, hapot, kuten fluorivety, ja erilaiset haihtuvat orgaaniset yhdisteet (VOC).<\/p>\n<p>Toinen tyypillinen tutkimuskohde on akuista vapautuvat kaasut. Vapautuneitten kaasujen havaitseminen on elint\u00e4rke\u00e4\u00e4 turvallisuuden kannalta, koska se voi olla merkki tulevasta l\u00e4mp\u00f6karkaamisesta. Kaasuja, kuten fluorivety\u00e4 (HF) ja karbonaatteja, k\u00e4ytet\u00e4\u00e4n ilmaisimina usein 1 ppm:n kynnysarvolla.<\/p>\n","protected":false},"excerpt":{"rendered":"<p>Maailma py\u00f6rii yh\u00e4 enemm\u00e4n litiumioniakuilla (LIB), ja olemme kiistatta matkalla kohti s\u00e4hk\u00f6istetty\u00e4 tulevaisuutta, johon kuuluvat s\u00e4hk\u00f6ajoneuvot, elektroniikka ja jopa energian varastointij\u00e4rjestelm\u00e4t. Lis\u00e4\u00e4ntynyt akkujen k\u00e4ytt\u00f6 on tuonut mukanaan sek\u00e4 mahdollisuuksia ett\u00e4 riskej\u00e4. Kaiken ytimess\u00e4 on akkujen turvallisuus, jota varten tutkimme ketjureaktioita ja myrkyllisi\u00e4 kaasup\u00e4\u00e4st\u00f6j\u00e4 sek\u00e4 tarjoamme kaasuanalyysiratkaisumme ongelmien varhaiseen havaitsemiseen. Litiumioniakkujen terminen karkaaminen Termisessa karkaamisessa tai [&hellip;]<\/p>\n","protected":false},"author":6,"featured_media":15438,"parent":11767,"menu_order":1,"comment_status":"closed","ping_status":"closed","template":"","meta":{"_acf_changed":false,"inline_featured_image":false,"footnotes":""},"tags":[],"class_list":["post-15011","page","type-page","status-publish","has-post-thumbnail","hentry"],"acf":[],"yoast_head":"<!-- This site is optimized with the Yoast SEO plugin v27.2 - https:\/\/yoast.com\/product\/yoast-seo-wordpress\/ -->\n<title>Litiumioniakkujen turvallisuus - Gasmet.fi<\/title>\n<meta name=\"robots\" content=\"index, follow, max-snippet:-1, max-image-preview:large, max-video-preview:-1\" \/>\n<link rel=\"canonical\" href=\"https:\/\/www.gasmet.com\/fi\/sovellukset\/turvallisuus\/litiumioniakkujen-turvallisuus\/\" \/>\n<meta property=\"og:locale\" content=\"fi_FI\" \/>\n<meta property=\"og:type\" content=\"article\" \/>\n<meta property=\"og:title\" content=\"Litiumioniakkujen turvallisuus - Gasmet.fi\" \/>\n<meta property=\"og:description\" content=\"Maailma py\u00f6rii yh\u00e4 enemm\u00e4n litiumioniakuilla (LIB), ja olemme kiistatta matkalla kohti s\u00e4hk\u00f6istetty\u00e4 tulevaisuutta, johon kuuluvat s\u00e4hk\u00f6ajoneuvot, elektroniikka ja jopa energian varastointij\u00e4rjestelm\u00e4t. Lis\u00e4\u00e4ntynyt akkujen k\u00e4ytt\u00f6 on tuonut mukanaan sek\u00e4 mahdollisuuksia ett\u00e4 riskej\u00e4. Kaiken ytimess\u00e4 on akkujen turvallisuus, jota varten tutkimme ketjureaktioita ja myrkyllisi\u00e4 kaasup\u00e4\u00e4st\u00f6j\u00e4 sek\u00e4 tarjoamme kaasuanalyysiratkaisumme ongelmien varhaiseen havaitsemiseen. Litiumioniakkujen terminen karkaaminen Termisessa karkaamisessa tai [&hellip;]\" \/>\n<meta property=\"og:url\" content=\"https:\/\/www.gasmet.com\/fi\/sovellukset\/turvallisuus\/litiumioniakkujen-turvallisuus\/\" \/>\n<meta property=\"og:site_name\" content=\"Gasmet.fi\" \/>\n<meta property=\"article:modified_time\" content=\"2024-11-14T14:03:53+00:00\" \/>\n<meta property=\"og:image\" content=\"https:\/\/www.gasmet.com\/fi\/wp-content\/uploads\/sites\/9\/2024\/11\/Li-ion-battery-hero.jpg\" \/>\n\t<meta property=\"og:image:width\" content=\"2000\" \/>\n\t<meta property=\"og:image:height\" content=\"500\" \/>\n\t<meta property=\"og:image:type\" content=\"image\/jpeg\" \/>\n<meta name=\"twitter:card\" content=\"summary_large_image\" \/>\n<meta name=\"twitter:label1\" content=\"Arvioitu lukuaika\" \/>\n\t<meta name=\"twitter:data1\" content=\"2 minuuttia\" \/>\n<script type=\"application\/ld+json\" class=\"yoast-schema-graph\">{\"@context\":\"https:\/\/schema.org\",\"@graph\":[{\"@type\":\"WebPage\",\"@id\":\"https:\/\/www.gasmet.com\/fi\/sovellukset\/turvallisuus\/litiumioniakkujen-turvallisuus\/\",\"url\":\"https:\/\/www.gasmet.com\/fi\/sovellukset\/turvallisuus\/litiumioniakkujen-turvallisuus\/\",\"name\":\"Litiumioniakkujen turvallisuus - Gasmet.fi\",\"isPartOf\":{\"@id\":\"https:\/\/www.gasmet.com\/fi\/#website\"},\"primaryImageOfPage\":{\"@id\":\"https:\/\/www.gasmet.com\/fi\/sovellukset\/turvallisuus\/litiumioniakkujen-turvallisuus\/#primaryimage\"},\"image\":{\"@id\":\"https:\/\/www.gasmet.com\/fi\/sovellukset\/turvallisuus\/litiumioniakkujen-turvallisuus\/#primaryimage\"},\"thumbnailUrl\":\"https:\/\/www.gasmet.com\/fi\/wp-content\/uploads\/sites\/9\/2024\/11\/Li-ion-battery-hero.jpg\",\"datePublished\":\"2023-12-13T11:30:06+00:00\",\"dateModified\":\"2024-11-14T14:03:53+00:00\",\"breadcrumb\":{\"@id\":\"https:\/\/www.gasmet.com\/fi\/sovellukset\/turvallisuus\/litiumioniakkujen-turvallisuus\/#breadcrumb\"},\"inLanguage\":\"fi\",\"potentialAction\":[{\"@type\":\"ReadAction\",\"target\":[\"https:\/\/www.gasmet.com\/fi\/sovellukset\/turvallisuus\/litiumioniakkujen-turvallisuus\/\"]}]},{\"@type\":\"ImageObject\",\"inLanguage\":\"fi\",\"@id\":\"https:\/\/www.gasmet.com\/fi\/sovellukset\/turvallisuus\/litiumioniakkujen-turvallisuus\/#primaryimage\",\"url\":\"https:\/\/www.gasmet.com\/fi\/wp-content\/uploads\/sites\/9\/2024\/11\/Li-ion-battery-hero.jpg\",\"contentUrl\":\"https:\/\/www.gasmet.com\/fi\/wp-content\/uploads\/sites\/9\/2024\/11\/Li-ion-battery-hero.jpg\",\"width\":2000,\"height\":500},{\"@type\":\"BreadcrumbList\",\"@id\":\"https:\/\/www.gasmet.com\/fi\/sovellukset\/turvallisuus\/litiumioniakkujen-turvallisuus\/#breadcrumb\",\"itemListElement\":[{\"@type\":\"ListItem\",\"position\":1,\"name\":\"Home\",\"item\":\"https:\/\/www.gasmet.com\/fi\/\"},{\"@type\":\"ListItem\",\"position\":2,\"name\":\"Sovellukset\",\"item\":\"https:\/\/www.gasmet.com\/fi\/sovellukset\/\"},{\"@type\":\"ListItem\",\"position\":3,\"name\":\"Turvallisuus\",\"item\":\"https:\/\/www.gasmet.com\/fi\/sovellukset\/turvallisuus\/\"},{\"@type\":\"ListItem\",\"position\":4,\"name\":\"Litiumioniakkujen turvallisuus\"}]},{\"@type\":\"WebSite\",\"@id\":\"https:\/\/www.gasmet.com\/fi\/#website\",\"url\":\"https:\/\/www.gasmet.com\/fi\/\",\"name\":\"Gasmet.fi\",\"description\":\"Know what&#039;s in the air.\",\"potentialAction\":[{\"@type\":\"SearchAction\",\"target\":{\"@type\":\"EntryPoint\",\"urlTemplate\":\"https:\/\/www.gasmet.com\/fi\/?s={search_term_string}\"},\"query-input\":{\"@type\":\"PropertyValueSpecification\",\"valueRequired\":true,\"valueName\":\"search_term_string\"}}],\"inLanguage\":\"fi\"}]}<\/script>\n<!-- \/ Yoast SEO plugin. -->","yoast_head_json":{"title":"Litiumioniakkujen turvallisuus - Gasmet.fi","robots":{"index":"index","follow":"follow","max-snippet":"max-snippet:-1","max-image-preview":"max-image-preview:large","max-video-preview":"max-video-preview:-1"},"canonical":"https:\/\/www.gasmet.com\/fi\/sovellukset\/turvallisuus\/litiumioniakkujen-turvallisuus\/","og_locale":"fi_FI","og_type":"article","og_title":"Litiumioniakkujen turvallisuus - Gasmet.fi","og_description":"Maailma py\u00f6rii yh\u00e4 enemm\u00e4n litiumioniakuilla (LIB), ja olemme kiistatta matkalla kohti s\u00e4hk\u00f6istetty\u00e4 tulevaisuutta, johon kuuluvat s\u00e4hk\u00f6ajoneuvot, elektroniikka ja jopa energian varastointij\u00e4rjestelm\u00e4t. Lis\u00e4\u00e4ntynyt akkujen k\u00e4ytt\u00f6 on tuonut mukanaan sek\u00e4 mahdollisuuksia ett\u00e4 riskej\u00e4. Kaiken ytimess\u00e4 on akkujen turvallisuus, jota varten tutkimme ketjureaktioita ja myrkyllisi\u00e4 kaasup\u00e4\u00e4st\u00f6j\u00e4 sek\u00e4 tarjoamme kaasuanalyysiratkaisumme ongelmien varhaiseen havaitsemiseen. Litiumioniakkujen terminen karkaaminen Termisessa karkaamisessa tai [&hellip;]","og_url":"https:\/\/www.gasmet.com\/fi\/sovellukset\/turvallisuus\/litiumioniakkujen-turvallisuus\/","og_site_name":"Gasmet.fi","article_modified_time":"2024-11-14T14:03:53+00:00","og_image":[{"width":2000,"height":500,"url":"https:\/\/www.gasmet.com\/fi\/wp-content\/uploads\/sites\/9\/2024\/11\/Li-ion-battery-hero.jpg","type":"image\/jpeg"}],"twitter_card":"summary_large_image","twitter_misc":{"Arvioitu lukuaika":"2 minuuttia"},"schema":{"@context":"https:\/\/schema.org","@graph":[{"@type":"WebPage","@id":"https:\/\/www.gasmet.com\/fi\/sovellukset\/turvallisuus\/litiumioniakkujen-turvallisuus\/","url":"https:\/\/www.gasmet.com\/fi\/sovellukset\/turvallisuus\/litiumioniakkujen-turvallisuus\/","name":"Litiumioniakkujen turvallisuus - Gasmet.fi","isPartOf":{"@id":"https:\/\/www.gasmet.com\/fi\/#website"},"primaryImageOfPage":{"@id":"https:\/\/www.gasmet.com\/fi\/sovellukset\/turvallisuus\/litiumioniakkujen-turvallisuus\/#primaryimage"},"image":{"@id":"https:\/\/www.gasmet.com\/fi\/sovellukset\/turvallisuus\/litiumioniakkujen-turvallisuus\/#primaryimage"},"thumbnailUrl":"https:\/\/www.gasmet.com\/fi\/wp-content\/uploads\/sites\/9\/2024\/11\/Li-ion-battery-hero.jpg","datePublished":"2023-12-13T11:30:06+00:00","dateModified":"2024-11-14T14:03:53+00:00","breadcrumb":{"@id":"https:\/\/www.gasmet.com\/fi\/sovellukset\/turvallisuus\/litiumioniakkujen-turvallisuus\/#breadcrumb"},"inLanguage":"fi","potentialAction":[{"@type":"ReadAction","target":["https:\/\/www.gasmet.com\/fi\/sovellukset\/turvallisuus\/litiumioniakkujen-turvallisuus\/"]}]},{"@type":"ImageObject","inLanguage":"fi","@id":"https:\/\/www.gasmet.com\/fi\/sovellukset\/turvallisuus\/litiumioniakkujen-turvallisuus\/#primaryimage","url":"https:\/\/www.gasmet.com\/fi\/wp-content\/uploads\/sites\/9\/2024\/11\/Li-ion-battery-hero.jpg","contentUrl":"https:\/\/www.gasmet.com\/fi\/wp-content\/uploads\/sites\/9\/2024\/11\/Li-ion-battery-hero.jpg","width":2000,"height":500},{"@type":"BreadcrumbList","@id":"https:\/\/www.gasmet.com\/fi\/sovellukset\/turvallisuus\/litiumioniakkujen-turvallisuus\/#breadcrumb","itemListElement":[{"@type":"ListItem","position":1,"name":"Home","item":"https:\/\/www.gasmet.com\/fi\/"},{"@type":"ListItem","position":2,"name":"Sovellukset","item":"https:\/\/www.gasmet.com\/fi\/sovellukset\/"},{"@type":"ListItem","position":3,"name":"Turvallisuus","item":"https:\/\/www.gasmet.com\/fi\/sovellukset\/turvallisuus\/"},{"@type":"ListItem","position":4,"name":"Litiumioniakkujen turvallisuus"}]},{"@type":"WebSite","@id":"https:\/\/www.gasmet.com\/fi\/#website","url":"https:\/\/www.gasmet.com\/fi\/","name":"Gasmet.fi","description":"Know what&#039;s in the air.","potentialAction":[{"@type":"SearchAction","target":{"@type":"EntryPoint","urlTemplate":"https:\/\/www.gasmet.com\/fi\/?s={search_term_string}"},"query-input":{"@type":"PropertyValueSpecification","valueRequired":true,"valueName":"search_term_string"}}],"inLanguage":"fi"}]}},"_links":{"self":[{"href":"https:\/\/www.gasmet.com\/fi\/wp-json\/wp\/v2\/pages\/15011","targetHints":{"allow":["GET"]}}],"collection":[{"href":"https:\/\/www.gasmet.com\/fi\/wp-json\/wp\/v2\/pages"}],"about":[{"href":"https:\/\/www.gasmet.com\/fi\/wp-json\/wp\/v2\/types\/page"}],"author":[{"embeddable":true,"href":"https:\/\/www.gasmet.com\/fi\/wp-json\/wp\/v2\/users\/6"}],"replies":[{"embeddable":true,"href":"https:\/\/www.gasmet.com\/fi\/wp-json\/wp\/v2\/comments?post=15011"}],"version-history":[{"count":5,"href":"https:\/\/www.gasmet.com\/fi\/wp-json\/wp\/v2\/pages\/15011\/revisions"}],"predecessor-version":[{"id":15236,"href":"https:\/\/www.gasmet.com\/fi\/wp-json\/wp\/v2\/pages\/15011\/revisions\/15236"}],"up":[{"embeddable":true,"href":"https:\/\/www.gasmet.com\/fi\/wp-json\/wp\/v2\/pages\/11767"}],"wp:featuredmedia":[{"embeddable":true,"href":"https:\/\/www.gasmet.com\/fi\/wp-json\/wp\/v2\/media\/15438"}],"wp:attachment":[{"href":"https:\/\/www.gasmet.com\/fi\/wp-json\/wp\/v2\/media?parent=15011"}],"wp:term":[{"taxonomy":"post_tag","embeddable":true,"href":"https:\/\/www.gasmet.com\/fi\/wp-json\/wp\/v2\/tags?post=15011"}],"curies":[{"name":"wp","href":"https:\/\/api.w.org\/{rel}","templated":true}]}}