{"id":14869,"date":"2023-06-01T12:09:50","date_gmt":"2023-06-01T12:09:50","guid":{"rendered":"https:\/\/www.gasmet.com\/fi\/?page_id=14869"},"modified":"2025-09-18T05:37:08","modified_gmt":"2025-09-18T05:37:08","slug":"huolto","status":"publish","type":"page","link":"https:\/\/www.gasmet.com\/fi\/tuotteet\/huolto\/","title":{"rendered":"Huolto"},"content":{"rendered":"<h2>Henkil\u00f6kohtaiset ja joustavat huoltopalvelut pit\u00e4v\u00e4t laitteistosi kunnossa<\/h2>\n<p>Eik\u00f6 olekin turhauttavaa, kun laitteesi aiheuttaa harmaita hiuksia ongelmillaan tai pahimmassa tapauksessa lakkaa kokonaan toimimasta, etk\u00e4 saa yhteytt\u00e4 huoltoon? Onko haasteenasi se, ettet tied\u00e4 miten voisit est\u00e4\u00e4 ongelmia ilmaantumasta? Kaikki ylim\u00e4\u00e4r\u00e4inen s\u00e4\u00e4t\u00e4minen kuluttaa paitsi hermoja, my\u00f6s aikaa. Ja kuten tied\u00e4mme, aika on rahaa. Siksi tuemme sinua erityisen huolellisesti jo ennen kuin ongelmia ilmenee.<\/p>\n<p>Meid\u00e4n ydinosaamistamme on suunnitella ja valmistaa huippuluokan p\u00e4\u00e4st\u00f6mittausj\u00e4rjestelmi\u00e4 ja kaasuanalysaattoreita, jotka pysyv\u00e4t toimintakunnossa jatkossakin. Tarjoamme kattavat huoltopalvelut varmistaaksemme, ett\u00e4 laitteesi toimii yht\u00e4 optimaalisesti niin tehtaalta l\u00e4htiess\u00e4\u00e4n kuin vuosien p\u00e4\u00e4st\u00e4kin. Tarjoamme erilaisia \u200b\u200bhuoltopaketteja tarpeidesi ja budjettisi mukaan.<\/p>\n<p>L\u00f6yd\u00e4t paikallisen tuen yhteystiedot alla olevasta pudotusvalikosta.<\/p>\n","protected":false},"excerpt":{"rendered":"<p>Henkil\u00f6kohtaiset ja joustavat huoltopalvelut pit\u00e4v\u00e4t laitteistosi kunnossa Eik\u00f6 olekin turhauttavaa, kun laitteesi aiheuttaa harmaita hiuksia ongelmillaan tai pahimmassa tapauksessa lakkaa kokonaan toimimasta, etk\u00e4 saa yhteytt\u00e4 huoltoon? Onko haasteenasi se, ettet tied\u00e4 miten voisit est\u00e4\u00e4 ongelmia ilmaantumasta? Kaikki ylim\u00e4\u00e4r\u00e4inen s\u00e4\u00e4t\u00e4minen kuluttaa paitsi hermoja, my\u00f6s aikaa. Ja kuten tied\u00e4mme, aika on rahaa. Siksi tuemme sinua erityisen huolellisesti [&hellip;]<\/p>\n","protected":false},"author":6,"featured_media":15451,"parent":11774,"menu_order":4,"comment_status":"closed","ping_status":"closed","template":"","meta":{"_acf_changed":false,"inline_featured_image":false,"footnotes":""},"tags":[],"class_list":["post-14869","page","type-page","status-publish","has-post-thumbnail","hentry"],"acf":[],"yoast_head":"<!-- This site is optimized with the Yoast SEO plugin v27.2 - https:\/\/yoast.com\/product\/yoast-seo-wordpress\/ -->\n<title>Huolto - Gasmet.fi<\/title>\n<meta name=\"robots\" content=\"index, follow, max-snippet:-1, max-image-preview:large, max-video-preview:-1\" \/>\n<link rel=\"canonical\" href=\"https:\/\/www.gasmet.com\/fi\/tuotteet\/huolto\/\" \/>\n<meta property=\"og:locale\" content=\"fi_FI\" \/>\n<meta property=\"og:type\" content=\"article\" \/>\n<meta property=\"og:title\" content=\"Huolto - Gasmet.fi\" \/>\n<meta property=\"og:description\" content=\"Henkil\u00f6kohtaiset ja joustavat huoltopalvelut pit\u00e4v\u00e4t laitteistosi kunnossa Eik\u00f6 olekin turhauttavaa, kun laitteesi aiheuttaa harmaita hiuksia ongelmillaan tai pahimmassa tapauksessa lakkaa kokonaan toimimasta, etk\u00e4 saa yhteytt\u00e4 huoltoon? Onko haasteenasi se, ettet tied\u00e4 miten voisit est\u00e4\u00e4 ongelmia ilmaantumasta? Kaikki ylim\u00e4\u00e4r\u00e4inen s\u00e4\u00e4t\u00e4minen kuluttaa paitsi hermoja, my\u00f6s aikaa. Ja kuten tied\u00e4mme, aika on rahaa. Siksi tuemme sinua erityisen huolellisesti [&hellip;]\" \/>\n<meta property=\"og:url\" content=\"https:\/\/www.gasmet.com\/fi\/tuotteet\/huolto\/\" \/>\n<meta property=\"og:site_name\" content=\"Gasmet.fi\" \/>\n<meta property=\"article:modified_time\" content=\"2025-09-18T05:37:08+00:00\" \/>\n<meta property=\"og:image\" content=\"https:\/\/www.gasmet.com\/fi\/wp-content\/uploads\/sites\/9\/2024\/11\/service_hero.jpg\" \/>\n\t<meta property=\"og:image:width\" content=\"2000\" \/>\n\t<meta property=\"og:image:height\" content=\"500\" \/>\n\t<meta property=\"og:image:type\" content=\"image\/jpeg\" \/>\n<meta name=\"twitter:card\" content=\"summary_large_image\" \/>\n<meta name=\"twitter:label1\" content=\"Arvioitu lukuaika\" \/>\n\t<meta name=\"twitter:data1\" content=\"1 minuutti\" \/>\n<script type=\"application\/ld+json\" class=\"yoast-schema-graph\">{\"@context\":\"https:\/\/schema.org\",\"@graph\":[{\"@type\":\"WebPage\",\"@id\":\"https:\/\/www.gasmet.com\/fi\/tuotteet\/huolto\/\",\"url\":\"https:\/\/www.gasmet.com\/fi\/tuotteet\/huolto\/\",\"name\":\"Huolto - Gasmet.fi\",\"isPartOf\":{\"@id\":\"https:\/\/www.gasmet.com\/fi\/#website\"},\"primaryImageOfPage\":{\"@id\":\"https:\/\/www.gasmet.com\/fi\/tuotteet\/huolto\/#primaryimage\"},\"image\":{\"@id\":\"https:\/\/www.gasmet.com\/fi\/tuotteet\/huolto\/#primaryimage\"},\"thumbnailUrl\":\"https:\/\/www.gasmet.com\/fi\/wp-content\/uploads\/sites\/9\/2024\/11\/service_hero.jpg\",\"datePublished\":\"2023-06-01T12:09:50+00:00\",\"dateModified\":\"2025-09-18T05:37:08+00:00\",\"breadcrumb\":{\"@id\":\"https:\/\/www.gasmet.com\/fi\/tuotteet\/huolto\/#breadcrumb\"},\"inLanguage\":\"fi\",\"potentialAction\":[{\"@type\":\"ReadAction\",\"target\":[\"https:\/\/www.gasmet.com\/fi\/tuotteet\/huolto\/\"]}]},{\"@type\":\"ImageObject\",\"inLanguage\":\"fi\",\"@id\":\"https:\/\/www.gasmet.com\/fi\/tuotteet\/huolto\/#primaryimage\",\"url\":\"https:\/\/www.gasmet.com\/fi\/wp-content\/uploads\/sites\/9\/2024\/11\/service_hero.jpg\",\"contentUrl\":\"https:\/\/www.gasmet.com\/fi\/wp-content\/uploads\/sites\/9\/2024\/11\/service_hero.jpg\",\"width\":2000,\"height\":500},{\"@type\":\"BreadcrumbList\",\"@id\":\"https:\/\/www.gasmet.com\/fi\/tuotteet\/huolto\/#breadcrumb\",\"itemListElement\":[{\"@type\":\"ListItem\",\"position\":1,\"name\":\"Home\",\"item\":\"https:\/\/www.gasmet.com\/fi\/\"},{\"@type\":\"ListItem\",\"position\":2,\"name\":\"Tuotteet\",\"item\":\"https:\/\/www.gasmet.com\/fi\/tuotteet\/\"},{\"@type\":\"ListItem\",\"position\":3,\"name\":\"Huolto\"}]},{\"@type\":\"WebSite\",\"@id\":\"https:\/\/www.gasmet.com\/fi\/#website\",\"url\":\"https:\/\/www.gasmet.com\/fi\/\",\"name\":\"Gasmet.fi\",\"description\":\"Know what&#039;s in the air.\",\"potentialAction\":[{\"@type\":\"SearchAction\",\"target\":{\"@type\":\"EntryPoint\",\"urlTemplate\":\"https:\/\/www.gasmet.com\/fi\/?s={search_term_string}\"},\"query-input\":{\"@type\":\"PropertyValueSpecification\",\"valueRequired\":true,\"valueName\":\"search_term_string\"}}],\"inLanguage\":\"fi\"}]}<\/script>\n<!-- \/ Yoast SEO plugin. -->","yoast_head_json":{"title":"Huolto - Gasmet.fi","robots":{"index":"index","follow":"follow","max-snippet":"max-snippet:-1","max-image-preview":"max-image-preview:large","max-video-preview":"max-video-preview:-1"},"canonical":"https:\/\/www.gasmet.com\/fi\/tuotteet\/huolto\/","og_locale":"fi_FI","og_type":"article","og_title":"Huolto - Gasmet.fi","og_description":"Henkil\u00f6kohtaiset ja joustavat huoltopalvelut pit\u00e4v\u00e4t laitteistosi kunnossa Eik\u00f6 olekin turhauttavaa, kun laitteesi aiheuttaa harmaita hiuksia ongelmillaan tai pahimmassa tapauksessa lakkaa kokonaan toimimasta, etk\u00e4 saa yhteytt\u00e4 huoltoon? Onko haasteenasi se, ettet tied\u00e4 miten voisit est\u00e4\u00e4 ongelmia ilmaantumasta? Kaikki ylim\u00e4\u00e4r\u00e4inen s\u00e4\u00e4t\u00e4minen kuluttaa paitsi hermoja, my\u00f6s aikaa. Ja kuten tied\u00e4mme, aika on rahaa. Siksi tuemme sinua erityisen huolellisesti [&hellip;]","og_url":"https:\/\/www.gasmet.com\/fi\/tuotteet\/huolto\/","og_site_name":"Gasmet.fi","article_modified_time":"2025-09-18T05:37:08+00:00","og_image":[{"width":2000,"height":500,"url":"https:\/\/www.gasmet.com\/fi\/wp-content\/uploads\/sites\/9\/2024\/11\/service_hero.jpg","type":"image\/jpeg"}],"twitter_card":"summary_large_image","twitter_misc":{"Arvioitu lukuaika":"1 minuutti"},"schema":{"@context":"https:\/\/schema.org","@graph":[{"@type":"WebPage","@id":"https:\/\/www.gasmet.com\/fi\/tuotteet\/huolto\/","url":"https:\/\/www.gasmet.com\/fi\/tuotteet\/huolto\/","name":"Huolto - Gasmet.fi","isPartOf":{"@id":"https:\/\/www.gasmet.com\/fi\/#website"},"primaryImageOfPage":{"@id":"https:\/\/www.gasmet.com\/fi\/tuotteet\/huolto\/#primaryimage"},"image":{"@id":"https:\/\/www.gasmet.com\/fi\/tuotteet\/huolto\/#primaryimage"},"thumbnailUrl":"https:\/\/www.gasmet.com\/fi\/wp-content\/uploads\/sites\/9\/2024\/11\/service_hero.jpg","datePublished":"2023-06-01T12:09:50+00:00","dateModified":"2025-09-18T05:37:08+00:00","breadcrumb":{"@id":"https:\/\/www.gasmet.com\/fi\/tuotteet\/huolto\/#breadcrumb"},"inLanguage":"fi","potentialAction":[{"@type":"ReadAction","target":["https:\/\/www.gasmet.com\/fi\/tuotteet\/huolto\/"]}]},{"@type":"ImageObject","inLanguage":"fi","@id":"https:\/\/www.gasmet.com\/fi\/tuotteet\/huolto\/#primaryimage","url":"https:\/\/www.gasmet.com\/fi\/wp-content\/uploads\/sites\/9\/2024\/11\/service_hero.jpg","contentUrl":"https:\/\/www.gasmet.com\/fi\/wp-content\/uploads\/sites\/9\/2024\/11\/service_hero.jpg","width":2000,"height":500},{"@type":"BreadcrumbList","@id":"https:\/\/www.gasmet.com\/fi\/tuotteet\/huolto\/#breadcrumb","itemListElement":[{"@type":"ListItem","position":1,"name":"Home","item":"https:\/\/www.gasmet.com\/fi\/"},{"@type":"ListItem","position":2,"name":"Tuotteet","item":"https:\/\/www.gasmet.com\/fi\/tuotteet\/"},{"@type":"ListItem","position":3,"name":"Huolto"}]},{"@type":"WebSite","@id":"https:\/\/www.gasmet.com\/fi\/#website","url":"https:\/\/www.gasmet.com\/fi\/","name":"Gasmet.fi","description":"Know what&#039;s in the air.","potentialAction":[{"@type":"SearchAction","target":{"@type":"EntryPoint","urlTemplate":"https:\/\/www.gasmet.com\/fi\/?s={search_term_string}"},"query-input":{"@type":"PropertyValueSpecification","valueRequired":true,"valueName":"search_term_string"}}],"inLanguage":"fi"}]}},"_links":{"self":[{"href":"https:\/\/www.gasmet.com\/fi\/wp-json\/wp\/v2\/pages\/14869","targetHints":{"allow":["GET"]}}],"collection":[{"href":"https:\/\/www.gasmet.com\/fi\/wp-json\/wp\/v2\/pages"}],"about":[{"href":"https:\/\/www.gasmet.com\/fi\/wp-json\/wp\/v2\/types\/page"}],"author":[{"embeddable":true,"href":"https:\/\/www.gasmet.com\/fi\/wp-json\/wp\/v2\/users\/6"}],"replies":[{"embeddable":true,"href":"https:\/\/www.gasmet.com\/fi\/wp-json\/wp\/v2\/comments?post=14869"}],"version-history":[{"count":15,"href":"https:\/\/www.gasmet.com\/fi\/wp-json\/wp\/v2\/pages\/14869\/revisions"}],"predecessor-version":[{"id":15644,"href":"https:\/\/www.gasmet.com\/fi\/wp-json\/wp\/v2\/pages\/14869\/revisions\/15644"}],"up":[{"embeddable":true,"href":"https:\/\/www.gasmet.com\/fi\/wp-json\/wp\/v2\/pages\/11774"}],"wp:featuredmedia":[{"embeddable":true,"href":"https:\/\/www.gasmet.com\/fi\/wp-json\/wp\/v2\/media\/15451"}],"wp:attachment":[{"href":"https:\/\/www.gasmet.com\/fi\/wp-json\/wp\/v2\/media?parent=14869"}],"wp:term":[{"taxonomy":"post_tag","embeddable":true,"href":"https:\/\/www.gasmet.com\/fi\/wp-json\/wp\/v2\/tags?post=14869"}],"curies":[{"name":"wp","href":"https:\/\/api.w.org\/{rel}","templated":true}]}}