{"id":14201,"date":"2022-03-07T08:45:19","date_gmt":"2022-03-07T08:45:19","guid":{"rendered":"https:\/\/www.gasmet.com\/fi\/?page_id=14201"},"modified":"2024-11-14T14:11:46","modified_gmt":"2024-11-14T14:11:46","slug":"suljetun-tilan-ilmanlaadun-mittaus","status":"publish","type":"page","link":"https:\/\/www.gasmet.com\/fi\/sovellukset\/turvallisuus\/suljetun-tilan-ilmanlaadun-mittaus\/","title":{"rendered":"Suljetun tilan ilmanlaadun mittaus"},"content":{"rendered":"<p><em>Kun on kyse mahdollisesti vaaralliseen suljettuun tai ahtaaseen tilaan tulevien tai siell\u00e4 ty\u00f6skentelevien ty\u00f6ntekij\u00f6iden <a href=\"https:\/\/www.gasmet.com\/fi\/sovellukset\/turvallisuus\/\" target=\"_blank\" rel=\"noopener\">turvallisuudesta<\/a>, on hyv\u00e4 olla varautunut mahdollisiin riskeihin \u2013 sek\u00e4 n\u00e4kyviin ett\u00e4 n\u00e4kym\u00e4tt\u00f6miin. Erilaiset myrkylliset ja syttyv\u00e4t kaasut voivat aiheuttaa vakavia uhkia ty\u00f6ntekij\u00f6iden terveydelle ja turvallisuudelle. Ratkaisumme mittaavat samanaikaisesti yli 50 vaarallista kaasua, havaiten eritt\u00e4in mataliakin pitoisuuksia.<\/em><\/p>\n<h2>Suljetun tilan ilmanlaadun mittauslaitteet sopivat saumattomasti prosessiisi<\/h2>\n<p>Suljettuja tiloja ovat esimerkiksi s\u00e4ili\u00f6t, siilot, viem\u00e4rit ja tunnelit sek\u00e4 rakennusten tilat, joissa ilmanvaihto ja liikkuminen on rajoitettua.<\/p>\n<p>Ennen kuin astutaan tilaan, joka sis\u00e4lt\u00e4\u00e4 mahdollisia vaarallisia kaasuja, suoritetaan sis\u00e4\u00e4ntuloa edelt\u00e4v\u00e4 tarkastus suljetun tilan varusteilla. Se tehd\u00e4\u00e4n yleens\u00e4 laskemalla tilaan kaasunilmaisin tai pumppaamalla ilmaa kaasuanalysaattoriin tilaan ty\u00f6nnetyn putken kautta. N\u00e4it\u00e4 alueita tulee tarkkailla aina ennen tilaan astumista ja kun ty\u00f6ntekij\u00f6it\u00e4 on paikalla. Kaasuanalysaattorimme mahdollistaa yleisimpien avainyhdisteiden jatkuvan seurannan sek\u00e4 odottamattomien vaarojen seulonnan \u2013 n\u00e4in voit tehd\u00e4 tietoisia p\u00e4\u00e4t\u00f6ksi\u00e4 ty\u00f6tavoista ja turvallisuustoimenpiteist\u00e4.<\/p>\n<h2><img decoding=\"async\" class=\"alignnone size-full wp-image-13083\" src=\"https:\/\/www.gasmet.com\/fi\/wp-content\/uploads\/sites\/9\/2020\/10\/GT5000_Terra-1.jpg\" alt=\"\" \/><\/h2>\n<h2>Haluatko oikeasti tiet\u00e4\u00e4, mit\u00e4 suljetuissa tiloissa tapahtuu?<\/h2>\n<p>Suljettuun tilaan liittyvi\u00e4 riskej\u00e4 arvioitaessa ei kannata sulkea pois mahdollisia haitallisia kaasuja tai haihtuvia orgaanisia yhdisteit\u00e4 (VOC), jotka voivat johtaa ty\u00f6ntekij\u00e4lle vaaralliseen tilanteeseen. Perinteinen kaasumittaus pit\u00e4\u00e4 yleens\u00e4 sis\u00e4ll\u00e4\u00e4n vain 4\u20135 kaasun mittauksen ep\u00e4tarkoilla havaintorajoilla, jolloin voi olla vaikea valita mitattavia kaasuja. GT5000 Terra -kaasuanalysaattorimme avulla et joudu tekem\u00e4\u00e4n t\u00e4llaisia kompromisseja.<\/p>\n<p>GT5000 Terra -kaasuanalysaattorin t\u00e4rkeimm\u00e4t hy\u00f6dyt:<\/p>\n<ul>\n<li>Laite mittaa jopa 50 kaasua samanaikaisesti matalilla tunnistusrajoilla.<\/li>\n<li>Langaton yhteys valvontakeskukseen nopeuttaa tiedonsiirtoa.<\/li>\n<li>Laite on kevyt ja helppo kuljettaa mukana joko sel\u00e4ss\u00e4 tai k\u00e4dess\u00e4 kantaen ja siin\u00e4 on sis\u00e4\u00e4nrakennettu akku.<\/li>\n<li>Tulokset valmistuvat paikan p\u00e4\u00e4ll\u00e4 sekunneissa.<\/li>\n<li>Jatkuva mittaus onnistuu ty\u00f6n ohessa.<\/li>\n<\/ul>\n<h2>GT5000 Terra: suljetun tilan ilmanlaadun mittaus<\/h2>\n<p>Kannettava ja roisketiivis (IP54) monikaasuanalysaattorimme GT5000 Terra on huippuluokan laitteisto suljetun tai ahtaan tilan ilmanlaadun mittaukseen. Se mittaa jopa 50 ennalta m\u00e4\u00e4ritetty\u00e4 kaasua ja havaitessaan tuntemattomia kaasuja, se pystyy my\u00f6s tunnistamaan ne 400 kaasun kirjastostamme. T\u00e4m\u00e4 ominaisuus erottaa kaasuanalysaattorimme perinteisist\u00e4 kaasunmittauslaitteista, jotka eiv\u00e4t kykene tunnistamaan yksitt\u00e4isten, ennalta m\u00e4\u00e4ritettyjen kaasujen lis\u00e4ksi tuntemattomia kaasuja, vaikka havaitsisivatkin niit\u00e4.<\/p>\n<p>GT5000 Terran kaasujen samanaikainen tunnistaminen tapahtuu <a href=\"https:\/\/www.gasmet.com\/fi\/tuotteet\/teknologia\/ftir\/\" target=\"_blank\" rel=\"noopener\">FTIR<\/a>-teknologialla, joka skannaa koko infrapunaspektrin. Sen avulla voit analysoida tulokset v\u00e4litt\u00f6m\u00e4sti ne saatuasi. FTIR-teknologian avulla on mahdollista mitata my\u00f6s asetonin, muurahaishapon ja kloroformin tasoja, joita ei voi mitata perinteisill\u00e4 analysaattoreilla.<\/p>\n<p><a href=\"https:\/\/www.gasmet.com\/fi\/tuotteet\/category\/kannettavat-kaasuanalysaattorit\/gt5000-terra\/\">Lue lis\u00e4\u00e4 GT5000 Terrasta<\/a><\/p>\n<p><img decoding=\"async\" class=\"alignnone size-full wp-image-13085\" src=\"https:\/\/www.gasmet.com\/fi\/wp-content\/uploads\/sites\/9\/2020\/10\/Calcmet_Easy.jpg\" alt=\"\" \/><\/p>\n<h2>Tunnista ja havainnollista mahdolliset vaarat GT5000 Terran avulla<\/h2>\n<p>GT5000 Terraan sis\u00e4ltyy <a href=\"https:\/\/www.gasmet.com\/fi\/tuotteet\/ohjelmisto\/\" target=\"_blank\" rel=\"noopener\">Calcmet<\/a>-ohjelmistomme, joka analysoi n\u00e4ytespektrin kehittyneen algoritmin avulla. Calcmetissa on helppok\u00e4ytt\u00f6inen k\u00e4ytt\u00f6liittym\u00e4, joka mahdollistaa mittaukset yhdell\u00e4 napsautuksella, pitoisuustulosten samanaikaisen tarkastelun sek\u00e4 spektrien n\u00e4ytteenoton ja referoinnin. Voit my\u00f6s tarkastella kaasujen aikatrendej\u00e4. Tulokset ovat saatavilla muutamassa sekunnissa, joten saat tietoa kent\u00e4ll\u00e4 heti, kun sit\u00e4 tarvitset.<\/p>\n<p><a href=\"https:\/\/www.gasmet.com\/fi\/ota-yhteytta\/\">Ota yhteytt\u00e4 myyntiimme tai paikalliseen j\u00e4lleenmyyj\u00e4\u00e4n<\/a><\/p>\n<h2>GT5000 Terra konsultin ty\u00f6kaluna<\/h2>\n<p>Analysoi laajempi kirjo haitallisia kaasuja asiakkaidesi suljetuissa tiloissa \u2013 lis\u00e4\u00e4 arvoa konsultoinnillesi.<\/p>\n<p>Kun pystyt mittaamaan samanaikaisesti ja tarkasti kymmeni\u00e4 haitallisia kaasuja, pystyt helpommin ja nopeammin auttamaan asiakkaitasi m\u00e4\u00e4rittelem\u00e4\u00e4n, onko suljettu tila turvallinen. Kaasut, kuten asetoni tai kloroformi, voivat olla haitallisia ja jopa tappavia, eiv\u00e4tk\u00e4 tavalliset mittauslaitteet pysty havaitsemaan niit\u00e4. Kaasuanalysaattorimme mittaustulokset puolestaan ovat luotettavia ja helpottavat ty\u00f6t\u00e4si.<\/p>\n<p>Voit tarjota lis\u00e4arvoa asiakkaillesi ty\u00f6maa-auditoinneilla ja ilmakeh\u00e4testeill\u00e4. Niiden avulla asiakkaidesi on helpompi ymm\u00e4rt\u00e4\u00e4, mit\u00e4 suljetussa tilassa on vastassa: syttyvist\u00e4 kaasuista myrkyllisiin kaasuihin, jotka voivat aiheuttaa merkitt\u00e4vi\u00e4 lyhyen ja pitk\u00e4n aikav\u00e4lin terveyshaittoja. T\u00e4m\u00e4n tiedon avulla asiakkaidesi on helpompi noudattaa suljetun tai ahtaan tilan ilmanlaadun mittausta koskevia m\u00e4\u00e4r\u00e4yksi\u00e4 ja standardeja.<\/p>\n<p>&nbsp;<\/p>\n<hr \/>\n","protected":false},"excerpt":{"rendered":"<p>Kun on kyse mahdollisesti vaaralliseen suljettuun tai ahtaaseen tilaan tulevien tai siell\u00e4 ty\u00f6skentelevien ty\u00f6ntekij\u00f6iden turvallisuudesta, on hyv\u00e4 olla varautunut mahdollisiin riskeihin \u2013 sek\u00e4 n\u00e4kyviin ett\u00e4 n\u00e4kym\u00e4tt\u00f6miin. Erilaiset myrkylliset ja syttyv\u00e4t kaasut voivat aiheuttaa vakavia uhkia ty\u00f6ntekij\u00f6iden terveydelle ja turvallisuudelle. Ratkaisumme mittaavat samanaikaisesti yli 50 vaarallista kaasua, havaiten eritt\u00e4in mataliakin pitoisuuksia. Suljetun tilan ilmanlaadun mittauslaitteet sopivat [&hellip;]<\/p>\n","protected":false},"author":6,"featured_media":15441,"parent":11767,"menu_order":20,"comment_status":"closed","ping_status":"closed","template":"","meta":{"_acf_changed":false,"inline_featured_image":false,"footnotes":""},"tags":[435],"class_list":["post-14201","page","type-page","status-publish","has-post-thumbnail","hentry","tag-turvallisuus"],"acf":[],"yoast_head":"<!-- This site is optimized with the Yoast SEO plugin v27.2 - https:\/\/yoast.com\/product\/yoast-seo-wordpress\/ -->\n<title>Suljetun tilan ilmanlaadun mittaus | Gasmet<\/title>\n<meta name=\"description\" content=\"Suljetun tai ahtaan tilan ilmanlaadun mittaus auttaa varautumaan n\u00e4kyviin ja n\u00e4kym\u00e4tt\u00f6miin riskeihin. GT5000 Terra mittaa jopa 50 kaasua - lue lis\u00e4\u00e4.\" \/>\n<meta name=\"robots\" content=\"index, follow, max-snippet:-1, max-image-preview:large, max-video-preview:-1\" \/>\n<link rel=\"canonical\" href=\"https:\/\/www.gasmet.com\/fi\/sovellukset\/turvallisuus\/suljetun-tilan-ilmanlaadun-mittaus\/\" \/>\n<meta property=\"og:locale\" content=\"fi_FI\" \/>\n<meta property=\"og:type\" content=\"article\" \/>\n<meta property=\"og:title\" content=\"Suljetun tilan ilmanlaadun mittaus | Gasmet\" \/>\n<meta property=\"og:description\" content=\"Suljetun tai ahtaan tilan ilmanlaadun mittaus auttaa varautumaan n\u00e4kyviin ja n\u00e4kym\u00e4tt\u00f6miin riskeihin. GT5000 Terra mittaa jopa 50 kaasua - lue lis\u00e4\u00e4.\" \/>\n<meta property=\"og:url\" content=\"https:\/\/www.gasmet.com\/fi\/sovellukset\/turvallisuus\/suljetun-tilan-ilmanlaadun-mittaus\/\" \/>\n<meta property=\"og:site_name\" content=\"Gasmet.fi\" \/>\n<meta property=\"article:modified_time\" content=\"2024-11-14T14:11:46+00:00\" \/>\n<meta property=\"og:image\" content=\"https:\/\/www.gasmet.com\/fi\/wp-content\/uploads\/sites\/9\/2024\/11\/confined_space-hero.jpg\" \/>\n\t<meta property=\"og:image:width\" content=\"2000\" \/>\n\t<meta property=\"og:image:height\" content=\"500\" \/>\n\t<meta property=\"og:image:type\" content=\"image\/jpeg\" \/>\n<meta name=\"twitter:card\" content=\"summary_large_image\" \/>\n<meta name=\"twitter:label1\" content=\"Arvioitu lukuaika\" \/>\n\t<meta name=\"twitter:data1\" content=\"4 minuuttia\" \/>\n<script type=\"application\/ld+json\" class=\"yoast-schema-graph\">{\"@context\":\"https:\/\/schema.org\",\"@graph\":[{\"@type\":\"WebPage\",\"@id\":\"https:\/\/www.gasmet.com\/fi\/sovellukset\/turvallisuus\/suljetun-tilan-ilmanlaadun-mittaus\/\",\"url\":\"https:\/\/www.gasmet.com\/fi\/sovellukset\/turvallisuus\/suljetun-tilan-ilmanlaadun-mittaus\/\",\"name\":\"Suljetun tilan ilmanlaadun mittaus | Gasmet\",\"isPartOf\":{\"@id\":\"https:\/\/www.gasmet.com\/fi\/#website\"},\"primaryImageOfPage\":{\"@id\":\"https:\/\/www.gasmet.com\/fi\/sovellukset\/turvallisuus\/suljetun-tilan-ilmanlaadun-mittaus\/#primaryimage\"},\"image\":{\"@id\":\"https:\/\/www.gasmet.com\/fi\/sovellukset\/turvallisuus\/suljetun-tilan-ilmanlaadun-mittaus\/#primaryimage\"},\"thumbnailUrl\":\"https:\/\/www.gasmet.com\/fi\/wp-content\/uploads\/sites\/9\/2024\/11\/confined_space-hero.jpg\",\"datePublished\":\"2022-03-07T08:45:19+00:00\",\"dateModified\":\"2024-11-14T14:11:46+00:00\",\"description\":\"Suljetun tai ahtaan tilan ilmanlaadun mittaus auttaa varautumaan n\u00e4kyviin ja n\u00e4kym\u00e4tt\u00f6miin riskeihin. GT5000 Terra mittaa jopa 50 kaasua - lue lis\u00e4\u00e4.\",\"breadcrumb\":{\"@id\":\"https:\/\/www.gasmet.com\/fi\/sovellukset\/turvallisuus\/suljetun-tilan-ilmanlaadun-mittaus\/#breadcrumb\"},\"inLanguage\":\"fi\",\"potentialAction\":[{\"@type\":\"ReadAction\",\"target\":[\"https:\/\/www.gasmet.com\/fi\/sovellukset\/turvallisuus\/suljetun-tilan-ilmanlaadun-mittaus\/\"]}]},{\"@type\":\"ImageObject\",\"inLanguage\":\"fi\",\"@id\":\"https:\/\/www.gasmet.com\/fi\/sovellukset\/turvallisuus\/suljetun-tilan-ilmanlaadun-mittaus\/#primaryimage\",\"url\":\"https:\/\/www.gasmet.com\/fi\/wp-content\/uploads\/sites\/9\/2024\/11\/confined_space-hero.jpg\",\"contentUrl\":\"https:\/\/www.gasmet.com\/fi\/wp-content\/uploads\/sites\/9\/2024\/11\/confined_space-hero.jpg\",\"width\":2000,\"height\":500},{\"@type\":\"BreadcrumbList\",\"@id\":\"https:\/\/www.gasmet.com\/fi\/sovellukset\/turvallisuus\/suljetun-tilan-ilmanlaadun-mittaus\/#breadcrumb\",\"itemListElement\":[{\"@type\":\"ListItem\",\"position\":1,\"name\":\"Home\",\"item\":\"https:\/\/www.gasmet.com\/fi\/\"},{\"@type\":\"ListItem\",\"position\":2,\"name\":\"Sovellukset\",\"item\":\"https:\/\/www.gasmet.com\/fi\/sovellukset\/\"},{\"@type\":\"ListItem\",\"position\":3,\"name\":\"Turvallisuus\",\"item\":\"https:\/\/www.gasmet.com\/fi\/sovellukset\/turvallisuus\/\"},{\"@type\":\"ListItem\",\"position\":4,\"name\":\"Suljetun tilan ilmanlaadun mittaus\"}]},{\"@type\":\"WebSite\",\"@id\":\"https:\/\/www.gasmet.com\/fi\/#website\",\"url\":\"https:\/\/www.gasmet.com\/fi\/\",\"name\":\"Gasmet.fi\",\"description\":\"Know what&#039;s in the air.\",\"potentialAction\":[{\"@type\":\"SearchAction\",\"target\":{\"@type\":\"EntryPoint\",\"urlTemplate\":\"https:\/\/www.gasmet.com\/fi\/?s={search_term_string}\"},\"query-input\":{\"@type\":\"PropertyValueSpecification\",\"valueRequired\":true,\"valueName\":\"search_term_string\"}}],\"inLanguage\":\"fi\"}]}<\/script>\n<!-- \/ Yoast SEO plugin. -->","yoast_head_json":{"title":"Suljetun tilan ilmanlaadun mittaus | Gasmet","description":"Suljetun tai ahtaan tilan ilmanlaadun mittaus auttaa varautumaan n\u00e4kyviin ja n\u00e4kym\u00e4tt\u00f6miin riskeihin. GT5000 Terra mittaa jopa 50 kaasua - lue lis\u00e4\u00e4.","robots":{"index":"index","follow":"follow","max-snippet":"max-snippet:-1","max-image-preview":"max-image-preview:large","max-video-preview":"max-video-preview:-1"},"canonical":"https:\/\/www.gasmet.com\/fi\/sovellukset\/turvallisuus\/suljetun-tilan-ilmanlaadun-mittaus\/","og_locale":"fi_FI","og_type":"article","og_title":"Suljetun tilan ilmanlaadun mittaus | Gasmet","og_description":"Suljetun tai ahtaan tilan ilmanlaadun mittaus auttaa varautumaan n\u00e4kyviin ja n\u00e4kym\u00e4tt\u00f6miin riskeihin. GT5000 Terra mittaa jopa 50 kaasua - lue lis\u00e4\u00e4.","og_url":"https:\/\/www.gasmet.com\/fi\/sovellukset\/turvallisuus\/suljetun-tilan-ilmanlaadun-mittaus\/","og_site_name":"Gasmet.fi","article_modified_time":"2024-11-14T14:11:46+00:00","og_image":[{"width":2000,"height":500,"url":"https:\/\/www.gasmet.com\/fi\/wp-content\/uploads\/sites\/9\/2024\/11\/confined_space-hero.jpg","type":"image\/jpeg"}],"twitter_card":"summary_large_image","twitter_misc":{"Arvioitu lukuaika":"4 minuuttia"},"schema":{"@context":"https:\/\/schema.org","@graph":[{"@type":"WebPage","@id":"https:\/\/www.gasmet.com\/fi\/sovellukset\/turvallisuus\/suljetun-tilan-ilmanlaadun-mittaus\/","url":"https:\/\/www.gasmet.com\/fi\/sovellukset\/turvallisuus\/suljetun-tilan-ilmanlaadun-mittaus\/","name":"Suljetun tilan ilmanlaadun mittaus | Gasmet","isPartOf":{"@id":"https:\/\/www.gasmet.com\/fi\/#website"},"primaryImageOfPage":{"@id":"https:\/\/www.gasmet.com\/fi\/sovellukset\/turvallisuus\/suljetun-tilan-ilmanlaadun-mittaus\/#primaryimage"},"image":{"@id":"https:\/\/www.gasmet.com\/fi\/sovellukset\/turvallisuus\/suljetun-tilan-ilmanlaadun-mittaus\/#primaryimage"},"thumbnailUrl":"https:\/\/www.gasmet.com\/fi\/wp-content\/uploads\/sites\/9\/2024\/11\/confined_space-hero.jpg","datePublished":"2022-03-07T08:45:19+00:00","dateModified":"2024-11-14T14:11:46+00:00","description":"Suljetun tai ahtaan tilan ilmanlaadun mittaus auttaa varautumaan n\u00e4kyviin ja n\u00e4kym\u00e4tt\u00f6miin riskeihin. GT5000 Terra mittaa jopa 50 kaasua - lue lis\u00e4\u00e4.","breadcrumb":{"@id":"https:\/\/www.gasmet.com\/fi\/sovellukset\/turvallisuus\/suljetun-tilan-ilmanlaadun-mittaus\/#breadcrumb"},"inLanguage":"fi","potentialAction":[{"@type":"ReadAction","target":["https:\/\/www.gasmet.com\/fi\/sovellukset\/turvallisuus\/suljetun-tilan-ilmanlaadun-mittaus\/"]}]},{"@type":"ImageObject","inLanguage":"fi","@id":"https:\/\/www.gasmet.com\/fi\/sovellukset\/turvallisuus\/suljetun-tilan-ilmanlaadun-mittaus\/#primaryimage","url":"https:\/\/www.gasmet.com\/fi\/wp-content\/uploads\/sites\/9\/2024\/11\/confined_space-hero.jpg","contentUrl":"https:\/\/www.gasmet.com\/fi\/wp-content\/uploads\/sites\/9\/2024\/11\/confined_space-hero.jpg","width":2000,"height":500},{"@type":"BreadcrumbList","@id":"https:\/\/www.gasmet.com\/fi\/sovellukset\/turvallisuus\/suljetun-tilan-ilmanlaadun-mittaus\/#breadcrumb","itemListElement":[{"@type":"ListItem","position":1,"name":"Home","item":"https:\/\/www.gasmet.com\/fi\/"},{"@type":"ListItem","position":2,"name":"Sovellukset","item":"https:\/\/www.gasmet.com\/fi\/sovellukset\/"},{"@type":"ListItem","position":3,"name":"Turvallisuus","item":"https:\/\/www.gasmet.com\/fi\/sovellukset\/turvallisuus\/"},{"@type":"ListItem","position":4,"name":"Suljetun tilan ilmanlaadun mittaus"}]},{"@type":"WebSite","@id":"https:\/\/www.gasmet.com\/fi\/#website","url":"https:\/\/www.gasmet.com\/fi\/","name":"Gasmet.fi","description":"Know what&#039;s in the air.","potentialAction":[{"@type":"SearchAction","target":{"@type":"EntryPoint","urlTemplate":"https:\/\/www.gasmet.com\/fi\/?s={search_term_string}"},"query-input":{"@type":"PropertyValueSpecification","valueRequired":true,"valueName":"search_term_string"}}],"inLanguage":"fi"}]}},"_links":{"self":[{"href":"https:\/\/www.gasmet.com\/fi\/wp-json\/wp\/v2\/pages\/14201","targetHints":{"allow":["GET"]}}],"collection":[{"href":"https:\/\/www.gasmet.com\/fi\/wp-json\/wp\/v2\/pages"}],"about":[{"href":"https:\/\/www.gasmet.com\/fi\/wp-json\/wp\/v2\/types\/page"}],"author":[{"embeddable":true,"href":"https:\/\/www.gasmet.com\/fi\/wp-json\/wp\/v2\/users\/6"}],"replies":[{"embeddable":true,"href":"https:\/\/www.gasmet.com\/fi\/wp-json\/wp\/v2\/comments?post=14201"}],"version-history":[{"count":8,"href":"https:\/\/www.gasmet.com\/fi\/wp-json\/wp\/v2\/pages\/14201\/revisions"}],"predecessor-version":[{"id":14281,"href":"https:\/\/www.gasmet.com\/fi\/wp-json\/wp\/v2\/pages\/14201\/revisions\/14281"}],"up":[{"embeddable":true,"href":"https:\/\/www.gasmet.com\/fi\/wp-json\/wp\/v2\/pages\/11767"}],"wp:featuredmedia":[{"embeddable":true,"href":"https:\/\/www.gasmet.com\/fi\/wp-json\/wp\/v2\/media\/15441"}],"wp:attachment":[{"href":"https:\/\/www.gasmet.com\/fi\/wp-json\/wp\/v2\/media?parent=14201"}],"wp:term":[{"taxonomy":"post_tag","embeddable":true,"href":"https:\/\/www.gasmet.com\/fi\/wp-json\/wp\/v2\/tags?post=14201"}],"curies":[{"name":"wp","href":"https:\/\/api.w.org\/{rel}","templated":true}]}}