{"id":14192,"date":"2022-03-07T07:39:46","date_gmt":"2022-03-07T07:39:46","guid":{"rendered":"https:\/\/www.gasmet.com\/fi\/?page_id=14192"},"modified":"2025-09-18T09:56:16","modified_gmt":"2025-09-18T09:56:16","slug":"hiilidioksidin-talteenotto","status":"publish","type":"page","link":"https:\/\/www.gasmet.com\/fi\/sovellukset\/teollisuuden-paastomittaus\/hiilidioksidin-talteenotto\/","title":{"rendered":"Hiilidioksidin talteenotto ja varastointi"},"content":{"rendered":"","protected":false},"excerpt":{"rendered":"","protected":false},"author":6,"featured_media":15433,"parent":13675,"menu_order":35,"comment_status":"closed","ping_status":"closed","template":"","meta":{"_acf_changed":false,"inline_featured_image":false,"footnotes":""},"tags":[433],"class_list":["post-14192","page","type-page","status-publish","has-post-thumbnail","hentry","tag-paastot"],"acf":[],"yoast_head":"<!-- This site is optimized with the Yoast SEO plugin v27.2 - https:\/\/yoast.com\/product\/yoast-seo-wordpress\/ -->\n<title>Hiilidioksidin talteenotto ja varastointi (CCS) | Gasmet<\/title>\n<meta name=\"description\" content=\"Hiilidioksidin talteenotto ja varastointi eli CCS-prosessi v\u00e4hent\u00e4\u00e4 CO2-p\u00e4\u00e4st\u00f6j\u00e4. Varmista laitoksen CCS-prosessin toimivuus p\u00e4\u00e4st\u00f6mittausj\u00e4rjestelm\u00e4ll\u00e4.\" \/>\n<meta name=\"robots\" content=\"index, follow, max-snippet:-1, max-image-preview:large, max-video-preview:-1\" \/>\n<link rel=\"canonical\" href=\"https:\/\/www.gasmet.com\/fi\/sovellukset\/teollisuuden-paastomittaus\/hiilidioksidin-talteenotto\/\" \/>\n<meta property=\"og:locale\" content=\"fi_FI\" \/>\n<meta property=\"og:type\" content=\"article\" \/>\n<meta property=\"og:title\" content=\"Hiilidioksidin talteenotto ja varastointi (CCS) | Gasmet\" \/>\n<meta property=\"og:description\" content=\"Hiilidioksidin talteenotto ja varastointi eli CCS-prosessi v\u00e4hent\u00e4\u00e4 CO2-p\u00e4\u00e4st\u00f6j\u00e4. Varmista laitoksen CCS-prosessin toimivuus p\u00e4\u00e4st\u00f6mittausj\u00e4rjestelm\u00e4ll\u00e4.\" \/>\n<meta property=\"og:url\" content=\"https:\/\/www.gasmet.com\/fi\/sovellukset\/teollisuuden-paastomittaus\/hiilidioksidin-talteenotto\/\" \/>\n<meta property=\"og:site_name\" content=\"Gasmet.fi\" \/>\n<meta property=\"article:modified_time\" content=\"2025-09-18T09:56:16+00:00\" \/>\n<meta property=\"og:image\" content=\"https:\/\/www.gasmet.com\/fi\/wp-content\/uploads\/sites\/9\/2024\/11\/CCS-hero.jpg\" \/>\n\t<meta property=\"og:image:width\" content=\"2000\" \/>\n\t<meta property=\"og:image:height\" content=\"500\" \/>\n\t<meta property=\"og:image:type\" content=\"image\/jpeg\" \/>\n<meta name=\"twitter:card\" content=\"summary_large_image\" \/>\n<meta name=\"twitter:label1\" content=\"Arvioitu lukuaika\" \/>\n\t<meta name=\"twitter:data1\" content=\"1 minuutti\" \/>\n<script type=\"application\/ld+json\" class=\"yoast-schema-graph\">{\"@context\":\"https:\/\/schema.org\",\"@graph\":[{\"@type\":\"WebPage\",\"@id\":\"https:\/\/www.gasmet.com\/fi\/sovellukset\/teollisuuden-paastomittaus\/hiilidioksidin-talteenotto\/\",\"url\":\"https:\/\/www.gasmet.com\/fi\/sovellukset\/teollisuuden-paastomittaus\/hiilidioksidin-talteenotto\/\",\"name\":\"Hiilidioksidin talteenotto ja varastointi (CCS) | Gasmet\",\"isPartOf\":{\"@id\":\"https:\/\/www.gasmet.com\/fi\/#website\"},\"primaryImageOfPage\":{\"@id\":\"https:\/\/www.gasmet.com\/fi\/sovellukset\/teollisuuden-paastomittaus\/hiilidioksidin-talteenotto\/#primaryimage\"},\"image\":{\"@id\":\"https:\/\/www.gasmet.com\/fi\/sovellukset\/teollisuuden-paastomittaus\/hiilidioksidin-talteenotto\/#primaryimage\"},\"thumbnailUrl\":\"https:\/\/www.gasmet.com\/fi\/wp-content\/uploads\/sites\/9\/2024\/11\/CCS-hero.jpg\",\"datePublished\":\"2022-03-07T07:39:46+00:00\",\"dateModified\":\"2025-09-18T09:56:16+00:00\",\"description\":\"Hiilidioksidin talteenotto ja varastointi eli CCS-prosessi v\u00e4hent\u00e4\u00e4 CO2-p\u00e4\u00e4st\u00f6j\u00e4. Varmista laitoksen CCS-prosessin toimivuus p\u00e4\u00e4st\u00f6mittausj\u00e4rjestelm\u00e4ll\u00e4.\",\"breadcrumb\":{\"@id\":\"https:\/\/www.gasmet.com\/fi\/sovellukset\/teollisuuden-paastomittaus\/hiilidioksidin-talteenotto\/#breadcrumb\"},\"inLanguage\":\"fi\",\"potentialAction\":[{\"@type\":\"ReadAction\",\"target\":[\"https:\/\/www.gasmet.com\/fi\/sovellukset\/teollisuuden-paastomittaus\/hiilidioksidin-talteenotto\/\"]}]},{\"@type\":\"ImageObject\",\"inLanguage\":\"fi\",\"@id\":\"https:\/\/www.gasmet.com\/fi\/sovellukset\/teollisuuden-paastomittaus\/hiilidioksidin-talteenotto\/#primaryimage\",\"url\":\"https:\/\/www.gasmet.com\/fi\/wp-content\/uploads\/sites\/9\/2024\/11\/CCS-hero.jpg\",\"contentUrl\":\"https:\/\/www.gasmet.com\/fi\/wp-content\/uploads\/sites\/9\/2024\/11\/CCS-hero.jpg\",\"width\":2000,\"height\":500},{\"@type\":\"BreadcrumbList\",\"@id\":\"https:\/\/www.gasmet.com\/fi\/sovellukset\/teollisuuden-paastomittaus\/hiilidioksidin-talteenotto\/#breadcrumb\",\"itemListElement\":[{\"@type\":\"ListItem\",\"position\":1,\"name\":\"Home\",\"item\":\"https:\/\/www.gasmet.com\/fi\/\"},{\"@type\":\"ListItem\",\"position\":2,\"name\":\"Sovellukset\",\"item\":\"https:\/\/www.gasmet.com\/fi\/sovellukset\/\"},{\"@type\":\"ListItem\",\"position\":3,\"name\":\"Teollisuuden p\u00e4\u00e4st\u00f6mittaus\",\"item\":\"https:\/\/www.gasmet.com\/fi\/sovellukset\/teollisuuden-paastomittaus\/\"},{\"@type\":\"ListItem\",\"position\":4,\"name\":\"Hiilidioksidin talteenotto ja varastointi\"}]},{\"@type\":\"WebSite\",\"@id\":\"https:\/\/www.gasmet.com\/fi\/#website\",\"url\":\"https:\/\/www.gasmet.com\/fi\/\",\"name\":\"Gasmet.fi\",\"description\":\"Know what&#039;s in the air.\",\"potentialAction\":[{\"@type\":\"SearchAction\",\"target\":{\"@type\":\"EntryPoint\",\"urlTemplate\":\"https:\/\/www.gasmet.com\/fi\/?s={search_term_string}\"},\"query-input\":{\"@type\":\"PropertyValueSpecification\",\"valueRequired\":true,\"valueName\":\"search_term_string\"}}],\"inLanguage\":\"fi\"}]}<\/script>\n<!-- \/ Yoast SEO plugin. -->","yoast_head_json":{"title":"Hiilidioksidin talteenotto ja varastointi (CCS) | Gasmet","description":"Hiilidioksidin talteenotto ja varastointi eli CCS-prosessi v\u00e4hent\u00e4\u00e4 CO2-p\u00e4\u00e4st\u00f6j\u00e4. Varmista laitoksen CCS-prosessin toimivuus p\u00e4\u00e4st\u00f6mittausj\u00e4rjestelm\u00e4ll\u00e4.","robots":{"index":"index","follow":"follow","max-snippet":"max-snippet:-1","max-image-preview":"max-image-preview:large","max-video-preview":"max-video-preview:-1"},"canonical":"https:\/\/www.gasmet.com\/fi\/sovellukset\/teollisuuden-paastomittaus\/hiilidioksidin-talteenotto\/","og_locale":"fi_FI","og_type":"article","og_title":"Hiilidioksidin talteenotto ja varastointi (CCS) | Gasmet","og_description":"Hiilidioksidin talteenotto ja varastointi eli CCS-prosessi v\u00e4hent\u00e4\u00e4 CO2-p\u00e4\u00e4st\u00f6j\u00e4. Varmista laitoksen CCS-prosessin toimivuus p\u00e4\u00e4st\u00f6mittausj\u00e4rjestelm\u00e4ll\u00e4.","og_url":"https:\/\/www.gasmet.com\/fi\/sovellukset\/teollisuuden-paastomittaus\/hiilidioksidin-talteenotto\/","og_site_name":"Gasmet.fi","article_modified_time":"2025-09-18T09:56:16+00:00","og_image":[{"width":2000,"height":500,"url":"https:\/\/www.gasmet.com\/fi\/wp-content\/uploads\/sites\/9\/2024\/11\/CCS-hero.jpg","type":"image\/jpeg"}],"twitter_card":"summary_large_image","twitter_misc":{"Arvioitu lukuaika":"1 minuutti"},"schema":{"@context":"https:\/\/schema.org","@graph":[{"@type":"WebPage","@id":"https:\/\/www.gasmet.com\/fi\/sovellukset\/teollisuuden-paastomittaus\/hiilidioksidin-talteenotto\/","url":"https:\/\/www.gasmet.com\/fi\/sovellukset\/teollisuuden-paastomittaus\/hiilidioksidin-talteenotto\/","name":"Hiilidioksidin talteenotto ja varastointi (CCS) | Gasmet","isPartOf":{"@id":"https:\/\/www.gasmet.com\/fi\/#website"},"primaryImageOfPage":{"@id":"https:\/\/www.gasmet.com\/fi\/sovellukset\/teollisuuden-paastomittaus\/hiilidioksidin-talteenotto\/#primaryimage"},"image":{"@id":"https:\/\/www.gasmet.com\/fi\/sovellukset\/teollisuuden-paastomittaus\/hiilidioksidin-talteenotto\/#primaryimage"},"thumbnailUrl":"https:\/\/www.gasmet.com\/fi\/wp-content\/uploads\/sites\/9\/2024\/11\/CCS-hero.jpg","datePublished":"2022-03-07T07:39:46+00:00","dateModified":"2025-09-18T09:56:16+00:00","description":"Hiilidioksidin talteenotto ja varastointi eli CCS-prosessi v\u00e4hent\u00e4\u00e4 CO2-p\u00e4\u00e4st\u00f6j\u00e4. Varmista laitoksen CCS-prosessin toimivuus p\u00e4\u00e4st\u00f6mittausj\u00e4rjestelm\u00e4ll\u00e4.","breadcrumb":{"@id":"https:\/\/www.gasmet.com\/fi\/sovellukset\/teollisuuden-paastomittaus\/hiilidioksidin-talteenotto\/#breadcrumb"},"inLanguage":"fi","potentialAction":[{"@type":"ReadAction","target":["https:\/\/www.gasmet.com\/fi\/sovellukset\/teollisuuden-paastomittaus\/hiilidioksidin-talteenotto\/"]}]},{"@type":"ImageObject","inLanguage":"fi","@id":"https:\/\/www.gasmet.com\/fi\/sovellukset\/teollisuuden-paastomittaus\/hiilidioksidin-talteenotto\/#primaryimage","url":"https:\/\/www.gasmet.com\/fi\/wp-content\/uploads\/sites\/9\/2024\/11\/CCS-hero.jpg","contentUrl":"https:\/\/www.gasmet.com\/fi\/wp-content\/uploads\/sites\/9\/2024\/11\/CCS-hero.jpg","width":2000,"height":500},{"@type":"BreadcrumbList","@id":"https:\/\/www.gasmet.com\/fi\/sovellukset\/teollisuuden-paastomittaus\/hiilidioksidin-talteenotto\/#breadcrumb","itemListElement":[{"@type":"ListItem","position":1,"name":"Home","item":"https:\/\/www.gasmet.com\/fi\/"},{"@type":"ListItem","position":2,"name":"Sovellukset","item":"https:\/\/www.gasmet.com\/fi\/sovellukset\/"},{"@type":"ListItem","position":3,"name":"Teollisuuden p\u00e4\u00e4st\u00f6mittaus","item":"https:\/\/www.gasmet.com\/fi\/sovellukset\/teollisuuden-paastomittaus\/"},{"@type":"ListItem","position":4,"name":"Hiilidioksidin talteenotto ja varastointi"}]},{"@type":"WebSite","@id":"https:\/\/www.gasmet.com\/fi\/#website","url":"https:\/\/www.gasmet.com\/fi\/","name":"Gasmet.fi","description":"Know what&#039;s in the air.","potentialAction":[{"@type":"SearchAction","target":{"@type":"EntryPoint","urlTemplate":"https:\/\/www.gasmet.com\/fi\/?s={search_term_string}"},"query-input":{"@type":"PropertyValueSpecification","valueRequired":true,"valueName":"search_term_string"}}],"inLanguage":"fi"}]}},"_links":{"self":[{"href":"https:\/\/www.gasmet.com\/fi\/wp-json\/wp\/v2\/pages\/14192","targetHints":{"allow":["GET"]}}],"collection":[{"href":"https:\/\/www.gasmet.com\/fi\/wp-json\/wp\/v2\/pages"}],"about":[{"href":"https:\/\/www.gasmet.com\/fi\/wp-json\/wp\/v2\/types\/page"}],"author":[{"embeddable":true,"href":"https:\/\/www.gasmet.com\/fi\/wp-json\/wp\/v2\/users\/6"}],"replies":[{"embeddable":true,"href":"https:\/\/www.gasmet.com\/fi\/wp-json\/wp\/v2\/comments?post=14192"}],"version-history":[{"count":8,"href":"https:\/\/www.gasmet.com\/fi\/wp-json\/wp\/v2\/pages\/14192\/revisions"}],"predecessor-version":[{"id":15653,"href":"https:\/\/www.gasmet.com\/fi\/wp-json\/wp\/v2\/pages\/14192\/revisions\/15653"}],"up":[{"embeddable":true,"href":"https:\/\/www.gasmet.com\/fi\/wp-json\/wp\/v2\/pages\/13675"}],"wp:featuredmedia":[{"embeddable":true,"href":"https:\/\/www.gasmet.com\/fi\/wp-json\/wp\/v2\/media\/15433"}],"wp:attachment":[{"href":"https:\/\/www.gasmet.com\/fi\/wp-json\/wp\/v2\/media?parent=14192"}],"wp:term":[{"taxonomy":"post_tag","embeddable":true,"href":"https:\/\/www.gasmet.com\/fi\/wp-json\/wp\/v2\/tags?post=14192"}],"curies":[{"name":"wp","href":"https:\/\/api.w.org\/{rel}","templated":true}]}}