{"id":13749,"date":"2021-06-28T12:00:08","date_gmt":"2021-06-28T12:00:08","guid":{"rendered":"https:\/\/www.gasmet.com\/fi\/?page_id=13749"},"modified":"2025-09-18T09:57:41","modified_gmt":"2025-09-18T09:57:41","slug":"anestesiakaasujen-analysointi","status":"publish","type":"page","link":"https:\/\/www.gasmet.com\/fi\/sovellukset\/turvallisuus\/anestesiakaasujen-analysointi\/","title":{"rendered":"Anestesiakaasujen analysointi"},"content":{"rendered":"<p><em>Anesteettisten kaasujen ker\u00e4ilyn ja kunnollisen ilmanvaihdon lis\u00e4ksi kaasujen monitoroinnilla on \u00e4\u00e4rimm\u00e4isen t\u00e4rke\u00e4 rooli, kun halutaan ehk\u00e4ist\u00e4 leikkaussalien, hammashoitoloiden ja el\u00e4inl\u00e4\u00e4k\u00e4riasemien ty\u00f6ntekij\u00f6iden kohtaamia haitallisia terveysvaikutuksia.<\/em><\/p>\n<h2><strong>Anesteettisille j\u00e4tekaasuille altistuminen ty\u00f6paikoilla<\/strong><\/h2>\n<p>Arvioiden mukaan pelk\u00e4st\u00e4\u00e4n Yhdysvalloissa yli 200\u00a0000 (1) terveydenhoitoalan ammattilaista on mahdollisesti altistunut anestesiasta syntyville vuotokaasuille, mik\u00e4 saattaa johtaa ty\u00f6per\u00e4isiin sairauksiin.<\/p>\n<h2><strong>Anestesiakaasuja ilmaantuu ty\u00f6ymp\u00e4rist\u00f6ihin useista eri l\u00e4hteist\u00e4:<\/strong><\/h2>\n<ul>\n<li>vuodot jossakin anestesialaitteen osassa, kuten venttiiliss\u00e4, vaurioituneessa kumi- tai muoviputkessa, letkussa tai ventilaattorin palkeessa<\/li>\n<li>huonosti istuvat hengityssuojaimet<\/li>\n<li>uloshengityksen kautta (her\u00e4\u00e4m\u00f6ss\u00e4).<\/li>\n<\/ul>\n<h2><strong>Yleisesti k\u00e4ytetyt anestesia-aineet voidaan jakaa kahteen kategoriaan<\/strong><\/h2>\n<ol>\n<li>Dityppioksidi (ilokaasu), joka otettiin k\u00e4ytt\u00f6\u00f6n vuonna 1844 ja on yh\u00e4 aktiivisessa k\u00e4yt\u00f6ss\u00e4.<\/li>\n<li>Halogenoidut aineet, jotka kehitettiin 1950-luvulla korvaamaan tuolloin k\u00e4ytetyt herk\u00e4sti syttyv\u00e4t ja r\u00e4j\u00e4ht\u00e4v\u00e4t aineet. Useimmat nykyisin k\u00e4ytetyist\u00e4 kaasuista kuuluvat t\u00e4h\u00e4n kategoriaan, esimerkiksi<\/li>\n<\/ol>\n<ul>\n<li>halotaani (Fluothane\u00ae)<\/li>\n<li>enfluraani (Ethrane\u00ae)<\/li>\n<li>isofluraani (Forane\u00ae)<\/li>\n<li>desfluraani (Suprane\u00ae)<\/li>\n<li>sevofluraani (Ultane\u00ae).<\/li>\n<\/ul>\n<p>Useissa tutkimuksissa on l\u00f6ydetty positiivinen yhteys anestesia-aineille altistumisen ja naisten lis\u00e4\u00e4ntymiskyvyn ongelmien, lasten kehitysh\u00e4iri\u00f6iden sek\u00e4 useiden muiden lyhyen ja pitk\u00e4n aikav\u00e4lin terveysongelmien v\u00e4lill\u00e4 (2). Liiallisilla anestesiakaasuilla voi my\u00f6s olla negatiivinen vaikutus henkil\u00f6kuntaan vaativien teht\u00e4vien, kuten l\u00e4\u00e4ketieteellisten toimenpiteiden, aikana.<\/p>\n<p>Anesteettisille kaasuille altistumisen aiheuttamien mahdollisten haittojen takia klinikoiden tulisikin kiinnitt\u00e4\u00e4 asiaan huomiota. Anesteettisten vuotokaasujen ker\u00e4ilyn ja tehokkaan ilmanvaihdon lis\u00e4ksi ilman analysointi on yksi t\u00e4rkeimmist\u00e4 ty\u00f6kaluista, jolla voidaan minimoida ty\u00f6ntekij\u00f6iden altistuminen anestesia-aineille.<\/p>\n<h2><strong>Ongelmalliset diffuusioker\u00e4imet \u2014 ep\u00e4varmuutta ja viikkojen odotus<\/strong><\/h2>\n<p>T\u00e4ll\u00e4 hetkell\u00e4 anestesiasta syntyvien kaasujen mittaaminen on monien sairaaloiden, hammashoitoloiden ja el\u00e4inl\u00e4\u00e4k\u00e4rien mielest\u00e4 ep\u00e4varmaa ja aikaa viev\u00e4\u00e4. Kannettavien anestesiakaasujen diffuusioker\u00e4inten kaltaiset ratkaisut ker\u00e4\u00e4v\u00e4t n\u00e4ytteit\u00e4, jotka l\u00e4hetet\u00e4\u00e4n laboratorioon tai erilliseen analysaattoriin tuloksia varten. Tavallinen odotusaika n\u00e4ytteenkeruusta tuloksiin voi olla yli kaksi viikkoa.<\/p>\n<p>Pitkien odotusaikojen takia on k\u00e4yt\u00e4nn\u00f6ss\u00e4 mahdotonta l\u00f6yt\u00e4\u00e4 l\u00e4hde, jonka kautta anestesian vuotokaasut ovat p\u00e4\u00e4tyneet ty\u00f6ymp\u00e4rist\u00f6\u00f6n. Pitkien palautektjujen aiheuttama heikko tilannetietoisuus anestesiakaasujen analysoinnissa vaikeuttaa my\u00f6s syy-yhteyksien l\u00f6yt\u00e4mist\u00e4 ja prosessien kehitt\u00e4mist\u00e4. Tilanteet, joissa anesteettiset kaasut vaikuttavat negatiivisesti terveydenhoitoalan ammattilaisiin vaativien toimenpiteiden aikana, voidaan korjata vain reaaliaikaisilla mittaustuloksilla.<\/p>\n<h2><strong>Nopeat ja kannettavat mittaukset<\/strong><\/h2>\n<p><a href=\"https:\/\/www.gasmet.com\/fi\/tuotteet\/category\/kannettavat-kaasuanalysaattorit\/\">Kannettavien ja reaaliaikaisen tuloksen antavien kaasuanalysaattoreiden<\/a> k\u00e4ytt\u00e4minen anesteettisten kaasujen mittaamisessa tuo mukanaan monenlaisia hy\u00f6tyj\u00e4. Mahdollisuus mitata kaikki yleisesti k\u00e4ytetyt anesteettiset kaasut samanaikaisesti v\u00e4hent\u00e4v\u00e4t riskej\u00e4 terveydenhoitolaitoksissa, joissa on useita leikkaussaleja. Kun n\u00e4ytteiden aikaa viev\u00e4 ker\u00e4\u00e4minen ja k\u00e4sittely j\u00e4\u00e4v\u00e4t pois, mittaukset voidaan suorittaa huomattavasti nopeammin. ilman laatua voidaan mitata kokonaisvaltaisemmin, koska on mahdollista ker\u00e4t\u00e4 ja analysoida useampia kaasuja yht\u00e4aikaisesti. Erillisen n\u00e4ytteenoton poisj\u00e4\u00e4minen s\u00e4\u00e4st\u00e4\u00e4 my\u00f6s kuluja, koska n\u00e4ytteenottoprosessiin ei tarvita kulutustarvikkeita. Gasmet <a href=\"https:\/\/www.gasmet.com\/fi\/tuotteet\/category\/kannettavat-kaasuanalysaattorit\/gt5000-terra\/\">GT5000 Terra -kaasuanalysaattori<\/a> on ihanteellinen ratkaisu, koska sen avulla ilmanlaatu voidaan analysoida paikan p\u00e4\u00e4ll\u00e4 heikent\u00e4m\u00e4tt\u00e4 analysoinnin laatua.<\/p>\n","protected":false},"excerpt":{"rendered":"<p>Anesteettisten kaasujen ker\u00e4ilyn ja kunnollisen ilmanvaihdon lis\u00e4ksi kaasujen monitoroinnilla on \u00e4\u00e4rimm\u00e4isen t\u00e4rke\u00e4 rooli, kun halutaan ehk\u00e4ist\u00e4 leikkaussalien, hammashoitoloiden ja el\u00e4inl\u00e4\u00e4k\u00e4riasemien ty\u00f6ntekij\u00f6iden kohtaamia haitallisia terveysvaikutuksia. Anesteettisille j\u00e4tekaasuille altistuminen ty\u00f6paikoilla Arvioiden mukaan pelk\u00e4st\u00e4\u00e4n Yhdysvalloissa yli 200\u00a0000 (1) terveydenhoitoalan ammattilaista on mahdollisesti altistunut anestesiasta syntyville vuotokaasuille, mik\u00e4 saattaa johtaa ty\u00f6per\u00e4isiin sairauksiin. Anestesiakaasuja ilmaantuu ty\u00f6ymp\u00e4rist\u00f6ihin useista eri l\u00e4hteist\u00e4: vuodot [&hellip;]<\/p>\n","protected":false},"author":101,"featured_media":15444,"parent":11767,"menu_order":23,"comment_status":"closed","ping_status":"closed","template":"","meta":{"_acf_changed":false,"inline_featured_image":false,"footnotes":""},"tags":[435],"class_list":["post-13749","page","type-page","status-publish","has-post-thumbnail","hentry","tag-turvallisuus"],"acf":[],"yoast_head":"<!-- This site is optimized with the Yoast SEO plugin v27.4 - https:\/\/yoast.com\/product\/yoast-seo-wordpress\/ -->\n<title>Anestesiakaasujen analysointi - Gasmet.fi<\/title>\n<meta name=\"robots\" content=\"index, follow, max-snippet:-1, max-image-preview:large, max-video-preview:-1\" \/>\n<link rel=\"canonical\" href=\"https:\/\/www.gasmet.com\/fi\/sovellukset\/turvallisuus\/anestesiakaasujen-analysointi\/\" \/>\n<meta property=\"og:locale\" content=\"fi_FI\" \/>\n<meta property=\"og:type\" content=\"article\" \/>\n<meta property=\"og:title\" content=\"Anestesiakaasujen analysointi - Gasmet.fi\" \/>\n<meta property=\"og:description\" content=\"Anesteettisten kaasujen ker\u00e4ilyn ja kunnollisen ilmanvaihdon lis\u00e4ksi kaasujen monitoroinnilla on \u00e4\u00e4rimm\u00e4isen t\u00e4rke\u00e4 rooli, kun halutaan ehk\u00e4ist\u00e4 leikkaussalien, hammashoitoloiden ja el\u00e4inl\u00e4\u00e4k\u00e4riasemien ty\u00f6ntekij\u00f6iden kohtaamia haitallisia terveysvaikutuksia. Anesteettisille j\u00e4tekaasuille altistuminen ty\u00f6paikoilla Arvioiden mukaan pelk\u00e4st\u00e4\u00e4n Yhdysvalloissa yli 200\u00a0000 (1) terveydenhoitoalan ammattilaista on mahdollisesti altistunut anestesiasta syntyville vuotokaasuille, mik\u00e4 saattaa johtaa ty\u00f6per\u00e4isiin sairauksiin. Anestesiakaasuja ilmaantuu ty\u00f6ymp\u00e4rist\u00f6ihin useista eri l\u00e4hteist\u00e4: vuodot [&hellip;]\" \/>\n<meta property=\"og:url\" content=\"https:\/\/www.gasmet.com\/fi\/sovellukset\/turvallisuus\/anestesiakaasujen-analysointi\/\" \/>\n<meta property=\"og:site_name\" content=\"Gasmet.fi\" \/>\n<meta property=\"article:modified_time\" content=\"2025-09-18T09:57:41+00:00\" \/>\n<meta property=\"og:image\" content=\"https:\/\/www.gasmet.com\/fi\/wp-content\/uploads\/sites\/9\/2024\/11\/WAGS_hero2.jpg\" \/>\n\t<meta property=\"og:image:width\" content=\"2000\" \/>\n\t<meta property=\"og:image:height\" content=\"501\" \/>\n\t<meta property=\"og:image:type\" content=\"image\/jpeg\" \/>\n<meta name=\"twitter:card\" content=\"summary_large_image\" \/>\n<meta name=\"twitter:label1\" content=\"Arvioitu lukuaika\" \/>\n\t<meta name=\"twitter:data1\" content=\"3 minuuttia\" \/>\n<script type=\"application\/ld+json\" class=\"yoast-schema-graph\">{\"@context\":\"https:\\\/\\\/schema.org\",\"@graph\":[{\"@type\":\"WebPage\",\"@id\":\"https:\\\/\\\/www.gasmet.com\\\/fi\\\/sovellukset\\\/turvallisuus\\\/anestesiakaasujen-analysointi\\\/\",\"url\":\"https:\\\/\\\/www.gasmet.com\\\/fi\\\/sovellukset\\\/turvallisuus\\\/anestesiakaasujen-analysointi\\\/\",\"name\":\"Anestesiakaasujen analysointi - Gasmet.fi\",\"isPartOf\":{\"@id\":\"https:\\\/\\\/www.gasmet.com\\\/fi\\\/#website\"},\"primaryImageOfPage\":{\"@id\":\"https:\\\/\\\/www.gasmet.com\\\/fi\\\/sovellukset\\\/turvallisuus\\\/anestesiakaasujen-analysointi\\\/#primaryimage\"},\"image\":{\"@id\":\"https:\\\/\\\/www.gasmet.com\\\/fi\\\/sovellukset\\\/turvallisuus\\\/anestesiakaasujen-analysointi\\\/#primaryimage\"},\"thumbnailUrl\":\"https:\\\/\\\/www.gasmet.com\\\/fi\\\/wp-content\\\/uploads\\\/sites\\\/9\\\/2024\\\/11\\\/WAGS_hero2.jpg\",\"datePublished\":\"2021-06-28T12:00:08+00:00\",\"dateModified\":\"2025-09-18T09:57:41+00:00\",\"breadcrumb\":{\"@id\":\"https:\\\/\\\/www.gasmet.com\\\/fi\\\/sovellukset\\\/turvallisuus\\\/anestesiakaasujen-analysointi\\\/#breadcrumb\"},\"inLanguage\":\"fi\",\"potentialAction\":[{\"@type\":\"ReadAction\",\"target\":[\"https:\\\/\\\/www.gasmet.com\\\/fi\\\/sovellukset\\\/turvallisuus\\\/anestesiakaasujen-analysointi\\\/\"]}]},{\"@type\":\"ImageObject\",\"inLanguage\":\"fi\",\"@id\":\"https:\\\/\\\/www.gasmet.com\\\/fi\\\/sovellukset\\\/turvallisuus\\\/anestesiakaasujen-analysointi\\\/#primaryimage\",\"url\":\"https:\\\/\\\/www.gasmet.com\\\/fi\\\/wp-content\\\/uploads\\\/sites\\\/9\\\/2024\\\/11\\\/WAGS_hero2.jpg\",\"contentUrl\":\"https:\\\/\\\/www.gasmet.com\\\/fi\\\/wp-content\\\/uploads\\\/sites\\\/9\\\/2024\\\/11\\\/WAGS_hero2.jpg\",\"width\":2000,\"height\":501},{\"@type\":\"BreadcrumbList\",\"@id\":\"https:\\\/\\\/www.gasmet.com\\\/fi\\\/sovellukset\\\/turvallisuus\\\/anestesiakaasujen-analysointi\\\/#breadcrumb\",\"itemListElement\":[{\"@type\":\"ListItem\",\"position\":1,\"name\":\"Home\",\"item\":\"https:\\\/\\\/www.gasmet.com\\\/fi\\\/\"},{\"@type\":\"ListItem\",\"position\":2,\"name\":\"Sovellukset\",\"item\":\"https:\\\/\\\/www.gasmet.com\\\/fi\\\/sovellukset\\\/\"},{\"@type\":\"ListItem\",\"position\":3,\"name\":\"Turvallisuus\",\"item\":\"https:\\\/\\\/www.gasmet.com\\\/fi\\\/sovellukset\\\/turvallisuus\\\/\"},{\"@type\":\"ListItem\",\"position\":4,\"name\":\"Anestesiakaasujen analysointi\"}]},{\"@type\":\"WebSite\",\"@id\":\"https:\\\/\\\/www.gasmet.com\\\/fi\\\/#website\",\"url\":\"https:\\\/\\\/www.gasmet.com\\\/fi\\\/\",\"name\":\"Gasmet.fi\",\"description\":\"Know what&#039;s in the air.\",\"potentialAction\":[{\"@type\":\"SearchAction\",\"target\":{\"@type\":\"EntryPoint\",\"urlTemplate\":\"https:\\\/\\\/www.gasmet.com\\\/fi\\\/?s={search_term_string}\"},\"query-input\":{\"@type\":\"PropertyValueSpecification\",\"valueRequired\":true,\"valueName\":\"search_term_string\"}}],\"inLanguage\":\"fi\"}]}<\/script>\n<!-- \/ Yoast SEO plugin. -->","yoast_head_json":{"title":"Anestesiakaasujen analysointi - Gasmet.fi","robots":{"index":"index","follow":"follow","max-snippet":"max-snippet:-1","max-image-preview":"max-image-preview:large","max-video-preview":"max-video-preview:-1"},"canonical":"https:\/\/www.gasmet.com\/fi\/sovellukset\/turvallisuus\/anestesiakaasujen-analysointi\/","og_locale":"fi_FI","og_type":"article","og_title":"Anestesiakaasujen analysointi - Gasmet.fi","og_description":"Anesteettisten kaasujen ker\u00e4ilyn ja kunnollisen ilmanvaihdon lis\u00e4ksi kaasujen monitoroinnilla on \u00e4\u00e4rimm\u00e4isen t\u00e4rke\u00e4 rooli, kun halutaan ehk\u00e4ist\u00e4 leikkaussalien, hammashoitoloiden ja el\u00e4inl\u00e4\u00e4k\u00e4riasemien ty\u00f6ntekij\u00f6iden kohtaamia haitallisia terveysvaikutuksia. Anesteettisille j\u00e4tekaasuille altistuminen ty\u00f6paikoilla Arvioiden mukaan pelk\u00e4st\u00e4\u00e4n Yhdysvalloissa yli 200\u00a0000 (1) terveydenhoitoalan ammattilaista on mahdollisesti altistunut anestesiasta syntyville vuotokaasuille, mik\u00e4 saattaa johtaa ty\u00f6per\u00e4isiin sairauksiin. Anestesiakaasuja ilmaantuu ty\u00f6ymp\u00e4rist\u00f6ihin useista eri l\u00e4hteist\u00e4: vuodot [&hellip;]","og_url":"https:\/\/www.gasmet.com\/fi\/sovellukset\/turvallisuus\/anestesiakaasujen-analysointi\/","og_site_name":"Gasmet.fi","article_modified_time":"2025-09-18T09:57:41+00:00","og_image":[{"width":2000,"height":501,"url":"https:\/\/www.gasmet.com\/fi\/wp-content\/uploads\/sites\/9\/2024\/11\/WAGS_hero2.jpg","type":"image\/jpeg"}],"twitter_card":"summary_large_image","twitter_misc":{"Arvioitu lukuaika":"3 minuuttia"},"schema":{"@context":"https:\/\/schema.org","@graph":[{"@type":"WebPage","@id":"https:\/\/www.gasmet.com\/fi\/sovellukset\/turvallisuus\/anestesiakaasujen-analysointi\/","url":"https:\/\/www.gasmet.com\/fi\/sovellukset\/turvallisuus\/anestesiakaasujen-analysointi\/","name":"Anestesiakaasujen analysointi - Gasmet.fi","isPartOf":{"@id":"https:\/\/www.gasmet.com\/fi\/#website"},"primaryImageOfPage":{"@id":"https:\/\/www.gasmet.com\/fi\/sovellukset\/turvallisuus\/anestesiakaasujen-analysointi\/#primaryimage"},"image":{"@id":"https:\/\/www.gasmet.com\/fi\/sovellukset\/turvallisuus\/anestesiakaasujen-analysointi\/#primaryimage"},"thumbnailUrl":"https:\/\/www.gasmet.com\/fi\/wp-content\/uploads\/sites\/9\/2024\/11\/WAGS_hero2.jpg","datePublished":"2021-06-28T12:00:08+00:00","dateModified":"2025-09-18T09:57:41+00:00","breadcrumb":{"@id":"https:\/\/www.gasmet.com\/fi\/sovellukset\/turvallisuus\/anestesiakaasujen-analysointi\/#breadcrumb"},"inLanguage":"fi","potentialAction":[{"@type":"ReadAction","target":["https:\/\/www.gasmet.com\/fi\/sovellukset\/turvallisuus\/anestesiakaasujen-analysointi\/"]}]},{"@type":"ImageObject","inLanguage":"fi","@id":"https:\/\/www.gasmet.com\/fi\/sovellukset\/turvallisuus\/anestesiakaasujen-analysointi\/#primaryimage","url":"https:\/\/www.gasmet.com\/fi\/wp-content\/uploads\/sites\/9\/2024\/11\/WAGS_hero2.jpg","contentUrl":"https:\/\/www.gasmet.com\/fi\/wp-content\/uploads\/sites\/9\/2024\/11\/WAGS_hero2.jpg","width":2000,"height":501},{"@type":"BreadcrumbList","@id":"https:\/\/www.gasmet.com\/fi\/sovellukset\/turvallisuus\/anestesiakaasujen-analysointi\/#breadcrumb","itemListElement":[{"@type":"ListItem","position":1,"name":"Home","item":"https:\/\/www.gasmet.com\/fi\/"},{"@type":"ListItem","position":2,"name":"Sovellukset","item":"https:\/\/www.gasmet.com\/fi\/sovellukset\/"},{"@type":"ListItem","position":3,"name":"Turvallisuus","item":"https:\/\/www.gasmet.com\/fi\/sovellukset\/turvallisuus\/"},{"@type":"ListItem","position":4,"name":"Anestesiakaasujen analysointi"}]},{"@type":"WebSite","@id":"https:\/\/www.gasmet.com\/fi\/#website","url":"https:\/\/www.gasmet.com\/fi\/","name":"Gasmet.fi","description":"Know what&#039;s in the air.","potentialAction":[{"@type":"SearchAction","target":{"@type":"EntryPoint","urlTemplate":"https:\/\/www.gasmet.com\/fi\/?s={search_term_string}"},"query-input":{"@type":"PropertyValueSpecification","valueRequired":true,"valueName":"search_term_string"}}],"inLanguage":"fi"}]}},"_links":{"self":[{"href":"https:\/\/www.gasmet.com\/fi\/wp-json\/wp\/v2\/pages\/13749","targetHints":{"allow":["GET"]}}],"collection":[{"href":"https:\/\/www.gasmet.com\/fi\/wp-json\/wp\/v2\/pages"}],"about":[{"href":"https:\/\/www.gasmet.com\/fi\/wp-json\/wp\/v2\/types\/page"}],"author":[{"embeddable":true,"href":"https:\/\/www.gasmet.com\/fi\/wp-json\/wp\/v2\/users\/101"}],"replies":[{"embeddable":true,"href":"https:\/\/www.gasmet.com\/fi\/wp-json\/wp\/v2\/comments?post=13749"}],"version-history":[{"count":4,"href":"https:\/\/www.gasmet.com\/fi\/wp-json\/wp\/v2\/pages\/13749\/revisions"}],"predecessor-version":[{"id":15655,"href":"https:\/\/www.gasmet.com\/fi\/wp-json\/wp\/v2\/pages\/13749\/revisions\/15655"}],"up":[{"embeddable":true,"href":"https:\/\/www.gasmet.com\/fi\/wp-json\/wp\/v2\/pages\/11767"}],"wp:featuredmedia":[{"embeddable":true,"href":"https:\/\/www.gasmet.com\/fi\/wp-json\/wp\/v2\/media\/15444"}],"wp:attachment":[{"href":"https:\/\/www.gasmet.com\/fi\/wp-json\/wp\/v2\/media?parent=13749"}],"wp:term":[{"taxonomy":"post_tag","embeddable":true,"href":"https:\/\/www.gasmet.com\/fi\/wp-json\/wp\/v2\/tags?post=13749"}],"curies":[{"name":"wp","href":"https:\/\/api.w.org\/{rel}","templated":true}]}}