{"id":13675,"date":"2021-04-26T10:10:01","date_gmt":"2021-04-26T10:10:01","guid":{"rendered":"https:\/\/www.gasmet.com\/fi\/?page_id=13675"},"modified":"2025-05-27T07:31:14","modified_gmt":"2025-05-27T07:31:14","slug":"teollisuuden-paastomittaus","status":"publish","type":"page","link":"https:\/\/www.gasmet.com\/fi\/sovellukset\/teollisuuden-paastomittaus\/","title":{"rendered":"Teollisuuden p\u00e4\u00e4st\u00f6mittaus"},"content":{"rendered":"","protected":false},"excerpt":{"rendered":"","protected":false},"author":101,"featured_media":15378,"parent":11773,"menu_order":15,"comment_status":"closed","ping_status":"closed","template":"pillar_page.php","meta":{"_acf_changed":false,"inline_featured_image":false,"footnotes":""},"tags":[433],"class_list":["post-13675","page","type-page","status-publish","has-post-thumbnail","hentry","tag-paastot"],"acf":[],"yoast_head":"<!-- This site is optimized with the Yoast SEO plugin v27.2 - https:\/\/yoast.com\/product\/yoast-seo-wordpress\/ -->\n<title>Teollisuuden p\u00e4\u00e4st\u00f6mittaus - Gasmet.fi<\/title>\n<meta name=\"description\" content=\"Gasmet tuottaa huippuluokan jatkuvatoimisia p\u00e4\u00e4st\u00f6mittausj\u00e4rjestelmi\u00e4 teollisuuslaitosten tarpeisiin.\" \/>\n<meta name=\"robots\" content=\"index, follow, max-snippet:-1, max-image-preview:large, max-video-preview:-1\" \/>\n<link rel=\"canonical\" href=\"https:\/\/www.gasmet.com\/fi\/sovellukset\/teollisuuden-paastomittaus\/\" \/>\n<meta property=\"og:locale\" content=\"fi_FI\" \/>\n<meta property=\"og:type\" content=\"article\" \/>\n<meta property=\"og:title\" content=\"Teollisuuden p\u00e4\u00e4st\u00f6mittaus - Gasmet.fi\" \/>\n<meta property=\"og:description\" content=\"Gasmet tuottaa huippuluokan jatkuvatoimisia p\u00e4\u00e4st\u00f6mittausj\u00e4rjestelmi\u00e4 teollisuuslaitosten tarpeisiin.\" \/>\n<meta property=\"og:url\" content=\"https:\/\/www.gasmet.com\/fi\/sovellukset\/teollisuuden-paastomittaus\/\" \/>\n<meta property=\"og:site_name\" content=\"Gasmet.fi\" \/>\n<meta property=\"article:modified_time\" content=\"2025-05-27T07:31:14+00:00\" \/>\n<meta property=\"og:image\" content=\"https:\/\/www.gasmet.com\/fi\/wp-content\/uploads\/sites\/9\/2024\/07\/Emission-monitoring-banner.jpg\" \/>\n\t<meta property=\"og:image:width\" content=\"2000\" \/>\n\t<meta property=\"og:image:height\" content=\"500\" \/>\n\t<meta property=\"og:image:type\" content=\"image\/jpeg\" \/>\n<meta name=\"twitter:card\" content=\"summary_large_image\" \/>\n<meta name=\"twitter:label1\" content=\"Arvioitu lukuaika\" \/>\n\t<meta name=\"twitter:data1\" content=\"1 minuutti\" \/>\n<script type=\"application\/ld+json\" class=\"yoast-schema-graph\">{\"@context\":\"https:\/\/schema.org\",\"@graph\":[{\"@type\":\"WebPage\",\"@id\":\"https:\/\/www.gasmet.com\/fi\/sovellukset\/teollisuuden-paastomittaus\/\",\"url\":\"https:\/\/www.gasmet.com\/fi\/sovellukset\/teollisuuden-paastomittaus\/\",\"name\":\"Teollisuuden p\u00e4\u00e4st\u00f6mittaus - Gasmet.fi\",\"isPartOf\":{\"@id\":\"https:\/\/www.gasmet.com\/fi\/#website\"},\"primaryImageOfPage\":{\"@id\":\"https:\/\/www.gasmet.com\/fi\/sovellukset\/teollisuuden-paastomittaus\/#primaryimage\"},\"image\":{\"@id\":\"https:\/\/www.gasmet.com\/fi\/sovellukset\/teollisuuden-paastomittaus\/#primaryimage\"},\"thumbnailUrl\":\"https:\/\/www.gasmet.com\/fi\/wp-content\/uploads\/sites\/9\/2024\/07\/Emission-monitoring-banner.jpg\",\"datePublished\":\"2021-04-26T10:10:01+00:00\",\"dateModified\":\"2025-05-27T07:31:14+00:00\",\"description\":\"Gasmet tuottaa huippuluokan jatkuvatoimisia p\u00e4\u00e4st\u00f6mittausj\u00e4rjestelmi\u00e4 teollisuuslaitosten tarpeisiin.\",\"breadcrumb\":{\"@id\":\"https:\/\/www.gasmet.com\/fi\/sovellukset\/teollisuuden-paastomittaus\/#breadcrumb\"},\"inLanguage\":\"fi\",\"potentialAction\":[{\"@type\":\"ReadAction\",\"target\":[\"https:\/\/www.gasmet.com\/fi\/sovellukset\/teollisuuden-paastomittaus\/\"]}]},{\"@type\":\"ImageObject\",\"inLanguage\":\"fi\",\"@id\":\"https:\/\/www.gasmet.com\/fi\/sovellukset\/teollisuuden-paastomittaus\/#primaryimage\",\"url\":\"https:\/\/www.gasmet.com\/fi\/wp-content\/uploads\/sites\/9\/2024\/07\/Emission-monitoring-banner.jpg\",\"contentUrl\":\"https:\/\/www.gasmet.com\/fi\/wp-content\/uploads\/sites\/9\/2024\/07\/Emission-monitoring-banner.jpg\",\"width\":2000,\"height\":500},{\"@type\":\"BreadcrumbList\",\"@id\":\"https:\/\/www.gasmet.com\/fi\/sovellukset\/teollisuuden-paastomittaus\/#breadcrumb\",\"itemListElement\":[{\"@type\":\"ListItem\",\"position\":1,\"name\":\"Home\",\"item\":\"https:\/\/www.gasmet.com\/fi\/\"},{\"@type\":\"ListItem\",\"position\":2,\"name\":\"Sovellukset\",\"item\":\"https:\/\/www.gasmet.com\/fi\/sovellukset\/\"},{\"@type\":\"ListItem\",\"position\":3,\"name\":\"Teollisuuden p\u00e4\u00e4st\u00f6mittaus\"}]},{\"@type\":\"WebSite\",\"@id\":\"https:\/\/www.gasmet.com\/fi\/#website\",\"url\":\"https:\/\/www.gasmet.com\/fi\/\",\"name\":\"Gasmet.fi\",\"description\":\"Know what&#039;s in the air.\",\"potentialAction\":[{\"@type\":\"SearchAction\",\"target\":{\"@type\":\"EntryPoint\",\"urlTemplate\":\"https:\/\/www.gasmet.com\/fi\/?s={search_term_string}\"},\"query-input\":{\"@type\":\"PropertyValueSpecification\",\"valueRequired\":true,\"valueName\":\"search_term_string\"}}],\"inLanguage\":\"fi\"}]}<\/script>\n<!-- \/ Yoast SEO plugin. -->","yoast_head_json":{"title":"Teollisuuden p\u00e4\u00e4st\u00f6mittaus - Gasmet.fi","description":"Gasmet tuottaa huippuluokan jatkuvatoimisia p\u00e4\u00e4st\u00f6mittausj\u00e4rjestelmi\u00e4 teollisuuslaitosten tarpeisiin.","robots":{"index":"index","follow":"follow","max-snippet":"max-snippet:-1","max-image-preview":"max-image-preview:large","max-video-preview":"max-video-preview:-1"},"canonical":"https:\/\/www.gasmet.com\/fi\/sovellukset\/teollisuuden-paastomittaus\/","og_locale":"fi_FI","og_type":"article","og_title":"Teollisuuden p\u00e4\u00e4st\u00f6mittaus - Gasmet.fi","og_description":"Gasmet tuottaa huippuluokan jatkuvatoimisia p\u00e4\u00e4st\u00f6mittausj\u00e4rjestelmi\u00e4 teollisuuslaitosten tarpeisiin.","og_url":"https:\/\/www.gasmet.com\/fi\/sovellukset\/teollisuuden-paastomittaus\/","og_site_name":"Gasmet.fi","article_modified_time":"2025-05-27T07:31:14+00:00","og_image":[{"width":2000,"height":500,"url":"https:\/\/www.gasmet.com\/fi\/wp-content\/uploads\/sites\/9\/2024\/07\/Emission-monitoring-banner.jpg","type":"image\/jpeg"}],"twitter_card":"summary_large_image","twitter_misc":{"Arvioitu lukuaika":"1 minuutti"},"schema":{"@context":"https:\/\/schema.org","@graph":[{"@type":"WebPage","@id":"https:\/\/www.gasmet.com\/fi\/sovellukset\/teollisuuden-paastomittaus\/","url":"https:\/\/www.gasmet.com\/fi\/sovellukset\/teollisuuden-paastomittaus\/","name":"Teollisuuden p\u00e4\u00e4st\u00f6mittaus - Gasmet.fi","isPartOf":{"@id":"https:\/\/www.gasmet.com\/fi\/#website"},"primaryImageOfPage":{"@id":"https:\/\/www.gasmet.com\/fi\/sovellukset\/teollisuuden-paastomittaus\/#primaryimage"},"image":{"@id":"https:\/\/www.gasmet.com\/fi\/sovellukset\/teollisuuden-paastomittaus\/#primaryimage"},"thumbnailUrl":"https:\/\/www.gasmet.com\/fi\/wp-content\/uploads\/sites\/9\/2024\/07\/Emission-monitoring-banner.jpg","datePublished":"2021-04-26T10:10:01+00:00","dateModified":"2025-05-27T07:31:14+00:00","description":"Gasmet tuottaa huippuluokan jatkuvatoimisia p\u00e4\u00e4st\u00f6mittausj\u00e4rjestelmi\u00e4 teollisuuslaitosten tarpeisiin.","breadcrumb":{"@id":"https:\/\/www.gasmet.com\/fi\/sovellukset\/teollisuuden-paastomittaus\/#breadcrumb"},"inLanguage":"fi","potentialAction":[{"@type":"ReadAction","target":["https:\/\/www.gasmet.com\/fi\/sovellukset\/teollisuuden-paastomittaus\/"]}]},{"@type":"ImageObject","inLanguage":"fi","@id":"https:\/\/www.gasmet.com\/fi\/sovellukset\/teollisuuden-paastomittaus\/#primaryimage","url":"https:\/\/www.gasmet.com\/fi\/wp-content\/uploads\/sites\/9\/2024\/07\/Emission-monitoring-banner.jpg","contentUrl":"https:\/\/www.gasmet.com\/fi\/wp-content\/uploads\/sites\/9\/2024\/07\/Emission-monitoring-banner.jpg","width":2000,"height":500},{"@type":"BreadcrumbList","@id":"https:\/\/www.gasmet.com\/fi\/sovellukset\/teollisuuden-paastomittaus\/#breadcrumb","itemListElement":[{"@type":"ListItem","position":1,"name":"Home","item":"https:\/\/www.gasmet.com\/fi\/"},{"@type":"ListItem","position":2,"name":"Sovellukset","item":"https:\/\/www.gasmet.com\/fi\/sovellukset\/"},{"@type":"ListItem","position":3,"name":"Teollisuuden p\u00e4\u00e4st\u00f6mittaus"}]},{"@type":"WebSite","@id":"https:\/\/www.gasmet.com\/fi\/#website","url":"https:\/\/www.gasmet.com\/fi\/","name":"Gasmet.fi","description":"Know what&#039;s in the air.","potentialAction":[{"@type":"SearchAction","target":{"@type":"EntryPoint","urlTemplate":"https:\/\/www.gasmet.com\/fi\/?s={search_term_string}"},"query-input":{"@type":"PropertyValueSpecification","valueRequired":true,"valueName":"search_term_string"}}],"inLanguage":"fi"}]}},"_links":{"self":[{"href":"https:\/\/www.gasmet.com\/fi\/wp-json\/wp\/v2\/pages\/13675","targetHints":{"allow":["GET"]}}],"collection":[{"href":"https:\/\/www.gasmet.com\/fi\/wp-json\/wp\/v2\/pages"}],"about":[{"href":"https:\/\/www.gasmet.com\/fi\/wp-json\/wp\/v2\/types\/page"}],"author":[{"embeddable":true,"href":"https:\/\/www.gasmet.com\/fi\/wp-json\/wp\/v2\/users\/101"}],"replies":[{"embeddable":true,"href":"https:\/\/www.gasmet.com\/fi\/wp-json\/wp\/v2\/comments?post=13675"}],"version-history":[{"count":22,"href":"https:\/\/www.gasmet.com\/fi\/wp-json\/wp\/v2\/pages\/13675\/revisions"}],"predecessor-version":[{"id":15601,"href":"https:\/\/www.gasmet.com\/fi\/wp-json\/wp\/v2\/pages\/13675\/revisions\/15601"}],"up":[{"embeddable":true,"href":"https:\/\/www.gasmet.com\/fi\/wp-json\/wp\/v2\/pages\/11773"}],"wp:featuredmedia":[{"embeddable":true,"href":"https:\/\/www.gasmet.com\/fi\/wp-json\/wp\/v2\/media\/15378"}],"wp:attachment":[{"href":"https:\/\/www.gasmet.com\/fi\/wp-json\/wp\/v2\/media?parent=13675"}],"wp:term":[{"taxonomy":"post_tag","embeddable":true,"href":"https:\/\/www.gasmet.com\/fi\/wp-json\/wp\/v2\/tags?post=13675"}],"curies":[{"name":"wp","href":"https:\/\/api.w.org\/{rel}","templated":true}]}}