{"id":12721,"date":"2018-03-22T08:56:42","date_gmt":"2020-08-31T09:17:58","guid":{"rendered":"https:\/\/www.gasmet.com\/fi\/?page_id=12721"},"modified":"2026-03-19T07:52:29","modified_gmt":"2026-03-19T07:52:29","slug":"yritysvastuu","status":"publish","type":"page","link":"https:\/\/www.gasmet.com\/fi\/yritys\/yritysvastuu\/","title":{"rendered":"Vastuullisuus"},"content":{"rendered":"<p><em>Vastuullinen, kest\u00e4v\u00e4 ja inhimillinen toiminta on t\u00e4rke\u00e4mp\u00e4\u00e4 kuin koskaan. Haluamme kantaa oman vastuumme siit\u00e4, ett\u00e4 ilma pysyy puhtaana meille kaikille \u2013 nyt ja tulevaisuudessa. Huipputeknologiayrityksen\u00e4 tunnemme teknologian voiman ja uskomme, ett\u00e4 ratkaisumme voivat auttaa muuttamaan ilmaston l\u00e4mpenemisen suuntaa. Tunnistamme my\u00f6s yhteiskuntavastuumme kaikessa toiminnassamme: huolehdimme ihmisist\u00e4 l\u00e4hell\u00e4 ja kaukana sek\u00e4 teemme ty\u00f6t\u00e4 arvokkaiden luonnonvarojen s\u00e4ilytt\u00e4miseksi.<\/em><\/p>\n<h2>Visio<\/h2>\n<p>Vastuullisuusvisiomme on luoda maailma, jossa teollinen ilmansaastuminen ei en\u00e4\u00e4 uhkaa ihmisten terveytt\u00e4 eik\u00e4 planeettaamme. Pyrimme t\u00e4h\u00e4n kehitt\u00e4m\u00e4ll\u00e4 entist\u00e4 kest\u00e4v\u00e4mpi\u00e4 ja innovatiivisempia ratkaisuja, jotka v\u00e4hent\u00e4v\u00e4t p\u00e4\u00e4st\u00f6j\u00e4, edist\u00e4v\u00e4t energian ja resurssien tehokasta k\u00e4ytt\u00f6\u00e4 sek\u00e4 tukevat oikeudenmukaisuutta ja yhdenvertaisuutta.<\/p>\n<p><a href=\"https:\/\/www.nedermangroup.com\/en\/sustainability\">Sustainability | Nederman (nedermangroup.com)<\/a><\/p>\n<h2>Strategia<\/h2>\n<p>YK on m\u00e4\u00e4ritellyt 17 kest\u00e4v\u00e4n kehityksen tavoitetta (SDG:t), joiden tarkoituksena on varmistaa kest\u00e4v\u00e4 tulevaisuus, poistaa k\u00f6yhyys ja n\u00e4lk\u00e4 sek\u00e4 edist\u00e4\u00e4 rauhaa ja sosiaalista oikeudenmukaisuutta kaikkialla maailmassa. Yrityksill\u00e4 on merkitt\u00e4v\u00e4 vaikutus siihen, miten ihmisi\u00e4 ja ymp\u00e4rist\u00f6\u00e4 kohdellaan sek\u00e4 miten vauraus jakautuu yhteiskunnassa. Siksi yrityksill\u00e4 on keskeinen rooli kest\u00e4v\u00e4n kehityksen tavoitteiden saavuttamisessa.<\/p>\n<p>Vuonna 2023 tarkastelimme, mihin kest\u00e4v\u00e4n kehityksen tavoitteisiin liiketoimintamme voi parhaiten vaikuttaa. P\u00e4\u00e4timme keskitty\u00e4 erityisesti seuraaviin kolmeen tavoitteeseen:<\/p>\n<ul>\n<li>Ryhty\u00e4 kiireellisiin toimiin ilmastonmuutoksen ja sen vaikutusten torjumiseksi.<\/li>\n<li>Edist\u00e4\u00e4 kest\u00e4v\u00e4\u00e4 talouskasvua, t\u00e4ytt\u00e4 ja tuottavaa ty\u00f6llisyytt\u00e4 sek\u00e4 ihmisarvoista ty\u00f6t\u00e4 kaikille.<\/li>\n<li>Varmistaa kest\u00e4v\u00e4t kulutus- ja tuotantotavat.<\/li>\n<\/ul>\n<p>&nbsp;<\/p>\n<h3><img loading=\"lazy\" decoding=\"async\" class=\"alignnone size-full wp-image-80967\" src=\"https:\/\/www.gasmet.com\/wp-content\/uploads\/2024\/05\/Gasmet_sustainability_strategy24-1.png\" alt=\"\" width=\"800\" height=\"550\" \/><\/h3>\n<p>&nbsp;<\/p>\n<h2>Gasmetin vastuullisuuden tiekartan p\u00e4\u00e4vaiheet vuosille 2023\u20132030<\/h2>\n<p>&nbsp;<\/p>\n<p><img loading=\"lazy\" decoding=\"async\" class=\"alignnone size-full wp-image-80427\" src=\"https:\/\/www.gasmet.com\/wp-content\/uploads\/2023\/11\/Gasmet_sustainability_roadmap_new.png\" alt=\"\" width=\"800\" height=\"440\" \/><\/p>\n","protected":false},"excerpt":{"rendered":"<p>Vastuullinen, kest\u00e4v\u00e4 ja inhimillinen toiminta on t\u00e4rke\u00e4mp\u00e4\u00e4 kuin koskaan. Haluamme kantaa oman vastuumme siit\u00e4, ett\u00e4 ilma pysyy puhtaana meille kaikille \u2013 nyt ja tulevaisuudessa. Huipputeknologiayrityksen\u00e4 tunnemme teknologian voiman ja uskomme, ett\u00e4 ratkaisumme voivat auttaa muuttamaan ilmaston l\u00e4mpenemisen suuntaa. Tunnistamme my\u00f6s yhteiskuntavastuumme kaikessa toiminnassamme: huolehdimme ihmisist\u00e4 l\u00e4hell\u00e4 ja kaukana sek\u00e4 teemme ty\u00f6t\u00e4 arvokkaiden luonnonvarojen s\u00e4ilytt\u00e4miseksi. Visio [&hellip;]<\/p>\n","protected":false},"author":5,"featured_media":14975,"parent":11775,"menu_order":63,"comment_status":"closed","ping_status":"closed","template":"","meta":{"_acf_changed":false,"inline_featured_image":false,"footnotes":""},"tags":[],"class_list":["post-12721","page","type-page","status-publish","has-post-thumbnail","hentry"],"acf":[],"yoast_head":"<!-- This site is optimized with the Yoast SEO plugin v27.3 - https:\/\/yoast.com\/product\/yoast-seo-wordpress\/ -->\n<title>Vastuullisuus - Gasmet.fi<\/title>\n<meta name=\"description\" content=\"Learn about Gasmet&#039;s commitment to corporate sustainability. Explore our initiatives, eco-friendly practices, and contributions to a greener future.\" \/>\n<meta name=\"robots\" content=\"index, follow, max-snippet:-1, max-image-preview:large, max-video-preview:-1\" \/>\n<link rel=\"canonical\" href=\"https:\/\/www.gasmet.com\/fi\/yritys\/yritysvastuu\/\" \/>\n<meta property=\"og:locale\" content=\"fi_FI\" \/>\n<meta property=\"og:type\" content=\"article\" \/>\n<meta property=\"og:title\" content=\"Vastuullisuus - Gasmet.fi\" \/>\n<meta property=\"og:description\" content=\"Learn about Gasmet&#039;s commitment to corporate sustainability. Explore our initiatives, eco-friendly practices, and contributions to a greener future.\" \/>\n<meta property=\"og:url\" content=\"https:\/\/www.gasmet.com\/fi\/yritys\/yritysvastuu\/\" \/>\n<meta property=\"og:site_name\" content=\"Gasmet.fi\" \/>\n<meta property=\"article:modified_time\" content=\"2026-03-19T07:52:29+00:00\" \/>\n<meta property=\"og:image\" content=\"https:\/\/www.gasmet.com\/fi\/wp-content\/uploads\/sites\/9\/2023\/11\/Corporate-sustainability2.jpg\" \/>\n\t<meta property=\"og:image:width\" content=\"2000\" \/>\n\t<meta property=\"og:image:height\" content=\"503\" \/>\n\t<meta property=\"og:image:type\" content=\"image\/jpeg\" \/>\n<meta name=\"twitter:card\" content=\"summary_large_image\" \/>\n<meta name=\"twitter:label1\" content=\"Arvioitu lukuaika\" \/>\n\t<meta name=\"twitter:data1\" content=\"2 minuuttia\" \/>\n<script type=\"application\/ld+json\" class=\"yoast-schema-graph\">{\"@context\":\"https:\\\/\\\/schema.org\",\"@graph\":[{\"@type\":\"WebPage\",\"@id\":\"https:\\\/\\\/www.gasmet.com\\\/fi\\\/yritys\\\/yritysvastuu\\\/\",\"url\":\"https:\\\/\\\/www.gasmet.com\\\/fi\\\/yritys\\\/yritysvastuu\\\/\",\"name\":\"Vastuullisuus - Gasmet.fi\",\"isPartOf\":{\"@id\":\"https:\\\/\\\/www.gasmet.com\\\/fi\\\/#website\"},\"primaryImageOfPage\":{\"@id\":\"https:\\\/\\\/www.gasmet.com\\\/fi\\\/yritys\\\/yritysvastuu\\\/#primaryimage\"},\"image\":{\"@id\":\"https:\\\/\\\/www.gasmet.com\\\/fi\\\/yritys\\\/yritysvastuu\\\/#primaryimage\"},\"thumbnailUrl\":\"https:\\\/\\\/www.gasmet.com\\\/fi\\\/wp-content\\\/uploads\\\/sites\\\/9\\\/2023\\\/11\\\/Corporate-sustainability2.jpg\",\"datePublished\":\"2020-08-31T09:17:58+00:00\",\"dateModified\":\"2026-03-19T07:52:29+00:00\",\"description\":\"Learn about Gasmet's commitment to corporate sustainability. Explore our initiatives, eco-friendly practices, and contributions to a greener future.\",\"breadcrumb\":{\"@id\":\"https:\\\/\\\/www.gasmet.com\\\/fi\\\/yritys\\\/yritysvastuu\\\/#breadcrumb\"},\"inLanguage\":\"fi\",\"potentialAction\":[{\"@type\":\"ReadAction\",\"target\":[\"https:\\\/\\\/www.gasmet.com\\\/fi\\\/yritys\\\/yritysvastuu\\\/\"]}]},{\"@type\":\"ImageObject\",\"inLanguage\":\"fi\",\"@id\":\"https:\\\/\\\/www.gasmet.com\\\/fi\\\/yritys\\\/yritysvastuu\\\/#primaryimage\",\"url\":\"https:\\\/\\\/www.gasmet.com\\\/fi\\\/wp-content\\\/uploads\\\/sites\\\/9\\\/2023\\\/11\\\/Corporate-sustainability2.jpg\",\"contentUrl\":\"https:\\\/\\\/www.gasmet.com\\\/fi\\\/wp-content\\\/uploads\\\/sites\\\/9\\\/2023\\\/11\\\/Corporate-sustainability2.jpg\",\"width\":2000,\"height\":503},{\"@type\":\"BreadcrumbList\",\"@id\":\"https:\\\/\\\/www.gasmet.com\\\/fi\\\/yritys\\\/yritysvastuu\\\/#breadcrumb\",\"itemListElement\":[{\"@type\":\"ListItem\",\"position\":1,\"name\":\"Home\",\"item\":\"https:\\\/\\\/www.gasmet.com\\\/fi\\\/\"},{\"@type\":\"ListItem\",\"position\":2,\"name\":\"Yritys\",\"item\":\"https:\\\/\\\/www.gasmet.com\\\/fi\\\/yritys\\\/\"},{\"@type\":\"ListItem\",\"position\":3,\"name\":\"Vastuullisuus\"}]},{\"@type\":\"WebSite\",\"@id\":\"https:\\\/\\\/www.gasmet.com\\\/fi\\\/#website\",\"url\":\"https:\\\/\\\/www.gasmet.com\\\/fi\\\/\",\"name\":\"Gasmet.fi\",\"description\":\"Know what&#039;s in the air.\",\"potentialAction\":[{\"@type\":\"SearchAction\",\"target\":{\"@type\":\"EntryPoint\",\"urlTemplate\":\"https:\\\/\\\/www.gasmet.com\\\/fi\\\/?s={search_term_string}\"},\"query-input\":{\"@type\":\"PropertyValueSpecification\",\"valueRequired\":true,\"valueName\":\"search_term_string\"}}],\"inLanguage\":\"fi\"}]}<\/script>\n<!-- \/ Yoast SEO plugin. -->","yoast_head_json":{"title":"Vastuullisuus - Gasmet.fi","description":"Learn about Gasmet's commitment to corporate sustainability. Explore our initiatives, eco-friendly practices, and contributions to a greener future.","robots":{"index":"index","follow":"follow","max-snippet":"max-snippet:-1","max-image-preview":"max-image-preview:large","max-video-preview":"max-video-preview:-1"},"canonical":"https:\/\/www.gasmet.com\/fi\/yritys\/yritysvastuu\/","og_locale":"fi_FI","og_type":"article","og_title":"Vastuullisuus - Gasmet.fi","og_description":"Learn about Gasmet's commitment to corporate sustainability. Explore our initiatives, eco-friendly practices, and contributions to a greener future.","og_url":"https:\/\/www.gasmet.com\/fi\/yritys\/yritysvastuu\/","og_site_name":"Gasmet.fi","article_modified_time":"2026-03-19T07:52:29+00:00","og_image":[{"width":2000,"height":503,"url":"https:\/\/www.gasmet.com\/fi\/wp-content\/uploads\/sites\/9\/2023\/11\/Corporate-sustainability2.jpg","type":"image\/jpeg"}],"twitter_card":"summary_large_image","twitter_misc":{"Arvioitu lukuaika":"2 minuuttia"},"schema":{"@context":"https:\/\/schema.org","@graph":[{"@type":"WebPage","@id":"https:\/\/www.gasmet.com\/fi\/yritys\/yritysvastuu\/","url":"https:\/\/www.gasmet.com\/fi\/yritys\/yritysvastuu\/","name":"Vastuullisuus - Gasmet.fi","isPartOf":{"@id":"https:\/\/www.gasmet.com\/fi\/#website"},"primaryImageOfPage":{"@id":"https:\/\/www.gasmet.com\/fi\/yritys\/yritysvastuu\/#primaryimage"},"image":{"@id":"https:\/\/www.gasmet.com\/fi\/yritys\/yritysvastuu\/#primaryimage"},"thumbnailUrl":"https:\/\/www.gasmet.com\/fi\/wp-content\/uploads\/sites\/9\/2023\/11\/Corporate-sustainability2.jpg","datePublished":"2020-08-31T09:17:58+00:00","dateModified":"2026-03-19T07:52:29+00:00","description":"Learn about Gasmet's commitment to corporate sustainability. Explore our initiatives, eco-friendly practices, and contributions to a greener future.","breadcrumb":{"@id":"https:\/\/www.gasmet.com\/fi\/yritys\/yritysvastuu\/#breadcrumb"},"inLanguage":"fi","potentialAction":[{"@type":"ReadAction","target":["https:\/\/www.gasmet.com\/fi\/yritys\/yritysvastuu\/"]}]},{"@type":"ImageObject","inLanguage":"fi","@id":"https:\/\/www.gasmet.com\/fi\/yritys\/yritysvastuu\/#primaryimage","url":"https:\/\/www.gasmet.com\/fi\/wp-content\/uploads\/sites\/9\/2023\/11\/Corporate-sustainability2.jpg","contentUrl":"https:\/\/www.gasmet.com\/fi\/wp-content\/uploads\/sites\/9\/2023\/11\/Corporate-sustainability2.jpg","width":2000,"height":503},{"@type":"BreadcrumbList","@id":"https:\/\/www.gasmet.com\/fi\/yritys\/yritysvastuu\/#breadcrumb","itemListElement":[{"@type":"ListItem","position":1,"name":"Home","item":"https:\/\/www.gasmet.com\/fi\/"},{"@type":"ListItem","position":2,"name":"Yritys","item":"https:\/\/www.gasmet.com\/fi\/yritys\/"},{"@type":"ListItem","position":3,"name":"Vastuullisuus"}]},{"@type":"WebSite","@id":"https:\/\/www.gasmet.com\/fi\/#website","url":"https:\/\/www.gasmet.com\/fi\/","name":"Gasmet.fi","description":"Know what&#039;s in the air.","potentialAction":[{"@type":"SearchAction","target":{"@type":"EntryPoint","urlTemplate":"https:\/\/www.gasmet.com\/fi\/?s={search_term_string}"},"query-input":{"@type":"PropertyValueSpecification","valueRequired":true,"valueName":"search_term_string"}}],"inLanguage":"fi"}]}},"_links":{"self":[{"href":"https:\/\/www.gasmet.com\/fi\/wp-json\/wp\/v2\/pages\/12721","targetHints":{"allow":["GET"]}}],"collection":[{"href":"https:\/\/www.gasmet.com\/fi\/wp-json\/wp\/v2\/pages"}],"about":[{"href":"https:\/\/www.gasmet.com\/fi\/wp-json\/wp\/v2\/types\/page"}],"author":[{"embeddable":true,"href":"https:\/\/www.gasmet.com\/fi\/wp-json\/wp\/v2\/users\/5"}],"replies":[{"embeddable":true,"href":"https:\/\/www.gasmet.com\/fi\/wp-json\/wp\/v2\/comments?post=12721"}],"version-history":[{"count":15,"href":"https:\/\/www.gasmet.com\/fi\/wp-json\/wp\/v2\/pages\/12721\/revisions"}],"predecessor-version":[{"id":15814,"href":"https:\/\/www.gasmet.com\/fi\/wp-json\/wp\/v2\/pages\/12721\/revisions\/15814"}],"up":[{"embeddable":true,"href":"https:\/\/www.gasmet.com\/fi\/wp-json\/wp\/v2\/pages\/11775"}],"wp:featuredmedia":[{"embeddable":true,"href":"https:\/\/www.gasmet.com\/fi\/wp-json\/wp\/v2\/media\/14975"}],"wp:attachment":[{"href":"https:\/\/www.gasmet.com\/fi\/wp-json\/wp\/v2\/media?parent=12721"}],"wp:term":[{"taxonomy":"post_tag","embeddable":true,"href":"https:\/\/www.gasmet.com\/fi\/wp-json\/wp\/v2\/tags?post=12721"}],"curies":[{"name":"wp","href":"https:\/\/api.w.org\/{rel}","templated":true}]}}