{"id":11859,"date":"2020-05-29T06:05:04","date_gmt":"2020-05-29T06:05:04","guid":{"rendered":"https:\/\/www.gasmet.com\/fi\/?page_id=11859"},"modified":"2025-07-31T11:43:06","modified_gmt":"2025-07-31T11:43:06","slug":"ota-yhteytta","status":"publish","type":"page","link":"https:\/\/www.gasmet.com\/fi\/ota-yhteytta\/","title":{"rendered":"Ota yhteytt\u00e4"},"content":{"rendered":"<p><strong>Olemme t\u00e4\u00e4ll\u00e4 sinua varten &#8211; Tarvitsitpa teknist\u00e4 tukea, tarjousta tai lis\u00e4tietoja ratkaisuistamme.<\/strong><\/p>\n<p>Ota meihin yhteytt\u00e4 alla olevan lomakkeen kautta, l\u00e4hett\u00e4m\u00e4ll\u00e4 s\u00e4hk\u00f6postia tai soittamalla puhelinnumeroomme. Asiantuntijamme ottavat sinuun yhteytt\u00e4 mahdollisimman pian. Globaalit j\u00e4lleenmyyj\u00e4mme sek\u00e4 aluetoimistomme ulkomailla l\u00f6yd\u00e4t vieritt\u00e4m\u00e4ll\u00e4 sivua alasp\u00e4in.<\/p>\n<p>&nbsp;<\/p>\n","protected":false},"excerpt":{"rendered":"<p>Olemme t\u00e4\u00e4ll\u00e4 sinua varten &#8211; Tarvitsitpa teknist\u00e4 tukea, tarjousta tai lis\u00e4tietoja ratkaisuistamme. Ota meihin yhteytt\u00e4 alla olevan lomakkeen kautta, l\u00e4hett\u00e4m\u00e4ll\u00e4 s\u00e4hk\u00f6postia tai soittamalla puhelinnumeroomme. Asiantuntijamme ottavat sinuun yhteytt\u00e4 mahdollisimman pian. Globaalit j\u00e4lleenmyyj\u00e4mme sek\u00e4 aluetoimistomme ulkomailla l\u00f6yd\u00e4t vieritt\u00e4m\u00e4ll\u00e4 sivua alasp\u00e4in. &nbsp;<\/p>\n","protected":false},"author":1,"featured_media":15496,"parent":0,"menu_order":49,"comment_status":"closed","ping_status":"closed","template":"contact-us.php","meta":{"_acf_changed":false,"inline_featured_image":false,"footnotes":""},"tags":[],"class_list":["post-11859","page","type-page","status-publish","has-post-thumbnail","hentry"],"acf":[],"yoast_head":"<!-- This site is optimized with the Yoast SEO plugin v27.4 - https:\/\/yoast.com\/product\/yoast-seo-wordpress\/ -->\n<title>Ota yhteytt\u00e4 - Gasmet.fi<\/title>\n<meta name=\"robots\" content=\"index, follow, max-snippet:-1, max-image-preview:large, max-video-preview:-1\" \/>\n<link rel=\"canonical\" href=\"https:\/\/www.gasmet.com\/fi\/ota-yhteytta\/\" \/>\n<meta property=\"og:locale\" content=\"fi_FI\" \/>\n<meta property=\"og:type\" content=\"article\" \/>\n<meta property=\"og:title\" content=\"Ota yhteytt\u00e4 - Gasmet.fi\" \/>\n<meta property=\"og:description\" content=\"Olemme t\u00e4\u00e4ll\u00e4 sinua varten &#8211; Tarvitsitpa teknist\u00e4 tukea, tarjousta tai lis\u00e4tietoja ratkaisuistamme. Ota meihin yhteytt\u00e4 alla olevan lomakkeen kautta, l\u00e4hett\u00e4m\u00e4ll\u00e4 s\u00e4hk\u00f6postia tai soittamalla puhelinnumeroomme. Asiantuntijamme ottavat sinuun yhteytt\u00e4 mahdollisimman pian. Globaalit j\u00e4lleenmyyj\u00e4mme sek\u00e4 aluetoimistomme ulkomailla l\u00f6yd\u00e4t vieritt\u00e4m\u00e4ll\u00e4 sivua alasp\u00e4in. &nbsp;\" \/>\n<meta property=\"og:url\" content=\"https:\/\/www.gasmet.com\/fi\/ota-yhteytta\/\" \/>\n<meta property=\"og:site_name\" content=\"Gasmet.fi\" \/>\n<meta property=\"article:modified_time\" content=\"2025-07-31T11:43:06+00:00\" \/>\n<meta property=\"og:image\" content=\"https:\/\/www.gasmet.com\/fi\/wp-content\/uploads\/sites\/9\/2025\/02\/contact_banner.jpg\" \/>\n\t<meta property=\"og:image:width\" content=\"2000\" \/>\n\t<meta property=\"og:image:height\" content=\"500\" \/>\n\t<meta property=\"og:image:type\" content=\"image\/jpeg\" \/>\n<meta name=\"twitter:card\" content=\"summary_large_image\" \/>\n<meta name=\"twitter:label1\" content=\"Arvioitu lukuaika\" \/>\n\t<meta name=\"twitter:data1\" content=\"1 minuutti\" \/>\n<script type=\"application\/ld+json\" class=\"yoast-schema-graph\">{\"@context\":\"https:\\\/\\\/schema.org\",\"@graph\":[{\"@type\":\"WebPage\",\"@id\":\"https:\\\/\\\/www.gasmet.com\\\/fi\\\/ota-yhteytta\\\/\",\"url\":\"https:\\\/\\\/www.gasmet.com\\\/fi\\\/ota-yhteytta\\\/\",\"name\":\"Ota yhteytt\u00e4 - Gasmet.fi\",\"isPartOf\":{\"@id\":\"https:\\\/\\\/www.gasmet.com\\\/fi\\\/#website\"},\"primaryImageOfPage\":{\"@id\":\"https:\\\/\\\/www.gasmet.com\\\/fi\\\/ota-yhteytta\\\/#primaryimage\"},\"image\":{\"@id\":\"https:\\\/\\\/www.gasmet.com\\\/fi\\\/ota-yhteytta\\\/#primaryimage\"},\"thumbnailUrl\":\"https:\\\/\\\/www.gasmet.com\\\/fi\\\/wp-content\\\/uploads\\\/sites\\\/9\\\/2025\\\/02\\\/contact_banner.jpg\",\"datePublished\":\"2020-05-29T06:05:04+00:00\",\"dateModified\":\"2025-07-31T11:43:06+00:00\",\"breadcrumb\":{\"@id\":\"https:\\\/\\\/www.gasmet.com\\\/fi\\\/ota-yhteytta\\\/#breadcrumb\"},\"inLanguage\":\"fi\",\"potentialAction\":[{\"@type\":\"ReadAction\",\"target\":[\"https:\\\/\\\/www.gasmet.com\\\/fi\\\/ota-yhteytta\\\/\"]}]},{\"@type\":\"ImageObject\",\"inLanguage\":\"fi\",\"@id\":\"https:\\\/\\\/www.gasmet.com\\\/fi\\\/ota-yhteytta\\\/#primaryimage\",\"url\":\"https:\\\/\\\/www.gasmet.com\\\/fi\\\/wp-content\\\/uploads\\\/sites\\\/9\\\/2025\\\/02\\\/contact_banner.jpg\",\"contentUrl\":\"https:\\\/\\\/www.gasmet.com\\\/fi\\\/wp-content\\\/uploads\\\/sites\\\/9\\\/2025\\\/02\\\/contact_banner.jpg\",\"width\":2000,\"height\":500},{\"@type\":\"BreadcrumbList\",\"@id\":\"https:\\\/\\\/www.gasmet.com\\\/fi\\\/ota-yhteytta\\\/#breadcrumb\",\"itemListElement\":[{\"@type\":\"ListItem\",\"position\":1,\"name\":\"Home\",\"item\":\"https:\\\/\\\/www.gasmet.com\\\/fi\\\/\"},{\"@type\":\"ListItem\",\"position\":2,\"name\":\"Ota yhteytt\u00e4\"}]},{\"@type\":\"WebSite\",\"@id\":\"https:\\\/\\\/www.gasmet.com\\\/fi\\\/#website\",\"url\":\"https:\\\/\\\/www.gasmet.com\\\/fi\\\/\",\"name\":\"Gasmet.fi\",\"description\":\"Know what&#039;s in the air.\",\"potentialAction\":[{\"@type\":\"SearchAction\",\"target\":{\"@type\":\"EntryPoint\",\"urlTemplate\":\"https:\\\/\\\/www.gasmet.com\\\/fi\\\/?s={search_term_string}\"},\"query-input\":{\"@type\":\"PropertyValueSpecification\",\"valueRequired\":true,\"valueName\":\"search_term_string\"}}],\"inLanguage\":\"fi\"}]}<\/script>\n<!-- \/ Yoast SEO plugin. -->","yoast_head_json":{"title":"Ota yhteytt\u00e4 - Gasmet.fi","robots":{"index":"index","follow":"follow","max-snippet":"max-snippet:-1","max-image-preview":"max-image-preview:large","max-video-preview":"max-video-preview:-1"},"canonical":"https:\/\/www.gasmet.com\/fi\/ota-yhteytta\/","og_locale":"fi_FI","og_type":"article","og_title":"Ota yhteytt\u00e4 - Gasmet.fi","og_description":"Olemme t\u00e4\u00e4ll\u00e4 sinua varten &#8211; Tarvitsitpa teknist\u00e4 tukea, tarjousta tai lis\u00e4tietoja ratkaisuistamme. Ota meihin yhteytt\u00e4 alla olevan lomakkeen kautta, l\u00e4hett\u00e4m\u00e4ll\u00e4 s\u00e4hk\u00f6postia tai soittamalla puhelinnumeroomme. Asiantuntijamme ottavat sinuun yhteytt\u00e4 mahdollisimman pian. Globaalit j\u00e4lleenmyyj\u00e4mme sek\u00e4 aluetoimistomme ulkomailla l\u00f6yd\u00e4t vieritt\u00e4m\u00e4ll\u00e4 sivua alasp\u00e4in. &nbsp;","og_url":"https:\/\/www.gasmet.com\/fi\/ota-yhteytta\/","og_site_name":"Gasmet.fi","article_modified_time":"2025-07-31T11:43:06+00:00","og_image":[{"width":2000,"height":500,"url":"https:\/\/www.gasmet.com\/fi\/wp-content\/uploads\/sites\/9\/2025\/02\/contact_banner.jpg","type":"image\/jpeg"}],"twitter_card":"summary_large_image","twitter_misc":{"Arvioitu lukuaika":"1 minuutti"},"schema":{"@context":"https:\/\/schema.org","@graph":[{"@type":"WebPage","@id":"https:\/\/www.gasmet.com\/fi\/ota-yhteytta\/","url":"https:\/\/www.gasmet.com\/fi\/ota-yhteytta\/","name":"Ota yhteytt\u00e4 - Gasmet.fi","isPartOf":{"@id":"https:\/\/www.gasmet.com\/fi\/#website"},"primaryImageOfPage":{"@id":"https:\/\/www.gasmet.com\/fi\/ota-yhteytta\/#primaryimage"},"image":{"@id":"https:\/\/www.gasmet.com\/fi\/ota-yhteytta\/#primaryimage"},"thumbnailUrl":"https:\/\/www.gasmet.com\/fi\/wp-content\/uploads\/sites\/9\/2025\/02\/contact_banner.jpg","datePublished":"2020-05-29T06:05:04+00:00","dateModified":"2025-07-31T11:43:06+00:00","breadcrumb":{"@id":"https:\/\/www.gasmet.com\/fi\/ota-yhteytta\/#breadcrumb"},"inLanguage":"fi","potentialAction":[{"@type":"ReadAction","target":["https:\/\/www.gasmet.com\/fi\/ota-yhteytta\/"]}]},{"@type":"ImageObject","inLanguage":"fi","@id":"https:\/\/www.gasmet.com\/fi\/ota-yhteytta\/#primaryimage","url":"https:\/\/www.gasmet.com\/fi\/wp-content\/uploads\/sites\/9\/2025\/02\/contact_banner.jpg","contentUrl":"https:\/\/www.gasmet.com\/fi\/wp-content\/uploads\/sites\/9\/2025\/02\/contact_banner.jpg","width":2000,"height":500},{"@type":"BreadcrumbList","@id":"https:\/\/www.gasmet.com\/fi\/ota-yhteytta\/#breadcrumb","itemListElement":[{"@type":"ListItem","position":1,"name":"Home","item":"https:\/\/www.gasmet.com\/fi\/"},{"@type":"ListItem","position":2,"name":"Ota yhteytt\u00e4"}]},{"@type":"WebSite","@id":"https:\/\/www.gasmet.com\/fi\/#website","url":"https:\/\/www.gasmet.com\/fi\/","name":"Gasmet.fi","description":"Know what&#039;s in the air.","potentialAction":[{"@type":"SearchAction","target":{"@type":"EntryPoint","urlTemplate":"https:\/\/www.gasmet.com\/fi\/?s={search_term_string}"},"query-input":{"@type":"PropertyValueSpecification","valueRequired":true,"valueName":"search_term_string"}}],"inLanguage":"fi"}]}},"_links":{"self":[{"href":"https:\/\/www.gasmet.com\/fi\/wp-json\/wp\/v2\/pages\/11859","targetHints":{"allow":["GET"]}}],"collection":[{"href":"https:\/\/www.gasmet.com\/fi\/wp-json\/wp\/v2\/pages"}],"about":[{"href":"https:\/\/www.gasmet.com\/fi\/wp-json\/wp\/v2\/types\/page"}],"author":[{"embeddable":true,"href":"https:\/\/www.gasmet.com\/fi\/wp-json\/wp\/v2\/users\/1"}],"replies":[{"embeddable":true,"href":"https:\/\/www.gasmet.com\/fi\/wp-json\/wp\/v2\/comments?post=11859"}],"version-history":[{"count":53,"href":"https:\/\/www.gasmet.com\/fi\/wp-json\/wp\/v2\/pages\/11859\/revisions"}],"predecessor-version":[{"id":15633,"href":"https:\/\/www.gasmet.com\/fi\/wp-json\/wp\/v2\/pages\/11859\/revisions\/15633"}],"wp:featuredmedia":[{"embeddable":true,"href":"https:\/\/www.gasmet.com\/fi\/wp-json\/wp\/v2\/media\/15496"}],"wp:attachment":[{"href":"https:\/\/www.gasmet.com\/fi\/wp-json\/wp\/v2\/media?parent=11859"}],"wp:term":[{"taxonomy":"post_tag","embeddable":true,"href":"https:\/\/www.gasmet.com\/fi\/wp-json\/wp\/v2\/tags?post=11859"}],"curies":[{"name":"wp","href":"https:\/\/api.w.org\/{rel}","templated":true}]}}