{"id":11785,"date":"2020-05-29T06:32:22","date_gmt":"2020-05-29T06:32:22","guid":{"rendered":"https:\/\/www.gasmet.com\/fi\/?page_id=11785"},"modified":"2024-11-14T14:17:52","modified_gmt":"2024-11-14T14:17:52","slug":"alypuhelinsovellus","status":"publish","type":"page","link":"https:\/\/www.gasmet.com\/fi\/tuotteet\/tyokalut\/alypuhelinsovellus\/","title":{"rendered":"Gasmetin \u00e4lypuhelinsovellus"},"content":{"rendered":"<p>Lataamalla Gasmetin ilmaisen sovelluksen puhelimeesi saat v\u00e4litt\u00f6m\u00e4n p\u00e4\u00e4syn Gasmetin FTIR-spektrikokoelmaan, n\u00e4ytekaasun kastepistelaskimeen, yksikk\u00f6muunnosty\u00f6kaluun ja CO2\/O2-pitoisuuslaskimeen. Sovelluksesta l\u00f6yd\u00e4t my\u00f6s ohjeita analysaattorin k\u00e4ytt\u00f6\u00f6n.<\/p>\n<p>Voit ladata Gasmetin Android-sovelluksen (FTIR Spectrum Library) maksutta Google Playsta ja Gasmetin iOS -sovelluksen App Storesta.<\/p>\n<p><a href=\"https:\/\/itunes.apple.com\/fi\/app\/ftir-spectrum-library\/id1118432441?mt=8\" target=\"_blank\" rel=\"noopener noreferrer\">Lataa Gasmetin iOS-sovellus t\u00e4\u00e4lt\u00e4<\/a><\/p>\n<p><a href=\"https:\/\/play.google.com\/store\/apps\/details?id=com.gasmet.gasmet\" target=\"_blank\" rel=\"noopener noreferrer\">Lataa Gasmetin Android-sovellus t\u00e4\u00e4lt\u00e4<\/a><\/p>\n<h2>IR-spektrikokoelma<\/h2>\n<p>Voit k\u00e4ytt\u00e4\u00e4 FTIR-spektrikokoelmaamme sovelluksen avulla miss\u00e4 ja milloin vain, my\u00f6s ilman Internet-yhteytt\u00e4.<\/p>\n<h2>Kastepistelaskin<\/h2>\n<p>Voit laskea veden tai rikkihapon kastepisteen sovelluksestamme l\u00f6ytyv\u00e4ll\u00e4 kastepistelaskimella. Kastepisteen laskeminen auttaa suunnittelemaan n\u00e4ytteenoton asetusty\u00f6ss\u00e4, jotta n\u00e4ytekaasu ei kondensoidu FTIR-kaasuanalysaattorissasi. Huomioithan, ett\u00e4 laskenta on aina arvio, johon vaikuttavat sy\u00f6tetyt parametrit. Rikkihapon kastepisteen laskemisessa k\u00e4ytet\u00e4\u00e4n Okkesin kaavaa.<\/p>\n<h2>Palamislaskin<\/h2>\n<p>Voit laskea sovelluksestamme l\u00f6ytyv\u00e4ll\u00e4 palamislaskimella ennustetun O2-pitoisuuden CO2:sta (tai p\u00e4invastoin), kun tied\u00e4t polttoaineen tyypin ja vesih\u00f6yrypitoisuuden.<\/p>\n<p>Vinkki: Voit laskea kuivan O2-pitoisuuden, kun asetat vesih\u00f6yryn arvoksi 0.<\/p>\n<h2>Yksikk\u00f6muunnin<\/h2>\n<p>Sovelluksemme yksikk\u00f6muunnosty\u00f6kalussa on valittavana kolme muunnosta: pitoisuus, paine ja l\u00e4mp\u00f6tila.<\/p>\n<p>Voit laskea mg\/m3-arvon ppm-arvosta ja p\u00e4invastoin. Yksikk\u00f6muunnosty\u00f6kalu tukee erilaisia \u200b\u200bviitel\u00e4mp\u00f6tiloja NTP:lle ja STP:lle.<\/p>\n<p>Yksikk\u00f6muunnosty\u00f6kalu muuntaa my\u00f6s paine- ja l\u00e4mp\u00f6tilayksik\u00f6it\u00e4 (Celsius, Fahrenheit ja Kelvin).<\/p>\n<p>Huomaathan, ett\u00e4 sovelluksemme ei tue monikomponenttianalyysi\u00e4 puhelimessa tai tiedostojen muuntamista\/vienti\u00e4. T\u00e4t\u00e4 toimintoa varten tarvitset <a href=\"https:\/\/www.gasmet.com\/fi\/tuotteet\/ohjelmisto\/\" target=\"_blank\" rel=\"noopener\">Calcmet-ohjelmistomme<\/a>, joka sis\u00e4ltyy FTIR-kaasuanalysaattorin toimitukseen.<\/p>\n<h2>Ohjeita analysaattorilla mittaamiseen<\/h2>\n<p>Sovelluksesta l\u00f6ytyvien ohjeiden avulla saat vastauksia yleisimpiin ongelmiin jopa kent\u00e4ll\u00e4. Sovelluksesta l\u00f6yd\u00e4t kannettaville kaasuanalysaattoreillemme pikaohjeet:<\/p>\n<ul>\n<li>taustan mittaamiseen<\/li>\n<li>j\u00e4\u00e4nn\u00f6sh\u00e4lytyksen vianm\u00e4\u00e4ritykseen<\/li>\n<li>tunnistusty\u00f6kalun k\u00e4ytt\u00f6\u00f6n (Calcmet 14)<\/li>\n<\/ul>\n<p><em>Huom! Sovelluksemme on tarkoitettu yleisen tiedon l\u00e4hteeksi, joten emme Gasmetilla ota vastuuta tietojen soveltamisesta tai siit\u00e4 seuranneista menetyksist\u00e4 tai vahingoista.<\/em><\/p>\n","protected":false},"excerpt":{"rendered":"<p>Lataamalla Gasmetin ilmaisen sovelluksen puhelimeesi saat v\u00e4litt\u00f6m\u00e4n p\u00e4\u00e4syn Gasmetin FTIR-spektrikokoelmaan, n\u00e4ytekaasun kastepistelaskimeen, yksikk\u00f6muunnosty\u00f6kaluun ja CO2\/O2-pitoisuuslaskimeen. Sovelluksesta l\u00f6yd\u00e4t my\u00f6s ohjeita analysaattorin k\u00e4ytt\u00f6\u00f6n. Voit ladata Gasmetin Android-sovelluksen (FTIR Spectrum Library) maksutta Google Playsta ja Gasmetin iOS -sovelluksen App Storesta. Lataa Gasmetin iOS-sovellus t\u00e4\u00e4lt\u00e4 Lataa Gasmetin Android-sovellus t\u00e4\u00e4lt\u00e4 IR-spektrikokoelma Voit k\u00e4ytt\u00e4\u00e4 FTIR-spektrikokoelmaamme sovelluksen avulla miss\u00e4 ja milloin vain, [&hellip;]<\/p>\n","protected":false},"author":5,"featured_media":15434,"parent":11694,"menu_order":47,"comment_status":"closed","ping_status":"closed","template":"","meta":{"_acf_changed":false,"inline_featured_image":false,"footnotes":""},"tags":[],"class_list":["post-11785","page","type-page","status-publish","has-post-thumbnail","hentry"],"acf":[],"yoast_head":"<!-- This site is optimized with the Yoast SEO plugin v27.2 - https:\/\/yoast.com\/product\/yoast-seo-wordpress\/ -->\n<title>Gasmetin \u00e4lypuhelinsovellus | Gasmet<\/title>\n<meta name=\"description\" content=\"Gasmetin \u00e4lypuhelinsovellus sis\u00e4lt\u00e4\u00e4 FTIR-spektrikokoelman, kastepistelaskimen, yksikk\u00f6muunnosty\u00f6kalun ja CO2\/O2-pitoisuuslaskimen. Lataa ilmainen sovellus.\" \/>\n<meta name=\"robots\" content=\"index, follow, max-snippet:-1, max-image-preview:large, max-video-preview:-1\" \/>\n<link rel=\"canonical\" href=\"https:\/\/www.gasmet.com\/fi\/tuotteet\/tyokalut\/alypuhelinsovellus\/\" \/>\n<meta property=\"og:locale\" content=\"fi_FI\" \/>\n<meta property=\"og:type\" content=\"article\" \/>\n<meta property=\"og:title\" content=\"Gasmetin \u00e4lypuhelinsovellus | Gasmet\" \/>\n<meta property=\"og:description\" content=\"Gasmetin \u00e4lypuhelinsovellus sis\u00e4lt\u00e4\u00e4 FTIR-spektrikokoelman, kastepistelaskimen, yksikk\u00f6muunnosty\u00f6kalun ja CO2\/O2-pitoisuuslaskimen. Lataa ilmainen sovellus.\" \/>\n<meta property=\"og:url\" content=\"https:\/\/www.gasmet.com\/fi\/tuotteet\/tyokalut\/alypuhelinsovellus\/\" \/>\n<meta property=\"og:site_name\" content=\"Gasmet.fi\" \/>\n<meta property=\"article:modified_time\" content=\"2024-11-14T14:17:52+00:00\" \/>\n<meta property=\"og:image\" content=\"https:\/\/www.gasmet.com\/fi\/wp-content\/uploads\/sites\/9\/2024\/11\/gasmet_brand_cobaltsand.jpg\" \/>\n\t<meta property=\"og:image:width\" content=\"2000\" \/>\n\t<meta property=\"og:image:height\" content=\"500\" \/>\n\t<meta property=\"og:image:type\" content=\"image\/jpeg\" \/>\n<meta name=\"twitter:card\" content=\"summary_large_image\" \/>\n<meta name=\"twitter:label1\" content=\"Arvioitu lukuaika\" \/>\n\t<meta name=\"twitter:data1\" content=\"2 minuuttia\" \/>\n<script type=\"application\/ld+json\" class=\"yoast-schema-graph\">{\"@context\":\"https:\/\/schema.org\",\"@graph\":[{\"@type\":\"WebPage\",\"@id\":\"https:\/\/www.gasmet.com\/fi\/tuotteet\/tyokalut\/alypuhelinsovellus\/\",\"url\":\"https:\/\/www.gasmet.com\/fi\/tuotteet\/tyokalut\/alypuhelinsovellus\/\",\"name\":\"Gasmetin \u00e4lypuhelinsovellus | Gasmet\",\"isPartOf\":{\"@id\":\"https:\/\/www.gasmet.com\/fi\/#website\"},\"primaryImageOfPage\":{\"@id\":\"https:\/\/www.gasmet.com\/fi\/tuotteet\/tyokalut\/alypuhelinsovellus\/#primaryimage\"},\"image\":{\"@id\":\"https:\/\/www.gasmet.com\/fi\/tuotteet\/tyokalut\/alypuhelinsovellus\/#primaryimage\"},\"thumbnailUrl\":\"https:\/\/www.gasmet.com\/fi\/wp-content\/uploads\/sites\/9\/2024\/11\/gasmet_brand_cobaltsand.jpg\",\"datePublished\":\"2020-05-29T06:32:22+00:00\",\"dateModified\":\"2024-11-14T14:17:52+00:00\",\"description\":\"Gasmetin \u00e4lypuhelinsovellus sis\u00e4lt\u00e4\u00e4 FTIR-spektrikokoelman, kastepistelaskimen, yksikk\u00f6muunnosty\u00f6kalun ja CO2\/O2-pitoisuuslaskimen. Lataa ilmainen sovellus.\",\"breadcrumb\":{\"@id\":\"https:\/\/www.gasmet.com\/fi\/tuotteet\/tyokalut\/alypuhelinsovellus\/#breadcrumb\"},\"inLanguage\":\"fi\",\"potentialAction\":[{\"@type\":\"ReadAction\",\"target\":[\"https:\/\/www.gasmet.com\/fi\/tuotteet\/tyokalut\/alypuhelinsovellus\/\"]}]},{\"@type\":\"ImageObject\",\"inLanguage\":\"fi\",\"@id\":\"https:\/\/www.gasmet.com\/fi\/tuotteet\/tyokalut\/alypuhelinsovellus\/#primaryimage\",\"url\":\"https:\/\/www.gasmet.com\/fi\/wp-content\/uploads\/sites\/9\/2024\/11\/gasmet_brand_cobaltsand.jpg\",\"contentUrl\":\"https:\/\/www.gasmet.com\/fi\/wp-content\/uploads\/sites\/9\/2024\/11\/gasmet_brand_cobaltsand.jpg\",\"width\":2000,\"height\":500},{\"@type\":\"BreadcrumbList\",\"@id\":\"https:\/\/www.gasmet.com\/fi\/tuotteet\/tyokalut\/alypuhelinsovellus\/#breadcrumb\",\"itemListElement\":[{\"@type\":\"ListItem\",\"position\":1,\"name\":\"Home\",\"item\":\"https:\/\/www.gasmet.com\/fi\/\"},{\"@type\":\"ListItem\",\"position\":2,\"name\":\"Tuotteet\",\"item\":\"https:\/\/www.gasmet.com\/fi\/tuotteet\/\"},{\"@type\":\"ListItem\",\"position\":3,\"name\":\"Ty\u00f6kalut\",\"item\":\"https:\/\/www.gasmet.com\/fi\/tuotteet\/tyokalut\/\"},{\"@type\":\"ListItem\",\"position\":4,\"name\":\"Gasmetin \u00e4lypuhelinsovellus\"}]},{\"@type\":\"WebSite\",\"@id\":\"https:\/\/www.gasmet.com\/fi\/#website\",\"url\":\"https:\/\/www.gasmet.com\/fi\/\",\"name\":\"Gasmet.fi\",\"description\":\"Know what&#039;s in the air.\",\"potentialAction\":[{\"@type\":\"SearchAction\",\"target\":{\"@type\":\"EntryPoint\",\"urlTemplate\":\"https:\/\/www.gasmet.com\/fi\/?s={search_term_string}\"},\"query-input\":{\"@type\":\"PropertyValueSpecification\",\"valueRequired\":true,\"valueName\":\"search_term_string\"}}],\"inLanguage\":\"fi\"}]}<\/script>\n<!-- \/ Yoast SEO plugin. -->","yoast_head_json":{"title":"Gasmetin \u00e4lypuhelinsovellus | Gasmet","description":"Gasmetin \u00e4lypuhelinsovellus sis\u00e4lt\u00e4\u00e4 FTIR-spektrikokoelman, kastepistelaskimen, yksikk\u00f6muunnosty\u00f6kalun ja CO2\/O2-pitoisuuslaskimen. Lataa ilmainen sovellus.","robots":{"index":"index","follow":"follow","max-snippet":"max-snippet:-1","max-image-preview":"max-image-preview:large","max-video-preview":"max-video-preview:-1"},"canonical":"https:\/\/www.gasmet.com\/fi\/tuotteet\/tyokalut\/alypuhelinsovellus\/","og_locale":"fi_FI","og_type":"article","og_title":"Gasmetin \u00e4lypuhelinsovellus | Gasmet","og_description":"Gasmetin \u00e4lypuhelinsovellus sis\u00e4lt\u00e4\u00e4 FTIR-spektrikokoelman, kastepistelaskimen, yksikk\u00f6muunnosty\u00f6kalun ja CO2\/O2-pitoisuuslaskimen. Lataa ilmainen sovellus.","og_url":"https:\/\/www.gasmet.com\/fi\/tuotteet\/tyokalut\/alypuhelinsovellus\/","og_site_name":"Gasmet.fi","article_modified_time":"2024-11-14T14:17:52+00:00","og_image":[{"width":2000,"height":500,"url":"https:\/\/www.gasmet.com\/fi\/wp-content\/uploads\/sites\/9\/2024\/11\/gasmet_brand_cobaltsand.jpg","type":"image\/jpeg"}],"twitter_card":"summary_large_image","twitter_misc":{"Arvioitu lukuaika":"2 minuuttia"},"schema":{"@context":"https:\/\/schema.org","@graph":[{"@type":"WebPage","@id":"https:\/\/www.gasmet.com\/fi\/tuotteet\/tyokalut\/alypuhelinsovellus\/","url":"https:\/\/www.gasmet.com\/fi\/tuotteet\/tyokalut\/alypuhelinsovellus\/","name":"Gasmetin \u00e4lypuhelinsovellus | Gasmet","isPartOf":{"@id":"https:\/\/www.gasmet.com\/fi\/#website"},"primaryImageOfPage":{"@id":"https:\/\/www.gasmet.com\/fi\/tuotteet\/tyokalut\/alypuhelinsovellus\/#primaryimage"},"image":{"@id":"https:\/\/www.gasmet.com\/fi\/tuotteet\/tyokalut\/alypuhelinsovellus\/#primaryimage"},"thumbnailUrl":"https:\/\/www.gasmet.com\/fi\/wp-content\/uploads\/sites\/9\/2024\/11\/gasmet_brand_cobaltsand.jpg","datePublished":"2020-05-29T06:32:22+00:00","dateModified":"2024-11-14T14:17:52+00:00","description":"Gasmetin \u00e4lypuhelinsovellus sis\u00e4lt\u00e4\u00e4 FTIR-spektrikokoelman, kastepistelaskimen, yksikk\u00f6muunnosty\u00f6kalun ja CO2\/O2-pitoisuuslaskimen. Lataa ilmainen sovellus.","breadcrumb":{"@id":"https:\/\/www.gasmet.com\/fi\/tuotteet\/tyokalut\/alypuhelinsovellus\/#breadcrumb"},"inLanguage":"fi","potentialAction":[{"@type":"ReadAction","target":["https:\/\/www.gasmet.com\/fi\/tuotteet\/tyokalut\/alypuhelinsovellus\/"]}]},{"@type":"ImageObject","inLanguage":"fi","@id":"https:\/\/www.gasmet.com\/fi\/tuotteet\/tyokalut\/alypuhelinsovellus\/#primaryimage","url":"https:\/\/www.gasmet.com\/fi\/wp-content\/uploads\/sites\/9\/2024\/11\/gasmet_brand_cobaltsand.jpg","contentUrl":"https:\/\/www.gasmet.com\/fi\/wp-content\/uploads\/sites\/9\/2024\/11\/gasmet_brand_cobaltsand.jpg","width":2000,"height":500},{"@type":"BreadcrumbList","@id":"https:\/\/www.gasmet.com\/fi\/tuotteet\/tyokalut\/alypuhelinsovellus\/#breadcrumb","itemListElement":[{"@type":"ListItem","position":1,"name":"Home","item":"https:\/\/www.gasmet.com\/fi\/"},{"@type":"ListItem","position":2,"name":"Tuotteet","item":"https:\/\/www.gasmet.com\/fi\/tuotteet\/"},{"@type":"ListItem","position":3,"name":"Ty\u00f6kalut","item":"https:\/\/www.gasmet.com\/fi\/tuotteet\/tyokalut\/"},{"@type":"ListItem","position":4,"name":"Gasmetin \u00e4lypuhelinsovellus"}]},{"@type":"WebSite","@id":"https:\/\/www.gasmet.com\/fi\/#website","url":"https:\/\/www.gasmet.com\/fi\/","name":"Gasmet.fi","description":"Know what&#039;s in the air.","potentialAction":[{"@type":"SearchAction","target":{"@type":"EntryPoint","urlTemplate":"https:\/\/www.gasmet.com\/fi\/?s={search_term_string}"},"query-input":{"@type":"PropertyValueSpecification","valueRequired":true,"valueName":"search_term_string"}}],"inLanguage":"fi"}]}},"_links":{"self":[{"href":"https:\/\/www.gasmet.com\/fi\/wp-json\/wp\/v2\/pages\/11785","targetHints":{"allow":["GET"]}}],"collection":[{"href":"https:\/\/www.gasmet.com\/fi\/wp-json\/wp\/v2\/pages"}],"about":[{"href":"https:\/\/www.gasmet.com\/fi\/wp-json\/wp\/v2\/types\/page"}],"author":[{"embeddable":true,"href":"https:\/\/www.gasmet.com\/fi\/wp-json\/wp\/v2\/users\/5"}],"replies":[{"embeddable":true,"href":"https:\/\/www.gasmet.com\/fi\/wp-json\/wp\/v2\/comments?post=11785"}],"version-history":[{"count":12,"href":"https:\/\/www.gasmet.com\/fi\/wp-json\/wp\/v2\/pages\/11785\/revisions"}],"predecessor-version":[{"id":14258,"href":"https:\/\/www.gasmet.com\/fi\/wp-json\/wp\/v2\/pages\/11785\/revisions\/14258"}],"up":[{"embeddable":true,"href":"https:\/\/www.gasmet.com\/fi\/wp-json\/wp\/v2\/pages\/11694"}],"wp:featuredmedia":[{"embeddable":true,"href":"https:\/\/www.gasmet.com\/fi\/wp-json\/wp\/v2\/media\/15434"}],"wp:attachment":[{"href":"https:\/\/www.gasmet.com\/fi\/wp-json\/wp\/v2\/media?parent=11785"}],"wp:term":[{"taxonomy":"post_tag","embeddable":true,"href":"https:\/\/www.gasmet.com\/fi\/wp-json\/wp\/v2\/tags?post=11785"}],"curies":[{"name":"wp","href":"https:\/\/api.w.org\/{rel}","templated":true}]}}