{"id":11767,"date":"2020-05-29T06:27:20","date_gmt":"2020-05-29T06:27:20","guid":{"rendered":"https:\/\/www.gasmet.com\/fi\/?page_id=11767"},"modified":"2024-07-29T10:46:14","modified_gmt":"2024-07-29T10:46:14","slug":"turvallisuus","status":"publish","type":"page","link":"https:\/\/www.gasmet.com\/fi\/sovellukset\/turvallisuus\/","title":{"rendered":"Turvallisuus"},"content":{"rendered":"<p><em>Monet ihmiset joutuvat ty\u00f6skentelem\u00e4\u00e4n vaarallisissa ty\u00f6olosuhteissa, koska useilla aloilla k\u00e4ytet\u00e4\u00e4n myrkyllisi\u00e4 kaasukomponentteja. Pelastusteht\u00e4viss\u00e4, laboratorioissa ja satamissa ty\u00f6skentelev\u00e4t henkil\u00f6t kohtaavat usein erilaisia yhdisteit\u00e4 ja tilanteita, jotka saattavat aiheuttaa vakavan terveysvaaran.<\/em><\/p>\n<p>Gasmet tarjoaa ensiluokkaisia <a href=\"https:\/\/www.gasmet.com\/fi\/tuotteet\/category\/kannettavat-kaasuanalysaattorit\/\" target=\"_blank\" rel=\"noopener noreferrer\">kaasuanalysaattoreita<\/a> ja edist\u00e4\u00e4 m\u00e4\u00e4r\u00e4tietoisesti asiakkaiden ty\u00f6turvallisuutta aikaa ja kustannuksia s\u00e4\u00e4st\u00e4vill\u00e4 ratkaisuilla.<\/p>\n<h2>Vaaralliset kaasut<\/h2>\n<p>Monilla kaasuilla voi olla haitallisia lyhyt- tai pitk\u00e4aikaisia terveysvaikutuksia. Pahimmassa tapauksessa oireet kehittyv\u00e4t hitaasti ja ilmenev\u00e4t vuosia jatkuneen altistuksen j\u00e4lkeen, jolloin ne voivat johtaa vakaviin terveysongelmiin. Hiilimonoksidi, formaldehydi, tolueeni, fosfiini ja haihtuvat orgaaniset yhdisteet <a href=\"https:\/\/www.epa.gov\/indoor-air-quality-iaq\/volatile-organic-compounds-impact-indoor-air-quality\" target=\"_blank\" rel=\"noopener noreferrer\">(VOC)<\/a> ovat vain pieni osa mahdollisista yhdisteist\u00e4, joita ihmiset voivat kohdata. Erilaisten kaasukomponenttien suuren m\u00e4\u00e4r\u00e4n vuoksi niiden tunnistamiseen ja mittaamiseen k\u00e4ytettyjen laitteiden on oltava luotettavia ja pystytt\u00e4v\u00e4 tunnistamaan tuntemattomatkin kaasut.<\/p>\n","protected":false},"excerpt":{"rendered":"<p>Monet ihmiset joutuvat ty\u00f6skentelem\u00e4\u00e4n vaarallisissa ty\u00f6olosuhteissa, koska useilla aloilla k\u00e4ytet\u00e4\u00e4n myrkyllisi\u00e4 kaasukomponentteja. Pelastusteht\u00e4viss\u00e4, laboratorioissa ja satamissa ty\u00f6skentelev\u00e4t henkil\u00f6t kohtaavat usein erilaisia yhdisteit\u00e4 ja tilanteita, jotka saattavat aiheuttaa vakavan terveysvaaran. Gasmet tarjoaa ensiluokkaisia kaasuanalysaattoreita ja edist\u00e4\u00e4 m\u00e4\u00e4r\u00e4tietoisesti asiakkaiden ty\u00f6turvallisuutta aikaa ja kustannuksia s\u00e4\u00e4st\u00e4vill\u00e4 ratkaisuilla. Vaaralliset kaasut Monilla kaasuilla voi olla haitallisia lyhyt- tai pitk\u00e4aikaisia terveysvaikutuksia. Pahimmassa [&hellip;]<\/p>\n","protected":false},"author":1,"featured_media":15376,"parent":11773,"menu_order":21,"comment_status":"closed","ping_status":"closed","template":"","meta":{"_acf_changed":false,"inline_featured_image":false,"footnotes":""},"tags":[435],"class_list":["post-11767","page","type-page","status-publish","has-post-thumbnail","hentry","tag-turvallisuus"],"acf":[],"yoast_head":"<!-- This site is optimized with the Yoast SEO plugin v27.2 - https:\/\/yoast.com\/product\/yoast-seo-wordpress\/ -->\n<title>Turvallisuus - Gasmet.fi<\/title>\n<meta name=\"robots\" content=\"index, follow, max-snippet:-1, max-image-preview:large, max-video-preview:-1\" \/>\n<link rel=\"canonical\" href=\"https:\/\/www.gasmet.com\/fi\/sovellukset\/turvallisuus\/\" \/>\n<meta property=\"og:locale\" content=\"fi_FI\" \/>\n<meta property=\"og:type\" content=\"article\" \/>\n<meta property=\"og:title\" content=\"Turvallisuus - Gasmet.fi\" \/>\n<meta property=\"og:description\" content=\"Monet ihmiset joutuvat ty\u00f6skentelem\u00e4\u00e4n vaarallisissa ty\u00f6olosuhteissa, koska useilla aloilla k\u00e4ytet\u00e4\u00e4n myrkyllisi\u00e4 kaasukomponentteja. Pelastusteht\u00e4viss\u00e4, laboratorioissa ja satamissa ty\u00f6skentelev\u00e4t henkil\u00f6t kohtaavat usein erilaisia yhdisteit\u00e4 ja tilanteita, jotka saattavat aiheuttaa vakavan terveysvaaran. Gasmet tarjoaa ensiluokkaisia kaasuanalysaattoreita ja edist\u00e4\u00e4 m\u00e4\u00e4r\u00e4tietoisesti asiakkaiden ty\u00f6turvallisuutta aikaa ja kustannuksia s\u00e4\u00e4st\u00e4vill\u00e4 ratkaisuilla. Vaaralliset kaasut Monilla kaasuilla voi olla haitallisia lyhyt- tai pitk\u00e4aikaisia terveysvaikutuksia. Pahimmassa [&hellip;]\" \/>\n<meta property=\"og:url\" content=\"https:\/\/www.gasmet.com\/fi\/sovellukset\/turvallisuus\/\" \/>\n<meta property=\"og:site_name\" content=\"Gasmet.fi\" \/>\n<meta property=\"article:modified_time\" content=\"2024-07-29T10:46:14+00:00\" \/>\n<meta property=\"og:image\" content=\"https:\/\/www.gasmet.com\/fi\/wp-content\/uploads\/sites\/9\/2024\/07\/Safety-banner.jpg\" \/>\n\t<meta property=\"og:image:width\" content=\"2000\" \/>\n\t<meta property=\"og:image:height\" content=\"500\" \/>\n\t<meta property=\"og:image:type\" content=\"image\/jpeg\" \/>\n<meta name=\"twitter:card\" content=\"summary_large_image\" \/>\n<meta name=\"twitter:label1\" content=\"Arvioitu lukuaika\" \/>\n\t<meta name=\"twitter:data1\" content=\"1 minuutti\" \/>\n<script type=\"application\/ld+json\" class=\"yoast-schema-graph\">{\"@context\":\"https:\/\/schema.org\",\"@graph\":[{\"@type\":\"WebPage\",\"@id\":\"https:\/\/www.gasmet.com\/fi\/sovellukset\/turvallisuus\/\",\"url\":\"https:\/\/www.gasmet.com\/fi\/sovellukset\/turvallisuus\/\",\"name\":\"Turvallisuus - Gasmet.fi\",\"isPartOf\":{\"@id\":\"https:\/\/www.gasmet.com\/fi\/#website\"},\"primaryImageOfPage\":{\"@id\":\"https:\/\/www.gasmet.com\/fi\/sovellukset\/turvallisuus\/#primaryimage\"},\"image\":{\"@id\":\"https:\/\/www.gasmet.com\/fi\/sovellukset\/turvallisuus\/#primaryimage\"},\"thumbnailUrl\":\"https:\/\/www.gasmet.com\/fi\/wp-content\/uploads\/sites\/9\/2024\/07\/Safety-banner.jpg\",\"datePublished\":\"2020-05-29T06:27:20+00:00\",\"dateModified\":\"2024-07-29T10:46:14+00:00\",\"breadcrumb\":{\"@id\":\"https:\/\/www.gasmet.com\/fi\/sovellukset\/turvallisuus\/#breadcrumb\"},\"inLanguage\":\"fi\",\"potentialAction\":[{\"@type\":\"ReadAction\",\"target\":[\"https:\/\/www.gasmet.com\/fi\/sovellukset\/turvallisuus\/\"]}]},{\"@type\":\"ImageObject\",\"inLanguage\":\"fi\",\"@id\":\"https:\/\/www.gasmet.com\/fi\/sovellukset\/turvallisuus\/#primaryimage\",\"url\":\"https:\/\/www.gasmet.com\/fi\/wp-content\/uploads\/sites\/9\/2024\/07\/Safety-banner.jpg\",\"contentUrl\":\"https:\/\/www.gasmet.com\/fi\/wp-content\/uploads\/sites\/9\/2024\/07\/Safety-banner.jpg\",\"width\":2000,\"height\":500},{\"@type\":\"BreadcrumbList\",\"@id\":\"https:\/\/www.gasmet.com\/fi\/sovellukset\/turvallisuus\/#breadcrumb\",\"itemListElement\":[{\"@type\":\"ListItem\",\"position\":1,\"name\":\"Home\",\"item\":\"https:\/\/www.gasmet.com\/fi\/\"},{\"@type\":\"ListItem\",\"position\":2,\"name\":\"Sovellukset\",\"item\":\"https:\/\/www.gasmet.com\/fi\/sovellukset\/\"},{\"@type\":\"ListItem\",\"position\":3,\"name\":\"Turvallisuus\"}]},{\"@type\":\"WebSite\",\"@id\":\"https:\/\/www.gasmet.com\/fi\/#website\",\"url\":\"https:\/\/www.gasmet.com\/fi\/\",\"name\":\"Gasmet.fi\",\"description\":\"Know what&#039;s in the air.\",\"potentialAction\":[{\"@type\":\"SearchAction\",\"target\":{\"@type\":\"EntryPoint\",\"urlTemplate\":\"https:\/\/www.gasmet.com\/fi\/?s={search_term_string}\"},\"query-input\":{\"@type\":\"PropertyValueSpecification\",\"valueRequired\":true,\"valueName\":\"search_term_string\"}}],\"inLanguage\":\"fi\"}]}<\/script>\n<!-- \/ Yoast SEO plugin. -->","yoast_head_json":{"title":"Turvallisuus - Gasmet.fi","robots":{"index":"index","follow":"follow","max-snippet":"max-snippet:-1","max-image-preview":"max-image-preview:large","max-video-preview":"max-video-preview:-1"},"canonical":"https:\/\/www.gasmet.com\/fi\/sovellukset\/turvallisuus\/","og_locale":"fi_FI","og_type":"article","og_title":"Turvallisuus - Gasmet.fi","og_description":"Monet ihmiset joutuvat ty\u00f6skentelem\u00e4\u00e4n vaarallisissa ty\u00f6olosuhteissa, koska useilla aloilla k\u00e4ytet\u00e4\u00e4n myrkyllisi\u00e4 kaasukomponentteja. Pelastusteht\u00e4viss\u00e4, laboratorioissa ja satamissa ty\u00f6skentelev\u00e4t henkil\u00f6t kohtaavat usein erilaisia yhdisteit\u00e4 ja tilanteita, jotka saattavat aiheuttaa vakavan terveysvaaran. Gasmet tarjoaa ensiluokkaisia kaasuanalysaattoreita ja edist\u00e4\u00e4 m\u00e4\u00e4r\u00e4tietoisesti asiakkaiden ty\u00f6turvallisuutta aikaa ja kustannuksia s\u00e4\u00e4st\u00e4vill\u00e4 ratkaisuilla. Vaaralliset kaasut Monilla kaasuilla voi olla haitallisia lyhyt- tai pitk\u00e4aikaisia terveysvaikutuksia. Pahimmassa [&hellip;]","og_url":"https:\/\/www.gasmet.com\/fi\/sovellukset\/turvallisuus\/","og_site_name":"Gasmet.fi","article_modified_time":"2024-07-29T10:46:14+00:00","og_image":[{"width":2000,"height":500,"url":"https:\/\/www.gasmet.com\/fi\/wp-content\/uploads\/sites\/9\/2024\/07\/Safety-banner.jpg","type":"image\/jpeg"}],"twitter_card":"summary_large_image","twitter_misc":{"Arvioitu lukuaika":"1 minuutti"},"schema":{"@context":"https:\/\/schema.org","@graph":[{"@type":"WebPage","@id":"https:\/\/www.gasmet.com\/fi\/sovellukset\/turvallisuus\/","url":"https:\/\/www.gasmet.com\/fi\/sovellukset\/turvallisuus\/","name":"Turvallisuus - Gasmet.fi","isPartOf":{"@id":"https:\/\/www.gasmet.com\/fi\/#website"},"primaryImageOfPage":{"@id":"https:\/\/www.gasmet.com\/fi\/sovellukset\/turvallisuus\/#primaryimage"},"image":{"@id":"https:\/\/www.gasmet.com\/fi\/sovellukset\/turvallisuus\/#primaryimage"},"thumbnailUrl":"https:\/\/www.gasmet.com\/fi\/wp-content\/uploads\/sites\/9\/2024\/07\/Safety-banner.jpg","datePublished":"2020-05-29T06:27:20+00:00","dateModified":"2024-07-29T10:46:14+00:00","breadcrumb":{"@id":"https:\/\/www.gasmet.com\/fi\/sovellukset\/turvallisuus\/#breadcrumb"},"inLanguage":"fi","potentialAction":[{"@type":"ReadAction","target":["https:\/\/www.gasmet.com\/fi\/sovellukset\/turvallisuus\/"]}]},{"@type":"ImageObject","inLanguage":"fi","@id":"https:\/\/www.gasmet.com\/fi\/sovellukset\/turvallisuus\/#primaryimage","url":"https:\/\/www.gasmet.com\/fi\/wp-content\/uploads\/sites\/9\/2024\/07\/Safety-banner.jpg","contentUrl":"https:\/\/www.gasmet.com\/fi\/wp-content\/uploads\/sites\/9\/2024\/07\/Safety-banner.jpg","width":2000,"height":500},{"@type":"BreadcrumbList","@id":"https:\/\/www.gasmet.com\/fi\/sovellukset\/turvallisuus\/#breadcrumb","itemListElement":[{"@type":"ListItem","position":1,"name":"Home","item":"https:\/\/www.gasmet.com\/fi\/"},{"@type":"ListItem","position":2,"name":"Sovellukset","item":"https:\/\/www.gasmet.com\/fi\/sovellukset\/"},{"@type":"ListItem","position":3,"name":"Turvallisuus"}]},{"@type":"WebSite","@id":"https:\/\/www.gasmet.com\/fi\/#website","url":"https:\/\/www.gasmet.com\/fi\/","name":"Gasmet.fi","description":"Know what&#039;s in the air.","potentialAction":[{"@type":"SearchAction","target":{"@type":"EntryPoint","urlTemplate":"https:\/\/www.gasmet.com\/fi\/?s={search_term_string}"},"query-input":{"@type":"PropertyValueSpecification","valueRequired":true,"valueName":"search_term_string"}}],"inLanguage":"fi"}]}},"_links":{"self":[{"href":"https:\/\/www.gasmet.com\/fi\/wp-json\/wp\/v2\/pages\/11767","targetHints":{"allow":["GET"]}}],"collection":[{"href":"https:\/\/www.gasmet.com\/fi\/wp-json\/wp\/v2\/pages"}],"about":[{"href":"https:\/\/www.gasmet.com\/fi\/wp-json\/wp\/v2\/types\/page"}],"author":[{"embeddable":true,"href":"https:\/\/www.gasmet.com\/fi\/wp-json\/wp\/v2\/users\/1"}],"replies":[{"embeddable":true,"href":"https:\/\/www.gasmet.com\/fi\/wp-json\/wp\/v2\/comments?post=11767"}],"version-history":[{"count":56,"href":"https:\/\/www.gasmet.com\/fi\/wp-json\/wp\/v2\/pages\/11767\/revisions"}],"predecessor-version":[{"id":15392,"href":"https:\/\/www.gasmet.com\/fi\/wp-json\/wp\/v2\/pages\/11767\/revisions\/15392"}],"up":[{"embeddable":true,"href":"https:\/\/www.gasmet.com\/fi\/wp-json\/wp\/v2\/pages\/11773"}],"wp:featuredmedia":[{"embeddable":true,"href":"https:\/\/www.gasmet.com\/fi\/wp-json\/wp\/v2\/media\/15376"}],"wp:attachment":[{"href":"https:\/\/www.gasmet.com\/fi\/wp-json\/wp\/v2\/media?parent=11767"}],"wp:term":[{"taxonomy":"post_tag","embeddable":true,"href":"https:\/\/www.gasmet.com\/fi\/wp-json\/wp\/v2\/tags?post=11767"}],"curies":[{"name":"wp","href":"https:\/\/api.w.org\/{rel}","templated":true}]}}