{"id":11746,"date":"2020-05-29T06:32:22","date_gmt":"2020-05-29T06:32:22","guid":{"rendered":"https:\/\/www.gasmet.com\/fi\/?page_id=11746"},"modified":"2025-12-23T07:59:48","modified_gmt":"2025-12-23T07:59:48","slug":"tama-on-gasmet","status":"publish","type":"page","link":"https:\/\/www.gasmet.com\/fi\/yritys\/tama-on-gasmet\/","title":{"rendered":"T\u00e4m\u00e4 on Gasmet"},"content":{"rendered":"<p>Gasmet Technologies on vuonna 1990 perustettu suomalainen teknologiakonserni, joka koostuu emoyhti\u00f6st\u00e4 ja viidest\u00e4 ulkomailla sijaitsevasta tyt\u00e4ryhti\u00f6st\u00e4. Ty\u00f6ntekij\u00f6it\u00e4 on yhteens\u00e4 yli 140, ja <strong>olemme toimittaneet yli 7 000 FTIR-analysaattoria maailmanlaajuisesti.<\/strong><\/p>\n<p>Gasmet on osa Nederman Groupia ja kuuluu sen Monitoring &amp; Control Technology -divisioonaan yhdess\u00e4 <a href=\"https:\/\/neomonitors.com\/\">NEO Monitorsin<\/a>, <a href=\"https:\/\/www.olicem.com\/en\/\">Olicemin<\/a> ja <a href=\"https:\/\/auburnfiltersense.com\/\">Auburnin<\/a> kanssa.<\/p>\n<p>Gasmet toimii my\u00f6s NEO Monitorsin <a href=\"https:\/\/info.gasmet.com\/neo-monitors-kaasuanalysaattorit\">virallisena j\u00e4lleenmyyj\u00e4n\u00e4<\/a> Suomessa.<\/p>\n<h2><strong>Toimintamme<\/strong><\/h2>\n<p>Suunnittelemme ja tuotamme huippuluokan kaasuanalysaattoreita ja p\u00e4\u00e4st\u00f6mittausj\u00e4rjestelmi\u00e4, joilla mitataan <a href=\"https:\/\/www.gasmet.com\/fi\/sovellukset\/paastot\/\">teollisten prosessien tuottamia p\u00e4\u00e4st\u00f6j\u00e4<\/a>, <a href=\"https:\/\/www.gasmet.com\/fi\/sovellukset\/ymparisto\/\">luonnollisten l\u00e4hteiden ilmakeh\u00e4\u00e4n p\u00e4\u00e4st\u00e4mi\u00e4 kaasuja<\/a> ja <a href=\"https:\/\/www.gasmet.com\/fi\/sovellukset\/turvallisuus\/\">ty\u00f6ymp\u00e4rist\u00f6iss\u00e4 esiintyvi\u00e4 kaasuja<\/a>.<\/p>\n<p>Luomme turvallisempaa ymp\u00e4rist\u00f6\u00e4 ihmisille ja autamme suojelemaan luontoa toimittamalla <strong>\u00e4\u00e4rimm\u00e4isen laadukkaita, luotettavia ja tarkkoja mittausteknologioita<\/strong>.<\/p>\n<h2><strong>Gasmetin toimintapa<\/strong><\/h2>\n<h3>Gasmetin toimintatapa on t\u00e4ysin omamme.<\/h3>\n<p>Korkealaatuiset ja luotettavat tuotteemme perustuvat edistyneisiin teknologioihimme, jotka kokenut T&amp;K-tiimimme on kehitt\u00e4nyt. Ainutlaatuisuutemme syntyy siit\u00e4, ett\u00e4 omistamme kaikkien teknologioidemme koko arvoketjun. Keskitymme, jotta menestyisimme.<\/p>\n<h3>K\u00e4sintehty\u00e4 alusta loppuun.<\/h3>\n<p>Tarkkuusmittauslaitteiden valmistajana tied\u00e4mme, ett\u00e4 jokainen yksityiskohta on t\u00e4rke\u00e4. <a href=\"https:\/\/www.gasmet.com\/fi\/tuotteet\/category\/paastomittausjarjestelmat\/\">Tuotteidemme<\/a> suunnittelun ja rakentamisen l\u00e4ht\u00f6kohtina ovat tarkkuus, luotettavuus ja kest\u00e4vyys. Ty\u00f6mme on hyvin organisoitu, ja k\u00e4yt\u00f6ss\u00e4mme on j\u00e4rjestelm\u00e4lliset laaduntarkistusprosessit ja testausprotokollat, joilla varmistamme asiakkaiden kokeman huippulaadun ja yll\u00e4pid\u00e4mme sit\u00e4.<\/p>\n<h3><strong>Sertifikaatit ovat merkki laadukkaasta suorituksesta.<\/strong><\/h3>\n<p><a href=\"https:\/\/www.gasmet.com\/products\/certificates\/\">Sertifikaatit takaavat korkealaatuisen suorituksen<\/a> ja osoittavat, ett\u00e4 noudatamme voimassa olevia lakeja t\u00e4ysim\u00e4\u00e4r\u00e4isesti. Kaikki j\u00e4rjestelm\u00e4mme ovat sertifioituja EN 15267 -standardin mukaisesti. Liikkeenjohdon j\u00e4rjestelm\u00e4n standardit p\u00e4ivitet\u00e4\u00e4n s\u00e4\u00e4nn\u00f6llisesti, ja ne noudattavat ISO 9001, ISO 14001 ja ISO 45001 -standardeja.<\/p>\n<h3><strong>Saavutamme yhteisen tavoitteemme keskin\u00e4isen luottamuksen avulla.<\/strong><\/h3>\n<p>Olemme asiakasl\u00e4ht\u00f6isi\u00e4, eli haluamme tarjota maailmanluokan asiantuntijuutta kaasuanalysaattoreiden alalla l\u00e4pin\u00e4kyv\u00e4sti ja luotettavasti. Uskomme aidosti, ett\u00e4 asiantuntijuutemme ja tietotaitomme voivat auttaa muita saavuttamaan tavoitteensa.<\/p>\n<h3><strong>Maailmanlaajuinen verkosto takaa paikallisen tuen.<\/strong><\/h3>\n<p>Olemme luoneet yli 80 maata kattavan <a href=\"https:\/\/www.gasmet.com\/fi\/ota-yhteytta\/\">jakelijaverkoston<\/a>, joka varmistaa paikalliset myyj\u00e4t ja tuotetuen kaikkialla maailmassa. Luotetut kumppanimme ovat arvostettuja alansa toimijoita ja yll\u00e4pit\u00e4v\u00e4t asiantuntijuuttansa s\u00e4\u00e4nn\u00f6llisten koulutusten avulla.<\/p>\n<h3><strong>Enemm\u00e4n kuin palvelua.<\/strong><\/h3>\n<p>Omistautuneet ja monialaiset asiantuntijamme tarjoavat paljon muutakin kuin pelk\u00e4n laitetuen. Tuemme asiakkaitamme ja tuotteitamme koko asiakkaan tekem\u00e4n investoinnin elinkaaren ajan, jotta asiakkaat voisivat valita meid\u00e4t turvallisin mielin.<\/p>\n<h3><strong>Kaikessa on kyse tiimity\u00f6st\u00e4 ja luottamuksesta.<\/strong><\/h3>\n<p>Luomme yst\u00e4v\u00e4llisyyden, avoimuuden ja ammattimaisuuden kulttuuria. Uskomme, ett\u00e4 t\u00e4m\u00e4 edustaa my\u00f6s asiakkaan ja toimittajan v\u00e4lisen kumppanuuden ydint\u00e4. Ty\u00f6skentelemme tiimin\u00e4 ja luotamme toisiimme. Rehellinen ja tinkim\u00e4t\u00f6n ty\u00f6tapamme on asiakkaillemme n\u00e4kyv\u00e4 osoitus siit\u00e4, ett\u00e4 Gasmetiin voi luottaa.<\/p>\n<h2><strong>Gasmetin motivaatio<\/strong><\/h2>\n<p>K\u00e4yt\u00e4mme tietotaitoamme p\u00e4\u00e4tt\u00e4v\u00e4isesti ja motivoituneesti luodaksemme asiakkaillemme parhaan mahdollisen kokemuksen. Haluamme my\u00f6s tukea asiakkaitamme p\u00e4\u00e4m\u00e4\u00e4rien tavoittelussa, olipa sitten kyse vaatimusten noudattamisesta, ty\u00f6ntekij\u00f6iden paremmasta turvallisuudesta tai halusta tiet\u00e4\u00e4 lis\u00e4\u00e4 maailman hiilitaseesta.<\/p>\n<p>Toimintamme ytimess\u00e4 on halu auttaa muita v\u00e4hent\u00e4m\u00e4\u00e4n teollisia p\u00e4\u00e4st\u00f6j\u00e4 sek\u00e4 suojelemaan ymp\u00e4rist\u00f6\u00e4 ja luontoa. Olemme ylpeit\u00e4 siit\u00e4, ett\u00e4 voimme hy\u00f6dynt\u00e4\u00e4 uusinta teknologiaa ja maailmanluokan asiantuntijuutta toimittaaksemme lupaamamme tuotteet.<\/p>\n<p>Visiomme on tiukasti tulevaisuudessa \u2013 kaikkien tavoittelemassa maailmassa, jossa on v\u00e4hemm\u00e4n p\u00e4\u00e4st\u00f6j\u00e4. Yhteiskunnan haasteet ovat my\u00f6s meid\u00e4n haasteitamme. Toimimme n\u00e4in, koska se on meille mahdollista.<\/p>\n","protected":false},"excerpt":{"rendered":"<p>Gasmet Technologies on vuonna 1990 perustettu suomalainen teknologiakonserni, joka koostuu emoyhti\u00f6st\u00e4 ja viidest\u00e4 ulkomailla sijaitsevasta tyt\u00e4ryhti\u00f6st\u00e4. Ty\u00f6ntekij\u00f6it\u00e4 on yhteens\u00e4 yli 140, ja olemme toimittaneet yli 7 000 FTIR-analysaattoria maailmanlaajuisesti. Gasmet on osa Nederman Groupia ja kuuluu sen Monitoring &amp; Control Technology -divisioonaan yhdess\u00e4 NEO Monitorsin, Olicemin ja Auburnin kanssa. Gasmet toimii my\u00f6s NEO Monitorsin virallisena [&hellip;]<\/p>\n","protected":false},"author":1,"featured_media":15434,"parent":11775,"menu_order":53,"comment_status":"closed","ping_status":"closed","template":"","meta":{"_acf_changed":false,"inline_featured_image":false,"footnotes":""},"tags":[],"class_list":["post-11746","page","type-page","status-publish","has-post-thumbnail","hentry"],"acf":[],"yoast_head":"<!-- This site is optimized with the Yoast SEO plugin v27.2 - https:\/\/yoast.com\/product\/yoast-seo-wordpress\/ -->\n<title>T\u00e4m\u00e4 on Gasmet - Gasmet.fi<\/title>\n<meta name=\"robots\" content=\"index, follow, max-snippet:-1, max-image-preview:large, max-video-preview:-1\" \/>\n<link rel=\"canonical\" href=\"https:\/\/www.gasmet.com\/fi\/yritys\/tama-on-gasmet\/\" \/>\n<meta property=\"og:locale\" content=\"fi_FI\" \/>\n<meta property=\"og:type\" content=\"article\" \/>\n<meta property=\"og:title\" content=\"T\u00e4m\u00e4 on Gasmet - Gasmet.fi\" \/>\n<meta property=\"og:description\" content=\"Gasmet Technologies on vuonna 1990 perustettu suomalainen teknologiakonserni, joka koostuu emoyhti\u00f6st\u00e4 ja viidest\u00e4 ulkomailla sijaitsevasta tyt\u00e4ryhti\u00f6st\u00e4. Ty\u00f6ntekij\u00f6it\u00e4 on yhteens\u00e4 yli 140, ja olemme toimittaneet yli 7 000 FTIR-analysaattoria maailmanlaajuisesti. Gasmet on osa Nederman Groupia ja kuuluu sen Monitoring &amp; Control Technology -divisioonaan yhdess\u00e4 NEO Monitorsin, Olicemin ja Auburnin kanssa. Gasmet toimii my\u00f6s NEO Monitorsin virallisena [&hellip;]\" \/>\n<meta property=\"og:url\" content=\"https:\/\/www.gasmet.com\/fi\/yritys\/tama-on-gasmet\/\" \/>\n<meta property=\"og:site_name\" content=\"Gasmet.fi\" \/>\n<meta property=\"article:modified_time\" content=\"2025-12-23T07:59:48+00:00\" \/>\n<meta property=\"og:image\" content=\"https:\/\/www.gasmet.com\/fi\/wp-content\/uploads\/sites\/9\/2024\/11\/gasmet_brand_cobaltsand.jpg\" \/>\n\t<meta property=\"og:image:width\" content=\"2000\" \/>\n\t<meta property=\"og:image:height\" content=\"500\" \/>\n\t<meta property=\"og:image:type\" content=\"image\/jpeg\" \/>\n<meta name=\"twitter:card\" content=\"summary_large_image\" \/>\n<meta name=\"twitter:label1\" content=\"Arvioitu lukuaika\" \/>\n\t<meta name=\"twitter:data1\" content=\"3 minuuttia\" \/>\n<script type=\"application\/ld+json\" class=\"yoast-schema-graph\">{\"@context\":\"https:\/\/schema.org\",\"@graph\":[{\"@type\":\"WebPage\",\"@id\":\"https:\/\/www.gasmet.com\/fi\/yritys\/tama-on-gasmet\/\",\"url\":\"https:\/\/www.gasmet.com\/fi\/yritys\/tama-on-gasmet\/\",\"name\":\"T\u00e4m\u00e4 on Gasmet - Gasmet.fi\",\"isPartOf\":{\"@id\":\"https:\/\/www.gasmet.com\/fi\/#website\"},\"primaryImageOfPage\":{\"@id\":\"https:\/\/www.gasmet.com\/fi\/yritys\/tama-on-gasmet\/#primaryimage\"},\"image\":{\"@id\":\"https:\/\/www.gasmet.com\/fi\/yritys\/tama-on-gasmet\/#primaryimage\"},\"thumbnailUrl\":\"https:\/\/www.gasmet.com\/fi\/wp-content\/uploads\/sites\/9\/2024\/11\/gasmet_brand_cobaltsand.jpg\",\"datePublished\":\"2020-05-29T06:32:22+00:00\",\"dateModified\":\"2025-12-23T07:59:48+00:00\",\"breadcrumb\":{\"@id\":\"https:\/\/www.gasmet.com\/fi\/yritys\/tama-on-gasmet\/#breadcrumb\"},\"inLanguage\":\"fi\",\"potentialAction\":[{\"@type\":\"ReadAction\",\"target\":[\"https:\/\/www.gasmet.com\/fi\/yritys\/tama-on-gasmet\/\"]}]},{\"@type\":\"ImageObject\",\"inLanguage\":\"fi\",\"@id\":\"https:\/\/www.gasmet.com\/fi\/yritys\/tama-on-gasmet\/#primaryimage\",\"url\":\"https:\/\/www.gasmet.com\/fi\/wp-content\/uploads\/sites\/9\/2024\/11\/gasmet_brand_cobaltsand.jpg\",\"contentUrl\":\"https:\/\/www.gasmet.com\/fi\/wp-content\/uploads\/sites\/9\/2024\/11\/gasmet_brand_cobaltsand.jpg\",\"width\":2000,\"height\":500},{\"@type\":\"BreadcrumbList\",\"@id\":\"https:\/\/www.gasmet.com\/fi\/yritys\/tama-on-gasmet\/#breadcrumb\",\"itemListElement\":[{\"@type\":\"ListItem\",\"position\":1,\"name\":\"Home\",\"item\":\"https:\/\/www.gasmet.com\/fi\/\"},{\"@type\":\"ListItem\",\"position\":2,\"name\":\"Yritys\",\"item\":\"https:\/\/www.gasmet.com\/fi\/yritys\/\"},{\"@type\":\"ListItem\",\"position\":3,\"name\":\"T\u00e4m\u00e4 on Gasmet\"}]},{\"@type\":\"WebSite\",\"@id\":\"https:\/\/www.gasmet.com\/fi\/#website\",\"url\":\"https:\/\/www.gasmet.com\/fi\/\",\"name\":\"Gasmet.fi\",\"description\":\"Know what&#039;s in the air.\",\"potentialAction\":[{\"@type\":\"SearchAction\",\"target\":{\"@type\":\"EntryPoint\",\"urlTemplate\":\"https:\/\/www.gasmet.com\/fi\/?s={search_term_string}\"},\"query-input\":{\"@type\":\"PropertyValueSpecification\",\"valueRequired\":true,\"valueName\":\"search_term_string\"}}],\"inLanguage\":\"fi\"}]}<\/script>\n<!-- \/ Yoast SEO plugin. -->","yoast_head_json":{"title":"T\u00e4m\u00e4 on Gasmet - Gasmet.fi","robots":{"index":"index","follow":"follow","max-snippet":"max-snippet:-1","max-image-preview":"max-image-preview:large","max-video-preview":"max-video-preview:-1"},"canonical":"https:\/\/www.gasmet.com\/fi\/yritys\/tama-on-gasmet\/","og_locale":"fi_FI","og_type":"article","og_title":"T\u00e4m\u00e4 on Gasmet - Gasmet.fi","og_description":"Gasmet Technologies on vuonna 1990 perustettu suomalainen teknologiakonserni, joka koostuu emoyhti\u00f6st\u00e4 ja viidest\u00e4 ulkomailla sijaitsevasta tyt\u00e4ryhti\u00f6st\u00e4. Ty\u00f6ntekij\u00f6it\u00e4 on yhteens\u00e4 yli 140, ja olemme toimittaneet yli 7 000 FTIR-analysaattoria maailmanlaajuisesti. Gasmet on osa Nederman Groupia ja kuuluu sen Monitoring &amp; Control Technology -divisioonaan yhdess\u00e4 NEO Monitorsin, Olicemin ja Auburnin kanssa. Gasmet toimii my\u00f6s NEO Monitorsin virallisena [&hellip;]","og_url":"https:\/\/www.gasmet.com\/fi\/yritys\/tama-on-gasmet\/","og_site_name":"Gasmet.fi","article_modified_time":"2025-12-23T07:59:48+00:00","og_image":[{"width":2000,"height":500,"url":"https:\/\/www.gasmet.com\/fi\/wp-content\/uploads\/sites\/9\/2024\/11\/gasmet_brand_cobaltsand.jpg","type":"image\/jpeg"}],"twitter_card":"summary_large_image","twitter_misc":{"Arvioitu lukuaika":"3 minuuttia"},"schema":{"@context":"https:\/\/schema.org","@graph":[{"@type":"WebPage","@id":"https:\/\/www.gasmet.com\/fi\/yritys\/tama-on-gasmet\/","url":"https:\/\/www.gasmet.com\/fi\/yritys\/tama-on-gasmet\/","name":"T\u00e4m\u00e4 on Gasmet - Gasmet.fi","isPartOf":{"@id":"https:\/\/www.gasmet.com\/fi\/#website"},"primaryImageOfPage":{"@id":"https:\/\/www.gasmet.com\/fi\/yritys\/tama-on-gasmet\/#primaryimage"},"image":{"@id":"https:\/\/www.gasmet.com\/fi\/yritys\/tama-on-gasmet\/#primaryimage"},"thumbnailUrl":"https:\/\/www.gasmet.com\/fi\/wp-content\/uploads\/sites\/9\/2024\/11\/gasmet_brand_cobaltsand.jpg","datePublished":"2020-05-29T06:32:22+00:00","dateModified":"2025-12-23T07:59:48+00:00","breadcrumb":{"@id":"https:\/\/www.gasmet.com\/fi\/yritys\/tama-on-gasmet\/#breadcrumb"},"inLanguage":"fi","potentialAction":[{"@type":"ReadAction","target":["https:\/\/www.gasmet.com\/fi\/yritys\/tama-on-gasmet\/"]}]},{"@type":"ImageObject","inLanguage":"fi","@id":"https:\/\/www.gasmet.com\/fi\/yritys\/tama-on-gasmet\/#primaryimage","url":"https:\/\/www.gasmet.com\/fi\/wp-content\/uploads\/sites\/9\/2024\/11\/gasmet_brand_cobaltsand.jpg","contentUrl":"https:\/\/www.gasmet.com\/fi\/wp-content\/uploads\/sites\/9\/2024\/11\/gasmet_brand_cobaltsand.jpg","width":2000,"height":500},{"@type":"BreadcrumbList","@id":"https:\/\/www.gasmet.com\/fi\/yritys\/tama-on-gasmet\/#breadcrumb","itemListElement":[{"@type":"ListItem","position":1,"name":"Home","item":"https:\/\/www.gasmet.com\/fi\/"},{"@type":"ListItem","position":2,"name":"Yritys","item":"https:\/\/www.gasmet.com\/fi\/yritys\/"},{"@type":"ListItem","position":3,"name":"T\u00e4m\u00e4 on Gasmet"}]},{"@type":"WebSite","@id":"https:\/\/www.gasmet.com\/fi\/#website","url":"https:\/\/www.gasmet.com\/fi\/","name":"Gasmet.fi","description":"Know what&#039;s in the air.","potentialAction":[{"@type":"SearchAction","target":{"@type":"EntryPoint","urlTemplate":"https:\/\/www.gasmet.com\/fi\/?s={search_term_string}"},"query-input":{"@type":"PropertyValueSpecification","valueRequired":true,"valueName":"search_term_string"}}],"inLanguage":"fi"}]}},"_links":{"self":[{"href":"https:\/\/www.gasmet.com\/fi\/wp-json\/wp\/v2\/pages\/11746","targetHints":{"allow":["GET"]}}],"collection":[{"href":"https:\/\/www.gasmet.com\/fi\/wp-json\/wp\/v2\/pages"}],"about":[{"href":"https:\/\/www.gasmet.com\/fi\/wp-json\/wp\/v2\/types\/page"}],"author":[{"embeddable":true,"href":"https:\/\/www.gasmet.com\/fi\/wp-json\/wp\/v2\/users\/1"}],"replies":[{"embeddable":true,"href":"https:\/\/www.gasmet.com\/fi\/wp-json\/wp\/v2\/comments?post=11746"}],"version-history":[{"count":45,"href":"https:\/\/www.gasmet.com\/fi\/wp-json\/wp\/v2\/pages\/11746\/revisions"}],"predecessor-version":[{"id":15713,"href":"https:\/\/www.gasmet.com\/fi\/wp-json\/wp\/v2\/pages\/11746\/revisions\/15713"}],"up":[{"embeddable":true,"href":"https:\/\/www.gasmet.com\/fi\/wp-json\/wp\/v2\/pages\/11775"}],"wp:featuredmedia":[{"embeddable":true,"href":"https:\/\/www.gasmet.com\/fi\/wp-json\/wp\/v2\/media\/15434"}],"wp:attachment":[{"href":"https:\/\/www.gasmet.com\/fi\/wp-json\/wp\/v2\/media?parent=11746"}],"wp:term":[{"taxonomy":"post_tag","embeddable":true,"href":"https:\/\/www.gasmet.com\/fi\/wp-json\/wp\/v2\/tags?post=11746"}],"curies":[{"name":"wp","href":"https:\/\/api.w.org\/{rel}","templated":true}]}}