{"id":11742,"date":"2020-05-29T06:32:22","date_gmt":"2020-05-29T06:32:22","guid":{"rendered":"https:\/\/www.gasmet.com\/fi\/?page_id=11742"},"modified":"2026-03-19T08:42:56","modified_gmt":"2026-03-19T08:42:56","slug":"tarinamme","status":"publish","type":"page","link":"https:\/\/www.gasmet.com\/fi\/yritys\/tarinamme\/","title":{"rendered":"Tarinamme"},"content":{"rendered":"<p>Gasmetin tarina alkoi vuonna <strong>1990<\/strong>, kun suomalainen v\u00e4est\u00f6nsuojia sek\u00e4 r\u00e4j\u00e4hdyksenkest\u00e4vi\u00e4 ja kaasutiiviit\u00e4 ovia valmistava Finntemet Oy osti Scanopticsin FTIR-liiketoiminnan. Syy siihen, ett\u00e4 v\u00e4est\u00f6nsuojien valmistaja oli kiinnostunut kaasuanalyysista oli se, ett\u00e4 Suomessa kaikissa tietyn koon ylitt\u00e4viss\u00e4 rakennuksissa on edellytetty v\u00e4est\u00f6nsuojaa vuodesta 1959 l\u00e4htien. V\u00e4est\u00f6nsuojien sis\u00e4ilma oli luonnollisesti keskeinen huolenaihe. Yritysosto johti Temet Instruments Oy:n syntyyn. T\u00e4ss\u00e4 vaiheessa yrityksess\u00e4 oli vain nelj\u00e4 tutkijaa.<\/p>\n<p>Alkuvuosinaan yritys keskittyi vain <strong>FTIR-teknologian parantamiseen<\/strong>. Yht\u00e4kki\u00e4 p\u00e4\u00e4st\u00f6mittauslaitteiden kysynt\u00e4 alkoi kasvaa nopeasti, kun uutta ymp\u00e4rist\u00f6lains\u00e4\u00e4d\u00e4nt\u00f6\u00e4 s\u00e4\u00e4dettiin ja direktiivit astuivat voimaan. T\u00e4ss\u00e4 vaiheessa Gasmetin tarina alkoi toden teolla.<\/p>\n<p>Ensimm\u00e4inen Gasmetin FTIR-analysaattori myytiin vuonna 1993, ja jo 1994 myynti\u00e4 laajennettiin Eurooppaan ja Yhdysvaltoihin. 2000-luvun alussa yhti\u00f6n tuotteiden kysynt\u00e4 kasvoi ja edellytti suuria investointeja. T\u00e4m\u00e4n seurauksena toimiva johto osti yhti\u00f6n. <strong>Gasmet Technologies Oy <\/strong>perustettiin vuonna 2006.<\/p>\n","protected":false},"excerpt":{"rendered":"<p>Gasmetin tarina alkoi vuonna 1990, kun suomalainen v\u00e4est\u00f6nsuojia sek\u00e4 r\u00e4j\u00e4hdyksenkest\u00e4vi\u00e4 ja kaasutiiviit\u00e4 ovia valmistava Finntemet Oy osti Scanopticsin FTIR-liiketoiminnan. Syy siihen, ett\u00e4 v\u00e4est\u00f6nsuojien valmistaja oli kiinnostunut kaasuanalyysista oli se, ett\u00e4 Suomessa kaikissa tietyn koon ylitt\u00e4viss\u00e4 rakennuksissa on edellytetty v\u00e4est\u00f6nsuojaa vuodesta 1959 l\u00e4htien. V\u00e4est\u00f6nsuojien sis\u00e4ilma oli luonnollisesti keskeinen huolenaihe. Yritysosto johti Temet Instruments Oy:n syntyyn. T\u00e4ss\u00e4 [&hellip;]<\/p>\n","protected":false},"author":1,"featured_media":15434,"parent":11775,"menu_order":55,"comment_status":"closed","ping_status":"closed","template":"","meta":{"_acf_changed":false,"inline_featured_image":false,"footnotes":""},"tags":[],"class_list":["post-11742","page","type-page","status-publish","has-post-thumbnail","hentry"],"acf":[],"yoast_head":"<!-- This site is optimized with the Yoast SEO plugin v27.2 - https:\/\/yoast.com\/product\/yoast-seo-wordpress\/ -->\n<title>Tarinamme - Gasmet.fi<\/title>\n<meta name=\"robots\" content=\"index, follow, max-snippet:-1, max-image-preview:large, max-video-preview:-1\" \/>\n<link rel=\"canonical\" href=\"https:\/\/www.gasmet.com\/fi\/yritys\/tarinamme\/\" \/>\n<meta property=\"og:locale\" content=\"fi_FI\" \/>\n<meta property=\"og:type\" content=\"article\" \/>\n<meta property=\"og:title\" content=\"Tarinamme - Gasmet.fi\" \/>\n<meta property=\"og:description\" content=\"Gasmetin tarina alkoi vuonna 1990, kun suomalainen v\u00e4est\u00f6nsuojia sek\u00e4 r\u00e4j\u00e4hdyksenkest\u00e4vi\u00e4 ja kaasutiiviit\u00e4 ovia valmistava Finntemet Oy osti Scanopticsin FTIR-liiketoiminnan. Syy siihen, ett\u00e4 v\u00e4est\u00f6nsuojien valmistaja oli kiinnostunut kaasuanalyysista oli se, ett\u00e4 Suomessa kaikissa tietyn koon ylitt\u00e4viss\u00e4 rakennuksissa on edellytetty v\u00e4est\u00f6nsuojaa vuodesta 1959 l\u00e4htien. V\u00e4est\u00f6nsuojien sis\u00e4ilma oli luonnollisesti keskeinen huolenaihe. Yritysosto johti Temet Instruments Oy:n syntyyn. T\u00e4ss\u00e4 [&hellip;]\" \/>\n<meta property=\"og:url\" content=\"https:\/\/www.gasmet.com\/fi\/yritys\/tarinamme\/\" \/>\n<meta property=\"og:site_name\" content=\"Gasmet.fi\" \/>\n<meta property=\"article:modified_time\" content=\"2026-03-19T08:42:56+00:00\" \/>\n<meta property=\"og:image\" content=\"https:\/\/www.gasmet.com\/fi\/wp-content\/uploads\/sites\/9\/2024\/11\/gasmet_brand_cobaltsand.jpg\" \/>\n\t<meta property=\"og:image:width\" content=\"2000\" \/>\n\t<meta property=\"og:image:height\" content=\"500\" \/>\n\t<meta property=\"og:image:type\" content=\"image\/jpeg\" \/>\n<meta name=\"twitter:card\" content=\"summary_large_image\" \/>\n<meta name=\"twitter:label1\" content=\"Arvioitu lukuaika\" \/>\n\t<meta name=\"twitter:data1\" content=\"1 minuutti\" \/>\n<script type=\"application\/ld+json\" class=\"yoast-schema-graph\">{\"@context\":\"https:\/\/schema.org\",\"@graph\":[{\"@type\":\"WebPage\",\"@id\":\"https:\/\/www.gasmet.com\/fi\/yritys\/tarinamme\/\",\"url\":\"https:\/\/www.gasmet.com\/fi\/yritys\/tarinamme\/\",\"name\":\"Tarinamme - Gasmet.fi\",\"isPartOf\":{\"@id\":\"https:\/\/www.gasmet.com\/fi\/#website\"},\"primaryImageOfPage\":{\"@id\":\"https:\/\/www.gasmet.com\/fi\/yritys\/tarinamme\/#primaryimage\"},\"image\":{\"@id\":\"https:\/\/www.gasmet.com\/fi\/yritys\/tarinamme\/#primaryimage\"},\"thumbnailUrl\":\"https:\/\/www.gasmet.com\/fi\/wp-content\/uploads\/sites\/9\/2024\/11\/gasmet_brand_cobaltsand.jpg\",\"datePublished\":\"2020-05-29T06:32:22+00:00\",\"dateModified\":\"2026-03-19T08:42:56+00:00\",\"breadcrumb\":{\"@id\":\"https:\/\/www.gasmet.com\/fi\/yritys\/tarinamme\/#breadcrumb\"},\"inLanguage\":\"fi\",\"potentialAction\":[{\"@type\":\"ReadAction\",\"target\":[\"https:\/\/www.gasmet.com\/fi\/yritys\/tarinamme\/\"]}]},{\"@type\":\"ImageObject\",\"inLanguage\":\"fi\",\"@id\":\"https:\/\/www.gasmet.com\/fi\/yritys\/tarinamme\/#primaryimage\",\"url\":\"https:\/\/www.gasmet.com\/fi\/wp-content\/uploads\/sites\/9\/2024\/11\/gasmet_brand_cobaltsand.jpg\",\"contentUrl\":\"https:\/\/www.gasmet.com\/fi\/wp-content\/uploads\/sites\/9\/2024\/11\/gasmet_brand_cobaltsand.jpg\",\"width\":2000,\"height\":500},{\"@type\":\"BreadcrumbList\",\"@id\":\"https:\/\/www.gasmet.com\/fi\/yritys\/tarinamme\/#breadcrumb\",\"itemListElement\":[{\"@type\":\"ListItem\",\"position\":1,\"name\":\"Home\",\"item\":\"https:\/\/www.gasmet.com\/fi\/\"},{\"@type\":\"ListItem\",\"position\":2,\"name\":\"Yritys\",\"item\":\"https:\/\/www.gasmet.com\/fi\/yritys\/\"},{\"@type\":\"ListItem\",\"position\":3,\"name\":\"Tarinamme\"}]},{\"@type\":\"WebSite\",\"@id\":\"https:\/\/www.gasmet.com\/fi\/#website\",\"url\":\"https:\/\/www.gasmet.com\/fi\/\",\"name\":\"Gasmet.fi\",\"description\":\"Know what&#039;s in the air.\",\"potentialAction\":[{\"@type\":\"SearchAction\",\"target\":{\"@type\":\"EntryPoint\",\"urlTemplate\":\"https:\/\/www.gasmet.com\/fi\/?s={search_term_string}\"},\"query-input\":{\"@type\":\"PropertyValueSpecification\",\"valueRequired\":true,\"valueName\":\"search_term_string\"}}],\"inLanguage\":\"fi\"}]}<\/script>\n<!-- \/ Yoast SEO plugin. -->","yoast_head_json":{"title":"Tarinamme - Gasmet.fi","robots":{"index":"index","follow":"follow","max-snippet":"max-snippet:-1","max-image-preview":"max-image-preview:large","max-video-preview":"max-video-preview:-1"},"canonical":"https:\/\/www.gasmet.com\/fi\/yritys\/tarinamme\/","og_locale":"fi_FI","og_type":"article","og_title":"Tarinamme - Gasmet.fi","og_description":"Gasmetin tarina alkoi vuonna 1990, kun suomalainen v\u00e4est\u00f6nsuojia sek\u00e4 r\u00e4j\u00e4hdyksenkest\u00e4vi\u00e4 ja kaasutiiviit\u00e4 ovia valmistava Finntemet Oy osti Scanopticsin FTIR-liiketoiminnan. Syy siihen, ett\u00e4 v\u00e4est\u00f6nsuojien valmistaja oli kiinnostunut kaasuanalyysista oli se, ett\u00e4 Suomessa kaikissa tietyn koon ylitt\u00e4viss\u00e4 rakennuksissa on edellytetty v\u00e4est\u00f6nsuojaa vuodesta 1959 l\u00e4htien. V\u00e4est\u00f6nsuojien sis\u00e4ilma oli luonnollisesti keskeinen huolenaihe. Yritysosto johti Temet Instruments Oy:n syntyyn. T\u00e4ss\u00e4 [&hellip;]","og_url":"https:\/\/www.gasmet.com\/fi\/yritys\/tarinamme\/","og_site_name":"Gasmet.fi","article_modified_time":"2026-03-19T08:42:56+00:00","og_image":[{"width":2000,"height":500,"url":"https:\/\/www.gasmet.com\/fi\/wp-content\/uploads\/sites\/9\/2024\/11\/gasmet_brand_cobaltsand.jpg","type":"image\/jpeg"}],"twitter_card":"summary_large_image","twitter_misc":{"Arvioitu lukuaika":"1 minuutti"},"schema":{"@context":"https:\/\/schema.org","@graph":[{"@type":"WebPage","@id":"https:\/\/www.gasmet.com\/fi\/yritys\/tarinamme\/","url":"https:\/\/www.gasmet.com\/fi\/yritys\/tarinamme\/","name":"Tarinamme - Gasmet.fi","isPartOf":{"@id":"https:\/\/www.gasmet.com\/fi\/#website"},"primaryImageOfPage":{"@id":"https:\/\/www.gasmet.com\/fi\/yritys\/tarinamme\/#primaryimage"},"image":{"@id":"https:\/\/www.gasmet.com\/fi\/yritys\/tarinamme\/#primaryimage"},"thumbnailUrl":"https:\/\/www.gasmet.com\/fi\/wp-content\/uploads\/sites\/9\/2024\/11\/gasmet_brand_cobaltsand.jpg","datePublished":"2020-05-29T06:32:22+00:00","dateModified":"2026-03-19T08:42:56+00:00","breadcrumb":{"@id":"https:\/\/www.gasmet.com\/fi\/yritys\/tarinamme\/#breadcrumb"},"inLanguage":"fi","potentialAction":[{"@type":"ReadAction","target":["https:\/\/www.gasmet.com\/fi\/yritys\/tarinamme\/"]}]},{"@type":"ImageObject","inLanguage":"fi","@id":"https:\/\/www.gasmet.com\/fi\/yritys\/tarinamme\/#primaryimage","url":"https:\/\/www.gasmet.com\/fi\/wp-content\/uploads\/sites\/9\/2024\/11\/gasmet_brand_cobaltsand.jpg","contentUrl":"https:\/\/www.gasmet.com\/fi\/wp-content\/uploads\/sites\/9\/2024\/11\/gasmet_brand_cobaltsand.jpg","width":2000,"height":500},{"@type":"BreadcrumbList","@id":"https:\/\/www.gasmet.com\/fi\/yritys\/tarinamme\/#breadcrumb","itemListElement":[{"@type":"ListItem","position":1,"name":"Home","item":"https:\/\/www.gasmet.com\/fi\/"},{"@type":"ListItem","position":2,"name":"Yritys","item":"https:\/\/www.gasmet.com\/fi\/yritys\/"},{"@type":"ListItem","position":3,"name":"Tarinamme"}]},{"@type":"WebSite","@id":"https:\/\/www.gasmet.com\/fi\/#website","url":"https:\/\/www.gasmet.com\/fi\/","name":"Gasmet.fi","description":"Know what&#039;s in the air.","potentialAction":[{"@type":"SearchAction","target":{"@type":"EntryPoint","urlTemplate":"https:\/\/www.gasmet.com\/fi\/?s={search_term_string}"},"query-input":{"@type":"PropertyValueSpecification","valueRequired":true,"valueName":"search_term_string"}}],"inLanguage":"fi"}]}},"_links":{"self":[{"href":"https:\/\/www.gasmet.com\/fi\/wp-json\/wp\/v2\/pages\/11742","targetHints":{"allow":["GET"]}}],"collection":[{"href":"https:\/\/www.gasmet.com\/fi\/wp-json\/wp\/v2\/pages"}],"about":[{"href":"https:\/\/www.gasmet.com\/fi\/wp-json\/wp\/v2\/types\/page"}],"author":[{"embeddable":true,"href":"https:\/\/www.gasmet.com\/fi\/wp-json\/wp\/v2\/users\/1"}],"replies":[{"embeddable":true,"href":"https:\/\/www.gasmet.com\/fi\/wp-json\/wp\/v2\/comments?post=11742"}],"version-history":[{"count":13,"href":"https:\/\/www.gasmet.com\/fi\/wp-json\/wp\/v2\/pages\/11742\/revisions"}],"predecessor-version":[{"id":15816,"href":"https:\/\/www.gasmet.com\/fi\/wp-json\/wp\/v2\/pages\/11742\/revisions\/15816"}],"up":[{"embeddable":true,"href":"https:\/\/www.gasmet.com\/fi\/wp-json\/wp\/v2\/pages\/11775"}],"wp:featuredmedia":[{"embeddable":true,"href":"https:\/\/www.gasmet.com\/fi\/wp-json\/wp\/v2\/media\/15434"}],"wp:attachment":[{"href":"https:\/\/www.gasmet.com\/fi\/wp-json\/wp\/v2\/media?parent=11742"}],"wp:term":[{"taxonomy":"post_tag","embeddable":true,"href":"https:\/\/www.gasmet.com\/fi\/wp-json\/wp\/v2\/tags?post=11742"}],"curies":[{"name":"wp","href":"https:\/\/api.w.org\/{rel}","templated":true}]}}