{"id":11738,"date":"2020-05-29T06:32:21","date_gmt":"2020-05-29T06:32:21","guid":{"rendered":"https:\/\/www.gasmet.com\/fi\/?page_id=11738"},"modified":"2024-11-14T14:17:38","modified_gmt":"2024-11-14T14:17:38","slug":"ftir","status":"publish","type":"page","link":"https:\/\/www.gasmet.com\/fi\/tuotteet\/teknologia\/ftir\/","title":{"rendered":"FTIR"},"content":{"rendered":"<h2>Mit\u00e4 Tarkoittaa FTIR?<\/h2>\n<p><strong>Fourier-muunnosta hy\u00f6dynt\u00e4v\u00e4 infrapunaspektroskopia<\/strong> (FTIR) on tehokas kaasunmittausteknologia, joka mahdollistaa aidon <strong>monikaasumittauksen<\/strong>. Alun perin haastavaan tutkimusk\u00e4ytt\u00f6\u00f6n k\u00e4ytetty teknologia on my\u00f6hemmin osoittautunut eritt\u00e4in luotettavaksi ja monipuoliseksi, ja siit\u00e4 on tullut <strong>vakiomenetelm\u00e4<\/strong> monissa haastavissa <a href=\"https:\/\/www.gasmet.com\/fi\/sovellukset\/paastot\/\">p\u00e4\u00e4st\u00f6mittaussovelluksissa<\/a>.<\/p>\n<h2>Miten FTIR Toimii?<\/h2>\n<p>Useimmat kaasut absorboivat infrapunavaloa joillakin infrapunaspektrin aallonpituuksilla. Kaasun molekyylirakenne m\u00e4\u00e4ritt\u00e4\u00e4 absorptioiden sijainnin ja voimakkuuden, jolloin jokaisella kaasulla on <strong>yksil\u00f6llinen absorptiospektri<\/strong>. T\u00e4t\u00e4 ainutlaatuista spektri\u00e4 voidaan k\u00e4ytt\u00e4\u00e4 sormenj\u00e4ljen tapaan n\u00e4ytteen kaasujen tunnistamiseen ja mittaamiseen.<\/p>\n<p>FTIR-analysaattori mittaa koko infrapunaspektrin kerralla ja laskee kunkin kaasun pitoisuuden n\u00e4ytteess\u00e4 Beerin ja Lambertin lain mukaisesti. Koska koko infrapunaspektri luetaan kerralla, kaikkia n\u00e4ytteen kaasuja voidaan mitata kerralla. T\u00e4m\u00e4 mahdollistaa eritt\u00e4in nopeat monikomponenttimittaukset ja mahdollisten ristih\u00e4iri\u00f6iden kompensoimisen.<\/p>\n<p>Koska kaikki kaasut mitataan samasta infrapunaspektrist\u00e4, uusia yhdisteit\u00e4 voidaan lis\u00e4t\u00e4 helposti ohjelmiston kautta ilman laitemuutosten tarvetta. Analyysi ei my\u00f6sk\u00e4\u00e4n muuta tallennettuja spektrej\u00e4, joten niit\u00e4 voidaan analysoida uudelleen my\u00f6hemmin. T\u00e4m\u00e4 mahdollistaa tietojen j\u00e4ljitett\u00e4vyyden ja esimerkiksi uusien kaasujen tarkastamisen mittauksista j\u00e4lkik\u00e4teen.<\/p>\n<p>Kaikki t\u00e4m\u00e4 tekee FTIR-teknologiasta ihanteellisen ratkaisun lukuisiin <a href=\"https:\/\/www.gasmet.com\/fi\/sovellukset\/paastot\/\">sovelluksiin<\/a>, joissa useita kaasuja on mitattava nopeasti, tarkasti ja luotettavasti.<\/p>\n<p>Oheisella videolla sovelluskemisti Veikko Halkosaari kertoo lyhyesti mit\u00e4 FTIR tarkoittaa:<\/p>\n<p><iframe loading=\"lazy\" title=\"YouTube video player\" src=\"https:\/\/www.youtube-nocookie.com\/embed\/MZw3hjRMQBw\" width=\"560\" height=\"315\" frameborder=\"0\" allowfullscreen=\"allowfullscreen\"><\/iframe><\/p>\n<p>Voit my\u00f6s ladata FTIR oppaamme ymm\u00e4rt\u00e4\u00e4ksesi tarkemmin miten teknologiaa k\u00e4ytet\u00e4\u00e4n kaasuanalysiin.<\/p>\n<p><a href=\"https:\/\/info.gasmet.com\/download-ftir-technology-white-paper\">Lataa FTIR Technology White paper<\/a><\/p>\n","protected":false},"excerpt":{"rendered":"<p>Mit\u00e4 Tarkoittaa FTIR? Fourier-muunnosta hy\u00f6dynt\u00e4v\u00e4 infrapunaspektroskopia (FTIR) on tehokas kaasunmittausteknologia, joka mahdollistaa aidon monikaasumittauksen. Alun perin haastavaan tutkimusk\u00e4ytt\u00f6\u00f6n k\u00e4ytetty teknologia on my\u00f6hemmin osoittautunut eritt\u00e4in luotettavaksi ja monipuoliseksi, ja siit\u00e4 on tullut vakiomenetelm\u00e4 monissa haastavissa p\u00e4\u00e4st\u00f6mittaussovelluksissa. Miten FTIR Toimii? Useimmat kaasut absorboivat infrapunavaloa joillakin infrapunaspektrin aallonpituuksilla. Kaasun molekyylirakenne m\u00e4\u00e4ritt\u00e4\u00e4 absorptioiden sijainnin ja voimakkuuden, jolloin jokaisella kaasulla [&hellip;]<\/p>\n","protected":false},"author":1,"featured_media":15434,"parent":14249,"menu_order":43,"comment_status":"closed","ping_status":"closed","template":"","meta":{"_acf_changed":false,"inline_featured_image":false,"footnotes":""},"tags":[],"class_list":["post-11738","page","type-page","status-publish","has-post-thumbnail","hentry"],"acf":[],"yoast_head":"<!-- This site is optimized with the Yoast SEO plugin v27.2 - https:\/\/yoast.com\/product\/yoast-seo-wordpress\/ -->\n<title>FTIR - Gasmet.fi<\/title>\n<meta name=\"robots\" content=\"index, follow, max-snippet:-1, max-image-preview:large, max-video-preview:-1\" \/>\n<link rel=\"canonical\" href=\"https:\/\/www.gasmet.com\/fi\/tuotteet\/teknologia\/ftir\/\" \/>\n<meta property=\"og:locale\" content=\"fi_FI\" \/>\n<meta property=\"og:type\" content=\"article\" \/>\n<meta property=\"og:title\" content=\"FTIR - Gasmet.fi\" \/>\n<meta property=\"og:description\" content=\"Mit\u00e4 Tarkoittaa FTIR? Fourier-muunnosta hy\u00f6dynt\u00e4v\u00e4 infrapunaspektroskopia (FTIR) on tehokas kaasunmittausteknologia, joka mahdollistaa aidon monikaasumittauksen. Alun perin haastavaan tutkimusk\u00e4ytt\u00f6\u00f6n k\u00e4ytetty teknologia on my\u00f6hemmin osoittautunut eritt\u00e4in luotettavaksi ja monipuoliseksi, ja siit\u00e4 on tullut vakiomenetelm\u00e4 monissa haastavissa p\u00e4\u00e4st\u00f6mittaussovelluksissa. Miten FTIR Toimii? Useimmat kaasut absorboivat infrapunavaloa joillakin infrapunaspektrin aallonpituuksilla. Kaasun molekyylirakenne m\u00e4\u00e4ritt\u00e4\u00e4 absorptioiden sijainnin ja voimakkuuden, jolloin jokaisella kaasulla [&hellip;]\" \/>\n<meta property=\"og:url\" content=\"https:\/\/www.gasmet.com\/fi\/tuotteet\/teknologia\/ftir\/\" \/>\n<meta property=\"og:site_name\" content=\"Gasmet.fi\" \/>\n<meta property=\"article:modified_time\" content=\"2024-11-14T14:17:38+00:00\" \/>\n<meta property=\"og:image\" content=\"https:\/\/www.gasmet.com\/fi\/wp-content\/uploads\/sites\/9\/2024\/11\/gasmet_brand_cobaltsand.jpg\" \/>\n\t<meta property=\"og:image:width\" content=\"2000\" \/>\n\t<meta property=\"og:image:height\" content=\"500\" \/>\n\t<meta property=\"og:image:type\" content=\"image\/jpeg\" \/>\n<meta name=\"twitter:card\" content=\"summary_large_image\" \/>\n<meta name=\"twitter:label1\" content=\"Arvioitu lukuaika\" \/>\n\t<meta name=\"twitter:data1\" content=\"2 minuuttia\" \/>\n<script type=\"application\/ld+json\" class=\"yoast-schema-graph\">{\"@context\":\"https:\/\/schema.org\",\"@graph\":[{\"@type\":\"WebPage\",\"@id\":\"https:\/\/www.gasmet.com\/fi\/tuotteet\/teknologia\/ftir\/\",\"url\":\"https:\/\/www.gasmet.com\/fi\/tuotteet\/teknologia\/ftir\/\",\"name\":\"FTIR - Gasmet.fi\",\"isPartOf\":{\"@id\":\"https:\/\/www.gasmet.com\/fi\/#website\"},\"primaryImageOfPage\":{\"@id\":\"https:\/\/www.gasmet.com\/fi\/tuotteet\/teknologia\/ftir\/#primaryimage\"},\"image\":{\"@id\":\"https:\/\/www.gasmet.com\/fi\/tuotteet\/teknologia\/ftir\/#primaryimage\"},\"thumbnailUrl\":\"https:\/\/www.gasmet.com\/fi\/wp-content\/uploads\/sites\/9\/2024\/11\/gasmet_brand_cobaltsand.jpg\",\"datePublished\":\"2020-05-29T06:32:21+00:00\",\"dateModified\":\"2024-11-14T14:17:38+00:00\",\"breadcrumb\":{\"@id\":\"https:\/\/www.gasmet.com\/fi\/tuotteet\/teknologia\/ftir\/#breadcrumb\"},\"inLanguage\":\"fi\",\"potentialAction\":[{\"@type\":\"ReadAction\",\"target\":[\"https:\/\/www.gasmet.com\/fi\/tuotteet\/teknologia\/ftir\/\"]}]},{\"@type\":\"ImageObject\",\"inLanguage\":\"fi\",\"@id\":\"https:\/\/www.gasmet.com\/fi\/tuotteet\/teknologia\/ftir\/#primaryimage\",\"url\":\"https:\/\/www.gasmet.com\/fi\/wp-content\/uploads\/sites\/9\/2024\/11\/gasmet_brand_cobaltsand.jpg\",\"contentUrl\":\"https:\/\/www.gasmet.com\/fi\/wp-content\/uploads\/sites\/9\/2024\/11\/gasmet_brand_cobaltsand.jpg\",\"width\":2000,\"height\":500},{\"@type\":\"BreadcrumbList\",\"@id\":\"https:\/\/www.gasmet.com\/fi\/tuotteet\/teknologia\/ftir\/#breadcrumb\",\"itemListElement\":[{\"@type\":\"ListItem\",\"position\":1,\"name\":\"Home\",\"item\":\"https:\/\/www.gasmet.com\/fi\/\"},{\"@type\":\"ListItem\",\"position\":2,\"name\":\"Tuotteet\",\"item\":\"https:\/\/www.gasmet.com\/fi\/tuotteet\/\"},{\"@type\":\"ListItem\",\"position\":3,\"name\":\"Teknologia\",\"item\":\"https:\/\/www.gasmet.com\/fi\/tuotteet\/teknologia\/\"},{\"@type\":\"ListItem\",\"position\":4,\"name\":\"FTIR\"}]},{\"@type\":\"WebSite\",\"@id\":\"https:\/\/www.gasmet.com\/fi\/#website\",\"url\":\"https:\/\/www.gasmet.com\/fi\/\",\"name\":\"Gasmet.fi\",\"description\":\"Know what&#039;s in the air.\",\"potentialAction\":[{\"@type\":\"SearchAction\",\"target\":{\"@type\":\"EntryPoint\",\"urlTemplate\":\"https:\/\/www.gasmet.com\/fi\/?s={search_term_string}\"},\"query-input\":{\"@type\":\"PropertyValueSpecification\",\"valueRequired\":true,\"valueName\":\"search_term_string\"}}],\"inLanguage\":\"fi\"}]}<\/script>\n<!-- \/ Yoast SEO plugin. -->","yoast_head_json":{"title":"FTIR - Gasmet.fi","robots":{"index":"index","follow":"follow","max-snippet":"max-snippet:-1","max-image-preview":"max-image-preview:large","max-video-preview":"max-video-preview:-1"},"canonical":"https:\/\/www.gasmet.com\/fi\/tuotteet\/teknologia\/ftir\/","og_locale":"fi_FI","og_type":"article","og_title":"FTIR - Gasmet.fi","og_description":"Mit\u00e4 Tarkoittaa FTIR? Fourier-muunnosta hy\u00f6dynt\u00e4v\u00e4 infrapunaspektroskopia (FTIR) on tehokas kaasunmittausteknologia, joka mahdollistaa aidon monikaasumittauksen. Alun perin haastavaan tutkimusk\u00e4ytt\u00f6\u00f6n k\u00e4ytetty teknologia on my\u00f6hemmin osoittautunut eritt\u00e4in luotettavaksi ja monipuoliseksi, ja siit\u00e4 on tullut vakiomenetelm\u00e4 monissa haastavissa p\u00e4\u00e4st\u00f6mittaussovelluksissa. Miten FTIR Toimii? Useimmat kaasut absorboivat infrapunavaloa joillakin infrapunaspektrin aallonpituuksilla. Kaasun molekyylirakenne m\u00e4\u00e4ritt\u00e4\u00e4 absorptioiden sijainnin ja voimakkuuden, jolloin jokaisella kaasulla [&hellip;]","og_url":"https:\/\/www.gasmet.com\/fi\/tuotteet\/teknologia\/ftir\/","og_site_name":"Gasmet.fi","article_modified_time":"2024-11-14T14:17:38+00:00","og_image":[{"width":2000,"height":500,"url":"https:\/\/www.gasmet.com\/fi\/wp-content\/uploads\/sites\/9\/2024\/11\/gasmet_brand_cobaltsand.jpg","type":"image\/jpeg"}],"twitter_card":"summary_large_image","twitter_misc":{"Arvioitu lukuaika":"2 minuuttia"},"schema":{"@context":"https:\/\/schema.org","@graph":[{"@type":"WebPage","@id":"https:\/\/www.gasmet.com\/fi\/tuotteet\/teknologia\/ftir\/","url":"https:\/\/www.gasmet.com\/fi\/tuotteet\/teknologia\/ftir\/","name":"FTIR - Gasmet.fi","isPartOf":{"@id":"https:\/\/www.gasmet.com\/fi\/#website"},"primaryImageOfPage":{"@id":"https:\/\/www.gasmet.com\/fi\/tuotteet\/teknologia\/ftir\/#primaryimage"},"image":{"@id":"https:\/\/www.gasmet.com\/fi\/tuotteet\/teknologia\/ftir\/#primaryimage"},"thumbnailUrl":"https:\/\/www.gasmet.com\/fi\/wp-content\/uploads\/sites\/9\/2024\/11\/gasmet_brand_cobaltsand.jpg","datePublished":"2020-05-29T06:32:21+00:00","dateModified":"2024-11-14T14:17:38+00:00","breadcrumb":{"@id":"https:\/\/www.gasmet.com\/fi\/tuotteet\/teknologia\/ftir\/#breadcrumb"},"inLanguage":"fi","potentialAction":[{"@type":"ReadAction","target":["https:\/\/www.gasmet.com\/fi\/tuotteet\/teknologia\/ftir\/"]}]},{"@type":"ImageObject","inLanguage":"fi","@id":"https:\/\/www.gasmet.com\/fi\/tuotteet\/teknologia\/ftir\/#primaryimage","url":"https:\/\/www.gasmet.com\/fi\/wp-content\/uploads\/sites\/9\/2024\/11\/gasmet_brand_cobaltsand.jpg","contentUrl":"https:\/\/www.gasmet.com\/fi\/wp-content\/uploads\/sites\/9\/2024\/11\/gasmet_brand_cobaltsand.jpg","width":2000,"height":500},{"@type":"BreadcrumbList","@id":"https:\/\/www.gasmet.com\/fi\/tuotteet\/teknologia\/ftir\/#breadcrumb","itemListElement":[{"@type":"ListItem","position":1,"name":"Home","item":"https:\/\/www.gasmet.com\/fi\/"},{"@type":"ListItem","position":2,"name":"Tuotteet","item":"https:\/\/www.gasmet.com\/fi\/tuotteet\/"},{"@type":"ListItem","position":3,"name":"Teknologia","item":"https:\/\/www.gasmet.com\/fi\/tuotteet\/teknologia\/"},{"@type":"ListItem","position":4,"name":"FTIR"}]},{"@type":"WebSite","@id":"https:\/\/www.gasmet.com\/fi\/#website","url":"https:\/\/www.gasmet.com\/fi\/","name":"Gasmet.fi","description":"Know what&#039;s in the air.","potentialAction":[{"@type":"SearchAction","target":{"@type":"EntryPoint","urlTemplate":"https:\/\/www.gasmet.com\/fi\/?s={search_term_string}"},"query-input":{"@type":"PropertyValueSpecification","valueRequired":true,"valueName":"search_term_string"}}],"inLanguage":"fi"}]}},"_links":{"self":[{"href":"https:\/\/www.gasmet.com\/fi\/wp-json\/wp\/v2\/pages\/11738","targetHints":{"allow":["GET"]}}],"collection":[{"href":"https:\/\/www.gasmet.com\/fi\/wp-json\/wp\/v2\/pages"}],"about":[{"href":"https:\/\/www.gasmet.com\/fi\/wp-json\/wp\/v2\/types\/page"}],"author":[{"embeddable":true,"href":"https:\/\/www.gasmet.com\/fi\/wp-json\/wp\/v2\/users\/1"}],"replies":[{"embeddable":true,"href":"https:\/\/www.gasmet.com\/fi\/wp-json\/wp\/v2\/comments?post=11738"}],"version-history":[{"count":35,"href":"https:\/\/www.gasmet.com\/fi\/wp-json\/wp\/v2\/pages\/11738\/revisions"}],"predecessor-version":[{"id":14270,"href":"https:\/\/www.gasmet.com\/fi\/wp-json\/wp\/v2\/pages\/11738\/revisions\/14270"}],"up":[{"embeddable":true,"href":"https:\/\/www.gasmet.com\/fi\/wp-json\/wp\/v2\/pages\/14249"}],"wp:featuredmedia":[{"embeddable":true,"href":"https:\/\/www.gasmet.com\/fi\/wp-json\/wp\/v2\/media\/15434"}],"wp:attachment":[{"href":"https:\/\/www.gasmet.com\/fi\/wp-json\/wp\/v2\/media?parent=11738"}],"wp:term":[{"taxonomy":"post_tag","embeddable":true,"href":"https:\/\/www.gasmet.com\/fi\/wp-json\/wp\/v2\/tags?post=11738"}],"curies":[{"name":"wp","href":"https:\/\/api.w.org\/{rel}","templated":true}]}}