{"id":11726,"date":"2020-05-29T06:32:20","date_gmt":"2020-05-29T06:32:20","guid":{"rendered":"https:\/\/www.gasmet.com\/fi\/?page_id=11726"},"modified":"2024-07-26T11:16:44","modified_gmt":"2024-07-26T11:16:44","slug":"ymparisto","status":"publish","type":"page","link":"https:\/\/www.gasmet.com\/fi\/sovellukset\/ymparisto\/","title":{"rendered":"Ymp\u00e4rist\u00f6"},"content":{"rendered":"<p><em>Kasvihuonekaasut, kuten hiilidioksidi, metaani ja typpioksiduuli, ovat huomattava uhka ilmastolle. Ilmastonmuutos ei ole kaukana tulevaisuudessa, emmek\u00e4 voi j\u00e4\u00e4d\u00e4 vain pohtimaan sit\u00e4. Ilmastonmuutos on keskuudessamme jo nyt. Olemme Gasmetilla tietoisia siit\u00e4, kuinka merkitt\u00e4v\u00e4 rooli meill\u00e4 on i<a href=\"https:\/\/blog.gasmet.com\/gasmet-analyzers-help-research-find-answers-to-climate-change\" target=\"_blank\" rel=\"noopener noreferrer\">lmastonmuutoksen<\/a> ehk\u00e4isemisess\u00e4 sek\u00e4 luonnon suojelussa, kun tarjoamme huipputeknologiaa edustavia ty\u00f6kaluja kaasuanalyysia varten tutkijoille ja tutkijaryhmille kaikkialla maailmassa.<\/em><\/p>\n<h2>Parempi ymm\u00e4rrys ilmastonmuutoksesta ja ymp\u00e4rist\u00f6st\u00e4<\/h2>\n<p>Kasvihuonekaasut aiheuttavat muutoksia maapallon s\u00e4teilytasapainoon varastoimalla osan l\u00e4htev\u00e4st\u00e4 energiasta. T\u00e4m\u00e4 vaikuttaa auringosta saatavan energian ja maapallolta l\u00e4htev\u00e4n energian v\u00e4liseen tasapainoon, mik\u00e4 muuttaa maapallon ilmastoa ja s\u00e4\u00e4tilaa. T\u00e4ll\u00e4 on valtava vaikutus ymp\u00e4rist\u00f6\u00f6n. Valmistamme ymp\u00e4rist\u00f6nsuojelua edist\u00e4vi\u00e4 kaasuanalyysiratkaisuja, jotta voisit ymm\u00e4rt\u00e4\u00e4 kasvihuonekaasujen taustalla olevia mekanismeja paremmin. Tutkimuksen pohjalla on useimmiten se, miten maaper\u00e4n ja karjan hallinnalla voidaan vaikuttaa n\u00e4iden kaasujen v\u00e4liseen tasapainoon. Ymp\u00e4rist\u00f6n tarkkailuun tarkoitetut huippuluokan kaasuanalysaattorimme auttavat asiakkaita saavuttamaan tutkimustavoitteensa luotettavalla ja kustannustehokkaalla tavalla. Korkean teknologian yrityksen\u00e4 tunnistamme teknologian tehon ja uskomme, ett\u00e4 ratkaisumme voivat auttaa muuttamaan ilmaston l\u00e4mpenemisen suuntaa tukemalla <a href=\"https:\/\/blog.gasmet.com\/gasmet-analyzers-help-research-find-answers-to-climate-change\" target=\"_blank\" rel=\"noopener noreferrer\">ilmastonmuutoksen tutkimusta.<\/a><\/p>\n<h3>Kaasuanalysointia moniin k\u00e4ytt\u00f6tarkoituksiin<\/h3>\n<ul>\n<li>Maaper\u00e4n biologiset ja abiologiset prosessit ovat merkitt\u00e4v\u00e4 kasvihuonekaasujen l\u00e4hde. <a href=\"https:\/\/www.gasmet.com\/fi\/sovellukset\/ymparisto\/maaperan-kasvihuonekaasut\/\" target=\"_blank\" rel=\"noopener noreferrer\">Maaper\u00e4n kasvihuonekaasujen<\/a>, kuten hiilidioksidin (CO2), metaanin (CH4) ja typpioksiduulin (N2O), mittaaminen on t\u00e4rke\u00e4 osa ilmastonmuutokseen liittyv\u00e4\u00e4 tutkimusta.<\/li>\n<li>M\u00e4rehtij\u00f6iden ruoansulatusprosessi tuottaa huomattavan osan ihmisen toiminnasta aiheutuvista kasvihuonekaasup\u00e4\u00e4st\u00f6ist\u00e4, erityisesti metaanista (CH4). N\u00e4it\u00e4 <a href=\"https:\/\/www.gasmet.com\/fi\/sovellukset\/ymparisto\/marehtijoiden-kasvihuonekaasut\/\" target=\"_blank\" rel=\"noopener noreferrer\">karjasta l\u00e4ht\u00f6isin olevia kasvihuonekaasuja<\/a> voidaan mitata kannettavalla monikaasuanalysaattorilla, joka antaa tutkijoille keinot ymm\u00e4rt\u00e4\u00e4 ja analysoida n\u00e4it\u00e4 prosesseja heti paikan p\u00e4\u00e4ll\u00e4.<\/li>\n<\/ul>\n<p><strong>Oletko ep\u00e4varma soveltuuko Gasmetin ratkaisut tarpeisiinsa? <a href=\"https:\/\/www.gasmet.com\/fi\/ota-yhteytta\/\">Ota yhteytt\u00e4<\/a> asiantuntijoihimme, jotka auttavat mielell\u00e4\u00e4n kaikissa kaasumittauksiin liittyviss\u00e4 kysymyksiss\u00e4.<\/strong><\/p>\n","protected":false},"excerpt":{"rendered":"<p>Kasvihuonekaasut, kuten hiilidioksidi, metaani ja typpioksiduuli, ovat huomattava uhka ilmastolle. Ilmastonmuutos ei ole kaukana tulevaisuudessa, emmek\u00e4 voi j\u00e4\u00e4d\u00e4 vain pohtimaan sit\u00e4. Ilmastonmuutos on keskuudessamme jo nyt. Olemme Gasmetilla tietoisia siit\u00e4, kuinka merkitt\u00e4v\u00e4 rooli meill\u00e4 on ilmastonmuutoksen ehk\u00e4isemisess\u00e4 sek\u00e4 luonnon suojelussa, kun tarjoamme huipputeknologiaa edustavia ty\u00f6kaluja kaasuanalyysia varten tutkijoille ja tutkijaryhmille kaikkialla maailmassa. Parempi ymm\u00e4rrys ilmastonmuutoksesta [&hellip;]<\/p>\n","protected":false},"author":1,"featured_media":15379,"parent":11773,"menu_order":16,"comment_status":"closed","ping_status":"closed","template":"","meta":{"_acf_changed":false,"inline_featured_image":false,"footnotes":""},"tags":[434],"class_list":["post-11726","page","type-page","status-publish","has-post-thumbnail","hentry","tag-ymparisto"],"acf":[],"yoast_head":"<!-- This site is optimized with the Yoast SEO plugin v27.4 - https:\/\/yoast.com\/product\/yoast-seo-wordpress\/ -->\n<title>Ymp\u00e4rist\u00f6 - Gasmet.fi<\/title>\n<meta name=\"description\" content=\"Kasvihuonekaasut ovat huomattava uhka ilmastolle. Tarjoamme huipputeknologiaa edustavia ty\u00f6kaluja kaasuanalyysia varten tutkijoille kaikkialla maailmassa.\" \/>\n<meta name=\"robots\" content=\"index, follow, max-snippet:-1, max-image-preview:large, max-video-preview:-1\" \/>\n<link rel=\"canonical\" href=\"https:\/\/www.gasmet.com\/fi\/sovellukset\/ymparisto\/\" \/>\n<meta property=\"og:locale\" content=\"fi_FI\" \/>\n<meta property=\"og:type\" content=\"article\" \/>\n<meta property=\"og:title\" content=\"Ymp\u00e4rist\u00f6 - Gasmet.fi\" \/>\n<meta property=\"og:description\" content=\"Kasvihuonekaasut ovat huomattava uhka ilmastolle. Tarjoamme huipputeknologiaa edustavia ty\u00f6kaluja kaasuanalyysia varten tutkijoille kaikkialla maailmassa.\" \/>\n<meta property=\"og:url\" content=\"https:\/\/www.gasmet.com\/fi\/sovellukset\/ymparisto\/\" \/>\n<meta property=\"og:site_name\" content=\"Gasmet.fi\" \/>\n<meta property=\"article:modified_time\" content=\"2024-07-26T11:16:44+00:00\" \/>\n<meta property=\"og:image\" content=\"https:\/\/www.gasmet.com\/fi\/wp-content\/uploads\/sites\/9\/2024\/07\/Environment-research-banner.jpg\" \/>\n\t<meta property=\"og:image:width\" content=\"2000\" \/>\n\t<meta property=\"og:image:height\" content=\"500\" \/>\n\t<meta property=\"og:image:type\" content=\"image\/jpeg\" \/>\n<meta name=\"twitter:card\" content=\"summary_large_image\" \/>\n<meta name=\"twitter:label1\" content=\"Arvioitu lukuaika\" \/>\n\t<meta name=\"twitter:data1\" content=\"2 minuuttia\" \/>\n<script type=\"application\/ld+json\" class=\"yoast-schema-graph\">{\"@context\":\"https:\\\/\\\/schema.org\",\"@graph\":[{\"@type\":\"WebPage\",\"@id\":\"https:\\\/\\\/www.gasmet.com\\\/fi\\\/sovellukset\\\/ymparisto\\\/\",\"url\":\"https:\\\/\\\/www.gasmet.com\\\/fi\\\/sovellukset\\\/ymparisto\\\/\",\"name\":\"Ymp\u00e4rist\u00f6 - Gasmet.fi\",\"isPartOf\":{\"@id\":\"https:\\\/\\\/www.gasmet.com\\\/fi\\\/#website\"},\"primaryImageOfPage\":{\"@id\":\"https:\\\/\\\/www.gasmet.com\\\/fi\\\/sovellukset\\\/ymparisto\\\/#primaryimage\"},\"image\":{\"@id\":\"https:\\\/\\\/www.gasmet.com\\\/fi\\\/sovellukset\\\/ymparisto\\\/#primaryimage\"},\"thumbnailUrl\":\"https:\\\/\\\/www.gasmet.com\\\/fi\\\/wp-content\\\/uploads\\\/sites\\\/9\\\/2024\\\/07\\\/Environment-research-banner.jpg\",\"datePublished\":\"2020-05-29T06:32:20+00:00\",\"dateModified\":\"2024-07-26T11:16:44+00:00\",\"description\":\"Kasvihuonekaasut ovat huomattava uhka ilmastolle. Tarjoamme huipputeknologiaa edustavia ty\u00f6kaluja kaasuanalyysia varten tutkijoille kaikkialla maailmassa.\",\"breadcrumb\":{\"@id\":\"https:\\\/\\\/www.gasmet.com\\\/fi\\\/sovellukset\\\/ymparisto\\\/#breadcrumb\"},\"inLanguage\":\"fi\",\"potentialAction\":[{\"@type\":\"ReadAction\",\"target\":[\"https:\\\/\\\/www.gasmet.com\\\/fi\\\/sovellukset\\\/ymparisto\\\/\"]}]},{\"@type\":\"ImageObject\",\"inLanguage\":\"fi\",\"@id\":\"https:\\\/\\\/www.gasmet.com\\\/fi\\\/sovellukset\\\/ymparisto\\\/#primaryimage\",\"url\":\"https:\\\/\\\/www.gasmet.com\\\/fi\\\/wp-content\\\/uploads\\\/sites\\\/9\\\/2024\\\/07\\\/Environment-research-banner.jpg\",\"contentUrl\":\"https:\\\/\\\/www.gasmet.com\\\/fi\\\/wp-content\\\/uploads\\\/sites\\\/9\\\/2024\\\/07\\\/Environment-research-banner.jpg\",\"width\":2000,\"height\":500},{\"@type\":\"BreadcrumbList\",\"@id\":\"https:\\\/\\\/www.gasmet.com\\\/fi\\\/sovellukset\\\/ymparisto\\\/#breadcrumb\",\"itemListElement\":[{\"@type\":\"ListItem\",\"position\":1,\"name\":\"Home\",\"item\":\"https:\\\/\\\/www.gasmet.com\\\/fi\\\/\"},{\"@type\":\"ListItem\",\"position\":2,\"name\":\"Sovellukset\",\"item\":\"https:\\\/\\\/www.gasmet.com\\\/fi\\\/sovellukset\\\/\"},{\"@type\":\"ListItem\",\"position\":3,\"name\":\"Ymp\u00e4rist\u00f6\"}]},{\"@type\":\"WebSite\",\"@id\":\"https:\\\/\\\/www.gasmet.com\\\/fi\\\/#website\",\"url\":\"https:\\\/\\\/www.gasmet.com\\\/fi\\\/\",\"name\":\"Gasmet.fi\",\"description\":\"Know what&#039;s in the air.\",\"potentialAction\":[{\"@type\":\"SearchAction\",\"target\":{\"@type\":\"EntryPoint\",\"urlTemplate\":\"https:\\\/\\\/www.gasmet.com\\\/fi\\\/?s={search_term_string}\"},\"query-input\":{\"@type\":\"PropertyValueSpecification\",\"valueRequired\":true,\"valueName\":\"search_term_string\"}}],\"inLanguage\":\"fi\"}]}<\/script>\n<!-- \/ Yoast SEO plugin. -->","yoast_head_json":{"title":"Ymp\u00e4rist\u00f6 - Gasmet.fi","description":"Kasvihuonekaasut ovat huomattava uhka ilmastolle. Tarjoamme huipputeknologiaa edustavia ty\u00f6kaluja kaasuanalyysia varten tutkijoille kaikkialla maailmassa.","robots":{"index":"index","follow":"follow","max-snippet":"max-snippet:-1","max-image-preview":"max-image-preview:large","max-video-preview":"max-video-preview:-1"},"canonical":"https:\/\/www.gasmet.com\/fi\/sovellukset\/ymparisto\/","og_locale":"fi_FI","og_type":"article","og_title":"Ymp\u00e4rist\u00f6 - Gasmet.fi","og_description":"Kasvihuonekaasut ovat huomattava uhka ilmastolle. Tarjoamme huipputeknologiaa edustavia ty\u00f6kaluja kaasuanalyysia varten tutkijoille kaikkialla maailmassa.","og_url":"https:\/\/www.gasmet.com\/fi\/sovellukset\/ymparisto\/","og_site_name":"Gasmet.fi","article_modified_time":"2024-07-26T11:16:44+00:00","og_image":[{"width":2000,"height":500,"url":"https:\/\/www.gasmet.com\/fi\/wp-content\/uploads\/sites\/9\/2024\/07\/Environment-research-banner.jpg","type":"image\/jpeg"}],"twitter_card":"summary_large_image","twitter_misc":{"Arvioitu lukuaika":"2 minuuttia"},"schema":{"@context":"https:\/\/schema.org","@graph":[{"@type":"WebPage","@id":"https:\/\/www.gasmet.com\/fi\/sovellukset\/ymparisto\/","url":"https:\/\/www.gasmet.com\/fi\/sovellukset\/ymparisto\/","name":"Ymp\u00e4rist\u00f6 - Gasmet.fi","isPartOf":{"@id":"https:\/\/www.gasmet.com\/fi\/#website"},"primaryImageOfPage":{"@id":"https:\/\/www.gasmet.com\/fi\/sovellukset\/ymparisto\/#primaryimage"},"image":{"@id":"https:\/\/www.gasmet.com\/fi\/sovellukset\/ymparisto\/#primaryimage"},"thumbnailUrl":"https:\/\/www.gasmet.com\/fi\/wp-content\/uploads\/sites\/9\/2024\/07\/Environment-research-banner.jpg","datePublished":"2020-05-29T06:32:20+00:00","dateModified":"2024-07-26T11:16:44+00:00","description":"Kasvihuonekaasut ovat huomattava uhka ilmastolle. Tarjoamme huipputeknologiaa edustavia ty\u00f6kaluja kaasuanalyysia varten tutkijoille kaikkialla maailmassa.","breadcrumb":{"@id":"https:\/\/www.gasmet.com\/fi\/sovellukset\/ymparisto\/#breadcrumb"},"inLanguage":"fi","potentialAction":[{"@type":"ReadAction","target":["https:\/\/www.gasmet.com\/fi\/sovellukset\/ymparisto\/"]}]},{"@type":"ImageObject","inLanguage":"fi","@id":"https:\/\/www.gasmet.com\/fi\/sovellukset\/ymparisto\/#primaryimage","url":"https:\/\/www.gasmet.com\/fi\/wp-content\/uploads\/sites\/9\/2024\/07\/Environment-research-banner.jpg","contentUrl":"https:\/\/www.gasmet.com\/fi\/wp-content\/uploads\/sites\/9\/2024\/07\/Environment-research-banner.jpg","width":2000,"height":500},{"@type":"BreadcrumbList","@id":"https:\/\/www.gasmet.com\/fi\/sovellukset\/ymparisto\/#breadcrumb","itemListElement":[{"@type":"ListItem","position":1,"name":"Home","item":"https:\/\/www.gasmet.com\/fi\/"},{"@type":"ListItem","position":2,"name":"Sovellukset","item":"https:\/\/www.gasmet.com\/fi\/sovellukset\/"},{"@type":"ListItem","position":3,"name":"Ymp\u00e4rist\u00f6"}]},{"@type":"WebSite","@id":"https:\/\/www.gasmet.com\/fi\/#website","url":"https:\/\/www.gasmet.com\/fi\/","name":"Gasmet.fi","description":"Know what&#039;s in the air.","potentialAction":[{"@type":"SearchAction","target":{"@type":"EntryPoint","urlTemplate":"https:\/\/www.gasmet.com\/fi\/?s={search_term_string}"},"query-input":{"@type":"PropertyValueSpecification","valueRequired":true,"valueName":"search_term_string"}}],"inLanguage":"fi"}]}},"_links":{"self":[{"href":"https:\/\/www.gasmet.com\/fi\/wp-json\/wp\/v2\/pages\/11726","targetHints":{"allow":["GET"]}}],"collection":[{"href":"https:\/\/www.gasmet.com\/fi\/wp-json\/wp\/v2\/pages"}],"about":[{"href":"https:\/\/www.gasmet.com\/fi\/wp-json\/wp\/v2\/types\/page"}],"author":[{"embeddable":true,"href":"https:\/\/www.gasmet.com\/fi\/wp-json\/wp\/v2\/users\/1"}],"replies":[{"embeddable":true,"href":"https:\/\/www.gasmet.com\/fi\/wp-json\/wp\/v2\/comments?post=11726"}],"version-history":[{"count":49,"href":"https:\/\/www.gasmet.com\/fi\/wp-json\/wp\/v2\/pages\/11726\/revisions"}],"predecessor-version":[{"id":15384,"href":"https:\/\/www.gasmet.com\/fi\/wp-json\/wp\/v2\/pages\/11726\/revisions\/15384"}],"up":[{"embeddable":true,"href":"https:\/\/www.gasmet.com\/fi\/wp-json\/wp\/v2\/pages\/11773"}],"wp:featuredmedia":[{"embeddable":true,"href":"https:\/\/www.gasmet.com\/fi\/wp-json\/wp\/v2\/media\/15379"}],"wp:attachment":[{"href":"https:\/\/www.gasmet.com\/fi\/wp-json\/wp\/v2\/media?parent=11726"}],"wp:term":[{"taxonomy":"post_tag","embeddable":true,"href":"https:\/\/www.gasmet.com\/fi\/wp-json\/wp\/v2\/tags?post=11726"}],"curies":[{"name":"wp","href":"https:\/\/api.w.org\/{rel}","templated":true}]}}