{"id":11707,"date":"2020-05-28T11:46:30","date_gmt":"2020-05-28T11:46:30","guid":{"rendered":"https:\/\/www.gasmet.com\/fi\/?page_id=11707"},"modified":"2026-03-19T07:52:58","modified_gmt":"2026-03-19T07:52:58","slug":"etusivu","status":"publish","type":"page","link":"https:\/\/www.gasmet.com\/fi\/","title":{"rendered":"Etusivu"},"content":{"rendered":"","protected":false},"excerpt":{"rendered":"","protected":false},"author":1,"featured_media":15474,"parent":0,"menu_order":58,"comment_status":"closed","ping_status":"closed","template":"","meta":{"_acf_changed":false,"inline_featured_image":false,"footnotes":""},"tags":[],"class_list":["post-11707","page","type-page","status-publish","has-post-thumbnail","hentry"],"acf":[],"yoast_head":"<!-- This site is optimized with the Yoast SEO plugin v27.4 - https:\/\/yoast.com\/product\/yoast-seo-wordpress\/ -->\n<title>Etusivu - Gasmet.fi<\/title>\n<meta name=\"description\" content=\"Gasmet on suomalainen teknologiayritys, joka kehitt\u00e4\u00e4 ja valmistaa kaasuanalysaattoreita ja mittauslaitteita erilaisiin teollisuus-, ymp\u00e4rist\u00f6- ja turvallisuussovelluksiin.\" \/>\n<meta name=\"robots\" content=\"index, follow, max-snippet:-1, max-image-preview:large, max-video-preview:-1\" \/>\n<link rel=\"canonical\" href=\"https:\/\/www.gasmet.com\/fi\/\" \/>\n<meta property=\"og:locale\" content=\"fi_FI\" \/>\n<meta property=\"og:type\" content=\"article\" \/>\n<meta property=\"og:title\" content=\"Etusivu - Gasmet.fi\" \/>\n<meta property=\"og:description\" content=\"Gasmet on suomalainen teknologiayritys, joka kehitt\u00e4\u00e4 ja valmistaa kaasuanalysaattoreita ja mittauslaitteita erilaisiin teollisuus-, ymp\u00e4rist\u00f6- ja turvallisuussovelluksiin.\" \/>\n<meta property=\"og:url\" content=\"https:\/\/www.gasmet.com\/fi\/\" \/>\n<meta property=\"og:site_name\" content=\"Gasmet.fi\" \/>\n<meta property=\"article:modified_time\" content=\"2026-03-19T07:52:58+00:00\" \/>\n<meta property=\"og:image\" content=\"http:\/\/www.gasmet.com\/fi\/wp-content\/uploads\/sites\/9\/2018\/04\/pexels-photo-289395_edit.jpg\" \/>\n<meta name=\"twitter:card\" content=\"summary_large_image\" \/>\n<meta name=\"twitter:label1\" content=\"Arvioitu lukuaika\" \/>\n\t<meta name=\"twitter:data1\" content=\"1 minuutti\" \/>\n<script type=\"application\/ld+json\" class=\"yoast-schema-graph\">{\"@context\":\"https:\\\/\\\/schema.org\",\"@graph\":[{\"@type\":\"WebPage\",\"@id\":\"https:\\\/\\\/www.gasmet.com\\\/fi\\\/\",\"url\":\"https:\\\/\\\/www.gasmet.com\\\/fi\\\/\",\"name\":\"Etusivu - Gasmet.fi\",\"isPartOf\":{\"@id\":\"https:\\\/\\\/www.gasmet.com\\\/fi\\\/#website\"},\"primaryImageOfPage\":{\"@id\":\"https:\\\/\\\/www.gasmet.com\\\/fi\\\/#primaryimage\"},\"image\":{\"@id\":\"https:\\\/\\\/www.gasmet.com\\\/fi\\\/#primaryimage\"},\"thumbnailUrl\":\"https:\\\/\\\/www.gasmet.com\\\/fi\\\/wp-content\\\/uploads\\\/sites\\\/9\\\/2025\\\/01\\\/Youtube-company-channel-cover.jpg\",\"datePublished\":\"2020-05-28T11:46:30+00:00\",\"dateModified\":\"2026-03-19T07:52:58+00:00\",\"description\":\"Gasmet on suomalainen teknologiayritys, joka kehitt\u00e4\u00e4 ja valmistaa kaasuanalysaattoreita ja mittauslaitteita erilaisiin teollisuus-, ymp\u00e4rist\u00f6- ja turvallisuussovelluksiin.\",\"breadcrumb\":{\"@id\":\"https:\\\/\\\/www.gasmet.com\\\/fi\\\/#breadcrumb\"},\"inLanguage\":\"fi\",\"potentialAction\":[{\"@type\":\"ReadAction\",\"target\":[\"https:\\\/\\\/www.gasmet.com\\\/fi\\\/\"]}]},{\"@type\":\"ImageObject\",\"inLanguage\":\"fi\",\"@id\":\"https:\\\/\\\/www.gasmet.com\\\/fi\\\/#primaryimage\",\"url\":\"https:\\\/\\\/www.gasmet.com\\\/fi\\\/wp-content\\\/uploads\\\/sites\\\/9\\\/2025\\\/01\\\/Youtube-company-channel-cover.jpg\",\"contentUrl\":\"https:\\\/\\\/www.gasmet.com\\\/fi\\\/wp-content\\\/uploads\\\/sites\\\/9\\\/2025\\\/01\\\/Youtube-company-channel-cover.jpg\",\"width\":2048,\"height\":1152},{\"@type\":\"BreadcrumbList\",\"@id\":\"https:\\\/\\\/www.gasmet.com\\\/fi\\\/#breadcrumb\",\"itemListElement\":[{\"@type\":\"ListItem\",\"position\":1,\"name\":\"Home\",\"item\":\"https:\\\/\\\/www.gasmet.com\\\/fi\\\/\"},{\"@type\":\"ListItem\",\"position\":2,\"name\":\"Etusivu\"}]},{\"@type\":\"WebSite\",\"@id\":\"https:\\\/\\\/www.gasmet.com\\\/fi\\\/#website\",\"url\":\"https:\\\/\\\/www.gasmet.com\\\/fi\\\/\",\"name\":\"Gasmet.fi\",\"description\":\"Know what&#039;s in the air.\",\"potentialAction\":[{\"@type\":\"SearchAction\",\"target\":{\"@type\":\"EntryPoint\",\"urlTemplate\":\"https:\\\/\\\/www.gasmet.com\\\/fi\\\/?s={search_term_string}\"},\"query-input\":{\"@type\":\"PropertyValueSpecification\",\"valueRequired\":true,\"valueName\":\"search_term_string\"}}],\"inLanguage\":\"fi\"}]}<\/script>\n<!-- \/ Yoast SEO plugin. -->","yoast_head_json":{"title":"Etusivu - Gasmet.fi","description":"Gasmet on suomalainen teknologiayritys, joka kehitt\u00e4\u00e4 ja valmistaa kaasuanalysaattoreita ja mittauslaitteita erilaisiin teollisuus-, ymp\u00e4rist\u00f6- ja turvallisuussovelluksiin.","robots":{"index":"index","follow":"follow","max-snippet":"max-snippet:-1","max-image-preview":"max-image-preview:large","max-video-preview":"max-video-preview:-1"},"canonical":"https:\/\/www.gasmet.com\/fi\/","og_locale":"fi_FI","og_type":"article","og_title":"Etusivu - Gasmet.fi","og_description":"Gasmet on suomalainen teknologiayritys, joka kehitt\u00e4\u00e4 ja valmistaa kaasuanalysaattoreita ja mittauslaitteita erilaisiin teollisuus-, ymp\u00e4rist\u00f6- ja turvallisuussovelluksiin.","og_url":"https:\/\/www.gasmet.com\/fi\/","og_site_name":"Gasmet.fi","article_modified_time":"2026-03-19T07:52:58+00:00","og_image":[{"url":"http:\/\/www.gasmet.com\/fi\/wp-content\/uploads\/sites\/9\/2018\/04\/pexels-photo-289395_edit.jpg","type":"","width":"","height":""}],"twitter_card":"summary_large_image","twitter_misc":{"Arvioitu lukuaika":"1 minuutti"},"schema":{"@context":"https:\/\/schema.org","@graph":[{"@type":"WebPage","@id":"https:\/\/www.gasmet.com\/fi\/","url":"https:\/\/www.gasmet.com\/fi\/","name":"Etusivu - Gasmet.fi","isPartOf":{"@id":"https:\/\/www.gasmet.com\/fi\/#website"},"primaryImageOfPage":{"@id":"https:\/\/www.gasmet.com\/fi\/#primaryimage"},"image":{"@id":"https:\/\/www.gasmet.com\/fi\/#primaryimage"},"thumbnailUrl":"https:\/\/www.gasmet.com\/fi\/wp-content\/uploads\/sites\/9\/2025\/01\/Youtube-company-channel-cover.jpg","datePublished":"2020-05-28T11:46:30+00:00","dateModified":"2026-03-19T07:52:58+00:00","description":"Gasmet on suomalainen teknologiayritys, joka kehitt\u00e4\u00e4 ja valmistaa kaasuanalysaattoreita ja mittauslaitteita erilaisiin teollisuus-, ymp\u00e4rist\u00f6- ja turvallisuussovelluksiin.","breadcrumb":{"@id":"https:\/\/www.gasmet.com\/fi\/#breadcrumb"},"inLanguage":"fi","potentialAction":[{"@type":"ReadAction","target":["https:\/\/www.gasmet.com\/fi\/"]}]},{"@type":"ImageObject","inLanguage":"fi","@id":"https:\/\/www.gasmet.com\/fi\/#primaryimage","url":"https:\/\/www.gasmet.com\/fi\/wp-content\/uploads\/sites\/9\/2025\/01\/Youtube-company-channel-cover.jpg","contentUrl":"https:\/\/www.gasmet.com\/fi\/wp-content\/uploads\/sites\/9\/2025\/01\/Youtube-company-channel-cover.jpg","width":2048,"height":1152},{"@type":"BreadcrumbList","@id":"https:\/\/www.gasmet.com\/fi\/#breadcrumb","itemListElement":[{"@type":"ListItem","position":1,"name":"Home","item":"https:\/\/www.gasmet.com\/fi\/"},{"@type":"ListItem","position":2,"name":"Etusivu"}]},{"@type":"WebSite","@id":"https:\/\/www.gasmet.com\/fi\/#website","url":"https:\/\/www.gasmet.com\/fi\/","name":"Gasmet.fi","description":"Know what&#039;s in the air.","potentialAction":[{"@type":"SearchAction","target":{"@type":"EntryPoint","urlTemplate":"https:\/\/www.gasmet.com\/fi\/?s={search_term_string}"},"query-input":{"@type":"PropertyValueSpecification","valueRequired":true,"valueName":"search_term_string"}}],"inLanguage":"fi"}]}},"_links":{"self":[{"href":"https:\/\/www.gasmet.com\/fi\/wp-json\/wp\/v2\/pages\/11707","targetHints":{"allow":["GET"]}}],"collection":[{"href":"https:\/\/www.gasmet.com\/fi\/wp-json\/wp\/v2\/pages"}],"about":[{"href":"https:\/\/www.gasmet.com\/fi\/wp-json\/wp\/v2\/types\/page"}],"author":[{"embeddable":true,"href":"https:\/\/www.gasmet.com\/fi\/wp-json\/wp\/v2\/users\/1"}],"replies":[{"embeddable":true,"href":"https:\/\/www.gasmet.com\/fi\/wp-json\/wp\/v2\/comments?post=11707"}],"version-history":[{"count":63,"href":"https:\/\/www.gasmet.com\/fi\/wp-json\/wp\/v2\/pages\/11707\/revisions"}],"predecessor-version":[{"id":15815,"href":"https:\/\/www.gasmet.com\/fi\/wp-json\/wp\/v2\/pages\/11707\/revisions\/15815"}],"wp:featuredmedia":[{"embeddable":true,"href":"https:\/\/www.gasmet.com\/fi\/wp-json\/wp\/v2\/media\/15474"}],"wp:attachment":[{"href":"https:\/\/www.gasmet.com\/fi\/wp-json\/wp\/v2\/media?parent=11707"}],"wp:term":[{"taxonomy":"post_tag","embeddable":true,"href":"https:\/\/www.gasmet.com\/fi\/wp-json\/wp\/v2\/tags?post=11707"}],"curies":[{"name":"wp","href":"https:\/\/api.w.org\/{rel}","templated":true}]}}