{"id":11705,"date":"2020-05-29T06:27:20","date_gmt":"2020-05-29T06:27:20","guid":{"rendered":"https:\/\/www.gasmet.com\/fi\/?page_id=11705"},"modified":"2024-11-14T14:14:42","modified_gmt":"2024-11-14T14:14:42","slug":"palo-ja-materiaalitestaus","status":"publish","type":"page","link":"https:\/\/www.gasmet.com\/fi\/sovellukset\/turvallisuus\/palo-ja-materiaalitestaus\/","title":{"rendered":"Palo- ja materiaalitestaus"},"content":{"rendered":"<p>Palamistuotteiden n\u00e4ytteistys ja analysointi on t\u00e4rke\u00e4 osa tulipalojen ymp\u00e4rist\u00f6vaikutusten ja hengenvaaran arviointia. Yksityiskohtaista tietoa <strong>palamistuotteiden koostumuksesta ja pitoisuuksista<\/strong> tarvitaan, jotta tulipalojen mahdolliset vaikutukset ymm\u00e4rret\u00e4\u00e4n hyvin ja n\u00e4it\u00e4 vaikutuksia voidaan pienent\u00e4\u00e4.<\/p>\n<p>Palamistuotteiden koostumuksen testaaminen on haaste kaasujen mittaamiseen <strong><a href=\"https:\/\/www.gasmet.com\/fi\/products\/category\/kannettavat-kaasuanalysaattorit\/\">k\u00e4ytetyille analyysilaitteille<\/a>.<\/strong> Kiinnostavien aineiden ja pitoisuuksien kirjo on eritt\u00e4in suuri, ja palamistuotteiden vaativa ymp\u00e4rist\u00f6 on haaste n\u00e4ytteenotolle.<\/p>\n<p>Uuttavat <strong>FTIR-j\u00e4rjestelm\u00e4t<\/strong> ovat looginen ratkaisu palamistuotteiden koostumuksen mittaamiseen. Vertaansa vailla oleva kyky mitata laaja kirjo kiinnostavia aineita ja kyky ottaa edustavat n\u00e4yte kuumauutton\u00e4ytteistyksell\u00e4 tekee t\u00e4st\u00e4 teknologiasta keskeisen osan palotestausj\u00e4rjestelmi\u00e4.<\/p>\n","protected":false},"excerpt":{"rendered":"<p>Palamistuotteiden n\u00e4ytteistys ja analysointi on t\u00e4rke\u00e4 osa tulipalojen ymp\u00e4rist\u00f6vaikutusten ja hengenvaaran arviointia. Yksityiskohtaista tietoa palamistuotteiden koostumuksesta ja pitoisuuksista tarvitaan, jotta tulipalojen mahdolliset vaikutukset ymm\u00e4rret\u00e4\u00e4n hyvin ja n\u00e4it\u00e4 vaikutuksia voidaan pienent\u00e4\u00e4. Palamistuotteiden koostumuksen testaaminen on haaste kaasujen mittaamiseen k\u00e4ytetyille analyysilaitteille. Kiinnostavien aineiden ja pitoisuuksien kirjo on eritt\u00e4in suuri, ja palamistuotteiden vaativa ymp\u00e4rist\u00f6 on haaste n\u00e4ytteenotolle. Uuttavat [&hellip;]<\/p>\n","protected":false},"author":1,"featured_media":15447,"parent":11767,"menu_order":38,"comment_status":"closed","ping_status":"closed","template":"","meta":{"_acf_changed":false,"inline_featured_image":false,"footnotes":""},"tags":[435],"class_list":["post-11705","page","type-page","status-publish","has-post-thumbnail","hentry","tag-turvallisuus"],"acf":[],"yoast_head":"<!-- This site is optimized with the Yoast SEO plugin v27.2 - https:\/\/yoast.com\/product\/yoast-seo-wordpress\/ -->\n<title>Palo- ja materiaalitestaus - Gasmet.fi<\/title>\n<meta name=\"robots\" content=\"index, follow, max-snippet:-1, max-image-preview:large, max-video-preview:-1\" \/>\n<link rel=\"canonical\" href=\"https:\/\/www.gasmet.com\/fi\/sovellukset\/turvallisuus\/palo-ja-materiaalitestaus\/\" \/>\n<meta property=\"og:locale\" content=\"fi_FI\" \/>\n<meta property=\"og:type\" content=\"article\" \/>\n<meta property=\"og:title\" content=\"Palo- ja materiaalitestaus - Gasmet.fi\" \/>\n<meta property=\"og:description\" content=\"Palamistuotteiden n\u00e4ytteistys ja analysointi on t\u00e4rke\u00e4 osa tulipalojen ymp\u00e4rist\u00f6vaikutusten ja hengenvaaran arviointia. Yksityiskohtaista tietoa palamistuotteiden koostumuksesta ja pitoisuuksista tarvitaan, jotta tulipalojen mahdolliset vaikutukset ymm\u00e4rret\u00e4\u00e4n hyvin ja n\u00e4it\u00e4 vaikutuksia voidaan pienent\u00e4\u00e4. Palamistuotteiden koostumuksen testaaminen on haaste kaasujen mittaamiseen k\u00e4ytetyille analyysilaitteille. Kiinnostavien aineiden ja pitoisuuksien kirjo on eritt\u00e4in suuri, ja palamistuotteiden vaativa ymp\u00e4rist\u00f6 on haaste n\u00e4ytteenotolle. Uuttavat [&hellip;]\" \/>\n<meta property=\"og:url\" content=\"https:\/\/www.gasmet.com\/fi\/sovellukset\/turvallisuus\/palo-ja-materiaalitestaus\/\" \/>\n<meta property=\"og:site_name\" content=\"Gasmet.fi\" \/>\n<meta property=\"article:modified_time\" content=\"2024-11-14T14:14:42+00:00\" \/>\n<meta property=\"og:image\" content=\"https:\/\/www.gasmet.com\/fi\/wp-content\/uploads\/sites\/9\/2024\/11\/fire-material-testing-hero.jpg\" \/>\n\t<meta property=\"og:image:width\" content=\"2000\" \/>\n\t<meta property=\"og:image:height\" content=\"500\" \/>\n\t<meta property=\"og:image:type\" content=\"image\/jpeg\" \/>\n<meta name=\"twitter:card\" content=\"summary_large_image\" \/>\n<meta name=\"twitter:label1\" content=\"Arvioitu lukuaika\" \/>\n\t<meta name=\"twitter:data1\" content=\"1 minuutti\" \/>\n<script type=\"application\/ld+json\" class=\"yoast-schema-graph\">{\"@context\":\"https:\/\/schema.org\",\"@graph\":[{\"@type\":\"WebPage\",\"@id\":\"https:\/\/www.gasmet.com\/fi\/sovellukset\/turvallisuus\/palo-ja-materiaalitestaus\/\",\"url\":\"https:\/\/www.gasmet.com\/fi\/sovellukset\/turvallisuus\/palo-ja-materiaalitestaus\/\",\"name\":\"Palo- ja materiaalitestaus - Gasmet.fi\",\"isPartOf\":{\"@id\":\"https:\/\/www.gasmet.com\/fi\/#website\"},\"primaryImageOfPage\":{\"@id\":\"https:\/\/www.gasmet.com\/fi\/sovellukset\/turvallisuus\/palo-ja-materiaalitestaus\/#primaryimage\"},\"image\":{\"@id\":\"https:\/\/www.gasmet.com\/fi\/sovellukset\/turvallisuus\/palo-ja-materiaalitestaus\/#primaryimage\"},\"thumbnailUrl\":\"https:\/\/www.gasmet.com\/fi\/wp-content\/uploads\/sites\/9\/2024\/11\/fire-material-testing-hero.jpg\",\"datePublished\":\"2020-05-29T06:27:20+00:00\",\"dateModified\":\"2024-11-14T14:14:42+00:00\",\"breadcrumb\":{\"@id\":\"https:\/\/www.gasmet.com\/fi\/sovellukset\/turvallisuus\/palo-ja-materiaalitestaus\/#breadcrumb\"},\"inLanguage\":\"fi\",\"potentialAction\":[{\"@type\":\"ReadAction\",\"target\":[\"https:\/\/www.gasmet.com\/fi\/sovellukset\/turvallisuus\/palo-ja-materiaalitestaus\/\"]}]},{\"@type\":\"ImageObject\",\"inLanguage\":\"fi\",\"@id\":\"https:\/\/www.gasmet.com\/fi\/sovellukset\/turvallisuus\/palo-ja-materiaalitestaus\/#primaryimage\",\"url\":\"https:\/\/www.gasmet.com\/fi\/wp-content\/uploads\/sites\/9\/2024\/11\/fire-material-testing-hero.jpg\",\"contentUrl\":\"https:\/\/www.gasmet.com\/fi\/wp-content\/uploads\/sites\/9\/2024\/11\/fire-material-testing-hero.jpg\",\"width\":2000,\"height\":500},{\"@type\":\"BreadcrumbList\",\"@id\":\"https:\/\/www.gasmet.com\/fi\/sovellukset\/turvallisuus\/palo-ja-materiaalitestaus\/#breadcrumb\",\"itemListElement\":[{\"@type\":\"ListItem\",\"position\":1,\"name\":\"Home\",\"item\":\"https:\/\/www.gasmet.com\/fi\/\"},{\"@type\":\"ListItem\",\"position\":2,\"name\":\"Sovellukset\",\"item\":\"https:\/\/www.gasmet.com\/fi\/sovellukset\/\"},{\"@type\":\"ListItem\",\"position\":3,\"name\":\"Turvallisuus\",\"item\":\"https:\/\/www.gasmet.com\/fi\/sovellukset\/turvallisuus\/\"},{\"@type\":\"ListItem\",\"position\":4,\"name\":\"Palo- ja materiaalitestaus\"}]},{\"@type\":\"WebSite\",\"@id\":\"https:\/\/www.gasmet.com\/fi\/#website\",\"url\":\"https:\/\/www.gasmet.com\/fi\/\",\"name\":\"Gasmet.fi\",\"description\":\"Know what&#039;s in the air.\",\"potentialAction\":[{\"@type\":\"SearchAction\",\"target\":{\"@type\":\"EntryPoint\",\"urlTemplate\":\"https:\/\/www.gasmet.com\/fi\/?s={search_term_string}\"},\"query-input\":{\"@type\":\"PropertyValueSpecification\",\"valueRequired\":true,\"valueName\":\"search_term_string\"}}],\"inLanguage\":\"fi\"}]}<\/script>\n<!-- \/ Yoast SEO plugin. -->","yoast_head_json":{"title":"Palo- ja materiaalitestaus - Gasmet.fi","robots":{"index":"index","follow":"follow","max-snippet":"max-snippet:-1","max-image-preview":"max-image-preview:large","max-video-preview":"max-video-preview:-1"},"canonical":"https:\/\/www.gasmet.com\/fi\/sovellukset\/turvallisuus\/palo-ja-materiaalitestaus\/","og_locale":"fi_FI","og_type":"article","og_title":"Palo- ja materiaalitestaus - Gasmet.fi","og_description":"Palamistuotteiden n\u00e4ytteistys ja analysointi on t\u00e4rke\u00e4 osa tulipalojen ymp\u00e4rist\u00f6vaikutusten ja hengenvaaran arviointia. Yksityiskohtaista tietoa palamistuotteiden koostumuksesta ja pitoisuuksista tarvitaan, jotta tulipalojen mahdolliset vaikutukset ymm\u00e4rret\u00e4\u00e4n hyvin ja n\u00e4it\u00e4 vaikutuksia voidaan pienent\u00e4\u00e4. Palamistuotteiden koostumuksen testaaminen on haaste kaasujen mittaamiseen k\u00e4ytetyille analyysilaitteille. Kiinnostavien aineiden ja pitoisuuksien kirjo on eritt\u00e4in suuri, ja palamistuotteiden vaativa ymp\u00e4rist\u00f6 on haaste n\u00e4ytteenotolle. Uuttavat [&hellip;]","og_url":"https:\/\/www.gasmet.com\/fi\/sovellukset\/turvallisuus\/palo-ja-materiaalitestaus\/","og_site_name":"Gasmet.fi","article_modified_time":"2024-11-14T14:14:42+00:00","og_image":[{"width":2000,"height":500,"url":"https:\/\/www.gasmet.com\/fi\/wp-content\/uploads\/sites\/9\/2024\/11\/fire-material-testing-hero.jpg","type":"image\/jpeg"}],"twitter_card":"summary_large_image","twitter_misc":{"Arvioitu lukuaika":"1 minuutti"},"schema":{"@context":"https:\/\/schema.org","@graph":[{"@type":"WebPage","@id":"https:\/\/www.gasmet.com\/fi\/sovellukset\/turvallisuus\/palo-ja-materiaalitestaus\/","url":"https:\/\/www.gasmet.com\/fi\/sovellukset\/turvallisuus\/palo-ja-materiaalitestaus\/","name":"Palo- ja materiaalitestaus - Gasmet.fi","isPartOf":{"@id":"https:\/\/www.gasmet.com\/fi\/#website"},"primaryImageOfPage":{"@id":"https:\/\/www.gasmet.com\/fi\/sovellukset\/turvallisuus\/palo-ja-materiaalitestaus\/#primaryimage"},"image":{"@id":"https:\/\/www.gasmet.com\/fi\/sovellukset\/turvallisuus\/palo-ja-materiaalitestaus\/#primaryimage"},"thumbnailUrl":"https:\/\/www.gasmet.com\/fi\/wp-content\/uploads\/sites\/9\/2024\/11\/fire-material-testing-hero.jpg","datePublished":"2020-05-29T06:27:20+00:00","dateModified":"2024-11-14T14:14:42+00:00","breadcrumb":{"@id":"https:\/\/www.gasmet.com\/fi\/sovellukset\/turvallisuus\/palo-ja-materiaalitestaus\/#breadcrumb"},"inLanguage":"fi","potentialAction":[{"@type":"ReadAction","target":["https:\/\/www.gasmet.com\/fi\/sovellukset\/turvallisuus\/palo-ja-materiaalitestaus\/"]}]},{"@type":"ImageObject","inLanguage":"fi","@id":"https:\/\/www.gasmet.com\/fi\/sovellukset\/turvallisuus\/palo-ja-materiaalitestaus\/#primaryimage","url":"https:\/\/www.gasmet.com\/fi\/wp-content\/uploads\/sites\/9\/2024\/11\/fire-material-testing-hero.jpg","contentUrl":"https:\/\/www.gasmet.com\/fi\/wp-content\/uploads\/sites\/9\/2024\/11\/fire-material-testing-hero.jpg","width":2000,"height":500},{"@type":"BreadcrumbList","@id":"https:\/\/www.gasmet.com\/fi\/sovellukset\/turvallisuus\/palo-ja-materiaalitestaus\/#breadcrumb","itemListElement":[{"@type":"ListItem","position":1,"name":"Home","item":"https:\/\/www.gasmet.com\/fi\/"},{"@type":"ListItem","position":2,"name":"Sovellukset","item":"https:\/\/www.gasmet.com\/fi\/sovellukset\/"},{"@type":"ListItem","position":3,"name":"Turvallisuus","item":"https:\/\/www.gasmet.com\/fi\/sovellukset\/turvallisuus\/"},{"@type":"ListItem","position":4,"name":"Palo- ja materiaalitestaus"}]},{"@type":"WebSite","@id":"https:\/\/www.gasmet.com\/fi\/#website","url":"https:\/\/www.gasmet.com\/fi\/","name":"Gasmet.fi","description":"Know what&#039;s in the air.","potentialAction":[{"@type":"SearchAction","target":{"@type":"EntryPoint","urlTemplate":"https:\/\/www.gasmet.com\/fi\/?s={search_term_string}"},"query-input":{"@type":"PropertyValueSpecification","valueRequired":true,"valueName":"search_term_string"}}],"inLanguage":"fi"}]}},"_links":{"self":[{"href":"https:\/\/www.gasmet.com\/fi\/wp-json\/wp\/v2\/pages\/11705","targetHints":{"allow":["GET"]}}],"collection":[{"href":"https:\/\/www.gasmet.com\/fi\/wp-json\/wp\/v2\/pages"}],"about":[{"href":"https:\/\/www.gasmet.com\/fi\/wp-json\/wp\/v2\/types\/page"}],"author":[{"embeddable":true,"href":"https:\/\/www.gasmet.com\/fi\/wp-json\/wp\/v2\/users\/1"}],"replies":[{"embeddable":true,"href":"https:\/\/www.gasmet.com\/fi\/wp-json\/wp\/v2\/comments?post=11705"}],"version-history":[{"count":8,"href":"https:\/\/www.gasmet.com\/fi\/wp-json\/wp\/v2\/pages\/11705\/revisions"}],"predecessor-version":[{"id":15448,"href":"https:\/\/www.gasmet.com\/fi\/wp-json\/wp\/v2\/pages\/11705\/revisions\/15448"}],"up":[{"embeddable":true,"href":"https:\/\/www.gasmet.com\/fi\/wp-json\/wp\/v2\/pages\/11767"}],"wp:featuredmedia":[{"embeddable":true,"href":"https:\/\/www.gasmet.com\/fi\/wp-json\/wp\/v2\/media\/15447"}],"wp:attachment":[{"href":"https:\/\/www.gasmet.com\/fi\/wp-json\/wp\/v2\/media?parent=11705"}],"wp:term":[{"taxonomy":"post_tag","embeddable":true,"href":"https:\/\/www.gasmet.com\/fi\/wp-json\/wp\/v2\/tags?post=11705"}],"curies":[{"name":"wp","href":"https:\/\/api.w.org\/{rel}","templated":true}]}}