{"id":11703,"date":"2020-05-29T06:27:20","date_gmt":"2020-05-29T06:27:20","guid":{"rendered":"https:\/\/www.gasmet.com\/fi\/?page_id=11703"},"modified":"2025-09-18T09:57:12","modified_gmt":"2025-09-18T09:57:12","slug":"tyohygienia","status":"publish","type":"page","link":"https:\/\/www.gasmet.com\/fi\/sovellukset\/turvallisuus\/tyohygienia\/","title":{"rendered":"Ty\u00f6hygienia"},"content":{"rendered":"<p><em>Gasmet tuottaa ty\u00f6hygienisteille ja muille ty\u00f6turvallisuusammattilaisille markkinoiden johtavaa teknologiaa ty\u00f6hygieniamittauksien semikvantitatiivisia ja kvantitatiivisia altistusmittauksia varten.<\/em><\/p>\n<h2><strong>Altistusmittausten ep\u00e4varmuudet kasvattavat kuluja<\/strong><\/h2>\n<p>Ty\u00f6hygienisteill\u00e4 on t\u00e4rke\u00e4 rooli, kun halutaan varmistaa, ett\u00e4 ty\u00f6paikan olosuhteet noudattavat kemikaalisille aineille asetettuja altistumisen laillisia raja-arvoja kuten esimerkiksi HTP-arvoja eli haitallisiksi tunnetut pitoisuudet . N\u00e4m\u00e4 altistusrajat antavat ty\u00f6hygienisteille raamit, joiden avulla he voivat suojella ty\u00f6ntekij\u00f6it\u00e4 ymp\u00e4rist\u00f6haitoilta.<\/p>\n<p>Monilla ty\u00f6paikoilla ymp\u00e4ri maailman on kasvava tarve kehitt\u00e4\u00e4 altistusmittauksia. Esimerkiksi pelk\u00e4st\u00e4\u00e4n Isossa-Britanniassa raportoidaan vuosittain tuhansia kaasuun liittyvi\u00e4 tapaturmia samalla, kun lukuisia pienempi\u00e4 tapauksia ei edes ilmoiteta. Kenties suurin kehityst\u00e4 kaipaava asia on tapa, jolla altistusmittausten tulokset saadaan ja se, johtavatko tulokset parannuksiin ty\u00f6ntekij\u00f6iden oloissa.<\/p>\n<p>Ty\u00f6hygieniamittaukset tehd\u00e4\u00e4n tyypillisesti ottamalla n\u00e4ytteit\u00e4 eri paikoista ja l\u00e4hett\u00e4m\u00e4ll\u00e4 n\u00e4ytteet laboratorioon analysoitavaksi. T\u00e4m\u00e4nkaltainen passiivinen mittaus antaa vain yhden keskiarvon ty\u00f6ntekij\u00e4n altistumisesta kahdeksan tunnin ty\u00f6vuoron aikana, kun taas reaaliaikainen mittaaminen antaa kokonaisvaltaisemman ja v\u00e4litt\u00f6m\u00e4n analyysin tilassa ty\u00f6skentelevien riskist\u00e4 altistua haitallisille kaasuille. Jatkuvatoiminen mittaus ja reaaliaikaiset tulokset antavat ty\u00f6hygienisteille mahdollisuuden seurata ty\u00f6ntekij\u00f6iden ty\u00f6nkulkua ja minimoida tilassa olevien altistumiset.<\/p>\n","protected":false},"excerpt":{"rendered":"<p>Gasmet tuottaa ty\u00f6hygienisteille ja muille ty\u00f6turvallisuusammattilaisille markkinoiden johtavaa teknologiaa ty\u00f6hygieniamittauksien semikvantitatiivisia ja kvantitatiivisia altistusmittauksia varten. Altistusmittausten ep\u00e4varmuudet kasvattavat kuluja Ty\u00f6hygienisteill\u00e4 on t\u00e4rke\u00e4 rooli, kun halutaan varmistaa, ett\u00e4 ty\u00f6paikan olosuhteet noudattavat kemikaalisille aineille asetettuja altistumisen laillisia raja-arvoja kuten esimerkiksi HTP-arvoja eli haitallisiksi tunnetut pitoisuudet . N\u00e4m\u00e4 altistusrajat antavat ty\u00f6hygienisteille raamit, joiden avulla he voivat suojella ty\u00f6ntekij\u00f6it\u00e4 [&hellip;]<\/p>\n","protected":false},"author":1,"featured_media":15440,"parent":11767,"menu_order":19,"comment_status":"closed","ping_status":"closed","template":"","meta":{"_acf_changed":false,"inline_featured_image":false,"footnotes":""},"tags":[435],"class_list":["post-11703","page","type-page","status-publish","has-post-thumbnail","hentry","tag-turvallisuus"],"acf":[],"yoast_head":"<!-- This site is optimized with the Yoast SEO plugin v27.2 - https:\/\/yoast.com\/product\/yoast-seo-wordpress\/ -->\n<title>Ty\u00f6hygienia - Gasmet.fi<\/title>\n<meta name=\"description\" content=\"Laajan kaasuyhdistejoukon mittaaminen yht\u00e4 aikaa auttaa varmistamaan, ettei ilmanlaatu vaaranna ihmisten terveytt\u00e4.\u00a0\" \/>\n<meta name=\"robots\" content=\"index, follow, max-snippet:-1, max-image-preview:large, max-video-preview:-1\" \/>\n<link rel=\"canonical\" href=\"https:\/\/www.gasmet.com\/fi\/sovellukset\/turvallisuus\/tyohygienia\/\" \/>\n<meta property=\"og:locale\" content=\"fi_FI\" \/>\n<meta property=\"og:type\" content=\"article\" \/>\n<meta property=\"og:title\" content=\"Ty\u00f6hygienia - Gasmet.fi\" \/>\n<meta property=\"og:description\" content=\"Laajan kaasuyhdistejoukon mittaaminen yht\u00e4 aikaa auttaa varmistamaan, ettei ilmanlaatu vaaranna ihmisten terveytt\u00e4.\u00a0\" \/>\n<meta property=\"og:url\" content=\"https:\/\/www.gasmet.com\/fi\/sovellukset\/turvallisuus\/tyohygienia\/\" \/>\n<meta property=\"og:site_name\" content=\"Gasmet.fi\" \/>\n<meta property=\"article:modified_time\" content=\"2025-09-18T09:57:12+00:00\" \/>\n<meta property=\"og:image\" content=\"https:\/\/www.gasmet.com\/fi\/wp-content\/uploads\/sites\/9\/2024\/11\/industrial_hygiene-hero.jpg\" \/>\n\t<meta property=\"og:image:width\" content=\"2000\" \/>\n\t<meta property=\"og:image:height\" content=\"500\" \/>\n\t<meta property=\"og:image:type\" content=\"image\/jpeg\" \/>\n<meta name=\"twitter:card\" content=\"summary_large_image\" \/>\n<meta name=\"twitter:label1\" content=\"Arvioitu lukuaika\" \/>\n\t<meta name=\"twitter:data1\" content=\"2 minuuttia\" \/>\n<script type=\"application\/ld+json\" class=\"yoast-schema-graph\">{\"@context\":\"https:\/\/schema.org\",\"@graph\":[{\"@type\":\"WebPage\",\"@id\":\"https:\/\/www.gasmet.com\/fi\/sovellukset\/turvallisuus\/tyohygienia\/\",\"url\":\"https:\/\/www.gasmet.com\/fi\/sovellukset\/turvallisuus\/tyohygienia\/\",\"name\":\"Ty\u00f6hygienia - Gasmet.fi\",\"isPartOf\":{\"@id\":\"https:\/\/www.gasmet.com\/fi\/#website\"},\"primaryImageOfPage\":{\"@id\":\"https:\/\/www.gasmet.com\/fi\/sovellukset\/turvallisuus\/tyohygienia\/#primaryimage\"},\"image\":{\"@id\":\"https:\/\/www.gasmet.com\/fi\/sovellukset\/turvallisuus\/tyohygienia\/#primaryimage\"},\"thumbnailUrl\":\"https:\/\/www.gasmet.com\/fi\/wp-content\/uploads\/sites\/9\/2024\/11\/industrial_hygiene-hero.jpg\",\"datePublished\":\"2020-05-29T06:27:20+00:00\",\"dateModified\":\"2025-09-18T09:57:12+00:00\",\"description\":\"Laajan kaasuyhdistejoukon mittaaminen yht\u00e4 aikaa auttaa varmistamaan, ettei ilmanlaatu vaaranna ihmisten terveytt\u00e4.\u00a0\",\"breadcrumb\":{\"@id\":\"https:\/\/www.gasmet.com\/fi\/sovellukset\/turvallisuus\/tyohygienia\/#breadcrumb\"},\"inLanguage\":\"fi\",\"potentialAction\":[{\"@type\":\"ReadAction\",\"target\":[\"https:\/\/www.gasmet.com\/fi\/sovellukset\/turvallisuus\/tyohygienia\/\"]}]},{\"@type\":\"ImageObject\",\"inLanguage\":\"fi\",\"@id\":\"https:\/\/www.gasmet.com\/fi\/sovellukset\/turvallisuus\/tyohygienia\/#primaryimage\",\"url\":\"https:\/\/www.gasmet.com\/fi\/wp-content\/uploads\/sites\/9\/2024\/11\/industrial_hygiene-hero.jpg\",\"contentUrl\":\"https:\/\/www.gasmet.com\/fi\/wp-content\/uploads\/sites\/9\/2024\/11\/industrial_hygiene-hero.jpg\",\"width\":2000,\"height\":500},{\"@type\":\"BreadcrumbList\",\"@id\":\"https:\/\/www.gasmet.com\/fi\/sovellukset\/turvallisuus\/tyohygienia\/#breadcrumb\",\"itemListElement\":[{\"@type\":\"ListItem\",\"position\":1,\"name\":\"Home\",\"item\":\"https:\/\/www.gasmet.com\/fi\/\"},{\"@type\":\"ListItem\",\"position\":2,\"name\":\"Sovellukset\",\"item\":\"https:\/\/www.gasmet.com\/fi\/sovellukset\/\"},{\"@type\":\"ListItem\",\"position\":3,\"name\":\"Turvallisuus\",\"item\":\"https:\/\/www.gasmet.com\/fi\/sovellukset\/turvallisuus\/\"},{\"@type\":\"ListItem\",\"position\":4,\"name\":\"Ty\u00f6hygienia\"}]},{\"@type\":\"WebSite\",\"@id\":\"https:\/\/www.gasmet.com\/fi\/#website\",\"url\":\"https:\/\/www.gasmet.com\/fi\/\",\"name\":\"Gasmet.fi\",\"description\":\"Know what&#039;s in the air.\",\"potentialAction\":[{\"@type\":\"SearchAction\",\"target\":{\"@type\":\"EntryPoint\",\"urlTemplate\":\"https:\/\/www.gasmet.com\/fi\/?s={search_term_string}\"},\"query-input\":{\"@type\":\"PropertyValueSpecification\",\"valueRequired\":true,\"valueName\":\"search_term_string\"}}],\"inLanguage\":\"fi\"}]}<\/script>\n<!-- \/ Yoast SEO plugin. -->","yoast_head_json":{"title":"Ty\u00f6hygienia - Gasmet.fi","description":"Laajan kaasuyhdistejoukon mittaaminen yht\u00e4 aikaa auttaa varmistamaan, ettei ilmanlaatu vaaranna ihmisten terveytt\u00e4.\u00a0","robots":{"index":"index","follow":"follow","max-snippet":"max-snippet:-1","max-image-preview":"max-image-preview:large","max-video-preview":"max-video-preview:-1"},"canonical":"https:\/\/www.gasmet.com\/fi\/sovellukset\/turvallisuus\/tyohygienia\/","og_locale":"fi_FI","og_type":"article","og_title":"Ty\u00f6hygienia - Gasmet.fi","og_description":"Laajan kaasuyhdistejoukon mittaaminen yht\u00e4 aikaa auttaa varmistamaan, ettei ilmanlaatu vaaranna ihmisten terveytt\u00e4.\u00a0","og_url":"https:\/\/www.gasmet.com\/fi\/sovellukset\/turvallisuus\/tyohygienia\/","og_site_name":"Gasmet.fi","article_modified_time":"2025-09-18T09:57:12+00:00","og_image":[{"width":2000,"height":500,"url":"https:\/\/www.gasmet.com\/fi\/wp-content\/uploads\/sites\/9\/2024\/11\/industrial_hygiene-hero.jpg","type":"image\/jpeg"}],"twitter_card":"summary_large_image","twitter_misc":{"Arvioitu lukuaika":"2 minuuttia"},"schema":{"@context":"https:\/\/schema.org","@graph":[{"@type":"WebPage","@id":"https:\/\/www.gasmet.com\/fi\/sovellukset\/turvallisuus\/tyohygienia\/","url":"https:\/\/www.gasmet.com\/fi\/sovellukset\/turvallisuus\/tyohygienia\/","name":"Ty\u00f6hygienia - Gasmet.fi","isPartOf":{"@id":"https:\/\/www.gasmet.com\/fi\/#website"},"primaryImageOfPage":{"@id":"https:\/\/www.gasmet.com\/fi\/sovellukset\/turvallisuus\/tyohygienia\/#primaryimage"},"image":{"@id":"https:\/\/www.gasmet.com\/fi\/sovellukset\/turvallisuus\/tyohygienia\/#primaryimage"},"thumbnailUrl":"https:\/\/www.gasmet.com\/fi\/wp-content\/uploads\/sites\/9\/2024\/11\/industrial_hygiene-hero.jpg","datePublished":"2020-05-29T06:27:20+00:00","dateModified":"2025-09-18T09:57:12+00:00","description":"Laajan kaasuyhdistejoukon mittaaminen yht\u00e4 aikaa auttaa varmistamaan, ettei ilmanlaatu vaaranna ihmisten terveytt\u00e4.\u00a0","breadcrumb":{"@id":"https:\/\/www.gasmet.com\/fi\/sovellukset\/turvallisuus\/tyohygienia\/#breadcrumb"},"inLanguage":"fi","potentialAction":[{"@type":"ReadAction","target":["https:\/\/www.gasmet.com\/fi\/sovellukset\/turvallisuus\/tyohygienia\/"]}]},{"@type":"ImageObject","inLanguage":"fi","@id":"https:\/\/www.gasmet.com\/fi\/sovellukset\/turvallisuus\/tyohygienia\/#primaryimage","url":"https:\/\/www.gasmet.com\/fi\/wp-content\/uploads\/sites\/9\/2024\/11\/industrial_hygiene-hero.jpg","contentUrl":"https:\/\/www.gasmet.com\/fi\/wp-content\/uploads\/sites\/9\/2024\/11\/industrial_hygiene-hero.jpg","width":2000,"height":500},{"@type":"BreadcrumbList","@id":"https:\/\/www.gasmet.com\/fi\/sovellukset\/turvallisuus\/tyohygienia\/#breadcrumb","itemListElement":[{"@type":"ListItem","position":1,"name":"Home","item":"https:\/\/www.gasmet.com\/fi\/"},{"@type":"ListItem","position":2,"name":"Sovellukset","item":"https:\/\/www.gasmet.com\/fi\/sovellukset\/"},{"@type":"ListItem","position":3,"name":"Turvallisuus","item":"https:\/\/www.gasmet.com\/fi\/sovellukset\/turvallisuus\/"},{"@type":"ListItem","position":4,"name":"Ty\u00f6hygienia"}]},{"@type":"WebSite","@id":"https:\/\/www.gasmet.com\/fi\/#website","url":"https:\/\/www.gasmet.com\/fi\/","name":"Gasmet.fi","description":"Know what&#039;s in the air.","potentialAction":[{"@type":"SearchAction","target":{"@type":"EntryPoint","urlTemplate":"https:\/\/www.gasmet.com\/fi\/?s={search_term_string}"},"query-input":{"@type":"PropertyValueSpecification","valueRequired":true,"valueName":"search_term_string"}}],"inLanguage":"fi"}]}},"_links":{"self":[{"href":"https:\/\/www.gasmet.com\/fi\/wp-json\/wp\/v2\/pages\/11703","targetHints":{"allow":["GET"]}}],"collection":[{"href":"https:\/\/www.gasmet.com\/fi\/wp-json\/wp\/v2\/pages"}],"about":[{"href":"https:\/\/www.gasmet.com\/fi\/wp-json\/wp\/v2\/types\/page"}],"author":[{"embeddable":true,"href":"https:\/\/www.gasmet.com\/fi\/wp-json\/wp\/v2\/users\/1"}],"replies":[{"embeddable":true,"href":"https:\/\/www.gasmet.com\/fi\/wp-json\/wp\/v2\/comments?post=11703"}],"version-history":[{"count":21,"href":"https:\/\/www.gasmet.com\/fi\/wp-json\/wp\/v2\/pages\/11703\/revisions"}],"predecessor-version":[{"id":15654,"href":"https:\/\/www.gasmet.com\/fi\/wp-json\/wp\/v2\/pages\/11703\/revisions\/15654"}],"up":[{"embeddable":true,"href":"https:\/\/www.gasmet.com\/fi\/wp-json\/wp\/v2\/pages\/11767"}],"wp:featuredmedia":[{"embeddable":true,"href":"https:\/\/www.gasmet.com\/fi\/wp-json\/wp\/v2\/media\/15440"}],"wp:attachment":[{"href":"https:\/\/www.gasmet.com\/fi\/wp-json\/wp\/v2\/media?parent=11703"}],"wp:term":[{"taxonomy":"post_tag","embeddable":true,"href":"https:\/\/www.gasmet.com\/fi\/wp-json\/wp\/v2\/tags?post=11703"}],"curies":[{"name":"wp","href":"https:\/\/api.w.org\/{rel}","templated":true}]}}