{"id":11702,"date":"2020-05-29T06:27:20","date_gmt":"2020-05-29T06:27:20","guid":{"rendered":"https:\/\/www.gasmet.com\/fi\/?page_id=11702"},"modified":"2024-11-14T14:14:21","modified_gmt":"2024-11-14T14:14:21","slug":"konttimittaus","status":"publish","type":"page","link":"https:\/\/www.gasmet.com\/fi\/sovellukset\/turvallisuus\/konttimittaus\/","title":{"rendered":"Konttimittaus"},"content":{"rendered":"<p><em>Erilaisten<\/em><em> tuotteiden lis\u00e4ksi konteissa voi olla myrkyllisi\u00e4 kaasuja, jotka aiheuttavat terveysvaaroja niit\u00e4 avaaville tai purkaville ty\u00f6ntekij\u00f6ille. Gasmet valmistaa tehokkaita kannettavia kaasuanalysaattoreita vaarallisten kaasujen mittaamiseen suljettujen tilojen sis\u00e4ll\u00e4. Ratkaisujemme avulla voit mitata laajan joukon kaasuja yht\u00e4 aikaa kustannustehokkaasti.<\/em>\u00a0<em>Lue ratkaisuistamme konttien valvontaan!<\/em><\/p>\n<h2>Myrkylliset kaasut konttien sis\u00e4ll\u00e4<\/h2>\n<p>Rahtikontit ja puiset pakkausmateriaalit kaasutetaan, eli fumigoidaan, esimerkiksi fosfiinilla tai sulfuryylifluoridilla tuhoel\u00e4inten ja mikro-organismien levi\u00e4misen est\u00e4miseksi. Fumigointikaasut ovat kuitenkin myrkyllisi\u00e4 ja vaarantavat ihmisten terveyden jo pienin\u00e4 pitoisuuksina. Lis\u00e4ksi kontissa kuljetetuista tuotteista voi vapautua haihtuvia orgaanisia yhdisteit\u00e4, kuten hiilidioksidia, hiilimonoksidia ja styreeni\u00e4. Niit\u00e4 vapautuu valmistusprosesseissa k\u00e4ytetyist\u00e4 liuottimista, pinnoitteista ja liimoista, ja n\u00e4iden h\u00f6yryjen pitoisuudet voivat olla merkitt\u00e4vi\u00e4 suljetun kontin sis\u00e4ll\u00e4. Kaasumittauksia tarvitaan konttien avaavien ty\u00f6ntekij\u00f6iden terveyden suojaamiseen.\u00a0<a href=\"https:\/\/info.gasmet.com\/download-container-monitoring-white-paper\">Lue lis\u00e4\u00e4 lataamalla Konttimittausoppaamme.<\/a><\/p>\n<h2>Usean kaasun mittaus yht\u00e4 aikaa<\/h2>\n<p>Koska mahdollisesti vaarallisia kaasuja voi tulla monista erilaisista l\u00e4hteist\u00e4, turvallisen ty\u00f6ymp\u00e4rist\u00f6n luomiseksi tarkkailtavien kaasujen m\u00e4\u00e4r\u00e4 on eritt\u00e4in suuri. Eri kaasut ovat vaarallisia eri pitoisuuksissa, joten on t\u00e4rke\u00e4\u00e4 k\u00e4ytt\u00e4\u00e4 menetelm\u00e4\u00e4, joka pystyy mittaamaan tarkasti jokaisen kaasun n\u00e4ytteest\u00e4 ja mittaamaan valtavan m\u00e4\u00e4r\u00e4n eri kaasuja. Kontin sis\u00e4ilman aikaa viev\u00e4 n\u00e4ytteenotto ja laboratorioanalyysi ei ole usein mahdollista, koska konttien on liikuttava nopeasti eik\u00e4 niit\u00e4 voi pit\u00e4\u00e4 pitk\u00e4\u00e4n odottamassa analyysin tuloksia. T\u00e4m\u00e4n vuoksi kannettava ratkaisu on paljon parempi kuin perinteinen laboratorioanalyysi.<\/p>\n<h2>Kannettava kaasuanalysaattori konttimittauksiin<\/h2>\n<p><a href=\"https:\/\/www.gasmet.com\/fi\/tuotteet\/category\/kannettavat-kaasuanalysaattorit\/\">Kannettavat Gasmet-kaasuanalysaattorit<\/a> ovat tehokas ja kustannustehokas ratkaisu kaasumittauksiin rahtikonttien sis\u00e4ll\u00e4. <a href=\"https:\/\/www.gasmet.com\/fi\/tuotteet\/ftir\/\">FTIR-teknologian<\/a>\u00a0avulla voidaan mitata vertaansa vailla oleva suuri m\u00e4\u00e4r\u00e4 kaasuja, mik\u00e4 parantaa ty\u00f6ntekij\u00f6iden turvallisuutta. Mahdollisuus mitata 50\u00a0komponenttia yht\u00e4 aikaa tarkoittaa, ett\u00e4 n\u00e4ytteest\u00e4 voidaan seuloa t\u00e4rkeimm\u00e4t kiinnostavat kaasut, ja jos jotakin yll\u00e4tt\u00e4v\u00e4\u00e4 l\u00f6ytyy, FTIR on ihanteellinen ratkaisu sen tunnistamiseen.\u00a0<a href=\"https:\/\/www.gasmet.com\/fi\/tuotteet\/category\/kannettavat-kaasuanalysaattorit\/gt5000-terra\/\">GT5000 Terra<\/a>\u00a0on kest\u00e4v\u00e4 ja antaa tuloksen nopeasti eik\u00e4 se tarvitse kalibrointikaasuja (paitsi typpikaasua nollamittauksiin) tai kulutustarvikkeita n\u00e4ytteenottoon. T\u00e4m\u00e4 tarkoittaa, ett\u00e4 my\u00f6s ratkaisun kokonaiskustannukset ovat poikkeuksellisen pienet.<\/p>\n","protected":false},"excerpt":{"rendered":"<p>Erilaisten tuotteiden lis\u00e4ksi konteissa voi olla myrkyllisi\u00e4 kaasuja, jotka aiheuttavat terveysvaaroja niit\u00e4 avaaville tai purkaville ty\u00f6ntekij\u00f6ille. Gasmet valmistaa tehokkaita kannettavia kaasuanalysaattoreita vaarallisten kaasujen mittaamiseen suljettujen tilojen sis\u00e4ll\u00e4. Ratkaisujemme avulla voit mitata laajan joukon kaasuja yht\u00e4 aikaa kustannustehokkaasti.\u00a0Lue ratkaisuistamme konttien valvontaan! Myrkylliset kaasut konttien sis\u00e4ll\u00e4 Rahtikontit ja puiset pakkausmateriaalit kaasutetaan, eli fumigoidaan, esimerkiksi fosfiinilla tai sulfuryylifluoridilla [&hellip;]<\/p>\n","protected":false},"author":1,"featured_media":15445,"parent":11767,"menu_order":37,"comment_status":"closed","ping_status":"closed","template":"","meta":{"_acf_changed":false,"inline_featured_image":false,"footnotes":""},"tags":[435],"class_list":["post-11702","page","type-page","status-publish","has-post-thumbnail","hentry","tag-turvallisuus"],"acf":[],"yoast_head":"<!-- This site is optimized with the Yoast SEO plugin v27.2 - https:\/\/yoast.com\/product\/yoast-seo-wordpress\/ -->\n<title>Konttimittaus - Gasmet.fi<\/title>\n<meta name=\"robots\" content=\"index, follow, max-snippet:-1, max-image-preview:large, max-video-preview:-1\" \/>\n<link rel=\"canonical\" href=\"https:\/\/www.gasmet.com\/fi\/sovellukset\/turvallisuus\/konttimittaus\/\" \/>\n<meta property=\"og:locale\" content=\"fi_FI\" \/>\n<meta property=\"og:type\" content=\"article\" \/>\n<meta property=\"og:title\" content=\"Konttimittaus - Gasmet.fi\" \/>\n<meta property=\"og:description\" content=\"Erilaisten tuotteiden lis\u00e4ksi konteissa voi olla myrkyllisi\u00e4 kaasuja, jotka aiheuttavat terveysvaaroja niit\u00e4 avaaville tai purkaville ty\u00f6ntekij\u00f6ille. Gasmet valmistaa tehokkaita kannettavia kaasuanalysaattoreita vaarallisten kaasujen mittaamiseen suljettujen tilojen sis\u00e4ll\u00e4. Ratkaisujemme avulla voit mitata laajan joukon kaasuja yht\u00e4 aikaa kustannustehokkaasti.\u00a0Lue ratkaisuistamme konttien valvontaan! Myrkylliset kaasut konttien sis\u00e4ll\u00e4 Rahtikontit ja puiset pakkausmateriaalit kaasutetaan, eli fumigoidaan, esimerkiksi fosfiinilla tai sulfuryylifluoridilla [&hellip;]\" \/>\n<meta property=\"og:url\" content=\"https:\/\/www.gasmet.com\/fi\/sovellukset\/turvallisuus\/konttimittaus\/\" \/>\n<meta property=\"og:site_name\" content=\"Gasmet.fi\" \/>\n<meta property=\"article:modified_time\" content=\"2024-11-14T14:14:21+00:00\" \/>\n<meta property=\"og:image\" content=\"https:\/\/www.gasmet.com\/fi\/wp-content\/uploads\/sites\/9\/2024\/11\/container_monitoring-hero.jpg\" \/>\n\t<meta property=\"og:image:width\" content=\"2000\" \/>\n\t<meta property=\"og:image:height\" content=\"501\" \/>\n\t<meta property=\"og:image:type\" content=\"image\/jpeg\" \/>\n<meta name=\"twitter:card\" content=\"summary_large_image\" \/>\n<meta name=\"twitter:label1\" content=\"Arvioitu lukuaika\" \/>\n\t<meta name=\"twitter:data1\" content=\"2 minuuttia\" \/>\n<script type=\"application\/ld+json\" class=\"yoast-schema-graph\">{\"@context\":\"https:\/\/schema.org\",\"@graph\":[{\"@type\":\"WebPage\",\"@id\":\"https:\/\/www.gasmet.com\/fi\/sovellukset\/turvallisuus\/konttimittaus\/\",\"url\":\"https:\/\/www.gasmet.com\/fi\/sovellukset\/turvallisuus\/konttimittaus\/\",\"name\":\"Konttimittaus - Gasmet.fi\",\"isPartOf\":{\"@id\":\"https:\/\/www.gasmet.com\/fi\/#website\"},\"primaryImageOfPage\":{\"@id\":\"https:\/\/www.gasmet.com\/fi\/sovellukset\/turvallisuus\/konttimittaus\/#primaryimage\"},\"image\":{\"@id\":\"https:\/\/www.gasmet.com\/fi\/sovellukset\/turvallisuus\/konttimittaus\/#primaryimage\"},\"thumbnailUrl\":\"https:\/\/www.gasmet.com\/fi\/wp-content\/uploads\/sites\/9\/2024\/11\/container_monitoring-hero.jpg\",\"datePublished\":\"2020-05-29T06:27:20+00:00\",\"dateModified\":\"2024-11-14T14:14:21+00:00\",\"breadcrumb\":{\"@id\":\"https:\/\/www.gasmet.com\/fi\/sovellukset\/turvallisuus\/konttimittaus\/#breadcrumb\"},\"inLanguage\":\"fi\",\"potentialAction\":[{\"@type\":\"ReadAction\",\"target\":[\"https:\/\/www.gasmet.com\/fi\/sovellukset\/turvallisuus\/konttimittaus\/\"]}]},{\"@type\":\"ImageObject\",\"inLanguage\":\"fi\",\"@id\":\"https:\/\/www.gasmet.com\/fi\/sovellukset\/turvallisuus\/konttimittaus\/#primaryimage\",\"url\":\"https:\/\/www.gasmet.com\/fi\/wp-content\/uploads\/sites\/9\/2024\/11\/container_monitoring-hero.jpg\",\"contentUrl\":\"https:\/\/www.gasmet.com\/fi\/wp-content\/uploads\/sites\/9\/2024\/11\/container_monitoring-hero.jpg\",\"width\":2000,\"height\":501},{\"@type\":\"BreadcrumbList\",\"@id\":\"https:\/\/www.gasmet.com\/fi\/sovellukset\/turvallisuus\/konttimittaus\/#breadcrumb\",\"itemListElement\":[{\"@type\":\"ListItem\",\"position\":1,\"name\":\"Home\",\"item\":\"https:\/\/www.gasmet.com\/fi\/\"},{\"@type\":\"ListItem\",\"position\":2,\"name\":\"Sovellukset\",\"item\":\"https:\/\/www.gasmet.com\/fi\/sovellukset\/\"},{\"@type\":\"ListItem\",\"position\":3,\"name\":\"Turvallisuus\",\"item\":\"https:\/\/www.gasmet.com\/fi\/sovellukset\/turvallisuus\/\"},{\"@type\":\"ListItem\",\"position\":4,\"name\":\"Konttimittaus\"}]},{\"@type\":\"WebSite\",\"@id\":\"https:\/\/www.gasmet.com\/fi\/#website\",\"url\":\"https:\/\/www.gasmet.com\/fi\/\",\"name\":\"Gasmet.fi\",\"description\":\"Know what&#039;s in the air.\",\"potentialAction\":[{\"@type\":\"SearchAction\",\"target\":{\"@type\":\"EntryPoint\",\"urlTemplate\":\"https:\/\/www.gasmet.com\/fi\/?s={search_term_string}\"},\"query-input\":{\"@type\":\"PropertyValueSpecification\",\"valueRequired\":true,\"valueName\":\"search_term_string\"}}],\"inLanguage\":\"fi\"}]}<\/script>\n<!-- \/ Yoast SEO plugin. -->","yoast_head_json":{"title":"Konttimittaus - Gasmet.fi","robots":{"index":"index","follow":"follow","max-snippet":"max-snippet:-1","max-image-preview":"max-image-preview:large","max-video-preview":"max-video-preview:-1"},"canonical":"https:\/\/www.gasmet.com\/fi\/sovellukset\/turvallisuus\/konttimittaus\/","og_locale":"fi_FI","og_type":"article","og_title":"Konttimittaus - Gasmet.fi","og_description":"Erilaisten tuotteiden lis\u00e4ksi konteissa voi olla myrkyllisi\u00e4 kaasuja, jotka aiheuttavat terveysvaaroja niit\u00e4 avaaville tai purkaville ty\u00f6ntekij\u00f6ille. Gasmet valmistaa tehokkaita kannettavia kaasuanalysaattoreita vaarallisten kaasujen mittaamiseen suljettujen tilojen sis\u00e4ll\u00e4. Ratkaisujemme avulla voit mitata laajan joukon kaasuja yht\u00e4 aikaa kustannustehokkaasti.\u00a0Lue ratkaisuistamme konttien valvontaan! Myrkylliset kaasut konttien sis\u00e4ll\u00e4 Rahtikontit ja puiset pakkausmateriaalit kaasutetaan, eli fumigoidaan, esimerkiksi fosfiinilla tai sulfuryylifluoridilla [&hellip;]","og_url":"https:\/\/www.gasmet.com\/fi\/sovellukset\/turvallisuus\/konttimittaus\/","og_site_name":"Gasmet.fi","article_modified_time":"2024-11-14T14:14:21+00:00","og_image":[{"width":2000,"height":501,"url":"https:\/\/www.gasmet.com\/fi\/wp-content\/uploads\/sites\/9\/2024\/11\/container_monitoring-hero.jpg","type":"image\/jpeg"}],"twitter_card":"summary_large_image","twitter_misc":{"Arvioitu lukuaika":"2 minuuttia"},"schema":{"@context":"https:\/\/schema.org","@graph":[{"@type":"WebPage","@id":"https:\/\/www.gasmet.com\/fi\/sovellukset\/turvallisuus\/konttimittaus\/","url":"https:\/\/www.gasmet.com\/fi\/sovellukset\/turvallisuus\/konttimittaus\/","name":"Konttimittaus - Gasmet.fi","isPartOf":{"@id":"https:\/\/www.gasmet.com\/fi\/#website"},"primaryImageOfPage":{"@id":"https:\/\/www.gasmet.com\/fi\/sovellukset\/turvallisuus\/konttimittaus\/#primaryimage"},"image":{"@id":"https:\/\/www.gasmet.com\/fi\/sovellukset\/turvallisuus\/konttimittaus\/#primaryimage"},"thumbnailUrl":"https:\/\/www.gasmet.com\/fi\/wp-content\/uploads\/sites\/9\/2024\/11\/container_monitoring-hero.jpg","datePublished":"2020-05-29T06:27:20+00:00","dateModified":"2024-11-14T14:14:21+00:00","breadcrumb":{"@id":"https:\/\/www.gasmet.com\/fi\/sovellukset\/turvallisuus\/konttimittaus\/#breadcrumb"},"inLanguage":"fi","potentialAction":[{"@type":"ReadAction","target":["https:\/\/www.gasmet.com\/fi\/sovellukset\/turvallisuus\/konttimittaus\/"]}]},{"@type":"ImageObject","inLanguage":"fi","@id":"https:\/\/www.gasmet.com\/fi\/sovellukset\/turvallisuus\/konttimittaus\/#primaryimage","url":"https:\/\/www.gasmet.com\/fi\/wp-content\/uploads\/sites\/9\/2024\/11\/container_monitoring-hero.jpg","contentUrl":"https:\/\/www.gasmet.com\/fi\/wp-content\/uploads\/sites\/9\/2024\/11\/container_monitoring-hero.jpg","width":2000,"height":501},{"@type":"BreadcrumbList","@id":"https:\/\/www.gasmet.com\/fi\/sovellukset\/turvallisuus\/konttimittaus\/#breadcrumb","itemListElement":[{"@type":"ListItem","position":1,"name":"Home","item":"https:\/\/www.gasmet.com\/fi\/"},{"@type":"ListItem","position":2,"name":"Sovellukset","item":"https:\/\/www.gasmet.com\/fi\/sovellukset\/"},{"@type":"ListItem","position":3,"name":"Turvallisuus","item":"https:\/\/www.gasmet.com\/fi\/sovellukset\/turvallisuus\/"},{"@type":"ListItem","position":4,"name":"Konttimittaus"}]},{"@type":"WebSite","@id":"https:\/\/www.gasmet.com\/fi\/#website","url":"https:\/\/www.gasmet.com\/fi\/","name":"Gasmet.fi","description":"Know what&#039;s in the air.","potentialAction":[{"@type":"SearchAction","target":{"@type":"EntryPoint","urlTemplate":"https:\/\/www.gasmet.com\/fi\/?s={search_term_string}"},"query-input":{"@type":"PropertyValueSpecification","valueRequired":true,"valueName":"search_term_string"}}],"inLanguage":"fi"}]}},"_links":{"self":[{"href":"https:\/\/www.gasmet.com\/fi\/wp-json\/wp\/v2\/pages\/11702","targetHints":{"allow":["GET"]}}],"collection":[{"href":"https:\/\/www.gasmet.com\/fi\/wp-json\/wp\/v2\/pages"}],"about":[{"href":"https:\/\/www.gasmet.com\/fi\/wp-json\/wp\/v2\/types\/page"}],"author":[{"embeddable":true,"href":"https:\/\/www.gasmet.com\/fi\/wp-json\/wp\/v2\/users\/1"}],"replies":[{"embeddable":true,"href":"https:\/\/www.gasmet.com\/fi\/wp-json\/wp\/v2\/comments?post=11702"}],"version-history":[{"count":11,"href":"https:\/\/www.gasmet.com\/fi\/wp-json\/wp\/v2\/pages\/11702\/revisions"}],"predecessor-version":[{"id":15446,"href":"https:\/\/www.gasmet.com\/fi\/wp-json\/wp\/v2\/pages\/11702\/revisions\/15446"}],"up":[{"embeddable":true,"href":"https:\/\/www.gasmet.com\/fi\/wp-json\/wp\/v2\/pages\/11767"}],"wp:featuredmedia":[{"embeddable":true,"href":"https:\/\/www.gasmet.com\/fi\/wp-json\/wp\/v2\/media\/15445"}],"wp:attachment":[{"href":"https:\/\/www.gasmet.com\/fi\/wp-json\/wp\/v2\/media?parent=11702"}],"wp:term":[{"taxonomy":"post_tag","embeddable":true,"href":"https:\/\/www.gasmet.com\/fi\/wp-json\/wp\/v2\/tags?post=11702"}],"curies":[{"name":"wp","href":"https:\/\/api.w.org\/{rel}","templated":true}]}}