{"id":11700,"date":"2020-05-29T06:27:20","date_gmt":"2020-05-29T06:27:20","guid":{"rendered":"https:\/\/www.gasmet.com\/fi\/?page_id=11700"},"modified":"2024-11-14T14:12:18","modified_gmt":"2024-11-14T14:12:18","slug":"pelastustoimi","status":"publish","type":"page","link":"https:\/\/www.gasmet.com\/fi\/sovellukset\/turvallisuus\/pelastustoimi\/","title":{"rendered":"Pelastustoimi"},"content":{"rendered":"<p><em>Pelastustoimi kohtaa vaarallisia kaasuja, jotka on tunnistettava nopeasti. Gasmet valmistaa <a href=\"https:\/\/www.gasmet.com\/fi\/tuotteet\/category\/kannettavat-kaasuanalysaattorit\/\" target=\"_blank\" rel=\"noopener noreferrer\">kannettavia ja tehokkaita kaasuanalysaattoreita<\/a> n\u00e4ihin elint\u00e4rkeisiin mittauksiin. Mittaa laaja joukko kaasuja yht\u00e4 aikaa paikan p\u00e4\u00e4ll\u00e4.<\/em>\u00a0<em>Lue ratkaisuistamme pelastustoimen kaasumittauksiin!<\/em><\/p>\n<h2>Pelastustoimi kohtaa odottamattoman<\/h2>\n<p>Onnettomuuksissa, joihin liittyy kemikaaleja ja muita vaarallisia aineita (<strong>HAZMAT<\/strong>), tarvitaan nopeita ja tarkkoja kaasumittauksia ensivasteen osana. Onnettomuudet ovat luonnostaan yll\u00e4tt\u00e4vi\u00e4 ja ennakoimattomia, joten ensivasteessa n\u00e4iss\u00e4 tilanteissa k\u00e4ytett\u00e4vien laitteiden tulee olla riitt\u00e4v\u00e4n joustavia, ett\u00e4 ne toimivat mit\u00e4 erilaisimmissa skenaarioissa.\u00a0<strong>CBRN<\/strong>-yksik\u00f6t, joiden teht\u00e4v\u00e4n\u00e4 on suojella yleis\u00f6\u00e4 kemiallisilta ja biologisilta vaaroilta sek\u00e4 s\u00e4teily- ja ydinvaaroilta, tarvitsevat my\u00f6s vastaavia ratkaisuja kemikaaliuhkien tunnistamiseen ja torjumiseen. Formaldehydi, tolueeni, ammoniakki, arsiini ja muut kaasut voivat vaarantaa terveyden vakavasti. Koska aina ei ole mahdollista tiet\u00e4\u00e4 etuk\u00e4teen, mit\u00e4 HAZMAT-tilanteissa voi tulla vastaan, tarvitaan sek\u00e4 kaasujen tunnistamista ett\u00e4 niiden m\u00e4\u00e4rien mittaamista.<\/p>\n<h2>Tulokset v\u00e4litt\u00f6m\u00e4sti ja kustannustehokkaasti<\/h2>\n<p>Perinteisesti tuntemattoman n\u00e4ytteen analysointi on vaatinut n\u00e4ytteenoton ja sen j\u00e4lkeen aikaa viev\u00e4n ja kalliin laboratorioanalyysin. Joskus tilanne kuitenkin edellytt\u00e4\u00e4 nopeita p\u00e4\u00e4t\u00f6ksi\u00e4, eik\u00e4 ennen toimiin ryhtymist\u00e4 ole aikaa odottaa laboratoriotuloksia. Laboratoriotason tuloksia antava kannettava analysaattori voi t\u00e4m\u00e4n vuoksi olla ensivasteyksik\u00f6ill\u00e4 v\u00e4ltt\u00e4m\u00e4t\u00f6n ty\u00f6kalu, jonka avulla yksik\u00f6n ty\u00f6ntekij\u00e4t voivat tehd\u00e4 <a href=\"https:\/\/www.gasmet.com\/cases\/ftir-gas-analyzers-support-management-of-fire-at-uk-waste-facility\/\">tietoon perustuvia p\u00e4\u00e4t\u00f6ksi\u00e4 kent\u00e4ll\u00e4<\/a>.<\/p>\n<h2>Kannettava kaasuanalysaattori vaarallisille kaasuille<\/h2>\n<p><a href=\"https:\/\/www.gasmet.com\/fi\/tuotteet\/ftir\/\">Gasmetin kannettavat FTIR-analysaattorit<\/a> ovat ihanteellinen ty\u00f6kalu t\u00e4h\u00e4n teht\u00e4v\u00e4\u00e4n. Ne mahdollistavat laajan kaasuvalikoiman mittaamisen, ja tuloksia voi tarkastella v\u00e4litt\u00f6m\u00e4sti. Teknologia mahdollistaa my\u00f6s n\u00e4ytteess\u00e4 olevien tuntemattomien kaasujen tunnistamisen, mik\u00e4 on elint\u00e4rke\u00e4\u00e4 sek\u00e4 HAZMAT- ett\u00e4 CBRN-tilanteissa, joissa voi olla mahdotonta tiet\u00e4\u00e4 etuk\u00e4teen tarkalleen, mit\u00e4 ensivasteyksik\u00f6n vastassa on. <a href=\"https:\/\/www.gasmet.com\/fi\/tuotteet\/category\/kannettavat-kaasuanalysaattorit\/gt5000-terra\/\">GT5000 Terra<\/a> mahdollistaa jatkuvatoimiset mittaukset. Siin\u00e4 on sis\u00e4\u00e4nrakennettu Wifi tai Bluetooth, ja sit\u00e4 voi et\u00e4k\u00e4ytt\u00e4\u00e4 VPN:n kautta. Vaativaan kentt\u00e4k\u00e4ytt\u00f6\u00f6n suunniteltu kannettava ja roiskeenkest\u00e4v\u00e4 GT5000 Terra on ty\u00f6kalu, joka vastaa ensivasteyksik\u00f6iden tarpeisiin.<\/p>\n","protected":false},"excerpt":{"rendered":"<p>Pelastustoimi kohtaa vaarallisia kaasuja, jotka on tunnistettava nopeasti. Gasmet valmistaa kannettavia ja tehokkaita kaasuanalysaattoreita n\u00e4ihin elint\u00e4rkeisiin mittauksiin. Mittaa laaja joukko kaasuja yht\u00e4 aikaa paikan p\u00e4\u00e4ll\u00e4.\u00a0Lue ratkaisuistamme pelastustoimen kaasumittauksiin! Pelastustoimi kohtaa odottamattoman Onnettomuuksissa, joihin liittyy kemikaaleja ja muita vaarallisia aineita (HAZMAT), tarvitaan nopeita ja tarkkoja kaasumittauksia ensivasteen osana. Onnettomuudet ovat luonnostaan yll\u00e4tt\u00e4vi\u00e4 ja ennakoimattomia, joten ensivasteessa [&hellip;]<\/p>\n","protected":false},"author":1,"featured_media":15442,"parent":11767,"menu_order":22,"comment_status":"closed","ping_status":"closed","template":"","meta":{"_acf_changed":false,"inline_featured_image":false,"footnotes":""},"tags":[435],"class_list":["post-11700","page","type-page","status-publish","has-post-thumbnail","hentry","tag-turvallisuus"],"acf":[],"yoast_head":"<!-- This site is optimized with the Yoast SEO plugin v27.2 - https:\/\/yoast.com\/product\/yoast-seo-wordpress\/ -->\n<title>Pelastustoimi - Gasmet.fi<\/title>\n<meta name=\"robots\" content=\"index, follow, max-snippet:-1, max-image-preview:large, max-video-preview:-1\" \/>\n<link rel=\"canonical\" href=\"https:\/\/www.gasmet.com\/fi\/sovellukset\/turvallisuus\/pelastustoimi\/\" \/>\n<meta property=\"og:locale\" content=\"fi_FI\" \/>\n<meta property=\"og:type\" content=\"article\" \/>\n<meta property=\"og:title\" content=\"Pelastustoimi - Gasmet.fi\" \/>\n<meta property=\"og:description\" content=\"Pelastustoimi kohtaa vaarallisia kaasuja, jotka on tunnistettava nopeasti. Gasmet valmistaa kannettavia ja tehokkaita kaasuanalysaattoreita n\u00e4ihin elint\u00e4rkeisiin mittauksiin. Mittaa laaja joukko kaasuja yht\u00e4 aikaa paikan p\u00e4\u00e4ll\u00e4.\u00a0Lue ratkaisuistamme pelastustoimen kaasumittauksiin! Pelastustoimi kohtaa odottamattoman Onnettomuuksissa, joihin liittyy kemikaaleja ja muita vaarallisia aineita (HAZMAT), tarvitaan nopeita ja tarkkoja kaasumittauksia ensivasteen osana. Onnettomuudet ovat luonnostaan yll\u00e4tt\u00e4vi\u00e4 ja ennakoimattomia, joten ensivasteessa [&hellip;]\" \/>\n<meta property=\"og:url\" content=\"https:\/\/www.gasmet.com\/fi\/sovellukset\/turvallisuus\/pelastustoimi\/\" \/>\n<meta property=\"og:site_name\" content=\"Gasmet.fi\" \/>\n<meta property=\"article:modified_time\" content=\"2024-11-14T14:12:18+00:00\" \/>\n<meta property=\"og:image\" content=\"https:\/\/www.gasmet.com\/fi\/wp-content\/uploads\/sites\/9\/2024\/11\/First_response-hero.jpg\" \/>\n\t<meta property=\"og:image:width\" content=\"2000\" \/>\n\t<meta property=\"og:image:height\" content=\"500\" \/>\n\t<meta property=\"og:image:type\" content=\"image\/jpeg\" \/>\n<meta name=\"twitter:card\" content=\"summary_large_image\" \/>\n<meta name=\"twitter:label1\" content=\"Arvioitu lukuaika\" \/>\n\t<meta name=\"twitter:data1\" content=\"2 minuuttia\" \/>\n<script type=\"application\/ld+json\" class=\"yoast-schema-graph\">{\"@context\":\"https:\/\/schema.org\",\"@graph\":[{\"@type\":\"WebPage\",\"@id\":\"https:\/\/www.gasmet.com\/fi\/sovellukset\/turvallisuus\/pelastustoimi\/\",\"url\":\"https:\/\/www.gasmet.com\/fi\/sovellukset\/turvallisuus\/pelastustoimi\/\",\"name\":\"Pelastustoimi - Gasmet.fi\",\"isPartOf\":{\"@id\":\"https:\/\/www.gasmet.com\/fi\/#website\"},\"primaryImageOfPage\":{\"@id\":\"https:\/\/www.gasmet.com\/fi\/sovellukset\/turvallisuus\/pelastustoimi\/#primaryimage\"},\"image\":{\"@id\":\"https:\/\/www.gasmet.com\/fi\/sovellukset\/turvallisuus\/pelastustoimi\/#primaryimage\"},\"thumbnailUrl\":\"https:\/\/www.gasmet.com\/fi\/wp-content\/uploads\/sites\/9\/2024\/11\/First_response-hero.jpg\",\"datePublished\":\"2020-05-29T06:27:20+00:00\",\"dateModified\":\"2024-11-14T14:12:18+00:00\",\"breadcrumb\":{\"@id\":\"https:\/\/www.gasmet.com\/fi\/sovellukset\/turvallisuus\/pelastustoimi\/#breadcrumb\"},\"inLanguage\":\"fi\",\"potentialAction\":[{\"@type\":\"ReadAction\",\"target\":[\"https:\/\/www.gasmet.com\/fi\/sovellukset\/turvallisuus\/pelastustoimi\/\"]}]},{\"@type\":\"ImageObject\",\"inLanguage\":\"fi\",\"@id\":\"https:\/\/www.gasmet.com\/fi\/sovellukset\/turvallisuus\/pelastustoimi\/#primaryimage\",\"url\":\"https:\/\/www.gasmet.com\/fi\/wp-content\/uploads\/sites\/9\/2024\/11\/First_response-hero.jpg\",\"contentUrl\":\"https:\/\/www.gasmet.com\/fi\/wp-content\/uploads\/sites\/9\/2024\/11\/First_response-hero.jpg\",\"width\":2000,\"height\":500},{\"@type\":\"BreadcrumbList\",\"@id\":\"https:\/\/www.gasmet.com\/fi\/sovellukset\/turvallisuus\/pelastustoimi\/#breadcrumb\",\"itemListElement\":[{\"@type\":\"ListItem\",\"position\":1,\"name\":\"Home\",\"item\":\"https:\/\/www.gasmet.com\/fi\/\"},{\"@type\":\"ListItem\",\"position\":2,\"name\":\"Sovellukset\",\"item\":\"https:\/\/www.gasmet.com\/fi\/sovellukset\/\"},{\"@type\":\"ListItem\",\"position\":3,\"name\":\"Turvallisuus\",\"item\":\"https:\/\/www.gasmet.com\/fi\/sovellukset\/turvallisuus\/\"},{\"@type\":\"ListItem\",\"position\":4,\"name\":\"Pelastustoimi\"}]},{\"@type\":\"WebSite\",\"@id\":\"https:\/\/www.gasmet.com\/fi\/#website\",\"url\":\"https:\/\/www.gasmet.com\/fi\/\",\"name\":\"Gasmet.fi\",\"description\":\"Know what&#039;s in the air.\",\"potentialAction\":[{\"@type\":\"SearchAction\",\"target\":{\"@type\":\"EntryPoint\",\"urlTemplate\":\"https:\/\/www.gasmet.com\/fi\/?s={search_term_string}\"},\"query-input\":{\"@type\":\"PropertyValueSpecification\",\"valueRequired\":true,\"valueName\":\"search_term_string\"}}],\"inLanguage\":\"fi\"}]}<\/script>\n<!-- \/ Yoast SEO plugin. -->","yoast_head_json":{"title":"Pelastustoimi - Gasmet.fi","robots":{"index":"index","follow":"follow","max-snippet":"max-snippet:-1","max-image-preview":"max-image-preview:large","max-video-preview":"max-video-preview:-1"},"canonical":"https:\/\/www.gasmet.com\/fi\/sovellukset\/turvallisuus\/pelastustoimi\/","og_locale":"fi_FI","og_type":"article","og_title":"Pelastustoimi - Gasmet.fi","og_description":"Pelastustoimi kohtaa vaarallisia kaasuja, jotka on tunnistettava nopeasti. Gasmet valmistaa kannettavia ja tehokkaita kaasuanalysaattoreita n\u00e4ihin elint\u00e4rkeisiin mittauksiin. Mittaa laaja joukko kaasuja yht\u00e4 aikaa paikan p\u00e4\u00e4ll\u00e4.\u00a0Lue ratkaisuistamme pelastustoimen kaasumittauksiin! Pelastustoimi kohtaa odottamattoman Onnettomuuksissa, joihin liittyy kemikaaleja ja muita vaarallisia aineita (HAZMAT), tarvitaan nopeita ja tarkkoja kaasumittauksia ensivasteen osana. Onnettomuudet ovat luonnostaan yll\u00e4tt\u00e4vi\u00e4 ja ennakoimattomia, joten ensivasteessa [&hellip;]","og_url":"https:\/\/www.gasmet.com\/fi\/sovellukset\/turvallisuus\/pelastustoimi\/","og_site_name":"Gasmet.fi","article_modified_time":"2024-11-14T14:12:18+00:00","og_image":[{"width":2000,"height":500,"url":"https:\/\/www.gasmet.com\/fi\/wp-content\/uploads\/sites\/9\/2024\/11\/First_response-hero.jpg","type":"image\/jpeg"}],"twitter_card":"summary_large_image","twitter_misc":{"Arvioitu lukuaika":"2 minuuttia"},"schema":{"@context":"https:\/\/schema.org","@graph":[{"@type":"WebPage","@id":"https:\/\/www.gasmet.com\/fi\/sovellukset\/turvallisuus\/pelastustoimi\/","url":"https:\/\/www.gasmet.com\/fi\/sovellukset\/turvallisuus\/pelastustoimi\/","name":"Pelastustoimi - Gasmet.fi","isPartOf":{"@id":"https:\/\/www.gasmet.com\/fi\/#website"},"primaryImageOfPage":{"@id":"https:\/\/www.gasmet.com\/fi\/sovellukset\/turvallisuus\/pelastustoimi\/#primaryimage"},"image":{"@id":"https:\/\/www.gasmet.com\/fi\/sovellukset\/turvallisuus\/pelastustoimi\/#primaryimage"},"thumbnailUrl":"https:\/\/www.gasmet.com\/fi\/wp-content\/uploads\/sites\/9\/2024\/11\/First_response-hero.jpg","datePublished":"2020-05-29T06:27:20+00:00","dateModified":"2024-11-14T14:12:18+00:00","breadcrumb":{"@id":"https:\/\/www.gasmet.com\/fi\/sovellukset\/turvallisuus\/pelastustoimi\/#breadcrumb"},"inLanguage":"fi","potentialAction":[{"@type":"ReadAction","target":["https:\/\/www.gasmet.com\/fi\/sovellukset\/turvallisuus\/pelastustoimi\/"]}]},{"@type":"ImageObject","inLanguage":"fi","@id":"https:\/\/www.gasmet.com\/fi\/sovellukset\/turvallisuus\/pelastustoimi\/#primaryimage","url":"https:\/\/www.gasmet.com\/fi\/wp-content\/uploads\/sites\/9\/2024\/11\/First_response-hero.jpg","contentUrl":"https:\/\/www.gasmet.com\/fi\/wp-content\/uploads\/sites\/9\/2024\/11\/First_response-hero.jpg","width":2000,"height":500},{"@type":"BreadcrumbList","@id":"https:\/\/www.gasmet.com\/fi\/sovellukset\/turvallisuus\/pelastustoimi\/#breadcrumb","itemListElement":[{"@type":"ListItem","position":1,"name":"Home","item":"https:\/\/www.gasmet.com\/fi\/"},{"@type":"ListItem","position":2,"name":"Sovellukset","item":"https:\/\/www.gasmet.com\/fi\/sovellukset\/"},{"@type":"ListItem","position":3,"name":"Turvallisuus","item":"https:\/\/www.gasmet.com\/fi\/sovellukset\/turvallisuus\/"},{"@type":"ListItem","position":4,"name":"Pelastustoimi"}]},{"@type":"WebSite","@id":"https:\/\/www.gasmet.com\/fi\/#website","url":"https:\/\/www.gasmet.com\/fi\/","name":"Gasmet.fi","description":"Know what&#039;s in the air.","potentialAction":[{"@type":"SearchAction","target":{"@type":"EntryPoint","urlTemplate":"https:\/\/www.gasmet.com\/fi\/?s={search_term_string}"},"query-input":{"@type":"PropertyValueSpecification","valueRequired":true,"valueName":"search_term_string"}}],"inLanguage":"fi"}]}},"_links":{"self":[{"href":"https:\/\/www.gasmet.com\/fi\/wp-json\/wp\/v2\/pages\/11700","targetHints":{"allow":["GET"]}}],"collection":[{"href":"https:\/\/www.gasmet.com\/fi\/wp-json\/wp\/v2\/pages"}],"about":[{"href":"https:\/\/www.gasmet.com\/fi\/wp-json\/wp\/v2\/types\/page"}],"author":[{"embeddable":true,"href":"https:\/\/www.gasmet.com\/fi\/wp-json\/wp\/v2\/users\/1"}],"replies":[{"embeddable":true,"href":"https:\/\/www.gasmet.com\/fi\/wp-json\/wp\/v2\/comments?post=11700"}],"version-history":[{"count":17,"href":"https:\/\/www.gasmet.com\/fi\/wp-json\/wp\/v2\/pages\/11700\/revisions"}],"predecessor-version":[{"id":15443,"href":"https:\/\/www.gasmet.com\/fi\/wp-json\/wp\/v2\/pages\/11700\/revisions\/15443"}],"up":[{"embeddable":true,"href":"https:\/\/www.gasmet.com\/fi\/wp-json\/wp\/v2\/pages\/11767"}],"wp:featuredmedia":[{"embeddable":true,"href":"https:\/\/www.gasmet.com\/fi\/wp-json\/wp\/v2\/media\/15442"}],"wp:attachment":[{"href":"https:\/\/www.gasmet.com\/fi\/wp-json\/wp\/v2\/media?parent=11700"}],"wp:term":[{"taxonomy":"post_tag","embeddable":true,"href":"https:\/\/www.gasmet.com\/fi\/wp-json\/wp\/v2\/tags?post=11700"}],"curies":[{"name":"wp","href":"https:\/\/api.w.org\/{rel}","templated":true}]}}