{"id":11696,"date":"2020-05-29T06:32:20","date_gmt":"2020-05-29T06:32:20","guid":{"rendered":"https:\/\/www.gasmet.com\/fi\/?page_id=11696"},"modified":"2024-11-14T14:02:23","modified_gmt":"2024-11-14T14:02:23","slug":"marehtijoiden-kasvihuonekaasut","status":"publish","type":"page","link":"https:\/\/www.gasmet.com\/fi\/sovellukset\/ymparisto\/marehtijoiden-kasvihuonekaasut\/","title":{"rendered":"M\u00e4rehtij\u00f6iden kasvihuonekaasut"},"content":{"rendered":"<h2>M\u00e4rehtij\u00f6iden kasvihuonekaasup\u00e4\u00e4st\u00f6t<\/h2>\n<p>M\u00e4rehtij\u00e4karja tuottaa merkitt\u00e4v\u00e4n osan ihmisen toiminnasta aiheutuvista kasvihuonekaasup\u00e4\u00e4st\u00f6ist\u00e4 ja kiihdytt\u00e4\u00e4 ilmaston l\u00e4penemist\u00e4. M\u00e4rehtij\u00e4t, kuten lehm\u00e4t, lampaat, vuohet ja puhvelit, tuottavat lihaa ja maitoa suolistok\u00e4ymisen kautta; se on ruoansulatusprosessi, jossa mikrobit hajottavat ja k\u00e4ytt\u00e4v\u00e4t ruokaa ruoansulatuskanavassa tai p\u00f6tsiss\u00e4. Prosessissa syntyy metaania, joka poistuu r\u00f6yht\u00e4ilyn kautta.<\/p>\n<p><strong>Tuotetun metaanin m\u00e4\u00e4r\u00e4 liittyy suoraan el\u00e4imen sy\u00f6m\u00e4\u00e4n ravintoon<\/strong>\u00a0ja sen m\u00e4\u00e4r\u00e4\u00e4n sek\u00e4 muihin tekij\u00f6ihin, kuten el\u00e4imen kokoon, kasvunopeuteen, tuotantom\u00e4\u00e4r\u00e4\u00e4n ja ymp\u00e4rist\u00f6n l\u00e4mp\u00f6tilaan. Metaanin my\u00f6t\u00e4 m\u00e4rehtij\u00e4t menett\u00e4v\u00e4t my\u00f6s ravinnon energiaa, joten hankkeet p\u00e4\u00e4st\u00f6jen v\u00e4hent\u00e4miseksi ovat my\u00f6s tilaisuus parantaa karjatuotannon tehokkuutta.<\/p>\n<h2>Kannettava kaasuanalysaattori kasvihuonekaasujen mittaamiseen<\/h2>\n<p><a href=\"https:\/\/www.gasmet.com\/fi\/tuotteet\/ftir\/\"><strong>Gasmetin kannettavat FTIR-analysaattorit,<\/strong><\/a>\u00a0kuten\u00a0<a href=\"https:\/\/www.gasmet.com\/fi\/tuotteet\/category\/kannettavat-kaasuanalysaattorit\/gt5000-terra\/\"><strong>GT5000 Terra,<\/strong><\/a> ovat tehokas ty\u00f6kalu tutkijoille, jotka ovat kiinnostuneita m\u00e4rehtij\u00f6iden tuottamista kaasuista. Aito monikaasumittaus varmistaa, ett\u00e4 kaikki kiinnostavat kaasut voidaan mitata. Analysaattorit on my\u00f6s suunniteltu kentt\u00e4k\u00e4ytt\u00f6\u00f6n, mik\u00e4 mahdollistaa paikan p\u00e4\u00e4ll\u00e4 teht\u00e4v\u00e4t mittaukset ja v\u00e4litt\u00f6m\u00e4t tulokset haastavissa olosuhteissa analyysin laadun heikentym\u00e4tt\u00e4.<\/p>\n<p>Lue uusin artikkelimme m\u00e4rehtij\u00f6iden kasvihuonekaasup\u00e4\u00e4st\u00f6ist\u00e4:\u00a0<a href=\"https:\/\/www.gasmet.com\/whats-new\/livestock-research-shows-dramatic-greenhouse-gas-reduction\/\">Karjatutkimus osoittaa huomattavan kasvihuonekaasup\u00e4\u00e4st\u00f6jen alentumisen<\/a><\/p>\n","protected":false},"excerpt":{"rendered":"<p>M\u00e4rehtij\u00f6iden kasvihuonekaasup\u00e4\u00e4st\u00f6t M\u00e4rehtij\u00e4karja tuottaa merkitt\u00e4v\u00e4n osan ihmisen toiminnasta aiheutuvista kasvihuonekaasup\u00e4\u00e4st\u00f6ist\u00e4 ja kiihdytt\u00e4\u00e4 ilmaston l\u00e4penemist\u00e4. M\u00e4rehtij\u00e4t, kuten lehm\u00e4t, lampaat, vuohet ja puhvelit, tuottavat lihaa ja maitoa suolistok\u00e4ymisen kautta; se on ruoansulatusprosessi, jossa mikrobit hajottavat ja k\u00e4ytt\u00e4v\u00e4t ruokaa ruoansulatuskanavassa tai p\u00f6tsiss\u00e4. Prosessissa syntyy metaania, joka poistuu r\u00f6yht\u00e4ilyn kautta. Tuotetun metaanin m\u00e4\u00e4r\u00e4 liittyy suoraan el\u00e4imen sy\u00f6m\u00e4\u00e4n ravintoon\u00a0ja sen [&hellip;]<\/p>\n","protected":false},"author":1,"featured_media":12101,"parent":11726,"menu_order":18,"comment_status":"closed","ping_status":"closed","template":"","meta":{"_acf_changed":false,"inline_featured_image":false,"footnotes":""},"tags":[434],"class_list":["post-11696","page","type-page","status-publish","has-post-thumbnail","hentry","tag-ymparisto"],"acf":[],"yoast_head":"<!-- This site is optimized with the Yoast SEO plugin v27.2 - https:\/\/yoast.com\/product\/yoast-seo-wordpress\/ -->\n<title>M\u00e4rehtij\u00f6iden kasvihuonekaasut - Gasmet.fi<\/title>\n<meta name=\"robots\" content=\"index, follow, max-snippet:-1, max-image-preview:large, max-video-preview:-1\" \/>\n<link rel=\"canonical\" href=\"https:\/\/www.gasmet.com\/fi\/sovellukset\/ymparisto\/marehtijoiden-kasvihuonekaasut\/\" \/>\n<meta property=\"og:locale\" content=\"fi_FI\" \/>\n<meta property=\"og:type\" content=\"article\" \/>\n<meta property=\"og:title\" content=\"M\u00e4rehtij\u00f6iden kasvihuonekaasut - Gasmet.fi\" \/>\n<meta property=\"og:description\" content=\"M\u00e4rehtij\u00f6iden kasvihuonekaasup\u00e4\u00e4st\u00f6t M\u00e4rehtij\u00e4karja tuottaa merkitt\u00e4v\u00e4n osan ihmisen toiminnasta aiheutuvista kasvihuonekaasup\u00e4\u00e4st\u00f6ist\u00e4 ja kiihdytt\u00e4\u00e4 ilmaston l\u00e4penemist\u00e4. M\u00e4rehtij\u00e4t, kuten lehm\u00e4t, lampaat, vuohet ja puhvelit, tuottavat lihaa ja maitoa suolistok\u00e4ymisen kautta; se on ruoansulatusprosessi, jossa mikrobit hajottavat ja k\u00e4ytt\u00e4v\u00e4t ruokaa ruoansulatuskanavassa tai p\u00f6tsiss\u00e4. Prosessissa syntyy metaania, joka poistuu r\u00f6yht\u00e4ilyn kautta. Tuotetun metaanin m\u00e4\u00e4r\u00e4 liittyy suoraan el\u00e4imen sy\u00f6m\u00e4\u00e4n ravintoon\u00a0ja sen [&hellip;]\" \/>\n<meta property=\"og:url\" content=\"https:\/\/www.gasmet.com\/fi\/sovellukset\/ymparisto\/marehtijoiden-kasvihuonekaasut\/\" \/>\n<meta property=\"og:site_name\" content=\"Gasmet.fi\" \/>\n<meta property=\"article:modified_time\" content=\"2024-11-14T14:02:23+00:00\" \/>\n<meta property=\"og:image\" content=\"https:\/\/www.gasmet.com\/fi\/wp-content\/uploads\/sites\/9\/2020\/06\/Greenhouse-gases-from-ruminants.jpg\" \/>\n\t<meta property=\"og:image:width\" content=\"2000\" \/>\n\t<meta property=\"og:image:height\" content=\"580\" \/>\n\t<meta property=\"og:image:type\" content=\"image\/jpeg\" \/>\n<meta name=\"twitter:card\" content=\"summary_large_image\" \/>\n<meta name=\"twitter:label1\" content=\"Arvioitu lukuaika\" \/>\n\t<meta name=\"twitter:data1\" content=\"1 minuutti\" \/>\n<script type=\"application\/ld+json\" class=\"yoast-schema-graph\">{\"@context\":\"https:\/\/schema.org\",\"@graph\":[{\"@type\":\"WebPage\",\"@id\":\"https:\/\/www.gasmet.com\/fi\/sovellukset\/ymparisto\/marehtijoiden-kasvihuonekaasut\/\",\"url\":\"https:\/\/www.gasmet.com\/fi\/sovellukset\/ymparisto\/marehtijoiden-kasvihuonekaasut\/\",\"name\":\"M\u00e4rehtij\u00f6iden kasvihuonekaasut - Gasmet.fi\",\"isPartOf\":{\"@id\":\"https:\/\/www.gasmet.com\/fi\/#website\"},\"primaryImageOfPage\":{\"@id\":\"https:\/\/www.gasmet.com\/fi\/sovellukset\/ymparisto\/marehtijoiden-kasvihuonekaasut\/#primaryimage\"},\"image\":{\"@id\":\"https:\/\/www.gasmet.com\/fi\/sovellukset\/ymparisto\/marehtijoiden-kasvihuonekaasut\/#primaryimage\"},\"thumbnailUrl\":\"https:\/\/www.gasmet.com\/fi\/wp-content\/uploads\/sites\/9\/2020\/06\/Greenhouse-gases-from-ruminants.jpg\",\"datePublished\":\"2020-05-29T06:32:20+00:00\",\"dateModified\":\"2024-11-14T14:02:23+00:00\",\"breadcrumb\":{\"@id\":\"https:\/\/www.gasmet.com\/fi\/sovellukset\/ymparisto\/marehtijoiden-kasvihuonekaasut\/#breadcrumb\"},\"inLanguage\":\"fi\",\"potentialAction\":[{\"@type\":\"ReadAction\",\"target\":[\"https:\/\/www.gasmet.com\/fi\/sovellukset\/ymparisto\/marehtijoiden-kasvihuonekaasut\/\"]}]},{\"@type\":\"ImageObject\",\"inLanguage\":\"fi\",\"@id\":\"https:\/\/www.gasmet.com\/fi\/sovellukset\/ymparisto\/marehtijoiden-kasvihuonekaasut\/#primaryimage\",\"url\":\"https:\/\/www.gasmet.com\/fi\/wp-content\/uploads\/sites\/9\/2020\/06\/Greenhouse-gases-from-ruminants.jpg\",\"contentUrl\":\"https:\/\/www.gasmet.com\/fi\/wp-content\/uploads\/sites\/9\/2020\/06\/Greenhouse-gases-from-ruminants.jpg\",\"width\":2000,\"height\":580},{\"@type\":\"BreadcrumbList\",\"@id\":\"https:\/\/www.gasmet.com\/fi\/sovellukset\/ymparisto\/marehtijoiden-kasvihuonekaasut\/#breadcrumb\",\"itemListElement\":[{\"@type\":\"ListItem\",\"position\":1,\"name\":\"Home\",\"item\":\"https:\/\/www.gasmet.com\/fi\/\"},{\"@type\":\"ListItem\",\"position\":2,\"name\":\"Sovellukset\",\"item\":\"https:\/\/www.gasmet.com\/fi\/sovellukset\/\"},{\"@type\":\"ListItem\",\"position\":3,\"name\":\"Ymp\u00e4rist\u00f6\",\"item\":\"https:\/\/www.gasmet.com\/fi\/sovellukset\/ymparisto\/\"},{\"@type\":\"ListItem\",\"position\":4,\"name\":\"M\u00e4rehtij\u00f6iden kasvihuonekaasut\"}]},{\"@type\":\"WebSite\",\"@id\":\"https:\/\/www.gasmet.com\/fi\/#website\",\"url\":\"https:\/\/www.gasmet.com\/fi\/\",\"name\":\"Gasmet.fi\",\"description\":\"Know what&#039;s in the air.\",\"potentialAction\":[{\"@type\":\"SearchAction\",\"target\":{\"@type\":\"EntryPoint\",\"urlTemplate\":\"https:\/\/www.gasmet.com\/fi\/?s={search_term_string}\"},\"query-input\":{\"@type\":\"PropertyValueSpecification\",\"valueRequired\":true,\"valueName\":\"search_term_string\"}}],\"inLanguage\":\"fi\"}]}<\/script>\n<!-- \/ Yoast SEO plugin. -->","yoast_head_json":{"title":"M\u00e4rehtij\u00f6iden kasvihuonekaasut - Gasmet.fi","robots":{"index":"index","follow":"follow","max-snippet":"max-snippet:-1","max-image-preview":"max-image-preview:large","max-video-preview":"max-video-preview:-1"},"canonical":"https:\/\/www.gasmet.com\/fi\/sovellukset\/ymparisto\/marehtijoiden-kasvihuonekaasut\/","og_locale":"fi_FI","og_type":"article","og_title":"M\u00e4rehtij\u00f6iden kasvihuonekaasut - Gasmet.fi","og_description":"M\u00e4rehtij\u00f6iden kasvihuonekaasup\u00e4\u00e4st\u00f6t M\u00e4rehtij\u00e4karja tuottaa merkitt\u00e4v\u00e4n osan ihmisen toiminnasta aiheutuvista kasvihuonekaasup\u00e4\u00e4st\u00f6ist\u00e4 ja kiihdytt\u00e4\u00e4 ilmaston l\u00e4penemist\u00e4. M\u00e4rehtij\u00e4t, kuten lehm\u00e4t, lampaat, vuohet ja puhvelit, tuottavat lihaa ja maitoa suolistok\u00e4ymisen kautta; se on ruoansulatusprosessi, jossa mikrobit hajottavat ja k\u00e4ytt\u00e4v\u00e4t ruokaa ruoansulatuskanavassa tai p\u00f6tsiss\u00e4. Prosessissa syntyy metaania, joka poistuu r\u00f6yht\u00e4ilyn kautta. Tuotetun metaanin m\u00e4\u00e4r\u00e4 liittyy suoraan el\u00e4imen sy\u00f6m\u00e4\u00e4n ravintoon\u00a0ja sen [&hellip;]","og_url":"https:\/\/www.gasmet.com\/fi\/sovellukset\/ymparisto\/marehtijoiden-kasvihuonekaasut\/","og_site_name":"Gasmet.fi","article_modified_time":"2024-11-14T14:02:23+00:00","og_image":[{"width":2000,"height":580,"url":"https:\/\/www.gasmet.com\/fi\/wp-content\/uploads\/sites\/9\/2020\/06\/Greenhouse-gases-from-ruminants.jpg","type":"image\/jpeg"}],"twitter_card":"summary_large_image","twitter_misc":{"Arvioitu lukuaika":"1 minuutti"},"schema":{"@context":"https:\/\/schema.org","@graph":[{"@type":"WebPage","@id":"https:\/\/www.gasmet.com\/fi\/sovellukset\/ymparisto\/marehtijoiden-kasvihuonekaasut\/","url":"https:\/\/www.gasmet.com\/fi\/sovellukset\/ymparisto\/marehtijoiden-kasvihuonekaasut\/","name":"M\u00e4rehtij\u00f6iden kasvihuonekaasut - Gasmet.fi","isPartOf":{"@id":"https:\/\/www.gasmet.com\/fi\/#website"},"primaryImageOfPage":{"@id":"https:\/\/www.gasmet.com\/fi\/sovellukset\/ymparisto\/marehtijoiden-kasvihuonekaasut\/#primaryimage"},"image":{"@id":"https:\/\/www.gasmet.com\/fi\/sovellukset\/ymparisto\/marehtijoiden-kasvihuonekaasut\/#primaryimage"},"thumbnailUrl":"https:\/\/www.gasmet.com\/fi\/wp-content\/uploads\/sites\/9\/2020\/06\/Greenhouse-gases-from-ruminants.jpg","datePublished":"2020-05-29T06:32:20+00:00","dateModified":"2024-11-14T14:02:23+00:00","breadcrumb":{"@id":"https:\/\/www.gasmet.com\/fi\/sovellukset\/ymparisto\/marehtijoiden-kasvihuonekaasut\/#breadcrumb"},"inLanguage":"fi","potentialAction":[{"@type":"ReadAction","target":["https:\/\/www.gasmet.com\/fi\/sovellukset\/ymparisto\/marehtijoiden-kasvihuonekaasut\/"]}]},{"@type":"ImageObject","inLanguage":"fi","@id":"https:\/\/www.gasmet.com\/fi\/sovellukset\/ymparisto\/marehtijoiden-kasvihuonekaasut\/#primaryimage","url":"https:\/\/www.gasmet.com\/fi\/wp-content\/uploads\/sites\/9\/2020\/06\/Greenhouse-gases-from-ruminants.jpg","contentUrl":"https:\/\/www.gasmet.com\/fi\/wp-content\/uploads\/sites\/9\/2020\/06\/Greenhouse-gases-from-ruminants.jpg","width":2000,"height":580},{"@type":"BreadcrumbList","@id":"https:\/\/www.gasmet.com\/fi\/sovellukset\/ymparisto\/marehtijoiden-kasvihuonekaasut\/#breadcrumb","itemListElement":[{"@type":"ListItem","position":1,"name":"Home","item":"https:\/\/www.gasmet.com\/fi\/"},{"@type":"ListItem","position":2,"name":"Sovellukset","item":"https:\/\/www.gasmet.com\/fi\/sovellukset\/"},{"@type":"ListItem","position":3,"name":"Ymp\u00e4rist\u00f6","item":"https:\/\/www.gasmet.com\/fi\/sovellukset\/ymparisto\/"},{"@type":"ListItem","position":4,"name":"M\u00e4rehtij\u00f6iden kasvihuonekaasut"}]},{"@type":"WebSite","@id":"https:\/\/www.gasmet.com\/fi\/#website","url":"https:\/\/www.gasmet.com\/fi\/","name":"Gasmet.fi","description":"Know what&#039;s in the air.","potentialAction":[{"@type":"SearchAction","target":{"@type":"EntryPoint","urlTemplate":"https:\/\/www.gasmet.com\/fi\/?s={search_term_string}"},"query-input":{"@type":"PropertyValueSpecification","valueRequired":true,"valueName":"search_term_string"}}],"inLanguage":"fi"}]}},"_links":{"self":[{"href":"https:\/\/www.gasmet.com\/fi\/wp-json\/wp\/v2\/pages\/11696","targetHints":{"allow":["GET"]}}],"collection":[{"href":"https:\/\/www.gasmet.com\/fi\/wp-json\/wp\/v2\/pages"}],"about":[{"href":"https:\/\/www.gasmet.com\/fi\/wp-json\/wp\/v2\/types\/page"}],"author":[{"embeddable":true,"href":"https:\/\/www.gasmet.com\/fi\/wp-json\/wp\/v2\/users\/1"}],"replies":[{"embeddable":true,"href":"https:\/\/www.gasmet.com\/fi\/wp-json\/wp\/v2\/comments?post=11696"}],"version-history":[{"count":12,"href":"https:\/\/www.gasmet.com\/fi\/wp-json\/wp\/v2\/pages\/11696\/revisions"}],"predecessor-version":[{"id":15435,"href":"https:\/\/www.gasmet.com\/fi\/wp-json\/wp\/v2\/pages\/11696\/revisions\/15435"}],"up":[{"embeddable":true,"href":"https:\/\/www.gasmet.com\/fi\/wp-json\/wp\/v2\/pages\/11726"}],"wp:featuredmedia":[{"embeddable":true,"href":"https:\/\/www.gasmet.com\/fi\/wp-json\/wp\/v2\/media\/12101"}],"wp:attachment":[{"href":"https:\/\/www.gasmet.com\/fi\/wp-json\/wp\/v2\/media?parent=11696"}],"wp:term":[{"taxonomy":"post_tag","embeddable":true,"href":"https:\/\/www.gasmet.com\/fi\/wp-json\/wp\/v2\/tags?post=11696"}],"curies":[{"name":"wp","href":"https:\/\/api.w.org\/{rel}","templated":true}]}}