{"id":11695,"date":"2020-05-29T06:32:20","date_gmt":"2020-05-29T06:32:20","guid":{"rendered":"https:\/\/www.gasmet.com\/fi\/?page_id=11695"},"modified":"2025-12-01T08:03:33","modified_gmt":"2025-12-01T08:03:33","slug":"maaperan-kasvihuonekaasut","status":"publish","type":"page","link":"https:\/\/www.gasmet.com\/fi\/sovellukset\/ymparisto\/maaperan-kasvihuonekaasut\/","title":{"rendered":"Maaper\u00e4n kasvihuonekaasut"},"content":{"rendered":"<p><em>Gasmet valmistaa kannettavia ja tehokkaita kaasuanalysaattoreita kasvihuonekaasuvirtauksen mittauksiin. Kaikki keskeiset kaasukomponentit voidaan mitata sekunneissa: N2O, CH4, CO2, H2O, CO ja NH3.<\/em><\/p>\n<h2>Ilmastonmuutos ja kasvihuonekaasut<\/h2>\n<p>Maaper\u00e4n biologiset ja abiologiset prosessit ovat merkitt\u00e4v\u00e4 kasvihuonekaasujen l\u00e4hde. T\u00e4m\u00e4n vuoksi maaper\u00e4n kasvihuonekaasujen mittaaminen on t\u00e4rke\u00e4 osa ilmastonmuutostutkimusta. Maaper\u00e4st\u00e4 ilmakeh\u00e4\u00e4n vapautuvat kasvihuonekaasut, kuten hiilidioksidi (CO2), metaani (CH4) ja typpioksiduuli (N2O), ovat p\u00e4\u00e4asiassa elollista alkuper\u00e4\u00e4.<\/p>\n<h2>Maaper\u00e4p\u00e4\u00e4st\u00f6jen mittausmenetelm\u00e4t<\/h2>\n<p>Yleens\u00e4 maaper\u00e4n kasvihuonekaasujen mittaamiseen on kaksi eri tapaa: joko n\u00e4ytteet ker\u00e4t\u00e4\u00e4n neulalla laboratoriossa analysoitavaksi tai mittaukset tehd\u00e4\u00e4n paikan p\u00e4\u00e4ll\u00e4 laboratorioty\u00f6st\u00e4 aiheutuvien viiveiden, kustannusten ja n\u00e4ytteiden kuljetusvirheiden v\u00e4ltt\u00e4miseksi. Gasmet Technologiesin kannettavien, kest\u00e4vien, <a href=\"https:\/\/www.gasmet.com\/fi\/tuotteet\/category\/kannettavat-kaasuanalysaattorit\/gt5000-terra\/\">akkuk\u00e4ytt\u00f6isten maaper\u00e4n p\u00e4\u00e4st\u00f6analysaattorien<\/a>\u00a0kehitys on mahdollistanut luotettavan kasvihuonekaasujen mittauksen paikan p\u00e4\u00e4ll\u00e4.<\/p>\n<p>Gasmet-kaasuanalysaattorit voidaan integroida Eosense-multiplekseriin ja \u2011kaasuvirtauskammiohin. Voit ladata pikaohjeet <a href=\"https:\/\/info.gasmet.com\/download-automated-multi-species-flux-measurements-with-eosac-and-gasmet-portable-ftir-gas-analyzers\">eosMX-multiplekserin ja eosAC-kaasuvirtauskammioiden k\u00e4ytt\u00f6\u00f6n FTIR-kaasuanalysaattorin kanssa t\u00e4\u00e4lt\u00e4<\/a>.<\/p>\n<p>&nbsp;<\/p>\n<div id=\"attachment_22189\" class=\"wp-caption alignright\">\n<p><img loading=\"lazy\" decoding=\"async\" class=\" wp-image-22189\" src=\"https:\/\/www.gasmet.com\/fi\/wp-content\/uploads\/sites\/9\/2020\/04\/Gasmet-Greenhouse-Gas-analyzer-soil-flux-measurement-300x200.jpg\" alt=\"Maaper\u00e4p\u00e4\u00e4st\u00f6jen mittaus kannettavalla kaasuanalysaattorilla\" width=\"357\" height=\"238\" aria-describedby=\"caption-attachment-22189\" \/><\/p>\n<p id=\"caption-attachment-22189\" class=\"wp-caption-text\">Maaper\u00e4p\u00e4\u00e4st\u00f6jen mittaus kannettavalla kaasuanalysaattorilla<\/p>\n<\/div>\n<h2>Miten kaasuvirtaus mitataan?<\/h2>\n<p>Maaper\u00e4n eri kaasujen virtaukset voi mitata suljetulla mittaussysteemill\u00e4, joka koostuu yksinkertaisimmillaan mittauskammiosta ja siihen integroidusta Gasmet-analysaattorista. N\u00e4yte Kiert\u00e4\u00e4 kammiosta analysaattoriin, ja edelleen takaisin kammioon. Analysaattori mittaa pitoisuuden muutoksia kammiossa suhteessa kammion pinta-alaan ajan funktiona.<\/p>\n<h2><strong>FTIR kasvihuonekaasujen mittauksessa<\/strong><\/h2>\n<p>Gasmetin ratkaisu kasvihuonekaasuvirtausten mittauksiin perustuu\u00a0<a href=\"https:\/\/www.gasmet.com\/fi\/tuotteet\/ftir\/\">FTIR-teknologiaan<\/a>. FTIR kuvantaa ja analysoi koko infrapunaspektrin kaikkien infrapunaa absorboivien kaasujen mittaamiseksi n\u00e4ytteest\u00e4 yht\u00e4 aikaa. Useimmilla molekyyleilla on ominaisabsorptiospektri, jonka avulla voidaan tunnistaa kaasuja ja mitata niiden pitoisuus tarkasti.<\/p>\n<p>FTIR-teknologia sopii hyvin kasvihuonekaasujen mittaamiseen laajalla alueella, ja sopii erilaisten, kasvihuonekaasup\u00e4\u00e4st\u00f6ilt\u00e4\u00e4n vaihtelevien maaper\u00e4tyyppien ja ekosysteemien tutkimukseen, esimerkiksi erilaisten luonnon maaekosysteemien, maatalousmaan sek\u00e4 vesiymp\u00e4rist\u00f6jen tutkimukseen.\u00a0Gasmet-maaper\u00e4p\u00e4\u00e4st\u00f6analysaattorien avulla k\u00e4ytt\u00e4j\u00e4 pystyy seuraamaan pitoisuuden muutoksia reaaliajassa sek\u00e4 tutkimaan ja analysoimaan tuloksia heti niiden ker\u00e4\u00e4misen j\u00e4lkeen.<\/p>\n<h2>Kannettavat kaasuanalysaattorit<\/h2>\n<p>Gasmetin valikoimassa on kaksi kent\u00e4ll\u00e4 k\u00e4ytett\u00e4v\u00e4\u00e4 FTIR-teknologiaan perustuvaa maaper\u00e4p\u00e4\u00e4st\u00f6analysaattoria jatkuvatoimisiin monikomponenttikaasuanalyyseihin: <a href=\"https:\/\/www.gasmet.com\/fi\/tuotteet\/category\/kannettavat-kaasuanalysaattorit\/gt5000-terra\/\">GT5000 Terra<\/a> ja\u00a0<a href=\"https:\/\/www.gasmet.com\/fi\/tuotteet\/category\/kannettavat-kaasuanalysaattorit\/dx4015\/\"><strong>DX4015<\/strong><\/a>. N\u00e4m\u00e4 vankat kaasuanalysaattorit mahdollistavat jopa 50 kaasun samanaikaisen mittauksen. Kumpikin maaper\u00e4p\u00e4\u00e4st\u00f6analysaattori on ihanteellinen valinta kentt\u00e4ty\u00f6h\u00f6n, ja ne pystyv\u00e4t ottamaan n\u00e4ytteit\u00e4 useista kammioista automaattisesti.<\/p>\n<p>Analysaattorit eiv\u00e4t vaadi vertailukalibrointeja: <strong>tarvitaan vain taustaspektrin mittaus typpikaasulla<\/strong>. T\u00e4m\u00e4n seurauksena kentt\u00e4mittaus on nopeaa ja yksinkertaista, ja laitteiden pieni koko tekee niist\u00e4 houkuttelevan vaihtoehdon my\u00f6s laboratorioymp\u00e4rist\u00f6\u00f6n.<\/p>\n<h2>Tiedon k\u00e4sittely<\/h2>\n<p>Analysaattoreja k\u00e4ytet\u00e4\u00e4n monipuolisella\u00a0<a href=\"https:\/\/www.gasmet.com\/fi\/tuotteet\/ohjelmisto\/\">Calcmet-ohjelmalla,<\/a> joka mahdollistaa tulosten suoran tarkastelun ja sis\u00e4lt\u00e4\u00e4 tehokkaat ty\u00f6kalut aiempien mittausten j\u00e4lkianalysointiin. Tulokset voi vied\u00e4 Calcmetista ulos yksinkertaisessa taulukkomuodossa, jotta k\u00e4ytt\u00e4j\u00e4t voivat helposti k\u00e4ytt\u00e4\u00e4 dataa tiedon jatkok\u00e4sittelyyn, kuten virtausten laskemiseen mitatuista pitoisuuksista Exceliss\u00e4<\/p>\n<h3>Voiko analyysiin lis\u00e4t\u00e4 uusia kaasuja?<\/h3>\n<p>Kyll\u00e4! Fourier-muunnosta hy\u00f6dynt\u00e4v\u00e4 infrapunaspektroskopia (FTIR) on eritt\u00e4in monipuolinen teknologia. Mitattavien kaasujen m\u00e4\u00e4r\u00e4 on vertaansa vailla, ja j\u00e4rjestelm\u00e4 on helposti m\u00e4\u00e4ritett\u00e4viss\u00e4 mittaamaan uusia yhdisteit\u00e4 ilman laitemuutoksia. Koska kaikki yhdisteet mitataan samasta spektridatasta, jopa aiemmista mittauksista voidaan tutkia uusia kiinnostavia yhdisteit\u00e4.<\/p>\n<p>&nbsp;<\/p>\n","protected":false},"excerpt":{"rendered":"<p>Gasmet valmistaa kannettavia ja tehokkaita kaasuanalysaattoreita kasvihuonekaasuvirtauksen mittauksiin. Kaikki keskeiset kaasukomponentit voidaan mitata sekunneissa: N2O, CH4, CO2, H2O, CO ja NH3. Ilmastonmuutos ja kasvihuonekaasut Maaper\u00e4n biologiset ja abiologiset prosessit ovat merkitt\u00e4v\u00e4 kasvihuonekaasujen l\u00e4hde. T\u00e4m\u00e4n vuoksi maaper\u00e4n kasvihuonekaasujen mittaaminen on t\u00e4rke\u00e4 osa ilmastonmuutostutkimusta. Maaper\u00e4st\u00e4 ilmakeh\u00e4\u00e4n vapautuvat kasvihuonekaasut, kuten hiilidioksidi (CO2), metaani (CH4) ja typpioksiduuli (N2O), ovat [&hellip;]<\/p>\n","protected":false},"author":1,"featured_media":15436,"parent":11726,"menu_order":17,"comment_status":"closed","ping_status":"closed","template":"","meta":{"_acf_changed":false,"inline_featured_image":false,"footnotes":""},"tags":[434],"class_list":["post-11695","page","type-page","status-publish","has-post-thumbnail","hentry","tag-ymparisto"],"acf":[],"yoast_head":"<!-- This site is optimized with the Yoast SEO plugin v27.6 - https:\/\/yoast.com\/product\/yoast-seo-wordpress\/ -->\n<title>Maaper\u00e4n kasvihuonekaasut - Gasmet.fi<\/title>\n<meta name=\"robots\" content=\"index, follow, max-snippet:-1, max-image-preview:large, max-video-preview:-1\" \/>\n<link rel=\"canonical\" href=\"https:\/\/www.gasmet.com\/fi\/sovellukset\/ymparisto\/maaperan-kasvihuonekaasut\/\" \/>\n<meta property=\"og:locale\" content=\"fi_FI\" \/>\n<meta property=\"og:type\" content=\"article\" \/>\n<meta property=\"og:title\" content=\"Maaper\u00e4n kasvihuonekaasut - Gasmet.fi\" \/>\n<meta property=\"og:description\" content=\"Gasmet valmistaa kannettavia ja tehokkaita kaasuanalysaattoreita kasvihuonekaasuvirtauksen mittauksiin. Kaikki keskeiset kaasukomponentit voidaan mitata sekunneissa: N2O, CH4, CO2, H2O, CO ja NH3. Ilmastonmuutos ja kasvihuonekaasut Maaper\u00e4n biologiset ja abiologiset prosessit ovat merkitt\u00e4v\u00e4 kasvihuonekaasujen l\u00e4hde. T\u00e4m\u00e4n vuoksi maaper\u00e4n kasvihuonekaasujen mittaaminen on t\u00e4rke\u00e4 osa ilmastonmuutostutkimusta. Maaper\u00e4st\u00e4 ilmakeh\u00e4\u00e4n vapautuvat kasvihuonekaasut, kuten hiilidioksidi (CO2), metaani (CH4) ja typpioksiduuli (N2O), ovat [&hellip;]\" \/>\n<meta property=\"og:url\" content=\"https:\/\/www.gasmet.com\/fi\/sovellukset\/ymparisto\/maaperan-kasvihuonekaasut\/\" \/>\n<meta property=\"og:site_name\" content=\"Gasmet.fi\" \/>\n<meta property=\"article:modified_time\" content=\"2025-12-01T08:03:33+00:00\" \/>\n<meta property=\"og:image\" content=\"https:\/\/www.gasmet.com\/fi\/wp-content\/uploads\/sites\/9\/2024\/11\/Corporate-sustainability-strategy.jpg\" \/>\n\t<meta property=\"og:image:width\" content=\"2000\" \/>\n\t<meta property=\"og:image:height\" content=\"500\" \/>\n\t<meta property=\"og:image:type\" content=\"image\/jpeg\" \/>\n<meta name=\"twitter:card\" content=\"summary_large_image\" \/>\n<meta name=\"twitter:label1\" content=\"Arvioitu lukuaika\" \/>\n\t<meta name=\"twitter:data1\" content=\"3 minuuttia\" \/>\n<script type=\"application\/ld+json\" class=\"yoast-schema-graph\">{\"@context\":\"https:\\\/\\\/schema.org\",\"@graph\":[{\"@type\":\"WebPage\",\"@id\":\"https:\\\/\\\/www.gasmet.com\\\/fi\\\/sovellukset\\\/ymparisto\\\/maaperan-kasvihuonekaasut\\\/\",\"url\":\"https:\\\/\\\/www.gasmet.com\\\/fi\\\/sovellukset\\\/ymparisto\\\/maaperan-kasvihuonekaasut\\\/\",\"name\":\"Maaper\u00e4n kasvihuonekaasut - Gasmet.fi\",\"isPartOf\":{\"@id\":\"https:\\\/\\\/www.gasmet.com\\\/fi\\\/#website\"},\"primaryImageOfPage\":{\"@id\":\"https:\\\/\\\/www.gasmet.com\\\/fi\\\/sovellukset\\\/ymparisto\\\/maaperan-kasvihuonekaasut\\\/#primaryimage\"},\"image\":{\"@id\":\"https:\\\/\\\/www.gasmet.com\\\/fi\\\/sovellukset\\\/ymparisto\\\/maaperan-kasvihuonekaasut\\\/#primaryimage\"},\"thumbnailUrl\":\"https:\\\/\\\/www.gasmet.com\\\/fi\\\/wp-content\\\/uploads\\\/sites\\\/9\\\/2024\\\/11\\\/Corporate-sustainability-strategy.jpg\",\"datePublished\":\"2020-05-29T06:32:20+00:00\",\"dateModified\":\"2025-12-01T08:03:33+00:00\",\"breadcrumb\":{\"@id\":\"https:\\\/\\\/www.gasmet.com\\\/fi\\\/sovellukset\\\/ymparisto\\\/maaperan-kasvihuonekaasut\\\/#breadcrumb\"},\"inLanguage\":\"fi\",\"potentialAction\":[{\"@type\":\"ReadAction\",\"target\":[\"https:\\\/\\\/www.gasmet.com\\\/fi\\\/sovellukset\\\/ymparisto\\\/maaperan-kasvihuonekaasut\\\/\"]}]},{\"@type\":\"ImageObject\",\"inLanguage\":\"fi\",\"@id\":\"https:\\\/\\\/www.gasmet.com\\\/fi\\\/sovellukset\\\/ymparisto\\\/maaperan-kasvihuonekaasut\\\/#primaryimage\",\"url\":\"https:\\\/\\\/www.gasmet.com\\\/fi\\\/wp-content\\\/uploads\\\/sites\\\/9\\\/2024\\\/11\\\/Corporate-sustainability-strategy.jpg\",\"contentUrl\":\"https:\\\/\\\/www.gasmet.com\\\/fi\\\/wp-content\\\/uploads\\\/sites\\\/9\\\/2024\\\/11\\\/Corporate-sustainability-strategy.jpg\",\"width\":2000,\"height\":500},{\"@type\":\"BreadcrumbList\",\"@id\":\"https:\\\/\\\/www.gasmet.com\\\/fi\\\/sovellukset\\\/ymparisto\\\/maaperan-kasvihuonekaasut\\\/#breadcrumb\",\"itemListElement\":[{\"@type\":\"ListItem\",\"position\":1,\"name\":\"Home\",\"item\":\"https:\\\/\\\/www.gasmet.com\\\/fi\\\/\"},{\"@type\":\"ListItem\",\"position\":2,\"name\":\"Sovellukset\",\"item\":\"https:\\\/\\\/www.gasmet.com\\\/fi\\\/sovellukset\\\/\"},{\"@type\":\"ListItem\",\"position\":3,\"name\":\"Ymp\u00e4rist\u00f6\",\"item\":\"https:\\\/\\\/www.gasmet.com\\\/fi\\\/sovellukset\\\/ymparisto\\\/\"},{\"@type\":\"ListItem\",\"position\":4,\"name\":\"Maaper\u00e4n kasvihuonekaasut\"}]},{\"@type\":\"WebSite\",\"@id\":\"https:\\\/\\\/www.gasmet.com\\\/fi\\\/#website\",\"url\":\"https:\\\/\\\/www.gasmet.com\\\/fi\\\/\",\"name\":\"Gasmet.fi\",\"description\":\"Know what&#039;s in the air.\",\"potentialAction\":[{\"@type\":\"SearchAction\",\"target\":{\"@type\":\"EntryPoint\",\"urlTemplate\":\"https:\\\/\\\/www.gasmet.com\\\/fi\\\/?s={search_term_string}\"},\"query-input\":{\"@type\":\"PropertyValueSpecification\",\"valueRequired\":true,\"valueName\":\"search_term_string\"}}],\"inLanguage\":\"fi\"}]}<\/script>\n<!-- \/ Yoast SEO plugin. -->","yoast_head_json":{"title":"Maaper\u00e4n kasvihuonekaasut - Gasmet.fi","robots":{"index":"index","follow":"follow","max-snippet":"max-snippet:-1","max-image-preview":"max-image-preview:large","max-video-preview":"max-video-preview:-1"},"canonical":"https:\/\/www.gasmet.com\/fi\/sovellukset\/ymparisto\/maaperan-kasvihuonekaasut\/","og_locale":"fi_FI","og_type":"article","og_title":"Maaper\u00e4n kasvihuonekaasut - Gasmet.fi","og_description":"Gasmet valmistaa kannettavia ja tehokkaita kaasuanalysaattoreita kasvihuonekaasuvirtauksen mittauksiin. Kaikki keskeiset kaasukomponentit voidaan mitata sekunneissa: N2O, CH4, CO2, H2O, CO ja NH3. Ilmastonmuutos ja kasvihuonekaasut Maaper\u00e4n biologiset ja abiologiset prosessit ovat merkitt\u00e4v\u00e4 kasvihuonekaasujen l\u00e4hde. T\u00e4m\u00e4n vuoksi maaper\u00e4n kasvihuonekaasujen mittaaminen on t\u00e4rke\u00e4 osa ilmastonmuutostutkimusta. Maaper\u00e4st\u00e4 ilmakeh\u00e4\u00e4n vapautuvat kasvihuonekaasut, kuten hiilidioksidi (CO2), metaani (CH4) ja typpioksiduuli (N2O), ovat [&hellip;]","og_url":"https:\/\/www.gasmet.com\/fi\/sovellukset\/ymparisto\/maaperan-kasvihuonekaasut\/","og_site_name":"Gasmet.fi","article_modified_time":"2025-12-01T08:03:33+00:00","og_image":[{"width":2000,"height":500,"url":"https:\/\/www.gasmet.com\/fi\/wp-content\/uploads\/sites\/9\/2024\/11\/Corporate-sustainability-strategy.jpg","type":"image\/jpeg"}],"twitter_card":"summary_large_image","twitter_misc":{"Arvioitu lukuaika":"3 minuuttia"},"schema":{"@context":"https:\/\/schema.org","@graph":[{"@type":"WebPage","@id":"https:\/\/www.gasmet.com\/fi\/sovellukset\/ymparisto\/maaperan-kasvihuonekaasut\/","url":"https:\/\/www.gasmet.com\/fi\/sovellukset\/ymparisto\/maaperan-kasvihuonekaasut\/","name":"Maaper\u00e4n kasvihuonekaasut - Gasmet.fi","isPartOf":{"@id":"https:\/\/www.gasmet.com\/fi\/#website"},"primaryImageOfPage":{"@id":"https:\/\/www.gasmet.com\/fi\/sovellukset\/ymparisto\/maaperan-kasvihuonekaasut\/#primaryimage"},"image":{"@id":"https:\/\/www.gasmet.com\/fi\/sovellukset\/ymparisto\/maaperan-kasvihuonekaasut\/#primaryimage"},"thumbnailUrl":"https:\/\/www.gasmet.com\/fi\/wp-content\/uploads\/sites\/9\/2024\/11\/Corporate-sustainability-strategy.jpg","datePublished":"2020-05-29T06:32:20+00:00","dateModified":"2025-12-01T08:03:33+00:00","breadcrumb":{"@id":"https:\/\/www.gasmet.com\/fi\/sovellukset\/ymparisto\/maaperan-kasvihuonekaasut\/#breadcrumb"},"inLanguage":"fi","potentialAction":[{"@type":"ReadAction","target":["https:\/\/www.gasmet.com\/fi\/sovellukset\/ymparisto\/maaperan-kasvihuonekaasut\/"]}]},{"@type":"ImageObject","inLanguage":"fi","@id":"https:\/\/www.gasmet.com\/fi\/sovellukset\/ymparisto\/maaperan-kasvihuonekaasut\/#primaryimage","url":"https:\/\/www.gasmet.com\/fi\/wp-content\/uploads\/sites\/9\/2024\/11\/Corporate-sustainability-strategy.jpg","contentUrl":"https:\/\/www.gasmet.com\/fi\/wp-content\/uploads\/sites\/9\/2024\/11\/Corporate-sustainability-strategy.jpg","width":2000,"height":500},{"@type":"BreadcrumbList","@id":"https:\/\/www.gasmet.com\/fi\/sovellukset\/ymparisto\/maaperan-kasvihuonekaasut\/#breadcrumb","itemListElement":[{"@type":"ListItem","position":1,"name":"Home","item":"https:\/\/www.gasmet.com\/fi\/"},{"@type":"ListItem","position":2,"name":"Sovellukset","item":"https:\/\/www.gasmet.com\/fi\/sovellukset\/"},{"@type":"ListItem","position":3,"name":"Ymp\u00e4rist\u00f6","item":"https:\/\/www.gasmet.com\/fi\/sovellukset\/ymparisto\/"},{"@type":"ListItem","position":4,"name":"Maaper\u00e4n kasvihuonekaasut"}]},{"@type":"WebSite","@id":"https:\/\/www.gasmet.com\/fi\/#website","url":"https:\/\/www.gasmet.com\/fi\/","name":"Gasmet.fi","description":"Know what&#039;s in the air.","potentialAction":[{"@type":"SearchAction","target":{"@type":"EntryPoint","urlTemplate":"https:\/\/www.gasmet.com\/fi\/?s={search_term_string}"},"query-input":{"@type":"PropertyValueSpecification","valueRequired":true,"valueName":"search_term_string"}}],"inLanguage":"fi"}]}},"_links":{"self":[{"href":"https:\/\/www.gasmet.com\/fi\/wp-json\/wp\/v2\/pages\/11695","targetHints":{"allow":["GET"]}}],"collection":[{"href":"https:\/\/www.gasmet.com\/fi\/wp-json\/wp\/v2\/pages"}],"about":[{"href":"https:\/\/www.gasmet.com\/fi\/wp-json\/wp\/v2\/types\/page"}],"author":[{"embeddable":true,"href":"https:\/\/www.gasmet.com\/fi\/wp-json\/wp\/v2\/users\/1"}],"replies":[{"embeddable":true,"href":"https:\/\/www.gasmet.com\/fi\/wp-json\/wp\/v2\/comments?post=11695"}],"version-history":[{"count":34,"href":"https:\/\/www.gasmet.com\/fi\/wp-json\/wp\/v2\/pages\/11695\/revisions"}],"predecessor-version":[{"id":15702,"href":"https:\/\/www.gasmet.com\/fi\/wp-json\/wp\/v2\/pages\/11695\/revisions\/15702"}],"up":[{"embeddable":true,"href":"https:\/\/www.gasmet.com\/fi\/wp-json\/wp\/v2\/pages\/11726"}],"wp:featuredmedia":[{"embeddable":true,"href":"https:\/\/www.gasmet.com\/fi\/wp-json\/wp\/v2\/media\/15436"}],"wp:attachment":[{"href":"https:\/\/www.gasmet.com\/fi\/wp-json\/wp\/v2\/media?parent=11695"}],"wp:term":[{"taxonomy":"post_tag","embeddable":true,"href":"https:\/\/www.gasmet.com\/fi\/wp-json\/wp\/v2\/tags?post=11695"}],"curies":[{"name":"wp","href":"https:\/\/api.w.org\/{rel}","templated":true}]}}