{"id":11694,"date":"2020-05-29T06:32:22","date_gmt":"2020-05-29T06:32:22","guid":{"rendered":"https:\/\/www.gasmet.com\/fi\/?page_id=11694"},"modified":"2021-01-22T13:24:28","modified_gmt":"2021-01-22T13:24:28","slug":"tyokalut","status":"publish","type":"page","link":"https:\/\/www.gasmet.com\/fi\/tuotteet\/tyokalut\/","title":{"rendered":"Ty\u00f6kalut"},"content":{"rendered":"<h2>FTIR-spektrikirjasto<\/h2>\n<p>Sivuillamme on <a href=\"https:\/\/www.gasmet.com\/fi\/tuotteet\/tyokalut\/spektrikirjasto\/\">FTIR-spektrikirjasto<\/a>, josta voidaan hakea eri \u200b\u200bkaasuyhdisteit\u00e4. Spetkrin lis\u00e4ksi kirjastosta l\u00f6ytyy kunkin yhdisteen kemiallisen kaava, CAS-numero, paino, sulamispiste, kiehumispiste ja tiheys. Kirjasto on k\u00e4tev\u00e4 ty\u00f6kalu niin Gasmetin tuotteiden omistajille kuin my\u00f6s muille FTIR-teknologiesta kiinnostuneille. Jos et l\u00f6yd\u00e4 kaasua, jota etsit, <a href=\"https:\/\/www.gasmet.com\/fi\/ota-yhteytta\/\">ota meihin yhteytt\u00e4<\/a> ja me autamme mielell\u00e4mme.<\/p>\n<h2>Gasmet-sovellus<\/h2>\n<p>Tarjoamme my\u00f6s ilmaiseksi ladattavan <a href=\"https:\/\/www.gasmet.com\/fi\/tuotteet\/tyokalut\/alypuhelinsovellus\/\">\u00e4lypuhelinsovelluksen<\/a> Androidille ja iOS: lle (johon sis\u00e4ltyy my\u00f6s spektrikirjasto). IR-spektrikokoelman lis\u00e4ksi sovellus sis\u00e4lt\u00e4\u00e4\u00a0 kastepistelaskimen, yksikk\u00f6muuntimen, ja tietopankin joka auttaa k\u00e4ytt\u00e4m\u00e4\u00e4n kaasuanalysaattoria. Sovellus on t\u00e4ydellinen kumppani kentt\u00e4ty\u00f6h\u00f6n Gasmetin kaasuanalysaattorin kanssa tai jos vain tarvitset yksikk\u00f6muuntimen tai laskurin helpottamaan ty\u00f6t\u00e4si.<\/p>\n<p>&nbsp;<\/p>\n","protected":false},"excerpt":{"rendered":"<p>FTIR-spektrikirjasto Sivuillamme on FTIR-spektrikirjasto, josta voidaan hakea eri \u200b\u200bkaasuyhdisteit\u00e4. Spetkrin lis\u00e4ksi kirjastosta l\u00f6ytyy kunkin yhdisteen kemiallisen kaava, CAS-numero, paino, sulamispiste, kiehumispiste ja tiheys. Kirjasto on k\u00e4tev\u00e4 ty\u00f6kalu niin Gasmetin tuotteiden omistajille kuin my\u00f6s muille FTIR-teknologiesta kiinnostuneille. Jos et l\u00f6yd\u00e4 kaasua, jota etsit, ota meihin yhteytt\u00e4 ja me autamme mielell\u00e4mme. Gasmet-sovellus Tarjoamme my\u00f6s ilmaiseksi ladattavan \u00e4lypuhelinsovelluksen [&hellip;]<\/p>\n","protected":false},"author":1,"featured_media":13442,"parent":11774,"menu_order":46,"comment_status":"closed","ping_status":"closed","template":"","meta":{"_acf_changed":false,"inline_featured_image":false,"footnotes":""},"tags":[],"class_list":["post-11694","page","type-page","status-publish","has-post-thumbnail","hentry"],"acf":[],"yoast_head":"<!-- This site is optimized with the Yoast SEO plugin v27.2 - https:\/\/yoast.com\/product\/yoast-seo-wordpress\/ -->\n<title>Ty\u00f6kalut - Gasmet.fi<\/title>\n<meta name=\"robots\" content=\"index, follow, max-snippet:-1, max-image-preview:large, max-video-preview:-1\" \/>\n<link rel=\"canonical\" href=\"https:\/\/www.gasmet.com\/fi\/tuotteet\/tyokalut\/\" \/>\n<meta property=\"og:locale\" content=\"fi_FI\" \/>\n<meta property=\"og:type\" content=\"article\" \/>\n<meta property=\"og:title\" content=\"Ty\u00f6kalut - Gasmet.fi\" \/>\n<meta property=\"og:description\" content=\"FTIR-spektrikirjasto Sivuillamme on FTIR-spektrikirjasto, josta voidaan hakea eri \u200b\u200bkaasuyhdisteit\u00e4. Spetkrin lis\u00e4ksi kirjastosta l\u00f6ytyy kunkin yhdisteen kemiallisen kaava, CAS-numero, paino, sulamispiste, kiehumispiste ja tiheys. Kirjasto on k\u00e4tev\u00e4 ty\u00f6kalu niin Gasmetin tuotteiden omistajille kuin my\u00f6s muille FTIR-teknologiesta kiinnostuneille. Jos et l\u00f6yd\u00e4 kaasua, jota etsit, ota meihin yhteytt\u00e4 ja me autamme mielell\u00e4mme. Gasmet-sovellus Tarjoamme my\u00f6s ilmaiseksi ladattavan \u00e4lypuhelinsovelluksen [&hellip;]\" \/>\n<meta property=\"og:url\" content=\"https:\/\/www.gasmet.com\/fi\/tuotteet\/tyokalut\/\" \/>\n<meta property=\"og:site_name\" content=\"Gasmet.fi\" \/>\n<meta property=\"article:modified_time\" content=\"2021-01-22T13:24:28+00:00\" \/>\n<meta property=\"og:image\" content=\"https:\/\/www.gasmet.com\/fi\/wp-content\/uploads\/sites\/9\/2021\/01\/tools.jpg\" \/>\n\t<meta property=\"og:image:width\" content=\"2000\" \/>\n\t<meta property=\"og:image:height\" content=\"502\" \/>\n\t<meta property=\"og:image:type\" content=\"image\/jpeg\" \/>\n<meta name=\"twitter:card\" content=\"summary_large_image\" \/>\n<meta name=\"twitter:label1\" content=\"Arvioitu lukuaika\" \/>\n\t<meta name=\"twitter:data1\" content=\"1 minuutti\" \/>\n<script type=\"application\/ld+json\" class=\"yoast-schema-graph\">{\"@context\":\"https:\/\/schema.org\",\"@graph\":[{\"@type\":\"WebPage\",\"@id\":\"https:\/\/www.gasmet.com\/fi\/tuotteet\/tyokalut\/\",\"url\":\"https:\/\/www.gasmet.com\/fi\/tuotteet\/tyokalut\/\",\"name\":\"Ty\u00f6kalut - Gasmet.fi\",\"isPartOf\":{\"@id\":\"https:\/\/www.gasmet.com\/fi\/#website\"},\"primaryImageOfPage\":{\"@id\":\"https:\/\/www.gasmet.com\/fi\/tuotteet\/tyokalut\/#primaryimage\"},\"image\":{\"@id\":\"https:\/\/www.gasmet.com\/fi\/tuotteet\/tyokalut\/#primaryimage\"},\"thumbnailUrl\":\"https:\/\/www.gasmet.com\/fi\/wp-content\/uploads\/sites\/9\/2021\/01\/tools.jpg\",\"datePublished\":\"2020-05-29T06:32:22+00:00\",\"dateModified\":\"2021-01-22T13:24:28+00:00\",\"breadcrumb\":{\"@id\":\"https:\/\/www.gasmet.com\/fi\/tuotteet\/tyokalut\/#breadcrumb\"},\"inLanguage\":\"fi\",\"potentialAction\":[{\"@type\":\"ReadAction\",\"target\":[\"https:\/\/www.gasmet.com\/fi\/tuotteet\/tyokalut\/\"]}]},{\"@type\":\"ImageObject\",\"inLanguage\":\"fi\",\"@id\":\"https:\/\/www.gasmet.com\/fi\/tuotteet\/tyokalut\/#primaryimage\",\"url\":\"https:\/\/www.gasmet.com\/fi\/wp-content\/uploads\/sites\/9\/2021\/01\/tools.jpg\",\"contentUrl\":\"https:\/\/www.gasmet.com\/fi\/wp-content\/uploads\/sites\/9\/2021\/01\/tools.jpg\",\"width\":2000,\"height\":502},{\"@type\":\"BreadcrumbList\",\"@id\":\"https:\/\/www.gasmet.com\/fi\/tuotteet\/tyokalut\/#breadcrumb\",\"itemListElement\":[{\"@type\":\"ListItem\",\"position\":1,\"name\":\"Home\",\"item\":\"https:\/\/www.gasmet.com\/fi\/\"},{\"@type\":\"ListItem\",\"position\":2,\"name\":\"Tuotteet\",\"item\":\"https:\/\/www.gasmet.com\/fi\/tuotteet\/\"},{\"@type\":\"ListItem\",\"position\":3,\"name\":\"Ty\u00f6kalut\"}]},{\"@type\":\"WebSite\",\"@id\":\"https:\/\/www.gasmet.com\/fi\/#website\",\"url\":\"https:\/\/www.gasmet.com\/fi\/\",\"name\":\"Gasmet.fi\",\"description\":\"Know what&#039;s in the air.\",\"potentialAction\":[{\"@type\":\"SearchAction\",\"target\":{\"@type\":\"EntryPoint\",\"urlTemplate\":\"https:\/\/www.gasmet.com\/fi\/?s={search_term_string}\"},\"query-input\":{\"@type\":\"PropertyValueSpecification\",\"valueRequired\":true,\"valueName\":\"search_term_string\"}}],\"inLanguage\":\"fi\"}]}<\/script>\n<!-- \/ Yoast SEO plugin. -->","yoast_head_json":{"title":"Ty\u00f6kalut - Gasmet.fi","robots":{"index":"index","follow":"follow","max-snippet":"max-snippet:-1","max-image-preview":"max-image-preview:large","max-video-preview":"max-video-preview:-1"},"canonical":"https:\/\/www.gasmet.com\/fi\/tuotteet\/tyokalut\/","og_locale":"fi_FI","og_type":"article","og_title":"Ty\u00f6kalut - Gasmet.fi","og_description":"FTIR-spektrikirjasto Sivuillamme on FTIR-spektrikirjasto, josta voidaan hakea eri \u200b\u200bkaasuyhdisteit\u00e4. Spetkrin lis\u00e4ksi kirjastosta l\u00f6ytyy kunkin yhdisteen kemiallisen kaava, CAS-numero, paino, sulamispiste, kiehumispiste ja tiheys. Kirjasto on k\u00e4tev\u00e4 ty\u00f6kalu niin Gasmetin tuotteiden omistajille kuin my\u00f6s muille FTIR-teknologiesta kiinnostuneille. Jos et l\u00f6yd\u00e4 kaasua, jota etsit, ota meihin yhteytt\u00e4 ja me autamme mielell\u00e4mme. Gasmet-sovellus Tarjoamme my\u00f6s ilmaiseksi ladattavan \u00e4lypuhelinsovelluksen [&hellip;]","og_url":"https:\/\/www.gasmet.com\/fi\/tuotteet\/tyokalut\/","og_site_name":"Gasmet.fi","article_modified_time":"2021-01-22T13:24:28+00:00","og_image":[{"width":2000,"height":502,"url":"https:\/\/www.gasmet.com\/fi\/wp-content\/uploads\/sites\/9\/2021\/01\/tools.jpg","type":"image\/jpeg"}],"twitter_card":"summary_large_image","twitter_misc":{"Arvioitu lukuaika":"1 minuutti"},"schema":{"@context":"https:\/\/schema.org","@graph":[{"@type":"WebPage","@id":"https:\/\/www.gasmet.com\/fi\/tuotteet\/tyokalut\/","url":"https:\/\/www.gasmet.com\/fi\/tuotteet\/tyokalut\/","name":"Ty\u00f6kalut - Gasmet.fi","isPartOf":{"@id":"https:\/\/www.gasmet.com\/fi\/#website"},"primaryImageOfPage":{"@id":"https:\/\/www.gasmet.com\/fi\/tuotteet\/tyokalut\/#primaryimage"},"image":{"@id":"https:\/\/www.gasmet.com\/fi\/tuotteet\/tyokalut\/#primaryimage"},"thumbnailUrl":"https:\/\/www.gasmet.com\/fi\/wp-content\/uploads\/sites\/9\/2021\/01\/tools.jpg","datePublished":"2020-05-29T06:32:22+00:00","dateModified":"2021-01-22T13:24:28+00:00","breadcrumb":{"@id":"https:\/\/www.gasmet.com\/fi\/tuotteet\/tyokalut\/#breadcrumb"},"inLanguage":"fi","potentialAction":[{"@type":"ReadAction","target":["https:\/\/www.gasmet.com\/fi\/tuotteet\/tyokalut\/"]}]},{"@type":"ImageObject","inLanguage":"fi","@id":"https:\/\/www.gasmet.com\/fi\/tuotteet\/tyokalut\/#primaryimage","url":"https:\/\/www.gasmet.com\/fi\/wp-content\/uploads\/sites\/9\/2021\/01\/tools.jpg","contentUrl":"https:\/\/www.gasmet.com\/fi\/wp-content\/uploads\/sites\/9\/2021\/01\/tools.jpg","width":2000,"height":502},{"@type":"BreadcrumbList","@id":"https:\/\/www.gasmet.com\/fi\/tuotteet\/tyokalut\/#breadcrumb","itemListElement":[{"@type":"ListItem","position":1,"name":"Home","item":"https:\/\/www.gasmet.com\/fi\/"},{"@type":"ListItem","position":2,"name":"Tuotteet","item":"https:\/\/www.gasmet.com\/fi\/tuotteet\/"},{"@type":"ListItem","position":3,"name":"Ty\u00f6kalut"}]},{"@type":"WebSite","@id":"https:\/\/www.gasmet.com\/fi\/#website","url":"https:\/\/www.gasmet.com\/fi\/","name":"Gasmet.fi","description":"Know what&#039;s in the air.","potentialAction":[{"@type":"SearchAction","target":{"@type":"EntryPoint","urlTemplate":"https:\/\/www.gasmet.com\/fi\/?s={search_term_string}"},"query-input":{"@type":"PropertyValueSpecification","valueRequired":true,"valueName":"search_term_string"}}],"inLanguage":"fi"}]}},"_links":{"self":[{"href":"https:\/\/www.gasmet.com\/fi\/wp-json\/wp\/v2\/pages\/11694","targetHints":{"allow":["GET"]}}],"collection":[{"href":"https:\/\/www.gasmet.com\/fi\/wp-json\/wp\/v2\/pages"}],"about":[{"href":"https:\/\/www.gasmet.com\/fi\/wp-json\/wp\/v2\/types\/page"}],"author":[{"embeddable":true,"href":"https:\/\/www.gasmet.com\/fi\/wp-json\/wp\/v2\/users\/1"}],"replies":[{"embeddable":true,"href":"https:\/\/www.gasmet.com\/fi\/wp-json\/wp\/v2\/comments?post=11694"}],"version-history":[{"count":30,"href":"https:\/\/www.gasmet.com\/fi\/wp-json\/wp\/v2\/pages\/11694\/revisions"}],"predecessor-version":[{"id":13445,"href":"https:\/\/www.gasmet.com\/fi\/wp-json\/wp\/v2\/pages\/11694\/revisions\/13445"}],"up":[{"embeddable":true,"href":"https:\/\/www.gasmet.com\/fi\/wp-json\/wp\/v2\/pages\/11774"}],"wp:featuredmedia":[{"embeddable":true,"href":"https:\/\/www.gasmet.com\/fi\/wp-json\/wp\/v2\/media\/13442"}],"wp:attachment":[{"href":"https:\/\/www.gasmet.com\/fi\/wp-json\/wp\/v2\/media?parent=11694"}],"wp:term":[{"taxonomy":"post_tag","embeddable":true,"href":"https:\/\/www.gasmet.com\/fi\/wp-json\/wp\/v2\/tags?post=11694"}],"curies":[{"name":"wp","href":"https:\/\/api.w.org\/{rel}","templated":true}]}}