{"id":8260,"date":"2020-01-22T08:46:31","date_gmt":"2020-01-22T08:46:31","guid":{"rendered":"https:\/\/www.gasmet.com\/de\/?page_id=8260"},"modified":"2020-02-13T15:22:29","modified_gmt":"2020-02-13T15:22:29","slug":"verhaltenskodex","status":"publish","type":"page","link":"https:\/\/www.gasmet.com\/de\/company\/corporate-sustainability\/verhaltenskodex\/","title":{"rendered":"Verhaltenskodex"},"content":{"rendered":"<p>Als Teil der Nederman Group richtet sich Gasmet Technologies nach dem Nederman-Verhaltenskodex.<\/p>\n<p>Verantwortliches und korrektes Handeln ist eine unabdingbare Voraussetzung bei Nederman. Vergehen wie Korruption oder Bestechlichkeit werden bei uns \u00e4u\u00dferst ernst genommen. Wir streben eine Schulung aller Mitarbeiter in unserem Verhaltenskodex an, mit dem Ziel, jedem Versto\u00df gegen unsere Richtlinien zur Korruptionsbek\u00e4mpfung zuvorzukommen. Das Gleiche erwartet Nederman auch von seinen Lieferanten und H\u00e4ndlern.<\/p>\n<p><a href=\"https:\/\/www.nederman.com\/-\/media\/nederman-group\/images-group\/sustainability\/code-of-conduct.ashx?la=de-de&amp;hash=3579C21DF48A56CC4E44CE77C0931F5EEEA500FC\">Verhaltenskodex von Nederman<\/a><br \/>\n<a href=\"https:\/\/www.nederman.com\/-\/media\/nederman-group\/images-group\/sustainability\/code-of-conduct-for-suppliers.ashx?la=de-de&amp;hash=C3BD7A8D32B4007E06666C2AAA7E09058A1F5D90\">Verhaltenskodex von Nederman f\u00fcr Lieferanten<\/a><\/p>\n","protected":false},"excerpt":{"rendered":"<p>Als Teil der Nederman Group richtet sich Gasmet Technologies nach dem Nederman-Verhaltenskodex. Verantwortliches und korrektes Handeln ist eine unabdingbare Voraussetzung bei Nederman. Vergehen wie Korruption oder Bestechlichkeit werden bei uns \u00e4u\u00dferst ernst genommen. Wir streben eine Schulung aller Mitarbeiter in unserem Verhaltenskodex an, mit dem Ziel, jedem Versto\u00df gegen unsere Richtlinien zur Korruptionsbek\u00e4mpfung zuvorzukommen. Das [&hellip;]<\/p>\n","protected":false},"author":5,"featured_media":0,"parent":841,"menu_order":99,"comment_status":"closed","ping_status":"closed","template":"","meta":{"_acf_changed":false,"inline_featured_image":false,"footnotes":""},"tags":[],"class_list":["post-8260","page","type-page","status-publish","hentry"],"acf":[],"yoast_head":"<!-- This site is optimized with the Yoast SEO plugin v27.2 - https:\/\/yoast.com\/product\/yoast-seo-wordpress\/ -->\n<title>Verhaltenskodex - Gasmet.de<\/title>\n<meta name=\"robots\" content=\"index, follow, max-snippet:-1, max-image-preview:large, max-video-preview:-1\" \/>\n<link rel=\"canonical\" href=\"https:\/\/www.gasmet.com\/de\/company\/corporate-sustainability\/verhaltenskodex\/\" \/>\n<meta property=\"og:locale\" content=\"de_DE\" \/>\n<meta property=\"og:type\" content=\"article\" \/>\n<meta property=\"og:title\" content=\"Verhaltenskodex - Gasmet.de\" \/>\n<meta property=\"og:description\" content=\"Als Teil der Nederman Group richtet sich Gasmet Technologies nach dem Nederman-Verhaltenskodex. Verantwortliches und korrektes Handeln ist eine unabdingbare Voraussetzung bei Nederman. Vergehen wie Korruption oder Bestechlichkeit werden bei uns \u00e4u\u00dferst ernst genommen. Wir streben eine Schulung aller Mitarbeiter in unserem Verhaltenskodex an, mit dem Ziel, jedem Versto\u00df gegen unsere Richtlinien zur Korruptionsbek\u00e4mpfung zuvorzukommen. Das [&hellip;]\" \/>\n<meta property=\"og:url\" content=\"https:\/\/www.gasmet.com\/de\/company\/corporate-sustainability\/verhaltenskodex\/\" \/>\n<meta property=\"og:site_name\" content=\"Gasmet.de\" \/>\n<meta property=\"article:modified_time\" content=\"2020-02-13T15:22:29+00:00\" \/>\n<meta property=\"og:image\" content=\"http:\/\/www.gasmet.com\/testisivusto.gasmet.com\/de\/wp-content\/uploads\/sites\/6\/2018\/04\/pexels-photo-289395_edit.jpg\" \/>\n<meta name=\"twitter:card\" content=\"summary_large_image\" \/>\n<script type=\"application\/ld+json\" class=\"yoast-schema-graph\">{\"@context\":\"https:\/\/schema.org\",\"@graph\":[{\"@type\":\"WebPage\",\"@id\":\"https:\/\/www.gasmet.com\/de\/company\/corporate-sustainability\/verhaltenskodex\/\",\"url\":\"https:\/\/www.gasmet.com\/de\/company\/corporate-sustainability\/verhaltenskodex\/\",\"name\":\"Verhaltenskodex - Gasmet.de\",\"isPartOf\":{\"@id\":\"https:\/\/www.gasmet.com\/de\/#website\"},\"datePublished\":\"2020-01-22T08:46:31+00:00\",\"dateModified\":\"2020-02-13T15:22:29+00:00\",\"breadcrumb\":{\"@id\":\"https:\/\/www.gasmet.com\/de\/company\/corporate-sustainability\/verhaltenskodex\/#breadcrumb\"},\"inLanguage\":\"de\",\"potentialAction\":[{\"@type\":\"ReadAction\",\"target\":[\"https:\/\/www.gasmet.com\/de\/company\/corporate-sustainability\/verhaltenskodex\/\"]}]},{\"@type\":\"BreadcrumbList\",\"@id\":\"https:\/\/www.gasmet.com\/de\/company\/corporate-sustainability\/verhaltenskodex\/#breadcrumb\",\"itemListElement\":[{\"@type\":\"ListItem\",\"position\":1,\"name\":\"Home\",\"item\":\"https:\/\/www.gasmet.com\/de\/\"},{\"@type\":\"ListItem\",\"position\":2,\"name\":\"Unternehmen\",\"item\":\"https:\/\/www.gasmet.com\/de\/company\/\"},{\"@type\":\"ListItem\",\"position\":3,\"name\":\"Corporate Sustainability\",\"item\":\"https:\/\/www.gasmet.com\/de\/company\/corporate-sustainability\/\"},{\"@type\":\"ListItem\",\"position\":4,\"name\":\"Verhaltenskodex\"}]},{\"@type\":\"WebSite\",\"@id\":\"https:\/\/www.gasmet.com\/de\/#website\",\"url\":\"https:\/\/www.gasmet.com\/de\/\",\"name\":\"Gasmet.de\",\"description\":\"Gasanalyik &amp; Gasmesstechnik von der Probenahme bis zum Messger\u00e4t\",\"potentialAction\":[{\"@type\":\"SearchAction\",\"target\":{\"@type\":\"EntryPoint\",\"urlTemplate\":\"https:\/\/www.gasmet.com\/de\/?s={search_term_string}\"},\"query-input\":{\"@type\":\"PropertyValueSpecification\",\"valueRequired\":true,\"valueName\":\"search_term_string\"}}],\"inLanguage\":\"de\"}]}<\/script>\n<!-- \/ Yoast SEO plugin. -->","yoast_head_json":{"title":"Verhaltenskodex - Gasmet.de","robots":{"index":"index","follow":"follow","max-snippet":"max-snippet:-1","max-image-preview":"max-image-preview:large","max-video-preview":"max-video-preview:-1"},"canonical":"https:\/\/www.gasmet.com\/de\/company\/corporate-sustainability\/verhaltenskodex\/","og_locale":"de_DE","og_type":"article","og_title":"Verhaltenskodex - Gasmet.de","og_description":"Als Teil der Nederman Group richtet sich Gasmet Technologies nach dem Nederman-Verhaltenskodex. Verantwortliches und korrektes Handeln ist eine unabdingbare Voraussetzung bei Nederman. Vergehen wie Korruption oder Bestechlichkeit werden bei uns \u00e4u\u00dferst ernst genommen. Wir streben eine Schulung aller Mitarbeiter in unserem Verhaltenskodex an, mit dem Ziel, jedem Versto\u00df gegen unsere Richtlinien zur Korruptionsbek\u00e4mpfung zuvorzukommen. Das [&hellip;]","og_url":"https:\/\/www.gasmet.com\/de\/company\/corporate-sustainability\/verhaltenskodex\/","og_site_name":"Gasmet.de","article_modified_time":"2020-02-13T15:22:29+00:00","og_image":[{"url":"http:\/\/www.gasmet.com\/testisivusto.gasmet.com\/de\/wp-content\/uploads\/sites\/6\/2018\/04\/pexels-photo-289395_edit.jpg","type":"","width":"","height":""}],"twitter_card":"summary_large_image","schema":{"@context":"https:\/\/schema.org","@graph":[{"@type":"WebPage","@id":"https:\/\/www.gasmet.com\/de\/company\/corporate-sustainability\/verhaltenskodex\/","url":"https:\/\/www.gasmet.com\/de\/company\/corporate-sustainability\/verhaltenskodex\/","name":"Verhaltenskodex - Gasmet.de","isPartOf":{"@id":"https:\/\/www.gasmet.com\/de\/#website"},"datePublished":"2020-01-22T08:46:31+00:00","dateModified":"2020-02-13T15:22:29+00:00","breadcrumb":{"@id":"https:\/\/www.gasmet.com\/de\/company\/corporate-sustainability\/verhaltenskodex\/#breadcrumb"},"inLanguage":"de","potentialAction":[{"@type":"ReadAction","target":["https:\/\/www.gasmet.com\/de\/company\/corporate-sustainability\/verhaltenskodex\/"]}]},{"@type":"BreadcrumbList","@id":"https:\/\/www.gasmet.com\/de\/company\/corporate-sustainability\/verhaltenskodex\/#breadcrumb","itemListElement":[{"@type":"ListItem","position":1,"name":"Home","item":"https:\/\/www.gasmet.com\/de\/"},{"@type":"ListItem","position":2,"name":"Unternehmen","item":"https:\/\/www.gasmet.com\/de\/company\/"},{"@type":"ListItem","position":3,"name":"Corporate Sustainability","item":"https:\/\/www.gasmet.com\/de\/company\/corporate-sustainability\/"},{"@type":"ListItem","position":4,"name":"Verhaltenskodex"}]},{"@type":"WebSite","@id":"https:\/\/www.gasmet.com\/de\/#website","url":"https:\/\/www.gasmet.com\/de\/","name":"Gasmet.de","description":"Gasanalyik &amp; Gasmesstechnik von der Probenahme bis zum Messger\u00e4t","potentialAction":[{"@type":"SearchAction","target":{"@type":"EntryPoint","urlTemplate":"https:\/\/www.gasmet.com\/de\/?s={search_term_string}"},"query-input":{"@type":"PropertyValueSpecification","valueRequired":true,"valueName":"search_term_string"}}],"inLanguage":"de"}]}},"_links":{"self":[{"href":"https:\/\/www.gasmet.com\/de\/wp-json\/wp\/v2\/pages\/8260","targetHints":{"allow":["GET"]}}],"collection":[{"href":"https:\/\/www.gasmet.com\/de\/wp-json\/wp\/v2\/pages"}],"about":[{"href":"https:\/\/www.gasmet.com\/de\/wp-json\/wp\/v2\/types\/page"}],"author":[{"embeddable":true,"href":"https:\/\/www.gasmet.com\/de\/wp-json\/wp\/v2\/users\/5"}],"replies":[{"embeddable":true,"href":"https:\/\/www.gasmet.com\/de\/wp-json\/wp\/v2\/comments?post=8260"}],"version-history":[{"count":59,"href":"https:\/\/www.gasmet.com\/de\/wp-json\/wp\/v2\/pages\/8260\/revisions"}],"predecessor-version":[{"id":8358,"href":"https:\/\/www.gasmet.com\/de\/wp-json\/wp\/v2\/pages\/8260\/revisions\/8358"}],"up":[{"embeddable":true,"href":"https:\/\/www.gasmet.com\/de\/wp-json\/wp\/v2\/pages\/841"}],"wp:attachment":[{"href":"https:\/\/www.gasmet.com\/de\/wp-json\/wp\/v2\/media?parent=8260"}],"wp:term":[{"taxonomy":"post_tag","embeddable":true,"href":"https:\/\/www.gasmet.com\/de\/wp-json\/wp\/v2\/tags?post=8260"}],"curies":[{"name":"wp","href":"https:\/\/api.w.org\/{rel}","templated":true}]}}