{"id":776,"date":"2018-03-21T13:23:05","date_gmt":"2018-03-21T13:23:05","guid":{"rendered":"http:\/\/www.gasmet.com\/testisivusto.gasmet.com\/de\/?page_id=776"},"modified":"2024-11-14T13:49:26","modified_gmt":"2024-11-14T13:49:26","slug":"smartphone-app","status":"publish","type":"page","link":"https:\/\/www.gasmet.com\/de\/produkte\/tools\/smartphone-app\/","title":{"rendered":"Smartphone App"},"content":{"rendered":"<p>Zugriff auf die Gasmet FTIR-Spektrumsammlung, den Messgas-Taupunktrechner, das Einheitenkonvertierungstool und den CO<sub>2<\/sub> \/ O<sub>2<\/sub>-Konzentrationsrechner!<\/p>\n<p>Die Gasmet Android App (FTIR Spectrum Library) kann kostenlos von Google Play heruntergeladen werden und die Gasmet iOS App kann kostenlos im App Store heruntergeladen werden!<\/p>\n<p><a href=\"https:\/\/itunes.apple.com\/fi\/app\/ftir-spectrum-library\/id1118432441?mt=8\" target=\"_blank\" rel=\"noopener noreferrer\">Download Gasmet iOS App<\/a><\/p>\n<p><a href=\"https:\/\/play.google.com\/store\/apps\/details?id=com.gasmet.gasmet\" target=\"_blank\" rel=\"noopener noreferrer\">Download Gasmet Android App<\/a><\/p>\n<h2><strong>IR-Spektrum-Sammlung<\/strong><\/h2>\n<p>Die FTIR-Spektrum-Sammlung von unserer Website wird auf Ihr Ger\u00e4t \u00fcbertragen, so dass Sie auch ohne Internetverbindung zug\u00e4nglich ist.<\/p>\n<h2><strong>Taupunktrechner<\/strong><\/h2>\n<p>Die Berechnung des Wassertaupunkts und des Schwefels\u00e4uretaupunkts hilft Ihnen bei der Planung des Probenahmeaufbaus, damit das Probengas in Ihrem FTIR-Gasanalysator nicht kondensiert. Bitte beachten Sie, dass die Berechnung immer eine Sch\u00e4tzung auf Basis der eingegebenen Parameter ist. F\u00fcr Schwefels\u00e4ure wird die Okkes Formel verwendet.<\/p>\n<h2><strong>Verbrennungsrechner<\/strong><\/h2>\n<p>Berechnen Sie die vorhergesagte O<sub>2<\/sub>-Konzentration aus CO<sub>2<\/sub> (oder umgekehrt), wenn der Kraftstofftyp und die Wasserdampfkonzentration bekannt sind. Tipp: Stellen Sie den Wasserdampf auf Null, um die trockene O<sub>2<\/sub>-Konzentration zu berechnen.<\/p>\n<h2><strong>Einheitenumwandler<\/strong><\/h2>\n<p>Berechnet mg \/ m<sup>3<\/sup> von ppm und umgekehrt, unterst\u00fctzt unterschiedliche Referenztemperaturen f\u00fcr NTP und STP.<\/p>\n<p>Bitte beachten Sie, dass Mehrkomponentenanalyse und Dateikonvertierung \/ -export in der App nicht unterst\u00fctzt werden. F\u00fcr diese Funktionalit\u00e4t wird die <a href=\"https:\/\/www.gasmet.com\/de\/products\/software\/\">Calcmet-Software<\/a> ben\u00f6tigt. Die Calcmet-Software ist im Lieferumfang des FTIR-Gasanalysators enthalten.<\/p>\n<p>Hinweis: Diese Smartphone-App dient nur zur Information und Gasmet Technologies \u00fcbernimmt keine Haftung oder Verantwortung f\u00fcr Verluste oder Sch\u00e4den, die sich aus der Anwendung dieser Informationen ergeben.<\/p>\n","protected":false},"excerpt":{"rendered":"<p>Zugriff auf die Gasmet FTIR-Spektrumsammlung, den Messgas-Taupunktrechner, das Einheitenkonvertierungstool und den CO2 \/ O2-Konzentrationsrechner! Die Gasmet Android App (FTIR Spectrum Library) kann kostenlos von Google Play heruntergeladen werden und die Gasmet iOS App kann kostenlos im App Store heruntergeladen werden! Download Gasmet iOS App Download Gasmet Android App IR-Spektrum-Sammlung Die FTIR-Spektrum-Sammlung von unserer Website wird [&hellip;]<\/p>\n","protected":false},"author":5,"featured_media":12293,"parent":55,"menu_order":89,"comment_status":"closed","ping_status":"closed","template":"","meta":{"_acf_changed":false,"inline_featured_image":false,"footnotes":""},"tags":[],"class_list":["post-776","page","type-page","status-publish","has-post-thumbnail","hentry"],"acf":[],"yoast_head":"<!-- This site is optimized with the Yoast SEO plugin v27.4 - https:\/\/yoast.com\/product\/yoast-seo-wordpress\/ -->\n<title>Smartphone App including IR Spectrum Collection &amp; Dewpoint Calculator<\/title>\n<meta name=\"description\" content=\"Zugriff auf die Gasmet FTIR-Spektrumsammlung, den Messgas-Taupunktrechner, das Einheitenkonvertierungstool und den CO2 \/ O2-Konzentrationsrechner! Die Gasmet Android App (FTIR Spectrum Library) kann kostenlos von Google Play heruntergeladen werden und die Gasmet iOS App kann kostenlos im App Store heruntergeladen werden!\" \/>\n<meta name=\"robots\" content=\"index, follow, max-snippet:-1, max-image-preview:large, max-video-preview:-1\" \/>\n<link rel=\"canonical\" href=\"https:\/\/www.gasmet.com\/de\/produkte\/tools\/smartphone-app\/\" \/>\n<meta property=\"og:locale\" content=\"de_DE\" \/>\n<meta property=\"og:type\" content=\"article\" \/>\n<meta property=\"og:title\" content=\"Smartphone App including IR Spectrum Collection &amp; Dewpoint Calculator\" \/>\n<meta property=\"og:description\" content=\"Zugriff auf die Gasmet FTIR-Spektrumsammlung, den Messgas-Taupunktrechner, das Einheitenkonvertierungstool und den CO2 \/ O2-Konzentrationsrechner! Die Gasmet Android App (FTIR Spectrum Library) kann kostenlos von Google Play heruntergeladen werden und die Gasmet iOS App kann kostenlos im App Store heruntergeladen werden!\" \/>\n<meta property=\"og:url\" content=\"https:\/\/www.gasmet.com\/de\/produkte\/tools\/smartphone-app\/\" \/>\n<meta property=\"og:site_name\" content=\"Gasmet.de\" \/>\n<meta property=\"article:modified_time\" content=\"2024-11-14T13:49:26+00:00\" \/>\n<meta property=\"og:image\" content=\"https:\/\/www.gasmet.com\/de\/wp-content\/uploads\/sites\/6\/2024\/11\/gasmet_brand_cobaltsand.jpg\" \/>\n\t<meta property=\"og:image:width\" content=\"2000\" \/>\n\t<meta property=\"og:image:height\" content=\"500\" \/>\n\t<meta property=\"og:image:type\" content=\"image\/jpeg\" \/>\n<meta name=\"twitter:card\" content=\"summary_large_image\" \/>\n<meta name=\"twitter:label1\" content=\"Gesch\u00e4tzte Lesezeit\" \/>\n\t<meta name=\"twitter:data1\" content=\"2\u00a0Minuten\" \/>\n<script type=\"application\/ld+json\" class=\"yoast-schema-graph\">{\"@context\":\"https:\\\/\\\/schema.org\",\"@graph\":[{\"@type\":\"WebPage\",\"@id\":\"https:\\\/\\\/www.gasmet.com\\\/de\\\/produkte\\\/tools\\\/smartphone-app\\\/\",\"url\":\"https:\\\/\\\/www.gasmet.com\\\/de\\\/produkte\\\/tools\\\/smartphone-app\\\/\",\"name\":\"Smartphone App including IR Spectrum Collection & Dewpoint Calculator\",\"isPartOf\":{\"@id\":\"https:\\\/\\\/www.gasmet.com\\\/de\\\/#website\"},\"primaryImageOfPage\":{\"@id\":\"https:\\\/\\\/www.gasmet.com\\\/de\\\/produkte\\\/tools\\\/smartphone-app\\\/#primaryimage\"},\"image\":{\"@id\":\"https:\\\/\\\/www.gasmet.com\\\/de\\\/produkte\\\/tools\\\/smartphone-app\\\/#primaryimage\"},\"thumbnailUrl\":\"https:\\\/\\\/www.gasmet.com\\\/de\\\/wp-content\\\/uploads\\\/sites\\\/6\\\/2024\\\/11\\\/gasmet_brand_cobaltsand.jpg\",\"datePublished\":\"2018-03-21T13:23:05+00:00\",\"dateModified\":\"2024-11-14T13:49:26+00:00\",\"description\":\"Zugriff auf die Gasmet FTIR-Spektrumsammlung, den Messgas-Taupunktrechner, das Einheitenkonvertierungstool und den CO2 \\\/ O2-Konzentrationsrechner! Die Gasmet Android App (FTIR Spectrum Library) kann kostenlos von Google Play heruntergeladen werden und die Gasmet iOS App kann kostenlos im App Store heruntergeladen werden!\",\"breadcrumb\":{\"@id\":\"https:\\\/\\\/www.gasmet.com\\\/de\\\/produkte\\\/tools\\\/smartphone-app\\\/#breadcrumb\"},\"inLanguage\":\"de\",\"potentialAction\":[{\"@type\":\"ReadAction\",\"target\":[\"https:\\\/\\\/www.gasmet.com\\\/de\\\/produkte\\\/tools\\\/smartphone-app\\\/\"]}]},{\"@type\":\"ImageObject\",\"inLanguage\":\"de\",\"@id\":\"https:\\\/\\\/www.gasmet.com\\\/de\\\/produkte\\\/tools\\\/smartphone-app\\\/#primaryimage\",\"url\":\"https:\\\/\\\/www.gasmet.com\\\/de\\\/wp-content\\\/uploads\\\/sites\\\/6\\\/2024\\\/11\\\/gasmet_brand_cobaltsand.jpg\",\"contentUrl\":\"https:\\\/\\\/www.gasmet.com\\\/de\\\/wp-content\\\/uploads\\\/sites\\\/6\\\/2024\\\/11\\\/gasmet_brand_cobaltsand.jpg\",\"width\":2000,\"height\":500},{\"@type\":\"BreadcrumbList\",\"@id\":\"https:\\\/\\\/www.gasmet.com\\\/de\\\/produkte\\\/tools\\\/smartphone-app\\\/#breadcrumb\",\"itemListElement\":[{\"@type\":\"ListItem\",\"position\":1,\"name\":\"Home\",\"item\":\"https:\\\/\\\/www.gasmet.com\\\/de\\\/\"},{\"@type\":\"ListItem\",\"position\":2,\"name\":\"Produkte\",\"item\":\"https:\\\/\\\/www.gasmet.com\\\/de\\\/produkte\\\/\"},{\"@type\":\"ListItem\",\"position\":3,\"name\":\"Tools\",\"item\":\"https:\\\/\\\/www.gasmet.com\\\/de\\\/produkte\\\/tools\\\/\"},{\"@type\":\"ListItem\",\"position\":4,\"name\":\"Smartphone App\"}]},{\"@type\":\"WebSite\",\"@id\":\"https:\\\/\\\/www.gasmet.com\\\/de\\\/#website\",\"url\":\"https:\\\/\\\/www.gasmet.com\\\/de\\\/\",\"name\":\"Gasmet.de\",\"description\":\"Gasanalyik &amp; Gasmesstechnik von der Probenahme bis zum Messger\u00e4t\",\"potentialAction\":[{\"@type\":\"SearchAction\",\"target\":{\"@type\":\"EntryPoint\",\"urlTemplate\":\"https:\\\/\\\/www.gasmet.com\\\/de\\\/?s={search_term_string}\"},\"query-input\":{\"@type\":\"PropertyValueSpecification\",\"valueRequired\":true,\"valueName\":\"search_term_string\"}}],\"inLanguage\":\"de\"}]}<\/script>\n<!-- \/ Yoast SEO plugin. -->","yoast_head_json":{"title":"Smartphone App including IR Spectrum Collection & Dewpoint Calculator","description":"Zugriff auf die Gasmet FTIR-Spektrumsammlung, den Messgas-Taupunktrechner, das Einheitenkonvertierungstool und den CO2 \/ O2-Konzentrationsrechner! Die Gasmet Android App (FTIR Spectrum Library) kann kostenlos von Google Play heruntergeladen werden und die Gasmet iOS App kann kostenlos im App Store heruntergeladen werden!","robots":{"index":"index","follow":"follow","max-snippet":"max-snippet:-1","max-image-preview":"max-image-preview:large","max-video-preview":"max-video-preview:-1"},"canonical":"https:\/\/www.gasmet.com\/de\/produkte\/tools\/smartphone-app\/","og_locale":"de_DE","og_type":"article","og_title":"Smartphone App including IR Spectrum Collection & Dewpoint Calculator","og_description":"Zugriff auf die Gasmet FTIR-Spektrumsammlung, den Messgas-Taupunktrechner, das Einheitenkonvertierungstool und den CO2 \/ O2-Konzentrationsrechner! Die Gasmet Android App (FTIR Spectrum Library) kann kostenlos von Google Play heruntergeladen werden und die Gasmet iOS App kann kostenlos im App Store heruntergeladen werden!","og_url":"https:\/\/www.gasmet.com\/de\/produkte\/tools\/smartphone-app\/","og_site_name":"Gasmet.de","article_modified_time":"2024-11-14T13:49:26+00:00","og_image":[{"width":2000,"height":500,"url":"https:\/\/www.gasmet.com\/de\/wp-content\/uploads\/sites\/6\/2024\/11\/gasmet_brand_cobaltsand.jpg","type":"image\/jpeg"}],"twitter_card":"summary_large_image","twitter_misc":{"Gesch\u00e4tzte Lesezeit":"2\u00a0Minuten"},"schema":{"@context":"https:\/\/schema.org","@graph":[{"@type":"WebPage","@id":"https:\/\/www.gasmet.com\/de\/produkte\/tools\/smartphone-app\/","url":"https:\/\/www.gasmet.com\/de\/produkte\/tools\/smartphone-app\/","name":"Smartphone App including IR Spectrum Collection & Dewpoint Calculator","isPartOf":{"@id":"https:\/\/www.gasmet.com\/de\/#website"},"primaryImageOfPage":{"@id":"https:\/\/www.gasmet.com\/de\/produkte\/tools\/smartphone-app\/#primaryimage"},"image":{"@id":"https:\/\/www.gasmet.com\/de\/produkte\/tools\/smartphone-app\/#primaryimage"},"thumbnailUrl":"https:\/\/www.gasmet.com\/de\/wp-content\/uploads\/sites\/6\/2024\/11\/gasmet_brand_cobaltsand.jpg","datePublished":"2018-03-21T13:23:05+00:00","dateModified":"2024-11-14T13:49:26+00:00","description":"Zugriff auf die Gasmet FTIR-Spektrumsammlung, den Messgas-Taupunktrechner, das Einheitenkonvertierungstool und den CO2 \/ O2-Konzentrationsrechner! Die Gasmet Android App (FTIR Spectrum Library) kann kostenlos von Google Play heruntergeladen werden und die Gasmet iOS App kann kostenlos im App Store heruntergeladen werden!","breadcrumb":{"@id":"https:\/\/www.gasmet.com\/de\/produkte\/tools\/smartphone-app\/#breadcrumb"},"inLanguage":"de","potentialAction":[{"@type":"ReadAction","target":["https:\/\/www.gasmet.com\/de\/produkte\/tools\/smartphone-app\/"]}]},{"@type":"ImageObject","inLanguage":"de","@id":"https:\/\/www.gasmet.com\/de\/produkte\/tools\/smartphone-app\/#primaryimage","url":"https:\/\/www.gasmet.com\/de\/wp-content\/uploads\/sites\/6\/2024\/11\/gasmet_brand_cobaltsand.jpg","contentUrl":"https:\/\/www.gasmet.com\/de\/wp-content\/uploads\/sites\/6\/2024\/11\/gasmet_brand_cobaltsand.jpg","width":2000,"height":500},{"@type":"BreadcrumbList","@id":"https:\/\/www.gasmet.com\/de\/produkte\/tools\/smartphone-app\/#breadcrumb","itemListElement":[{"@type":"ListItem","position":1,"name":"Home","item":"https:\/\/www.gasmet.com\/de\/"},{"@type":"ListItem","position":2,"name":"Produkte","item":"https:\/\/www.gasmet.com\/de\/produkte\/"},{"@type":"ListItem","position":3,"name":"Tools","item":"https:\/\/www.gasmet.com\/de\/produkte\/tools\/"},{"@type":"ListItem","position":4,"name":"Smartphone App"}]},{"@type":"WebSite","@id":"https:\/\/www.gasmet.com\/de\/#website","url":"https:\/\/www.gasmet.com\/de\/","name":"Gasmet.de","description":"Gasanalyik &amp; Gasmesstechnik von der Probenahme bis zum Messger\u00e4t","potentialAction":[{"@type":"SearchAction","target":{"@type":"EntryPoint","urlTemplate":"https:\/\/www.gasmet.com\/de\/?s={search_term_string}"},"query-input":{"@type":"PropertyValueSpecification","valueRequired":true,"valueName":"search_term_string"}}],"inLanguage":"de"}]}},"_links":{"self":[{"href":"https:\/\/www.gasmet.com\/de\/wp-json\/wp\/v2\/pages\/776","targetHints":{"allow":["GET"]}}],"collection":[{"href":"https:\/\/www.gasmet.com\/de\/wp-json\/wp\/v2\/pages"}],"about":[{"href":"https:\/\/www.gasmet.com\/de\/wp-json\/wp\/v2\/types\/page"}],"author":[{"embeddable":true,"href":"https:\/\/www.gasmet.com\/de\/wp-json\/wp\/v2\/users\/5"}],"replies":[{"embeddable":true,"href":"https:\/\/www.gasmet.com\/de\/wp-json\/wp\/v2\/comments?post=776"}],"version-history":[{"count":20,"href":"https:\/\/www.gasmet.com\/de\/wp-json\/wp\/v2\/pages\/776\/revisions"}],"predecessor-version":[{"id":12309,"href":"https:\/\/www.gasmet.com\/de\/wp-json\/wp\/v2\/pages\/776\/revisions\/12309"}],"up":[{"embeddable":true,"href":"https:\/\/www.gasmet.com\/de\/wp-json\/wp\/v2\/pages\/55"}],"wp:featuredmedia":[{"embeddable":true,"href":"https:\/\/www.gasmet.com\/de\/wp-json\/wp\/v2\/media\/12293"}],"wp:attachment":[{"href":"https:\/\/www.gasmet.com\/de\/wp-json\/wp\/v2\/media?parent=776"}],"wp:term":[{"taxonomy":"post_tag","embeddable":true,"href":"https:\/\/www.gasmet.com\/de\/wp-json\/wp\/v2\/tags?post=776"}],"curies":[{"name":"wp","href":"https:\/\/api.w.org\/{rel}","templated":true}]}}