{"id":7022,"date":"2019-05-20T20:12:09","date_gmt":"2019-05-20T20:12:09","guid":{"rendered":"https:\/\/www.gasmet.com\/de\/?page_id=7022"},"modified":"2024-11-14T13:49:40","modified_gmt":"2024-11-14T13:49:40","slug":"ir-spektren-peaksuche-offline","status":"publish","type":"page","link":"https:\/\/www.gasmet.com\/de\/produkte\/tools\/ir-spektren-peaksuche-offline\/","title":{"rendered":"IR Spektren &amp; Peaksuche Offline"},"content":{"rendered":"<h3 class=\"LC20lb\">Freeware Software: Infrarot Spektren, Peaksuche und vieles mehr<\/h3>\n<p>Dieses Programm eignet sich f\u00fcr alle, die Gase mit Infrarotspektroskopie analysieren m\u00f6chten. Die App basiert auf Java und ist auf allen Plattformen einschlie\u00dflich Windows, Mac OS und Linux lauff\u00e4hig:<\/p>\n<ul>\n<li>IR-Spektren Ansicht mit Zoomfunktion<\/li>\n<li>Suche von IR-Spektren basierend auf\n<ul>\n<li>Stoffname (in English \/ Deutsch)<\/li>\n<li>Summenformel<\/li>\n<li>CAS Nummer<\/li>\n<\/ul>\n<\/li>\n<li>Peaksuche basierend auf Wellenzahl\n<ul>\n<li>um unbekannte Komponenten zu identifizieren<\/li>\n<\/ul>\n<\/li>\n<\/ul>\n<p>Nach dem Start der App kann sofort CAS-Nummer, Summenformel oder Name (nebn UPAC auch Trivialnamen) in Deutsch oder Englisch eingegeben werden. Oder probieren Sie eine Peaksuche, um umbekannte Komponenten zu identifizieren. Die dargestellten Spektren kann man frei zoomen.<\/p>\n<p>Um die Software zu erhalten, senden Sie uns bitte Ihre Anfrage mit vollst\u00e4ndigen <a href=\"https:\/\/www.gasmet.com\/de\/contact-us\/\">Kontaktinformationen<\/a>, und wir senden Ihnen einen Download-Link.<\/p>\n<h3>IR Spektrensammlung<\/h3>\n<p>Diese IR-Spekrendatenbank enth\u00e4lt \u00fcber 580 Infrarot-Spektren im Bereich zwischen ca. 800 und 4200 Wellenzahlen von Gaskomponenten. Hinter jedem Spektrum steht eine <a href=\"https:\/\/www.gasmet.com\/de\/products\/category\/portable-gas-analyzers\/dx4000\/\">Gasmet FTIR<\/a> Anwendung. Diese App beinhaltet eine IR-Spektrensammlung mit quantitativen Spektreninformationen. Vereinfachte Versionen sind auch f\u00fcr <a href=\"https:\/\/www.gasmet.com\/de\/products\/tools\/\">iOS und Android<\/a> erh\u00e4ltlich.<\/p>\n<p>Die Tabelle auf dieser Seite listet die CAS Nummern und Stoffnamen der Gase der App auf, die auch mit <a href=\"https:\/\/www.gasmet.com\/de\/products\/category\/portable-gas-analyzers\/dx4000\/\">Gasmet FTIR Gasnanalysatoren<\/a> messbar sind. F\u00fcr weitere Fragen kontaktieren Sie unsere Anwendungsspezialisten.<\/p>\n<p><img loading=\"lazy\" decoding=\"async\" class=\"alignnone wp-image-7023\" src=\"https:\/\/www.gasmet.com\/de\/wp-content\/uploads\/sites\/6\/2019\/05\/gasmet_ansyco_ftir_spectrum_library-300x181.png\" alt=\"\" width=\"600\" height=\"362\" srcset=\"https:\/\/www.gasmet.com\/de\/wp-content\/uploads\/sites\/6\/2019\/05\/gasmet_ansyco_ftir_spectrum_library-300x181.png 300w, https:\/\/www.gasmet.com\/de\/wp-content\/uploads\/sites\/6\/2019\/05\/gasmet_ansyco_ftir_spectrum_library-768x463.png 768w, https:\/\/www.gasmet.com\/de\/wp-content\/uploads\/sites\/6\/2019\/05\/gasmet_ansyco_ftir_spectrum_library-1024x617.png 1024w, https:\/\/www.gasmet.com\/de\/wp-content\/uploads\/sites\/6\/2019\/05\/gasmet_ansyco_ftir_spectrum_library-64x39.png 64w, https:\/\/www.gasmet.com\/de\/wp-content\/uploads\/sites\/6\/2019\/05\/gasmet_ansyco_ftir_spectrum_library-220x133.png 220w, https:\/\/www.gasmet.com\/de\/wp-content\/uploads\/sites\/6\/2019\/05\/gasmet_ansyco_ftir_spectrum_library-332x200.png 332w, https:\/\/www.gasmet.com\/de\/wp-content\/uploads\/sites\/6\/2019\/05\/gasmet_ansyco_ftir_spectrum_library.png 1299w\" sizes=\"auto, (max-width: 600px) 100vw, 600px\" \/><\/p>\n<p>Die App erlaubt auch eine Zoomen der Spektren . Ein neues Programm-Feature ist die Peaksuche.<\/p>\n<p><strong>Welche Daten sind angegeben?<\/strong><br \/>\nAngaben \u00fcber Namen und Synonyme sowie Formel und CAS-Nr., Siedepunkt (Kp) in \u00b0C und Schmelzpunkt (Fp) in \u00b0C, Dichte der Fl\u00fcssigkeit, meist bei 20 \u00b0C, in g\/cm\u00b3 und Molekulargewicht in g\/mol.<\/p>\n<p>Alle Angaben ohne Gew\u00e4hr.<\/p>\n","protected":false},"excerpt":{"rendered":"<p>Freeware Software: Infrarot Spektren, Peaksuche und vieles mehr Dieses Programm eignet sich f\u00fcr alle, die Gase mit Infrarotspektroskopie analysieren m\u00f6chten. Die App basiert auf Java und ist auf allen Plattformen einschlie\u00dflich Windows, Mac OS und Linux lauff\u00e4hig: IR-Spektren Ansicht mit Zoomfunktion Suche von IR-Spektren basierend auf Stoffname (in English \/ Deutsch) Summenformel CAS Nummer Peaksuche [&hellip;]<\/p>\n","protected":false},"author":81,"featured_media":12293,"parent":55,"menu_order":62,"comment_status":"closed","ping_status":"closed","template":"","meta":{"_acf_changed":false,"inline_featured_image":false,"footnotes":""},"tags":[],"class_list":["post-7022","page","type-page","status-publish","has-post-thumbnail","hentry"],"acf":[],"yoast_head":"<!-- This site is optimized with the Yoast SEO plugin v27.2 - https:\/\/yoast.com\/product\/yoast-seo-wordpress\/ -->\n<title>IR Spektren &amp; Peaksuche Offline - Gasmet.de<\/title>\n<meta name=\"robots\" content=\"index, follow, max-snippet:-1, max-image-preview:large, max-video-preview:-1\" \/>\n<link rel=\"canonical\" href=\"https:\/\/www.gasmet.com\/de\/produkte\/tools\/ir-spektren-peaksuche-offline\/\" \/>\n<meta property=\"og:locale\" content=\"de_DE\" \/>\n<meta property=\"og:type\" content=\"article\" \/>\n<meta property=\"og:title\" content=\"IR Spektren &amp; Peaksuche Offline - Gasmet.de\" \/>\n<meta property=\"og:description\" content=\"Freeware Software: Infrarot Spektren, Peaksuche und vieles mehr Dieses Programm eignet sich f\u00fcr alle, die Gase mit Infrarotspektroskopie analysieren m\u00f6chten. Die App basiert auf Java und ist auf allen Plattformen einschlie\u00dflich Windows, Mac OS und Linux lauff\u00e4hig: IR-Spektren Ansicht mit Zoomfunktion Suche von IR-Spektren basierend auf Stoffname (in English \/ Deutsch) Summenformel CAS Nummer Peaksuche [&hellip;]\" \/>\n<meta property=\"og:url\" content=\"https:\/\/www.gasmet.com\/de\/produkte\/tools\/ir-spektren-peaksuche-offline\/\" \/>\n<meta property=\"og:site_name\" content=\"Gasmet.de\" \/>\n<meta property=\"article:modified_time\" content=\"2024-11-14T13:49:40+00:00\" \/>\n<meta property=\"og:image\" content=\"https:\/\/www.gasmet.com\/de\/wp-content\/uploads\/sites\/6\/2024\/11\/gasmet_brand_cobaltsand.jpg\" \/>\n\t<meta property=\"og:image:width\" content=\"2000\" \/>\n\t<meta property=\"og:image:height\" content=\"500\" \/>\n\t<meta property=\"og:image:type\" content=\"image\/jpeg\" \/>\n<meta name=\"twitter:card\" content=\"summary_large_image\" \/>\n<meta name=\"twitter:label1\" content=\"Gesch\u00e4tzte Lesezeit\" \/>\n\t<meta name=\"twitter:data1\" content=\"2\u00a0Minuten\" \/>\n<script type=\"application\/ld+json\" class=\"yoast-schema-graph\">{\"@context\":\"https:\/\/schema.org\",\"@graph\":[{\"@type\":\"WebPage\",\"@id\":\"https:\/\/www.gasmet.com\/de\/produkte\/tools\/ir-spektren-peaksuche-offline\/\",\"url\":\"https:\/\/www.gasmet.com\/de\/produkte\/tools\/ir-spektren-peaksuche-offline\/\",\"name\":\"IR Spektren &amp; Peaksuche Offline - Gasmet.de\",\"isPartOf\":{\"@id\":\"https:\/\/www.gasmet.com\/de\/#website\"},\"primaryImageOfPage\":{\"@id\":\"https:\/\/www.gasmet.com\/de\/produkte\/tools\/ir-spektren-peaksuche-offline\/#primaryimage\"},\"image\":{\"@id\":\"https:\/\/www.gasmet.com\/de\/produkte\/tools\/ir-spektren-peaksuche-offline\/#primaryimage\"},\"thumbnailUrl\":\"https:\/\/www.gasmet.com\/de\/wp-content\/uploads\/sites\/6\/2024\/11\/gasmet_brand_cobaltsand.jpg\",\"datePublished\":\"2019-05-20T20:12:09+00:00\",\"dateModified\":\"2024-11-14T13:49:40+00:00\",\"breadcrumb\":{\"@id\":\"https:\/\/www.gasmet.com\/de\/produkte\/tools\/ir-spektren-peaksuche-offline\/#breadcrumb\"},\"inLanguage\":\"de\",\"potentialAction\":[{\"@type\":\"ReadAction\",\"target\":[\"https:\/\/www.gasmet.com\/de\/produkte\/tools\/ir-spektren-peaksuche-offline\/\"]}]},{\"@type\":\"ImageObject\",\"inLanguage\":\"de\",\"@id\":\"https:\/\/www.gasmet.com\/de\/produkte\/tools\/ir-spektren-peaksuche-offline\/#primaryimage\",\"url\":\"https:\/\/www.gasmet.com\/de\/wp-content\/uploads\/sites\/6\/2024\/11\/gasmet_brand_cobaltsand.jpg\",\"contentUrl\":\"https:\/\/www.gasmet.com\/de\/wp-content\/uploads\/sites\/6\/2024\/11\/gasmet_brand_cobaltsand.jpg\",\"width\":2000,\"height\":500},{\"@type\":\"BreadcrumbList\",\"@id\":\"https:\/\/www.gasmet.com\/de\/produkte\/tools\/ir-spektren-peaksuche-offline\/#breadcrumb\",\"itemListElement\":[{\"@type\":\"ListItem\",\"position\":1,\"name\":\"Home\",\"item\":\"https:\/\/www.gasmet.com\/de\/\"},{\"@type\":\"ListItem\",\"position\":2,\"name\":\"Produkte\",\"item\":\"https:\/\/www.gasmet.com\/de\/produkte\/\"},{\"@type\":\"ListItem\",\"position\":3,\"name\":\"Tools\",\"item\":\"https:\/\/www.gasmet.com\/de\/produkte\/tools\/\"},{\"@type\":\"ListItem\",\"position\":4,\"name\":\"IR Spektren &amp; Peaksuche Offline\"}]},{\"@type\":\"WebSite\",\"@id\":\"https:\/\/www.gasmet.com\/de\/#website\",\"url\":\"https:\/\/www.gasmet.com\/de\/\",\"name\":\"Gasmet.de\",\"description\":\"Gasanalyik &amp; Gasmesstechnik von der Probenahme bis zum Messger\u00e4t\",\"potentialAction\":[{\"@type\":\"SearchAction\",\"target\":{\"@type\":\"EntryPoint\",\"urlTemplate\":\"https:\/\/www.gasmet.com\/de\/?s={search_term_string}\"},\"query-input\":{\"@type\":\"PropertyValueSpecification\",\"valueRequired\":true,\"valueName\":\"search_term_string\"}}],\"inLanguage\":\"de\"}]}<\/script>\n<!-- \/ Yoast SEO plugin. -->","yoast_head_json":{"title":"IR Spektren &amp; Peaksuche Offline - Gasmet.de","robots":{"index":"index","follow":"follow","max-snippet":"max-snippet:-1","max-image-preview":"max-image-preview:large","max-video-preview":"max-video-preview:-1"},"canonical":"https:\/\/www.gasmet.com\/de\/produkte\/tools\/ir-spektren-peaksuche-offline\/","og_locale":"de_DE","og_type":"article","og_title":"IR Spektren &amp; Peaksuche Offline - Gasmet.de","og_description":"Freeware Software: Infrarot Spektren, Peaksuche und vieles mehr Dieses Programm eignet sich f\u00fcr alle, die Gase mit Infrarotspektroskopie analysieren m\u00f6chten. Die App basiert auf Java und ist auf allen Plattformen einschlie\u00dflich Windows, Mac OS und Linux lauff\u00e4hig: IR-Spektren Ansicht mit Zoomfunktion Suche von IR-Spektren basierend auf Stoffname (in English \/ Deutsch) Summenformel CAS Nummer Peaksuche [&hellip;]","og_url":"https:\/\/www.gasmet.com\/de\/produkte\/tools\/ir-spektren-peaksuche-offline\/","og_site_name":"Gasmet.de","article_modified_time":"2024-11-14T13:49:40+00:00","og_image":[{"width":2000,"height":500,"url":"https:\/\/www.gasmet.com\/de\/wp-content\/uploads\/sites\/6\/2024\/11\/gasmet_brand_cobaltsand.jpg","type":"image\/jpeg"}],"twitter_card":"summary_large_image","twitter_misc":{"Gesch\u00e4tzte Lesezeit":"2\u00a0Minuten"},"schema":{"@context":"https:\/\/schema.org","@graph":[{"@type":"WebPage","@id":"https:\/\/www.gasmet.com\/de\/produkte\/tools\/ir-spektren-peaksuche-offline\/","url":"https:\/\/www.gasmet.com\/de\/produkte\/tools\/ir-spektren-peaksuche-offline\/","name":"IR Spektren &amp; Peaksuche Offline - Gasmet.de","isPartOf":{"@id":"https:\/\/www.gasmet.com\/de\/#website"},"primaryImageOfPage":{"@id":"https:\/\/www.gasmet.com\/de\/produkte\/tools\/ir-spektren-peaksuche-offline\/#primaryimage"},"image":{"@id":"https:\/\/www.gasmet.com\/de\/produkte\/tools\/ir-spektren-peaksuche-offline\/#primaryimage"},"thumbnailUrl":"https:\/\/www.gasmet.com\/de\/wp-content\/uploads\/sites\/6\/2024\/11\/gasmet_brand_cobaltsand.jpg","datePublished":"2019-05-20T20:12:09+00:00","dateModified":"2024-11-14T13:49:40+00:00","breadcrumb":{"@id":"https:\/\/www.gasmet.com\/de\/produkte\/tools\/ir-spektren-peaksuche-offline\/#breadcrumb"},"inLanguage":"de","potentialAction":[{"@type":"ReadAction","target":["https:\/\/www.gasmet.com\/de\/produkte\/tools\/ir-spektren-peaksuche-offline\/"]}]},{"@type":"ImageObject","inLanguage":"de","@id":"https:\/\/www.gasmet.com\/de\/produkte\/tools\/ir-spektren-peaksuche-offline\/#primaryimage","url":"https:\/\/www.gasmet.com\/de\/wp-content\/uploads\/sites\/6\/2024\/11\/gasmet_brand_cobaltsand.jpg","contentUrl":"https:\/\/www.gasmet.com\/de\/wp-content\/uploads\/sites\/6\/2024\/11\/gasmet_brand_cobaltsand.jpg","width":2000,"height":500},{"@type":"BreadcrumbList","@id":"https:\/\/www.gasmet.com\/de\/produkte\/tools\/ir-spektren-peaksuche-offline\/#breadcrumb","itemListElement":[{"@type":"ListItem","position":1,"name":"Home","item":"https:\/\/www.gasmet.com\/de\/"},{"@type":"ListItem","position":2,"name":"Produkte","item":"https:\/\/www.gasmet.com\/de\/produkte\/"},{"@type":"ListItem","position":3,"name":"Tools","item":"https:\/\/www.gasmet.com\/de\/produkte\/tools\/"},{"@type":"ListItem","position":4,"name":"IR Spektren &amp; Peaksuche Offline"}]},{"@type":"WebSite","@id":"https:\/\/www.gasmet.com\/de\/#website","url":"https:\/\/www.gasmet.com\/de\/","name":"Gasmet.de","description":"Gasanalyik &amp; Gasmesstechnik von der Probenahme bis zum Messger\u00e4t","potentialAction":[{"@type":"SearchAction","target":{"@type":"EntryPoint","urlTemplate":"https:\/\/www.gasmet.com\/de\/?s={search_term_string}"},"query-input":{"@type":"PropertyValueSpecification","valueRequired":true,"valueName":"search_term_string"}}],"inLanguage":"de"}]}},"_links":{"self":[{"href":"https:\/\/www.gasmet.com\/de\/wp-json\/wp\/v2\/pages\/7022","targetHints":{"allow":["GET"]}}],"collection":[{"href":"https:\/\/www.gasmet.com\/de\/wp-json\/wp\/v2\/pages"}],"about":[{"href":"https:\/\/www.gasmet.com\/de\/wp-json\/wp\/v2\/types\/page"}],"author":[{"embeddable":true,"href":"https:\/\/www.gasmet.com\/de\/wp-json\/wp\/v2\/users\/81"}],"replies":[{"embeddable":true,"href":"https:\/\/www.gasmet.com\/de\/wp-json\/wp\/v2\/comments?post=7022"}],"version-history":[{"count":94,"href":"https:\/\/www.gasmet.com\/de\/wp-json\/wp\/v2\/pages\/7022\/revisions"}],"predecessor-version":[{"id":12310,"href":"https:\/\/www.gasmet.com\/de\/wp-json\/wp\/v2\/pages\/7022\/revisions\/12310"}],"up":[{"embeddable":true,"href":"https:\/\/www.gasmet.com\/de\/wp-json\/wp\/v2\/pages\/55"}],"wp:featuredmedia":[{"embeddable":true,"href":"https:\/\/www.gasmet.com\/de\/wp-json\/wp\/v2\/media\/12293"}],"wp:attachment":[{"href":"https:\/\/www.gasmet.com\/de\/wp-json\/wp\/v2\/media?parent=7022"}],"wp:term":[{"taxonomy":"post_tag","embeddable":true,"href":"https:\/\/www.gasmet.com\/de\/wp-json\/wp\/v2\/tags?post=7022"}],"curies":[{"name":"wp","href":"https:\/\/api.w.org\/{rel}","templated":true}]}}