{"id":676,"date":"2020-06-16T11:34:01","date_gmt":"2020-06-16T11:34:01","guid":{"rendered":"http:\/\/www.gasmet.com\/testisivusto.gasmet.com\/de\/?page_id=676"},"modified":"2024-11-14T13:53:49","modified_gmt":"2024-11-14T13:53:49","slug":"unsere-mission","status":"publish","type":"page","link":"https:\/\/www.gasmet.com\/de\/company\/unsere-mission\/","title":{"rendered":"Unsere Mission"},"content":{"rendered":"<p>&nbsp;<\/p>\n<p>Gasmet ist ein finnisches Hochtechnologie-Unternehmen, das Gasanalysatoren und Analysensysteme f\u00fcr eine Vielzahl von <strong>Industrie-, Umwelt- und Sicherheitsanwendungen entwickelt, herstellt und vermarktet<\/strong>. Zu unseren weltweiten Kunden z\u00e4hlen unter anderem Kraftwerke, M\u00fcllverbrennungsanlagen, Ersthelfer und Universit\u00e4ten.<\/p>\n<p>Im Bereich der Gasanalyse hat sich unser Unternehmen einen weltweiten Ruf f\u00fcr innovative, kundenorientierte und zuverl\u00e4ssige L\u00f6sungen erarbeitet. Als globales Unternehmen legen wir gro\u00dfen Wert auf eine hohe technische Unterst\u00fctzung vor und nach dem Verkauf.<\/p>\n<p><b>Unsere Mission<\/b> ist es, Probleml\u00f6sungen anzubieten, die die Luftqualit\u00e4t verbessern, die Umwelt sch\u00fctzen, den Klimawandel abschw\u00e4chen und die Arbeitssicherheit f\u00f6rdern. <strong>Unsere Vision<\/strong> ist es, auf einem Planeten mit weniger sch\u00e4dlichen Emissionen zu leben. Wir glauben, dass dies erreicht werden kann, indem wir unsere L\u00f6sungen kontinuierlich weiterentwickeln und die globale Zusammenarbeit und das lokale Know-how verbessern.<\/p>\n<p>Gasmet ist eine 1990 gegr\u00fcndete Technologiegruppe aus Helsinki, bestehend aus der Muttergesellschaft und vier Tochtergesellschaften im Ausland. Insgesamt haben wir ca. 90 Mitarbeiter und im Jahr 2017 betrug der Umsatz der Gruppe 19 M \u20ac. Gasmet ist in mehr als 70 L\u00e4ndern auf allen Kontinenten vertreten.<\/p>\n<h2>Warum Gasmet?<\/h2>\n<p><b>Vorreiter<\/b><br \/>\nWir haben fast 30 Jahre FTIR Erfahrung und einige bahnbrechende Innovationen eingef\u00fchrt, denn bei Gasmet steht die Entwicklung im Vordergrund. Unsere Expertenteams sorgen f\u00fcr kontinuierliche Verbesserungen unserer Produkte, um die Erwartungen unserer Kunden zu erf\u00fcllen.<br \/>\n<b>Zukunftsorientierung<\/b><br \/>\nDie Zukunft geh\u00f6rt uns allen und wir sind der Meinung, dass jeder das Recht auf saubere Luft hat. Daher entwickeln wir zukunftssichere L\u00f6sungen und unterst\u00fctzen globale Ma\u00dfnahmen zur Eind\u00e4mmung des Klimawandels. Unsere Vision ist es, auf einem gr\u00fcnen Planeten mit weniger Emissionen zu leben.<br \/>\n<b>Weltweite Pr\u00e4senz<\/b><br \/>\nLokale Unterst\u00fctzung weltweit ist uns wichtig. Mit unserem Service- und Support-Netzwerk in mehr als 70 L\u00e4ndern gew\u00e4hrleisten wir lokalen, qualitativ hochwertigen technischen Support f\u00fcr unsere Kunden und sichern die kontinuierliche Verf\u00fcgbarkeit von Ersatzteilen f\u00fcr unsere Systeme w\u00e4hrend ihrer gesamten Lebensdauer.<\/p>\n","protected":false},"excerpt":{"rendered":"<p>&nbsp; Gasmet ist ein finnisches Hochtechnologie-Unternehmen, das Gasanalysatoren und Analysensysteme f\u00fcr eine Vielzahl von Industrie-, Umwelt- und Sicherheitsanwendungen entwickelt, herstellt und vermarktet. Zu unseren weltweiten Kunden z\u00e4hlen unter anderem Kraftwerke, M\u00fcllverbrennungsanlagen, Ersthelfer und Universit\u00e4ten. Im Bereich der Gasanalyse hat sich unser Unternehmen einen weltweiten Ruf f\u00fcr innovative, kundenorientierte und zuverl\u00e4ssige L\u00f6sungen erarbeitet. Als globales Unternehmen [&hellip;]<\/p>\n","protected":false},"author":1,"featured_media":12293,"parent":1239,"menu_order":95,"comment_status":"closed","ping_status":"closed","template":"","meta":{"_acf_changed":false,"inline_featured_image":false,"footnotes":""},"tags":[],"class_list":["post-676","page","type-page","status-publish","has-post-thumbnail","hentry"],"acf":[],"yoast_head":"<!-- This site is optimized with the Yoast SEO plugin v27.2 - https:\/\/yoast.com\/product\/yoast-seo-wordpress\/ -->\n<title>Unsere Mission - Gasmet.de<\/title>\n<meta name=\"description\" content=\"Unsere Mission ist es, Probleml\u00f6sungen anzubieten, die die Luftqualit\u00e4t verbessern, die Umwelt sch\u00fctzen, den Klimawandel abschw\u00e4chen und die Arbeitssicherheit f\u00f6rdern.\" \/>\n<meta name=\"robots\" content=\"index, follow, max-snippet:-1, max-image-preview:large, max-video-preview:-1\" \/>\n<link rel=\"canonical\" href=\"https:\/\/www.gasmet.com\/de\/company\/unsere-mission\/\" \/>\n<meta property=\"og:locale\" content=\"de_DE\" \/>\n<meta property=\"og:type\" content=\"article\" \/>\n<meta property=\"og:title\" content=\"Unsere Mission - Gasmet.de\" \/>\n<meta property=\"og:description\" content=\"Unsere Mission ist es, Probleml\u00f6sungen anzubieten, die die Luftqualit\u00e4t verbessern, die Umwelt sch\u00fctzen, den Klimawandel abschw\u00e4chen und die Arbeitssicherheit f\u00f6rdern.\" \/>\n<meta property=\"og:url\" content=\"https:\/\/www.gasmet.com\/de\/company\/unsere-mission\/\" \/>\n<meta property=\"og:site_name\" content=\"Gasmet.de\" \/>\n<meta property=\"article:modified_time\" content=\"2024-11-14T13:53:49+00:00\" \/>\n<meta property=\"og:image\" content=\"https:\/\/www.gasmet.com\/de\/wp-content\/uploads\/sites\/6\/2024\/11\/gasmet_brand_cobaltsand.jpg\" \/>\n\t<meta property=\"og:image:width\" content=\"2000\" \/>\n\t<meta property=\"og:image:height\" content=\"500\" \/>\n\t<meta property=\"og:image:type\" content=\"image\/jpeg\" \/>\n<meta name=\"twitter:card\" content=\"summary_large_image\" \/>\n<meta name=\"twitter:label1\" content=\"Gesch\u00e4tzte Lesezeit\" \/>\n\t<meta name=\"twitter:data1\" content=\"2\u00a0Minuten\" \/>\n<script type=\"application\/ld+json\" class=\"yoast-schema-graph\">{\"@context\":\"https:\/\/schema.org\",\"@graph\":[{\"@type\":\"WebPage\",\"@id\":\"https:\/\/www.gasmet.com\/de\/company\/unsere-mission\/\",\"url\":\"https:\/\/www.gasmet.com\/de\/company\/unsere-mission\/\",\"name\":\"Unsere Mission - Gasmet.de\",\"isPartOf\":{\"@id\":\"https:\/\/www.gasmet.com\/de\/#website\"},\"primaryImageOfPage\":{\"@id\":\"https:\/\/www.gasmet.com\/de\/company\/unsere-mission\/#primaryimage\"},\"image\":{\"@id\":\"https:\/\/www.gasmet.com\/de\/company\/unsere-mission\/#primaryimage\"},\"thumbnailUrl\":\"https:\/\/www.gasmet.com\/de\/wp-content\/uploads\/sites\/6\/2024\/11\/gasmet_brand_cobaltsand.jpg\",\"datePublished\":\"2020-06-16T11:34:01+00:00\",\"dateModified\":\"2024-11-14T13:53:49+00:00\",\"description\":\"Unsere Mission ist es, Probleml\u00f6sungen anzubieten, die die Luftqualit\u00e4t verbessern, die Umwelt sch\u00fctzen, den Klimawandel abschw\u00e4chen und die Arbeitssicherheit f\u00f6rdern.\",\"breadcrumb\":{\"@id\":\"https:\/\/www.gasmet.com\/de\/company\/unsere-mission\/#breadcrumb\"},\"inLanguage\":\"de\",\"potentialAction\":[{\"@type\":\"ReadAction\",\"target\":[\"https:\/\/www.gasmet.com\/de\/company\/unsere-mission\/\"]}]},{\"@type\":\"ImageObject\",\"inLanguage\":\"de\",\"@id\":\"https:\/\/www.gasmet.com\/de\/company\/unsere-mission\/#primaryimage\",\"url\":\"https:\/\/www.gasmet.com\/de\/wp-content\/uploads\/sites\/6\/2024\/11\/gasmet_brand_cobaltsand.jpg\",\"contentUrl\":\"https:\/\/www.gasmet.com\/de\/wp-content\/uploads\/sites\/6\/2024\/11\/gasmet_brand_cobaltsand.jpg\",\"width\":2000,\"height\":500},{\"@type\":\"BreadcrumbList\",\"@id\":\"https:\/\/www.gasmet.com\/de\/company\/unsere-mission\/#breadcrumb\",\"itemListElement\":[{\"@type\":\"ListItem\",\"position\":1,\"name\":\"Home\",\"item\":\"https:\/\/www.gasmet.com\/de\/\"},{\"@type\":\"ListItem\",\"position\":2,\"name\":\"Unternehmen\",\"item\":\"https:\/\/www.gasmet.com\/de\/company\/\"},{\"@type\":\"ListItem\",\"position\":3,\"name\":\"Unsere Mission\"}]},{\"@type\":\"WebSite\",\"@id\":\"https:\/\/www.gasmet.com\/de\/#website\",\"url\":\"https:\/\/www.gasmet.com\/de\/\",\"name\":\"Gasmet.de\",\"description\":\"Gasanalyik &amp; Gasmesstechnik von der Probenahme bis zum Messger\u00e4t\",\"potentialAction\":[{\"@type\":\"SearchAction\",\"target\":{\"@type\":\"EntryPoint\",\"urlTemplate\":\"https:\/\/www.gasmet.com\/de\/?s={search_term_string}\"},\"query-input\":{\"@type\":\"PropertyValueSpecification\",\"valueRequired\":true,\"valueName\":\"search_term_string\"}}],\"inLanguage\":\"de\"}]}<\/script>\n<!-- \/ Yoast SEO plugin. -->","yoast_head_json":{"title":"Unsere Mission - Gasmet.de","description":"Unsere Mission ist es, Probleml\u00f6sungen anzubieten, die die Luftqualit\u00e4t verbessern, die Umwelt sch\u00fctzen, den Klimawandel abschw\u00e4chen und die Arbeitssicherheit f\u00f6rdern.","robots":{"index":"index","follow":"follow","max-snippet":"max-snippet:-1","max-image-preview":"max-image-preview:large","max-video-preview":"max-video-preview:-1"},"canonical":"https:\/\/www.gasmet.com\/de\/company\/unsere-mission\/","og_locale":"de_DE","og_type":"article","og_title":"Unsere Mission - Gasmet.de","og_description":"Unsere Mission ist es, Probleml\u00f6sungen anzubieten, die die Luftqualit\u00e4t verbessern, die Umwelt sch\u00fctzen, den Klimawandel abschw\u00e4chen und die Arbeitssicherheit f\u00f6rdern.","og_url":"https:\/\/www.gasmet.com\/de\/company\/unsere-mission\/","og_site_name":"Gasmet.de","article_modified_time":"2024-11-14T13:53:49+00:00","og_image":[{"width":2000,"height":500,"url":"https:\/\/www.gasmet.com\/de\/wp-content\/uploads\/sites\/6\/2024\/11\/gasmet_brand_cobaltsand.jpg","type":"image\/jpeg"}],"twitter_card":"summary_large_image","twitter_misc":{"Gesch\u00e4tzte Lesezeit":"2\u00a0Minuten"},"schema":{"@context":"https:\/\/schema.org","@graph":[{"@type":"WebPage","@id":"https:\/\/www.gasmet.com\/de\/company\/unsere-mission\/","url":"https:\/\/www.gasmet.com\/de\/company\/unsere-mission\/","name":"Unsere Mission - Gasmet.de","isPartOf":{"@id":"https:\/\/www.gasmet.com\/de\/#website"},"primaryImageOfPage":{"@id":"https:\/\/www.gasmet.com\/de\/company\/unsere-mission\/#primaryimage"},"image":{"@id":"https:\/\/www.gasmet.com\/de\/company\/unsere-mission\/#primaryimage"},"thumbnailUrl":"https:\/\/www.gasmet.com\/de\/wp-content\/uploads\/sites\/6\/2024\/11\/gasmet_brand_cobaltsand.jpg","datePublished":"2020-06-16T11:34:01+00:00","dateModified":"2024-11-14T13:53:49+00:00","description":"Unsere Mission ist es, Probleml\u00f6sungen anzubieten, die die Luftqualit\u00e4t verbessern, die Umwelt sch\u00fctzen, den Klimawandel abschw\u00e4chen und die Arbeitssicherheit f\u00f6rdern.","breadcrumb":{"@id":"https:\/\/www.gasmet.com\/de\/company\/unsere-mission\/#breadcrumb"},"inLanguage":"de","potentialAction":[{"@type":"ReadAction","target":["https:\/\/www.gasmet.com\/de\/company\/unsere-mission\/"]}]},{"@type":"ImageObject","inLanguage":"de","@id":"https:\/\/www.gasmet.com\/de\/company\/unsere-mission\/#primaryimage","url":"https:\/\/www.gasmet.com\/de\/wp-content\/uploads\/sites\/6\/2024\/11\/gasmet_brand_cobaltsand.jpg","contentUrl":"https:\/\/www.gasmet.com\/de\/wp-content\/uploads\/sites\/6\/2024\/11\/gasmet_brand_cobaltsand.jpg","width":2000,"height":500},{"@type":"BreadcrumbList","@id":"https:\/\/www.gasmet.com\/de\/company\/unsere-mission\/#breadcrumb","itemListElement":[{"@type":"ListItem","position":1,"name":"Home","item":"https:\/\/www.gasmet.com\/de\/"},{"@type":"ListItem","position":2,"name":"Unternehmen","item":"https:\/\/www.gasmet.com\/de\/company\/"},{"@type":"ListItem","position":3,"name":"Unsere Mission"}]},{"@type":"WebSite","@id":"https:\/\/www.gasmet.com\/de\/#website","url":"https:\/\/www.gasmet.com\/de\/","name":"Gasmet.de","description":"Gasanalyik &amp; Gasmesstechnik von der Probenahme bis zum Messger\u00e4t","potentialAction":[{"@type":"SearchAction","target":{"@type":"EntryPoint","urlTemplate":"https:\/\/www.gasmet.com\/de\/?s={search_term_string}"},"query-input":{"@type":"PropertyValueSpecification","valueRequired":true,"valueName":"search_term_string"}}],"inLanguage":"de"}]}},"_links":{"self":[{"href":"https:\/\/www.gasmet.com\/de\/wp-json\/wp\/v2\/pages\/676","targetHints":{"allow":["GET"]}}],"collection":[{"href":"https:\/\/www.gasmet.com\/de\/wp-json\/wp\/v2\/pages"}],"about":[{"href":"https:\/\/www.gasmet.com\/de\/wp-json\/wp\/v2\/types\/page"}],"author":[{"embeddable":true,"href":"https:\/\/www.gasmet.com\/de\/wp-json\/wp\/v2\/users\/1"}],"replies":[{"embeddable":true,"href":"https:\/\/www.gasmet.com\/de\/wp-json\/wp\/v2\/comments?post=676"}],"version-history":[{"count":49,"href":"https:\/\/www.gasmet.com\/de\/wp-json\/wp\/v2\/pages\/676\/revisions"}],"predecessor-version":[{"id":12314,"href":"https:\/\/www.gasmet.com\/de\/wp-json\/wp\/v2\/pages\/676\/revisions\/12314"}],"up":[{"embeddable":true,"href":"https:\/\/www.gasmet.com\/de\/wp-json\/wp\/v2\/pages\/1239"}],"wp:featuredmedia":[{"embeddable":true,"href":"https:\/\/www.gasmet.com\/de\/wp-json\/wp\/v2\/media\/12293"}],"wp:attachment":[{"href":"https:\/\/www.gasmet.com\/de\/wp-json\/wp\/v2\/media?parent=676"}],"wp:term":[{"taxonomy":"post_tag","embeddable":true,"href":"https:\/\/www.gasmet.com\/de\/wp-json\/wp\/v2\/tags?post=676"}],"curies":[{"name":"wp","href":"https:\/\/api.w.org\/{rel}","templated":true}]}}