{"id":55,"date":"2020-08-18T14:48:54","date_gmt":"2020-08-18T14:48:54","guid":{"rendered":"http:\/\/www.gasmet.com\/testisivusto.gasmet.com\/de\/?page_id=55"},"modified":"2021-01-29T06:51:09","modified_gmt":"2021-01-29T06:51:09","slug":"tools","status":"publish","type":"page","link":"https:\/\/www.gasmet.com\/de\/produkte\/tools\/","title":{"rendered":"Tools"},"content":{"rendered":"<p class=\"tw-data-text tw-ta tw-text-small\" data-placeholder=\"\u00dcbersetzung\"><span lang=\"de\">Gasmet bietet auf dieser Web-Site auch eine\u00a0 <a href=\"https:\/\/www.gasmet.com\/de\/products\/tools\/spectrum-library\/\">Infrarot-Spektrenbibliothek<\/a> mit \u00fcber 350 Gaskomponenten an, mit Infrarot-Spektren in Bereichen zwischen 780 und 4200 Wellenzahlen und einer Aufl\u00f6sung von 8 Wellenzahlen.<br \/>\nNeben Spektraldaten liefert jede Seite auch weitere Stoffdaten wie die chemische Formel, die CAS-Nummer, das Gewicht, den Schmelzpunkt, den Siedepunkt und die Dichte. Die Suche in der\u00a0 Online <a href=\"https:\/\/www.gasmet.com\/de\/products\/tools\/spectrum-library\/\">Infrarot- Spektrenbibliothek<\/a> basiert auf der englisch-sprachigen\u00a0 Bezeichnung der Chemikalien.<\/span><\/p>\n<p class=\"tw-data-text tw-ta tw-text-small\" data-placeholder=\"\u00dcbersetzung\">Unser kostenloses <a href=\"https:\/\/www.gasmet.com\/de\/products\/tools\/ir-spektren-peaksuche-offline\/\">Offline Toolkit<\/a> bietet erweiterte Suchm\u00f6glichkeiten &#8211; auf Deutsch und Englisch. Nach \u00d6ffnen der App\u00a0 ist auch die Suche \u00fcber die CAS Nummer, die chemische Formel oder den Name (auch Trivialnamen) auf Deutsch oder Englisch m\u00f6glich. Daneben enth\u00e4lt die App auch eine Funktion zur Peaksuche, um umbekannte Komponenten zu identifizieren. Die Spektren lassen sich frei zoomen.<\/p>\n<p id=\"tw-target-text\" class=\"tw-data-text tw-ta tw-text-small\" data-placeholder=\"\u00dcbersetzung\"><span lang=\"de\">F\u00fcr mobile Endger\u00e4te stellen wir auch eine <a href=\"https:\/\/www.gasmet.com\/de\/products\/tools\/smartphone-app\/\">Smartphone-App<\/a> f\u00fcr Android und iOS (einschlie\u00dflich der Spektren-Bibliothek) zum kostenlosen Download bereit! <\/span><\/p>\n<pre id=\"tw-target-text\" class=\"tw-data-text tw-ta tw-text-small\" data-placeholder=\"\u00dcbersetzung\" data-fulltext=\"\"><span lang=\"de\">\u00a0<\/span><\/pre>\n<p>&nbsp;<\/p>\n<p>&nbsp;<\/p>\n<p>&nbsp;<\/p>\n","protected":false},"excerpt":{"rendered":"<p>Gasmet bietet auf dieser Web-Site auch eine\u00a0 Infrarot-Spektrenbibliothek mit \u00fcber 350 Gaskomponenten an, mit Infrarot-Spektren in Bereichen zwischen 780 und 4200 Wellenzahlen und einer Aufl\u00f6sung von 8 Wellenzahlen. Neben Spektraldaten liefert jede Seite auch weitere Stoffdaten wie die chemische Formel, die CAS-Nummer, das Gewicht, den Schmelzpunkt, den Siedepunkt und die Dichte. Die Suche in der\u00a0 [&hellip;]<\/p>\n","protected":false},"author":1,"featured_media":9800,"parent":1234,"menu_order":94,"comment_status":"closed","ping_status":"closed","template":"","meta":{"_acf_changed":false,"inline_featured_image":false,"footnotes":""},"tags":[],"class_list":["post-55","page","type-page","status-publish","has-post-thumbnail","hentry"],"acf":[],"yoast_head":"<!-- This site is optimized with the Yoast SEO plugin v27.2 - https:\/\/yoast.com\/product\/yoast-seo-wordpress\/ -->\n<title>Tools - Gasmet.de<\/title>\n<meta name=\"robots\" content=\"index, follow, max-snippet:-1, max-image-preview:large, max-video-preview:-1\" \/>\n<link rel=\"canonical\" href=\"https:\/\/www.gasmet.com\/de\/produkte\/tools\/\" \/>\n<meta property=\"og:locale\" content=\"de_DE\" \/>\n<meta property=\"og:type\" content=\"article\" \/>\n<meta property=\"og:title\" content=\"Tools - Gasmet.de\" \/>\n<meta property=\"og:description\" content=\"Gasmet bietet auf dieser Web-Site auch eine\u00a0 Infrarot-Spektrenbibliothek mit \u00fcber 350 Gaskomponenten an, mit Infrarot-Spektren in Bereichen zwischen 780 und 4200 Wellenzahlen und einer Aufl\u00f6sung von 8 Wellenzahlen. Neben Spektraldaten liefert jede Seite auch weitere Stoffdaten wie die chemische Formel, die CAS-Nummer, das Gewicht, den Schmelzpunkt, den Siedepunkt und die Dichte. Die Suche in der\u00a0 [&hellip;]\" \/>\n<meta property=\"og:url\" content=\"https:\/\/www.gasmet.com\/de\/produkte\/tools\/\" \/>\n<meta property=\"og:site_name\" content=\"Gasmet.de\" \/>\n<meta property=\"article:modified_time\" content=\"2021-01-29T06:51:09+00:00\" \/>\n<meta property=\"og:image\" content=\"https:\/\/www.gasmet.com\/de\/wp-content\/uploads\/sites\/6\/2021\/01\/tools.jpg\" \/>\n\t<meta property=\"og:image:width\" content=\"2000\" \/>\n\t<meta property=\"og:image:height\" content=\"502\" \/>\n\t<meta property=\"og:image:type\" content=\"image\/jpeg\" \/>\n<meta name=\"twitter:card\" content=\"summary_large_image\" \/>\n<meta name=\"twitter:label1\" content=\"Gesch\u00e4tzte Lesezeit\" \/>\n\t<meta name=\"twitter:data1\" content=\"1\u00a0Minute\" \/>\n<script type=\"application\/ld+json\" class=\"yoast-schema-graph\">{\"@context\":\"https:\/\/schema.org\",\"@graph\":[{\"@type\":\"WebPage\",\"@id\":\"https:\/\/www.gasmet.com\/de\/produkte\/tools\/\",\"url\":\"https:\/\/www.gasmet.com\/de\/produkte\/tools\/\",\"name\":\"Tools - Gasmet.de\",\"isPartOf\":{\"@id\":\"https:\/\/www.gasmet.com\/de\/#website\"},\"primaryImageOfPage\":{\"@id\":\"https:\/\/www.gasmet.com\/de\/produkte\/tools\/#primaryimage\"},\"image\":{\"@id\":\"https:\/\/www.gasmet.com\/de\/produkte\/tools\/#primaryimage\"},\"thumbnailUrl\":\"https:\/\/www.gasmet.com\/de\/wp-content\/uploads\/sites\/6\/2021\/01\/tools.jpg\",\"datePublished\":\"2020-08-18T14:48:54+00:00\",\"dateModified\":\"2021-01-29T06:51:09+00:00\",\"breadcrumb\":{\"@id\":\"https:\/\/www.gasmet.com\/de\/produkte\/tools\/#breadcrumb\"},\"inLanguage\":\"de\",\"potentialAction\":[{\"@type\":\"ReadAction\",\"target\":[\"https:\/\/www.gasmet.com\/de\/produkte\/tools\/\"]}]},{\"@type\":\"ImageObject\",\"inLanguage\":\"de\",\"@id\":\"https:\/\/www.gasmet.com\/de\/produkte\/tools\/#primaryimage\",\"url\":\"https:\/\/www.gasmet.com\/de\/wp-content\/uploads\/sites\/6\/2021\/01\/tools.jpg\",\"contentUrl\":\"https:\/\/www.gasmet.com\/de\/wp-content\/uploads\/sites\/6\/2021\/01\/tools.jpg\",\"width\":2000,\"height\":502},{\"@type\":\"BreadcrumbList\",\"@id\":\"https:\/\/www.gasmet.com\/de\/produkte\/tools\/#breadcrumb\",\"itemListElement\":[{\"@type\":\"ListItem\",\"position\":1,\"name\":\"Home\",\"item\":\"https:\/\/www.gasmet.com\/de\/\"},{\"@type\":\"ListItem\",\"position\":2,\"name\":\"Produkte\",\"item\":\"https:\/\/www.gasmet.com\/de\/produkte\/\"},{\"@type\":\"ListItem\",\"position\":3,\"name\":\"Tools\"}]},{\"@type\":\"WebSite\",\"@id\":\"https:\/\/www.gasmet.com\/de\/#website\",\"url\":\"https:\/\/www.gasmet.com\/de\/\",\"name\":\"Gasmet.de\",\"description\":\"Gasanalyik &amp; Gasmesstechnik von der Probenahme bis zum Messger\u00e4t\",\"potentialAction\":[{\"@type\":\"SearchAction\",\"target\":{\"@type\":\"EntryPoint\",\"urlTemplate\":\"https:\/\/www.gasmet.com\/de\/?s={search_term_string}\"},\"query-input\":{\"@type\":\"PropertyValueSpecification\",\"valueRequired\":true,\"valueName\":\"search_term_string\"}}],\"inLanguage\":\"de\"}]}<\/script>\n<!-- \/ Yoast SEO plugin. -->","yoast_head_json":{"title":"Tools - Gasmet.de","robots":{"index":"index","follow":"follow","max-snippet":"max-snippet:-1","max-image-preview":"max-image-preview:large","max-video-preview":"max-video-preview:-1"},"canonical":"https:\/\/www.gasmet.com\/de\/produkte\/tools\/","og_locale":"de_DE","og_type":"article","og_title":"Tools - Gasmet.de","og_description":"Gasmet bietet auf dieser Web-Site auch eine\u00a0 Infrarot-Spektrenbibliothek mit \u00fcber 350 Gaskomponenten an, mit Infrarot-Spektren in Bereichen zwischen 780 und 4200 Wellenzahlen und einer Aufl\u00f6sung von 8 Wellenzahlen. Neben Spektraldaten liefert jede Seite auch weitere Stoffdaten wie die chemische Formel, die CAS-Nummer, das Gewicht, den Schmelzpunkt, den Siedepunkt und die Dichte. Die Suche in der\u00a0 [&hellip;]","og_url":"https:\/\/www.gasmet.com\/de\/produkte\/tools\/","og_site_name":"Gasmet.de","article_modified_time":"2021-01-29T06:51:09+00:00","og_image":[{"width":2000,"height":502,"url":"https:\/\/www.gasmet.com\/de\/wp-content\/uploads\/sites\/6\/2021\/01\/tools.jpg","type":"image\/jpeg"}],"twitter_card":"summary_large_image","twitter_misc":{"Gesch\u00e4tzte Lesezeit":"1\u00a0Minute"},"schema":{"@context":"https:\/\/schema.org","@graph":[{"@type":"WebPage","@id":"https:\/\/www.gasmet.com\/de\/produkte\/tools\/","url":"https:\/\/www.gasmet.com\/de\/produkte\/tools\/","name":"Tools - Gasmet.de","isPartOf":{"@id":"https:\/\/www.gasmet.com\/de\/#website"},"primaryImageOfPage":{"@id":"https:\/\/www.gasmet.com\/de\/produkte\/tools\/#primaryimage"},"image":{"@id":"https:\/\/www.gasmet.com\/de\/produkte\/tools\/#primaryimage"},"thumbnailUrl":"https:\/\/www.gasmet.com\/de\/wp-content\/uploads\/sites\/6\/2021\/01\/tools.jpg","datePublished":"2020-08-18T14:48:54+00:00","dateModified":"2021-01-29T06:51:09+00:00","breadcrumb":{"@id":"https:\/\/www.gasmet.com\/de\/produkte\/tools\/#breadcrumb"},"inLanguage":"de","potentialAction":[{"@type":"ReadAction","target":["https:\/\/www.gasmet.com\/de\/produkte\/tools\/"]}]},{"@type":"ImageObject","inLanguage":"de","@id":"https:\/\/www.gasmet.com\/de\/produkte\/tools\/#primaryimage","url":"https:\/\/www.gasmet.com\/de\/wp-content\/uploads\/sites\/6\/2021\/01\/tools.jpg","contentUrl":"https:\/\/www.gasmet.com\/de\/wp-content\/uploads\/sites\/6\/2021\/01\/tools.jpg","width":2000,"height":502},{"@type":"BreadcrumbList","@id":"https:\/\/www.gasmet.com\/de\/produkte\/tools\/#breadcrumb","itemListElement":[{"@type":"ListItem","position":1,"name":"Home","item":"https:\/\/www.gasmet.com\/de\/"},{"@type":"ListItem","position":2,"name":"Produkte","item":"https:\/\/www.gasmet.com\/de\/produkte\/"},{"@type":"ListItem","position":3,"name":"Tools"}]},{"@type":"WebSite","@id":"https:\/\/www.gasmet.com\/de\/#website","url":"https:\/\/www.gasmet.com\/de\/","name":"Gasmet.de","description":"Gasanalyik &amp; Gasmesstechnik von der Probenahme bis zum Messger\u00e4t","potentialAction":[{"@type":"SearchAction","target":{"@type":"EntryPoint","urlTemplate":"https:\/\/www.gasmet.com\/de\/?s={search_term_string}"},"query-input":{"@type":"PropertyValueSpecification","valueRequired":true,"valueName":"search_term_string"}}],"inLanguage":"de"}]}},"_links":{"self":[{"href":"https:\/\/www.gasmet.com\/de\/wp-json\/wp\/v2\/pages\/55","targetHints":{"allow":["GET"]}}],"collection":[{"href":"https:\/\/www.gasmet.com\/de\/wp-json\/wp\/v2\/pages"}],"about":[{"href":"https:\/\/www.gasmet.com\/de\/wp-json\/wp\/v2\/types\/page"}],"author":[{"embeddable":true,"href":"https:\/\/www.gasmet.com\/de\/wp-json\/wp\/v2\/users\/1"}],"replies":[{"embeddable":true,"href":"https:\/\/www.gasmet.com\/de\/wp-json\/wp\/v2\/comments?post=55"}],"version-history":[{"count":53,"href":"https:\/\/www.gasmet.com\/de\/wp-json\/wp\/v2\/pages\/55\/revisions"}],"predecessor-version":[{"id":9809,"href":"https:\/\/www.gasmet.com\/de\/wp-json\/wp\/v2\/pages\/55\/revisions\/9809"}],"up":[{"embeddable":true,"href":"https:\/\/www.gasmet.com\/de\/wp-json\/wp\/v2\/pages\/1234"}],"wp:featuredmedia":[{"embeddable":true,"href":"https:\/\/www.gasmet.com\/de\/wp-json\/wp\/v2\/media\/9800"}],"wp:attachment":[{"href":"https:\/\/www.gasmet.com\/de\/wp-json\/wp\/v2\/media?parent=55"}],"wp:term":[{"taxonomy":"post_tag","embeddable":true,"href":"https:\/\/www.gasmet.com\/de\/wp-json\/wp\/v2\/tags?post=55"}],"curies":[{"name":"wp","href":"https:\/\/api.w.org\/{rel}","templated":true}]}}