{"id":4833,"date":"2018-11-14T13:28:13","date_gmt":"2018-11-14T13:28:13","guid":{"rendered":"https:\/\/www.gasmet.com\/de\/?page_id=4833"},"modified":"2024-11-14T13:46:26","modified_gmt":"2024-11-14T13:46:26","slug":"service","status":"publish","type":"page","link":"https:\/\/www.gasmet.com\/de\/produkte\/service\/","title":{"rendered":"Service"},"content":{"rendered":"<h2>Pers\u00f6nlicher, flexibler Wartungsservice, um Ihre Anlagen am Laufen zu halten<\/h2>\n<p>Ihre Emissionsmessger\u00e4te m\u00fcssen reibungslos und ohne Stillstand laufen. Deshalb legen wir besonderen Wert darauf, Sie zu unterst\u00fctzen \u2013 und zwar noch bevor Probleme auftreten. Wir verstehen, wie wichtig es ist, Ihre Ger\u00e4te in einem Topzustand zu halten, weshalb wir unseren Kunden umfassende Wartungsdienstleistungen anbieten. Mit einer Vielzahl von Wartungspaketen und -vertr\u00e4gen k\u00f6nnen wir auf die unterschiedlichen Bed\u00fcrfnisse und Anforderungen unserer Kunden aus verschiedensten Branchen eingehen.<\/p>\n<p>Die Kontaktinformationen Ihres lokalen Supports finden Sie im Dropdown-Men\u00fc unten.<\/p>\n","protected":false},"excerpt":{"rendered":"<p>Pers\u00f6nlicher, flexibler Wartungsservice, um Ihre Anlagen am Laufen zu halten Ihre Emissionsmessger\u00e4te m\u00fcssen reibungslos und ohne Stillstand laufen. Deshalb legen wir besonderen Wert darauf, Sie zu unterst\u00fctzen \u2013 und zwar noch bevor Probleme auftreten. Wir verstehen, wie wichtig es ist, Ihre Ger\u00e4te in einem Topzustand zu halten, weshalb wir unseren Kunden umfassende Wartungsdienstleistungen anbieten. Mit [&hellip;]<\/p>\n","protected":false},"author":81,"featured_media":12308,"parent":1234,"menu_order":88,"comment_status":"closed","ping_status":"closed","template":"","meta":{"_acf_changed":false,"inline_featured_image":false,"footnotes":""},"tags":[],"class_list":["post-4833","page","type-page","status-publish","has-post-thumbnail","hentry"],"acf":[],"yoast_head":"<!-- This site is optimized with the Yoast SEO plugin v27.2 - https:\/\/yoast.com\/product\/yoast-seo-wordpress\/ -->\n<title>Service - Gasmet.de<\/title>\n<meta name=\"robots\" content=\"index, follow, max-snippet:-1, max-image-preview:large, max-video-preview:-1\" \/>\n<link rel=\"canonical\" href=\"https:\/\/www.gasmet.com\/de\/produkte\/service\/\" \/>\n<meta property=\"og:locale\" content=\"de_DE\" \/>\n<meta property=\"og:type\" content=\"article\" \/>\n<meta property=\"og:title\" content=\"Service - Gasmet.de\" \/>\n<meta property=\"og:description\" content=\"Pers\u00f6nlicher, flexibler Wartungsservice, um Ihre Anlagen am Laufen zu halten Ihre Emissionsmessger\u00e4te m\u00fcssen reibungslos und ohne Stillstand laufen. Deshalb legen wir besonderen Wert darauf, Sie zu unterst\u00fctzen \u2013 und zwar noch bevor Probleme auftreten. Wir verstehen, wie wichtig es ist, Ihre Ger\u00e4te in einem Topzustand zu halten, weshalb wir unseren Kunden umfassende Wartungsdienstleistungen anbieten. Mit [&hellip;]\" \/>\n<meta property=\"og:url\" content=\"https:\/\/www.gasmet.com\/de\/produkte\/service\/\" \/>\n<meta property=\"og:site_name\" content=\"Gasmet.de\" \/>\n<meta property=\"article:modified_time\" content=\"2024-11-14T13:46:26+00:00\" \/>\n<meta property=\"og:image\" content=\"https:\/\/www.gasmet.com\/de\/wp-content\/uploads\/sites\/6\/2024\/11\/service_hero.jpg\" \/>\n\t<meta property=\"og:image:width\" content=\"2000\" \/>\n\t<meta property=\"og:image:height\" content=\"500\" \/>\n\t<meta property=\"og:image:type\" content=\"image\/jpeg\" \/>\n<meta name=\"twitter:card\" content=\"summary_large_image\" \/>\n<meta name=\"twitter:label1\" content=\"Gesch\u00e4tzte Lesezeit\" \/>\n\t<meta name=\"twitter:data1\" content=\"1\u00a0Minute\" \/>\n<script type=\"application\/ld+json\" class=\"yoast-schema-graph\">{\"@context\":\"https:\/\/schema.org\",\"@graph\":[{\"@type\":\"WebPage\",\"@id\":\"https:\/\/www.gasmet.com\/de\/produkte\/service\/\",\"url\":\"https:\/\/www.gasmet.com\/de\/produkte\/service\/\",\"name\":\"Service - Gasmet.de\",\"isPartOf\":{\"@id\":\"https:\/\/www.gasmet.com\/de\/#website\"},\"primaryImageOfPage\":{\"@id\":\"https:\/\/www.gasmet.com\/de\/produkte\/service\/#primaryimage\"},\"image\":{\"@id\":\"https:\/\/www.gasmet.com\/de\/produkte\/service\/#primaryimage\"},\"thumbnailUrl\":\"https:\/\/www.gasmet.com\/de\/wp-content\/uploads\/sites\/6\/2024\/11\/service_hero.jpg\",\"datePublished\":\"2018-11-14T13:28:13+00:00\",\"dateModified\":\"2024-11-14T13:46:26+00:00\",\"breadcrumb\":{\"@id\":\"https:\/\/www.gasmet.com\/de\/produkte\/service\/#breadcrumb\"},\"inLanguage\":\"de\",\"potentialAction\":[{\"@type\":\"ReadAction\",\"target\":[\"https:\/\/www.gasmet.com\/de\/produkte\/service\/\"]}]},{\"@type\":\"ImageObject\",\"inLanguage\":\"de\",\"@id\":\"https:\/\/www.gasmet.com\/de\/produkte\/service\/#primaryimage\",\"url\":\"https:\/\/www.gasmet.com\/de\/wp-content\/uploads\/sites\/6\/2024\/11\/service_hero.jpg\",\"contentUrl\":\"https:\/\/www.gasmet.com\/de\/wp-content\/uploads\/sites\/6\/2024\/11\/service_hero.jpg\",\"width\":2000,\"height\":500},{\"@type\":\"BreadcrumbList\",\"@id\":\"https:\/\/www.gasmet.com\/de\/produkte\/service\/#breadcrumb\",\"itemListElement\":[{\"@type\":\"ListItem\",\"position\":1,\"name\":\"Home\",\"item\":\"https:\/\/www.gasmet.com\/de\/\"},{\"@type\":\"ListItem\",\"position\":2,\"name\":\"Produkte\",\"item\":\"https:\/\/www.gasmet.com\/de\/produkte\/\"},{\"@type\":\"ListItem\",\"position\":3,\"name\":\"Service\"}]},{\"@type\":\"WebSite\",\"@id\":\"https:\/\/www.gasmet.com\/de\/#website\",\"url\":\"https:\/\/www.gasmet.com\/de\/\",\"name\":\"Gasmet.de\",\"description\":\"Gasanalyik &amp; Gasmesstechnik von der Probenahme bis zum Messger\u00e4t\",\"potentialAction\":[{\"@type\":\"SearchAction\",\"target\":{\"@type\":\"EntryPoint\",\"urlTemplate\":\"https:\/\/www.gasmet.com\/de\/?s={search_term_string}\"},\"query-input\":{\"@type\":\"PropertyValueSpecification\",\"valueRequired\":true,\"valueName\":\"search_term_string\"}}],\"inLanguage\":\"de\"}]}<\/script>\n<!-- \/ Yoast SEO plugin. -->","yoast_head_json":{"title":"Service - Gasmet.de","robots":{"index":"index","follow":"follow","max-snippet":"max-snippet:-1","max-image-preview":"max-image-preview:large","max-video-preview":"max-video-preview:-1"},"canonical":"https:\/\/www.gasmet.com\/de\/produkte\/service\/","og_locale":"de_DE","og_type":"article","og_title":"Service - Gasmet.de","og_description":"Pers\u00f6nlicher, flexibler Wartungsservice, um Ihre Anlagen am Laufen zu halten Ihre Emissionsmessger\u00e4te m\u00fcssen reibungslos und ohne Stillstand laufen. Deshalb legen wir besonderen Wert darauf, Sie zu unterst\u00fctzen \u2013 und zwar noch bevor Probleme auftreten. Wir verstehen, wie wichtig es ist, Ihre Ger\u00e4te in einem Topzustand zu halten, weshalb wir unseren Kunden umfassende Wartungsdienstleistungen anbieten. Mit [&hellip;]","og_url":"https:\/\/www.gasmet.com\/de\/produkte\/service\/","og_site_name":"Gasmet.de","article_modified_time":"2024-11-14T13:46:26+00:00","og_image":[{"width":2000,"height":500,"url":"https:\/\/www.gasmet.com\/de\/wp-content\/uploads\/sites\/6\/2024\/11\/service_hero.jpg","type":"image\/jpeg"}],"twitter_card":"summary_large_image","twitter_misc":{"Gesch\u00e4tzte Lesezeit":"1\u00a0Minute"},"schema":{"@context":"https:\/\/schema.org","@graph":[{"@type":"WebPage","@id":"https:\/\/www.gasmet.com\/de\/produkte\/service\/","url":"https:\/\/www.gasmet.com\/de\/produkte\/service\/","name":"Service - Gasmet.de","isPartOf":{"@id":"https:\/\/www.gasmet.com\/de\/#website"},"primaryImageOfPage":{"@id":"https:\/\/www.gasmet.com\/de\/produkte\/service\/#primaryimage"},"image":{"@id":"https:\/\/www.gasmet.com\/de\/produkte\/service\/#primaryimage"},"thumbnailUrl":"https:\/\/www.gasmet.com\/de\/wp-content\/uploads\/sites\/6\/2024\/11\/service_hero.jpg","datePublished":"2018-11-14T13:28:13+00:00","dateModified":"2024-11-14T13:46:26+00:00","breadcrumb":{"@id":"https:\/\/www.gasmet.com\/de\/produkte\/service\/#breadcrumb"},"inLanguage":"de","potentialAction":[{"@type":"ReadAction","target":["https:\/\/www.gasmet.com\/de\/produkte\/service\/"]}]},{"@type":"ImageObject","inLanguage":"de","@id":"https:\/\/www.gasmet.com\/de\/produkte\/service\/#primaryimage","url":"https:\/\/www.gasmet.com\/de\/wp-content\/uploads\/sites\/6\/2024\/11\/service_hero.jpg","contentUrl":"https:\/\/www.gasmet.com\/de\/wp-content\/uploads\/sites\/6\/2024\/11\/service_hero.jpg","width":2000,"height":500},{"@type":"BreadcrumbList","@id":"https:\/\/www.gasmet.com\/de\/produkte\/service\/#breadcrumb","itemListElement":[{"@type":"ListItem","position":1,"name":"Home","item":"https:\/\/www.gasmet.com\/de\/"},{"@type":"ListItem","position":2,"name":"Produkte","item":"https:\/\/www.gasmet.com\/de\/produkte\/"},{"@type":"ListItem","position":3,"name":"Service"}]},{"@type":"WebSite","@id":"https:\/\/www.gasmet.com\/de\/#website","url":"https:\/\/www.gasmet.com\/de\/","name":"Gasmet.de","description":"Gasanalyik &amp; Gasmesstechnik von der Probenahme bis zum Messger\u00e4t","potentialAction":[{"@type":"SearchAction","target":{"@type":"EntryPoint","urlTemplate":"https:\/\/www.gasmet.com\/de\/?s={search_term_string}"},"query-input":{"@type":"PropertyValueSpecification","valueRequired":true,"valueName":"search_term_string"}}],"inLanguage":"de"}]}},"_links":{"self":[{"href":"https:\/\/www.gasmet.com\/de\/wp-json\/wp\/v2\/pages\/4833","targetHints":{"allow":["GET"]}}],"collection":[{"href":"https:\/\/www.gasmet.com\/de\/wp-json\/wp\/v2\/pages"}],"about":[{"href":"https:\/\/www.gasmet.com\/de\/wp-json\/wp\/v2\/types\/page"}],"author":[{"embeddable":true,"href":"https:\/\/www.gasmet.com\/de\/wp-json\/wp\/v2\/users\/81"}],"replies":[{"embeddable":true,"href":"https:\/\/www.gasmet.com\/de\/wp-json\/wp\/v2\/comments?post=4833"}],"version-history":[{"count":40,"href":"https:\/\/www.gasmet.com\/de\/wp-json\/wp\/v2\/pages\/4833\/revisions"}],"predecessor-version":[{"id":11814,"href":"https:\/\/www.gasmet.com\/de\/wp-json\/wp\/v2\/pages\/4833\/revisions\/11814"}],"up":[{"embeddable":true,"href":"https:\/\/www.gasmet.com\/de\/wp-json\/wp\/v2\/pages\/1234"}],"wp:featuredmedia":[{"embeddable":true,"href":"https:\/\/www.gasmet.com\/de\/wp-json\/wp\/v2\/media\/12308"}],"wp:attachment":[{"href":"https:\/\/www.gasmet.com\/de\/wp-json\/wp\/v2\/media?parent=4833"}],"wp:term":[{"taxonomy":"post_tag","embeddable":true,"href":"https:\/\/www.gasmet.com\/de\/wp-json\/wp\/v2\/tags?post=4833"}],"curies":[{"name":"wp","href":"https:\/\/api.w.org\/{rel}","templated":true}]}}