{"id":40,"date":"2018-01-18T14:09:28","date_gmt":"2018-01-18T14:09:28","guid":{"rendered":"http:\/\/www.gasmet.com\/testisivusto.gasmet.com\/de\/?page_id=40"},"modified":"2024-11-14T13:31:22","modified_gmt":"2024-11-14T13:31:22","slug":"konformitaetsmessungen","status":"publish","type":"page","link":"https:\/\/www.gasmet.com\/de\/einsatzgebiete\/emissionsueberwachung\/konformitaetsmessungen\/","title":{"rendered":"Konformit\u00e4tsmessungen"},"content":{"rendered":"<p>In Europa spezifizieren EU-Richtlinien und nationale Gesetze Anforderungen an die kontinuierliche \u00dcberwachung von Abgasemissionen aus Kraftwerken, darunter auch an die Qualit\u00e4t der installierten Messsysteme. Diese sind in der DIN EN 14181, &#8222;<em>Emissionen aus station\u00e4ren Quellen &#8211; Qualit\u00e4tssicherung f\u00fcr automatische Messeinrichtungen<\/em>&#8220; festgelegt. Durch die Normierung wird sichergestellt, dass die Ergebnisse von Mess\u00adsystemen zur kontinuierlichen Emissions\u00fcberwachung auch die Genauigkeits\u00adanforderungen erf\u00fcllen. Zwei Hauptbestandteile dieser Qualit\u00e4tssicherung sind QAL2 und AST. Ein Labor pr\u00fcft die Systeme vor Ort durch und bewertet, ob die Systeme die Anforderungen der Norm erf\u00fcllen.<\/p>\n","protected":false},"excerpt":{"rendered":"<p>In Europa spezifizieren EU-Richtlinien und nationale Gesetze Anforderungen an die kontinuierliche \u00dcberwachung von Abgasemissionen aus Kraftwerken, darunter auch an die Qualit\u00e4t der installierten Messsysteme. Diese sind in der DIN EN 14181, &#8222;Emissionen aus station\u00e4ren Quellen &#8211; Qualit\u00e4tssicherung f\u00fcr automatische Messeinrichtungen&#8220; festgelegt. Durch die Normierung wird sichergestellt, dass die Ergebnisse von Mess\u00adsystemen zur kontinuierlichen Emissions\u00fcberwachung auch [&hellip;]<\/p>\n","protected":false},"author":1,"featured_media":12290,"parent":10192,"menu_order":25,"comment_status":"closed","ping_status":"closed","template":"","meta":{"_acf_changed":false,"inline_featured_image":false,"footnotes":""},"tags":[14,29],"class_list":["post-40","page","type-page","status-publish","has-post-thumbnail","hentry","tag-emissions","tag-environment"],"acf":[],"yoast_head":"<!-- This site is optimized with the Yoast SEO plugin v27.2 - https:\/\/yoast.com\/product\/yoast-seo-wordpress\/ -->\n<title>Konformit\u00e4tsmessungen - Gasmet.de<\/title>\n<meta name=\"robots\" content=\"index, follow, max-snippet:-1, max-image-preview:large, max-video-preview:-1\" \/>\n<link rel=\"canonical\" href=\"https:\/\/www.gasmet.com\/de\/einsatzgebiete\/emissionsueberwachung\/konformitaetsmessungen\/\" \/>\n<meta property=\"og:locale\" content=\"de_DE\" \/>\n<meta property=\"og:type\" content=\"article\" \/>\n<meta property=\"og:title\" content=\"Konformit\u00e4tsmessungen - Gasmet.de\" \/>\n<meta property=\"og:description\" content=\"In Europa spezifizieren EU-Richtlinien und nationale Gesetze Anforderungen an die kontinuierliche \u00dcberwachung von Abgasemissionen aus Kraftwerken, darunter auch an die Qualit\u00e4t der installierten Messsysteme. Diese sind in der DIN EN 14181, &#8222;Emissionen aus station\u00e4ren Quellen &#8211; Qualit\u00e4tssicherung f\u00fcr automatische Messeinrichtungen&#8220; festgelegt. Durch die Normierung wird sichergestellt, dass die Ergebnisse von Mess\u00adsystemen zur kontinuierlichen Emissions\u00fcberwachung auch [&hellip;]\" \/>\n<meta property=\"og:url\" content=\"https:\/\/www.gasmet.com\/de\/einsatzgebiete\/emissionsueberwachung\/konformitaetsmessungen\/\" \/>\n<meta property=\"og:site_name\" content=\"Gasmet.de\" \/>\n<meta property=\"article:modified_time\" content=\"2024-11-14T13:31:22+00:00\" \/>\n<meta property=\"og:image\" content=\"https:\/\/www.gasmet.com\/de\/wp-content\/uploads\/sites\/6\/2024\/11\/stack_testing_hero.jpg\" \/>\n\t<meta property=\"og:image:width\" content=\"2000\" \/>\n\t<meta property=\"og:image:height\" content=\"501\" \/>\n\t<meta property=\"og:image:type\" content=\"image\/jpeg\" \/>\n<meta name=\"twitter:card\" content=\"summary_large_image\" \/>\n<meta name=\"twitter:label1\" content=\"Gesch\u00e4tzte Lesezeit\" \/>\n\t<meta name=\"twitter:data1\" content=\"1\u00a0Minute\" \/>\n<script type=\"application\/ld+json\" class=\"yoast-schema-graph\">{\"@context\":\"https:\/\/schema.org\",\"@graph\":[{\"@type\":\"WebPage\",\"@id\":\"https:\/\/www.gasmet.com\/de\/einsatzgebiete\/emissionsueberwachung\/konformitaetsmessungen\/\",\"url\":\"https:\/\/www.gasmet.com\/de\/einsatzgebiete\/emissionsueberwachung\/konformitaetsmessungen\/\",\"name\":\"Konformit\u00e4tsmessungen - Gasmet.de\",\"isPartOf\":{\"@id\":\"https:\/\/www.gasmet.com\/de\/#website\"},\"primaryImageOfPage\":{\"@id\":\"https:\/\/www.gasmet.com\/de\/einsatzgebiete\/emissionsueberwachung\/konformitaetsmessungen\/#primaryimage\"},\"image\":{\"@id\":\"https:\/\/www.gasmet.com\/de\/einsatzgebiete\/emissionsueberwachung\/konformitaetsmessungen\/#primaryimage\"},\"thumbnailUrl\":\"https:\/\/www.gasmet.com\/de\/wp-content\/uploads\/sites\/6\/2024\/11\/stack_testing_hero.jpg\",\"datePublished\":\"2018-01-18T14:09:28+00:00\",\"dateModified\":\"2024-11-14T13:31:22+00:00\",\"breadcrumb\":{\"@id\":\"https:\/\/www.gasmet.com\/de\/einsatzgebiete\/emissionsueberwachung\/konformitaetsmessungen\/#breadcrumb\"},\"inLanguage\":\"de\",\"potentialAction\":[{\"@type\":\"ReadAction\",\"target\":[\"https:\/\/www.gasmet.com\/de\/einsatzgebiete\/emissionsueberwachung\/konformitaetsmessungen\/\"]}]},{\"@type\":\"ImageObject\",\"inLanguage\":\"de\",\"@id\":\"https:\/\/www.gasmet.com\/de\/einsatzgebiete\/emissionsueberwachung\/konformitaetsmessungen\/#primaryimage\",\"url\":\"https:\/\/www.gasmet.com\/de\/wp-content\/uploads\/sites\/6\/2024\/11\/stack_testing_hero.jpg\",\"contentUrl\":\"https:\/\/www.gasmet.com\/de\/wp-content\/uploads\/sites\/6\/2024\/11\/stack_testing_hero.jpg\",\"width\":2000,\"height\":501},{\"@type\":\"BreadcrumbList\",\"@id\":\"https:\/\/www.gasmet.com\/de\/einsatzgebiete\/emissionsueberwachung\/konformitaetsmessungen\/#breadcrumb\",\"itemListElement\":[{\"@type\":\"ListItem\",\"position\":1,\"name\":\"Home\",\"item\":\"https:\/\/www.gasmet.com\/de\/\"},{\"@type\":\"ListItem\",\"position\":2,\"name\":\"Einsatzgebiete\",\"item\":\"https:\/\/www.gasmet.com\/de\/einsatzgebiete\/\"},{\"@type\":\"ListItem\",\"position\":3,\"name\":\"Emissions\u00fcberwachung\",\"item\":\"https:\/\/www.gasmet.com\/de\/einsatzgebiete\/emissionsueberwachung\/\"},{\"@type\":\"ListItem\",\"position\":4,\"name\":\"Konformit\u00e4tsmessungen\"}]},{\"@type\":\"WebSite\",\"@id\":\"https:\/\/www.gasmet.com\/de\/#website\",\"url\":\"https:\/\/www.gasmet.com\/de\/\",\"name\":\"Gasmet.de\",\"description\":\"Gasanalyik &amp; Gasmesstechnik von der Probenahme bis zum Messger\u00e4t\",\"potentialAction\":[{\"@type\":\"SearchAction\",\"target\":{\"@type\":\"EntryPoint\",\"urlTemplate\":\"https:\/\/www.gasmet.com\/de\/?s={search_term_string}\"},\"query-input\":{\"@type\":\"PropertyValueSpecification\",\"valueRequired\":true,\"valueName\":\"search_term_string\"}}],\"inLanguage\":\"de\"}]}<\/script>\n<!-- \/ Yoast SEO plugin. -->","yoast_head_json":{"title":"Konformit\u00e4tsmessungen - Gasmet.de","robots":{"index":"index","follow":"follow","max-snippet":"max-snippet:-1","max-image-preview":"max-image-preview:large","max-video-preview":"max-video-preview:-1"},"canonical":"https:\/\/www.gasmet.com\/de\/einsatzgebiete\/emissionsueberwachung\/konformitaetsmessungen\/","og_locale":"de_DE","og_type":"article","og_title":"Konformit\u00e4tsmessungen - Gasmet.de","og_description":"In Europa spezifizieren EU-Richtlinien und nationale Gesetze Anforderungen an die kontinuierliche \u00dcberwachung von Abgasemissionen aus Kraftwerken, darunter auch an die Qualit\u00e4t der installierten Messsysteme. Diese sind in der DIN EN 14181, &#8222;Emissionen aus station\u00e4ren Quellen &#8211; Qualit\u00e4tssicherung f\u00fcr automatische Messeinrichtungen&#8220; festgelegt. Durch die Normierung wird sichergestellt, dass die Ergebnisse von Mess\u00adsystemen zur kontinuierlichen Emissions\u00fcberwachung auch [&hellip;]","og_url":"https:\/\/www.gasmet.com\/de\/einsatzgebiete\/emissionsueberwachung\/konformitaetsmessungen\/","og_site_name":"Gasmet.de","article_modified_time":"2024-11-14T13:31:22+00:00","og_image":[{"width":2000,"height":501,"url":"https:\/\/www.gasmet.com\/de\/wp-content\/uploads\/sites\/6\/2024\/11\/stack_testing_hero.jpg","type":"image\/jpeg"}],"twitter_card":"summary_large_image","twitter_misc":{"Gesch\u00e4tzte Lesezeit":"1\u00a0Minute"},"schema":{"@context":"https:\/\/schema.org","@graph":[{"@type":"WebPage","@id":"https:\/\/www.gasmet.com\/de\/einsatzgebiete\/emissionsueberwachung\/konformitaetsmessungen\/","url":"https:\/\/www.gasmet.com\/de\/einsatzgebiete\/emissionsueberwachung\/konformitaetsmessungen\/","name":"Konformit\u00e4tsmessungen - Gasmet.de","isPartOf":{"@id":"https:\/\/www.gasmet.com\/de\/#website"},"primaryImageOfPage":{"@id":"https:\/\/www.gasmet.com\/de\/einsatzgebiete\/emissionsueberwachung\/konformitaetsmessungen\/#primaryimage"},"image":{"@id":"https:\/\/www.gasmet.com\/de\/einsatzgebiete\/emissionsueberwachung\/konformitaetsmessungen\/#primaryimage"},"thumbnailUrl":"https:\/\/www.gasmet.com\/de\/wp-content\/uploads\/sites\/6\/2024\/11\/stack_testing_hero.jpg","datePublished":"2018-01-18T14:09:28+00:00","dateModified":"2024-11-14T13:31:22+00:00","breadcrumb":{"@id":"https:\/\/www.gasmet.com\/de\/einsatzgebiete\/emissionsueberwachung\/konformitaetsmessungen\/#breadcrumb"},"inLanguage":"de","potentialAction":[{"@type":"ReadAction","target":["https:\/\/www.gasmet.com\/de\/einsatzgebiete\/emissionsueberwachung\/konformitaetsmessungen\/"]}]},{"@type":"ImageObject","inLanguage":"de","@id":"https:\/\/www.gasmet.com\/de\/einsatzgebiete\/emissionsueberwachung\/konformitaetsmessungen\/#primaryimage","url":"https:\/\/www.gasmet.com\/de\/wp-content\/uploads\/sites\/6\/2024\/11\/stack_testing_hero.jpg","contentUrl":"https:\/\/www.gasmet.com\/de\/wp-content\/uploads\/sites\/6\/2024\/11\/stack_testing_hero.jpg","width":2000,"height":501},{"@type":"BreadcrumbList","@id":"https:\/\/www.gasmet.com\/de\/einsatzgebiete\/emissionsueberwachung\/konformitaetsmessungen\/#breadcrumb","itemListElement":[{"@type":"ListItem","position":1,"name":"Home","item":"https:\/\/www.gasmet.com\/de\/"},{"@type":"ListItem","position":2,"name":"Einsatzgebiete","item":"https:\/\/www.gasmet.com\/de\/einsatzgebiete\/"},{"@type":"ListItem","position":3,"name":"Emissions\u00fcberwachung","item":"https:\/\/www.gasmet.com\/de\/einsatzgebiete\/emissionsueberwachung\/"},{"@type":"ListItem","position":4,"name":"Konformit\u00e4tsmessungen"}]},{"@type":"WebSite","@id":"https:\/\/www.gasmet.com\/de\/#website","url":"https:\/\/www.gasmet.com\/de\/","name":"Gasmet.de","description":"Gasanalyik &amp; Gasmesstechnik von der Probenahme bis zum Messger\u00e4t","potentialAction":[{"@type":"SearchAction","target":{"@type":"EntryPoint","urlTemplate":"https:\/\/www.gasmet.com\/de\/?s={search_term_string}"},"query-input":{"@type":"PropertyValueSpecification","valueRequired":true,"valueName":"search_term_string"}}],"inLanguage":"de"}]}},"_links":{"self":[{"href":"https:\/\/www.gasmet.com\/de\/wp-json\/wp\/v2\/pages\/40","targetHints":{"allow":["GET"]}}],"collection":[{"href":"https:\/\/www.gasmet.com\/de\/wp-json\/wp\/v2\/pages"}],"about":[{"href":"https:\/\/www.gasmet.com\/de\/wp-json\/wp\/v2\/types\/page"}],"author":[{"embeddable":true,"href":"https:\/\/www.gasmet.com\/de\/wp-json\/wp\/v2\/users\/1"}],"replies":[{"embeddable":true,"href":"https:\/\/www.gasmet.com\/de\/wp-json\/wp\/v2\/comments?post=40"}],"version-history":[{"count":16,"href":"https:\/\/www.gasmet.com\/de\/wp-json\/wp\/v2\/pages\/40\/revisions"}],"predecessor-version":[{"id":7825,"href":"https:\/\/www.gasmet.com\/de\/wp-json\/wp\/v2\/pages\/40\/revisions\/7825"}],"up":[{"embeddable":true,"href":"https:\/\/www.gasmet.com\/de\/wp-json\/wp\/v2\/pages\/10192"}],"wp:featuredmedia":[{"embeddable":true,"href":"https:\/\/www.gasmet.com\/de\/wp-json\/wp\/v2\/media\/12290"}],"wp:attachment":[{"href":"https:\/\/www.gasmet.com\/de\/wp-json\/wp\/v2\/media?parent=40"}],"wp:term":[{"taxonomy":"post_tag","embeddable":true,"href":"https:\/\/www.gasmet.com\/de\/wp-json\/wp\/v2\/tags?post=40"}],"curies":[{"name":"wp","href":"https:\/\/api.w.org\/{rel}","templated":true}]}}