{"id":329,"date":"2018-02-08T09:06:04","date_gmt":"2018-02-08T09:06:04","guid":{"rendered":"http:\/\/www.gasmet.com\/testisivusto.gasmet.com\/de\/?page_id=329"},"modified":"2024-11-14T13:53:35","modified_gmt":"2024-11-14T13:53:35","slug":"karriere","status":"publish","type":"page","link":"https:\/\/www.gasmet.com\/de\/company\/karriere\/","title":{"rendered":"Karriere"},"content":{"rendered":"<p>Vielen Dank f\u00fcr Ihr Interesse an unserem Unternehmen. Wir sind immer auf der Suche nach neuen Talenten f\u00fcr unser wachsendes Unternehmen. Wenn keine offenen Stellen verf\u00fcgbar sind, kontaktieren Sie uns bitte unter bewerbung@gasmet.com\u00a0f\u00fcr m\u00f6gliche zuk\u00fcnftige Stellen.<\/p>\n<p>Als Arbeitgeber bietet Gasmet ein internationales und flexibles Arbeitsumfeld, in dem Hightech auf globale Herausforderungen des realen Lebens trifft. Wenn Sie unsere Ansichten und Arbeitsweisen teilen und ein Teamplayer sind, aber keine Angst vor individuellen Verantwortlichkeiten haben, sind Sie wahrscheinlich die richtige Person f\u00fcr Gasmet.<\/p>\n","protected":false},"excerpt":{"rendered":"<p>Vielen Dank f\u00fcr Ihr Interesse an unserem Unternehmen. Wir sind immer auf der Suche nach neuen Talenten f\u00fcr unser wachsendes Unternehmen. Wenn keine offenen Stellen verf\u00fcgbar sind, kontaktieren Sie uns bitte unter bewerbung@gasmet.com\u00a0f\u00fcr m\u00f6gliche zuk\u00fcnftige Stellen. Als Arbeitgeber bietet Gasmet ein internationales und flexibles Arbeitsumfeld, in dem Hightech auf globale Herausforderungen des realen Lebens trifft. [&hellip;]<\/p>\n","protected":false},"author":1,"featured_media":12293,"parent":1239,"menu_order":63,"comment_status":"closed","ping_status":"closed","template":"","meta":{"_acf_changed":false,"inline_featured_image":false,"footnotes":""},"tags":[],"class_list":["post-329","page","type-page","status-publish","has-post-thumbnail","hentry"],"acf":[],"yoast_head":"<!-- This site is optimized with the Yoast SEO plugin v27.2 - https:\/\/yoast.com\/product\/yoast-seo-wordpress\/ -->\n<title>Karriere - Gasmet.de<\/title>\n<meta name=\"robots\" content=\"index, follow, max-snippet:-1, max-image-preview:large, max-video-preview:-1\" \/>\n<link rel=\"canonical\" href=\"https:\/\/www.gasmet.com\/de\/company\/karriere\/\" \/>\n<meta property=\"og:locale\" content=\"de_DE\" \/>\n<meta property=\"og:type\" content=\"article\" \/>\n<meta property=\"og:title\" content=\"Karriere - Gasmet.de\" \/>\n<meta property=\"og:description\" content=\"Vielen Dank f\u00fcr Ihr Interesse an unserem Unternehmen. Wir sind immer auf der Suche nach neuen Talenten f\u00fcr unser wachsendes Unternehmen. Wenn keine offenen Stellen verf\u00fcgbar sind, kontaktieren Sie uns bitte unter bewerbung@gasmet.com\u00a0f\u00fcr m\u00f6gliche zuk\u00fcnftige Stellen. Als Arbeitgeber bietet Gasmet ein internationales und flexibles Arbeitsumfeld, in dem Hightech auf globale Herausforderungen des realen Lebens trifft. [&hellip;]\" \/>\n<meta property=\"og:url\" content=\"https:\/\/www.gasmet.com\/de\/company\/karriere\/\" \/>\n<meta property=\"og:site_name\" content=\"Gasmet.de\" \/>\n<meta property=\"article:modified_time\" content=\"2024-11-14T13:53:35+00:00\" \/>\n<meta property=\"og:image\" content=\"https:\/\/www.gasmet.com\/de\/wp-content\/uploads\/sites\/6\/2024\/11\/gasmet_brand_cobaltsand.jpg\" \/>\n\t<meta property=\"og:image:width\" content=\"2000\" \/>\n\t<meta property=\"og:image:height\" content=\"500\" \/>\n\t<meta property=\"og:image:type\" content=\"image\/jpeg\" \/>\n<meta name=\"twitter:card\" content=\"summary_large_image\" \/>\n<meta name=\"twitter:label1\" content=\"Gesch\u00e4tzte Lesezeit\" \/>\n\t<meta name=\"twitter:data1\" content=\"1\u00a0Minute\" \/>\n<script type=\"application\/ld+json\" class=\"yoast-schema-graph\">{\"@context\":\"https:\/\/schema.org\",\"@graph\":[{\"@type\":\"WebPage\",\"@id\":\"https:\/\/www.gasmet.com\/de\/company\/karriere\/\",\"url\":\"https:\/\/www.gasmet.com\/de\/company\/karriere\/\",\"name\":\"Karriere - Gasmet.de\",\"isPartOf\":{\"@id\":\"https:\/\/www.gasmet.com\/de\/#website\"},\"primaryImageOfPage\":{\"@id\":\"https:\/\/www.gasmet.com\/de\/company\/karriere\/#primaryimage\"},\"image\":{\"@id\":\"https:\/\/www.gasmet.com\/de\/company\/karriere\/#primaryimage\"},\"thumbnailUrl\":\"https:\/\/www.gasmet.com\/de\/wp-content\/uploads\/sites\/6\/2024\/11\/gasmet_brand_cobaltsand.jpg\",\"datePublished\":\"2018-02-08T09:06:04+00:00\",\"dateModified\":\"2024-11-14T13:53:35+00:00\",\"breadcrumb\":{\"@id\":\"https:\/\/www.gasmet.com\/de\/company\/karriere\/#breadcrumb\"},\"inLanguage\":\"de\",\"potentialAction\":[{\"@type\":\"ReadAction\",\"target\":[\"https:\/\/www.gasmet.com\/de\/company\/karriere\/\"]}]},{\"@type\":\"ImageObject\",\"inLanguage\":\"de\",\"@id\":\"https:\/\/www.gasmet.com\/de\/company\/karriere\/#primaryimage\",\"url\":\"https:\/\/www.gasmet.com\/de\/wp-content\/uploads\/sites\/6\/2024\/11\/gasmet_brand_cobaltsand.jpg\",\"contentUrl\":\"https:\/\/www.gasmet.com\/de\/wp-content\/uploads\/sites\/6\/2024\/11\/gasmet_brand_cobaltsand.jpg\",\"width\":2000,\"height\":500},{\"@type\":\"BreadcrumbList\",\"@id\":\"https:\/\/www.gasmet.com\/de\/company\/karriere\/#breadcrumb\",\"itemListElement\":[{\"@type\":\"ListItem\",\"position\":1,\"name\":\"Home\",\"item\":\"https:\/\/www.gasmet.com\/de\/\"},{\"@type\":\"ListItem\",\"position\":2,\"name\":\"Unternehmen\",\"item\":\"https:\/\/www.gasmet.com\/de\/company\/\"},{\"@type\":\"ListItem\",\"position\":3,\"name\":\"Karriere\"}]},{\"@type\":\"WebSite\",\"@id\":\"https:\/\/www.gasmet.com\/de\/#website\",\"url\":\"https:\/\/www.gasmet.com\/de\/\",\"name\":\"Gasmet.de\",\"description\":\"Gasanalyik &amp; Gasmesstechnik von der Probenahme bis zum Messger\u00e4t\",\"potentialAction\":[{\"@type\":\"SearchAction\",\"target\":{\"@type\":\"EntryPoint\",\"urlTemplate\":\"https:\/\/www.gasmet.com\/de\/?s={search_term_string}\"},\"query-input\":{\"@type\":\"PropertyValueSpecification\",\"valueRequired\":true,\"valueName\":\"search_term_string\"}}],\"inLanguage\":\"de\"}]}<\/script>\n<!-- \/ Yoast SEO plugin. -->","yoast_head_json":{"title":"Karriere - Gasmet.de","robots":{"index":"index","follow":"follow","max-snippet":"max-snippet:-1","max-image-preview":"max-image-preview:large","max-video-preview":"max-video-preview:-1"},"canonical":"https:\/\/www.gasmet.com\/de\/company\/karriere\/","og_locale":"de_DE","og_type":"article","og_title":"Karriere - Gasmet.de","og_description":"Vielen Dank f\u00fcr Ihr Interesse an unserem Unternehmen. Wir sind immer auf der Suche nach neuen Talenten f\u00fcr unser wachsendes Unternehmen. Wenn keine offenen Stellen verf\u00fcgbar sind, kontaktieren Sie uns bitte unter bewerbung@gasmet.com\u00a0f\u00fcr m\u00f6gliche zuk\u00fcnftige Stellen. Als Arbeitgeber bietet Gasmet ein internationales und flexibles Arbeitsumfeld, in dem Hightech auf globale Herausforderungen des realen Lebens trifft. [&hellip;]","og_url":"https:\/\/www.gasmet.com\/de\/company\/karriere\/","og_site_name":"Gasmet.de","article_modified_time":"2024-11-14T13:53:35+00:00","og_image":[{"width":2000,"height":500,"url":"https:\/\/www.gasmet.com\/de\/wp-content\/uploads\/sites\/6\/2024\/11\/gasmet_brand_cobaltsand.jpg","type":"image\/jpeg"}],"twitter_card":"summary_large_image","twitter_misc":{"Gesch\u00e4tzte Lesezeit":"1\u00a0Minute"},"schema":{"@context":"https:\/\/schema.org","@graph":[{"@type":"WebPage","@id":"https:\/\/www.gasmet.com\/de\/company\/karriere\/","url":"https:\/\/www.gasmet.com\/de\/company\/karriere\/","name":"Karriere - Gasmet.de","isPartOf":{"@id":"https:\/\/www.gasmet.com\/de\/#website"},"primaryImageOfPage":{"@id":"https:\/\/www.gasmet.com\/de\/company\/karriere\/#primaryimage"},"image":{"@id":"https:\/\/www.gasmet.com\/de\/company\/karriere\/#primaryimage"},"thumbnailUrl":"https:\/\/www.gasmet.com\/de\/wp-content\/uploads\/sites\/6\/2024\/11\/gasmet_brand_cobaltsand.jpg","datePublished":"2018-02-08T09:06:04+00:00","dateModified":"2024-11-14T13:53:35+00:00","breadcrumb":{"@id":"https:\/\/www.gasmet.com\/de\/company\/karriere\/#breadcrumb"},"inLanguage":"de","potentialAction":[{"@type":"ReadAction","target":["https:\/\/www.gasmet.com\/de\/company\/karriere\/"]}]},{"@type":"ImageObject","inLanguage":"de","@id":"https:\/\/www.gasmet.com\/de\/company\/karriere\/#primaryimage","url":"https:\/\/www.gasmet.com\/de\/wp-content\/uploads\/sites\/6\/2024\/11\/gasmet_brand_cobaltsand.jpg","contentUrl":"https:\/\/www.gasmet.com\/de\/wp-content\/uploads\/sites\/6\/2024\/11\/gasmet_brand_cobaltsand.jpg","width":2000,"height":500},{"@type":"BreadcrumbList","@id":"https:\/\/www.gasmet.com\/de\/company\/karriere\/#breadcrumb","itemListElement":[{"@type":"ListItem","position":1,"name":"Home","item":"https:\/\/www.gasmet.com\/de\/"},{"@type":"ListItem","position":2,"name":"Unternehmen","item":"https:\/\/www.gasmet.com\/de\/company\/"},{"@type":"ListItem","position":3,"name":"Karriere"}]},{"@type":"WebSite","@id":"https:\/\/www.gasmet.com\/de\/#website","url":"https:\/\/www.gasmet.com\/de\/","name":"Gasmet.de","description":"Gasanalyik &amp; Gasmesstechnik von der Probenahme bis zum Messger\u00e4t","potentialAction":[{"@type":"SearchAction","target":{"@type":"EntryPoint","urlTemplate":"https:\/\/www.gasmet.com\/de\/?s={search_term_string}"},"query-input":{"@type":"PropertyValueSpecification","valueRequired":true,"valueName":"search_term_string"}}],"inLanguage":"de"}]}},"_links":{"self":[{"href":"https:\/\/www.gasmet.com\/de\/wp-json\/wp\/v2\/pages\/329","targetHints":{"allow":["GET"]}}],"collection":[{"href":"https:\/\/www.gasmet.com\/de\/wp-json\/wp\/v2\/pages"}],"about":[{"href":"https:\/\/www.gasmet.com\/de\/wp-json\/wp\/v2\/types\/page"}],"author":[{"embeddable":true,"href":"https:\/\/www.gasmet.com\/de\/wp-json\/wp\/v2\/users\/1"}],"replies":[{"embeddable":true,"href":"https:\/\/www.gasmet.com\/de\/wp-json\/wp\/v2\/comments?post=329"}],"version-history":[{"count":45,"href":"https:\/\/www.gasmet.com\/de\/wp-json\/wp\/v2\/pages\/329\/revisions"}],"predecessor-version":[{"id":11776,"href":"https:\/\/www.gasmet.com\/de\/wp-json\/wp\/v2\/pages\/329\/revisions\/11776"}],"up":[{"embeddable":true,"href":"https:\/\/www.gasmet.com\/de\/wp-json\/wp\/v2\/pages\/1239"}],"wp:featuredmedia":[{"embeddable":true,"href":"https:\/\/www.gasmet.com\/de\/wp-json\/wp\/v2\/media\/12293"}],"wp:attachment":[{"href":"https:\/\/www.gasmet.com\/de\/wp-json\/wp\/v2\/media?parent=329"}],"wp:term":[{"taxonomy":"post_tag","embeddable":true,"href":"https:\/\/www.gasmet.com\/de\/wp-json\/wp\/v2\/tags?post=329"}],"curies":[{"name":"wp","href":"https:\/\/api.w.org\/{rel}","templated":true}]}}