{"id":306,"date":"2018-02-08T07:09:46","date_gmt":"2018-02-08T07:09:46","guid":{"rendered":"http:\/\/www.gasmet.com\/testisivusto.gasmet.com\/de\/?page_id=306"},"modified":"2026-03-19T08:52:50","modified_gmt":"2026-03-19T08:52:50","slug":"unternehmensgeschichte","status":"publish","type":"page","link":"https:\/\/www.gasmet.com\/de\/company\/unternehmensgeschichte\/","title":{"rendered":"Unternehmensgeschichte"},"content":{"rendered":"<p>Die Geschichte von Gasmet beginnt im Jahr <strong>1990<\/strong>, als der finnische Hersteller von Schutzr\u00e4umen, explosionsgesch\u00fctzten und gasdichten T\u00fcren, Finntemet Oy, das FTIR-Unternehmen von Scanoptics erwarb. Grund war, dass seit 1959 in Finnland jedes Geb\u00e4ude einer bestimmten Gr\u00f6\u00dfe \u00fcber einen Schutzraum verf\u00fcgen mu\u00df. In diesen Unterk\u00fcnften wurde die Luftqualit\u00e4t zu einem Hauptanliegen. Die \u00dcbernahme f\u00fchrte zur Gr\u00fcndung von Temet Instruments Oy, das Unternehmen bestand aus vier Wissenschaftlern.<\/p>\n<p>In den ersten Jahren konzentrierte sich das Unternehmen auf die Verbesserung der FTIR-Technologie. Mit der Einf\u00fchrung neuer Umweltgesetze und der Inkraftsetzung von Richtlinien wuchs schlagartig die Nachfrage nach Emissions-\u00dcberwachungsger\u00e4ten. Damit beginnt die eigentliche Gasmet-Geschichte.<\/p>\n<p>Der erste Gasmet FTIR-Analysator wurde 1993 ver\u00e4u\u00dfert, 1994 wurde der Vertrieb auf Europa und in die USA ausgeweitet. In den fr\u00fchen 2000er Jahren wuchs die Nachfrage nach den Produkten des Unternehmens und erforderte hohe Investitionen, die zu einem Management Buyout f\u00fchrten. 2006 wurde <strong>Gasmet Technologies Oy<\/strong> gegr\u00fcndet.<\/p>\n","protected":false},"excerpt":{"rendered":"<p>Die Geschichte von Gasmet beginnt im Jahr 1990, als der finnische Hersteller von Schutzr\u00e4umen, explosionsgesch\u00fctzten und gasdichten T\u00fcren, Finntemet Oy, das FTIR-Unternehmen von Scanoptics erwarb. Grund war, dass seit 1959 in Finnland jedes Geb\u00e4ude einer bestimmten Gr\u00f6\u00dfe \u00fcber einen Schutzraum verf\u00fcgen mu\u00df. In diesen Unterk\u00fcnften wurde die Luftqualit\u00e4t zu einem Hauptanliegen. Die \u00dcbernahme f\u00fchrte zur [&hellip;]<\/p>\n","protected":false},"author":1,"featured_media":12293,"parent":1239,"menu_order":97,"comment_status":"closed","ping_status":"closed","template":"","meta":{"_acf_changed":false,"inline_featured_image":false,"footnotes":""},"tags":[],"class_list":["post-306","page","type-page","status-publish","has-post-thumbnail","hentry"],"acf":[],"yoast_head":"<!-- This site is optimized with the Yoast SEO plugin v27.2 - https:\/\/yoast.com\/product\/yoast-seo-wordpress\/ -->\n<title>Unternehmensgeschichte - Gasmet.de<\/title>\n<meta name=\"robots\" content=\"index, follow, max-snippet:-1, max-image-preview:large, max-video-preview:-1\" \/>\n<link rel=\"canonical\" href=\"https:\/\/www.gasmet.com\/de\/company\/unternehmensgeschichte\/\" \/>\n<meta property=\"og:locale\" content=\"de_DE\" \/>\n<meta property=\"og:type\" content=\"article\" \/>\n<meta property=\"og:title\" content=\"Unternehmensgeschichte - Gasmet.de\" \/>\n<meta property=\"og:description\" content=\"Die Geschichte von Gasmet beginnt im Jahr 1990, als der finnische Hersteller von Schutzr\u00e4umen, explosionsgesch\u00fctzten und gasdichten T\u00fcren, Finntemet Oy, das FTIR-Unternehmen von Scanoptics erwarb. Grund war, dass seit 1959 in Finnland jedes Geb\u00e4ude einer bestimmten Gr\u00f6\u00dfe \u00fcber einen Schutzraum verf\u00fcgen mu\u00df. In diesen Unterk\u00fcnften wurde die Luftqualit\u00e4t zu einem Hauptanliegen. Die \u00dcbernahme f\u00fchrte zur [&hellip;]\" \/>\n<meta property=\"og:url\" content=\"https:\/\/www.gasmet.com\/de\/company\/unternehmensgeschichte\/\" \/>\n<meta property=\"og:site_name\" content=\"Gasmet.de\" \/>\n<meta property=\"article:modified_time\" content=\"2026-03-19T08:52:50+00:00\" \/>\n<meta property=\"og:image\" content=\"https:\/\/www.gasmet.com\/de\/wp-content\/uploads\/sites\/6\/2024\/11\/gasmet_brand_cobaltsand.jpg\" \/>\n\t<meta property=\"og:image:width\" content=\"2000\" \/>\n\t<meta property=\"og:image:height\" content=\"500\" \/>\n\t<meta property=\"og:image:type\" content=\"image\/jpeg\" \/>\n<meta name=\"twitter:card\" content=\"summary_large_image\" \/>\n<meta name=\"twitter:label1\" content=\"Gesch\u00e4tzte Lesezeit\" \/>\n\t<meta name=\"twitter:data1\" content=\"2\u00a0Minuten\" \/>\n<script type=\"application\/ld+json\" class=\"yoast-schema-graph\">{\"@context\":\"https:\/\/schema.org\",\"@graph\":[{\"@type\":\"WebPage\",\"@id\":\"https:\/\/www.gasmet.com\/de\/company\/unternehmensgeschichte\/\",\"url\":\"https:\/\/www.gasmet.com\/de\/company\/unternehmensgeschichte\/\",\"name\":\"Unternehmensgeschichte - Gasmet.de\",\"isPartOf\":{\"@id\":\"https:\/\/www.gasmet.com\/de\/#website\"},\"primaryImageOfPage\":{\"@id\":\"https:\/\/www.gasmet.com\/de\/company\/unternehmensgeschichte\/#primaryimage\"},\"image\":{\"@id\":\"https:\/\/www.gasmet.com\/de\/company\/unternehmensgeschichte\/#primaryimage\"},\"thumbnailUrl\":\"https:\/\/www.gasmet.com\/de\/wp-content\/uploads\/sites\/6\/2024\/11\/gasmet_brand_cobaltsand.jpg\",\"datePublished\":\"2018-02-08T07:09:46+00:00\",\"dateModified\":\"2026-03-19T08:52:50+00:00\",\"breadcrumb\":{\"@id\":\"https:\/\/www.gasmet.com\/de\/company\/unternehmensgeschichte\/#breadcrumb\"},\"inLanguage\":\"de\",\"potentialAction\":[{\"@type\":\"ReadAction\",\"target\":[\"https:\/\/www.gasmet.com\/de\/company\/unternehmensgeschichte\/\"]}]},{\"@type\":\"ImageObject\",\"inLanguage\":\"de\",\"@id\":\"https:\/\/www.gasmet.com\/de\/company\/unternehmensgeschichte\/#primaryimage\",\"url\":\"https:\/\/www.gasmet.com\/de\/wp-content\/uploads\/sites\/6\/2024\/11\/gasmet_brand_cobaltsand.jpg\",\"contentUrl\":\"https:\/\/www.gasmet.com\/de\/wp-content\/uploads\/sites\/6\/2024\/11\/gasmet_brand_cobaltsand.jpg\",\"width\":2000,\"height\":500},{\"@type\":\"BreadcrumbList\",\"@id\":\"https:\/\/www.gasmet.com\/de\/company\/unternehmensgeschichte\/#breadcrumb\",\"itemListElement\":[{\"@type\":\"ListItem\",\"position\":1,\"name\":\"Home\",\"item\":\"https:\/\/www.gasmet.com\/de\/\"},{\"@type\":\"ListItem\",\"position\":2,\"name\":\"Unternehmen\",\"item\":\"https:\/\/www.gasmet.com\/de\/company\/\"},{\"@type\":\"ListItem\",\"position\":3,\"name\":\"Unternehmensgeschichte\"}]},{\"@type\":\"WebSite\",\"@id\":\"https:\/\/www.gasmet.com\/de\/#website\",\"url\":\"https:\/\/www.gasmet.com\/de\/\",\"name\":\"Gasmet.de\",\"description\":\"Gasanalyik &amp; Gasmesstechnik von der Probenahme bis zum Messger\u00e4t\",\"potentialAction\":[{\"@type\":\"SearchAction\",\"target\":{\"@type\":\"EntryPoint\",\"urlTemplate\":\"https:\/\/www.gasmet.com\/de\/?s={search_term_string}\"},\"query-input\":{\"@type\":\"PropertyValueSpecification\",\"valueRequired\":true,\"valueName\":\"search_term_string\"}}],\"inLanguage\":\"de\"}]}<\/script>\n<!-- \/ Yoast SEO plugin. -->","yoast_head_json":{"title":"Unternehmensgeschichte - Gasmet.de","robots":{"index":"index","follow":"follow","max-snippet":"max-snippet:-1","max-image-preview":"max-image-preview:large","max-video-preview":"max-video-preview:-1"},"canonical":"https:\/\/www.gasmet.com\/de\/company\/unternehmensgeschichte\/","og_locale":"de_DE","og_type":"article","og_title":"Unternehmensgeschichte - Gasmet.de","og_description":"Die Geschichte von Gasmet beginnt im Jahr 1990, als der finnische Hersteller von Schutzr\u00e4umen, explosionsgesch\u00fctzten und gasdichten T\u00fcren, Finntemet Oy, das FTIR-Unternehmen von Scanoptics erwarb. Grund war, dass seit 1959 in Finnland jedes Geb\u00e4ude einer bestimmten Gr\u00f6\u00dfe \u00fcber einen Schutzraum verf\u00fcgen mu\u00df. In diesen Unterk\u00fcnften wurde die Luftqualit\u00e4t zu einem Hauptanliegen. Die \u00dcbernahme f\u00fchrte zur [&hellip;]","og_url":"https:\/\/www.gasmet.com\/de\/company\/unternehmensgeschichte\/","og_site_name":"Gasmet.de","article_modified_time":"2026-03-19T08:52:50+00:00","og_image":[{"width":2000,"height":500,"url":"https:\/\/www.gasmet.com\/de\/wp-content\/uploads\/sites\/6\/2024\/11\/gasmet_brand_cobaltsand.jpg","type":"image\/jpeg"}],"twitter_card":"summary_large_image","twitter_misc":{"Gesch\u00e4tzte Lesezeit":"2\u00a0Minuten"},"schema":{"@context":"https:\/\/schema.org","@graph":[{"@type":"WebPage","@id":"https:\/\/www.gasmet.com\/de\/company\/unternehmensgeschichte\/","url":"https:\/\/www.gasmet.com\/de\/company\/unternehmensgeschichte\/","name":"Unternehmensgeschichte - Gasmet.de","isPartOf":{"@id":"https:\/\/www.gasmet.com\/de\/#website"},"primaryImageOfPage":{"@id":"https:\/\/www.gasmet.com\/de\/company\/unternehmensgeschichte\/#primaryimage"},"image":{"@id":"https:\/\/www.gasmet.com\/de\/company\/unternehmensgeschichte\/#primaryimage"},"thumbnailUrl":"https:\/\/www.gasmet.com\/de\/wp-content\/uploads\/sites\/6\/2024\/11\/gasmet_brand_cobaltsand.jpg","datePublished":"2018-02-08T07:09:46+00:00","dateModified":"2026-03-19T08:52:50+00:00","breadcrumb":{"@id":"https:\/\/www.gasmet.com\/de\/company\/unternehmensgeschichte\/#breadcrumb"},"inLanguage":"de","potentialAction":[{"@type":"ReadAction","target":["https:\/\/www.gasmet.com\/de\/company\/unternehmensgeschichte\/"]}]},{"@type":"ImageObject","inLanguage":"de","@id":"https:\/\/www.gasmet.com\/de\/company\/unternehmensgeschichte\/#primaryimage","url":"https:\/\/www.gasmet.com\/de\/wp-content\/uploads\/sites\/6\/2024\/11\/gasmet_brand_cobaltsand.jpg","contentUrl":"https:\/\/www.gasmet.com\/de\/wp-content\/uploads\/sites\/6\/2024\/11\/gasmet_brand_cobaltsand.jpg","width":2000,"height":500},{"@type":"BreadcrumbList","@id":"https:\/\/www.gasmet.com\/de\/company\/unternehmensgeschichte\/#breadcrumb","itemListElement":[{"@type":"ListItem","position":1,"name":"Home","item":"https:\/\/www.gasmet.com\/de\/"},{"@type":"ListItem","position":2,"name":"Unternehmen","item":"https:\/\/www.gasmet.com\/de\/company\/"},{"@type":"ListItem","position":3,"name":"Unternehmensgeschichte"}]},{"@type":"WebSite","@id":"https:\/\/www.gasmet.com\/de\/#website","url":"https:\/\/www.gasmet.com\/de\/","name":"Gasmet.de","description":"Gasanalyik &amp; Gasmesstechnik von der Probenahme bis zum Messger\u00e4t","potentialAction":[{"@type":"SearchAction","target":{"@type":"EntryPoint","urlTemplate":"https:\/\/www.gasmet.com\/de\/?s={search_term_string}"},"query-input":{"@type":"PropertyValueSpecification","valueRequired":true,"valueName":"search_term_string"}}],"inLanguage":"de"}]}},"_links":{"self":[{"href":"https:\/\/www.gasmet.com\/de\/wp-json\/wp\/v2\/pages\/306","targetHints":{"allow":["GET"]}}],"collection":[{"href":"https:\/\/www.gasmet.com\/de\/wp-json\/wp\/v2\/pages"}],"about":[{"href":"https:\/\/www.gasmet.com\/de\/wp-json\/wp\/v2\/types\/page"}],"author":[{"embeddable":true,"href":"https:\/\/www.gasmet.com\/de\/wp-json\/wp\/v2\/users\/1"}],"replies":[{"embeddable":true,"href":"https:\/\/www.gasmet.com\/de\/wp-json\/wp\/v2\/comments?post=306"}],"version-history":[{"count":30,"href":"https:\/\/www.gasmet.com\/de\/wp-json\/wp\/v2\/pages\/306\/revisions"}],"predecessor-version":[{"id":12626,"href":"https:\/\/www.gasmet.com\/de\/wp-json\/wp\/v2\/pages\/306\/revisions\/12626"}],"up":[{"embeddable":true,"href":"https:\/\/www.gasmet.com\/de\/wp-json\/wp\/v2\/pages\/1239"}],"wp:featuredmedia":[{"embeddable":true,"href":"https:\/\/www.gasmet.com\/de\/wp-json\/wp\/v2\/media\/12293"}],"wp:attachment":[{"href":"https:\/\/www.gasmet.com\/de\/wp-json\/wp\/v2\/media?parent=306"}],"wp:term":[{"taxonomy":"post_tag","embeddable":true,"href":"https:\/\/www.gasmet.com\/de\/wp-json\/wp\/v2\/tags?post=306"}],"curies":[{"name":"wp","href":"https:\/\/api.w.org\/{rel}","templated":true}]}}