{"id":20,"date":"2018-01-18T13:25:28","date_gmt":"2018-01-18T13:25:28","guid":{"rendered":"http:\/\/www.gasmet.com\/testisivusto.gasmet.com\/de\/?page_id=20"},"modified":"2025-10-15T12:51:35","modified_gmt":"2025-10-15T12:51:35","slug":"arbeitsschutz-und-gefahrenabwehr","status":"publish","type":"page","link":"https:\/\/www.gasmet.com\/de\/einsatzgebiete\/arbeitsschutz-und-gefahrenabwehr\/","title":{"rendered":"Arbeitsschutz und Gefahrenabwehr"},"content":{"rendered":"<p><em>Viele Menschen sind aufgrund der in verschiedenen Industriezweigen verwendeten giftigen Gaskomponenten gef\u00e4hrlichen Arbeitsbedingungen ausgesetzt. Rettungskr\u00e4fte, Labor- und Hafenpersonal sind einige der Besch\u00e4ftigtengruppen, die mit verschiedenen Giftstoffen und Situationen konfrontiert werden, die ein hohes Sicherheitsrisiko darstellen k\u00f6nnen.<\/em><\/p>\n<p>Wir bei Gasmet bieten <a href=\"https:\/\/www.gasmet.com\/de\/produkte\/category\/gas-analysatoren\/\" target=\"_blank\" rel=\"noopener\">erstklassige Gasanalysatoren<\/a> f\u00fcr verschiedene Sicherheitsanwendungen. Wir haben es uns zur Aufgabe gemacht, unsere Kundinnen und Kunden mit unseren zeit- und kosteneffizienten L\u00f6sungen dabei zu unterst\u00fctzen, die Sicherheit am Arbeitsplatz zu gew\u00e4hrleisten.<\/p>\n<div class=\"the-content\">\n<h2><strong>Gef\u00e4hrliche Gase\u00a0<\/strong><\/h2>\n<p>Es gibt mehrere Gase, die kurz- oder langfristig gesundheitssch\u00e4dliche Auswirkungen haben k\u00f6nnen. Im schlimmsten Fall entwickeln sich die Symptome langsam und treten erst Jahre nach der kontinuierlichen Exposition auf. Es kann zu schwerwiegenden Gesundheitsproblemen mit t\u00f6dlichem Ausgang kommen. Kohlenmonoxid, Formaldehyd, Toluol, Phosphin und fl\u00fcchtige organische Verbindungen (<a href=\"https:\/\/www.epa.gov\/indoor-air-quality-iaq\/volatile-organic-compounds-impact-indoor-air-quality\" target=\"_blank\" rel=\"noopener\">VOCs<\/a>) sind nur einige der potenziellen Bestandteile, denen Menschen ausgesetzt sein k\u00f6nnen. Aufgrund der gro\u00dfen Vielfalt dieser Komponenten m\u00fcssen die <a href=\"https:\/\/www.gasmet.com\/de\/cases\/gas-analysis-improves-container-safety\/\" target=\"_blank\" rel=\"noopener\">Ger\u00e4te zur Erkennung und Messung<\/a> toxischer Gase zuverl\u00e4ssig sein und auch unbekannte Gase erkennen k\u00f6nnen.<\/p>\n<\/div>\n","protected":false},"excerpt":{"rendered":"<p>Viele Menschen sind aufgrund der in verschiedenen Industriezweigen verwendeten giftigen Gaskomponenten gef\u00e4hrlichen Arbeitsbedingungen ausgesetzt. Rettungskr\u00e4fte, Labor- und Hafenpersonal sind einige der Besch\u00e4ftigtengruppen, die mit verschiedenen Giftstoffen und Situationen konfrontiert werden, die ein hohes Sicherheitsrisiko darstellen k\u00f6nnen. Wir bei Gasmet bieten erstklassige Gasanalysatoren f\u00fcr verschiedene Sicherheitsanwendungen. Wir haben es uns zur Aufgabe gemacht, unsere Kundinnen und [&hellip;]<\/p>\n","protected":false},"author":1,"featured_media":12245,"parent":1232,"menu_order":30,"comment_status":"closed","ping_status":"closed","template":"","meta":{"_acf_changed":false,"inline_featured_image":false,"footnotes":""},"tags":[30],"class_list":["post-20","page","type-page","status-publish","has-post-thumbnail","hentry","tag-sicherheit"],"acf":[],"yoast_head":"<!-- This site is optimized with the Yoast SEO plugin v27.3 - https:\/\/yoast.com\/product\/yoast-seo-wordpress\/ -->\n<title>Arbeitsschutz und Gefahrenabwehr - Gasmet.de<\/title>\n<meta name=\"robots\" content=\"index, follow, max-snippet:-1, max-image-preview:large, max-video-preview:-1\" \/>\n<link rel=\"canonical\" href=\"https:\/\/www.gasmet.com\/de\/einsatzgebiete\/arbeitsschutz-und-gefahrenabwehr\/\" \/>\n<meta property=\"og:locale\" content=\"de_DE\" \/>\n<meta property=\"og:type\" content=\"article\" \/>\n<meta property=\"og:title\" content=\"Arbeitsschutz und Gefahrenabwehr - Gasmet.de\" \/>\n<meta property=\"og:description\" content=\"Viele Menschen sind aufgrund der in verschiedenen Industriezweigen verwendeten giftigen Gaskomponenten gef\u00e4hrlichen Arbeitsbedingungen ausgesetzt. Rettungskr\u00e4fte, Labor- und Hafenpersonal sind einige der Besch\u00e4ftigtengruppen, die mit verschiedenen Giftstoffen und Situationen konfrontiert werden, die ein hohes Sicherheitsrisiko darstellen k\u00f6nnen. Wir bei Gasmet bieten erstklassige Gasanalysatoren f\u00fcr verschiedene Sicherheitsanwendungen. Wir haben es uns zur Aufgabe gemacht, unsere Kundinnen und [&hellip;]\" \/>\n<meta property=\"og:url\" content=\"https:\/\/www.gasmet.com\/de\/einsatzgebiete\/arbeitsschutz-und-gefahrenabwehr\/\" \/>\n<meta property=\"og:site_name\" content=\"Gasmet.de\" \/>\n<meta property=\"article:modified_time\" content=\"2025-10-15T12:51:35+00:00\" \/>\n<meta property=\"og:image\" content=\"https:\/\/www.gasmet.com\/de\/wp-content\/uploads\/sites\/6\/2024\/07\/Safety-banner.jpg\" \/>\n\t<meta property=\"og:image:width\" content=\"2000\" \/>\n\t<meta property=\"og:image:height\" content=\"500\" \/>\n\t<meta property=\"og:image:type\" content=\"image\/jpeg\" \/>\n<meta name=\"twitter:card\" content=\"summary_large_image\" \/>\n<meta name=\"twitter:label1\" content=\"Gesch\u00e4tzte Lesezeit\" \/>\n\t<meta name=\"twitter:data1\" content=\"2\u00a0Minuten\" \/>\n<script type=\"application\/ld+json\" class=\"yoast-schema-graph\">{\"@context\":\"https:\\\/\\\/schema.org\",\"@graph\":[{\"@type\":\"WebPage\",\"@id\":\"https:\\\/\\\/www.gasmet.com\\\/de\\\/einsatzgebiete\\\/arbeitsschutz-und-gefahrenabwehr\\\/\",\"url\":\"https:\\\/\\\/www.gasmet.com\\\/de\\\/einsatzgebiete\\\/arbeitsschutz-und-gefahrenabwehr\\\/\",\"name\":\"Arbeitsschutz und Gefahrenabwehr - Gasmet.de\",\"isPartOf\":{\"@id\":\"https:\\\/\\\/www.gasmet.com\\\/de\\\/#website\"},\"primaryImageOfPage\":{\"@id\":\"https:\\\/\\\/www.gasmet.com\\\/de\\\/einsatzgebiete\\\/arbeitsschutz-und-gefahrenabwehr\\\/#primaryimage\"},\"image\":{\"@id\":\"https:\\\/\\\/www.gasmet.com\\\/de\\\/einsatzgebiete\\\/arbeitsschutz-und-gefahrenabwehr\\\/#primaryimage\"},\"thumbnailUrl\":\"https:\\\/\\\/www.gasmet.com\\\/de\\\/wp-content\\\/uploads\\\/sites\\\/6\\\/2024\\\/07\\\/Safety-banner.jpg\",\"datePublished\":\"2018-01-18T13:25:28+00:00\",\"dateModified\":\"2025-10-15T12:51:35+00:00\",\"breadcrumb\":{\"@id\":\"https:\\\/\\\/www.gasmet.com\\\/de\\\/einsatzgebiete\\\/arbeitsschutz-und-gefahrenabwehr\\\/#breadcrumb\"},\"inLanguage\":\"de\",\"potentialAction\":[{\"@type\":\"ReadAction\",\"target\":[\"https:\\\/\\\/www.gasmet.com\\\/de\\\/einsatzgebiete\\\/arbeitsschutz-und-gefahrenabwehr\\\/\"]}]},{\"@type\":\"ImageObject\",\"inLanguage\":\"de\",\"@id\":\"https:\\\/\\\/www.gasmet.com\\\/de\\\/einsatzgebiete\\\/arbeitsschutz-und-gefahrenabwehr\\\/#primaryimage\",\"url\":\"https:\\\/\\\/www.gasmet.com\\\/de\\\/wp-content\\\/uploads\\\/sites\\\/6\\\/2024\\\/07\\\/Safety-banner.jpg\",\"contentUrl\":\"https:\\\/\\\/www.gasmet.com\\\/de\\\/wp-content\\\/uploads\\\/sites\\\/6\\\/2024\\\/07\\\/Safety-banner.jpg\",\"width\":2000,\"height\":500},{\"@type\":\"BreadcrumbList\",\"@id\":\"https:\\\/\\\/www.gasmet.com\\\/de\\\/einsatzgebiete\\\/arbeitsschutz-und-gefahrenabwehr\\\/#breadcrumb\",\"itemListElement\":[{\"@type\":\"ListItem\",\"position\":1,\"name\":\"Home\",\"item\":\"https:\\\/\\\/www.gasmet.com\\\/de\\\/\"},{\"@type\":\"ListItem\",\"position\":2,\"name\":\"Einsatzgebiete\",\"item\":\"https:\\\/\\\/www.gasmet.com\\\/de\\\/einsatzgebiete\\\/\"},{\"@type\":\"ListItem\",\"position\":3,\"name\":\"Arbeitsschutz und Gefahrenabwehr\"}]},{\"@type\":\"WebSite\",\"@id\":\"https:\\\/\\\/www.gasmet.com\\\/de\\\/#website\",\"url\":\"https:\\\/\\\/www.gasmet.com\\\/de\\\/\",\"name\":\"Gasmet.de\",\"description\":\"Gasanalyik &amp; Gasmesstechnik von der Probenahme bis zum Messger\u00e4t\",\"potentialAction\":[{\"@type\":\"SearchAction\",\"target\":{\"@type\":\"EntryPoint\",\"urlTemplate\":\"https:\\\/\\\/www.gasmet.com\\\/de\\\/?s={search_term_string}\"},\"query-input\":{\"@type\":\"PropertyValueSpecification\",\"valueRequired\":true,\"valueName\":\"search_term_string\"}}],\"inLanguage\":\"de\"}]}<\/script>\n<!-- \/ Yoast SEO plugin. -->","yoast_head_json":{"title":"Arbeitsschutz und Gefahrenabwehr - Gasmet.de","robots":{"index":"index","follow":"follow","max-snippet":"max-snippet:-1","max-image-preview":"max-image-preview:large","max-video-preview":"max-video-preview:-1"},"canonical":"https:\/\/www.gasmet.com\/de\/einsatzgebiete\/arbeitsschutz-und-gefahrenabwehr\/","og_locale":"de_DE","og_type":"article","og_title":"Arbeitsschutz und Gefahrenabwehr - Gasmet.de","og_description":"Viele Menschen sind aufgrund der in verschiedenen Industriezweigen verwendeten giftigen Gaskomponenten gef\u00e4hrlichen Arbeitsbedingungen ausgesetzt. Rettungskr\u00e4fte, Labor- und Hafenpersonal sind einige der Besch\u00e4ftigtengruppen, die mit verschiedenen Giftstoffen und Situationen konfrontiert werden, die ein hohes Sicherheitsrisiko darstellen k\u00f6nnen. Wir bei Gasmet bieten erstklassige Gasanalysatoren f\u00fcr verschiedene Sicherheitsanwendungen. Wir haben es uns zur Aufgabe gemacht, unsere Kundinnen und [&hellip;]","og_url":"https:\/\/www.gasmet.com\/de\/einsatzgebiete\/arbeitsschutz-und-gefahrenabwehr\/","og_site_name":"Gasmet.de","article_modified_time":"2025-10-15T12:51:35+00:00","og_image":[{"width":2000,"height":500,"url":"https:\/\/www.gasmet.com\/de\/wp-content\/uploads\/sites\/6\/2024\/07\/Safety-banner.jpg","type":"image\/jpeg"}],"twitter_card":"summary_large_image","twitter_misc":{"Gesch\u00e4tzte Lesezeit":"2\u00a0Minuten"},"schema":{"@context":"https:\/\/schema.org","@graph":[{"@type":"WebPage","@id":"https:\/\/www.gasmet.com\/de\/einsatzgebiete\/arbeitsschutz-und-gefahrenabwehr\/","url":"https:\/\/www.gasmet.com\/de\/einsatzgebiete\/arbeitsschutz-und-gefahrenabwehr\/","name":"Arbeitsschutz und Gefahrenabwehr - Gasmet.de","isPartOf":{"@id":"https:\/\/www.gasmet.com\/de\/#website"},"primaryImageOfPage":{"@id":"https:\/\/www.gasmet.com\/de\/einsatzgebiete\/arbeitsschutz-und-gefahrenabwehr\/#primaryimage"},"image":{"@id":"https:\/\/www.gasmet.com\/de\/einsatzgebiete\/arbeitsschutz-und-gefahrenabwehr\/#primaryimage"},"thumbnailUrl":"https:\/\/www.gasmet.com\/de\/wp-content\/uploads\/sites\/6\/2024\/07\/Safety-banner.jpg","datePublished":"2018-01-18T13:25:28+00:00","dateModified":"2025-10-15T12:51:35+00:00","breadcrumb":{"@id":"https:\/\/www.gasmet.com\/de\/einsatzgebiete\/arbeitsschutz-und-gefahrenabwehr\/#breadcrumb"},"inLanguage":"de","potentialAction":[{"@type":"ReadAction","target":["https:\/\/www.gasmet.com\/de\/einsatzgebiete\/arbeitsschutz-und-gefahrenabwehr\/"]}]},{"@type":"ImageObject","inLanguage":"de","@id":"https:\/\/www.gasmet.com\/de\/einsatzgebiete\/arbeitsschutz-und-gefahrenabwehr\/#primaryimage","url":"https:\/\/www.gasmet.com\/de\/wp-content\/uploads\/sites\/6\/2024\/07\/Safety-banner.jpg","contentUrl":"https:\/\/www.gasmet.com\/de\/wp-content\/uploads\/sites\/6\/2024\/07\/Safety-banner.jpg","width":2000,"height":500},{"@type":"BreadcrumbList","@id":"https:\/\/www.gasmet.com\/de\/einsatzgebiete\/arbeitsschutz-und-gefahrenabwehr\/#breadcrumb","itemListElement":[{"@type":"ListItem","position":1,"name":"Home","item":"https:\/\/www.gasmet.com\/de\/"},{"@type":"ListItem","position":2,"name":"Einsatzgebiete","item":"https:\/\/www.gasmet.com\/de\/einsatzgebiete\/"},{"@type":"ListItem","position":3,"name":"Arbeitsschutz und Gefahrenabwehr"}]},{"@type":"WebSite","@id":"https:\/\/www.gasmet.com\/de\/#website","url":"https:\/\/www.gasmet.com\/de\/","name":"Gasmet.de","description":"Gasanalyik &amp; Gasmesstechnik von der Probenahme bis zum Messger\u00e4t","potentialAction":[{"@type":"SearchAction","target":{"@type":"EntryPoint","urlTemplate":"https:\/\/www.gasmet.com\/de\/?s={search_term_string}"},"query-input":{"@type":"PropertyValueSpecification","valueRequired":true,"valueName":"search_term_string"}}],"inLanguage":"de"}]}},"_links":{"self":[{"href":"https:\/\/www.gasmet.com\/de\/wp-json\/wp\/v2\/pages\/20","targetHints":{"allow":["GET"]}}],"collection":[{"href":"https:\/\/www.gasmet.com\/de\/wp-json\/wp\/v2\/pages"}],"about":[{"href":"https:\/\/www.gasmet.com\/de\/wp-json\/wp\/v2\/types\/page"}],"author":[{"embeddable":true,"href":"https:\/\/www.gasmet.com\/de\/wp-json\/wp\/v2\/users\/1"}],"replies":[{"embeddable":true,"href":"https:\/\/www.gasmet.com\/de\/wp-json\/wp\/v2\/comments?post=20"}],"version-history":[{"count":40,"href":"https:\/\/www.gasmet.com\/de\/wp-json\/wp\/v2\/pages\/20\/revisions"}],"predecessor-version":[{"id":12634,"href":"https:\/\/www.gasmet.com\/de\/wp-json\/wp\/v2\/pages\/20\/revisions\/12634"}],"up":[{"embeddable":true,"href":"https:\/\/www.gasmet.com\/de\/wp-json\/wp\/v2\/pages\/1232"}],"wp:featuredmedia":[{"embeddable":true,"href":"https:\/\/www.gasmet.com\/de\/wp-json\/wp\/v2\/media\/12245"}],"wp:attachment":[{"href":"https:\/\/www.gasmet.com\/de\/wp-json\/wp\/v2\/media?parent=20"}],"wp:term":[{"taxonomy":"post_tag","embeddable":true,"href":"https:\/\/www.gasmet.com\/de\/wp-json\/wp\/v2\/tags?post=20"}],"curies":[{"name":"wp","href":"https:\/\/api.w.org\/{rel}","templated":true}]}}