{"id":18,"date":"2018-01-18T13:25:17","date_gmt":"2018-01-18T13:25:17","guid":{"rendered":"http:\/\/www.gasmet.com\/testisivusto.gasmet.com\/de\/?page_id=18"},"modified":"2024-07-26T11:05:55","modified_gmt":"2024-07-26T11:05:55","slug":"forschung-umwelt","status":"publish","type":"page","link":"https:\/\/www.gasmet.com\/de\/einsatzgebiete\/forschung-umwelt\/","title":{"rendered":"Forschung, Umwelt"},"content":{"rendered":"<p><em>Treibhausgase (THG) wie Kohlendioxid, Methan und Lachgas stellen eine enorme Bedrohung f\u00fcr die Umwelt dar. Der Klimawandel ist nicht ein Ph\u00e4nomen, das blo\u00df in ferner Zukunft liegt und \u00fcber das wir lediglich theoretisch nachdenken sollten, er findet hier und jetzt statt. Wir bei Gasmet sind uns unserer entscheidenden Rolle bewusst, die wir bei den globalen Bem\u00fchungen um die Eind\u00e4mmung des Klimawandels und den Schutz der Natur spielen, indem wir Werkzeuge zur Hightech-Gasanalyse f\u00fcr Forschende und Forschungsgruppen auf der ganzen Welt anbieten.<\/em><\/p>\n<h2>Ein besseres Verst\u00e4ndnis vom Klimawandel und der Umwelt<\/h2>\n<p>Treibhausgase ver\u00e4ndern die Strahlungsbilanz der Erde, indem sie einen Teil der von der Erde ausgehenden Energie zur\u00fcckhalten. Dies beeintr\u00e4chtigt das Gleichgewicht zwischen der von der Sonne empfangenen und der von der Erde abgegebenen Energie und f\u00fchrt zu Ver\u00e4nderungen des globalen Klimas und Wetters. Dies wiederum hat enorme Auswirkungen auf die Umwelt. Um Ihnen zu helfen, die Mechanismen hinter diesen Treibhausgasen zu verstehen, stellen wir L\u00f6sungen f\u00fcr die Gasanalyse her, die zum Schutz der Umwelt beitragen. Das Verst\u00e4ndnis daf\u00fcr, wie Land- und Viehwirtschaft das Gleichgewicht dieser Gase beeinflussen k\u00f6nnen, ist oft die Grundlage der Forschung. Unsere hochmodernen Gasanalysatoren f\u00fcr die Umwelt\u00fcberwachung unterst\u00fctzen unsere Kundinnen und Kunden dabei, ihr Forschungsziel auf zuverl\u00e4ssige und kosteneffiziente Weise zu erreichen. Als Hightech-Unternehmen sind wir uns der Macht der Technologie bewusst und davon \u00fcberzeugt, dass unsere L\u00f6sungen dazu beitragen k\u00f6nnen, die globale Erw\u00e4rmung durch die Unterst\u00fctzung der Forschung zum Thema Klimawandel in eine andere Richtung zu lenken.<\/p>\n<h3><strong>Gasanalyse in einer Vielzahl an Anwendungen<\/strong><\/h3>\n<ul>\n<li>Biologische und nicht-biologische Prozesse im Boden stellen eine wichtige Quelle f\u00fcr <a href=\"https:\/\/www.gasmet.com\/de\/einsatzgebiete\/forschung-umwelt\/treibhausgase\/\" target=\"_blank\" rel=\"noopener\">Treibhausgase<\/a> dar.\u202f Die Messung des Bodenluftflusses &#8211; des Austauschs von Gasen zwischen Boden und Atmosph\u00e4re &#8211; wie Kohlendioxid (CO<sub>2<\/sub>), Methan (CH<sub>4<\/sub>) und Distickstoffoxid (N<sub>2<\/sub>O) ist ein wichtiger Bestandteil der Forschung zum Klimawandel.<\/li>\n<li>Wiederk\u00e4uer erzeugen aufgrund ihres Verdauungsprozesses einen erheblichen Anteil der anthropogenen Treibhausgasemissionen, insbesondere Methan (CH<sub>4<\/sub>). Die M\u00f6glichkeit, diese <a href=\"https:\/\/www.gasmet.com\/de\/einsatzgebiete\/forschung-umwelt\/emissionen-von-wiederkaeuern\/\" target=\"_blank\" rel=\"noopener\">Treibhausgase aus der Nutztierhaltung<\/a> mit Hilfe eines tragbaren Multigasanalysators zu messen, gibt Forschenden die notwendigen Werkzeuge an die Hand, diese Prozesse vor Ort zu verstehen und zu analysieren.<\/li>\n<\/ul>\n<p><strong>Sie sind sich nicht sicher, ob unsere L\u00f6sungen zu Ihrem T\u00e4tigkeitsbereich passen? <a href=\"https:\/\/www.gasmet.com\/de\/kontakt\/\" target=\"_blank\" rel=\"noopener\">Wenden Sie sich hier direkt an unsere Expertinnen und Experten oder den lokalen Handel in Ihrer N\u00e4he.<\/a><\/strong><\/p>\n","protected":false},"excerpt":{"rendered":"<p>Treibhausgase (THG) wie Kohlendioxid, Methan und Lachgas stellen eine enorme Bedrohung f\u00fcr die Umwelt dar. Der Klimawandel ist nicht ein Ph\u00e4nomen, das blo\u00df in ferner Zukunft liegt und \u00fcber das wir lediglich theoretisch nachdenken sollten, er findet hier und jetzt statt. Wir bei Gasmet sind uns unserer entscheidenden Rolle bewusst, die wir bei den globalen [&hellip;]<\/p>\n","protected":false},"author":1,"featured_media":12246,"parent":1232,"menu_order":43,"comment_status":"closed","ping_status":"closed","template":"","meta":{"_acf_changed":false,"inline_featured_image":false,"footnotes":""},"tags":[29],"class_list":["post-18","page","type-page","status-publish","has-post-thumbnail","hentry","tag-environment"],"acf":[],"yoast_head":"<!-- This site is optimized with the Yoast SEO plugin v27.4 - https:\/\/yoast.com\/product\/yoast-seo-wordpress\/ -->\n<title>Forschung, Umwelt - Gasmet.de<\/title>\n<meta name=\"robots\" content=\"index, follow, max-snippet:-1, max-image-preview:large, max-video-preview:-1\" \/>\n<link rel=\"canonical\" href=\"https:\/\/www.gasmet.com\/de\/einsatzgebiete\/forschung-umwelt\/\" \/>\n<meta property=\"og:locale\" content=\"de_DE\" \/>\n<meta property=\"og:type\" content=\"article\" \/>\n<meta property=\"og:title\" content=\"Forschung, Umwelt - Gasmet.de\" \/>\n<meta property=\"og:description\" content=\"Treibhausgase (THG) wie Kohlendioxid, Methan und Lachgas stellen eine enorme Bedrohung f\u00fcr die Umwelt dar. Der Klimawandel ist nicht ein Ph\u00e4nomen, das blo\u00df in ferner Zukunft liegt und \u00fcber das wir lediglich theoretisch nachdenken sollten, er findet hier und jetzt statt. Wir bei Gasmet sind uns unserer entscheidenden Rolle bewusst, die wir bei den globalen [&hellip;]\" \/>\n<meta property=\"og:url\" content=\"https:\/\/www.gasmet.com\/de\/einsatzgebiete\/forschung-umwelt\/\" \/>\n<meta property=\"og:site_name\" content=\"Gasmet.de\" \/>\n<meta property=\"article:modified_time\" content=\"2024-07-26T11:05:55+00:00\" \/>\n<meta property=\"og:image\" content=\"https:\/\/www.gasmet.com\/de\/wp-content\/uploads\/sites\/6\/2024\/07\/Environment-research-banner.jpg\" \/>\n\t<meta property=\"og:image:width\" content=\"2000\" \/>\n\t<meta property=\"og:image:height\" content=\"500\" \/>\n\t<meta property=\"og:image:type\" content=\"image\/jpeg\" \/>\n<meta name=\"twitter:card\" content=\"summary_large_image\" \/>\n<meta name=\"twitter:label1\" content=\"Gesch\u00e4tzte Lesezeit\" \/>\n\t<meta name=\"twitter:data1\" content=\"3\u00a0Minuten\" \/>\n<script type=\"application\/ld+json\" class=\"yoast-schema-graph\">{\"@context\":\"https:\\\/\\\/schema.org\",\"@graph\":[{\"@type\":\"WebPage\",\"@id\":\"https:\\\/\\\/www.gasmet.com\\\/de\\\/einsatzgebiete\\\/forschung-umwelt\\\/\",\"url\":\"https:\\\/\\\/www.gasmet.com\\\/de\\\/einsatzgebiete\\\/forschung-umwelt\\\/\",\"name\":\"Forschung, Umwelt - Gasmet.de\",\"isPartOf\":{\"@id\":\"https:\\\/\\\/www.gasmet.com\\\/de\\\/#website\"},\"primaryImageOfPage\":{\"@id\":\"https:\\\/\\\/www.gasmet.com\\\/de\\\/einsatzgebiete\\\/forschung-umwelt\\\/#primaryimage\"},\"image\":{\"@id\":\"https:\\\/\\\/www.gasmet.com\\\/de\\\/einsatzgebiete\\\/forschung-umwelt\\\/#primaryimage\"},\"thumbnailUrl\":\"https:\\\/\\\/www.gasmet.com\\\/de\\\/wp-content\\\/uploads\\\/sites\\\/6\\\/2024\\\/07\\\/Environment-research-banner.jpg\",\"datePublished\":\"2018-01-18T13:25:17+00:00\",\"dateModified\":\"2024-07-26T11:05:55+00:00\",\"breadcrumb\":{\"@id\":\"https:\\\/\\\/www.gasmet.com\\\/de\\\/einsatzgebiete\\\/forschung-umwelt\\\/#breadcrumb\"},\"inLanguage\":\"de\",\"potentialAction\":[{\"@type\":\"ReadAction\",\"target\":[\"https:\\\/\\\/www.gasmet.com\\\/de\\\/einsatzgebiete\\\/forschung-umwelt\\\/\"]}]},{\"@type\":\"ImageObject\",\"inLanguage\":\"de\",\"@id\":\"https:\\\/\\\/www.gasmet.com\\\/de\\\/einsatzgebiete\\\/forschung-umwelt\\\/#primaryimage\",\"url\":\"https:\\\/\\\/www.gasmet.com\\\/de\\\/wp-content\\\/uploads\\\/sites\\\/6\\\/2024\\\/07\\\/Environment-research-banner.jpg\",\"contentUrl\":\"https:\\\/\\\/www.gasmet.com\\\/de\\\/wp-content\\\/uploads\\\/sites\\\/6\\\/2024\\\/07\\\/Environment-research-banner.jpg\",\"width\":2000,\"height\":500},{\"@type\":\"BreadcrumbList\",\"@id\":\"https:\\\/\\\/www.gasmet.com\\\/de\\\/einsatzgebiete\\\/forschung-umwelt\\\/#breadcrumb\",\"itemListElement\":[{\"@type\":\"ListItem\",\"position\":1,\"name\":\"Home\",\"item\":\"https:\\\/\\\/www.gasmet.com\\\/de\\\/\"},{\"@type\":\"ListItem\",\"position\":2,\"name\":\"Einsatzgebiete\",\"item\":\"https:\\\/\\\/www.gasmet.com\\\/de\\\/einsatzgebiete\\\/\"},{\"@type\":\"ListItem\",\"position\":3,\"name\":\"Forschung, Umwelt\"}]},{\"@type\":\"WebSite\",\"@id\":\"https:\\\/\\\/www.gasmet.com\\\/de\\\/#website\",\"url\":\"https:\\\/\\\/www.gasmet.com\\\/de\\\/\",\"name\":\"Gasmet.de\",\"description\":\"Gasanalyik &amp; Gasmesstechnik von der Probenahme bis zum Messger\u00e4t\",\"potentialAction\":[{\"@type\":\"SearchAction\",\"target\":{\"@type\":\"EntryPoint\",\"urlTemplate\":\"https:\\\/\\\/www.gasmet.com\\\/de\\\/?s={search_term_string}\"},\"query-input\":{\"@type\":\"PropertyValueSpecification\",\"valueRequired\":true,\"valueName\":\"search_term_string\"}}],\"inLanguage\":\"de\"}]}<\/script>\n<!-- \/ Yoast SEO plugin. -->","yoast_head_json":{"title":"Forschung, Umwelt - Gasmet.de","robots":{"index":"index","follow":"follow","max-snippet":"max-snippet:-1","max-image-preview":"max-image-preview:large","max-video-preview":"max-video-preview:-1"},"canonical":"https:\/\/www.gasmet.com\/de\/einsatzgebiete\/forschung-umwelt\/","og_locale":"de_DE","og_type":"article","og_title":"Forschung, Umwelt - Gasmet.de","og_description":"Treibhausgase (THG) wie Kohlendioxid, Methan und Lachgas stellen eine enorme Bedrohung f\u00fcr die Umwelt dar. Der Klimawandel ist nicht ein Ph\u00e4nomen, das blo\u00df in ferner Zukunft liegt und \u00fcber das wir lediglich theoretisch nachdenken sollten, er findet hier und jetzt statt. Wir bei Gasmet sind uns unserer entscheidenden Rolle bewusst, die wir bei den globalen [&hellip;]","og_url":"https:\/\/www.gasmet.com\/de\/einsatzgebiete\/forschung-umwelt\/","og_site_name":"Gasmet.de","article_modified_time":"2024-07-26T11:05:55+00:00","og_image":[{"width":2000,"height":500,"url":"https:\/\/www.gasmet.com\/de\/wp-content\/uploads\/sites\/6\/2024\/07\/Environment-research-banner.jpg","type":"image\/jpeg"}],"twitter_card":"summary_large_image","twitter_misc":{"Gesch\u00e4tzte Lesezeit":"3\u00a0Minuten"},"schema":{"@context":"https:\/\/schema.org","@graph":[{"@type":"WebPage","@id":"https:\/\/www.gasmet.com\/de\/einsatzgebiete\/forschung-umwelt\/","url":"https:\/\/www.gasmet.com\/de\/einsatzgebiete\/forschung-umwelt\/","name":"Forschung, Umwelt - Gasmet.de","isPartOf":{"@id":"https:\/\/www.gasmet.com\/de\/#website"},"primaryImageOfPage":{"@id":"https:\/\/www.gasmet.com\/de\/einsatzgebiete\/forschung-umwelt\/#primaryimage"},"image":{"@id":"https:\/\/www.gasmet.com\/de\/einsatzgebiete\/forschung-umwelt\/#primaryimage"},"thumbnailUrl":"https:\/\/www.gasmet.com\/de\/wp-content\/uploads\/sites\/6\/2024\/07\/Environment-research-banner.jpg","datePublished":"2018-01-18T13:25:17+00:00","dateModified":"2024-07-26T11:05:55+00:00","breadcrumb":{"@id":"https:\/\/www.gasmet.com\/de\/einsatzgebiete\/forschung-umwelt\/#breadcrumb"},"inLanguage":"de","potentialAction":[{"@type":"ReadAction","target":["https:\/\/www.gasmet.com\/de\/einsatzgebiete\/forschung-umwelt\/"]}]},{"@type":"ImageObject","inLanguage":"de","@id":"https:\/\/www.gasmet.com\/de\/einsatzgebiete\/forschung-umwelt\/#primaryimage","url":"https:\/\/www.gasmet.com\/de\/wp-content\/uploads\/sites\/6\/2024\/07\/Environment-research-banner.jpg","contentUrl":"https:\/\/www.gasmet.com\/de\/wp-content\/uploads\/sites\/6\/2024\/07\/Environment-research-banner.jpg","width":2000,"height":500},{"@type":"BreadcrumbList","@id":"https:\/\/www.gasmet.com\/de\/einsatzgebiete\/forschung-umwelt\/#breadcrumb","itemListElement":[{"@type":"ListItem","position":1,"name":"Home","item":"https:\/\/www.gasmet.com\/de\/"},{"@type":"ListItem","position":2,"name":"Einsatzgebiete","item":"https:\/\/www.gasmet.com\/de\/einsatzgebiete\/"},{"@type":"ListItem","position":3,"name":"Forschung, Umwelt"}]},{"@type":"WebSite","@id":"https:\/\/www.gasmet.com\/de\/#website","url":"https:\/\/www.gasmet.com\/de\/","name":"Gasmet.de","description":"Gasanalyik &amp; Gasmesstechnik von der Probenahme bis zum Messger\u00e4t","potentialAction":[{"@type":"SearchAction","target":{"@type":"EntryPoint","urlTemplate":"https:\/\/www.gasmet.com\/de\/?s={search_term_string}"},"query-input":{"@type":"PropertyValueSpecification","valueRequired":true,"valueName":"search_term_string"}}],"inLanguage":"de"}]}},"_links":{"self":[{"href":"https:\/\/www.gasmet.com\/de\/wp-json\/wp\/v2\/pages\/18","targetHints":{"allow":["GET"]}}],"collection":[{"href":"https:\/\/www.gasmet.com\/de\/wp-json\/wp\/v2\/pages"}],"about":[{"href":"https:\/\/www.gasmet.com\/de\/wp-json\/wp\/v2\/types\/page"}],"author":[{"embeddable":true,"href":"https:\/\/www.gasmet.com\/de\/wp-json\/wp\/v2\/users\/1"}],"replies":[{"embeddable":true,"href":"https:\/\/www.gasmet.com\/de\/wp-json\/wp\/v2\/comments?post=18"}],"version-history":[{"count":47,"href":"https:\/\/www.gasmet.com\/de\/wp-json\/wp\/v2\/pages\/18\/revisions"}],"predecessor-version":[{"id":12250,"href":"https:\/\/www.gasmet.com\/de\/wp-json\/wp\/v2\/pages\/18\/revisions\/12250"}],"up":[{"embeddable":true,"href":"https:\/\/www.gasmet.com\/de\/wp-json\/wp\/v2\/pages\/1232"}],"wp:featuredmedia":[{"embeddable":true,"href":"https:\/\/www.gasmet.com\/de\/wp-json\/wp\/v2\/media\/12246"}],"wp:attachment":[{"href":"https:\/\/www.gasmet.com\/de\/wp-json\/wp\/v2\/media?parent=18"}],"wp:term":[{"taxonomy":"post_tag","embeddable":true,"href":"https:\/\/www.gasmet.com\/de\/wp-json\/wp\/v2\/tags?post=18"}],"curies":[{"name":"wp","href":"https:\/\/api.w.org\/{rel}","templated":true}]}}