{"id":1524,"date":"2018-04-08T15:54:08","date_gmt":"2018-04-08T15:54:08","guid":{"rendered":"http:\/\/www.gasmet.com\/testisivusto.gasmet.com\/de\/?page_id=1524"},"modified":"2025-12-09T06:43:11","modified_gmt":"2025-12-09T06:43:11","slug":"zertifizierungen","status":"publish","type":"page","link":"https:\/\/www.gasmet.com\/de\/produkte\/zertifizierungen\/","title":{"rendered":"Zertifizierungen"},"content":{"rendered":"<p>Als Hersteller von Pr\u00e4zisionsinstrumenten f\u00fcr die \u00dcberwachung von Umweltvertr\u00e4glichkeit, Prozesskontrolle sowie Gesundheits- und Sicherheitsanwendungen pflegt Gasmet in mehreren L\u00e4ndern ein hohes Qualit\u00e4tsniveau und aktuelle Produktzertifizierungen.<\/p>\n<h3>ISO 9001<\/h3>\n<p>Gasmet Technologies Oy entspricht dem Qualit\u00e4tsmanagementstandard ISO 9001: 2015 in folgenden Bereichen: Entwicklung, Herstellung, Vertrieb und Service von Gasanalyseger\u00e4ten. Das ISO 9001-Zertifikat wurde von DNV (Det Norske Veritas) verliehen.<\/p>\n<h3>ISO 14001<\/h3>\n<p>Gasmet Technologies Oy entspricht dem Umweltsmanagementstandard ISO 14001: 2015 in folgenden Bereichen: Entwicklung, Herstellung, Vertrieb und Service von Gasanalyseger\u00e4ten. Das ISO 14001-Zertifikat wurde von DNV (Det Norske Veritas) verliehen.<\/p>\n<div>\n<h3>ISO 45001<\/h3>\n<p>Gasmet Technologies Oy erf\u00fcllt die Anforderungen der Norm ISO 45001:2018 f\u00fcr Arbeits- und Gesundheitsschutzmanagementsysteme. Dieses Zertifikat gilt f\u00fcr den folgenden Geltungsbereich: Konstruktion, Herstellung, Vertrieb und Service von Gasanalysesystemen.<\/p>\n<\/div>\n<h3>EN 15267-3<\/h3>\n<p>EN 15267 ist eine europ\u00e4ische Norm f\u00fcr die Qualit\u00e4tssicherung kontinuierlicher Emissions\u00fcberwachungssysteme (<a href=\"https:\/\/www.gasmet.com\/de\/produkte\/category\/stationaer-systeme\/automatische-messeinrichtung-ams-fuer-all-gase-cems-ii-e-ef\/\">CEMS<\/a>) und Teil 3 (EN 15267-3) befasst sich mit Leistungskriterien und Testverfahren. Nach EN 15267-3 zertifizierte CEM-Systeme m\u00fcssen Typpr\u00fcfungen mit Labor-, Klimakammer- und Feldtests an zwei identischen Systemen unterzogen werden. Die Zertifizierung nach dieser Norm ist f\u00fcr CEMS zur \u00dcberwachung von Emissionsgrenzwerten vorgeschrieben und in der europ\u00e4ischen Industrieemissionsrichtlinie (Richtlinie EC \/ 2010\/75) definiert. Mehrere Zertifizierungsstellen stellen EN 15267-3-kompatible Zertifikate bereit und Gasmet-Produkte verf\u00fcgen \u00fcber folgende Zertifikate:<\/p>\n<h3>T\u00dcV<\/h3>\n<ul>\n<li>Die kontinuierlichen Emissionsmesssysteme Gasmet CEMS und <a href=\"https:\/\/www.gasmet.com\/de\/produkte\/category\/stationaer-systeme\/automatische-messeinrichtung-ams-fuer-all-gase-cems-ii-e-ef\/\">CEMS II <em>e<\/em><\/a> wurden vom T\u00dcV Rheinland gem\u00e4\u00df <a href=\"https:\/\/qal1.de\/en\/hersteller\/gasmet.htm\" target=\"_blank\" rel=\"noopener\">der deutschen Typgenehmigung und EN 15267-3 gepr\u00fcft und zertifiziert.<\/a><\/li>\n<li><a href=\"https:\/\/www.gasmet.com\/de\/produkte\/category\/gas-analysatoren\/gt6000-mobilis\/\">GT6000 Mobilis<\/a> wurde entsprechend der Richtlinien &#8222;<a href=\"https:\/\/www.gasmet.com\/de\/wp-content\/uploads\/sites\/6\/2025\/12\/000085400_00_Gasmet_GT6000_DE.pdf\" target=\"_blank\" rel=\"noopener\">TUV Approved<\/a>&#8222;, DIN EN 15267-2 (2023), DIN EN 15267-4 (2024)<br \/>\nDIN EN 14793 (2017) sowie DIN EN 14181 (2015) gepr\u00fcft und zertifiziert.<\/li>\n<li>Das<a href=\"https:\/\/www.gasmet.com\/de\/produkte\/category\/stationaer-systeme\/automatische-messeinrichtung-fuer-die-quecksilber-messung-in-der-emission-cmm\/\" target=\"_blank\" rel=\"noopener\"> CMM Quecksilber-\u00dcberwachungssystem<\/a> wurde ebenfalls von T\u00dcV Rheinland gepr\u00fcft und zertifiziert und erf\u00fcllt die Normen EN 15267:1, EN 15267:2, EN 15267:3 und EN 14181:2015.<\/li>\n<li><a href=\"https:\/\/www.gasmet.com\/de\/produkte\/category\/stationaer-systeme\/automatische-messeinrichtung-fuer-die-quecksilber-messung-in-der-emission-cmm\/\" target=\"_blank\" rel=\"noopener\">Das CMM AutoQAL<\/a> Quecksilber-\u00dcberwachungssystem wurde von T\u00dcV Rheinland gepr\u00fcft und zertifiziert und erf\u00fcllt die Normen EN 15267:1, EN 15267:2, EN 15267:3 und EN 14181:2014.<\/li>\n<\/ul>\n<h3>MCERTS<\/h3>\n<ul>\n<li><a href=\"https:\/\/www.gasmet.com\/de\/produkte\/category\/gas-analysatoren\/gt6000-mobilis\/\">GT6000 Mobilis<\/a> wurde von der CSA Group gem\u00e4\u00df EN 15267-1:2023, EN 15267-2:2023, EN 15267-4:2023 und QAL 1 gem\u00e4\u00df EN 14181:2014 bewertet. <a href=\"https:\/\/www.csagroup.org\/wp-content\/uploads\/MC24042400.pdf\" target=\"_blank\" rel=\"noopener\">Siehe Zertifikat.<\/a><\/li>\n<li><a href=\"https:\/\/www.gasmet.com\/de\/produkte\/category\/stationaer-systeme\/ftir-gasanalysator-cx4000\/\">Gasmet CX4000<\/a> wurde von SIRA gem\u00e4\u00df EN 15267-3 getestet und zertifiziert, sofern die Analysatoren mit einem Gasmet-Probenahmesystem verwendet werden. <a href=\"https:\/\/www.csagroupuk.org\/wp-content\/uploads\/2019\/05\/MC03001412.pdf\" target=\"_blank\" rel=\"noopener\">Siehe Zertifikat.<\/a><\/li>\n<li><a href=\"https:\/\/www.gasmet.com\/de\/produkte\/category\/stationaer-systeme\/dioxin-ueberwachungs-system-gt90-dioxin\/\">GT90 Dioxin+<\/a> ist von SIRA gem\u00e4\u00df EN 15267-1 und EN 15267-2:2009 zertifiziert. <a href=\"https:\/\/www.csagroupuk.org\/wp-content\/uploads\/2018\/12\/MC05006515.pdf\" target=\"_blank\" rel=\"noopener\">Siehe Zertifikat.<\/a><\/li>\n<li><a href=\"https:\/\/www.gasmet.com\/de\/produkte\/category\/stationaer-systeme\/automatische-messeinrichtung-fuer-die-quecksilber-messung-in-der-emission-cmm\/\">CMM AutoQAL<\/a> ist von SIRA gem\u00e4\u00df EN 15267:1, EN 15267:2, EN 15267:3 und QAL 1 gem\u00e4\u00df EN 14181:2014 zertifiziert. <a href=\"https:\/\/www.csagroup.org\/wp-content\/uploads\/MC20035302.pdf\" target=\"_blank\" rel=\"noopener\">Siehe Zertifikat.<\/a><\/li>\n<li><a href=\"https:\/\/www.gasmet.com\/de\/produkte\/category\/stationaer-systeme\/automatische-messeinrichtung-fuer-die-quecksilber-messung-in-der-emission-cmm\/\">CMM<\/a> ist ebenfalls von SIRA gem\u00e4\u00df EN 15267:1, EN 15267:2, EN 15267:3 und QAL 1 gem\u00e4\u00df EN 14181:2014 zertifiziert. <a href=\"https:\/\/www.csagroup.org\/wp-content\/uploads\/MC17033207.pdf\" target=\"_blank\" rel=\"noopener\">Siehe Zertifikat.<\/a><\/li>\n<\/ul>\n","protected":false},"excerpt":{"rendered":"<p>Als Hersteller von Pr\u00e4zisionsinstrumenten f\u00fcr die \u00dcberwachung von Umweltvertr\u00e4glichkeit, Prozesskontrolle sowie Gesundheits- und Sicherheitsanwendungen pflegt Gasmet in mehreren L\u00e4ndern ein hohes Qualit\u00e4tsniveau und aktuelle Produktzertifizierungen. ISO 9001 Gasmet Technologies Oy entspricht dem Qualit\u00e4tsmanagementstandard ISO 9001: 2015 in folgenden Bereichen: Entwicklung, Herstellung, Vertrieb und Service von Gasanalyseger\u00e4ten. Das ISO 9001-Zertifikat wurde von DNV (Det Norske Veritas) [&hellip;]<\/p>\n","protected":false},"author":5,"featured_media":12293,"parent":1234,"menu_order":101,"comment_status":"closed","ping_status":"closed","template":"","meta":{"_acf_changed":false,"inline_featured_image":false,"footnotes":""},"tags":[],"class_list":["post-1524","page","type-page","status-publish","has-post-thumbnail","hentry"],"acf":[],"yoast_head":"<!-- This site is optimized with the Yoast SEO plugin v27.2 - https:\/\/yoast.com\/product\/yoast-seo-wordpress\/ -->\n<title>Zertifizierungen - Gasmet.de<\/title>\n<meta name=\"robots\" content=\"index, follow, max-snippet:-1, max-image-preview:large, max-video-preview:-1\" \/>\n<link rel=\"canonical\" href=\"https:\/\/www.gasmet.com\/de\/produkte\/zertifizierungen\/\" \/>\n<meta property=\"og:locale\" content=\"de_DE\" \/>\n<meta property=\"og:type\" content=\"article\" \/>\n<meta property=\"og:title\" content=\"Zertifizierungen - Gasmet.de\" \/>\n<meta property=\"og:description\" content=\"Als Hersteller von Pr\u00e4zisionsinstrumenten f\u00fcr die \u00dcberwachung von Umweltvertr\u00e4glichkeit, Prozesskontrolle sowie Gesundheits- und Sicherheitsanwendungen pflegt Gasmet in mehreren L\u00e4ndern ein hohes Qualit\u00e4tsniveau und aktuelle Produktzertifizierungen. ISO 9001 Gasmet Technologies Oy entspricht dem Qualit\u00e4tsmanagementstandard ISO 9001: 2015 in folgenden Bereichen: Entwicklung, Herstellung, Vertrieb und Service von Gasanalyseger\u00e4ten. Das ISO 9001-Zertifikat wurde von DNV (Det Norske Veritas) [&hellip;]\" \/>\n<meta property=\"og:url\" content=\"https:\/\/www.gasmet.com\/de\/produkte\/zertifizierungen\/\" \/>\n<meta property=\"og:site_name\" content=\"Gasmet.de\" \/>\n<meta property=\"article:modified_time\" content=\"2025-12-09T06:43:11+00:00\" \/>\n<meta property=\"og:image\" content=\"https:\/\/www.gasmet.com\/de\/wp-content\/uploads\/sites\/6\/2024\/11\/gasmet_brand_cobaltsand.jpg\" \/>\n\t<meta property=\"og:image:width\" content=\"2000\" \/>\n\t<meta property=\"og:image:height\" content=\"500\" \/>\n\t<meta property=\"og:image:type\" content=\"image\/jpeg\" \/>\n<meta name=\"twitter:card\" content=\"summary_large_image\" \/>\n<meta name=\"twitter:label1\" content=\"Gesch\u00e4tzte Lesezeit\" \/>\n\t<meta name=\"twitter:data1\" content=\"3\u00a0Minuten\" \/>\n<script type=\"application\/ld+json\" class=\"yoast-schema-graph\">{\"@context\":\"https:\/\/schema.org\",\"@graph\":[{\"@type\":\"WebPage\",\"@id\":\"https:\/\/www.gasmet.com\/de\/produkte\/zertifizierungen\/\",\"url\":\"https:\/\/www.gasmet.com\/de\/produkte\/zertifizierungen\/\",\"name\":\"Zertifizierungen - Gasmet.de\",\"isPartOf\":{\"@id\":\"https:\/\/www.gasmet.com\/de\/#website\"},\"primaryImageOfPage\":{\"@id\":\"https:\/\/www.gasmet.com\/de\/produkte\/zertifizierungen\/#primaryimage\"},\"image\":{\"@id\":\"https:\/\/www.gasmet.com\/de\/produkte\/zertifizierungen\/#primaryimage\"},\"thumbnailUrl\":\"https:\/\/www.gasmet.com\/de\/wp-content\/uploads\/sites\/6\/2024\/11\/gasmet_brand_cobaltsand.jpg\",\"datePublished\":\"2018-04-08T15:54:08+00:00\",\"dateModified\":\"2025-12-09T06:43:11+00:00\",\"breadcrumb\":{\"@id\":\"https:\/\/www.gasmet.com\/de\/produkte\/zertifizierungen\/#breadcrumb\"},\"inLanguage\":\"de\",\"potentialAction\":[{\"@type\":\"ReadAction\",\"target\":[\"https:\/\/www.gasmet.com\/de\/produkte\/zertifizierungen\/\"]}]},{\"@type\":\"ImageObject\",\"inLanguage\":\"de\",\"@id\":\"https:\/\/www.gasmet.com\/de\/produkte\/zertifizierungen\/#primaryimage\",\"url\":\"https:\/\/www.gasmet.com\/de\/wp-content\/uploads\/sites\/6\/2024\/11\/gasmet_brand_cobaltsand.jpg\",\"contentUrl\":\"https:\/\/www.gasmet.com\/de\/wp-content\/uploads\/sites\/6\/2024\/11\/gasmet_brand_cobaltsand.jpg\",\"width\":2000,\"height\":500},{\"@type\":\"BreadcrumbList\",\"@id\":\"https:\/\/www.gasmet.com\/de\/produkte\/zertifizierungen\/#breadcrumb\",\"itemListElement\":[{\"@type\":\"ListItem\",\"position\":1,\"name\":\"Home\",\"item\":\"https:\/\/www.gasmet.com\/de\/\"},{\"@type\":\"ListItem\",\"position\":2,\"name\":\"Produkte\",\"item\":\"https:\/\/www.gasmet.com\/de\/produkte\/\"},{\"@type\":\"ListItem\",\"position\":3,\"name\":\"Zertifizierungen\"}]},{\"@type\":\"WebSite\",\"@id\":\"https:\/\/www.gasmet.com\/de\/#website\",\"url\":\"https:\/\/www.gasmet.com\/de\/\",\"name\":\"Gasmet.de\",\"description\":\"Gasanalyik &amp; Gasmesstechnik von der Probenahme bis zum Messger\u00e4t\",\"potentialAction\":[{\"@type\":\"SearchAction\",\"target\":{\"@type\":\"EntryPoint\",\"urlTemplate\":\"https:\/\/www.gasmet.com\/de\/?s={search_term_string}\"},\"query-input\":{\"@type\":\"PropertyValueSpecification\",\"valueRequired\":true,\"valueName\":\"search_term_string\"}}],\"inLanguage\":\"de\"}]}<\/script>\n<!-- \/ Yoast SEO plugin. -->","yoast_head_json":{"title":"Zertifizierungen - Gasmet.de","robots":{"index":"index","follow":"follow","max-snippet":"max-snippet:-1","max-image-preview":"max-image-preview:large","max-video-preview":"max-video-preview:-1"},"canonical":"https:\/\/www.gasmet.com\/de\/produkte\/zertifizierungen\/","og_locale":"de_DE","og_type":"article","og_title":"Zertifizierungen - Gasmet.de","og_description":"Als Hersteller von Pr\u00e4zisionsinstrumenten f\u00fcr die \u00dcberwachung von Umweltvertr\u00e4glichkeit, Prozesskontrolle sowie Gesundheits- und Sicherheitsanwendungen pflegt Gasmet in mehreren L\u00e4ndern ein hohes Qualit\u00e4tsniveau und aktuelle Produktzertifizierungen. ISO 9001 Gasmet Technologies Oy entspricht dem Qualit\u00e4tsmanagementstandard ISO 9001: 2015 in folgenden Bereichen: Entwicklung, Herstellung, Vertrieb und Service von Gasanalyseger\u00e4ten. Das ISO 9001-Zertifikat wurde von DNV (Det Norske Veritas) [&hellip;]","og_url":"https:\/\/www.gasmet.com\/de\/produkte\/zertifizierungen\/","og_site_name":"Gasmet.de","article_modified_time":"2025-12-09T06:43:11+00:00","og_image":[{"width":2000,"height":500,"url":"https:\/\/www.gasmet.com\/de\/wp-content\/uploads\/sites\/6\/2024\/11\/gasmet_brand_cobaltsand.jpg","type":"image\/jpeg"}],"twitter_card":"summary_large_image","twitter_misc":{"Gesch\u00e4tzte Lesezeit":"3\u00a0Minuten"},"schema":{"@context":"https:\/\/schema.org","@graph":[{"@type":"WebPage","@id":"https:\/\/www.gasmet.com\/de\/produkte\/zertifizierungen\/","url":"https:\/\/www.gasmet.com\/de\/produkte\/zertifizierungen\/","name":"Zertifizierungen - Gasmet.de","isPartOf":{"@id":"https:\/\/www.gasmet.com\/de\/#website"},"primaryImageOfPage":{"@id":"https:\/\/www.gasmet.com\/de\/produkte\/zertifizierungen\/#primaryimage"},"image":{"@id":"https:\/\/www.gasmet.com\/de\/produkte\/zertifizierungen\/#primaryimage"},"thumbnailUrl":"https:\/\/www.gasmet.com\/de\/wp-content\/uploads\/sites\/6\/2024\/11\/gasmet_brand_cobaltsand.jpg","datePublished":"2018-04-08T15:54:08+00:00","dateModified":"2025-12-09T06:43:11+00:00","breadcrumb":{"@id":"https:\/\/www.gasmet.com\/de\/produkte\/zertifizierungen\/#breadcrumb"},"inLanguage":"de","potentialAction":[{"@type":"ReadAction","target":["https:\/\/www.gasmet.com\/de\/produkte\/zertifizierungen\/"]}]},{"@type":"ImageObject","inLanguage":"de","@id":"https:\/\/www.gasmet.com\/de\/produkte\/zertifizierungen\/#primaryimage","url":"https:\/\/www.gasmet.com\/de\/wp-content\/uploads\/sites\/6\/2024\/11\/gasmet_brand_cobaltsand.jpg","contentUrl":"https:\/\/www.gasmet.com\/de\/wp-content\/uploads\/sites\/6\/2024\/11\/gasmet_brand_cobaltsand.jpg","width":2000,"height":500},{"@type":"BreadcrumbList","@id":"https:\/\/www.gasmet.com\/de\/produkte\/zertifizierungen\/#breadcrumb","itemListElement":[{"@type":"ListItem","position":1,"name":"Home","item":"https:\/\/www.gasmet.com\/de\/"},{"@type":"ListItem","position":2,"name":"Produkte","item":"https:\/\/www.gasmet.com\/de\/produkte\/"},{"@type":"ListItem","position":3,"name":"Zertifizierungen"}]},{"@type":"WebSite","@id":"https:\/\/www.gasmet.com\/de\/#website","url":"https:\/\/www.gasmet.com\/de\/","name":"Gasmet.de","description":"Gasanalyik &amp; Gasmesstechnik von der Probenahme bis zum Messger\u00e4t","potentialAction":[{"@type":"SearchAction","target":{"@type":"EntryPoint","urlTemplate":"https:\/\/www.gasmet.com\/de\/?s={search_term_string}"},"query-input":{"@type":"PropertyValueSpecification","valueRequired":true,"valueName":"search_term_string"}}],"inLanguage":"de"}]}},"_links":{"self":[{"href":"https:\/\/www.gasmet.com\/de\/wp-json\/wp\/v2\/pages\/1524","targetHints":{"allow":["GET"]}}],"collection":[{"href":"https:\/\/www.gasmet.com\/de\/wp-json\/wp\/v2\/pages"}],"about":[{"href":"https:\/\/www.gasmet.com\/de\/wp-json\/wp\/v2\/types\/page"}],"author":[{"embeddable":true,"href":"https:\/\/www.gasmet.com\/de\/wp-json\/wp\/v2\/users\/5"}],"replies":[{"embeddable":true,"href":"https:\/\/www.gasmet.com\/de\/wp-json\/wp\/v2\/comments?post=1524"}],"version-history":[{"count":27,"href":"https:\/\/www.gasmet.com\/de\/wp-json\/wp\/v2\/pages\/1524\/revisions"}],"predecessor-version":[{"id":12547,"href":"https:\/\/www.gasmet.com\/de\/wp-json\/wp\/v2\/pages\/1524\/revisions\/12547"}],"up":[{"embeddable":true,"href":"https:\/\/www.gasmet.com\/de\/wp-json\/wp\/v2\/pages\/1234"}],"wp:featuredmedia":[{"embeddable":true,"href":"https:\/\/www.gasmet.com\/de\/wp-json\/wp\/v2\/media\/12293"}],"wp:attachment":[{"href":"https:\/\/www.gasmet.com\/de\/wp-json\/wp\/v2\/media?parent=1524"}],"wp:term":[{"taxonomy":"post_tag","embeddable":true,"href":"https:\/\/www.gasmet.com\/de\/wp-json\/wp\/v2\/tags?post=1524"}],"curies":[{"name":"wp","href":"https:\/\/api.w.org\/{rel}","templated":true}]}}