{"id":12638,"date":"2025-08-21T05:31:32","date_gmt":"2025-08-21T05:31:32","guid":{"rendered":"https:\/\/www.gasmet.com\/de\/applications\/safety\/cbrne-gas-detection-for-critical-safety-and-threat-mitigation\/"},"modified":"2026-03-23T12:27:57","modified_gmt":"2026-03-23T12:27:57","slug":"abc-abwehr-gasdetektion-fuer-kritische-sicherheit-und-effektive-gefahrenabwehr","status":"publish","type":"page","link":"https:\/\/www.gasmet.com\/de\/einsatzgebiete\/arbeitsschutz-und-gefahrenabwehr\/abc-abwehr-gasdetektion-fuer-kritische-sicherheit-und-effektive-gefahrenabwehr\/","title":{"rendered":"ABC-Abwehr &#038; gasdetektion f\u00fcr kritische Sicherheit und effektive Gefahrenabwehr"},"content":{"rendered":"<p><em>CBRNE \/ ABC-Gasdetektion bezeichnet die Identifizierung und \u00dcberwachung chemischer, biologischer, radiologischer, nuklearer und explosiver Gefahrenstoffe \u2013 insbesondere von luftgetragenen Schadstoffen. <\/em><br \/>\n<em>Zivilschutzorganisationen, Verteidigungsbeh\u00f6rden, Forschungslabore und Teams der kritischen Infrastruktur setzen Echtzeit Multigasanalysatoren ein, um toxische Substanzen wie Kampfstoffe (CWAs), Gefahrenstoffe der Industrie (TICs) und fl\u00fcchtige organische Verbindungen (VOCs) zu erkennen. Gasmet\u2019s tragbare <a href=\"https:\/\/www.gasmet.com\/de\/produkte\/fourier-transform-infrarot\/\" target=\"_blank\" rel=\"noopener\">FTIR Technologie<\/a> ist eine weit verbreitete L\u00f6sung, die die gleichzeitige Detektion, Identifizierung und Quantifizierung von dutzenden Verbindungen erm\u00f6glicht \u2013 selbst unter rauen Einsatzbedingungen oder abgelegenen Einsatzorten.<\/em><\/p>\n<p><strong>Warum Echtzeit-Gefahrstoffdetektion in Sicherheits- und CBRNE \/ ABC-Anwendungen unverzichtbar ist:<\/strong><\/p>\n<p>Wenn Sekunden z\u00e4hlen und die Art der Bedrohung unklar ist, kann das richtige Werkzeug den entscheidenden Unterschied machen. CBRNE-Stoffe, giftige Chemikalien und unbekannte luftgetragene Substanzen stellen eine ernste Gefahr dar \u2013 Echtzeit\u2011Gas\u00fcberwachung ist daher essenziell. Ob mobile Labore, Ersthelfer, Marineeins\u00e4tze oder der Schutz kritischer Infrastruktur: Pr\u00e4zise Multigasdetektion unterst\u00fctzt schnelle Entscheidungen und erh\u00f6ht die Sicherheit des Einsatzpersonals.<\/p>\n<p data-start=\"0\" data-end=\"165\"><em>M\u00f6chten Sie ein tieferes Verst\u00e4ndnis daf\u00fcr, wie tragbare FTIR-Technologie die Pr\u00e4zision des Labors mit der Reaktionsf\u00e4higkeit im Feld in CBRNE-Anwendungen verbindet?<\/em><\/p>\n<p data-start=\"167\" data-end=\"293\"><em>\ud83d\udc49 Melden Sie sich f\u00fcr dieses Webinar an: <a href=\"https:\/\/info.gasmet.com\/gas-analysis-in-defense-bridging-laboratory-precision-and-field-response-with-ftir\" target=\"_blank\" rel=\"noopener\">Gas Analysis in Defense \u2013 Bridging Laboratory Precision and Field Response with FTIR<\/a><\/em><\/p>\n<p data-start=\"295\" data-end=\"333\" data-is-last-node=\"\" data-is-only-node=\"\"><em>Das Webinar findet auf Englisch statt.<\/em><\/p>\n","protected":false},"excerpt":{"rendered":"<p>CBRNE \/ ABC-Gasdetektion bezeichnet die Identifizierung und \u00dcberwachung chemischer, biologischer, radiologischer, nuklearer und explosiver Gefahrenstoffe \u2013 insbesondere von luftgetragenen Schadstoffen. Zivilschutzorganisationen, Verteidigungsbeh\u00f6rden, Forschungslabore und Teams der kritischen Infrastruktur setzen Echtzeit Multigasanalysatoren ein, um toxische Substanzen wie Kampfstoffe (CWAs), Gefahrenstoffe der Industrie (TICs) und fl\u00fcchtige organische Verbindungen (VOCs) zu erkennen. Gasmet\u2019s tragbare FTIR Technologie ist eine [&hellip;]<\/p>\n","protected":false},"author":101,"featured_media":12643,"parent":20,"menu_order":6,"comment_status":"closed","ping_status":"closed","template":"","meta":{"_acf_changed":false,"inline_featured_image":false,"footnotes":""},"tags":[],"class_list":["post-12638","page","type-page","status-publish","has-post-thumbnail","hentry"],"acf":[],"yoast_head":"<!-- This site is optimized with the Yoast SEO plugin v27.4 - https:\/\/yoast.com\/product\/yoast-seo-wordpress\/ -->\n<title>ABC-Abwehr &amp; gasdetektion f\u00fcr kritische Sicherheit und effektive Gefahrenabweh<\/title>\n<meta name=\"description\" content=\"Tragbare FTIR-Gasanalysatoren f\u00fcr die CBRNE-Gefahrenerkennung, die \u00dcberwachung toxischer Gase und die Luftqualit\u00e4tskontrolle bei kritischen Eins\u00e4tzen.\" \/>\n<meta name=\"robots\" content=\"index, follow, max-snippet:-1, max-image-preview:large, max-video-preview:-1\" \/>\n<link rel=\"canonical\" href=\"https:\/\/www.gasmet.com\/de\/einsatzgebiete\/arbeitsschutz-und-gefahrenabwehr\/abc-abwehr-gasdetektion-fuer-kritische-sicherheit-und-effektive-gefahrenabwehr\/\" \/>\n<meta property=\"og:locale\" content=\"de_DE\" \/>\n<meta property=\"og:type\" content=\"article\" \/>\n<meta property=\"og:title\" content=\"ABC-Abwehr &amp; gasdetektion f\u00fcr kritische Sicherheit und effektive Gefahrenabweh\" \/>\n<meta property=\"og:description\" content=\"Tragbare FTIR-Gasanalysatoren f\u00fcr die CBRNE-Gefahrenerkennung, die \u00dcberwachung toxischer Gase und die Luftqualit\u00e4tskontrolle bei kritischen Eins\u00e4tzen.\" \/>\n<meta property=\"og:url\" content=\"https:\/\/www.gasmet.com\/de\/einsatzgebiete\/arbeitsschutz-und-gefahrenabwehr\/abc-abwehr-gasdetektion-fuer-kritische-sicherheit-und-effektive-gefahrenabwehr\/\" \/>\n<meta property=\"og:site_name\" content=\"Gasmet.de\" \/>\n<meta property=\"article:modified_time\" content=\"2026-03-23T12:27:57+00:00\" \/>\n<meta property=\"og:image\" content=\"https:\/\/www.gasmet.com\/de\/wp-content\/uploads\/sites\/6\/2026\/03\/P1022909-scaled-1.jpg\" \/>\n\t<meta property=\"og:image:width\" content=\"2560\" \/>\n\t<meta property=\"og:image:height\" content=\"1920\" \/>\n\t<meta property=\"og:image:type\" content=\"image\/jpeg\" \/>\n<meta name=\"twitter:card\" content=\"summary_large_image\" \/>\n<meta name=\"twitter:label1\" content=\"Gesch\u00e4tzte Lesezeit\" \/>\n\t<meta name=\"twitter:data1\" content=\"2\u00a0Minuten\" \/>\n<script type=\"application\/ld+json\" class=\"yoast-schema-graph\">{\"@context\":\"https:\\\/\\\/schema.org\",\"@graph\":[{\"@type\":\"WebPage\",\"@id\":\"https:\\\/\\\/www.gasmet.com\\\/de\\\/einsatzgebiete\\\/arbeitsschutz-und-gefahrenabwehr\\\/abc-abwehr-gasdetektion-fuer-kritische-sicherheit-und-effektive-gefahrenabwehr\\\/\",\"url\":\"https:\\\/\\\/www.gasmet.com\\\/de\\\/einsatzgebiete\\\/arbeitsschutz-und-gefahrenabwehr\\\/abc-abwehr-gasdetektion-fuer-kritische-sicherheit-und-effektive-gefahrenabwehr\\\/\",\"name\":\"ABC-Abwehr & gasdetektion f\u00fcr kritische Sicherheit und effektive Gefahrenabweh\",\"isPartOf\":{\"@id\":\"https:\\\/\\\/www.gasmet.com\\\/de\\\/#website\"},\"primaryImageOfPage\":{\"@id\":\"https:\\\/\\\/www.gasmet.com\\\/de\\\/einsatzgebiete\\\/arbeitsschutz-und-gefahrenabwehr\\\/abc-abwehr-gasdetektion-fuer-kritische-sicherheit-und-effektive-gefahrenabwehr\\\/#primaryimage\"},\"image\":{\"@id\":\"https:\\\/\\\/www.gasmet.com\\\/de\\\/einsatzgebiete\\\/arbeitsschutz-und-gefahrenabwehr\\\/abc-abwehr-gasdetektion-fuer-kritische-sicherheit-und-effektive-gefahrenabwehr\\\/#primaryimage\"},\"thumbnailUrl\":\"https:\\\/\\\/www.gasmet.com\\\/de\\\/wp-content\\\/uploads\\\/sites\\\/6\\\/2026\\\/03\\\/P1022909-scaled-1.jpg\",\"datePublished\":\"2025-08-21T05:31:32+00:00\",\"dateModified\":\"2026-03-23T12:27:57+00:00\",\"description\":\"Tragbare FTIR-Gasanalysatoren f\u00fcr die CBRNE-Gefahrenerkennung, die \u00dcberwachung toxischer Gase und die Luftqualit\u00e4tskontrolle bei kritischen Eins\u00e4tzen.\",\"breadcrumb\":{\"@id\":\"https:\\\/\\\/www.gasmet.com\\\/de\\\/einsatzgebiete\\\/arbeitsschutz-und-gefahrenabwehr\\\/abc-abwehr-gasdetektion-fuer-kritische-sicherheit-und-effektive-gefahrenabwehr\\\/#breadcrumb\"},\"inLanguage\":\"de\",\"potentialAction\":[{\"@type\":\"ReadAction\",\"target\":[\"https:\\\/\\\/www.gasmet.com\\\/de\\\/einsatzgebiete\\\/arbeitsschutz-und-gefahrenabwehr\\\/abc-abwehr-gasdetektion-fuer-kritische-sicherheit-und-effektive-gefahrenabwehr\\\/\"]}]},{\"@type\":\"ImageObject\",\"inLanguage\":\"de\",\"@id\":\"https:\\\/\\\/www.gasmet.com\\\/de\\\/einsatzgebiete\\\/arbeitsschutz-und-gefahrenabwehr\\\/abc-abwehr-gasdetektion-fuer-kritische-sicherheit-und-effektive-gefahrenabwehr\\\/#primaryimage\",\"url\":\"https:\\\/\\\/www.gasmet.com\\\/de\\\/wp-content\\\/uploads\\\/sites\\\/6\\\/2026\\\/03\\\/P1022909-scaled-1.jpg\",\"contentUrl\":\"https:\\\/\\\/www.gasmet.com\\\/de\\\/wp-content\\\/uploads\\\/sites\\\/6\\\/2026\\\/03\\\/P1022909-scaled-1.jpg\",\"width\":2560,\"height\":1920},{\"@type\":\"BreadcrumbList\",\"@id\":\"https:\\\/\\\/www.gasmet.com\\\/de\\\/einsatzgebiete\\\/arbeitsschutz-und-gefahrenabwehr\\\/abc-abwehr-gasdetektion-fuer-kritische-sicherheit-und-effektive-gefahrenabwehr\\\/#breadcrumb\",\"itemListElement\":[{\"@type\":\"ListItem\",\"position\":1,\"name\":\"Home\",\"item\":\"https:\\\/\\\/www.gasmet.com\\\/de\\\/\"},{\"@type\":\"ListItem\",\"position\":2,\"name\":\"Einsatzgebiete\",\"item\":\"https:\\\/\\\/www.gasmet.com\\\/de\\\/einsatzgebiete\\\/\"},{\"@type\":\"ListItem\",\"position\":3,\"name\":\"Arbeitsschutz und Gefahrenabwehr\",\"item\":\"https:\\\/\\\/www.gasmet.com\\\/de\\\/einsatzgebiete\\\/arbeitsschutz-und-gefahrenabwehr\\\/\"},{\"@type\":\"ListItem\",\"position\":4,\"name\":\"ABC-Abwehr &#038; gasdetektion f\u00fcr kritische Sicherheit und effektive Gefahrenabwehr\"}]},{\"@type\":\"WebSite\",\"@id\":\"https:\\\/\\\/www.gasmet.com\\\/de\\\/#website\",\"url\":\"https:\\\/\\\/www.gasmet.com\\\/de\\\/\",\"name\":\"Gasmet.de\",\"description\":\"Gasanalyik &amp; Gasmesstechnik von der Probenahme bis zum Messger\u00e4t\",\"potentialAction\":[{\"@type\":\"SearchAction\",\"target\":{\"@type\":\"EntryPoint\",\"urlTemplate\":\"https:\\\/\\\/www.gasmet.com\\\/de\\\/?s={search_term_string}\"},\"query-input\":{\"@type\":\"PropertyValueSpecification\",\"valueRequired\":true,\"valueName\":\"search_term_string\"}}],\"inLanguage\":\"de\"}]}<\/script>\n<!-- \/ Yoast SEO plugin. -->","yoast_head_json":{"title":"ABC-Abwehr & gasdetektion f\u00fcr kritische Sicherheit und effektive Gefahrenabweh","description":"Tragbare FTIR-Gasanalysatoren f\u00fcr die CBRNE-Gefahrenerkennung, die \u00dcberwachung toxischer Gase und die Luftqualit\u00e4tskontrolle bei kritischen Eins\u00e4tzen.","robots":{"index":"index","follow":"follow","max-snippet":"max-snippet:-1","max-image-preview":"max-image-preview:large","max-video-preview":"max-video-preview:-1"},"canonical":"https:\/\/www.gasmet.com\/de\/einsatzgebiete\/arbeitsschutz-und-gefahrenabwehr\/abc-abwehr-gasdetektion-fuer-kritische-sicherheit-und-effektive-gefahrenabwehr\/","og_locale":"de_DE","og_type":"article","og_title":"ABC-Abwehr & gasdetektion f\u00fcr kritische Sicherheit und effektive Gefahrenabweh","og_description":"Tragbare FTIR-Gasanalysatoren f\u00fcr die CBRNE-Gefahrenerkennung, die \u00dcberwachung toxischer Gase und die Luftqualit\u00e4tskontrolle bei kritischen Eins\u00e4tzen.","og_url":"https:\/\/www.gasmet.com\/de\/einsatzgebiete\/arbeitsschutz-und-gefahrenabwehr\/abc-abwehr-gasdetektion-fuer-kritische-sicherheit-und-effektive-gefahrenabwehr\/","og_site_name":"Gasmet.de","article_modified_time":"2026-03-23T12:27:57+00:00","og_image":[{"width":2560,"height":1920,"url":"https:\/\/www.gasmet.com\/de\/wp-content\/uploads\/sites\/6\/2026\/03\/P1022909-scaled-1.jpg","type":"image\/jpeg"}],"twitter_card":"summary_large_image","twitter_misc":{"Gesch\u00e4tzte Lesezeit":"2\u00a0Minuten"},"schema":{"@context":"https:\/\/schema.org","@graph":[{"@type":"WebPage","@id":"https:\/\/www.gasmet.com\/de\/einsatzgebiete\/arbeitsschutz-und-gefahrenabwehr\/abc-abwehr-gasdetektion-fuer-kritische-sicherheit-und-effektive-gefahrenabwehr\/","url":"https:\/\/www.gasmet.com\/de\/einsatzgebiete\/arbeitsschutz-und-gefahrenabwehr\/abc-abwehr-gasdetektion-fuer-kritische-sicherheit-und-effektive-gefahrenabwehr\/","name":"ABC-Abwehr & gasdetektion f\u00fcr kritische Sicherheit und effektive Gefahrenabweh","isPartOf":{"@id":"https:\/\/www.gasmet.com\/de\/#website"},"primaryImageOfPage":{"@id":"https:\/\/www.gasmet.com\/de\/einsatzgebiete\/arbeitsschutz-und-gefahrenabwehr\/abc-abwehr-gasdetektion-fuer-kritische-sicherheit-und-effektive-gefahrenabwehr\/#primaryimage"},"image":{"@id":"https:\/\/www.gasmet.com\/de\/einsatzgebiete\/arbeitsschutz-und-gefahrenabwehr\/abc-abwehr-gasdetektion-fuer-kritische-sicherheit-und-effektive-gefahrenabwehr\/#primaryimage"},"thumbnailUrl":"https:\/\/www.gasmet.com\/de\/wp-content\/uploads\/sites\/6\/2026\/03\/P1022909-scaled-1.jpg","datePublished":"2025-08-21T05:31:32+00:00","dateModified":"2026-03-23T12:27:57+00:00","description":"Tragbare FTIR-Gasanalysatoren f\u00fcr die CBRNE-Gefahrenerkennung, die \u00dcberwachung toxischer Gase und die Luftqualit\u00e4tskontrolle bei kritischen Eins\u00e4tzen.","breadcrumb":{"@id":"https:\/\/www.gasmet.com\/de\/einsatzgebiete\/arbeitsschutz-und-gefahrenabwehr\/abc-abwehr-gasdetektion-fuer-kritische-sicherheit-und-effektive-gefahrenabwehr\/#breadcrumb"},"inLanguage":"de","potentialAction":[{"@type":"ReadAction","target":["https:\/\/www.gasmet.com\/de\/einsatzgebiete\/arbeitsschutz-und-gefahrenabwehr\/abc-abwehr-gasdetektion-fuer-kritische-sicherheit-und-effektive-gefahrenabwehr\/"]}]},{"@type":"ImageObject","inLanguage":"de","@id":"https:\/\/www.gasmet.com\/de\/einsatzgebiete\/arbeitsschutz-und-gefahrenabwehr\/abc-abwehr-gasdetektion-fuer-kritische-sicherheit-und-effektive-gefahrenabwehr\/#primaryimage","url":"https:\/\/www.gasmet.com\/de\/wp-content\/uploads\/sites\/6\/2026\/03\/P1022909-scaled-1.jpg","contentUrl":"https:\/\/www.gasmet.com\/de\/wp-content\/uploads\/sites\/6\/2026\/03\/P1022909-scaled-1.jpg","width":2560,"height":1920},{"@type":"BreadcrumbList","@id":"https:\/\/www.gasmet.com\/de\/einsatzgebiete\/arbeitsschutz-und-gefahrenabwehr\/abc-abwehr-gasdetektion-fuer-kritische-sicherheit-und-effektive-gefahrenabwehr\/#breadcrumb","itemListElement":[{"@type":"ListItem","position":1,"name":"Home","item":"https:\/\/www.gasmet.com\/de\/"},{"@type":"ListItem","position":2,"name":"Einsatzgebiete","item":"https:\/\/www.gasmet.com\/de\/einsatzgebiete\/"},{"@type":"ListItem","position":3,"name":"Arbeitsschutz und Gefahrenabwehr","item":"https:\/\/www.gasmet.com\/de\/einsatzgebiete\/arbeitsschutz-und-gefahrenabwehr\/"},{"@type":"ListItem","position":4,"name":"ABC-Abwehr &#038; gasdetektion f\u00fcr kritische Sicherheit und effektive Gefahrenabwehr"}]},{"@type":"WebSite","@id":"https:\/\/www.gasmet.com\/de\/#website","url":"https:\/\/www.gasmet.com\/de\/","name":"Gasmet.de","description":"Gasanalyik &amp; Gasmesstechnik von der Probenahme bis zum Messger\u00e4t","potentialAction":[{"@type":"SearchAction","target":{"@type":"EntryPoint","urlTemplate":"https:\/\/www.gasmet.com\/de\/?s={search_term_string}"},"query-input":{"@type":"PropertyValueSpecification","valueRequired":true,"valueName":"search_term_string"}}],"inLanguage":"de"}]}},"_links":{"self":[{"href":"https:\/\/www.gasmet.com\/de\/wp-json\/wp\/v2\/pages\/12638","targetHints":{"allow":["GET"]}}],"collection":[{"href":"https:\/\/www.gasmet.com\/de\/wp-json\/wp\/v2\/pages"}],"about":[{"href":"https:\/\/www.gasmet.com\/de\/wp-json\/wp\/v2\/types\/page"}],"author":[{"embeddable":true,"href":"https:\/\/www.gasmet.com\/de\/wp-json\/wp\/v2\/users\/101"}],"replies":[{"embeddable":true,"href":"https:\/\/www.gasmet.com\/de\/wp-json\/wp\/v2\/comments?post=12638"}],"version-history":[{"count":6,"href":"https:\/\/www.gasmet.com\/de\/wp-json\/wp\/v2\/pages\/12638\/revisions"}],"predecessor-version":[{"id":12648,"href":"https:\/\/www.gasmet.com\/de\/wp-json\/wp\/v2\/pages\/12638\/revisions\/12648"}],"up":[{"embeddable":true,"href":"https:\/\/www.gasmet.com\/de\/wp-json\/wp\/v2\/pages\/20"}],"wp:featuredmedia":[{"embeddable":true,"href":"https:\/\/www.gasmet.com\/de\/wp-json\/wp\/v2\/media\/12643"}],"wp:attachment":[{"href":"https:\/\/www.gasmet.com\/de\/wp-json\/wp\/v2\/media?parent=12638"}],"wp:term":[{"taxonomy":"post_tag","embeddable":true,"href":"https:\/\/www.gasmet.com\/de\/wp-json\/wp\/v2\/tags?post=12638"}],"curies":[{"name":"wp","href":"https:\/\/api.w.org\/{rel}","templated":true}]}}