{"id":1224,"date":"2018-04-05T12:22:12","date_gmt":"2018-04-05T12:22:12","guid":{"rendered":"http:\/\/www.gasmet.com\/testisivusto.gasmet.com\/de\/?page_id=1224"},"modified":"2025-04-04T10:19:00","modified_gmt":"2025-04-04T10:19:00","slug":"impressum","status":"publish","type":"page","link":"https:\/\/www.gasmet.com\/de\/impressum\/","title":{"rendered":"Impressum"},"content":{"rendered":"<h2>Gasmet Group<\/h2>\n<p>CEO: Nenne Nordstr\u00f6m, Finnland<\/p>\n<p>&nbsp;<\/p>\n<h2>Standorte in Deutschland<\/h2>\n<table width=\"482\">\n<tbody>\n<tr>\n<td>Gasmet Technologies GmbH<\/td>\n<td>Ostring 4<br \/>\n76131 KARLSRUHE<br \/>\nTelefon: 0721 62656-0<br \/>\nTelefax: 0721 621332<br \/>\nEmail: <span id=\"cloak74d2bf3d41a3695089655dd1eaa121b0\"><a href=\"mailto:sekretariat@gasmet.com\">sekretariat@gasmet.com<\/a><\/span><br \/>\n<a href=\"https:\/\/www.gasmet.com\/de\">www.gasmet.de<\/a><\/td>\n<\/tr>\n<\/tbody>\n<\/table>\n<p>Eingetragen im Handelsregister Mannheim: HRB 105091<br \/>\nUmsatzsteuer-Identifikationsnummer: DE143590936<br \/>\nDuns-No: 326446218<\/p>\n<p>Gesch\u00e4ftsf\u00fchrer: Marco Signori<br \/>\nProkurist: Heike Hannig<\/p>\n<p>&nbsp;<\/p>\n<p><strong>Nutzungsbedingungen und Haftung:<\/strong><\/p>\n<p><strong>Inhalte<\/strong><br \/>\nDieser Website und die bereitgestellten Informationen wurden mit gr\u00f6\u00dfter Sorgfalt erstellt. Trotzdem lassen sich Fehler und Unvollst\u00e4ndigkeiten nicht immer vermeiden. Gasmet Technologies GmbH \u00fcbernimmt daher keine Gew\u00e4hr oder Garantie f\u00fcr die Aktualit\u00e4t, Richtigkeit und Vollst\u00e4ndigkeit der auf dieser Website bereitgestellten Informationen und beh\u00e4lt sich das Recht vor, ohne vorherige Ank\u00fcndigung, \u00c4nderungen oder Erg\u00e4nzungen vorzunehmen.<\/p>\n<p><strong>Links<\/strong><\/p>\n<p>Unsere Website enth\u00e4lt Links zu externen Webseiten, auf deren Inhalte wir keinen Einfluss haben. Deshalb \u00fcbernimmt Gasmet Technologies GmbH f\u00fcr diese fremden Inhalte auch keine Gew\u00e4hr oder Verantwortung. Bei Bekanntwerden von Rechtsverletzungen werden wir derartige Links nat\u00fcrlich umgehend entfernen.<\/p>\n<p><strong>Datenschutz<\/strong><\/p>\n<p>Die Nutzung unserer Webseite ist ohne Angabe personenbezogener Daten m\u00f6glich. Soweit auf unseren Seiten personenbezogene Daten erhoben werden, erfolgt dies stets auf freiwilliger Basis. Wir allerdings weisen darauf hin, dass die Daten\u00fcbertragung im Internet Sicherheitsl\u00fccken aufweisen kann. Ein l\u00fcckenloser Schutz der Daten vor dem Zugriff durch Dritte ist nicht m\u00f6glich.<\/p>\n<p><strong>Cookies<\/strong><\/p>\n<div><\/div>\n","protected":false},"excerpt":{"rendered":"<p>Gasmet Group CEO: Nenne Nordstr\u00f6m, Finnland &nbsp; Standorte in Deutschland Gasmet Technologies GmbH Ostring 4 76131 KARLSRUHE Telefon: 0721 62656-0 Telefax: 0721 621332 Email: sekretariat@gasmet.com www.gasmet.de Eingetragen im Handelsregister Mannheim: HRB 105091 Umsatzsteuer-Identifikationsnummer: DE143590936 Duns-No: 326446218 Gesch\u00e4ftsf\u00fchrer: Marco Signori Prokurist: Heike Hannig &nbsp; Nutzungsbedingungen und Haftung: Inhalte Dieser Website und die bereitgestellten Informationen wurden mit [&hellip;]<\/p>\n","protected":false},"author":1,"featured_media":0,"parent":0,"menu_order":52,"comment_status":"closed","ping_status":"closed","template":"post_template.php","meta":{"_acf_changed":false,"inline_featured_image":false,"footnotes":""},"tags":[],"class_list":["post-1224","page","type-page","status-publish","hentry"],"acf":[],"yoast_head":"<!-- This site is optimized with the Yoast SEO plugin v27.2 - https:\/\/yoast.com\/product\/yoast-seo-wordpress\/ -->\n<title>Impressum - Gasmet.de<\/title>\n<meta name=\"robots\" content=\"index, follow, max-snippet:-1, max-image-preview:large, max-video-preview:-1\" \/>\n<link rel=\"canonical\" href=\"https:\/\/www.gasmet.com\/de\/impressum\/\" \/>\n<meta property=\"og:locale\" content=\"de_DE\" \/>\n<meta property=\"og:type\" content=\"article\" \/>\n<meta property=\"og:title\" content=\"Impressum - Gasmet.de\" \/>\n<meta property=\"og:description\" content=\"Gasmet Group CEO: Nenne Nordstr\u00f6m, Finnland &nbsp; Standorte in Deutschland Gasmet Technologies GmbH Ostring 4 76131 KARLSRUHE Telefon: 0721 62656-0 Telefax: 0721 621332 Email: sekretariat@gasmet.com www.gasmet.de Eingetragen im Handelsregister Mannheim: HRB 105091 Umsatzsteuer-Identifikationsnummer: DE143590936 Duns-No: 326446218 Gesch\u00e4ftsf\u00fchrer: Marco Signori Prokurist: Heike Hannig &nbsp; Nutzungsbedingungen und Haftung: Inhalte Dieser Website und die bereitgestellten Informationen wurden mit [&hellip;]\" \/>\n<meta property=\"og:url\" content=\"https:\/\/www.gasmet.com\/de\/impressum\/\" \/>\n<meta property=\"og:site_name\" content=\"Gasmet.de\" \/>\n<meta property=\"article:modified_time\" content=\"2025-04-04T10:19:00+00:00\" \/>\n<meta property=\"og:image\" content=\"http:\/\/www.gasmet.com\/testisivusto.gasmet.com\/de\/wp-content\/uploads\/sites\/6\/2018\/04\/pexels-photo-289395_edit.jpg\" \/>\n<meta name=\"twitter:card\" content=\"summary_large_image\" \/>\n<meta name=\"twitter:label1\" content=\"Gesch\u00e4tzte Lesezeit\" \/>\n\t<meta name=\"twitter:data1\" content=\"2\u00a0Minuten\" \/>\n<script type=\"application\/ld+json\" class=\"yoast-schema-graph\">{\"@context\":\"https:\/\/schema.org\",\"@graph\":[{\"@type\":\"WebPage\",\"@id\":\"https:\/\/www.gasmet.com\/de\/impressum\/\",\"url\":\"https:\/\/www.gasmet.com\/de\/impressum\/\",\"name\":\"Impressum - Gasmet.de\",\"isPartOf\":{\"@id\":\"https:\/\/www.gasmet.com\/de\/#website\"},\"datePublished\":\"2018-04-05T12:22:12+00:00\",\"dateModified\":\"2025-04-04T10:19:00+00:00\",\"breadcrumb\":{\"@id\":\"https:\/\/www.gasmet.com\/de\/impressum\/#breadcrumb\"},\"inLanguage\":\"de\",\"potentialAction\":[{\"@type\":\"ReadAction\",\"target\":[\"https:\/\/www.gasmet.com\/de\/impressum\/\"]}]},{\"@type\":\"BreadcrumbList\",\"@id\":\"https:\/\/www.gasmet.com\/de\/impressum\/#breadcrumb\",\"itemListElement\":[{\"@type\":\"ListItem\",\"position\":1,\"name\":\"Home\",\"item\":\"https:\/\/www.gasmet.com\/de\/\"},{\"@type\":\"ListItem\",\"position\":2,\"name\":\"Impressum\"}]},{\"@type\":\"WebSite\",\"@id\":\"https:\/\/www.gasmet.com\/de\/#website\",\"url\":\"https:\/\/www.gasmet.com\/de\/\",\"name\":\"Gasmet.de\",\"description\":\"Gasanalyik &amp; Gasmesstechnik von der Probenahme bis zum Messger\u00e4t\",\"potentialAction\":[{\"@type\":\"SearchAction\",\"target\":{\"@type\":\"EntryPoint\",\"urlTemplate\":\"https:\/\/www.gasmet.com\/de\/?s={search_term_string}\"},\"query-input\":{\"@type\":\"PropertyValueSpecification\",\"valueRequired\":true,\"valueName\":\"search_term_string\"}}],\"inLanguage\":\"de\"}]}<\/script>\n<!-- \/ Yoast SEO plugin. -->","yoast_head_json":{"title":"Impressum - Gasmet.de","robots":{"index":"index","follow":"follow","max-snippet":"max-snippet:-1","max-image-preview":"max-image-preview:large","max-video-preview":"max-video-preview:-1"},"canonical":"https:\/\/www.gasmet.com\/de\/impressum\/","og_locale":"de_DE","og_type":"article","og_title":"Impressum - Gasmet.de","og_description":"Gasmet Group CEO: Nenne Nordstr\u00f6m, Finnland &nbsp; Standorte in Deutschland Gasmet Technologies GmbH Ostring 4 76131 KARLSRUHE Telefon: 0721 62656-0 Telefax: 0721 621332 Email: sekretariat@gasmet.com www.gasmet.de Eingetragen im Handelsregister Mannheim: HRB 105091 Umsatzsteuer-Identifikationsnummer: DE143590936 Duns-No: 326446218 Gesch\u00e4ftsf\u00fchrer: Marco Signori Prokurist: Heike Hannig &nbsp; Nutzungsbedingungen und Haftung: Inhalte Dieser Website und die bereitgestellten Informationen wurden mit [&hellip;]","og_url":"https:\/\/www.gasmet.com\/de\/impressum\/","og_site_name":"Gasmet.de","article_modified_time":"2025-04-04T10:19:00+00:00","og_image":[{"url":"http:\/\/www.gasmet.com\/testisivusto.gasmet.com\/de\/wp-content\/uploads\/sites\/6\/2018\/04\/pexels-photo-289395_edit.jpg","type":"","width":"","height":""}],"twitter_card":"summary_large_image","twitter_misc":{"Gesch\u00e4tzte Lesezeit":"2\u00a0Minuten"},"schema":{"@context":"https:\/\/schema.org","@graph":[{"@type":"WebPage","@id":"https:\/\/www.gasmet.com\/de\/impressum\/","url":"https:\/\/www.gasmet.com\/de\/impressum\/","name":"Impressum - Gasmet.de","isPartOf":{"@id":"https:\/\/www.gasmet.com\/de\/#website"},"datePublished":"2018-04-05T12:22:12+00:00","dateModified":"2025-04-04T10:19:00+00:00","breadcrumb":{"@id":"https:\/\/www.gasmet.com\/de\/impressum\/#breadcrumb"},"inLanguage":"de","potentialAction":[{"@type":"ReadAction","target":["https:\/\/www.gasmet.com\/de\/impressum\/"]}]},{"@type":"BreadcrumbList","@id":"https:\/\/www.gasmet.com\/de\/impressum\/#breadcrumb","itemListElement":[{"@type":"ListItem","position":1,"name":"Home","item":"https:\/\/www.gasmet.com\/de\/"},{"@type":"ListItem","position":2,"name":"Impressum"}]},{"@type":"WebSite","@id":"https:\/\/www.gasmet.com\/de\/#website","url":"https:\/\/www.gasmet.com\/de\/","name":"Gasmet.de","description":"Gasanalyik &amp; Gasmesstechnik von der Probenahme bis zum Messger\u00e4t","potentialAction":[{"@type":"SearchAction","target":{"@type":"EntryPoint","urlTemplate":"https:\/\/www.gasmet.com\/de\/?s={search_term_string}"},"query-input":{"@type":"PropertyValueSpecification","valueRequired":true,"valueName":"search_term_string"}}],"inLanguage":"de"}]}},"_links":{"self":[{"href":"https:\/\/www.gasmet.com\/de\/wp-json\/wp\/v2\/pages\/1224","targetHints":{"allow":["GET"]}}],"collection":[{"href":"https:\/\/www.gasmet.com\/de\/wp-json\/wp\/v2\/pages"}],"about":[{"href":"https:\/\/www.gasmet.com\/de\/wp-json\/wp\/v2\/types\/page"}],"author":[{"embeddable":true,"href":"https:\/\/www.gasmet.com\/de\/wp-json\/wp\/v2\/users\/1"}],"replies":[{"embeddable":true,"href":"https:\/\/www.gasmet.com\/de\/wp-json\/wp\/v2\/comments?post=1224"}],"version-history":[{"count":25,"href":"https:\/\/www.gasmet.com\/de\/wp-json\/wp\/v2\/pages\/1224\/revisions"}],"predecessor-version":[{"id":12391,"href":"https:\/\/www.gasmet.com\/de\/wp-json\/wp\/v2\/pages\/1224\/revisions\/12391"}],"wp:attachment":[{"href":"https:\/\/www.gasmet.com\/de\/wp-json\/wp\/v2\/media?parent=1224"}],"wp:term":[{"taxonomy":"post_tag","embeddable":true,"href":"https:\/\/www.gasmet.com\/de\/wp-json\/wp\/v2\/tags?post=1224"}],"curies":[{"name":"wp","href":"https:\/\/api.w.org\/{rel}","templated":true}]}}