{"id":12089,"date":"2023-12-20T12:58:50","date_gmt":"2023-12-20T12:58:50","guid":{"rendered":"https:\/\/www.gasmet.com\/de\/?page_id=12089"},"modified":"2024-11-14T13:33:51","modified_gmt":"2024-11-14T13:33:51","slug":"sicherheit-fuer-lithium-ionen-akkus","status":"publish","type":"page","link":"https:\/\/www.gasmet.com\/de\/einsatzgebiete\/arbeitsschutz-und-gefahrenabwehr\/sicherheit-fuer-lithium-ionen-akkus\/","title":{"rendered":"Sicherheit f\u00fcr Lithium-Ionen-Akkus"},"content":{"rendered":"<p><em>Lithium-Ionen-Akkus spielen heutzutage eine immer wichtigere Rolle, in jeglicher Art von Elektronik, in Elektrofahrzeugen und als Energiespeicher f\u00fcr Heim und Industrie. Dieser Anstieg <a href=\"https:\/\/www.gasmet.com\/de\/blog\/gas-analysis-the-cornerstone-of-battery-safety-testing\/\">der Akkunutzung birgt nicht nur Chancen, sondern auch Risiken.<\/a> Unser Fokus richtet sich auf das Kernst\u00fcck der Akkusicherheit. Dort untersuchen wir die ablaufenden Reaktionen im Schadensfall und den Aussto\u00df toxischer Gase. Dank unseren Gasanalysel\u00f6sungen k\u00f6nnen m\u00f6gliche Probleme fr\u00fchzeitig erkannt werden.<\/em><\/p>\n<h2>Thermisches Durchgehen oder \u201eThermal Runaway\u201c von Lithium-Ionen-Akkus<\/h2>\n<p>Beim Thermal Runaway entsteht neben gro\u00dfer Hitze eine Vielzahl von toxischen und aggressiven Gasen. Mit <a href=\"https:\/\/www.gasmet.com\/de\/produkte\/category\/gas-analysatoren\/\">den FTIR-Gasanalysatoren<\/a> von Gasmet k\u00f6nnen die von den Akkus im Brandfall ausstr\u00f6menden Gase schnell und einfach analysiert und die Konzentrationen der einzelnen Komponenten gemessen werden. Da nicht alle Gase unter den gleichen Umst\u00e4nden freigesetzt werden, sind f\u00fcr genaue Messungen und die Identifizierung Multigasanalysatoren wie der <a href=\"https:\/\/www.gasmet.com\/de\/produkte\/category\/gas-analysatoren\/gt6000-mobilis\/\">GT6000 Mobilis<\/a> mit beheizter Messzelle unerl\u00e4sslich. Kohlenmonoxid, Carbonate, S\u00e4uren wie Fluorwasserstoff und verschiedene VOCs sind Gase, die in diesen Szenarien von besonderem Interesse sind.<\/p>\n<p>Die Ausgasung von Akkus ist ein weiteres Gebiet, wo die FTIR-Analyse ihre St\u00e4rken zeigt. Ausgasungen zu erkennen ist von entscheidender Bedeutung, da sie ein bevorstehendes Durchgehen der Akkus anzeigen k\u00f6nnen. Als Indikatoren werden Gase wie Fluorwasserstoff (HF) und Carbonate verwendet, wobei der Grenzwert oft bei 1 ppm liegt.<\/p>\n","protected":false},"excerpt":{"rendered":"<p>Lithium-Ionen-Akkus spielen heutzutage eine immer wichtigere Rolle, in jeglicher Art von Elektronik, in Elektrofahrzeugen und als Energiespeicher f\u00fcr Heim und Industrie. Dieser Anstieg der Akkunutzung birgt nicht nur Chancen, sondern auch Risiken. Unser Fokus richtet sich auf das Kernst\u00fcck der Akkusicherheit. Dort untersuchen wir die ablaufenden Reaktionen im Schadensfall und den Aussto\u00df toxischer Gase. Dank [&hellip;]<\/p>\n","protected":false},"author":6,"featured_media":12294,"parent":20,"menu_order":2,"comment_status":"closed","ping_status":"closed","template":"","meta":{"_acf_changed":false,"inline_featured_image":false,"footnotes":""},"tags":[],"class_list":["post-12089","page","type-page","status-publish","has-post-thumbnail","hentry"],"acf":[],"yoast_head":"<!-- This site is optimized with the Yoast SEO plugin v27.2 - https:\/\/yoast.com\/product\/yoast-seo-wordpress\/ -->\n<title>Sicherheit f\u00fcr Lithium-Ionen-Akkus - Gasmet.de<\/title>\n<meta name=\"robots\" content=\"index, follow, max-snippet:-1, max-image-preview:large, max-video-preview:-1\" \/>\n<link rel=\"canonical\" href=\"https:\/\/www.gasmet.com\/de\/einsatzgebiete\/arbeitsschutz-und-gefahrenabwehr\/sicherheit-fuer-lithium-ionen-akkus\/\" \/>\n<meta property=\"og:locale\" content=\"de_DE\" \/>\n<meta property=\"og:type\" content=\"article\" \/>\n<meta property=\"og:title\" content=\"Sicherheit f\u00fcr Lithium-Ionen-Akkus - Gasmet.de\" \/>\n<meta property=\"og:description\" content=\"Lithium-Ionen-Akkus spielen heutzutage eine immer wichtigere Rolle, in jeglicher Art von Elektronik, in Elektrofahrzeugen und als Energiespeicher f\u00fcr Heim und Industrie. Dieser Anstieg der Akkunutzung birgt nicht nur Chancen, sondern auch Risiken. Unser Fokus richtet sich auf das Kernst\u00fcck der Akkusicherheit. Dort untersuchen wir die ablaufenden Reaktionen im Schadensfall und den Aussto\u00df toxischer Gase. Dank [&hellip;]\" \/>\n<meta property=\"og:url\" content=\"https:\/\/www.gasmet.com\/de\/einsatzgebiete\/arbeitsschutz-und-gefahrenabwehr\/sicherheit-fuer-lithium-ionen-akkus\/\" \/>\n<meta property=\"og:site_name\" content=\"Gasmet.de\" \/>\n<meta property=\"article:modified_time\" content=\"2024-11-14T13:33:51+00:00\" \/>\n<meta property=\"og:image\" content=\"https:\/\/www.gasmet.com\/de\/wp-content\/uploads\/sites\/6\/2024\/11\/Li-ion-battery-hero.jpg\" \/>\n\t<meta property=\"og:image:width\" content=\"2000\" \/>\n\t<meta property=\"og:image:height\" content=\"500\" \/>\n\t<meta property=\"og:image:type\" content=\"image\/jpeg\" \/>\n<meta name=\"twitter:card\" content=\"summary_large_image\" \/>\n<meta name=\"twitter:label1\" content=\"Gesch\u00e4tzte Lesezeit\" \/>\n\t<meta name=\"twitter:data1\" content=\"2\u00a0Minuten\" \/>\n<script type=\"application\/ld+json\" class=\"yoast-schema-graph\">{\"@context\":\"https:\/\/schema.org\",\"@graph\":[{\"@type\":\"WebPage\",\"@id\":\"https:\/\/www.gasmet.com\/de\/einsatzgebiete\/arbeitsschutz-und-gefahrenabwehr\/sicherheit-fuer-lithium-ionen-akkus\/\",\"url\":\"https:\/\/www.gasmet.com\/de\/einsatzgebiete\/arbeitsschutz-und-gefahrenabwehr\/sicherheit-fuer-lithium-ionen-akkus\/\",\"name\":\"Sicherheit f\u00fcr Lithium-Ionen-Akkus - Gasmet.de\",\"isPartOf\":{\"@id\":\"https:\/\/www.gasmet.com\/de\/#website\"},\"primaryImageOfPage\":{\"@id\":\"https:\/\/www.gasmet.com\/de\/einsatzgebiete\/arbeitsschutz-und-gefahrenabwehr\/sicherheit-fuer-lithium-ionen-akkus\/#primaryimage\"},\"image\":{\"@id\":\"https:\/\/www.gasmet.com\/de\/einsatzgebiete\/arbeitsschutz-und-gefahrenabwehr\/sicherheit-fuer-lithium-ionen-akkus\/#primaryimage\"},\"thumbnailUrl\":\"https:\/\/www.gasmet.com\/de\/wp-content\/uploads\/sites\/6\/2024\/11\/Li-ion-battery-hero.jpg\",\"datePublished\":\"2023-12-20T12:58:50+00:00\",\"dateModified\":\"2024-11-14T13:33:51+00:00\",\"breadcrumb\":{\"@id\":\"https:\/\/www.gasmet.com\/de\/einsatzgebiete\/arbeitsschutz-und-gefahrenabwehr\/sicherheit-fuer-lithium-ionen-akkus\/#breadcrumb\"},\"inLanguage\":\"de\",\"potentialAction\":[{\"@type\":\"ReadAction\",\"target\":[\"https:\/\/www.gasmet.com\/de\/einsatzgebiete\/arbeitsschutz-und-gefahrenabwehr\/sicherheit-fuer-lithium-ionen-akkus\/\"]}]},{\"@type\":\"ImageObject\",\"inLanguage\":\"de\",\"@id\":\"https:\/\/www.gasmet.com\/de\/einsatzgebiete\/arbeitsschutz-und-gefahrenabwehr\/sicherheit-fuer-lithium-ionen-akkus\/#primaryimage\",\"url\":\"https:\/\/www.gasmet.com\/de\/wp-content\/uploads\/sites\/6\/2024\/11\/Li-ion-battery-hero.jpg\",\"contentUrl\":\"https:\/\/www.gasmet.com\/de\/wp-content\/uploads\/sites\/6\/2024\/11\/Li-ion-battery-hero.jpg\",\"width\":2000,\"height\":500},{\"@type\":\"BreadcrumbList\",\"@id\":\"https:\/\/www.gasmet.com\/de\/einsatzgebiete\/arbeitsschutz-und-gefahrenabwehr\/sicherheit-fuer-lithium-ionen-akkus\/#breadcrumb\",\"itemListElement\":[{\"@type\":\"ListItem\",\"position\":1,\"name\":\"Home\",\"item\":\"https:\/\/www.gasmet.com\/de\/\"},{\"@type\":\"ListItem\",\"position\":2,\"name\":\"Einsatzgebiete\",\"item\":\"https:\/\/www.gasmet.com\/de\/einsatzgebiete\/\"},{\"@type\":\"ListItem\",\"position\":3,\"name\":\"Arbeitsschutz und Gefahrenabwehr\",\"item\":\"https:\/\/www.gasmet.com\/de\/einsatzgebiete\/arbeitsschutz-und-gefahrenabwehr\/\"},{\"@type\":\"ListItem\",\"position\":4,\"name\":\"Sicherheit f\u00fcr Lithium-Ionen-Akkus\"}]},{\"@type\":\"WebSite\",\"@id\":\"https:\/\/www.gasmet.com\/de\/#website\",\"url\":\"https:\/\/www.gasmet.com\/de\/\",\"name\":\"Gasmet.de\",\"description\":\"Gasanalyik &amp; Gasmesstechnik von der Probenahme bis zum Messger\u00e4t\",\"potentialAction\":[{\"@type\":\"SearchAction\",\"target\":{\"@type\":\"EntryPoint\",\"urlTemplate\":\"https:\/\/www.gasmet.com\/de\/?s={search_term_string}\"},\"query-input\":{\"@type\":\"PropertyValueSpecification\",\"valueRequired\":true,\"valueName\":\"search_term_string\"}}],\"inLanguage\":\"de\"}]}<\/script>\n<!-- \/ Yoast SEO plugin. -->","yoast_head_json":{"title":"Sicherheit f\u00fcr Lithium-Ionen-Akkus - Gasmet.de","robots":{"index":"index","follow":"follow","max-snippet":"max-snippet:-1","max-image-preview":"max-image-preview:large","max-video-preview":"max-video-preview:-1"},"canonical":"https:\/\/www.gasmet.com\/de\/einsatzgebiete\/arbeitsschutz-und-gefahrenabwehr\/sicherheit-fuer-lithium-ionen-akkus\/","og_locale":"de_DE","og_type":"article","og_title":"Sicherheit f\u00fcr Lithium-Ionen-Akkus - Gasmet.de","og_description":"Lithium-Ionen-Akkus spielen heutzutage eine immer wichtigere Rolle, in jeglicher Art von Elektronik, in Elektrofahrzeugen und als Energiespeicher f\u00fcr Heim und Industrie. Dieser Anstieg der Akkunutzung birgt nicht nur Chancen, sondern auch Risiken. Unser Fokus richtet sich auf das Kernst\u00fcck der Akkusicherheit. Dort untersuchen wir die ablaufenden Reaktionen im Schadensfall und den Aussto\u00df toxischer Gase. Dank [&hellip;]","og_url":"https:\/\/www.gasmet.com\/de\/einsatzgebiete\/arbeitsschutz-und-gefahrenabwehr\/sicherheit-fuer-lithium-ionen-akkus\/","og_site_name":"Gasmet.de","article_modified_time":"2024-11-14T13:33:51+00:00","og_image":[{"width":2000,"height":500,"url":"https:\/\/www.gasmet.com\/de\/wp-content\/uploads\/sites\/6\/2024\/11\/Li-ion-battery-hero.jpg","type":"image\/jpeg"}],"twitter_card":"summary_large_image","twitter_misc":{"Gesch\u00e4tzte Lesezeit":"2\u00a0Minuten"},"schema":{"@context":"https:\/\/schema.org","@graph":[{"@type":"WebPage","@id":"https:\/\/www.gasmet.com\/de\/einsatzgebiete\/arbeitsschutz-und-gefahrenabwehr\/sicherheit-fuer-lithium-ionen-akkus\/","url":"https:\/\/www.gasmet.com\/de\/einsatzgebiete\/arbeitsschutz-und-gefahrenabwehr\/sicherheit-fuer-lithium-ionen-akkus\/","name":"Sicherheit f\u00fcr Lithium-Ionen-Akkus - Gasmet.de","isPartOf":{"@id":"https:\/\/www.gasmet.com\/de\/#website"},"primaryImageOfPage":{"@id":"https:\/\/www.gasmet.com\/de\/einsatzgebiete\/arbeitsschutz-und-gefahrenabwehr\/sicherheit-fuer-lithium-ionen-akkus\/#primaryimage"},"image":{"@id":"https:\/\/www.gasmet.com\/de\/einsatzgebiete\/arbeitsschutz-und-gefahrenabwehr\/sicherheit-fuer-lithium-ionen-akkus\/#primaryimage"},"thumbnailUrl":"https:\/\/www.gasmet.com\/de\/wp-content\/uploads\/sites\/6\/2024\/11\/Li-ion-battery-hero.jpg","datePublished":"2023-12-20T12:58:50+00:00","dateModified":"2024-11-14T13:33:51+00:00","breadcrumb":{"@id":"https:\/\/www.gasmet.com\/de\/einsatzgebiete\/arbeitsschutz-und-gefahrenabwehr\/sicherheit-fuer-lithium-ionen-akkus\/#breadcrumb"},"inLanguage":"de","potentialAction":[{"@type":"ReadAction","target":["https:\/\/www.gasmet.com\/de\/einsatzgebiete\/arbeitsschutz-und-gefahrenabwehr\/sicherheit-fuer-lithium-ionen-akkus\/"]}]},{"@type":"ImageObject","inLanguage":"de","@id":"https:\/\/www.gasmet.com\/de\/einsatzgebiete\/arbeitsschutz-und-gefahrenabwehr\/sicherheit-fuer-lithium-ionen-akkus\/#primaryimage","url":"https:\/\/www.gasmet.com\/de\/wp-content\/uploads\/sites\/6\/2024\/11\/Li-ion-battery-hero.jpg","contentUrl":"https:\/\/www.gasmet.com\/de\/wp-content\/uploads\/sites\/6\/2024\/11\/Li-ion-battery-hero.jpg","width":2000,"height":500},{"@type":"BreadcrumbList","@id":"https:\/\/www.gasmet.com\/de\/einsatzgebiete\/arbeitsschutz-und-gefahrenabwehr\/sicherheit-fuer-lithium-ionen-akkus\/#breadcrumb","itemListElement":[{"@type":"ListItem","position":1,"name":"Home","item":"https:\/\/www.gasmet.com\/de\/"},{"@type":"ListItem","position":2,"name":"Einsatzgebiete","item":"https:\/\/www.gasmet.com\/de\/einsatzgebiete\/"},{"@type":"ListItem","position":3,"name":"Arbeitsschutz und Gefahrenabwehr","item":"https:\/\/www.gasmet.com\/de\/einsatzgebiete\/arbeitsschutz-und-gefahrenabwehr\/"},{"@type":"ListItem","position":4,"name":"Sicherheit f\u00fcr Lithium-Ionen-Akkus"}]},{"@type":"WebSite","@id":"https:\/\/www.gasmet.com\/de\/#website","url":"https:\/\/www.gasmet.com\/de\/","name":"Gasmet.de","description":"Gasanalyik &amp; Gasmesstechnik von der Probenahme bis zum Messger\u00e4t","potentialAction":[{"@type":"SearchAction","target":{"@type":"EntryPoint","urlTemplate":"https:\/\/www.gasmet.com\/de\/?s={search_term_string}"},"query-input":{"@type":"PropertyValueSpecification","valueRequired":true,"valueName":"search_term_string"}}],"inLanguage":"de"}]}},"_links":{"self":[{"href":"https:\/\/www.gasmet.com\/de\/wp-json\/wp\/v2\/pages\/12089","targetHints":{"allow":["GET"]}}],"collection":[{"href":"https:\/\/www.gasmet.com\/de\/wp-json\/wp\/v2\/pages"}],"about":[{"href":"https:\/\/www.gasmet.com\/de\/wp-json\/wp\/v2\/types\/page"}],"author":[{"embeddable":true,"href":"https:\/\/www.gasmet.com\/de\/wp-json\/wp\/v2\/users\/6"}],"replies":[{"embeddable":true,"href":"https:\/\/www.gasmet.com\/de\/wp-json\/wp\/v2\/comments?post=12089"}],"version-history":[{"count":4,"href":"https:\/\/www.gasmet.com\/de\/wp-json\/wp\/v2\/pages\/12089\/revisions"}],"predecessor-version":[{"id":12099,"href":"https:\/\/www.gasmet.com\/de\/wp-json\/wp\/v2\/pages\/12089\/revisions\/12099"}],"up":[{"embeddable":true,"href":"https:\/\/www.gasmet.com\/de\/wp-json\/wp\/v2\/pages\/20"}],"wp:featuredmedia":[{"embeddable":true,"href":"https:\/\/www.gasmet.com\/de\/wp-json\/wp\/v2\/media\/12294"}],"wp:attachment":[{"href":"https:\/\/www.gasmet.com\/de\/wp-json\/wp\/v2\/media?parent=12089"}],"wp:term":[{"taxonomy":"post_tag","embeddable":true,"href":"https:\/\/www.gasmet.com\/de\/wp-json\/wp\/v2\/tags?post=12089"}],"curies":[{"name":"wp","href":"https:\/\/api.w.org\/{rel}","templated":true}]}}