{"id":11773,"date":"2023-05-02T05:33:21","date_gmt":"2023-05-02T05:33:21","guid":{"rendered":"https:\/\/www.gasmet.com\/de\/?page_id=11773"},"modified":"2023-05-02T05:33:21","modified_gmt":"2023-05-02T05:33:21","slug":"vertriebsingenieur","status":"publish","type":"page","link":"https:\/\/www.gasmet.com\/de\/company\/karriere\/vertriebsingenieur\/","title":{"rendered":"Vertriebsingenieur"},"content":{"rendered":"<p><em>F\u00fcr unseren deutschen Standort in Karlsruhe suchen wir ab sofort einen<\/em><\/p>\n<h2>Vertriebsingenieur (m\/w\/d)<\/h2>\n<p>In dieser Rolle fokussieren Sie sich auf den bundesweiten Emissionsmarkt mit einem Augenmerk auf Gro\u00dffeuerungsanlagen und thermische Abfallverwertung.<\/p>\n<p><strong>Ihre Aufgaben:<\/strong><\/p>\n<ul>\n<li>Sie sind zust\u00e4ndig f\u00fcr die Neukundengewinnung und den Ausbau von bestehenden Kundenbeziehungen<\/li>\n<li>Sie analysieren den Markt, identifizieren Markpotentiale und akquirieren neue Projekte<\/li>\n<li>Sie definieren Umsatzziele, entwickeln messbare Konzepte zur Zielerreichung und kommunizieren diese in einem monatlichen Rolling Sales Forecast<\/li>\n<li>Sie pr\u00e4sentieren unsere Systeme bei Kunden und f\u00fchren Testmessungen vor Ort durch<\/li>\n<li>Sie fungieren als Schnittstelle zwischen unseren Kunden und den Abteilungen Vertriebsinnendienst und Service<\/li>\n<li>Sie wirken bei Ausstellungen und Messen mit<\/li>\n<\/ul>\n<p><strong>Ihre Qualifikationen:<\/strong><\/p>\n<ul>\n<li>Sie verf\u00fcgen \u00fcber ein erfolgreich abgeschlossenes Studium der Fachrichtung Chemie, Chemieingenieur\u00acwesen oder Ingenieurwissenschaften im Bereich Umwelt<\/li>\n<li>Sie haben einschl\u00e4gige Erfahrung und technisches Verst\u00e4ndnis im Bereich Messtechnik und\/oder instrumenteller Analytik, bzw. analytischer Chemie<\/li>\n<li>Teamf\u00e4higkeit, \u00dcberzeugungskraft und Verhandlungskompetenz z\u00e4hlen zu Ihren St\u00e4rken<\/li>\n<li>Sie verf\u00fcgen \u00fcber sehr gute Kenntnisse in MS Office<\/li>\n<li>Sie verf\u00fcgen \u00fcber verhandlungssichere Deutsch- und Englischkenntnisse<\/li>\n<\/ul>\n<p><strong>Wir bieten Ihnen:<\/strong><\/p>\n<ul>\n<li>Einen sicheren und abwechslungsreichen Arbeitsplatz mit attraktiver Verg\u00fctung und die M\u00f6glichkeit, sich in einem etablierten, dynamischen Unternehmen einzubringen<\/li>\n<li>Viel Gestaltungsspielraum und die M\u00f6glichkeit, Ideen einzubringen, umzusetzen und eigenverantwortlich zu betreuen<\/li>\n<li>Einarbeitungsplan und Teilnahme an Produktschulungen<\/li>\n<\/ul>\n<p><strong>Kontakt:<\/strong><\/p>\n<p>Bitte senden Sie Ihre vollst\u00e4ndigen Bewerbungsunterlagen an unsere Personalabteilung, bevorzugt per E-Mail an <strong>bewerbung@gasmet.com<\/strong>.<\/p>\n","protected":false},"excerpt":{"rendered":"<p>F\u00fcr unseren deutschen Standort in Karlsruhe suchen wir ab sofort einen Vertriebsingenieur (m\/w\/d) In dieser Rolle fokussieren Sie sich auf den bundesweiten Emissionsmarkt mit einem Augenmerk auf Gro\u00dffeuerungsanlagen und thermische Abfallverwertung. Ihre Aufgaben: Sie sind zust\u00e4ndig f\u00fcr die Neukundengewinnung und den Ausbau von bestehenden Kundenbeziehungen Sie analysieren den Markt, identifizieren Markpotentiale und akquirieren neue Projekte [&hellip;]<\/p>\n","protected":false},"author":6,"featured_media":0,"parent":329,"menu_order":3,"comment_status":"closed","ping_status":"closed","template":"","meta":{"_acf_changed":false,"inline_featured_image":false,"footnotes":""},"tags":[],"class_list":["post-11773","page","type-page","status-publish","hentry"],"acf":[],"yoast_head":"<!-- This site is optimized with the Yoast SEO plugin v27.6 - https:\/\/yoast.com\/product\/yoast-seo-wordpress\/ -->\n<title>Vertriebsingenieur - Gasmet.de<\/title>\n<meta name=\"robots\" content=\"index, follow, max-snippet:-1, max-image-preview:large, max-video-preview:-1\" \/>\n<link rel=\"canonical\" href=\"https:\/\/www.gasmet.com\/de\/company\/karriere\/vertriebsingenieur\/\" \/>\n<meta property=\"og:locale\" content=\"de_DE\" \/>\n<meta property=\"og:type\" content=\"article\" \/>\n<meta property=\"og:title\" content=\"Vertriebsingenieur - Gasmet.de\" \/>\n<meta property=\"og:description\" content=\"F\u00fcr unseren deutschen Standort in Karlsruhe suchen wir ab sofort einen Vertriebsingenieur (m\/w\/d) In dieser Rolle fokussieren Sie sich auf den bundesweiten Emissionsmarkt mit einem Augenmerk auf Gro\u00dffeuerungsanlagen und thermische Abfallverwertung. Ihre Aufgaben: Sie sind zust\u00e4ndig f\u00fcr die Neukundengewinnung und den Ausbau von bestehenden Kundenbeziehungen Sie analysieren den Markt, identifizieren Markpotentiale und akquirieren neue Projekte [&hellip;]\" \/>\n<meta property=\"og:url\" content=\"https:\/\/www.gasmet.com\/de\/company\/karriere\/vertriebsingenieur\/\" \/>\n<meta property=\"og:site_name\" content=\"Gasmet.de\" \/>\n<meta property=\"og:image\" content=\"http:\/\/www.gasmet.com\/testisivusto.gasmet.com\/de\/wp-content\/uploads\/sites\/6\/2018\/04\/pexels-photo-289395_edit.jpg\" \/>\n<meta name=\"twitter:card\" content=\"summary_large_image\" \/>\n<meta name=\"twitter:label1\" content=\"Gesch\u00e4tzte Lesezeit\" \/>\n\t<meta name=\"twitter:data1\" content=\"2\u00a0Minuten\" \/>\n<script type=\"application\/ld+json\" class=\"yoast-schema-graph\">{\"@context\":\"https:\\\/\\\/schema.org\",\"@graph\":[{\"@type\":\"WebPage\",\"@id\":\"https:\\\/\\\/www.gasmet.com\\\/de\\\/company\\\/karriere\\\/vertriebsingenieur\\\/\",\"url\":\"https:\\\/\\\/www.gasmet.com\\\/de\\\/company\\\/karriere\\\/vertriebsingenieur\\\/\",\"name\":\"Vertriebsingenieur - Gasmet.de\",\"isPartOf\":{\"@id\":\"https:\\\/\\\/www.gasmet.com\\\/de\\\/#website\"},\"datePublished\":\"2023-05-02T05:33:21+00:00\",\"breadcrumb\":{\"@id\":\"https:\\\/\\\/www.gasmet.com\\\/de\\\/company\\\/karriere\\\/vertriebsingenieur\\\/#breadcrumb\"},\"inLanguage\":\"de\",\"potentialAction\":[{\"@type\":\"ReadAction\",\"target\":[\"https:\\\/\\\/www.gasmet.com\\\/de\\\/company\\\/karriere\\\/vertriebsingenieur\\\/\"]}]},{\"@type\":\"BreadcrumbList\",\"@id\":\"https:\\\/\\\/www.gasmet.com\\\/de\\\/company\\\/karriere\\\/vertriebsingenieur\\\/#breadcrumb\",\"itemListElement\":[{\"@type\":\"ListItem\",\"position\":1,\"name\":\"Home\",\"item\":\"https:\\\/\\\/www.gasmet.com\\\/de\\\/\"},{\"@type\":\"ListItem\",\"position\":2,\"name\":\"Unternehmen\",\"item\":\"https:\\\/\\\/www.gasmet.com\\\/de\\\/company\\\/\"},{\"@type\":\"ListItem\",\"position\":3,\"name\":\"Karriere\",\"item\":\"https:\\\/\\\/www.gasmet.com\\\/de\\\/company\\\/karriere\\\/\"},{\"@type\":\"ListItem\",\"position\":4,\"name\":\"Vertriebsingenieur\"}]},{\"@type\":\"WebSite\",\"@id\":\"https:\\\/\\\/www.gasmet.com\\\/de\\\/#website\",\"url\":\"https:\\\/\\\/www.gasmet.com\\\/de\\\/\",\"name\":\"Gasmet.de\",\"description\":\"Gasanalyik &amp; Gasmesstechnik von der Probenahme bis zum Messger\u00e4t\",\"potentialAction\":[{\"@type\":\"SearchAction\",\"target\":{\"@type\":\"EntryPoint\",\"urlTemplate\":\"https:\\\/\\\/www.gasmet.com\\\/de\\\/?s={search_term_string}\"},\"query-input\":{\"@type\":\"PropertyValueSpecification\",\"valueRequired\":true,\"valueName\":\"search_term_string\"}}],\"inLanguage\":\"de\"}]}<\/script>\n<!-- \/ Yoast SEO plugin. -->","yoast_head_json":{"title":"Vertriebsingenieur - Gasmet.de","robots":{"index":"index","follow":"follow","max-snippet":"max-snippet:-1","max-image-preview":"max-image-preview:large","max-video-preview":"max-video-preview:-1"},"canonical":"https:\/\/www.gasmet.com\/de\/company\/karriere\/vertriebsingenieur\/","og_locale":"de_DE","og_type":"article","og_title":"Vertriebsingenieur - Gasmet.de","og_description":"F\u00fcr unseren deutschen Standort in Karlsruhe suchen wir ab sofort einen Vertriebsingenieur (m\/w\/d) In dieser Rolle fokussieren Sie sich auf den bundesweiten Emissionsmarkt mit einem Augenmerk auf Gro\u00dffeuerungsanlagen und thermische Abfallverwertung. Ihre Aufgaben: Sie sind zust\u00e4ndig f\u00fcr die Neukundengewinnung und den Ausbau von bestehenden Kundenbeziehungen Sie analysieren den Markt, identifizieren Markpotentiale und akquirieren neue Projekte [&hellip;]","og_url":"https:\/\/www.gasmet.com\/de\/company\/karriere\/vertriebsingenieur\/","og_site_name":"Gasmet.de","og_image":[{"url":"http:\/\/www.gasmet.com\/testisivusto.gasmet.com\/de\/wp-content\/uploads\/sites\/6\/2018\/04\/pexels-photo-289395_edit.jpg","type":"","width":"","height":""}],"twitter_card":"summary_large_image","twitter_misc":{"Gesch\u00e4tzte Lesezeit":"2\u00a0Minuten"},"schema":{"@context":"https:\/\/schema.org","@graph":[{"@type":"WebPage","@id":"https:\/\/www.gasmet.com\/de\/company\/karriere\/vertriebsingenieur\/","url":"https:\/\/www.gasmet.com\/de\/company\/karriere\/vertriebsingenieur\/","name":"Vertriebsingenieur - Gasmet.de","isPartOf":{"@id":"https:\/\/www.gasmet.com\/de\/#website"},"datePublished":"2023-05-02T05:33:21+00:00","breadcrumb":{"@id":"https:\/\/www.gasmet.com\/de\/company\/karriere\/vertriebsingenieur\/#breadcrumb"},"inLanguage":"de","potentialAction":[{"@type":"ReadAction","target":["https:\/\/www.gasmet.com\/de\/company\/karriere\/vertriebsingenieur\/"]}]},{"@type":"BreadcrumbList","@id":"https:\/\/www.gasmet.com\/de\/company\/karriere\/vertriebsingenieur\/#breadcrumb","itemListElement":[{"@type":"ListItem","position":1,"name":"Home","item":"https:\/\/www.gasmet.com\/de\/"},{"@type":"ListItem","position":2,"name":"Unternehmen","item":"https:\/\/www.gasmet.com\/de\/company\/"},{"@type":"ListItem","position":3,"name":"Karriere","item":"https:\/\/www.gasmet.com\/de\/company\/karriere\/"},{"@type":"ListItem","position":4,"name":"Vertriebsingenieur"}]},{"@type":"WebSite","@id":"https:\/\/www.gasmet.com\/de\/#website","url":"https:\/\/www.gasmet.com\/de\/","name":"Gasmet.de","description":"Gasanalyik &amp; Gasmesstechnik von der Probenahme bis zum Messger\u00e4t","potentialAction":[{"@type":"SearchAction","target":{"@type":"EntryPoint","urlTemplate":"https:\/\/www.gasmet.com\/de\/?s={search_term_string}"},"query-input":{"@type":"PropertyValueSpecification","valueRequired":true,"valueName":"search_term_string"}}],"inLanguage":"de"}]}},"_links":{"self":[{"href":"https:\/\/www.gasmet.com\/de\/wp-json\/wp\/v2\/pages\/11773","targetHints":{"allow":["GET"]}}],"collection":[{"href":"https:\/\/www.gasmet.com\/de\/wp-json\/wp\/v2\/pages"}],"about":[{"href":"https:\/\/www.gasmet.com\/de\/wp-json\/wp\/v2\/types\/page"}],"author":[{"embeddable":true,"href":"https:\/\/www.gasmet.com\/de\/wp-json\/wp\/v2\/users\/6"}],"replies":[{"embeddable":true,"href":"https:\/\/www.gasmet.com\/de\/wp-json\/wp\/v2\/comments?post=11773"}],"version-history":[{"count":1,"href":"https:\/\/www.gasmet.com\/de\/wp-json\/wp\/v2\/pages\/11773\/revisions"}],"predecessor-version":[{"id":11774,"href":"https:\/\/www.gasmet.com\/de\/wp-json\/wp\/v2\/pages\/11773\/revisions\/11774"}],"up":[{"embeddable":true,"href":"https:\/\/www.gasmet.com\/de\/wp-json\/wp\/v2\/pages\/329"}],"wp:attachment":[{"href":"https:\/\/www.gasmet.com\/de\/wp-json\/wp\/v2\/media?parent=11773"}],"wp:term":[{"taxonomy":"post_tag","embeddable":true,"href":"https:\/\/www.gasmet.com\/de\/wp-json\/wp\/v2\/tags?post=11773"}],"curies":[{"name":"wp","href":"https:\/\/api.w.org\/{rel}","templated":true}]}}