{"id":11111,"date":"2022-02-10T11:15:15","date_gmt":"2022-02-10T11:15:15","guid":{"rendered":"https:\/\/www.gasmet.com\/de\/?page_id=11111"},"modified":"2026-02-24T06:21:49","modified_gmt":"2026-02-24T06:21:49","slug":"fourier-transform-infrarot","status":"publish","type":"page","link":"https:\/\/www.gasmet.com\/de\/produkte\/technologien\/fourier-transform-infrarot\/","title":{"rendered":"FTIR \u2013 Fourier-Transformations-Infrarotspektrometer"},"content":{"rendered":"<h2>Was ist FTIR?<\/h2>\n<p>FTIR steht f\u00fcr Fourier-Transform-Infrarot-Spektroskopie. Es handelt sich um eine leistungsstarke Gasmesstechnik f\u00fcr die gleichzeitige Messung mehrerer Gase. Die F\u00e4higkeit, fast jedes Gas erkennen und messen zu k\u00f6nnen, in Verbindung mit der Robustheit und Zuverl\u00e4ssigkeit der Technologie, macht FTIR f\u00fcr eine Vielzahl von Anwendungen, wie beispielsweise Emissions\u00fcberwachung, Umweltforschung oder die Gasanalyse f\u00fcr die Sicherheit am Arbeitsplatz, besonders geeignet.<\/p>\n<p>&nbsp;<\/p>\n<div id=\"hs-cta-ie-element\">\n<h3 class=\"white-paper__title\"><strong>LEITFADEN ZUR FTIR TECHNOLOGIE<\/strong><\/h3>\n<h2><img loading=\"lazy\" decoding=\"async\" class=\"wp-image-12617 size-medium alignright\" src=\"https:\/\/www.gasmet.com\/de\/wp-content\/uploads\/sites\/6\/2018\/01\/FTIR-guide-mockup-300x238.png\" alt=\"\" width=\"300\" height=\"238\" \/><\/h2>\n<p><em><strong>Nachdem Sie das Whitepaper gelesen haben, werden Sie folgendes erfahren haben:<\/strong><\/em><\/p>\n<ul>\n<li><em>Wie wird das IR-Spektrum f\u00fcr die Quantifizierung von Gasen verwendet?<\/em><\/li>\n<li><em>Was ist die Leistung von FTIR bei der Emissions\u00fcberwachung?<\/em><\/li>\n<li><em>Wann sollte ein Gasmet-FTIR kalibriert werden?<\/em><\/li>\n<li><em>Wie lange betr\u00e4gt die typische Reaktionszeit?<\/em><\/li>\n<li><em>Wie viele Gase k\u00f6nnen gleichzeitig gemessen und analysiert werden?<\/em><\/li>\n<li><em>Welche Gase k\u00f6nnen mit unseren Gasmet-FTIR-Gasanalysatoren gemessen werden?<\/em><\/li>\n<\/ul>\n<\/div>\n<p><!--HubSpot Call-to-Action Code --><span id=\"hs-cta-wrapper-4fe7bcac-1642-427a-9f1d-3eef9b344cb1\" class=\"hs-cta-wrapper\"><span id=\"hs-cta-4fe7bcac-1642-427a-9f1d-3eef9b344cb1\" class=\"hs-cta-node hs-cta-4fe7bcac-1642-427a-9f1d-3eef9b344cb1\"><!-- [if lte IE 8]>\n\n\n<div id=\"hs-cta-ie-element\"><\/div>\n\n\n<![endif]--><a href=\"https:\/\/cta-redirect.hubspot.com\/cta\/redirect\/4052802\/4fe7bcac-1642-427a-9f1d-3eef9b344cb1\" target=\"_blank\" rel=\"noopener\"><img decoding=\"async\" id=\"hs-cta-img-4fe7bcac-1642-427a-9f1d-3eef9b344cb1\" class=\"hs-cta-img\" style=\"border-width: 0px;\" src=\"https:\/\/www.gasmet.com\/de\/wp-content\/uploads\/sites\/6\/2022\/02\/4fe7bcac-1642-427a-9f1d-3eef9b344cb1.png\" alt=\"Studie zur FTIR Technologie herunterladen\" \/><\/a><\/span><script charset=\"utf-8\" src=\"https:\/\/js.hscta.net\/cta\/current.js\"><\/script><script type=\"text\/javascript\"> hbspt.cta.load(4052802, '4fe7bcac-1642-427a-9f1d-3eef9b344cb1', {\"useNewLoader\":\"true\",\"region\":\"na1\"}); <\/script><\/span><!-- end HubSpot Call-to-Action Code --><\/p>\n<h2>Wie funktioniert die FTIR?<\/h2>\n<p>Da jedes Molek\u00fcl Infrarotstrahlung auf seinen charakteristischen Molek\u00fclfrequenzen absorbiert, k\u00f6nnen alle Molek\u00fcle anhand ihres charakteristischen Absorptionsspektrums identifiziert werden. Jede Molek\u00fclstruktur hat eine einzigartige Kombination von Atomen und erzeugt dadurch ein einzigartiges Spektrum, sobald sie mit Infrarotlicht bestrahlt wird. Sogar Molek\u00fcle mit der gleichen Anzahl an Atomen auf unterschiedlichen Positionen k\u00f6nnen von einander differenziert werden. Die einzigen Ausnahmen bilden zweiatomige Elemente, wie etwa O2 und Edelgase, die im IR nicht absorbieren. Das IR-Absorptionsspektrum kann als ein einzigartiger Fingerabdruck eines jeden Molek\u00fcls betrachtet werden.<\/p>\n<p>Das Infrarotspektrum ist ein Diagramm der mit der Infrarotstrahlung zusammenh\u00e4ngenden Gr\u00f6\u00dfen als Funktion der Wellenl\u00e4nge oder Wellenzahl. Nach dem Beer&#8217;schen Gesetz ist die Absorptionsst\u00e4rke (Peakh\u00f6he) direkt proportional zur Konzentration, sodass das IR-Spektrum zur Bestimmung der Konzentration von Gasen in der Probe verwendet werden.<\/p>\n<p>M\u00f6chten Sie mehr \u00fcber FTIR erfahren oder interessieren Sie sich einfach f\u00fcr die Wissenschaft hinter dieser Technologie? Nehmen Sie an unserem kostenlosen Webinar teil, in dem wir dar\u00fcber sprechen, was die Infrarotabsorption in Molek\u00fclen tats\u00e4chlich verursacht und wie sie zur Identifizierung und Messung von Gasen verwendet werden kann.<\/p>\n<p>M\u00f6chten Sie mehr erfahren? Dann besuchen Sie unseren FTIR-Crash-Kurs:<\/p>\n<p><iframe loading=\"lazy\" title=\"YouTube video player\" src=\"https:\/\/www.youtube-nocookie.com\/embed\/MZw3hjRMQBw\" width=\"560\" height=\"315\" frameborder=\"0\" allowfullscreen=\"allowfullscreen\" data-cookieconsent=\"ignore\"><\/iframe><\/p>\n<h3>Die IR Technologien im Vergleich<\/h3>\n<ul>\n<li><strong>Nicht-dispersive IR<\/strong>-Instrumente (NDIR) messen nur einzelne Wellenl\u00e4ngenbereiche, sodass keine weiteren Informationen aus anderen Teilen des Spektrums vorliegen. Mit einer einzigen Messung kann nur eine einzelne Komponente analysiert, und Interferenzen nicht kompensiert werden.<\/li>\n<li><strong>Fourier-Transformations-Infrarot-Spektrometer<\/strong> (FTIR) messen alle IR-Wellenl\u00e4ngen gleichzeitig und erzeugen ein vollst\u00e4ndiges Spektrum. Alle Komponenten k\u00f6nnen mit einer einzigen Messung analysiert, und Interferenzen kompensiert werden.<\/li>\n<\/ul>\n<p>&nbsp;<\/p>\n<h2>FTIR Gasanalysatoren<\/h2>\n<p>Wir bei Gasmet stellen tragbare FTIR-Gasanalysatoren und station\u00e4re FTIR-Emissions\u00fcberwachungssysteme her. Bei einem FTIR-Analysator wird das gesamte Infrarotspektrum gleichzeitig gescannt, woraufhin die Software auf Grundlage der charakteristischen Absorption die Konzentrationen der einzelnen Gase in der Probe berechnet. Alle Gase in der Probe k\u00f6nnen gleichzeitig gemessen werden, da das gesamte Infrarotspektrum auf einmal gescannt wird und hierdurch eine sehr schnelle Multikomponentenmessungen und die Kompensation von Kreuzinterferenzen erm\u00f6glicht wird.<\/p>\n<p>Da alle Gase durch Scannen desselben Infrarotspektrums gemessen werden, k\u00f6nnen neue Verbindungen einfach in der Software hinzugef\u00fcgt werden, ohne dass \u00c4nderungen an der Hardware erforderlich w\u00e4ren. Die aufgezeichneten Spektren werden zudem durch die durchgef\u00fchrte Analyse nicht ver\u00e4ndert und k\u00f6nnen daher jederzeit erneut analysiert werden. Dies erm\u00f6glicht r\u00fcckverfolgbare Daten und erleichtert beispielsweise die nachtr\u00e4gliche \u00dcberpr\u00fcfung der Messungen auf neue Gase.<\/p>\n<p>All dies macht FTIR zur idealen L\u00f6sung f\u00fcr eine Vielzahl von Anwendungen, bei denen mehrere Gase schnell, genau und zuverl\u00e4ssig gemessen werden m\u00fcssen.<\/p>\n<h2>Warum sollten Sie ein FTIR kaufen?<\/h2>\n<ul>\n<li>Multikomponentenf\u00e4higkeit &#8211; gleichzeitige Messung mehrerer Gase<\/li>\n<li>Einfaches Hinzuf\u00fcgen neuer Gase &#8211; keine \u00c4nderung von Hardware erforderlich<\/li>\n<li>FTIR-Emissions\u00fcberwachungssysteme mit Leistungszulassungen erh\u00e4ltlich (T\u00dcV, MCERTS)<\/li>\n<li>Tragbarer FTIR-Analysator erm\u00f6glicht es, Labor mit an Standort zu nehmen<\/li>\n<li>Einfache und kosteng\u00fcnstige Kalibrierung &#8211; Unsere Gasmet-FTIR-Analysatoren ben\u00f6tigen keine Kalibrierungen oder Rekalibrierungen (lediglich eine Nullkalibrierung mit Stickstoff ist erforderlich)<\/li>\n<\/ul>\n<p><em>M\u00f6chten Sie mit unseren Expertinnen und Experten \u00fcber dieses Produkt sprechen? <\/em><em>Hinterlassen Sie uns Ihre Kontaktinformationen und wir werden uns bei Ihnen melden. Sie k\u00f6nnen uns alternativ auch gerne eine Nachricht im Chat hinterlassen oder uns unter sekretariat@gasmet.com eine Email schicken.<\/em><\/p>\n<p><script src=\"https:\/\/js.hsforms.net\/forms\/embed\/4052802.js\" defer><\/script><\/p>\n<div class=\"hs-form-frame\" data-region=\"na1\" data-form-id=\"ccf0ca1d-5924-45c4-b058-99a51f0e7fe8\" data-portal-id=\"4052802\"><\/div>\n","protected":false},"excerpt":{"rendered":"<p>Was ist FTIR? FTIR steht f\u00fcr Fourier-Transform-Infrarot-Spektroskopie. Es handelt sich um eine leistungsstarke Gasmesstechnik f\u00fcr die gleichzeitige Messung mehrerer Gase. Die F\u00e4higkeit, fast jedes Gas erkennen und messen zu k\u00f6nnen, in Verbindung mit der Robustheit und Zuverl\u00e4ssigkeit der Technologie, macht FTIR f\u00fcr eine Vielzahl von Anwendungen, wie beispielsweise Emissions\u00fcberwachung, Umweltforschung oder die Gasanalyse f\u00fcr die [&hellip;]<\/p>\n","protected":false},"author":136,"featured_media":12293,"parent":11273,"menu_order":14,"comment_status":"closed","ping_status":"closed","template":"","meta":{"_acf_changed":false,"inline_featured_image":false,"footnotes":""},"tags":[14,30,29],"class_list":["post-11111","page","type-page","status-publish","has-post-thumbnail","hentry","tag-emissions","tag-sicherheit","tag-environment"],"acf":[],"yoast_head":"<!-- This site is optimized with the Yoast SEO plugin v27.2 - https:\/\/yoast.com\/product\/yoast-seo-wordpress\/ -->\n<title>FTIR \u2013 Fourier-Transformations-Infrarotspektrometer - Gasmet.de<\/title>\n<meta name=\"robots\" content=\"index, follow, max-snippet:-1, max-image-preview:large, max-video-preview:-1\" \/>\n<link rel=\"canonical\" href=\"https:\/\/www.gasmet.com\/de\/produkte\/technologien\/fourier-transform-infrarot\/\" \/>\n<meta property=\"og:locale\" content=\"de_DE\" \/>\n<meta property=\"og:type\" content=\"article\" \/>\n<meta property=\"og:title\" content=\"FTIR \u2013 Fourier-Transformations-Infrarotspektrometer - Gasmet.de\" \/>\n<meta property=\"og:description\" content=\"Was ist FTIR? FTIR steht f\u00fcr Fourier-Transform-Infrarot-Spektroskopie. Es handelt sich um eine leistungsstarke Gasmesstechnik f\u00fcr die gleichzeitige Messung mehrerer Gase. Die F\u00e4higkeit, fast jedes Gas erkennen und messen zu k\u00f6nnen, in Verbindung mit der Robustheit und Zuverl\u00e4ssigkeit der Technologie, macht FTIR f\u00fcr eine Vielzahl von Anwendungen, wie beispielsweise Emissions\u00fcberwachung, Umweltforschung oder die Gasanalyse f\u00fcr die [&hellip;]\" \/>\n<meta property=\"og:url\" content=\"https:\/\/www.gasmet.com\/de\/produkte\/technologien\/fourier-transform-infrarot\/\" \/>\n<meta property=\"og:site_name\" content=\"Gasmet.de\" \/>\n<meta property=\"article:modified_time\" content=\"2026-02-24T06:21:49+00:00\" \/>\n<meta property=\"og:image\" content=\"https:\/\/www.gasmet.com\/de\/wp-content\/uploads\/sites\/6\/2024\/11\/gasmet_brand_cobaltsand.jpg\" \/>\n\t<meta property=\"og:image:width\" content=\"2000\" \/>\n\t<meta property=\"og:image:height\" content=\"500\" \/>\n\t<meta property=\"og:image:type\" content=\"image\/jpeg\" \/>\n<meta name=\"twitter:card\" content=\"summary_large_image\" \/>\n<meta name=\"twitter:label1\" content=\"Gesch\u00e4tzte Lesezeit\" \/>\n\t<meta name=\"twitter:data1\" content=\"5\u00a0Minuten\" \/>\n<script type=\"application\/ld+json\" class=\"yoast-schema-graph\">{\"@context\":\"https:\/\/schema.org\",\"@graph\":[{\"@type\":\"WebPage\",\"@id\":\"https:\/\/www.gasmet.com\/de\/produkte\/technologien\/fourier-transform-infrarot\/\",\"url\":\"https:\/\/www.gasmet.com\/de\/produkte\/technologien\/fourier-transform-infrarot\/\",\"name\":\"FTIR \u2013 Fourier-Transformations-Infrarotspektrometer - Gasmet.de\",\"isPartOf\":{\"@id\":\"https:\/\/www.gasmet.com\/de\/#website\"},\"primaryImageOfPage\":{\"@id\":\"https:\/\/www.gasmet.com\/de\/produkte\/technologien\/fourier-transform-infrarot\/#primaryimage\"},\"image\":{\"@id\":\"https:\/\/www.gasmet.com\/de\/produkte\/technologien\/fourier-transform-infrarot\/#primaryimage\"},\"thumbnailUrl\":\"https:\/\/www.gasmet.com\/de\/wp-content\/uploads\/sites\/6\/2024\/11\/gasmet_brand_cobaltsand.jpg\",\"datePublished\":\"2022-02-10T11:15:15+00:00\",\"dateModified\":\"2026-02-24T06:21:49+00:00\",\"breadcrumb\":{\"@id\":\"https:\/\/www.gasmet.com\/de\/produkte\/technologien\/fourier-transform-infrarot\/#breadcrumb\"},\"inLanguage\":\"de\",\"potentialAction\":[{\"@type\":\"ReadAction\",\"target\":[\"https:\/\/www.gasmet.com\/de\/produkte\/technologien\/fourier-transform-infrarot\/\"]}]},{\"@type\":\"ImageObject\",\"inLanguage\":\"de\",\"@id\":\"https:\/\/www.gasmet.com\/de\/produkte\/technologien\/fourier-transform-infrarot\/#primaryimage\",\"url\":\"https:\/\/www.gasmet.com\/de\/wp-content\/uploads\/sites\/6\/2024\/11\/gasmet_brand_cobaltsand.jpg\",\"contentUrl\":\"https:\/\/www.gasmet.com\/de\/wp-content\/uploads\/sites\/6\/2024\/11\/gasmet_brand_cobaltsand.jpg\",\"width\":2000,\"height\":500},{\"@type\":\"BreadcrumbList\",\"@id\":\"https:\/\/www.gasmet.com\/de\/produkte\/technologien\/fourier-transform-infrarot\/#breadcrumb\",\"itemListElement\":[{\"@type\":\"ListItem\",\"position\":1,\"name\":\"Home\",\"item\":\"https:\/\/www.gasmet.com\/de\/\"},{\"@type\":\"ListItem\",\"position\":2,\"name\":\"Produkte\",\"item\":\"https:\/\/www.gasmet.com\/de\/produkte\/\"},{\"@type\":\"ListItem\",\"position\":3,\"name\":\"Unsere Technologien\",\"item\":\"https:\/\/www.gasmet.com\/de\/produkte\/technologien\/\"},{\"@type\":\"ListItem\",\"position\":4,\"name\":\"FTIR \u2013 Fourier-Transformations-Infrarotspektrometer\"}]},{\"@type\":\"WebSite\",\"@id\":\"https:\/\/www.gasmet.com\/de\/#website\",\"url\":\"https:\/\/www.gasmet.com\/de\/\",\"name\":\"Gasmet.de\",\"description\":\"Gasanalyik &amp; Gasmesstechnik von der Probenahme bis zum Messger\u00e4t\",\"potentialAction\":[{\"@type\":\"SearchAction\",\"target\":{\"@type\":\"EntryPoint\",\"urlTemplate\":\"https:\/\/www.gasmet.com\/de\/?s={search_term_string}\"},\"query-input\":{\"@type\":\"PropertyValueSpecification\",\"valueRequired\":true,\"valueName\":\"search_term_string\"}}],\"inLanguage\":\"de\"}]}<\/script>\n<!-- \/ Yoast SEO plugin. -->","yoast_head_json":{"title":"FTIR \u2013 Fourier-Transformations-Infrarotspektrometer - Gasmet.de","robots":{"index":"index","follow":"follow","max-snippet":"max-snippet:-1","max-image-preview":"max-image-preview:large","max-video-preview":"max-video-preview:-1"},"canonical":"https:\/\/www.gasmet.com\/de\/produkte\/technologien\/fourier-transform-infrarot\/","og_locale":"de_DE","og_type":"article","og_title":"FTIR \u2013 Fourier-Transformations-Infrarotspektrometer - Gasmet.de","og_description":"Was ist FTIR? FTIR steht f\u00fcr Fourier-Transform-Infrarot-Spektroskopie. Es handelt sich um eine leistungsstarke Gasmesstechnik f\u00fcr die gleichzeitige Messung mehrerer Gase. Die F\u00e4higkeit, fast jedes Gas erkennen und messen zu k\u00f6nnen, in Verbindung mit der Robustheit und Zuverl\u00e4ssigkeit der Technologie, macht FTIR f\u00fcr eine Vielzahl von Anwendungen, wie beispielsweise Emissions\u00fcberwachung, Umweltforschung oder die Gasanalyse f\u00fcr die [&hellip;]","og_url":"https:\/\/www.gasmet.com\/de\/produkte\/technologien\/fourier-transform-infrarot\/","og_site_name":"Gasmet.de","article_modified_time":"2026-02-24T06:21:49+00:00","og_image":[{"width":2000,"height":500,"url":"https:\/\/www.gasmet.com\/de\/wp-content\/uploads\/sites\/6\/2024\/11\/gasmet_brand_cobaltsand.jpg","type":"image\/jpeg"}],"twitter_card":"summary_large_image","twitter_misc":{"Gesch\u00e4tzte Lesezeit":"5\u00a0Minuten"},"schema":{"@context":"https:\/\/schema.org","@graph":[{"@type":"WebPage","@id":"https:\/\/www.gasmet.com\/de\/produkte\/technologien\/fourier-transform-infrarot\/","url":"https:\/\/www.gasmet.com\/de\/produkte\/technologien\/fourier-transform-infrarot\/","name":"FTIR \u2013 Fourier-Transformations-Infrarotspektrometer - Gasmet.de","isPartOf":{"@id":"https:\/\/www.gasmet.com\/de\/#website"},"primaryImageOfPage":{"@id":"https:\/\/www.gasmet.com\/de\/produkte\/technologien\/fourier-transform-infrarot\/#primaryimage"},"image":{"@id":"https:\/\/www.gasmet.com\/de\/produkte\/technologien\/fourier-transform-infrarot\/#primaryimage"},"thumbnailUrl":"https:\/\/www.gasmet.com\/de\/wp-content\/uploads\/sites\/6\/2024\/11\/gasmet_brand_cobaltsand.jpg","datePublished":"2022-02-10T11:15:15+00:00","dateModified":"2026-02-24T06:21:49+00:00","breadcrumb":{"@id":"https:\/\/www.gasmet.com\/de\/produkte\/technologien\/fourier-transform-infrarot\/#breadcrumb"},"inLanguage":"de","potentialAction":[{"@type":"ReadAction","target":["https:\/\/www.gasmet.com\/de\/produkte\/technologien\/fourier-transform-infrarot\/"]}]},{"@type":"ImageObject","inLanguage":"de","@id":"https:\/\/www.gasmet.com\/de\/produkte\/technologien\/fourier-transform-infrarot\/#primaryimage","url":"https:\/\/www.gasmet.com\/de\/wp-content\/uploads\/sites\/6\/2024\/11\/gasmet_brand_cobaltsand.jpg","contentUrl":"https:\/\/www.gasmet.com\/de\/wp-content\/uploads\/sites\/6\/2024\/11\/gasmet_brand_cobaltsand.jpg","width":2000,"height":500},{"@type":"BreadcrumbList","@id":"https:\/\/www.gasmet.com\/de\/produkte\/technologien\/fourier-transform-infrarot\/#breadcrumb","itemListElement":[{"@type":"ListItem","position":1,"name":"Home","item":"https:\/\/www.gasmet.com\/de\/"},{"@type":"ListItem","position":2,"name":"Produkte","item":"https:\/\/www.gasmet.com\/de\/produkte\/"},{"@type":"ListItem","position":3,"name":"Unsere Technologien","item":"https:\/\/www.gasmet.com\/de\/produkte\/technologien\/"},{"@type":"ListItem","position":4,"name":"FTIR \u2013 Fourier-Transformations-Infrarotspektrometer"}]},{"@type":"WebSite","@id":"https:\/\/www.gasmet.com\/de\/#website","url":"https:\/\/www.gasmet.com\/de\/","name":"Gasmet.de","description":"Gasanalyik &amp; Gasmesstechnik von der Probenahme bis zum Messger\u00e4t","potentialAction":[{"@type":"SearchAction","target":{"@type":"EntryPoint","urlTemplate":"https:\/\/www.gasmet.com\/de\/?s={search_term_string}"},"query-input":{"@type":"PropertyValueSpecification","valueRequired":true,"valueName":"search_term_string"}}],"inLanguage":"de"}]}},"_links":{"self":[{"href":"https:\/\/www.gasmet.com\/de\/wp-json\/wp\/v2\/pages\/11111","targetHints":{"allow":["GET"]}}],"collection":[{"href":"https:\/\/www.gasmet.com\/de\/wp-json\/wp\/v2\/pages"}],"about":[{"href":"https:\/\/www.gasmet.com\/de\/wp-json\/wp\/v2\/types\/page"}],"author":[{"embeddable":true,"href":"https:\/\/www.gasmet.com\/de\/wp-json\/wp\/v2\/users\/136"}],"replies":[{"embeddable":true,"href":"https:\/\/www.gasmet.com\/de\/wp-json\/wp\/v2\/comments?post=11111"}],"version-history":[{"count":23,"href":"https:\/\/www.gasmet.com\/de\/wp-json\/wp\/v2\/pages\/11111\/revisions"}],"predecessor-version":[{"id":12619,"href":"https:\/\/www.gasmet.com\/de\/wp-json\/wp\/v2\/pages\/11111\/revisions\/12619"}],"up":[{"embeddable":true,"href":"https:\/\/www.gasmet.com\/de\/wp-json\/wp\/v2\/pages\/11273"}],"wp:featuredmedia":[{"embeddable":true,"href":"https:\/\/www.gasmet.com\/de\/wp-json\/wp\/v2\/media\/12293"}],"wp:attachment":[{"href":"https:\/\/www.gasmet.com\/de\/wp-json\/wp\/v2\/media?parent=11111"}],"wp:term":[{"taxonomy":"post_tag","embeddable":true,"href":"https:\/\/www.gasmet.com\/de\/wp-json\/wp\/v2\/tags?post=11111"}],"curies":[{"name":"wp","href":"https:\/\/api.w.org\/{rel}","templated":true}]}}