{"id":11110,"date":"2022-02-10T11:14:22","date_gmt":"2022-02-10T11:14:22","guid":{"rendered":"https:\/\/www.gasmet.com\/de\/?page_id=11110"},"modified":"2025-09-18T06:14:09","modified_gmt":"2025-09-18T06:14:09","slug":"quecksilbermessung-cvaf","status":"publish","type":"page","link":"https:\/\/www.gasmet.com\/de\/produkte\/technologien\/quecksilbermessung-cvaf\/","title":{"rendered":"CVAF \u2013 Kaltdampf-Atomfluoreszenz"},"content":{"rendered":"<p>Die Kaltdampf-Atomfluoreszenz (CVAF) ist eine leistungsstarke Technik, die auf dem Nachweis des von der Emissionsprobe emittierten Fluoreszenzlichts beruht. Im Folgenden wird das Prinzip dieser Technik kurz erl\u00e4utert.<\/p>\n<p>Zun\u00e4chst wird eine UV-Lichtquelle ben\u00f6tigt. Hierzu wird eine Quecksilberdampflampe verwendet, und das Licht auf die Probenzelle gerichtet. Wenn das Probengas daraufhin in die Probenzelle eintritt, werden die Hg-Atome im Gas durch das UV-Licht angeregt.<\/p>\n<p>Unmittelbar danach strahlen die angeregten Hg-Atome die absorbierte Energie jedoch wieder ab &#8211; ein Ph\u00e4nomen, welches als Fluoreszenz bezeichnet wird. Da Fluoreszenzlicht omnidirektional ist, das Licht also in alle Richtungen abgestrahlt wird, wird der Detektor in der Regel im 90\u00b0-Winkel zur Lichtquelle angebracht, um sicherzustellen, dass ausschlie\u00dflich das Fluoreszenzlicht erfasst wird. Der Detektor ist ein Photonenz\u00e4hlmodul, welches nur die von den Hg-Atomen stammenden Photonen erfasst.<\/p>\n<p>Die Kaltdampf-Atomfluoreszenztechnik ist eine \u00e4u\u00dferst selektive Technik mit hoher Empfindlichkeit, die eine genaue Messung von extrem niedrigen Quecksilberwerten erm\u00f6glicht. Die niedrige Nachweisgrenze der CVAF erm\u00f6glicht dar\u00fcberhinaus eine Verd\u00fcnnung des Abgases, wodurch es m\u00f6glich wird, Kreuzinterferenzen mit anderen Gasen wie SO2 und O2 zu verhindern.<\/p>\n<p>Wir bei Gasmet stellen Systeme zur kontinuierlichen Quecksilber\u00fcberwachung her, sowie CMM AutoQAL und CMM, die auf der Kaltdampf-Atomfluoreszenz-Technik basieren.<\/p>\n","protected":false},"excerpt":{"rendered":"<p>Die Kaltdampf-Atomfluoreszenz (CVAF) ist eine leistungsstarke Technik, die auf dem Nachweis des von der Emissionsprobe emittierten Fluoreszenzlichts beruht. Im Folgenden wird das Prinzip dieser Technik kurz erl\u00e4utert. Zun\u00e4chst wird eine UV-Lichtquelle ben\u00f6tigt. Hierzu wird eine Quecksilberdampflampe verwendet, und das Licht auf die Probenzelle gerichtet. Wenn das Probengas daraufhin in die Probenzelle eintritt, werden die Hg-Atome [&hellip;]<\/p>\n","protected":false},"author":136,"featured_media":12293,"parent":11273,"menu_order":13,"comment_status":"closed","ping_status":"closed","template":"","meta":{"_acf_changed":false,"inline_featured_image":false,"footnotes":""},"tags":[14],"class_list":["post-11110","page","type-page","status-publish","has-post-thumbnail","hentry","tag-emissions"],"acf":[],"yoast_head":"<!-- This site is optimized with the Yoast SEO plugin v27.4 - https:\/\/yoast.com\/product\/yoast-seo-wordpress\/ -->\n<title>CVAF \u2013 Kaltdampf-Atomfluoreszenz - Gasmet.de<\/title>\n<meta name=\"robots\" content=\"index, follow, max-snippet:-1, max-image-preview:large, max-video-preview:-1\" \/>\n<link rel=\"canonical\" href=\"https:\/\/www.gasmet.com\/de\/produkte\/technologien\/quecksilbermessung-cvaf\/\" \/>\n<meta property=\"og:locale\" content=\"de_DE\" \/>\n<meta property=\"og:type\" content=\"article\" \/>\n<meta property=\"og:title\" content=\"CVAF \u2013 Kaltdampf-Atomfluoreszenz - Gasmet.de\" \/>\n<meta property=\"og:description\" content=\"Die Kaltdampf-Atomfluoreszenz (CVAF) ist eine leistungsstarke Technik, die auf dem Nachweis des von der Emissionsprobe emittierten Fluoreszenzlichts beruht. Im Folgenden wird das Prinzip dieser Technik kurz erl\u00e4utert. Zun\u00e4chst wird eine UV-Lichtquelle ben\u00f6tigt. Hierzu wird eine Quecksilberdampflampe verwendet, und das Licht auf die Probenzelle gerichtet. Wenn das Probengas daraufhin in die Probenzelle eintritt, werden die Hg-Atome [&hellip;]\" \/>\n<meta property=\"og:url\" content=\"https:\/\/www.gasmet.com\/de\/produkte\/technologien\/quecksilbermessung-cvaf\/\" \/>\n<meta property=\"og:site_name\" content=\"Gasmet.de\" \/>\n<meta property=\"article:modified_time\" content=\"2025-09-18T06:14:09+00:00\" \/>\n<meta property=\"og:image\" content=\"https:\/\/www.gasmet.com\/de\/wp-content\/uploads\/sites\/6\/2024\/11\/gasmet_brand_cobaltsand.jpg\" \/>\n\t<meta property=\"og:image:width\" content=\"2000\" \/>\n\t<meta property=\"og:image:height\" content=\"500\" \/>\n\t<meta property=\"og:image:type\" content=\"image\/jpeg\" \/>\n<meta name=\"twitter:card\" content=\"summary_large_image\" \/>\n<meta name=\"twitter:label1\" content=\"Gesch\u00e4tzte Lesezeit\" \/>\n\t<meta name=\"twitter:data1\" content=\"2\u00a0Minuten\" \/>\n<script type=\"application\/ld+json\" class=\"yoast-schema-graph\">{\"@context\":\"https:\\\/\\\/schema.org\",\"@graph\":[{\"@type\":\"WebPage\",\"@id\":\"https:\\\/\\\/www.gasmet.com\\\/de\\\/produkte\\\/technologien\\\/quecksilbermessung-cvaf\\\/\",\"url\":\"https:\\\/\\\/www.gasmet.com\\\/de\\\/produkte\\\/technologien\\\/quecksilbermessung-cvaf\\\/\",\"name\":\"CVAF \u2013 Kaltdampf-Atomfluoreszenz - Gasmet.de\",\"isPartOf\":{\"@id\":\"https:\\\/\\\/www.gasmet.com\\\/de\\\/#website\"},\"primaryImageOfPage\":{\"@id\":\"https:\\\/\\\/www.gasmet.com\\\/de\\\/produkte\\\/technologien\\\/quecksilbermessung-cvaf\\\/#primaryimage\"},\"image\":{\"@id\":\"https:\\\/\\\/www.gasmet.com\\\/de\\\/produkte\\\/technologien\\\/quecksilbermessung-cvaf\\\/#primaryimage\"},\"thumbnailUrl\":\"https:\\\/\\\/www.gasmet.com\\\/de\\\/wp-content\\\/uploads\\\/sites\\\/6\\\/2024\\\/11\\\/gasmet_brand_cobaltsand.jpg\",\"datePublished\":\"2022-02-10T11:14:22+00:00\",\"dateModified\":\"2025-09-18T06:14:09+00:00\",\"breadcrumb\":{\"@id\":\"https:\\\/\\\/www.gasmet.com\\\/de\\\/produkte\\\/technologien\\\/quecksilbermessung-cvaf\\\/#breadcrumb\"},\"inLanguage\":\"de\",\"potentialAction\":[{\"@type\":\"ReadAction\",\"target\":[\"https:\\\/\\\/www.gasmet.com\\\/de\\\/produkte\\\/technologien\\\/quecksilbermessung-cvaf\\\/\"]}]},{\"@type\":\"ImageObject\",\"inLanguage\":\"de\",\"@id\":\"https:\\\/\\\/www.gasmet.com\\\/de\\\/produkte\\\/technologien\\\/quecksilbermessung-cvaf\\\/#primaryimage\",\"url\":\"https:\\\/\\\/www.gasmet.com\\\/de\\\/wp-content\\\/uploads\\\/sites\\\/6\\\/2024\\\/11\\\/gasmet_brand_cobaltsand.jpg\",\"contentUrl\":\"https:\\\/\\\/www.gasmet.com\\\/de\\\/wp-content\\\/uploads\\\/sites\\\/6\\\/2024\\\/11\\\/gasmet_brand_cobaltsand.jpg\",\"width\":2000,\"height\":500},{\"@type\":\"BreadcrumbList\",\"@id\":\"https:\\\/\\\/www.gasmet.com\\\/de\\\/produkte\\\/technologien\\\/quecksilbermessung-cvaf\\\/#breadcrumb\",\"itemListElement\":[{\"@type\":\"ListItem\",\"position\":1,\"name\":\"Home\",\"item\":\"https:\\\/\\\/www.gasmet.com\\\/de\\\/\"},{\"@type\":\"ListItem\",\"position\":2,\"name\":\"Produkte\",\"item\":\"https:\\\/\\\/www.gasmet.com\\\/de\\\/produkte\\\/\"},{\"@type\":\"ListItem\",\"position\":3,\"name\":\"Unsere Technologien\",\"item\":\"https:\\\/\\\/www.gasmet.com\\\/de\\\/produkte\\\/technologien\\\/\"},{\"@type\":\"ListItem\",\"position\":4,\"name\":\"CVAF \u2013 Kaltdampf-Atomfluoreszenz\"}]},{\"@type\":\"WebSite\",\"@id\":\"https:\\\/\\\/www.gasmet.com\\\/de\\\/#website\",\"url\":\"https:\\\/\\\/www.gasmet.com\\\/de\\\/\",\"name\":\"Gasmet.de\",\"description\":\"Gasanalyik &amp; Gasmesstechnik von der Probenahme bis zum Messger\u00e4t\",\"potentialAction\":[{\"@type\":\"SearchAction\",\"target\":{\"@type\":\"EntryPoint\",\"urlTemplate\":\"https:\\\/\\\/www.gasmet.com\\\/de\\\/?s={search_term_string}\"},\"query-input\":{\"@type\":\"PropertyValueSpecification\",\"valueRequired\":true,\"valueName\":\"search_term_string\"}}],\"inLanguage\":\"de\"}]}<\/script>\n<!-- \/ Yoast SEO plugin. -->","yoast_head_json":{"title":"CVAF \u2013 Kaltdampf-Atomfluoreszenz - Gasmet.de","robots":{"index":"index","follow":"follow","max-snippet":"max-snippet:-1","max-image-preview":"max-image-preview:large","max-video-preview":"max-video-preview:-1"},"canonical":"https:\/\/www.gasmet.com\/de\/produkte\/technologien\/quecksilbermessung-cvaf\/","og_locale":"de_DE","og_type":"article","og_title":"CVAF \u2013 Kaltdampf-Atomfluoreszenz - Gasmet.de","og_description":"Die Kaltdampf-Atomfluoreszenz (CVAF) ist eine leistungsstarke Technik, die auf dem Nachweis des von der Emissionsprobe emittierten Fluoreszenzlichts beruht. Im Folgenden wird das Prinzip dieser Technik kurz erl\u00e4utert. Zun\u00e4chst wird eine UV-Lichtquelle ben\u00f6tigt. Hierzu wird eine Quecksilberdampflampe verwendet, und das Licht auf die Probenzelle gerichtet. Wenn das Probengas daraufhin in die Probenzelle eintritt, werden die Hg-Atome [&hellip;]","og_url":"https:\/\/www.gasmet.com\/de\/produkte\/technologien\/quecksilbermessung-cvaf\/","og_site_name":"Gasmet.de","article_modified_time":"2025-09-18T06:14:09+00:00","og_image":[{"width":2000,"height":500,"url":"https:\/\/www.gasmet.com\/de\/wp-content\/uploads\/sites\/6\/2024\/11\/gasmet_brand_cobaltsand.jpg","type":"image\/jpeg"}],"twitter_card":"summary_large_image","twitter_misc":{"Gesch\u00e4tzte Lesezeit":"2\u00a0Minuten"},"schema":{"@context":"https:\/\/schema.org","@graph":[{"@type":"WebPage","@id":"https:\/\/www.gasmet.com\/de\/produkte\/technologien\/quecksilbermessung-cvaf\/","url":"https:\/\/www.gasmet.com\/de\/produkte\/technologien\/quecksilbermessung-cvaf\/","name":"CVAF \u2013 Kaltdampf-Atomfluoreszenz - Gasmet.de","isPartOf":{"@id":"https:\/\/www.gasmet.com\/de\/#website"},"primaryImageOfPage":{"@id":"https:\/\/www.gasmet.com\/de\/produkte\/technologien\/quecksilbermessung-cvaf\/#primaryimage"},"image":{"@id":"https:\/\/www.gasmet.com\/de\/produkte\/technologien\/quecksilbermessung-cvaf\/#primaryimage"},"thumbnailUrl":"https:\/\/www.gasmet.com\/de\/wp-content\/uploads\/sites\/6\/2024\/11\/gasmet_brand_cobaltsand.jpg","datePublished":"2022-02-10T11:14:22+00:00","dateModified":"2025-09-18T06:14:09+00:00","breadcrumb":{"@id":"https:\/\/www.gasmet.com\/de\/produkte\/technologien\/quecksilbermessung-cvaf\/#breadcrumb"},"inLanguage":"de","potentialAction":[{"@type":"ReadAction","target":["https:\/\/www.gasmet.com\/de\/produkte\/technologien\/quecksilbermessung-cvaf\/"]}]},{"@type":"ImageObject","inLanguage":"de","@id":"https:\/\/www.gasmet.com\/de\/produkte\/technologien\/quecksilbermessung-cvaf\/#primaryimage","url":"https:\/\/www.gasmet.com\/de\/wp-content\/uploads\/sites\/6\/2024\/11\/gasmet_brand_cobaltsand.jpg","contentUrl":"https:\/\/www.gasmet.com\/de\/wp-content\/uploads\/sites\/6\/2024\/11\/gasmet_brand_cobaltsand.jpg","width":2000,"height":500},{"@type":"BreadcrumbList","@id":"https:\/\/www.gasmet.com\/de\/produkte\/technologien\/quecksilbermessung-cvaf\/#breadcrumb","itemListElement":[{"@type":"ListItem","position":1,"name":"Home","item":"https:\/\/www.gasmet.com\/de\/"},{"@type":"ListItem","position":2,"name":"Produkte","item":"https:\/\/www.gasmet.com\/de\/produkte\/"},{"@type":"ListItem","position":3,"name":"Unsere Technologien","item":"https:\/\/www.gasmet.com\/de\/produkte\/technologien\/"},{"@type":"ListItem","position":4,"name":"CVAF \u2013 Kaltdampf-Atomfluoreszenz"}]},{"@type":"WebSite","@id":"https:\/\/www.gasmet.com\/de\/#website","url":"https:\/\/www.gasmet.com\/de\/","name":"Gasmet.de","description":"Gasanalyik &amp; Gasmesstechnik von der Probenahme bis zum Messger\u00e4t","potentialAction":[{"@type":"SearchAction","target":{"@type":"EntryPoint","urlTemplate":"https:\/\/www.gasmet.com\/de\/?s={search_term_string}"},"query-input":{"@type":"PropertyValueSpecification","valueRequired":true,"valueName":"search_term_string"}}],"inLanguage":"de"}]}},"_links":{"self":[{"href":"https:\/\/www.gasmet.com\/de\/wp-json\/wp\/v2\/pages\/11110","targetHints":{"allow":["GET"]}}],"collection":[{"href":"https:\/\/www.gasmet.com\/de\/wp-json\/wp\/v2\/pages"}],"about":[{"href":"https:\/\/www.gasmet.com\/de\/wp-json\/wp\/v2\/types\/page"}],"author":[{"embeddable":true,"href":"https:\/\/www.gasmet.com\/de\/wp-json\/wp\/v2\/users\/136"}],"replies":[{"embeddable":true,"href":"https:\/\/www.gasmet.com\/de\/wp-json\/wp\/v2\/comments?post=11110"}],"version-history":[{"count":32,"href":"https:\/\/www.gasmet.com\/de\/wp-json\/wp\/v2\/pages\/11110\/revisions"}],"predecessor-version":[{"id":12485,"href":"https:\/\/www.gasmet.com\/de\/wp-json\/wp\/v2\/pages\/11110\/revisions\/12485"}],"up":[{"embeddable":true,"href":"https:\/\/www.gasmet.com\/de\/wp-json\/wp\/v2\/pages\/11273"}],"wp:featuredmedia":[{"embeddable":true,"href":"https:\/\/www.gasmet.com\/de\/wp-json\/wp\/v2\/media\/12293"}],"wp:attachment":[{"href":"https:\/\/www.gasmet.com\/de\/wp-json\/wp\/v2\/media?parent=11110"}],"wp:term":[{"taxonomy":"post_tag","embeddable":true,"href":"https:\/\/www.gasmet.com\/de\/wp-json\/wp\/v2\/tags?post=11110"}],"curies":[{"name":"wp","href":"https:\/\/api.w.org\/{rel}","templated":true}]}}