{"id":10284,"date":"2021-10-08T05:54:22","date_gmt":"2021-10-08T05:54:22","guid":{"rendered":"https:\/\/www.gasmet.com\/de\/?page_id=10284"},"modified":"2025-09-18T08:37:33","modified_gmt":"2025-09-18T08:37:33","slug":"treibhausgase-aus-wiederkaeuern","status":"publish","type":"page","link":"https:\/\/www.gasmet.com\/de\/einsatzgebiete\/forschung-umwelt\/treibhausgase-aus-wiederkaeuern\/","title":{"rendered":"Treibhausgase aus Wiederk\u00e4uern"},"content":{"rendered":"<h2>Treibhausgase aus Wiederk\u00e4uern<\/h2>\n<p>Die Viehzucht mit Wiederk\u00e4uern erzeugt einen erheblichen Teil der anthropogenen <a href=\"https:\/\/www.gasmet.com\/de\/einsatzgebiete\/forschung-umwelt\/\" target=\"_blank\" rel=\"noopener\">Treibhausgasemissionen<\/a> und tr\u00e4gt hierdurch zum <strong>Klimawandel<\/strong> bei. Wiederk\u00e4uer wie Rinder, Schafe, Ziegen und B\u00fcffel produzieren Fleisch und Milch durch enterische Fermentation &#8211; ein Verdauungsprozess, bei dem Mikroben die Nahrung im Verdauungstrakt oder Pansen zersetzen und fermentieren. Bei diesem Prozess entsteht Methan, welches durch Aufsto\u00dfen freigesetzt wird.<\/p>\n<p><strong>Die Menge des erzeugten Methans steht in direktem Zusammenhang mit der Art<\/strong> <strong>sowie der Menge des verzehrten Futters<\/strong>, wie auch weiteren Faktoren wie Tiergr\u00f6\u00dfe, Wachstumsrate, Produktionsniveau und Umgebungstemperatur. Der Methanverlust von Wiederk\u00e4uern stellt zudem einen Verlust an Nahrungsenergie dar, so dass Initiativen zur Verringerung der Emissionen auch eine M\u00f6glichkeit zur Verbesserung der Effizienz der Viehzucht darstellen.<\/p>\n<h2>Tragbare Gasanalysatoren zur Messung von Treibhausgasen<\/h2>\n<p>Unsere tragbaren <a href=\"https:\/\/www.gasmet.com\/de\/produkte\/category\/gas-analysatoren\/\" target=\"_blank\" rel=\"noopener\">Gasmet FTIR-Analysatoren<\/a>, wie der <a href=\"https:\/\/www.gasmet.com\/de\/produkte\/category\/gas-analysatoren\/ftir-gasanalysator-tragbar-gt5000-terra\/\" target=\"_blank\" rel=\"noopener\"><strong>GT5000 Terra<\/strong><\/a>, sind ein leistungsstarkes Werkzeug f\u00fcr Forschende, die sich f\u00fcr die von Wiederk\u00e4uern produzierten Gase interessieren. Echte Multikomponentenf\u00e4higkeit stellt sicher, dass alle f\u00fcr Sie relevanten Gase gemessen werden k\u00f6nnen. Die Analysatoren sind auch f\u00fcr den Feldeinsatz konzipiert und erm\u00f6glichen auch unter schwierigen Bedingungen Messungen vor Ort, ohne dass die Qualit\u00e4t der Analyse hiervon beeintr\u00e4chtigt w\u00fcrde. Die daraus resultierenden Ergebnisse sind online abrufbar.<\/p>\n<p><strong>Haben Sie Fragen dazu, wie Sie Ihre Anforderungen an Gasmessungen am besten erf\u00fcllen k\u00f6nnen?<\/strong><\/p>\n<p>Nehmen Sie sich zehn Sekunden Zeit und f\u00fcllen Sie das Kontaktformular aus, wir werden uns schnellstm\u00f6glich bei Ihnen melden.<\/p>\n<p><script src=\"https:\/\/js.hsforms.net\/forms\/embed\/4052802.js\" defer><\/script><\/p>\n<div class=\"hs-form-frame\" data-region=\"na1\" data-form-id=\"ccf0ca1d-5924-45c4-b058-99a51f0e7fe8\" data-portal-id=\"4052802\"><\/div>\n","protected":false},"excerpt":{"rendered":"<p>Treibhausgase aus Wiederk\u00e4uern Die Viehzucht mit Wiederk\u00e4uern erzeugt einen erheblichen Teil der anthropogenen Treibhausgasemissionen und tr\u00e4gt hierdurch zum Klimawandel bei. Wiederk\u00e4uer wie Rinder, Schafe, Ziegen und B\u00fcffel produzieren Fleisch und Milch durch enterische Fermentation &#8211; ein Verdauungsprozess, bei dem Mikroben die Nahrung im Verdauungstrakt oder Pansen zersetzen und fermentieren. Bei diesem Prozess entsteht Methan, welches [&hellip;]<\/p>\n","protected":false},"author":6,"featured_media":4185,"parent":18,"menu_order":45,"comment_status":"closed","ping_status":"closed","template":"","meta":{"_acf_changed":false,"inline_featured_image":false,"footnotes":""},"tags":[29],"class_list":["post-10284","page","type-page","status-publish","has-post-thumbnail","hentry","tag-environment"],"acf":[],"yoast_head":"<!-- This site is optimized with the Yoast SEO plugin v27.2 - https:\/\/yoast.com\/product\/yoast-seo-wordpress\/ -->\n<title>Treibhausgase aus Wiederk\u00e4uern - Gasmet.de<\/title>\n<meta name=\"robots\" content=\"index, follow, max-snippet:-1, max-image-preview:large, max-video-preview:-1\" \/>\n<link rel=\"canonical\" href=\"https:\/\/www.gasmet.com\/de\/einsatzgebiete\/forschung-umwelt\/treibhausgase-aus-wiederkaeuern\/\" \/>\n<meta property=\"og:locale\" content=\"de_DE\" \/>\n<meta property=\"og:type\" content=\"article\" \/>\n<meta property=\"og:title\" content=\"Treibhausgase aus Wiederk\u00e4uern - Gasmet.de\" \/>\n<meta property=\"og:description\" content=\"Treibhausgase aus Wiederk\u00e4uern Die Viehzucht mit Wiederk\u00e4uern erzeugt einen erheblichen Teil der anthropogenen Treibhausgasemissionen und tr\u00e4gt hierdurch zum Klimawandel bei. Wiederk\u00e4uer wie Rinder, Schafe, Ziegen und B\u00fcffel produzieren Fleisch und Milch durch enterische Fermentation &#8211; ein Verdauungsprozess, bei dem Mikroben die Nahrung im Verdauungstrakt oder Pansen zersetzen und fermentieren. Bei diesem Prozess entsteht Methan, welches [&hellip;]\" \/>\n<meta property=\"og:url\" content=\"https:\/\/www.gasmet.com\/de\/einsatzgebiete\/forschung-umwelt\/treibhausgase-aus-wiederkaeuern\/\" \/>\n<meta property=\"og:site_name\" content=\"Gasmet.de\" \/>\n<meta property=\"article:modified_time\" content=\"2025-09-18T08:37:33+00:00\" \/>\n<meta property=\"og:image\" content=\"https:\/\/www.gasmet.com\/de\/wp-content\/uploads\/sites\/6\/2018\/05\/Greenhouse-gases-from-ruminants.jpg\" \/>\n\t<meta property=\"og:image:width\" content=\"2000\" \/>\n\t<meta property=\"og:image:height\" content=\"580\" \/>\n\t<meta property=\"og:image:type\" content=\"image\/jpeg\" \/>\n<meta name=\"twitter:card\" content=\"summary_large_image\" \/>\n<meta name=\"twitter:label1\" content=\"Gesch\u00e4tzte Lesezeit\" \/>\n\t<meta name=\"twitter:data1\" content=\"2\u00a0Minuten\" \/>\n<script type=\"application\/ld+json\" class=\"yoast-schema-graph\">{\"@context\":\"https:\/\/schema.org\",\"@graph\":[{\"@type\":\"WebPage\",\"@id\":\"https:\/\/www.gasmet.com\/de\/einsatzgebiete\/forschung-umwelt\/treibhausgase-aus-wiederkaeuern\/\",\"url\":\"https:\/\/www.gasmet.com\/de\/einsatzgebiete\/forschung-umwelt\/treibhausgase-aus-wiederkaeuern\/\",\"name\":\"Treibhausgase aus Wiederk\u00e4uern - Gasmet.de\",\"isPartOf\":{\"@id\":\"https:\/\/www.gasmet.com\/de\/#website\"},\"primaryImageOfPage\":{\"@id\":\"https:\/\/www.gasmet.com\/de\/einsatzgebiete\/forschung-umwelt\/treibhausgase-aus-wiederkaeuern\/#primaryimage\"},\"image\":{\"@id\":\"https:\/\/www.gasmet.com\/de\/einsatzgebiete\/forschung-umwelt\/treibhausgase-aus-wiederkaeuern\/#primaryimage\"},\"thumbnailUrl\":\"https:\/\/www.gasmet.com\/de\/wp-content\/uploads\/sites\/6\/2018\/05\/Greenhouse-gases-from-ruminants.jpg\",\"datePublished\":\"2021-10-08T05:54:22+00:00\",\"dateModified\":\"2025-09-18T08:37:33+00:00\",\"breadcrumb\":{\"@id\":\"https:\/\/www.gasmet.com\/de\/einsatzgebiete\/forschung-umwelt\/treibhausgase-aus-wiederkaeuern\/#breadcrumb\"},\"inLanguage\":\"de\",\"potentialAction\":[{\"@type\":\"ReadAction\",\"target\":[\"https:\/\/www.gasmet.com\/de\/einsatzgebiete\/forschung-umwelt\/treibhausgase-aus-wiederkaeuern\/\"]}]},{\"@type\":\"ImageObject\",\"inLanguage\":\"de\",\"@id\":\"https:\/\/www.gasmet.com\/de\/einsatzgebiete\/forschung-umwelt\/treibhausgase-aus-wiederkaeuern\/#primaryimage\",\"url\":\"https:\/\/www.gasmet.com\/de\/wp-content\/uploads\/sites\/6\/2018\/05\/Greenhouse-gases-from-ruminants.jpg\",\"contentUrl\":\"https:\/\/www.gasmet.com\/de\/wp-content\/uploads\/sites\/6\/2018\/05\/Greenhouse-gases-from-ruminants.jpg\",\"width\":2000,\"height\":580},{\"@type\":\"BreadcrumbList\",\"@id\":\"https:\/\/www.gasmet.com\/de\/einsatzgebiete\/forschung-umwelt\/treibhausgase-aus-wiederkaeuern\/#breadcrumb\",\"itemListElement\":[{\"@type\":\"ListItem\",\"position\":1,\"name\":\"Home\",\"item\":\"https:\/\/www.gasmet.com\/de\/\"},{\"@type\":\"ListItem\",\"position\":2,\"name\":\"Einsatzgebiete\",\"item\":\"https:\/\/www.gasmet.com\/de\/einsatzgebiete\/\"},{\"@type\":\"ListItem\",\"position\":3,\"name\":\"Forschung, Umwelt\",\"item\":\"https:\/\/www.gasmet.com\/de\/einsatzgebiete\/forschung-umwelt\/\"},{\"@type\":\"ListItem\",\"position\":4,\"name\":\"Treibhausgase aus Wiederk\u00e4uern\"}]},{\"@type\":\"WebSite\",\"@id\":\"https:\/\/www.gasmet.com\/de\/#website\",\"url\":\"https:\/\/www.gasmet.com\/de\/\",\"name\":\"Gasmet.de\",\"description\":\"Gasanalyik &amp; Gasmesstechnik von der Probenahme bis zum Messger\u00e4t\",\"potentialAction\":[{\"@type\":\"SearchAction\",\"target\":{\"@type\":\"EntryPoint\",\"urlTemplate\":\"https:\/\/www.gasmet.com\/de\/?s={search_term_string}\"},\"query-input\":{\"@type\":\"PropertyValueSpecification\",\"valueRequired\":true,\"valueName\":\"search_term_string\"}}],\"inLanguage\":\"de\"}]}<\/script>\n<!-- \/ Yoast SEO plugin. -->","yoast_head_json":{"title":"Treibhausgase aus Wiederk\u00e4uern - Gasmet.de","robots":{"index":"index","follow":"follow","max-snippet":"max-snippet:-1","max-image-preview":"max-image-preview:large","max-video-preview":"max-video-preview:-1"},"canonical":"https:\/\/www.gasmet.com\/de\/einsatzgebiete\/forschung-umwelt\/treibhausgase-aus-wiederkaeuern\/","og_locale":"de_DE","og_type":"article","og_title":"Treibhausgase aus Wiederk\u00e4uern - Gasmet.de","og_description":"Treibhausgase aus Wiederk\u00e4uern Die Viehzucht mit Wiederk\u00e4uern erzeugt einen erheblichen Teil der anthropogenen Treibhausgasemissionen und tr\u00e4gt hierdurch zum Klimawandel bei. Wiederk\u00e4uer wie Rinder, Schafe, Ziegen und B\u00fcffel produzieren Fleisch und Milch durch enterische Fermentation &#8211; ein Verdauungsprozess, bei dem Mikroben die Nahrung im Verdauungstrakt oder Pansen zersetzen und fermentieren. Bei diesem Prozess entsteht Methan, welches [&hellip;]","og_url":"https:\/\/www.gasmet.com\/de\/einsatzgebiete\/forschung-umwelt\/treibhausgase-aus-wiederkaeuern\/","og_site_name":"Gasmet.de","article_modified_time":"2025-09-18T08:37:33+00:00","og_image":[{"width":2000,"height":580,"url":"https:\/\/www.gasmet.com\/de\/wp-content\/uploads\/sites\/6\/2018\/05\/Greenhouse-gases-from-ruminants.jpg","type":"image\/jpeg"}],"twitter_card":"summary_large_image","twitter_misc":{"Gesch\u00e4tzte Lesezeit":"2\u00a0Minuten"},"schema":{"@context":"https:\/\/schema.org","@graph":[{"@type":"WebPage","@id":"https:\/\/www.gasmet.com\/de\/einsatzgebiete\/forschung-umwelt\/treibhausgase-aus-wiederkaeuern\/","url":"https:\/\/www.gasmet.com\/de\/einsatzgebiete\/forschung-umwelt\/treibhausgase-aus-wiederkaeuern\/","name":"Treibhausgase aus Wiederk\u00e4uern - Gasmet.de","isPartOf":{"@id":"https:\/\/www.gasmet.com\/de\/#website"},"primaryImageOfPage":{"@id":"https:\/\/www.gasmet.com\/de\/einsatzgebiete\/forschung-umwelt\/treibhausgase-aus-wiederkaeuern\/#primaryimage"},"image":{"@id":"https:\/\/www.gasmet.com\/de\/einsatzgebiete\/forschung-umwelt\/treibhausgase-aus-wiederkaeuern\/#primaryimage"},"thumbnailUrl":"https:\/\/www.gasmet.com\/de\/wp-content\/uploads\/sites\/6\/2018\/05\/Greenhouse-gases-from-ruminants.jpg","datePublished":"2021-10-08T05:54:22+00:00","dateModified":"2025-09-18T08:37:33+00:00","breadcrumb":{"@id":"https:\/\/www.gasmet.com\/de\/einsatzgebiete\/forschung-umwelt\/treibhausgase-aus-wiederkaeuern\/#breadcrumb"},"inLanguage":"de","potentialAction":[{"@type":"ReadAction","target":["https:\/\/www.gasmet.com\/de\/einsatzgebiete\/forschung-umwelt\/treibhausgase-aus-wiederkaeuern\/"]}]},{"@type":"ImageObject","inLanguage":"de","@id":"https:\/\/www.gasmet.com\/de\/einsatzgebiete\/forschung-umwelt\/treibhausgase-aus-wiederkaeuern\/#primaryimage","url":"https:\/\/www.gasmet.com\/de\/wp-content\/uploads\/sites\/6\/2018\/05\/Greenhouse-gases-from-ruminants.jpg","contentUrl":"https:\/\/www.gasmet.com\/de\/wp-content\/uploads\/sites\/6\/2018\/05\/Greenhouse-gases-from-ruminants.jpg","width":2000,"height":580},{"@type":"BreadcrumbList","@id":"https:\/\/www.gasmet.com\/de\/einsatzgebiete\/forschung-umwelt\/treibhausgase-aus-wiederkaeuern\/#breadcrumb","itemListElement":[{"@type":"ListItem","position":1,"name":"Home","item":"https:\/\/www.gasmet.com\/de\/"},{"@type":"ListItem","position":2,"name":"Einsatzgebiete","item":"https:\/\/www.gasmet.com\/de\/einsatzgebiete\/"},{"@type":"ListItem","position":3,"name":"Forschung, Umwelt","item":"https:\/\/www.gasmet.com\/de\/einsatzgebiete\/forschung-umwelt\/"},{"@type":"ListItem","position":4,"name":"Treibhausgase aus Wiederk\u00e4uern"}]},{"@type":"WebSite","@id":"https:\/\/www.gasmet.com\/de\/#website","url":"https:\/\/www.gasmet.com\/de\/","name":"Gasmet.de","description":"Gasanalyik &amp; Gasmesstechnik von der Probenahme bis zum Messger\u00e4t","potentialAction":[{"@type":"SearchAction","target":{"@type":"EntryPoint","urlTemplate":"https:\/\/www.gasmet.com\/de\/?s={search_term_string}"},"query-input":{"@type":"PropertyValueSpecification","valueRequired":true,"valueName":"search_term_string"}}],"inLanguage":"de"}]}},"_links":{"self":[{"href":"https:\/\/www.gasmet.com\/de\/wp-json\/wp\/v2\/pages\/10284","targetHints":{"allow":["GET"]}}],"collection":[{"href":"https:\/\/www.gasmet.com\/de\/wp-json\/wp\/v2\/pages"}],"about":[{"href":"https:\/\/www.gasmet.com\/de\/wp-json\/wp\/v2\/types\/page"}],"author":[{"embeddable":true,"href":"https:\/\/www.gasmet.com\/de\/wp-json\/wp\/v2\/users\/6"}],"replies":[{"embeddable":true,"href":"https:\/\/www.gasmet.com\/de\/wp-json\/wp\/v2\/comments?post=10284"}],"version-history":[{"count":14,"href":"https:\/\/www.gasmet.com\/de\/wp-json\/wp\/v2\/pages\/10284\/revisions"}],"predecessor-version":[{"id":12499,"href":"https:\/\/www.gasmet.com\/de\/wp-json\/wp\/v2\/pages\/10284\/revisions\/12499"}],"up":[{"embeddable":true,"href":"https:\/\/www.gasmet.com\/de\/wp-json\/wp\/v2\/pages\/18"}],"wp:featuredmedia":[{"embeddable":true,"href":"https:\/\/www.gasmet.com\/de\/wp-json\/wp\/v2\/media\/4185"}],"wp:attachment":[{"href":"https:\/\/www.gasmet.com\/de\/wp-json\/wp\/v2\/media?parent=10284"}],"wp:term":[{"taxonomy":"post_tag","embeddable":true,"href":"https:\/\/www.gasmet.com\/de\/wp-json\/wp\/v2\/tags?post=10284"}],"curies":[{"name":"wp","href":"https:\/\/api.w.org\/{rel}","templated":true}]}}