{"id":10278,"date":"2021-10-08T05:54:37","date_gmt":"2021-10-08T05:54:37","guid":{"rendered":"https:\/\/www.gasmet.com\/de\/?page_id=10278"},"modified":"2025-09-18T08:36:03","modified_gmt":"2025-09-18T08:36:03","slug":"treibhausgase-aus-dem-erdreich","status":"publish","type":"page","link":"https:\/\/www.gasmet.com\/de\/einsatzgebiete\/forschung-umwelt\/treibhausgase-aus-dem-erdreich\/","title":{"rendered":"Treibhausgase aus dem Erdreich"},"content":{"rendered":"<p><em>Wir bei Gasmet stellen tragbare und leistungsstarke Gasanalysatoren f\u00fcr die Messung von Treibhausgasfl\u00fcssen her. Alle wichtigen Gasverbindungen k\u00f6nnen in Sekundenschnelle gemessen werden: N<sub>2<\/sub>O, CH<sub>4<\/sub>, CO<sub>2<\/sub>, H<sub>2<\/sub>O, CO sowie NH<sub>3<\/sub>.<\/em><\/p>\n<h2>Klimawandel und Treibhausgase<\/h2>\n<p>Biologische und nicht-biologische Prozesse im Boden stellen eine wichtige Quelle f\u00fcr <a href=\"https:\/\/www.gasmet.com\/de\/einsatzgebiete\/forschung-umwelt\/\" target=\"_blank\" rel=\"noopener\">Treibhausgase (THG)<\/a> dar. Die Messung dieser Gase stellt daher einen wichtigen Bestandteil der Forschung zum Klimawandel dar. THG wie Kohlendioxid (CO<sub>2<\/sub>), Methan (CH<sub>4<\/sub>) und Distickstoffoxid (N<sub>2<\/sub>O), welche aus B\u00f6den in die Atmosph\u00e4re gelangen, sind in erster Linie biogenen Ursprungs.<\/p>\n<h2>Methoden zur Bodenluftflussmessung<\/h2>\n<p>Im Allgemeinen gibt es zwei verschiedene M\u00f6glichkeiten, den THG-<strong>Fluss im Boden<\/strong> zu messen: Entweder werden die Proben mit einer Spritze entnommen und daraufhin im Labor analysiert, oder aber es werden Messungen vor Ort durchgef\u00fchrt, um die durch den Probentransport verursachten Verz\u00f6gerungen, Kosten und Fehler zu vermeiden. Mit der Entwicklung tragbarer, robuster, batteriebetriebener Bodengasflussanalysatoren durch Gasmet Technologies haben wir eine zuverl\u00e4ssige Vor-Ort-Analyse von Treibhausgasen erm\u00f6glicht.<\/p>\n<p>Unsere Gasmet-Gasanalysatoren k\u00f6nnen gemeinsam mit dem Eosense-Multiplexer und den Bodenluftflusshauben verwendet werden. Sie k\u00f6nnen die vereinfachte Setup-Anleitung im folgenden Absatz herunterladen.<\/p>\n<h3>Anweisungen zur Integration &#8211; GASMET X EOSENSE <em><img loading=\"lazy\" decoding=\"async\" class=\"wp-image-1028110279 size-medium alignright\" src=\"https:\/\/www.gasmet.com\/de\/wp-content\/uploads\/sites\/6\/2021\/10\/Eosense_Gasmet_instructions-300x300.jpg\" alt=\"\" width=\"300\" height=\"300\" \/><\/em><\/h3>\n<div><em>Dieser Anwendungshinweis enth\u00e4lt vereinfachte Anweisungen zur Verwendung des eosMX-Multiplexers und der eosAC-Bodengasflusshauben zusammen mit unserem tragbaren Gasmet FTIR (Fourier-Transform-Infrarot-Spektroskopie)-Gasanalysatoren. Mit diesem kombinierten System k\u00f6nnen Gasflussmessungen f\u00fcr mehrere Spezies an bis zu zw\u00f6lf Stellen gleichzeitig vorgenommen werden.<\/em><\/div>\n<p><!--HubSpot Call-to-Action Code --><span id=\"hs-cta-wrapper-6f05cfbd-0e89-4c6c-9858-5ecd453e471e\" class=\"hs-cta-wrapper\"><span id=\"hs-cta-6f05cfbd-0e89-4c6c-9858-5ecd453e471e\" class=\"hs-cta-node hs-cta-6f05cfbd-0e89-4c6c-9858-5ecd453e471e\"><!-- [if lte IE 8]&gt;--><\/span><\/span><\/p>\n<div id=\"hs-cta-ie-element\"><\/div>\n<p><a href=\"https:\/\/cta-redirect.hubspot.com\/cta\/redirect\/4052802\/6f05cfbd-0e89-4c6c-9858-5ecd453e471e\" target=\"_blank\" rel=\"noopener\"><img decoding=\"async\" id=\"hs-cta-img-6f05cfbd-0e89-4c6c-9858-5ecd453e471e\" class=\"hs-cta-img\" style=\"border-width: 0px;\" src=\"https:\/\/www.gasmet.com\/de\/wp-content\/uploads\/sites\/6\/2021\/12\/6f05cfbd-0e89-4c6c-9858-5ecd453e471e.png\" alt=\"Integrationsbericht herunterladen\" \/><\/a><!-- end HubSpot Call-to-Action Code --><\/p>\n<p>&nbsp;<\/p>\n<h2>Wie wird eine Gasflussmessung durchgef\u00fchrt?<\/h2>\n<p>Der Bodenfluss kann mithilfe einer Bodenhauben, welche auf dem Boden platziert wird und nach unten hin offen ist, gemessen werden. Die Bodenhaube ist mit einem unserer Gasmet-Analysatoren verbunden, wodurch ein geschlossener Kreislauf gebildet wird. Die Gasprobe wird durch das Analyseger\u00e4t zur\u00fcck in die Haube geleitet und die Konzentrationsver\u00e4nderungen in Relation zu der Grundfl\u00e4che der Haube im Zeitverlauf gemessen.<\/p>\n<p>&nbsp;<\/p>\n<div id=\"attachment_22189\" style=\"width: 367px\" class=\"wp-caption alignright\"><img loading=\"lazy\" decoding=\"async\" aria-describedby=\"caption-attachment-22189\" class=\" wp-image-1028122189\" src=\"https:\/\/www.gasmet.com\/de\/wp-content\/uploads\/sites\/6\/2021\/10\/Gasmet-Greenhouse-Gas-analyzer-soil-flux-measurement-300x200.jpg\" alt=\"Soil flux measurement with portable gas analyzer\" width=\"357\" height=\"238\" \/><p id=\"caption-attachment-22189\" class=\"wp-caption-text\">Messung des Bodenflusses mit einem tragbaren Gasanalysator<\/p><\/div>\n<h2>FTIR f\u00fcr Treibhausgase<\/h2>\n<p>Unsere L\u00f6sung bei Gasmet f\u00fcr die Messung des Treibhausgasflusses basiert auf der <a href=\"https:\/\/www.gasmet.com\/de\/produkte\/fourier-transform-infrarot\/\" target=\"_blank\" rel=\"noopener\">FTIR-Technologie<\/a>. Bei dieser Technologie wird das gesamte Infrarotspektrum gescannt und analysiert, um alle infrarotabsorbierenden Gase in der Probe gleichzeitig zu messen. Die meisten Molek\u00fcle haben ein charakteristisches Absorptionsspektrum, das zur Identifizierung von Gasen und zur genauen Messung ihrer Konzentration verwendet werden kann.<\/p>\n<p>Die FTIR-Technologie eignet sich zur gro\u00dffl\u00e4chigen Messung von Treibhausgasen und ist ideal f\u00fcr verschiedene Bodentypen, wie beispielsweise terrestrische \u00d6kosysteme, landwirtschaftliche B\u00f6den oder auch aquatische Umgebungen, mit jeweils unterschiedlichen <strong>Treibhausgasemissionen<\/strong>. Unsere Gasmet-Bodengasflussanalysatoren bieten den Nutzerinnen und Nutzern die M\u00f6glichkeit, Konzentrations\u00e4nderungen in Echtzeit zu verfolgen und die Ergebnisse unmittelbar nachdem sie gemessen wurden, zu untersuchen und zu analysieren.<\/p>\n<h2>Tragbare Gasanalysatoren<\/h2>\n<p>Wir bei Gasmet bieten zwei feldtaugliche, unzerst\u00f6rbare FTIR-basierte Bodenluftflussanalysatoren f\u00fcr kontinuierliche Multikomponenten-Gasanalysen an: <a href=\"https:\/\/www.gasmet.com\/de\/produkte\/category\/gas-analysatoren\/ftir-gasanalysator-tragbar-gt5000-terra\/\" target=\"_blank\" rel=\"noopener\">GT5000 Terra<\/a> und <a href=\"https:\/\/www.gasmet.com\/de\/produkte\/category\/gas-analysatoren\/ftir-gasanalysator-dx4015\/\" target=\"_blank\" rel=\"noopener\">DX4015<\/a>. Diese robusten Gasanalysatoren erm\u00f6glichen die gleichzeitige Messung von bis zu 50 verschiedenen Gasverbindungen. Beide Bodengasflussanalysatoren sind ideal f\u00fcr die Feldarbeit und k\u00f6nnen automatisch Proben aus mehreren Hauben nehmen.<\/p>\n<p>Diese Analysatoren ben\u00f6tigen keine Kalibrierung der Messspanne; die Messung des Hintergrundspektrums mit Stickstoffgas ist alles, was erforderlich ist. Hierdurch ist der Einsatz vor Ort einfach und schnell, zumal ihr geringer Platzbedarf sie auch f\u00fcr den Einsatz im Labor interessant macht.<\/p>\n<h2>Datenverarbeitung<\/h2>\n<p>Die Analysatoren werden mit der vielseitigen <a href=\"https:\/\/www.gasmet.com\/de\/produkte\/software\/\" target=\"_blank\" rel=\"noopener\">Calcmet-Software<\/a> betrieben, die es erm\u00f6glicht, sich die Ergebnisse online anzeigen zu lassen und zudem leistungsstarke Werkzeuge f\u00fcr die nachtr\u00e4gliche Analyse fr\u00fcherer Messungen bietet. Die Ergebnisse werden in ein einfaches Tabellenkalkulationsformat exportiert, um Benutzerinnen und Benutzern einen einfachen Zugriff auf die Daten f\u00fcr die weitere Datenverarbeitung zu erm\u00f6glichen. Ein Beispiel hierf\u00fcr w\u00e4re die Berechnung von Gasfl\u00fcssen aus gemessenen Konzentrationen mithilfe von Daten, die in das Tabellenkalkulationsprogramm MS Excel exportiert wurden.<\/p>\n<h3>K\u00f6nnen neue Gase zu der Analyse hinzugef\u00fcgt werden?<\/h3>\n<p>Ja! Die Fourier-Transform-Infrarot-Spektroskopie (FTIR) ist eine sehr vielseitige Technologie. Die Anzahl der messbaren Gase ist un\u00fcbertroffen, und das System l\u00e4sst sich leicht konfigurieren, um neue Verbindungen zu messen, ohne dass die Hardware ge\u00e4ndert werden muss. Da alle Verbindungen anhand derselben Spektraldaten gemessen werden, ist es sogar m\u00f6glich, auf fr\u00fchere Messungen zur\u00fcckzugreifen, um das Vorhandensein neuer -f\u00fcr Sie interessanter- Verbindungen zu untersuchen.<\/p>\n","protected":false},"excerpt":{"rendered":"<p>Wir bei Gasmet stellen tragbare und leistungsstarke Gasanalysatoren f\u00fcr die Messung von Treibhausgasfl\u00fcssen her. Alle wichtigen Gasverbindungen k\u00f6nnen in Sekundenschnelle gemessen werden: N2O, CH4, CO2, H2O, CO sowie NH3. Klimawandel und Treibhausgase Biologische und nicht-biologische Prozesse im Boden stellen eine wichtige Quelle f\u00fcr Treibhausgase (THG) dar. Die Messung dieser Gase stellt daher einen wichtigen Bestandteil [&hellip;]<\/p>\n","protected":false},"author":6,"featured_media":12304,"parent":18,"menu_order":44,"comment_status":"closed","ping_status":"closed","template":"","meta":{"_acf_changed":false,"inline_featured_image":false,"footnotes":""},"tags":[29],"class_list":["post-10278","page","type-page","status-publish","has-post-thumbnail","hentry","tag-environment"],"acf":[],"yoast_head":"<!-- This site is optimized with the Yoast SEO plugin v27.4 - https:\/\/yoast.com\/product\/yoast-seo-wordpress\/ -->\n<title>Treibhausgase aus dem Erdreich - Gasmet.de<\/title>\n<meta name=\"robots\" content=\"index, follow, max-snippet:-1, max-image-preview:large, max-video-preview:-1\" \/>\n<link rel=\"canonical\" href=\"https:\/\/www.gasmet.com\/de\/einsatzgebiete\/forschung-umwelt\/treibhausgase-aus-dem-erdreich\/\" \/>\n<meta property=\"og:locale\" content=\"de_DE\" \/>\n<meta property=\"og:type\" content=\"article\" \/>\n<meta property=\"og:title\" content=\"Treibhausgase aus dem Erdreich - Gasmet.de\" \/>\n<meta property=\"og:description\" content=\"Wir bei Gasmet stellen tragbare und leistungsstarke Gasanalysatoren f\u00fcr die Messung von Treibhausgasfl\u00fcssen her. Alle wichtigen Gasverbindungen k\u00f6nnen in Sekundenschnelle gemessen werden: N2O, CH4, CO2, H2O, CO sowie NH3. Klimawandel und Treibhausgase Biologische und nicht-biologische Prozesse im Boden stellen eine wichtige Quelle f\u00fcr Treibhausgase (THG) dar. Die Messung dieser Gase stellt daher einen wichtigen Bestandteil [&hellip;]\" \/>\n<meta property=\"og:url\" content=\"https:\/\/www.gasmet.com\/de\/einsatzgebiete\/forschung-umwelt\/treibhausgase-aus-dem-erdreich\/\" \/>\n<meta property=\"og:site_name\" content=\"Gasmet.de\" \/>\n<meta property=\"article:modified_time\" content=\"2025-09-18T08:36:03+00:00\" \/>\n<meta property=\"og:image\" content=\"https:\/\/www.gasmet.com\/de\/wp-content\/uploads\/sites\/6\/2024\/11\/Corporate-sustainability-strategy.jpg\" \/>\n\t<meta property=\"og:image:width\" content=\"2000\" \/>\n\t<meta property=\"og:image:height\" content=\"500\" \/>\n\t<meta property=\"og:image:type\" content=\"image\/jpeg\" \/>\n<meta name=\"twitter:card\" content=\"summary_large_image\" \/>\n<meta name=\"twitter:label1\" content=\"Gesch\u00e4tzte Lesezeit\" \/>\n\t<meta name=\"twitter:data1\" content=\"5\u00a0Minuten\" \/>\n<script type=\"application\/ld+json\" class=\"yoast-schema-graph\">{\"@context\":\"https:\\\/\\\/schema.org\",\"@graph\":[{\"@type\":\"WebPage\",\"@id\":\"https:\\\/\\\/www.gasmet.com\\\/de\\\/einsatzgebiete\\\/forschung-umwelt\\\/treibhausgase-aus-dem-erdreich\\\/\",\"url\":\"https:\\\/\\\/www.gasmet.com\\\/de\\\/einsatzgebiete\\\/forschung-umwelt\\\/treibhausgase-aus-dem-erdreich\\\/\",\"name\":\"Treibhausgase aus dem Erdreich - Gasmet.de\",\"isPartOf\":{\"@id\":\"https:\\\/\\\/www.gasmet.com\\\/de\\\/#website\"},\"primaryImageOfPage\":{\"@id\":\"https:\\\/\\\/www.gasmet.com\\\/de\\\/einsatzgebiete\\\/forschung-umwelt\\\/treibhausgase-aus-dem-erdreich\\\/#primaryimage\"},\"image\":{\"@id\":\"https:\\\/\\\/www.gasmet.com\\\/de\\\/einsatzgebiete\\\/forschung-umwelt\\\/treibhausgase-aus-dem-erdreich\\\/#primaryimage\"},\"thumbnailUrl\":\"https:\\\/\\\/www.gasmet.com\\\/de\\\/wp-content\\\/uploads\\\/sites\\\/6\\\/2024\\\/11\\\/Corporate-sustainability-strategy.jpg\",\"datePublished\":\"2021-10-08T05:54:37+00:00\",\"dateModified\":\"2025-09-18T08:36:03+00:00\",\"breadcrumb\":{\"@id\":\"https:\\\/\\\/www.gasmet.com\\\/de\\\/einsatzgebiete\\\/forschung-umwelt\\\/treibhausgase-aus-dem-erdreich\\\/#breadcrumb\"},\"inLanguage\":\"de\",\"potentialAction\":[{\"@type\":\"ReadAction\",\"target\":[\"https:\\\/\\\/www.gasmet.com\\\/de\\\/einsatzgebiete\\\/forschung-umwelt\\\/treibhausgase-aus-dem-erdreich\\\/\"]}]},{\"@type\":\"ImageObject\",\"inLanguage\":\"de\",\"@id\":\"https:\\\/\\\/www.gasmet.com\\\/de\\\/einsatzgebiete\\\/forschung-umwelt\\\/treibhausgase-aus-dem-erdreich\\\/#primaryimage\",\"url\":\"https:\\\/\\\/www.gasmet.com\\\/de\\\/wp-content\\\/uploads\\\/sites\\\/6\\\/2024\\\/11\\\/Corporate-sustainability-strategy.jpg\",\"contentUrl\":\"https:\\\/\\\/www.gasmet.com\\\/de\\\/wp-content\\\/uploads\\\/sites\\\/6\\\/2024\\\/11\\\/Corporate-sustainability-strategy.jpg\",\"width\":2000,\"height\":500},{\"@type\":\"BreadcrumbList\",\"@id\":\"https:\\\/\\\/www.gasmet.com\\\/de\\\/einsatzgebiete\\\/forschung-umwelt\\\/treibhausgase-aus-dem-erdreich\\\/#breadcrumb\",\"itemListElement\":[{\"@type\":\"ListItem\",\"position\":1,\"name\":\"Home\",\"item\":\"https:\\\/\\\/www.gasmet.com\\\/de\\\/\"},{\"@type\":\"ListItem\",\"position\":2,\"name\":\"Einsatzgebiete\",\"item\":\"https:\\\/\\\/www.gasmet.com\\\/de\\\/einsatzgebiete\\\/\"},{\"@type\":\"ListItem\",\"position\":3,\"name\":\"Forschung, Umwelt\",\"item\":\"https:\\\/\\\/www.gasmet.com\\\/de\\\/einsatzgebiete\\\/forschung-umwelt\\\/\"},{\"@type\":\"ListItem\",\"position\":4,\"name\":\"Treibhausgase aus dem Erdreich\"}]},{\"@type\":\"WebSite\",\"@id\":\"https:\\\/\\\/www.gasmet.com\\\/de\\\/#website\",\"url\":\"https:\\\/\\\/www.gasmet.com\\\/de\\\/\",\"name\":\"Gasmet.de\",\"description\":\"Gasanalyik &amp; Gasmesstechnik von der Probenahme bis zum Messger\u00e4t\",\"potentialAction\":[{\"@type\":\"SearchAction\",\"target\":{\"@type\":\"EntryPoint\",\"urlTemplate\":\"https:\\\/\\\/www.gasmet.com\\\/de\\\/?s={search_term_string}\"},\"query-input\":{\"@type\":\"PropertyValueSpecification\",\"valueRequired\":true,\"valueName\":\"search_term_string\"}}],\"inLanguage\":\"de\"}]}<\/script>\n<!-- \/ Yoast SEO plugin. -->","yoast_head_json":{"title":"Treibhausgase aus dem Erdreich - Gasmet.de","robots":{"index":"index","follow":"follow","max-snippet":"max-snippet:-1","max-image-preview":"max-image-preview:large","max-video-preview":"max-video-preview:-1"},"canonical":"https:\/\/www.gasmet.com\/de\/einsatzgebiete\/forschung-umwelt\/treibhausgase-aus-dem-erdreich\/","og_locale":"de_DE","og_type":"article","og_title":"Treibhausgase aus dem Erdreich - Gasmet.de","og_description":"Wir bei Gasmet stellen tragbare und leistungsstarke Gasanalysatoren f\u00fcr die Messung von Treibhausgasfl\u00fcssen her. Alle wichtigen Gasverbindungen k\u00f6nnen in Sekundenschnelle gemessen werden: N2O, CH4, CO2, H2O, CO sowie NH3. Klimawandel und Treibhausgase Biologische und nicht-biologische Prozesse im Boden stellen eine wichtige Quelle f\u00fcr Treibhausgase (THG) dar. Die Messung dieser Gase stellt daher einen wichtigen Bestandteil [&hellip;]","og_url":"https:\/\/www.gasmet.com\/de\/einsatzgebiete\/forschung-umwelt\/treibhausgase-aus-dem-erdreich\/","og_site_name":"Gasmet.de","article_modified_time":"2025-09-18T08:36:03+00:00","og_image":[{"width":2000,"height":500,"url":"https:\/\/www.gasmet.com\/de\/wp-content\/uploads\/sites\/6\/2024\/11\/Corporate-sustainability-strategy.jpg","type":"image\/jpeg"}],"twitter_card":"summary_large_image","twitter_misc":{"Gesch\u00e4tzte Lesezeit":"5\u00a0Minuten"},"schema":{"@context":"https:\/\/schema.org","@graph":[{"@type":"WebPage","@id":"https:\/\/www.gasmet.com\/de\/einsatzgebiete\/forschung-umwelt\/treibhausgase-aus-dem-erdreich\/","url":"https:\/\/www.gasmet.com\/de\/einsatzgebiete\/forschung-umwelt\/treibhausgase-aus-dem-erdreich\/","name":"Treibhausgase aus dem Erdreich - Gasmet.de","isPartOf":{"@id":"https:\/\/www.gasmet.com\/de\/#website"},"primaryImageOfPage":{"@id":"https:\/\/www.gasmet.com\/de\/einsatzgebiete\/forschung-umwelt\/treibhausgase-aus-dem-erdreich\/#primaryimage"},"image":{"@id":"https:\/\/www.gasmet.com\/de\/einsatzgebiete\/forschung-umwelt\/treibhausgase-aus-dem-erdreich\/#primaryimage"},"thumbnailUrl":"https:\/\/www.gasmet.com\/de\/wp-content\/uploads\/sites\/6\/2024\/11\/Corporate-sustainability-strategy.jpg","datePublished":"2021-10-08T05:54:37+00:00","dateModified":"2025-09-18T08:36:03+00:00","breadcrumb":{"@id":"https:\/\/www.gasmet.com\/de\/einsatzgebiete\/forschung-umwelt\/treibhausgase-aus-dem-erdreich\/#breadcrumb"},"inLanguage":"de","potentialAction":[{"@type":"ReadAction","target":["https:\/\/www.gasmet.com\/de\/einsatzgebiete\/forschung-umwelt\/treibhausgase-aus-dem-erdreich\/"]}]},{"@type":"ImageObject","inLanguage":"de","@id":"https:\/\/www.gasmet.com\/de\/einsatzgebiete\/forschung-umwelt\/treibhausgase-aus-dem-erdreich\/#primaryimage","url":"https:\/\/www.gasmet.com\/de\/wp-content\/uploads\/sites\/6\/2024\/11\/Corporate-sustainability-strategy.jpg","contentUrl":"https:\/\/www.gasmet.com\/de\/wp-content\/uploads\/sites\/6\/2024\/11\/Corporate-sustainability-strategy.jpg","width":2000,"height":500},{"@type":"BreadcrumbList","@id":"https:\/\/www.gasmet.com\/de\/einsatzgebiete\/forschung-umwelt\/treibhausgase-aus-dem-erdreich\/#breadcrumb","itemListElement":[{"@type":"ListItem","position":1,"name":"Home","item":"https:\/\/www.gasmet.com\/de\/"},{"@type":"ListItem","position":2,"name":"Einsatzgebiete","item":"https:\/\/www.gasmet.com\/de\/einsatzgebiete\/"},{"@type":"ListItem","position":3,"name":"Forschung, Umwelt","item":"https:\/\/www.gasmet.com\/de\/einsatzgebiete\/forschung-umwelt\/"},{"@type":"ListItem","position":4,"name":"Treibhausgase aus dem Erdreich"}]},{"@type":"WebSite","@id":"https:\/\/www.gasmet.com\/de\/#website","url":"https:\/\/www.gasmet.com\/de\/","name":"Gasmet.de","description":"Gasanalyik &amp; Gasmesstechnik von der Probenahme bis zum Messger\u00e4t","potentialAction":[{"@type":"SearchAction","target":{"@type":"EntryPoint","urlTemplate":"https:\/\/www.gasmet.com\/de\/?s={search_term_string}"},"query-input":{"@type":"PropertyValueSpecification","valueRequired":true,"valueName":"search_term_string"}}],"inLanguage":"de"}]}},"_links":{"self":[{"href":"https:\/\/www.gasmet.com\/de\/wp-json\/wp\/v2\/pages\/10278","targetHints":{"allow":["GET"]}}],"collection":[{"href":"https:\/\/www.gasmet.com\/de\/wp-json\/wp\/v2\/pages"}],"about":[{"href":"https:\/\/www.gasmet.com\/de\/wp-json\/wp\/v2\/types\/page"}],"author":[{"embeddable":true,"href":"https:\/\/www.gasmet.com\/de\/wp-json\/wp\/v2\/users\/6"}],"replies":[{"embeddable":true,"href":"https:\/\/www.gasmet.com\/de\/wp-json\/wp\/v2\/comments?post=10278"}],"version-history":[{"count":41,"href":"https:\/\/www.gasmet.com\/de\/wp-json\/wp\/v2\/pages\/10278\/revisions"}],"predecessor-version":[{"id":12497,"href":"https:\/\/www.gasmet.com\/de\/wp-json\/wp\/v2\/pages\/10278\/revisions\/12497"}],"up":[{"embeddable":true,"href":"https:\/\/www.gasmet.com\/de\/wp-json\/wp\/v2\/pages\/18"}],"wp:featuredmedia":[{"embeddable":true,"href":"https:\/\/www.gasmet.com\/de\/wp-json\/wp\/v2\/media\/12304"}],"wp:attachment":[{"href":"https:\/\/www.gasmet.com\/de\/wp-json\/wp\/v2\/media?parent=10278"}],"wp:term":[{"taxonomy":"post_tag","embeddable":true,"href":"https:\/\/www.gasmet.com\/de\/wp-json\/wp\/v2\/tags?post=10278"}],"curies":[{"name":"wp","href":"https:\/\/api.w.org\/{rel}","templated":true}]}}