{"id":10274,"date":"2021-10-08T05:54:49","date_gmt":"2021-10-08T05:54:49","guid":{"rendered":"https:\/\/www.gasmet.com\/de\/?page_id=10274"},"modified":"2024-11-14T13:37:12","modified_gmt":"2024-11-14T13:37:12","slug":"brand-und-werkstoffpruefung","status":"publish","type":"page","link":"https:\/\/www.gasmet.com\/de\/einsatzgebiete\/arbeitsschutz-und-gefahrenabwehr\/brand-und-werkstoffpruefung\/","title":{"rendered":"Brand- &amp; Werkstoffpr\u00fcfung"},"content":{"rendered":"<p>Die Probenahme und Analyse von Brandr\u00fcckst\u00e4nden stellen einen wichtigen Bestandteil der Einsch\u00e4tzung von Umweltauswirkungen und der <a href=\"https:\/\/www.gasmet.com\/de\/einsatzgebiete\/arbeitsschutz-und-gefahrenabwehr\/\" target=\"_blank\" rel=\"noopener\">Bedrohung von Menschenleben<\/a> durch Br\u00e4nde dar. Detaillierte Kenntnisse \u00fcber die <strong>Zusammensetzung und Konzentration von Brandgasen<\/strong> sind erforderlich, um die potenziellen Auswirkungen von Br\u00e4nden zu verstehen und die Bem\u00fchungen zur Minimierung dieser Auswirkungen bestm\u00f6glich zu gestalten.<\/p>\n<p>Die Untersuchung der Zusammensetzung dieser Brandgase stellt eine <strong>Herausforderung f\u00fcr die zur Messung der Gase<\/strong> <strong>verwendeten Analyseger\u00e4te<\/strong> dar. Zum einen ist die Anzahl der zu untersuchenden Arten und Konzentrationen sehr hoch und zum anderen stellen die durch die Brandgase verursachten schwierigen Umgebungsbedingungen eine Herausforderung f\u00fcr die Probenahme dar.<\/p>\n<p>Extraktive <a href=\"https:\/\/www.gasmet.com\/de\/produkte\/fourier-transform-infrarot\/\" target=\"_blank\" rel=\"noopener\">FTIR-Systeme<\/a> sind eine logische L\u00f6sung f\u00fcr die Messung der Zusammensetzung von Brandgasen. Die unvergleichliche F\u00e4higkeit zur Messung einer gro\u00dfen Anzahl an relevanten Gasarten und die M\u00f6glichkeit der Entnahme einer repr\u00e4sentativen Probe durch Hei\u00dfextraktion machen diese Technologie zu einem wichtigen Bestandteil von Brandpr\u00fcfsystemen.<\/p>\n<h3><\/h3>\n<h3><strong>LEITFADEN ZUR FTIR TECHNOLOGIE<a href=\"https:\/\/info.gasmet.com\/download-ftir-technology-white-paper\"><img loading=\"lazy\" decoding=\"async\" class=\"size-medium wp-image-10275 alignright\" src=\"https:\/\/www.gasmet.com\/de\/wp-content\/uploads\/sites\/6\/2021\/10\/White_paper_mockup_ftir-300x300.jpg\" alt=\"\" width=\"300\" height=\"300\" srcset=\"https:\/\/www.gasmet.com\/de\/wp-content\/uploads\/sites\/6\/2021\/10\/White_paper_mockup_ftir-300x300.jpg 300w, https:\/\/www.gasmet.com\/de\/wp-content\/uploads\/sites\/6\/2021\/10\/White_paper_mockup_ftir-150x150.jpg 150w, https:\/\/www.gasmet.com\/de\/wp-content\/uploads\/sites\/6\/2021\/10\/White_paper_mockup_ftir-768x768.jpg 768w, https:\/\/www.gasmet.com\/de\/wp-content\/uploads\/sites\/6\/2021\/10\/White_paper_mockup_ftir-64x64.jpg 64w, https:\/\/www.gasmet.com\/de\/wp-content\/uploads\/sites\/6\/2021\/10\/White_paper_mockup_ftir-160x160.jpg 160w, https:\/\/www.gasmet.com\/de\/wp-content\/uploads\/sites\/6\/2021\/10\/White_paper_mockup_ftir-200x200.jpg 200w, https:\/\/www.gasmet.com\/de\/wp-content\/uploads\/sites\/6\/2021\/10\/White_paper_mockup_ftir-640x640.jpg 640w, https:\/\/www.gasmet.com\/de\/wp-content\/uploads\/sites\/6\/2021\/10\/White_paper_mockup_ftir.jpg 1000w\" sizes=\"auto, (max-width: 300px) 100vw, 300px\" \/><\/a><\/strong><\/h3>\n<p><strong>Nachdem Sie die Studie gelesen haben, werden Sie folgendes erfahren haben:<\/strong><\/p>\n<ul>\n<li>Wie wird das IR-Spektrum zur Gasquantifizierung verwendet?<\/li>\n<li>Wann sollte der Gasmet-Gasanalysator kalibriert werden?<\/li>\n<li>Was ist die typische Reaktionszeit?<\/li>\n<li>Was ist ein Referenzspektrum und welche Auswirkungen hat die Verwendung eines Referenzspektrums eines anderen Analysators?<\/li>\n<\/ul>\n<p>Erweitern Sie Ihr Wissen \u00fcber FTIR, indem Sie die Studie kostenlos herunterladen.<\/p>\n<p><!--HubSpot Call-to-Action Code --><span id=\"hs-cta-wrapper-4fe7bcac-1642-427a-9f1d-3eef9b344cb1\" class=\"hs-cta-wrapper\"><span id=\"hs-cta-4fe7bcac-1642-427a-9f1d-3eef9b344cb1\" class=\"hs-cta-node hs-cta-4fe7bcac-1642-427a-9f1d-3eef9b344cb1\"><!-- [if lte IE 8]>\n\n\n<div id=\"hs-cta-ie-element\"><\/div>\n\n\n<![endif]--><a href=\"https:\/\/cta-redirect.hubspot.com\/cta\/redirect\/4052802\/4fe7bcac-1642-427a-9f1d-3eef9b344cb1\" target=\"_blank\" rel=\"noopener\"><img decoding=\"async\" id=\"hs-cta-img-4fe7bcac-1642-427a-9f1d-3eef9b344cb1\" class=\"hs-cta-img\" style=\"border-width: 0px;\" src=\"https:\/\/www.gasmet.com\/de\/wp-content\/uploads\/sites\/6\/2021\/12\/4fe7bcac-1642-427a-9f1d-3eef9b344cb1.png\" alt=\"Studie zur FTIR Technologie herunterladen\" \/><\/a><\/span><\/span><!-- end HubSpot Call-to-Action Code --><\/p>\n","protected":false},"excerpt":{"rendered":"<p>Die Probenahme und Analyse von Brandr\u00fcckst\u00e4nden stellen einen wichtigen Bestandteil der Einsch\u00e4tzung von Umweltauswirkungen und der Bedrohung von Menschenleben durch Br\u00e4nde dar. Detaillierte Kenntnisse \u00fcber die Zusammensetzung und Konzentration von Brandgasen sind erforderlich, um die potenziellen Auswirkungen von Br\u00e4nden zu verstehen und die Bem\u00fchungen zur Minimierung dieser Auswirkungen bestm\u00f6glich zu gestalten. Die Untersuchung der Zusammensetzung [&hellip;]<\/p>\n","protected":false},"author":6,"featured_media":12298,"parent":20,"menu_order":39,"comment_status":"closed","ping_status":"closed","template":"","meta":{"_acf_changed":false,"inline_featured_image":false,"footnotes":""},"tags":[30],"class_list":["post-10274","page","type-page","status-publish","has-post-thumbnail","hentry","tag-sicherheit"],"acf":[],"yoast_head":"<!-- This site is optimized with the Yoast SEO plugin v27.2 - https:\/\/yoast.com\/product\/yoast-seo-wordpress\/ -->\n<title>Brand- &amp; Werkstoffpr\u00fcfung - Gasmet.de<\/title>\n<meta name=\"robots\" content=\"index, follow, max-snippet:-1, max-image-preview:large, max-video-preview:-1\" \/>\n<link rel=\"canonical\" href=\"https:\/\/www.gasmet.com\/de\/einsatzgebiete\/arbeitsschutz-und-gefahrenabwehr\/brand-und-werkstoffpruefung\/\" \/>\n<meta property=\"og:locale\" content=\"de_DE\" \/>\n<meta property=\"og:type\" content=\"article\" \/>\n<meta property=\"og:title\" content=\"Brand- &amp; Werkstoffpr\u00fcfung - Gasmet.de\" \/>\n<meta property=\"og:description\" content=\"Die Probenahme und Analyse von Brandr\u00fcckst\u00e4nden stellen einen wichtigen Bestandteil der Einsch\u00e4tzung von Umweltauswirkungen und der Bedrohung von Menschenleben durch Br\u00e4nde dar. Detaillierte Kenntnisse \u00fcber die Zusammensetzung und Konzentration von Brandgasen sind erforderlich, um die potenziellen Auswirkungen von Br\u00e4nden zu verstehen und die Bem\u00fchungen zur Minimierung dieser Auswirkungen bestm\u00f6glich zu gestalten. Die Untersuchung der Zusammensetzung [&hellip;]\" \/>\n<meta property=\"og:url\" content=\"https:\/\/www.gasmet.com\/de\/einsatzgebiete\/arbeitsschutz-und-gefahrenabwehr\/brand-und-werkstoffpruefung\/\" \/>\n<meta property=\"og:site_name\" content=\"Gasmet.de\" \/>\n<meta property=\"article:modified_time\" content=\"2024-11-14T13:37:12+00:00\" \/>\n<meta property=\"og:image\" content=\"https:\/\/www.gasmet.com\/de\/wp-content\/uploads\/sites\/6\/2024\/11\/fire-material-testing-hero.jpg\" \/>\n\t<meta property=\"og:image:width\" content=\"2000\" \/>\n\t<meta property=\"og:image:height\" content=\"500\" \/>\n\t<meta property=\"og:image:type\" content=\"image\/jpeg\" \/>\n<meta name=\"twitter:card\" content=\"summary_large_image\" \/>\n<meta name=\"twitter:label1\" content=\"Gesch\u00e4tzte Lesezeit\" \/>\n\t<meta name=\"twitter:data1\" content=\"2\u00a0Minuten\" \/>\n<script type=\"application\/ld+json\" class=\"yoast-schema-graph\">{\"@context\":\"https:\/\/schema.org\",\"@graph\":[{\"@type\":\"WebPage\",\"@id\":\"https:\/\/www.gasmet.com\/de\/einsatzgebiete\/arbeitsschutz-und-gefahrenabwehr\/brand-und-werkstoffpruefung\/\",\"url\":\"https:\/\/www.gasmet.com\/de\/einsatzgebiete\/arbeitsschutz-und-gefahrenabwehr\/brand-und-werkstoffpruefung\/\",\"name\":\"Brand- &amp; Werkstoffpr\u00fcfung - Gasmet.de\",\"isPartOf\":{\"@id\":\"https:\/\/www.gasmet.com\/de\/#website\"},\"primaryImageOfPage\":{\"@id\":\"https:\/\/www.gasmet.com\/de\/einsatzgebiete\/arbeitsschutz-und-gefahrenabwehr\/brand-und-werkstoffpruefung\/#primaryimage\"},\"image\":{\"@id\":\"https:\/\/www.gasmet.com\/de\/einsatzgebiete\/arbeitsschutz-und-gefahrenabwehr\/brand-und-werkstoffpruefung\/#primaryimage\"},\"thumbnailUrl\":\"https:\/\/www.gasmet.com\/de\/wp-content\/uploads\/sites\/6\/2024\/11\/fire-material-testing-hero.jpg\",\"datePublished\":\"2021-10-08T05:54:49+00:00\",\"dateModified\":\"2024-11-14T13:37:12+00:00\",\"breadcrumb\":{\"@id\":\"https:\/\/www.gasmet.com\/de\/einsatzgebiete\/arbeitsschutz-und-gefahrenabwehr\/brand-und-werkstoffpruefung\/#breadcrumb\"},\"inLanguage\":\"de\",\"potentialAction\":[{\"@type\":\"ReadAction\",\"target\":[\"https:\/\/www.gasmet.com\/de\/einsatzgebiete\/arbeitsschutz-und-gefahrenabwehr\/brand-und-werkstoffpruefung\/\"]}]},{\"@type\":\"ImageObject\",\"inLanguage\":\"de\",\"@id\":\"https:\/\/www.gasmet.com\/de\/einsatzgebiete\/arbeitsschutz-und-gefahrenabwehr\/brand-und-werkstoffpruefung\/#primaryimage\",\"url\":\"https:\/\/www.gasmet.com\/de\/wp-content\/uploads\/sites\/6\/2024\/11\/fire-material-testing-hero.jpg\",\"contentUrl\":\"https:\/\/www.gasmet.com\/de\/wp-content\/uploads\/sites\/6\/2024\/11\/fire-material-testing-hero.jpg\",\"width\":2000,\"height\":500},{\"@type\":\"BreadcrumbList\",\"@id\":\"https:\/\/www.gasmet.com\/de\/einsatzgebiete\/arbeitsschutz-und-gefahrenabwehr\/brand-und-werkstoffpruefung\/#breadcrumb\",\"itemListElement\":[{\"@type\":\"ListItem\",\"position\":1,\"name\":\"Home\",\"item\":\"https:\/\/www.gasmet.com\/de\/\"},{\"@type\":\"ListItem\",\"position\":2,\"name\":\"Einsatzgebiete\",\"item\":\"https:\/\/www.gasmet.com\/de\/einsatzgebiete\/\"},{\"@type\":\"ListItem\",\"position\":3,\"name\":\"Arbeitsschutz und Gefahrenabwehr\",\"item\":\"https:\/\/www.gasmet.com\/de\/einsatzgebiete\/arbeitsschutz-und-gefahrenabwehr\/\"},{\"@type\":\"ListItem\",\"position\":4,\"name\":\"Brand- &amp; Werkstoffpr\u00fcfung\"}]},{\"@type\":\"WebSite\",\"@id\":\"https:\/\/www.gasmet.com\/de\/#website\",\"url\":\"https:\/\/www.gasmet.com\/de\/\",\"name\":\"Gasmet.de\",\"description\":\"Gasanalyik &amp; Gasmesstechnik von der Probenahme bis zum Messger\u00e4t\",\"potentialAction\":[{\"@type\":\"SearchAction\",\"target\":{\"@type\":\"EntryPoint\",\"urlTemplate\":\"https:\/\/www.gasmet.com\/de\/?s={search_term_string}\"},\"query-input\":{\"@type\":\"PropertyValueSpecification\",\"valueRequired\":true,\"valueName\":\"search_term_string\"}}],\"inLanguage\":\"de\"}]}<\/script>\n<!-- \/ Yoast SEO plugin. -->","yoast_head_json":{"title":"Brand- &amp; Werkstoffpr\u00fcfung - Gasmet.de","robots":{"index":"index","follow":"follow","max-snippet":"max-snippet:-1","max-image-preview":"max-image-preview:large","max-video-preview":"max-video-preview:-1"},"canonical":"https:\/\/www.gasmet.com\/de\/einsatzgebiete\/arbeitsschutz-und-gefahrenabwehr\/brand-und-werkstoffpruefung\/","og_locale":"de_DE","og_type":"article","og_title":"Brand- &amp; Werkstoffpr\u00fcfung - Gasmet.de","og_description":"Die Probenahme und Analyse von Brandr\u00fcckst\u00e4nden stellen einen wichtigen Bestandteil der Einsch\u00e4tzung von Umweltauswirkungen und der Bedrohung von Menschenleben durch Br\u00e4nde dar. Detaillierte Kenntnisse \u00fcber die Zusammensetzung und Konzentration von Brandgasen sind erforderlich, um die potenziellen Auswirkungen von Br\u00e4nden zu verstehen und die Bem\u00fchungen zur Minimierung dieser Auswirkungen bestm\u00f6glich zu gestalten. Die Untersuchung der Zusammensetzung [&hellip;]","og_url":"https:\/\/www.gasmet.com\/de\/einsatzgebiete\/arbeitsschutz-und-gefahrenabwehr\/brand-und-werkstoffpruefung\/","og_site_name":"Gasmet.de","article_modified_time":"2024-11-14T13:37:12+00:00","og_image":[{"width":2000,"height":500,"url":"https:\/\/www.gasmet.com\/de\/wp-content\/uploads\/sites\/6\/2024\/11\/fire-material-testing-hero.jpg","type":"image\/jpeg"}],"twitter_card":"summary_large_image","twitter_misc":{"Gesch\u00e4tzte Lesezeit":"2\u00a0Minuten"},"schema":{"@context":"https:\/\/schema.org","@graph":[{"@type":"WebPage","@id":"https:\/\/www.gasmet.com\/de\/einsatzgebiete\/arbeitsschutz-und-gefahrenabwehr\/brand-und-werkstoffpruefung\/","url":"https:\/\/www.gasmet.com\/de\/einsatzgebiete\/arbeitsschutz-und-gefahrenabwehr\/brand-und-werkstoffpruefung\/","name":"Brand- &amp; Werkstoffpr\u00fcfung - Gasmet.de","isPartOf":{"@id":"https:\/\/www.gasmet.com\/de\/#website"},"primaryImageOfPage":{"@id":"https:\/\/www.gasmet.com\/de\/einsatzgebiete\/arbeitsschutz-und-gefahrenabwehr\/brand-und-werkstoffpruefung\/#primaryimage"},"image":{"@id":"https:\/\/www.gasmet.com\/de\/einsatzgebiete\/arbeitsschutz-und-gefahrenabwehr\/brand-und-werkstoffpruefung\/#primaryimage"},"thumbnailUrl":"https:\/\/www.gasmet.com\/de\/wp-content\/uploads\/sites\/6\/2024\/11\/fire-material-testing-hero.jpg","datePublished":"2021-10-08T05:54:49+00:00","dateModified":"2024-11-14T13:37:12+00:00","breadcrumb":{"@id":"https:\/\/www.gasmet.com\/de\/einsatzgebiete\/arbeitsschutz-und-gefahrenabwehr\/brand-und-werkstoffpruefung\/#breadcrumb"},"inLanguage":"de","potentialAction":[{"@type":"ReadAction","target":["https:\/\/www.gasmet.com\/de\/einsatzgebiete\/arbeitsschutz-und-gefahrenabwehr\/brand-und-werkstoffpruefung\/"]}]},{"@type":"ImageObject","inLanguage":"de","@id":"https:\/\/www.gasmet.com\/de\/einsatzgebiete\/arbeitsschutz-und-gefahrenabwehr\/brand-und-werkstoffpruefung\/#primaryimage","url":"https:\/\/www.gasmet.com\/de\/wp-content\/uploads\/sites\/6\/2024\/11\/fire-material-testing-hero.jpg","contentUrl":"https:\/\/www.gasmet.com\/de\/wp-content\/uploads\/sites\/6\/2024\/11\/fire-material-testing-hero.jpg","width":2000,"height":500},{"@type":"BreadcrumbList","@id":"https:\/\/www.gasmet.com\/de\/einsatzgebiete\/arbeitsschutz-und-gefahrenabwehr\/brand-und-werkstoffpruefung\/#breadcrumb","itemListElement":[{"@type":"ListItem","position":1,"name":"Home","item":"https:\/\/www.gasmet.com\/de\/"},{"@type":"ListItem","position":2,"name":"Einsatzgebiete","item":"https:\/\/www.gasmet.com\/de\/einsatzgebiete\/"},{"@type":"ListItem","position":3,"name":"Arbeitsschutz und Gefahrenabwehr","item":"https:\/\/www.gasmet.com\/de\/einsatzgebiete\/arbeitsschutz-und-gefahrenabwehr\/"},{"@type":"ListItem","position":4,"name":"Brand- &amp; Werkstoffpr\u00fcfung"}]},{"@type":"WebSite","@id":"https:\/\/www.gasmet.com\/de\/#website","url":"https:\/\/www.gasmet.com\/de\/","name":"Gasmet.de","description":"Gasanalyik &amp; Gasmesstechnik von der Probenahme bis zum Messger\u00e4t","potentialAction":[{"@type":"SearchAction","target":{"@type":"EntryPoint","urlTemplate":"https:\/\/www.gasmet.com\/de\/?s={search_term_string}"},"query-input":{"@type":"PropertyValueSpecification","valueRequired":true,"valueName":"search_term_string"}}],"inLanguage":"de"}]}},"_links":{"self":[{"href":"https:\/\/www.gasmet.com\/de\/wp-json\/wp\/v2\/pages\/10274","targetHints":{"allow":["GET"]}}],"collection":[{"href":"https:\/\/www.gasmet.com\/de\/wp-json\/wp\/v2\/pages"}],"about":[{"href":"https:\/\/www.gasmet.com\/de\/wp-json\/wp\/v2\/types\/page"}],"author":[{"embeddable":true,"href":"https:\/\/www.gasmet.com\/de\/wp-json\/wp\/v2\/users\/6"}],"replies":[{"embeddable":true,"href":"https:\/\/www.gasmet.com\/de\/wp-json\/wp\/v2\/comments?post=10274"}],"version-history":[{"count":14,"href":"https:\/\/www.gasmet.com\/de\/wp-json\/wp\/v2\/pages\/10274\/revisions"}],"predecessor-version":[{"id":10746,"href":"https:\/\/www.gasmet.com\/de\/wp-json\/wp\/v2\/pages\/10274\/revisions\/10746"}],"up":[{"embeddable":true,"href":"https:\/\/www.gasmet.com\/de\/wp-json\/wp\/v2\/pages\/20"}],"wp:featuredmedia":[{"embeddable":true,"href":"https:\/\/www.gasmet.com\/de\/wp-json\/wp\/v2\/media\/12298"}],"wp:attachment":[{"href":"https:\/\/www.gasmet.com\/de\/wp-json\/wp\/v2\/media?parent=10274"}],"wp:term":[{"taxonomy":"post_tag","embeddable":true,"href":"https:\/\/www.gasmet.com\/de\/wp-json\/wp\/v2\/tags?post=10274"}],"curies":[{"name":"wp","href":"https:\/\/api.w.org\/{rel}","templated":true}]}}