{"id":10272,"date":"2021-10-08T05:55:14","date_gmt":"2021-10-08T05:55:14","guid":{"rendered":"https:\/\/www.gasmet.com\/de\/?page_id=10272"},"modified":"2024-11-14T13:36:55","modified_gmt":"2024-11-14T13:36:55","slug":"erste-hilfe","status":"publish","type":"page","link":"https:\/\/www.gasmet.com\/de\/einsatzgebiete\/arbeitsschutz-und-gefahrenabwehr\/erste-hilfe\/","title":{"rendered":"Erst-Intervention"},"content":{"rendered":"<p><em>Rettungskr\u00e4fte treffen auf gef\u00e4hrliche Gase, die schnell identifiziert werden m\u00fcssen. Wir bei Gasmet stellen tragbare und leistungsstarke Gasanalysatoren f\u00fcr diese kritischen Messungen her. Messen Sie eine Vielzahl an Gasen gleichzeitig und noch dazu vor Ort. Lesen Sie mehr \u00fcber unsere L\u00f6sungen f\u00fcr die Erst-Intervention!<\/em><\/p>\n<h2><strong>Rettungskr\u00e4fte treffen auf das Unerwartete<\/strong><\/h2>\n<p>Feuerwehrleute, HazMat-Teams und Milit\u00e4r treffen an Einsatzorten oft auf unbekannte Gase. Daher ist es entscheidend, die Situation schnell und zuverl\u00e4ssig einsch\u00e4tzen zu k\u00f6nnen, um Risiken zu minimieren. Unf\u00e4lle mit Chemikalien und anderen Gefahrstoffen <strong>(HazMat)<\/strong> erfordern schnelle und genaue Gasmessungen als Teil der Hilfe vor Ort. Unf\u00e4lle sind von Natur aus unerwartet und unvorhersehbar, so dass die Ausr\u00fcstung, die von Einsatzkr\u00e4ften in solchen Situationen verwendet wird, flexibel genug sein sollte, um in einer Vielzahl von verschiedenen Szenarien einsetzbar zu sein.<strong> CBRN (Chemische, biologische, radiologische und nukleare Waffen)<\/strong>-Einheiten, die die \u00d6ffentlichkeit vor chemischen, biologischen, radiologischen und nuklearen Bedrohungen sch\u00fctzen sollen, ben\u00f6tigen \u00e4hnliche L\u00f6sungen zur Erkennung und Eind\u00e4mmung chemischer Bedrohungen. Gase wie Formaldehyd, Toluol, Ammoniak und Arsen k\u00f6nnen eine ernste Gefahr f\u00fcr die Gesundheit darstellen. Da es nicht immer m\u00f6glich ist, im Voraus zu wissen, auf was man in Havarief\u00e4llen sto\u00dfen k\u00f6nnte, m\u00fcssen die Gase sowohl identifiziert als auch quantifiziert werden. Auf die beste verf\u00fcgbare Technologie f\u00fcr diesen Zweck zur\u00fcckgreifen zu k\u00f6nnen, kommt einer Lebensversicherung gleich, die die Sicherheit aller <a href=\"https:\/\/www.gasmet.com\/de\/einsatzgebiete\/arbeitsschutz-und-gefahrenabwehr\/\" target=\"_blank\" rel=\"noopener\">gew\u00e4hrleistet<\/a>.<\/p>\n<h3>Aufgaben der Rettungskr\u00e4fte bei einem Vorfall<\/h3>\n<ul>\n<li>Einsch\u00e4tzung des Risikobereichs<\/li>\n<li>Identifizierung und Quantifizierung des chemischen Risikos<\/li>\n<li>Schutz der Menschen vor gef\u00e4hrlichen Chemikalien<\/li>\n<\/ul>\n<h2>Gefahrgutunf\u00e4lle bergen Risiken<\/h2>\n<p>Jedes Jahr kommt es zu Tausenden von Zwischenf\u00e4llen, bei denen Gefahrstoffe wie toxische Industrieverbindungen und chemische Kampfstoffe infolge von Unf\u00e4llen oder Naturkatastrophen in die Umwelt freigesetzt werden. Diese HazMat-Vorf\u00e4lle k\u00f6nnen nicht nur Menschen und die Umwelt sch\u00e4digen, sondern werden zudem routinem\u00e4\u00dfig von Einsatzkr\u00e4ften wie Feuerwehrleuten und \u00f6rtlichen Strafverfolgungsbeh\u00f6rden bek\u00e4mpft, die es ebenfalls zu sch\u00fctzen gilt. Alle Br\u00e4nde sind im Grunde genommen HazMat-Situationen. Brennende Geb\u00e4ude enthalten Kunststoffe und Elektronik, die beim Brennen giftige Verbindungen freisetzen k\u00f6nnen. Selbst wenn kein Rauch sichtbar ist oder das Feuer bereits gel\u00f6scht ist, k\u00f6nnen noch giftige Gase vorhanden sein. Wenn die Umgebung nicht mit geeigneter Ausr\u00fcstung untersucht und die Sicherheitsma\u00dfnahmen nicht entsprechend der Ergebnisse festgelegt werden, k\u00f6nnen die Besch\u00e4ftigten bei der Brandbek\u00e4mpfung Gasen ausgesetzt werden, die reizend, giftig oder krebserregend sind.<\/p>\n<h2>Kosteneffizient sofortige Ergebnisse<\/h2>\n<p>Traditionell erfordert die Analyse einer unbekannten Probe eine Probenahme mit anschlie\u00dfender zeitaufw\u00e4ndiger und teurer Laboranalyse. Zuweilen erfordert die Situation jedoch schnelle Entscheidungen, sodass keine Zeit bleibt um auf Laborergebnisse zu warten, bevor Ma\u00dfnahmen ergriffen werden k\u00f6nnen. Ein tragbares Analyseger\u00e4t, welches Ergebnisse in Laborqualit\u00e4t liefert, stellt daher ein wichtiges Hilfsmittel f\u00fcr Rettungskr\u00e4fte dar, <a href=\"https:\/\/www.gasmet.com\/cases\/ftir-gas-analyzers-support-management-of-fire-at-uk-waste-facility\/\" target=\"_blank\" rel=\"noopener\">um vor Ort fundierte Entscheidungen zu treffen<\/a>.<\/p>\n<h2>Ein tragbarer Gasanalysator f\u00fcr sch\u00e4dliche Gase<\/h2>\n<p>Unser Gasmet FTIR-Analysator <a href=\"https:\/\/www.gasmet.com\/de\/produkte\/category\/gas-analysatoren\/ftir-gasanalysator-tragbar-gt5000-terra\/\" target=\"_blank\" rel=\"noopener\">GT5000 Terra<\/a> ist das ideale Ger\u00e4t f\u00fcr diese Aufgabe. Dieses tragbare (9,4 kg), spritzwassergesch\u00fctzte (IP54) und einfach zu bedienende Ger\u00e4t bietet die M\u00f6glichkeit, eine Vielzahl an Gasen gleichzeitig zu messen und sich die Ergebnisse online anzeigen zu lassen. Dank seiner Tragbarkeit und Benutzungsfreundlichkeit kann der Analysator zu einem \u00dcberwachungsstandort mitgenommen werden, an dem die Messungen dann mit einem Klick durchgef\u00fchrt werden k\u00f6nnen. Die Technologie erm\u00f6glicht dar\u00fcberhinaus die Identifizierung von unbekannten Gasen in der Probe mit Hilfe der <a href=\"https:\/\/www.gasmet.com\/de\/produkte\/tools\/spectrum-library\/\" target=\"_blank\" rel=\"noopener\">Gasmet-Bibliothek, die \u00fcber 400 Gasen<\/a> oder der NIST\u00ae-Bibliothek, die \u00fcber 5000 Gase verf\u00fcgt. Der Analysator gibt Entwarnung, sobald diese gef\u00e4hrlichen Verbindungen in dem zu messenden Bereich nicht (mehr) vorhanden sind. Dies tr\u00e4gt zur Risikominimierung bei, was sowohl bei HazMat- als auch bei CBRN-Eins\u00e4tzen von entscheidender Bedeutung ist, also gerade in solchen Situationen, bei denen es unm\u00f6glich ist, bereits vorab genau zu wissen, worauf die Einsatzkr\u00e4fte sto\u00dfen k\u00f6nnten.<\/p>\n<p>Mit unserem GT5000 Terra und der Calcmet-Software erhalten Sie kontinuierliche Messungen mit integriertem Wlan oder Bluetooth und k\u00f6nnen das Ger\u00e4t \u00fcber VPN aus der Ferne bedienen. Somit k\u00f6nnen Sie Messungen aus der Distanz vornehmen und die Ergebnisse analysieren, ohne sich lange am potenziell gef\u00e4hrlichen Ort aufhalten zu m\u00fcssen. Calcmet gibt einen Alarm aus, sobald eine unbekannte Komponente oder eine hohe Konzentration bekannter gef\u00e4hrlicher Verbindungen vorhanden ist. Unser Analysator bietet au\u00dferdem die M\u00f6glichkeit, neue Gase ohne Hardware-\u00c4nderungen hinzuzuf\u00fcgen und eine Nachanalyse der Ergebnisse durchzuf\u00fchren. Unser tragbarer und spritzwassergesch\u00fctzter GT5000 Terra wurde f\u00fcr den anspruchsvollen Einsatz vor Ort entwickelt und erf\u00fcllt die Anforderungen von Sicherheitspersonal und Feuerwehrleuten bis hin zu Milit\u00e4rangeh\u00f6rigen.<\/p>\n<h3>Die Vorteile unseres GASMET Gasanalysators:<\/h3>\n<ul>\n<li>Sofortige Online-Ergebnisse<\/li>\n<li>Kosteng\u00fcnstige L\u00f6sung<\/li>\n<li>F\u00fcr den anspruchsvollen Feldeinsatz entwickelt<\/li>\n<li>Kabellose Konnektivit\u00e4t<\/li>\n<\/ul>\n","protected":false},"excerpt":{"rendered":"<p>Rettungskr\u00e4fte treffen auf gef\u00e4hrliche Gase, die schnell identifiziert werden m\u00fcssen. Wir bei Gasmet stellen tragbare und leistungsstarke Gasanalysatoren f\u00fcr diese kritischen Messungen her. Messen Sie eine Vielzahl an Gasen gleichzeitig und noch dazu vor Ort. Lesen Sie mehr \u00fcber unsere L\u00f6sungen f\u00fcr die Erst-Intervention! Rettungskr\u00e4fte treffen auf das Unerwartete Feuerwehrleute, HazMat-Teams und Milit\u00e4r treffen an [&hellip;]<\/p>\n","protected":false},"author":6,"featured_media":12300,"parent":20,"menu_order":35,"comment_status":"closed","ping_status":"closed","template":"","meta":{"_acf_changed":false,"inline_featured_image":false,"footnotes":""},"tags":[30],"class_list":["post-10272","page","type-page","status-publish","has-post-thumbnail","hentry","tag-sicherheit"],"acf":[],"yoast_head":"<!-- This site is optimized with the Yoast SEO plugin v27.2 - https:\/\/yoast.com\/product\/yoast-seo-wordpress\/ -->\n<title>Erst-Intervention - Gasmet.de<\/title>\n<meta name=\"robots\" content=\"index, follow, max-snippet:-1, max-image-preview:large, max-video-preview:-1\" \/>\n<link rel=\"canonical\" href=\"https:\/\/www.gasmet.com\/de\/einsatzgebiete\/arbeitsschutz-und-gefahrenabwehr\/erste-hilfe\/\" \/>\n<meta property=\"og:locale\" content=\"de_DE\" \/>\n<meta property=\"og:type\" content=\"article\" \/>\n<meta property=\"og:title\" content=\"Erst-Intervention - Gasmet.de\" \/>\n<meta property=\"og:description\" content=\"Rettungskr\u00e4fte treffen auf gef\u00e4hrliche Gase, die schnell identifiziert werden m\u00fcssen. Wir bei Gasmet stellen tragbare und leistungsstarke Gasanalysatoren f\u00fcr diese kritischen Messungen her. Messen Sie eine Vielzahl an Gasen gleichzeitig und noch dazu vor Ort. Lesen Sie mehr \u00fcber unsere L\u00f6sungen f\u00fcr die Erst-Intervention! Rettungskr\u00e4fte treffen auf das Unerwartete Feuerwehrleute, HazMat-Teams und Milit\u00e4r treffen an [&hellip;]\" \/>\n<meta property=\"og:url\" content=\"https:\/\/www.gasmet.com\/de\/einsatzgebiete\/arbeitsschutz-und-gefahrenabwehr\/erste-hilfe\/\" \/>\n<meta property=\"og:site_name\" content=\"Gasmet.de\" \/>\n<meta property=\"article:modified_time\" content=\"2024-11-14T13:36:55+00:00\" \/>\n<meta property=\"og:image\" content=\"https:\/\/www.gasmet.com\/de\/wp-content\/uploads\/sites\/6\/2024\/11\/First_response-hero.jpg\" \/>\n\t<meta property=\"og:image:width\" content=\"2000\" \/>\n\t<meta property=\"og:image:height\" content=\"500\" \/>\n\t<meta property=\"og:image:type\" content=\"image\/jpeg\" \/>\n<meta name=\"twitter:card\" content=\"summary_large_image\" \/>\n<meta name=\"twitter:label1\" content=\"Gesch\u00e4tzte Lesezeit\" \/>\n\t<meta name=\"twitter:data1\" content=\"4\u00a0Minuten\" \/>\n<script type=\"application\/ld+json\" class=\"yoast-schema-graph\">{\"@context\":\"https:\/\/schema.org\",\"@graph\":[{\"@type\":\"WebPage\",\"@id\":\"https:\/\/www.gasmet.com\/de\/einsatzgebiete\/arbeitsschutz-und-gefahrenabwehr\/erste-hilfe\/\",\"url\":\"https:\/\/www.gasmet.com\/de\/einsatzgebiete\/arbeitsschutz-und-gefahrenabwehr\/erste-hilfe\/\",\"name\":\"Erst-Intervention - Gasmet.de\",\"isPartOf\":{\"@id\":\"https:\/\/www.gasmet.com\/de\/#website\"},\"primaryImageOfPage\":{\"@id\":\"https:\/\/www.gasmet.com\/de\/einsatzgebiete\/arbeitsschutz-und-gefahrenabwehr\/erste-hilfe\/#primaryimage\"},\"image\":{\"@id\":\"https:\/\/www.gasmet.com\/de\/einsatzgebiete\/arbeitsschutz-und-gefahrenabwehr\/erste-hilfe\/#primaryimage\"},\"thumbnailUrl\":\"https:\/\/www.gasmet.com\/de\/wp-content\/uploads\/sites\/6\/2024\/11\/First_response-hero.jpg\",\"datePublished\":\"2021-10-08T05:55:14+00:00\",\"dateModified\":\"2024-11-14T13:36:55+00:00\",\"breadcrumb\":{\"@id\":\"https:\/\/www.gasmet.com\/de\/einsatzgebiete\/arbeitsschutz-und-gefahrenabwehr\/erste-hilfe\/#breadcrumb\"},\"inLanguage\":\"de\",\"potentialAction\":[{\"@type\":\"ReadAction\",\"target\":[\"https:\/\/www.gasmet.com\/de\/einsatzgebiete\/arbeitsschutz-und-gefahrenabwehr\/erste-hilfe\/\"]}]},{\"@type\":\"ImageObject\",\"inLanguage\":\"de\",\"@id\":\"https:\/\/www.gasmet.com\/de\/einsatzgebiete\/arbeitsschutz-und-gefahrenabwehr\/erste-hilfe\/#primaryimage\",\"url\":\"https:\/\/www.gasmet.com\/de\/wp-content\/uploads\/sites\/6\/2024\/11\/First_response-hero.jpg\",\"contentUrl\":\"https:\/\/www.gasmet.com\/de\/wp-content\/uploads\/sites\/6\/2024\/11\/First_response-hero.jpg\",\"width\":2000,\"height\":500},{\"@type\":\"BreadcrumbList\",\"@id\":\"https:\/\/www.gasmet.com\/de\/einsatzgebiete\/arbeitsschutz-und-gefahrenabwehr\/erste-hilfe\/#breadcrumb\",\"itemListElement\":[{\"@type\":\"ListItem\",\"position\":1,\"name\":\"Home\",\"item\":\"https:\/\/www.gasmet.com\/de\/\"},{\"@type\":\"ListItem\",\"position\":2,\"name\":\"Einsatzgebiete\",\"item\":\"https:\/\/www.gasmet.com\/de\/einsatzgebiete\/\"},{\"@type\":\"ListItem\",\"position\":3,\"name\":\"Arbeitsschutz und Gefahrenabwehr\",\"item\":\"https:\/\/www.gasmet.com\/de\/einsatzgebiete\/arbeitsschutz-und-gefahrenabwehr\/\"},{\"@type\":\"ListItem\",\"position\":4,\"name\":\"Erst-Intervention\"}]},{\"@type\":\"WebSite\",\"@id\":\"https:\/\/www.gasmet.com\/de\/#website\",\"url\":\"https:\/\/www.gasmet.com\/de\/\",\"name\":\"Gasmet.de\",\"description\":\"Gasanalyik &amp; Gasmesstechnik von der Probenahme bis zum Messger\u00e4t\",\"potentialAction\":[{\"@type\":\"SearchAction\",\"target\":{\"@type\":\"EntryPoint\",\"urlTemplate\":\"https:\/\/www.gasmet.com\/de\/?s={search_term_string}\"},\"query-input\":{\"@type\":\"PropertyValueSpecification\",\"valueRequired\":true,\"valueName\":\"search_term_string\"}}],\"inLanguage\":\"de\"}]}<\/script>\n<!-- \/ Yoast SEO plugin. -->","yoast_head_json":{"title":"Erst-Intervention - Gasmet.de","robots":{"index":"index","follow":"follow","max-snippet":"max-snippet:-1","max-image-preview":"max-image-preview:large","max-video-preview":"max-video-preview:-1"},"canonical":"https:\/\/www.gasmet.com\/de\/einsatzgebiete\/arbeitsschutz-und-gefahrenabwehr\/erste-hilfe\/","og_locale":"de_DE","og_type":"article","og_title":"Erst-Intervention - Gasmet.de","og_description":"Rettungskr\u00e4fte treffen auf gef\u00e4hrliche Gase, die schnell identifiziert werden m\u00fcssen. Wir bei Gasmet stellen tragbare und leistungsstarke Gasanalysatoren f\u00fcr diese kritischen Messungen her. Messen Sie eine Vielzahl an Gasen gleichzeitig und noch dazu vor Ort. Lesen Sie mehr \u00fcber unsere L\u00f6sungen f\u00fcr die Erst-Intervention! Rettungskr\u00e4fte treffen auf das Unerwartete Feuerwehrleute, HazMat-Teams und Milit\u00e4r treffen an [&hellip;]","og_url":"https:\/\/www.gasmet.com\/de\/einsatzgebiete\/arbeitsschutz-und-gefahrenabwehr\/erste-hilfe\/","og_site_name":"Gasmet.de","article_modified_time":"2024-11-14T13:36:55+00:00","og_image":[{"width":2000,"height":500,"url":"https:\/\/www.gasmet.com\/de\/wp-content\/uploads\/sites\/6\/2024\/11\/First_response-hero.jpg","type":"image\/jpeg"}],"twitter_card":"summary_large_image","twitter_misc":{"Gesch\u00e4tzte Lesezeit":"4\u00a0Minuten"},"schema":{"@context":"https:\/\/schema.org","@graph":[{"@type":"WebPage","@id":"https:\/\/www.gasmet.com\/de\/einsatzgebiete\/arbeitsschutz-und-gefahrenabwehr\/erste-hilfe\/","url":"https:\/\/www.gasmet.com\/de\/einsatzgebiete\/arbeitsschutz-und-gefahrenabwehr\/erste-hilfe\/","name":"Erst-Intervention - Gasmet.de","isPartOf":{"@id":"https:\/\/www.gasmet.com\/de\/#website"},"primaryImageOfPage":{"@id":"https:\/\/www.gasmet.com\/de\/einsatzgebiete\/arbeitsschutz-und-gefahrenabwehr\/erste-hilfe\/#primaryimage"},"image":{"@id":"https:\/\/www.gasmet.com\/de\/einsatzgebiete\/arbeitsschutz-und-gefahrenabwehr\/erste-hilfe\/#primaryimage"},"thumbnailUrl":"https:\/\/www.gasmet.com\/de\/wp-content\/uploads\/sites\/6\/2024\/11\/First_response-hero.jpg","datePublished":"2021-10-08T05:55:14+00:00","dateModified":"2024-11-14T13:36:55+00:00","breadcrumb":{"@id":"https:\/\/www.gasmet.com\/de\/einsatzgebiete\/arbeitsschutz-und-gefahrenabwehr\/erste-hilfe\/#breadcrumb"},"inLanguage":"de","potentialAction":[{"@type":"ReadAction","target":["https:\/\/www.gasmet.com\/de\/einsatzgebiete\/arbeitsschutz-und-gefahrenabwehr\/erste-hilfe\/"]}]},{"@type":"ImageObject","inLanguage":"de","@id":"https:\/\/www.gasmet.com\/de\/einsatzgebiete\/arbeitsschutz-und-gefahrenabwehr\/erste-hilfe\/#primaryimage","url":"https:\/\/www.gasmet.com\/de\/wp-content\/uploads\/sites\/6\/2024\/11\/First_response-hero.jpg","contentUrl":"https:\/\/www.gasmet.com\/de\/wp-content\/uploads\/sites\/6\/2024\/11\/First_response-hero.jpg","width":2000,"height":500},{"@type":"BreadcrumbList","@id":"https:\/\/www.gasmet.com\/de\/einsatzgebiete\/arbeitsschutz-und-gefahrenabwehr\/erste-hilfe\/#breadcrumb","itemListElement":[{"@type":"ListItem","position":1,"name":"Home","item":"https:\/\/www.gasmet.com\/de\/"},{"@type":"ListItem","position":2,"name":"Einsatzgebiete","item":"https:\/\/www.gasmet.com\/de\/einsatzgebiete\/"},{"@type":"ListItem","position":3,"name":"Arbeitsschutz und Gefahrenabwehr","item":"https:\/\/www.gasmet.com\/de\/einsatzgebiete\/arbeitsschutz-und-gefahrenabwehr\/"},{"@type":"ListItem","position":4,"name":"Erst-Intervention"}]},{"@type":"WebSite","@id":"https:\/\/www.gasmet.com\/de\/#website","url":"https:\/\/www.gasmet.com\/de\/","name":"Gasmet.de","description":"Gasanalyik &amp; Gasmesstechnik von der Probenahme bis zum Messger\u00e4t","potentialAction":[{"@type":"SearchAction","target":{"@type":"EntryPoint","urlTemplate":"https:\/\/www.gasmet.com\/de\/?s={search_term_string}"},"query-input":{"@type":"PropertyValueSpecification","valueRequired":true,"valueName":"search_term_string"}}],"inLanguage":"de"}]}},"_links":{"self":[{"href":"https:\/\/www.gasmet.com\/de\/wp-json\/wp\/v2\/pages\/10272","targetHints":{"allow":["GET"]}}],"collection":[{"href":"https:\/\/www.gasmet.com\/de\/wp-json\/wp\/v2\/pages"}],"about":[{"href":"https:\/\/www.gasmet.com\/de\/wp-json\/wp\/v2\/types\/page"}],"author":[{"embeddable":true,"href":"https:\/\/www.gasmet.com\/de\/wp-json\/wp\/v2\/users\/6"}],"replies":[{"embeddable":true,"href":"https:\/\/www.gasmet.com\/de\/wp-json\/wp\/v2\/comments?post=10272"}],"version-history":[{"count":33,"href":"https:\/\/www.gasmet.com\/de\/wp-json\/wp\/v2\/pages\/10272\/revisions"}],"predecessor-version":[{"id":10981,"href":"https:\/\/www.gasmet.com\/de\/wp-json\/wp\/v2\/pages\/10272\/revisions\/10981"}],"up":[{"embeddable":true,"href":"https:\/\/www.gasmet.com\/de\/wp-json\/wp\/v2\/pages\/20"}],"wp:featuredmedia":[{"embeddable":true,"href":"https:\/\/www.gasmet.com\/de\/wp-json\/wp\/v2\/media\/12300"}],"wp:attachment":[{"href":"https:\/\/www.gasmet.com\/de\/wp-json\/wp\/v2\/media?parent=10272"}],"wp:term":[{"taxonomy":"post_tag","embeddable":true,"href":"https:\/\/www.gasmet.com\/de\/wp-json\/wp\/v2\/tags?post=10272"}],"curies":[{"name":"wp","href":"https:\/\/api.w.org\/{rel}","templated":true}]}}