{"id":10264,"date":"2021-10-08T05:55:35","date_gmt":"2021-10-08T05:55:35","guid":{"rendered":"https:\/\/www.gasmet.com\/de\/?page_id=10264"},"modified":"2024-11-14T13:35:39","modified_gmt":"2024-11-14T13:35:39","slug":"ueberwachung-von-containern","status":"publish","type":"page","link":"https:\/\/www.gasmet.com\/de\/einsatzgebiete\/arbeitsschutz-und-gefahrenabwehr\/ueberwachung-von-containern\/","title":{"rendered":"\u00dcberwachung von Containern"},"content":{"rendered":"<p><em>Neben den verschiedenen Produkten k\u00f6nnen Versandbeh\u00e4lter auch giftige Gase enthalten, die f\u00fcr die Besch\u00e4ftigten, die sie \u00f6ffnen oder entladen, ein Gesundheitsrisiko darstellen. Wir bei Gasmet stellen tragbare und leistungsstarke Gasanalysatoren f\u00fcr die Messung dieser <a href=\"https:\/\/www.gasmet.com\/de\/einsatzgebiete\/arbeitsschutz-und-gefahrenabwehr\/\" target=\"_blank\" rel=\"noopener\">gef\u00e4hrlichen Gase<\/a> in geschlossenen R\u00e4umen her. Mit unseren L\u00f6sungen k\u00f6nnen Sie eine Vielzahl an Gasen gleichzeitig und kosteng\u00fcnstig messen. Lesen Sie mehr \u00fcber unsere L\u00f6sungen zur Container\u00fcberwachung!<\/em><\/p>\n<h2>Giftige Gase in den Containern<\/h2>\n<p>Frachtcontainer und Holzverpackungen werden mit Gasen wie Phosphin und Sulfurylfluorid begast, um die Ausbreitung von Sch\u00e4dlingen und Mikroorganismen zu bek\u00e4mpfen. Begasungsgase sind jedoch giftig und stellen schon bei geringen Konzentrationen eine Gefahr f\u00fcr die menschliche Gesundheit dar. Dar\u00fcber hinaus k\u00f6nnen Produkte, die in Containern versandt werden, fl\u00fcchtige organische Verbindungen wie Kohlendioxid, Kohlenmonoxid, Styrol und viele andere freisetzen. Diese werden von den bei der Herstellung verwendeten L\u00f6sungsmitteln, Beschichtungen und Klebstoffen freigesetzt, und die Konzentrationen dieser D\u00e4mpfe k\u00f6nnen innerhalb des engen Raums des Containers sehr hoch sein. Gasmessungen sind daher erforderlich, um die Gesundheit der Arbeiterinnen und Arbeiter zu sch\u00fctzen, die mit dem \u00d6ffnen dieser Beh\u00e4lter betraut sind.<\/p>\n<h2>Gleichzeitige Messung mehrerer Gase<\/h2>\n<p>Da potenziell gef\u00e4hrliche Gase aus einer Vielzahl unterschiedlicher Quellen stammen, ist die Zahl der Gase, die \u00fcberwacht werden m\u00fcssen, um eine sichere Arbeitsumgebung zu gew\u00e4hrleisten, sehr gro\u00df. Da verschiedene Gase in unterschiedlichen Konzentrationen sch\u00e4dlich werden, ist es wichtig, eine Methode zu verwenden, mit der jedes einzelne Gas in der Probe spezifisch gemessen werden kann und die zudem in der Lage ist, eine gro\u00dfe Anzahl verschiedener Gase zu messen. Zeitaufw\u00e4ndige Probenahmen und Laboranalysen der Luft in Containern sind oft nicht m\u00f6glich, da die Container schnell bewegt werden m\u00fcssen und nicht lange auf die Analyseergebnisse gewartet werden kann. Aus diesem Grund ist eine tragbare L\u00f6sung der traditionellen Laboranalyse vorzuziehen.<\/p>\n<p><a href=\"https:\/\/info.gasmet.com\/shipping-container-measurements-webinar\" target=\"_blank\" rel=\"noopener\">Nehmen Sie an unserem Webinar mit dem Containerinspektionsunternehmen Van Tienen Group teil und erfahren Sie mehr \u00fcber die Gas\u00fcberwachung in Containern.<\/a><\/p>\n<p><a href=\"https:\/\/www.gasmet.com\/webinars\/shipping-container-measurements-gasmet-x-van-tienen-webinar\/\" target=\"_blank\" rel=\"noopener\"><img loading=\"lazy\" decoding=\"async\" class=\"alignnone wp-image-10265 size-medium\" src=\"https:\/\/www.gasmet.com\/de\/wp-content\/uploads\/sites\/6\/2021\/10\/Container-webinar-web-300x157.jpg\" alt=\"\" width=\"300\" height=\"157\" srcset=\"https:\/\/www.gasmet.com\/de\/wp-content\/uploads\/sites\/6\/2021\/10\/Container-webinar-web-300x157.jpg 300w, https:\/\/www.gasmet.com\/de\/wp-content\/uploads\/sites\/6\/2021\/10\/Container-webinar-web-1024x536.jpg 1024w, https:\/\/www.gasmet.com\/de\/wp-content\/uploads\/sites\/6\/2021\/10\/Container-webinar-web-768x402.jpg 768w, https:\/\/www.gasmet.com\/de\/wp-content\/uploads\/sites\/6\/2021\/10\/Container-webinar-web-64x33.jpg 64w, https:\/\/www.gasmet.com\/de\/wp-content\/uploads\/sites\/6\/2021\/10\/Container-webinar-web-220x115.jpg 220w, https:\/\/www.gasmet.com\/de\/wp-content\/uploads\/sites\/6\/2021\/10\/Container-webinar-web-382x200.jpg 382w, https:\/\/www.gasmet.com\/de\/wp-content\/uploads\/sites\/6\/2021\/10\/Container-webinar-web-840x440.jpg 840w, https:\/\/www.gasmet.com\/de\/wp-content\/uploads\/sites\/6\/2021\/10\/Container-webinar-web.jpg 1200w\" sizes=\"auto, (max-width: 300px) 100vw, 300px\" \/><\/a><\/p>\n<h2><a id=\"ankkuri\"><\/a> Tragbarer Gasanalysator zur Container\u00fcberwachung<\/h2>\n<p><a href=\"https:\/\/www.gasmet.com\/de\/produkte\/category\/gas-analysatoren\/\" target=\"_blank\" rel=\"noopener\">Unsere tragbaren Gasmet-Gasanalysatoren<\/a> bieten eine leistungsstarke und kosteng\u00fcnstige L\u00f6sung f\u00fcr die Messung von Gasen in Schiffscontainern. Der Einsatz der FTIR-Technologie erm\u00f6glicht die Messung einer beispiellosen Anzahl an verschiedenen Gasen, welches zu einer verbesserten Sicherheit der Angestellten f\u00fchrt. Die M\u00f6glichkeit, 50 Komponenten gleichzeitig zu messen, bedeutet, dass die Probe speziell auf die jeweils wichtigsten Gase hin untersucht werden kann, und im Falle, dass etwas Unerwartetes gefunden werden sollte, stellt die FTIR das ideale Werkzeug zur Identifizierung dieses Gases dar. Unser <a href=\"https:\/\/www.gasmet.com\/de\/produkte\/category\/gas-analysatoren\/ftir-gasanalysator-tragbar-gt5000-terra\/\" target=\"_blank\" rel=\"noopener\">GT5000 Terra<\/a> ist langlebig, liefert schnelle Ergebnisse, erfordert keine Kalibriergase (au\u00dfer N<sub>2<\/sub> f\u00fcr Nullmessungen) und ben\u00f6tigt keine weiteren Verbrauchsmaterialien f\u00fcr die Probenahme, wodurch die Betriebskosten f\u00fcr diese L\u00f6sung zudem au\u00dfergew\u00f6hnlich niedrig sind.<\/p>\n","protected":false},"excerpt":{"rendered":"<p>Neben den verschiedenen Produkten k\u00f6nnen Versandbeh\u00e4lter auch giftige Gase enthalten, die f\u00fcr die Besch\u00e4ftigten, die sie \u00f6ffnen oder entladen, ein Gesundheitsrisiko darstellen. Wir bei Gasmet stellen tragbare und leistungsstarke Gasanalysatoren f\u00fcr die Messung dieser gef\u00e4hrlichen Gase in geschlossenen R\u00e4umen her. Mit unseren L\u00f6sungen k\u00f6nnen Sie eine Vielzahl an Gasen gleichzeitig und kosteng\u00fcnstig messen. Lesen Sie [&hellip;]<\/p>\n","protected":false},"author":6,"featured_media":12297,"parent":20,"menu_order":33,"comment_status":"closed","ping_status":"closed","template":"","meta":{"_acf_changed":false,"inline_featured_image":false,"footnotes":""},"tags":[30],"class_list":["post-10264","page","type-page","status-publish","has-post-thumbnail","hentry","tag-sicherheit"],"acf":[],"yoast_head":"<!-- This site is optimized with the Yoast SEO plugin v27.4 - https:\/\/yoast.com\/product\/yoast-seo-wordpress\/ -->\n<title>\u00dcberwachung von Containern - Gasmet.de<\/title>\n<meta name=\"robots\" content=\"index, follow, max-snippet:-1, max-image-preview:large, max-video-preview:-1\" \/>\n<link rel=\"canonical\" href=\"https:\/\/www.gasmet.com\/de\/einsatzgebiete\/arbeitsschutz-und-gefahrenabwehr\/ueberwachung-von-containern\/\" \/>\n<meta property=\"og:locale\" content=\"de_DE\" \/>\n<meta property=\"og:type\" content=\"article\" \/>\n<meta property=\"og:title\" content=\"\u00dcberwachung von Containern - Gasmet.de\" \/>\n<meta property=\"og:description\" content=\"Neben den verschiedenen Produkten k\u00f6nnen Versandbeh\u00e4lter auch giftige Gase enthalten, die f\u00fcr die Besch\u00e4ftigten, die sie \u00f6ffnen oder entladen, ein Gesundheitsrisiko darstellen. Wir bei Gasmet stellen tragbare und leistungsstarke Gasanalysatoren f\u00fcr die Messung dieser gef\u00e4hrlichen Gase in geschlossenen R\u00e4umen her. Mit unseren L\u00f6sungen k\u00f6nnen Sie eine Vielzahl an Gasen gleichzeitig und kosteng\u00fcnstig messen. Lesen Sie [&hellip;]\" \/>\n<meta property=\"og:url\" content=\"https:\/\/www.gasmet.com\/de\/einsatzgebiete\/arbeitsschutz-und-gefahrenabwehr\/ueberwachung-von-containern\/\" \/>\n<meta property=\"og:site_name\" content=\"Gasmet.de\" \/>\n<meta property=\"article:modified_time\" content=\"2024-11-14T13:35:39+00:00\" \/>\n<meta property=\"og:image\" content=\"https:\/\/www.gasmet.com\/de\/wp-content\/uploads\/sites\/6\/2024\/11\/container_monitoring-hero.jpg\" \/>\n\t<meta property=\"og:image:width\" content=\"2000\" \/>\n\t<meta property=\"og:image:height\" content=\"501\" \/>\n\t<meta property=\"og:image:type\" content=\"image\/jpeg\" \/>\n<meta name=\"twitter:card\" content=\"summary_large_image\" \/>\n<meta name=\"twitter:label1\" content=\"Gesch\u00e4tzte Lesezeit\" \/>\n\t<meta name=\"twitter:data1\" content=\"3\u00a0Minuten\" \/>\n<script type=\"application\/ld+json\" class=\"yoast-schema-graph\">{\"@context\":\"https:\\\/\\\/schema.org\",\"@graph\":[{\"@type\":\"WebPage\",\"@id\":\"https:\\\/\\\/www.gasmet.com\\\/de\\\/einsatzgebiete\\\/arbeitsschutz-und-gefahrenabwehr\\\/ueberwachung-von-containern\\\/\",\"url\":\"https:\\\/\\\/www.gasmet.com\\\/de\\\/einsatzgebiete\\\/arbeitsschutz-und-gefahrenabwehr\\\/ueberwachung-von-containern\\\/\",\"name\":\"\u00dcberwachung von Containern - Gasmet.de\",\"isPartOf\":{\"@id\":\"https:\\\/\\\/www.gasmet.com\\\/de\\\/#website\"},\"primaryImageOfPage\":{\"@id\":\"https:\\\/\\\/www.gasmet.com\\\/de\\\/einsatzgebiete\\\/arbeitsschutz-und-gefahrenabwehr\\\/ueberwachung-von-containern\\\/#primaryimage\"},\"image\":{\"@id\":\"https:\\\/\\\/www.gasmet.com\\\/de\\\/einsatzgebiete\\\/arbeitsschutz-und-gefahrenabwehr\\\/ueberwachung-von-containern\\\/#primaryimage\"},\"thumbnailUrl\":\"https:\\\/\\\/www.gasmet.com\\\/de\\\/wp-content\\\/uploads\\\/sites\\\/6\\\/2024\\\/11\\\/container_monitoring-hero.jpg\",\"datePublished\":\"2021-10-08T05:55:35+00:00\",\"dateModified\":\"2024-11-14T13:35:39+00:00\",\"breadcrumb\":{\"@id\":\"https:\\\/\\\/www.gasmet.com\\\/de\\\/einsatzgebiete\\\/arbeitsschutz-und-gefahrenabwehr\\\/ueberwachung-von-containern\\\/#breadcrumb\"},\"inLanguage\":\"de\",\"potentialAction\":[{\"@type\":\"ReadAction\",\"target\":[\"https:\\\/\\\/www.gasmet.com\\\/de\\\/einsatzgebiete\\\/arbeitsschutz-und-gefahrenabwehr\\\/ueberwachung-von-containern\\\/\"]}]},{\"@type\":\"ImageObject\",\"inLanguage\":\"de\",\"@id\":\"https:\\\/\\\/www.gasmet.com\\\/de\\\/einsatzgebiete\\\/arbeitsschutz-und-gefahrenabwehr\\\/ueberwachung-von-containern\\\/#primaryimage\",\"url\":\"https:\\\/\\\/www.gasmet.com\\\/de\\\/wp-content\\\/uploads\\\/sites\\\/6\\\/2024\\\/11\\\/container_monitoring-hero.jpg\",\"contentUrl\":\"https:\\\/\\\/www.gasmet.com\\\/de\\\/wp-content\\\/uploads\\\/sites\\\/6\\\/2024\\\/11\\\/container_monitoring-hero.jpg\",\"width\":2000,\"height\":501},{\"@type\":\"BreadcrumbList\",\"@id\":\"https:\\\/\\\/www.gasmet.com\\\/de\\\/einsatzgebiete\\\/arbeitsschutz-und-gefahrenabwehr\\\/ueberwachung-von-containern\\\/#breadcrumb\",\"itemListElement\":[{\"@type\":\"ListItem\",\"position\":1,\"name\":\"Home\",\"item\":\"https:\\\/\\\/www.gasmet.com\\\/de\\\/\"},{\"@type\":\"ListItem\",\"position\":2,\"name\":\"Einsatzgebiete\",\"item\":\"https:\\\/\\\/www.gasmet.com\\\/de\\\/einsatzgebiete\\\/\"},{\"@type\":\"ListItem\",\"position\":3,\"name\":\"Arbeitsschutz und Gefahrenabwehr\",\"item\":\"https:\\\/\\\/www.gasmet.com\\\/de\\\/einsatzgebiete\\\/arbeitsschutz-und-gefahrenabwehr\\\/\"},{\"@type\":\"ListItem\",\"position\":4,\"name\":\"\u00dcberwachung von Containern\"}]},{\"@type\":\"WebSite\",\"@id\":\"https:\\\/\\\/www.gasmet.com\\\/de\\\/#website\",\"url\":\"https:\\\/\\\/www.gasmet.com\\\/de\\\/\",\"name\":\"Gasmet.de\",\"description\":\"Gasanalyik &amp; Gasmesstechnik von der Probenahme bis zum Messger\u00e4t\",\"potentialAction\":[{\"@type\":\"SearchAction\",\"target\":{\"@type\":\"EntryPoint\",\"urlTemplate\":\"https:\\\/\\\/www.gasmet.com\\\/de\\\/?s={search_term_string}\"},\"query-input\":{\"@type\":\"PropertyValueSpecification\",\"valueRequired\":true,\"valueName\":\"search_term_string\"}}],\"inLanguage\":\"de\"}]}<\/script>\n<!-- \/ Yoast SEO plugin. -->","yoast_head_json":{"title":"\u00dcberwachung von Containern - Gasmet.de","robots":{"index":"index","follow":"follow","max-snippet":"max-snippet:-1","max-image-preview":"max-image-preview:large","max-video-preview":"max-video-preview:-1"},"canonical":"https:\/\/www.gasmet.com\/de\/einsatzgebiete\/arbeitsschutz-und-gefahrenabwehr\/ueberwachung-von-containern\/","og_locale":"de_DE","og_type":"article","og_title":"\u00dcberwachung von Containern - Gasmet.de","og_description":"Neben den verschiedenen Produkten k\u00f6nnen Versandbeh\u00e4lter auch giftige Gase enthalten, die f\u00fcr die Besch\u00e4ftigten, die sie \u00f6ffnen oder entladen, ein Gesundheitsrisiko darstellen. Wir bei Gasmet stellen tragbare und leistungsstarke Gasanalysatoren f\u00fcr die Messung dieser gef\u00e4hrlichen Gase in geschlossenen R\u00e4umen her. Mit unseren L\u00f6sungen k\u00f6nnen Sie eine Vielzahl an Gasen gleichzeitig und kosteng\u00fcnstig messen. Lesen Sie [&hellip;]","og_url":"https:\/\/www.gasmet.com\/de\/einsatzgebiete\/arbeitsschutz-und-gefahrenabwehr\/ueberwachung-von-containern\/","og_site_name":"Gasmet.de","article_modified_time":"2024-11-14T13:35:39+00:00","og_image":[{"width":2000,"height":501,"url":"https:\/\/www.gasmet.com\/de\/wp-content\/uploads\/sites\/6\/2024\/11\/container_monitoring-hero.jpg","type":"image\/jpeg"}],"twitter_card":"summary_large_image","twitter_misc":{"Gesch\u00e4tzte Lesezeit":"3\u00a0Minuten"},"schema":{"@context":"https:\/\/schema.org","@graph":[{"@type":"WebPage","@id":"https:\/\/www.gasmet.com\/de\/einsatzgebiete\/arbeitsschutz-und-gefahrenabwehr\/ueberwachung-von-containern\/","url":"https:\/\/www.gasmet.com\/de\/einsatzgebiete\/arbeitsschutz-und-gefahrenabwehr\/ueberwachung-von-containern\/","name":"\u00dcberwachung von Containern - Gasmet.de","isPartOf":{"@id":"https:\/\/www.gasmet.com\/de\/#website"},"primaryImageOfPage":{"@id":"https:\/\/www.gasmet.com\/de\/einsatzgebiete\/arbeitsschutz-und-gefahrenabwehr\/ueberwachung-von-containern\/#primaryimage"},"image":{"@id":"https:\/\/www.gasmet.com\/de\/einsatzgebiete\/arbeitsschutz-und-gefahrenabwehr\/ueberwachung-von-containern\/#primaryimage"},"thumbnailUrl":"https:\/\/www.gasmet.com\/de\/wp-content\/uploads\/sites\/6\/2024\/11\/container_monitoring-hero.jpg","datePublished":"2021-10-08T05:55:35+00:00","dateModified":"2024-11-14T13:35:39+00:00","breadcrumb":{"@id":"https:\/\/www.gasmet.com\/de\/einsatzgebiete\/arbeitsschutz-und-gefahrenabwehr\/ueberwachung-von-containern\/#breadcrumb"},"inLanguage":"de","potentialAction":[{"@type":"ReadAction","target":["https:\/\/www.gasmet.com\/de\/einsatzgebiete\/arbeitsschutz-und-gefahrenabwehr\/ueberwachung-von-containern\/"]}]},{"@type":"ImageObject","inLanguage":"de","@id":"https:\/\/www.gasmet.com\/de\/einsatzgebiete\/arbeitsschutz-und-gefahrenabwehr\/ueberwachung-von-containern\/#primaryimage","url":"https:\/\/www.gasmet.com\/de\/wp-content\/uploads\/sites\/6\/2024\/11\/container_monitoring-hero.jpg","contentUrl":"https:\/\/www.gasmet.com\/de\/wp-content\/uploads\/sites\/6\/2024\/11\/container_monitoring-hero.jpg","width":2000,"height":501},{"@type":"BreadcrumbList","@id":"https:\/\/www.gasmet.com\/de\/einsatzgebiete\/arbeitsschutz-und-gefahrenabwehr\/ueberwachung-von-containern\/#breadcrumb","itemListElement":[{"@type":"ListItem","position":1,"name":"Home","item":"https:\/\/www.gasmet.com\/de\/"},{"@type":"ListItem","position":2,"name":"Einsatzgebiete","item":"https:\/\/www.gasmet.com\/de\/einsatzgebiete\/"},{"@type":"ListItem","position":3,"name":"Arbeitsschutz und Gefahrenabwehr","item":"https:\/\/www.gasmet.com\/de\/einsatzgebiete\/arbeitsschutz-und-gefahrenabwehr\/"},{"@type":"ListItem","position":4,"name":"\u00dcberwachung von Containern"}]},{"@type":"WebSite","@id":"https:\/\/www.gasmet.com\/de\/#website","url":"https:\/\/www.gasmet.com\/de\/","name":"Gasmet.de","description":"Gasanalyik &amp; Gasmesstechnik von der Probenahme bis zum Messger\u00e4t","potentialAction":[{"@type":"SearchAction","target":{"@type":"EntryPoint","urlTemplate":"https:\/\/www.gasmet.com\/de\/?s={search_term_string}"},"query-input":{"@type":"PropertyValueSpecification","valueRequired":true,"valueName":"search_term_string"}}],"inLanguage":"de"}]}},"_links":{"self":[{"href":"https:\/\/www.gasmet.com\/de\/wp-json\/wp\/v2\/pages\/10264","targetHints":{"allow":["GET"]}}],"collection":[{"href":"https:\/\/www.gasmet.com\/de\/wp-json\/wp\/v2\/pages"}],"about":[{"href":"https:\/\/www.gasmet.com\/de\/wp-json\/wp\/v2\/types\/page"}],"author":[{"embeddable":true,"href":"https:\/\/www.gasmet.com\/de\/wp-json\/wp\/v2\/users\/6"}],"replies":[{"embeddable":true,"href":"https:\/\/www.gasmet.com\/de\/wp-json\/wp\/v2\/comments?post=10264"}],"version-history":[{"count":22,"href":"https:\/\/www.gasmet.com\/de\/wp-json\/wp\/v2\/pages\/10264\/revisions"}],"predecessor-version":[{"id":10974,"href":"https:\/\/www.gasmet.com\/de\/wp-json\/wp\/v2\/pages\/10264\/revisions\/10974"}],"up":[{"embeddable":true,"href":"https:\/\/www.gasmet.com\/de\/wp-json\/wp\/v2\/pages\/20"}],"wp:featuredmedia":[{"embeddable":true,"href":"https:\/\/www.gasmet.com\/de\/wp-json\/wp\/v2\/media\/12297"}],"wp:attachment":[{"href":"https:\/\/www.gasmet.com\/de\/wp-json\/wp\/v2\/media?parent=10264"}],"wp:term":[{"taxonomy":"post_tag","embeddable":true,"href":"https:\/\/www.gasmet.com\/de\/wp-json\/wp\/v2\/tags?post=10264"}],"curies":[{"name":"wp","href":"https:\/\/api.w.org\/{rel}","templated":true}]}}