{"id":10263,"date":"2021-10-08T05:55:46","date_gmt":"2021-10-08T05:55:46","guid":{"rendered":"https:\/\/www.gasmet.com\/de\/?page_id=10263"},"modified":"2025-09-18T08:34:44","modified_gmt":"2025-09-18T08:34:44","slug":"ueberwachung-von-narkosegasabfaellen","status":"publish","type":"page","link":"https:\/\/www.gasmet.com\/de\/einsatzgebiete\/arbeitsschutz-und-gefahrenabwehr\/ueberwachung-von-narkosegasabfaellen\/","title":{"rendered":"\u00dcberwachung von Narkosegasemissionen"},"content":{"rendered":"<p><em>Zusammen mit der Sp\u00fclung und ordnungsgem\u00e4\u00dfen Bel\u00fcftung spielt die \u00dcberwachung von An\u00e4sthesiegasemissionen eine entscheidende Rolle bei der Verhinderung schwerwiegender gesundheitlicher Folgen f\u00fcr Besch\u00e4ftigte in Operationss\u00e4len, zahn\u00e4rztlichen Einrichtungen und Tierarztpraxen<\/em>.<\/p>\n<h2>Exposition am Arbeitsplatz gegen\u00fcber An\u00e4sthesiegasemissionen<\/h2>\n<p>Sch\u00e4tzungen zufolge sind allein in den USA mehr als 200.000 (1) Angeh\u00f6rige der Gesundheitsberufe potenziell der Emission von Narkosegasen ausgesetzt und k\u00f6nnten daher berufsbedingt erkranken.<\/p>\n<p>An\u00e4sthesiegase gelangen \u00fcber verschiedene Wege in die Arbeitsumgebung:<\/p>\n<ul>\n<li>Durch undichte Stellen an Teilen des An\u00e4sthesieger\u00e4ts, z. B. an Ventilen, defekten Gummi- und Kunststoffrohren, Schl\u00e4uchen, Ventilatorb\u00e4lgen usw.<\/li>\n<li>Durch schlecht sitzende Gesichtsmasken<\/li>\n<li>Durch Ausatmung (in Aufwachr\u00e4umen)<\/li>\n<\/ul>\n<h2>Kategorien der am h\u00e4ufigsten verwendeten Narkosemitteln<\/h2>\n<ol>\n<li>Distickstoffoxid. Erstmals 1844 eingef\u00fchrt und immer noch in Gebrauch.<\/li>\n<li>Halogenierte Mittel. Sie wurden in den 1950er Jahren entwickelt, um die bis dahin verwendeten brennbaren und explosiven Stoffe zu ersetzen. Die meisten der heute verwendeten An\u00e4sthesiegase geh\u00f6ren zu dieser Kategorie, wie z. B.<br \/>\nHalothan (Fluothane\u00ae)<br \/>\nEnfluran (Ethrane\u00ae)<br \/>\nIsofluran (Forane\u00ae)<br \/>\nDesfluran (Suprane\u00ae)<br \/>\nSevofluran (Ultane\u00ae)<\/li>\n<\/ol>\n<p>In verschiedenen Studien wurde ein positiver Zusammenhang zwischen der Exposition gegen\u00fcber An\u00e4sthetika und Reproduktionsproblemen bei Frauen und Entwicklungsst\u00f6rungen bei ihren Nachkommen sowie verschiedenen anderen kurz- und langfristigen gesundheitlichen Auswirkungen festgestellt (2). Dar\u00fcber hinaus k\u00f6nnen \u00fcberm\u00e4\u00dfige Narkosegase das Personal bei anspruchsvollen Aufgaben, wie z. B. bei medizinischen Operationen, negativ beeinflussen.<\/p>\n<p>Aufgrund der potenziellen Gefahren, die von der Exposition gegen\u00fcber Narkosegasen ausgehen, m\u00fcssen sich Klinikerinnen und Kliniker mit diesem Thema befassen.\u00a0 <strong>Zusammen mit der Sp\u00fclung und effektiven Bel\u00fcftungssystemen ist die Luft\u00fcberwachung eines der grundlegenden Instrumente zur Minimierung der Exposition der Belegschaft gegen\u00fcber An\u00e4sthesiemitteln.<\/strong><\/p>\n<h2>Probleme mit Zertifikaten &#8211; Unsicherheit und wochenlange Wartezeiten<\/h2>\n<p>Derzeit sehen sich viele Krankenh\u00e4user, Zahnkliniken und Tier\u00e4rztpraxen Unsicherheiten und langen Wartezeiten bei der An\u00e4sthesiegas\u00fcberwachung konfrontiert. Im Rahmen von L\u00f6sungsans\u00e4tzen wie Zertifikaten f\u00fcr die Narkosegasemission werden Proben gesammelt, die dann f\u00fcr die Ergebnisse an ein Labor oder ein separates Analyseger\u00e4t geschickt werden m\u00fcssen. \u00dcbliche Wartezeiten zwischen Probenahme und Erhalt der Ergebnisse k\u00f6nnen zwei Wochen oder l\u00e4nger betragen.<\/p>\n<p>Bei solch langen Wartezeiten ist es praktisch unm\u00f6glich, die Quelle zu ermitteln, durch die die An\u00e4sthesiegase in die Arbeitsumgebung gelangt sind. Das schwache <strong>Situationsbewusstsein<\/strong>, das durch lange R\u00fcckkopplungsschleifen bei der \u00dcberwachung von Emissionen von Narkosegasen verursacht wird, erschwert auch die Suche nach Kausalit\u00e4ten und die Verbesserung von Prozessen. Situationen, in denen die Belastung durch An\u00e4sthesiegasemissionen das medizinische Personal bei anspruchsvollen Eins\u00e4tzen beeintr\u00e4chtigt, k\u00f6nnen nur in den Griff bekommen werden, wenn die Ergebnisse der Luft\u00fcberwachung in Echtzeit zur Verf\u00fcgung stehen.<\/p>\n<h2>Schnelle und tragbare Messungen<\/h2>\n<p>Der Einsatz von <a href=\"https:\/\/www.gasmet.com\/de\/produkte\/category\/gas-analysatoren\/\" target=\"_blank\" rel=\"noopener\">tragbaren Direktmessger\u00e4ten<\/a> bei der Emissions\u00fcberwachung bringt viele Vorteile mit sich. Die M\u00f6glichkeit, alle h\u00e4ufig verwendeten An\u00e4sthesiegasemissionen gleichzeitig zu messen, verringert die Risiken in Gesundheitseinrichtungen mit mehreren Operationss\u00e4len. Da keine zeitaufw\u00e4ndige separate Probenahme und Probenaufbereitung erforderlich ist, k\u00f6nnen die Messungen wesentlich schneller durchgef\u00fchrt werden. Dies erm\u00f6glicht umfassendere Untersuchungen der Luftqualit\u00e4t, da wesentlich mehr Proben gesammelt und gemessen werden k\u00f6nnen. <a href=\"https:\/\/blog.gasmet.com\/significant-energy-savings-with-gasmets-dx4040-harvard-university-project-proved-gasmets-technology-can-cut-down-energy-use-and-save-money\" target=\"_blank\" rel=\"noopener\">Die Vermeidung separater Probenahmen ist auch kosteneffizient<\/a>, da keine weiteren Verbrauchsmaterialien f\u00fcr den Probenahmeprozess ben\u00f6tigt werden. Unser Gasmet <a href=\"https:\/\/www.gasmet.com\/de\/produkte\/category\/gas-analysatoren\/ftir-gasanalysator-tragbar-gt5000-terra\/\" target=\"_blank\" rel=\"noopener\">GT5000 Terra<\/a>-Gasanalysator bietet eine ideale L\u00f6sung, da er die Luftqualit\u00e4t vor Ort messen kann, ohne dass die Qualit\u00e4t der Analyse beeintr\u00e4chtigt werden w\u00fcrde.<\/p>\n","protected":false},"excerpt":{"rendered":"<p>Zusammen mit der Sp\u00fclung und ordnungsgem\u00e4\u00dfen Bel\u00fcftung spielt die \u00dcberwachung von An\u00e4sthesiegasemissionen eine entscheidende Rolle bei der Verhinderung schwerwiegender gesundheitlicher Folgen f\u00fcr Besch\u00e4ftigte in Operationss\u00e4len, zahn\u00e4rztlichen Einrichtungen und Tierarztpraxen. Exposition am Arbeitsplatz gegen\u00fcber An\u00e4sthesiegasemissionen Sch\u00e4tzungen zufolge sind allein in den USA mehr als 200.000 (1) Angeh\u00f6rige der Gesundheitsberufe potenziell der Emission von Narkosegasen ausgesetzt und [&hellip;]<\/p>\n","protected":false},"author":6,"featured_media":12296,"parent":20,"menu_order":32,"comment_status":"closed","ping_status":"closed","template":"","meta":{"_acf_changed":false,"inline_featured_image":false,"footnotes":""},"tags":[30],"class_list":["post-10263","page","type-page","status-publish","has-post-thumbnail","hentry","tag-sicherheit"],"acf":[],"yoast_head":"<!-- This site is optimized with the Yoast SEO plugin v27.2 - https:\/\/yoast.com\/product\/yoast-seo-wordpress\/ -->\n<title>\u00dcberwachung von Narkosegasemissionen - Gasmet.de<\/title>\n<meta name=\"robots\" content=\"index, follow, max-snippet:-1, max-image-preview:large, max-video-preview:-1\" \/>\n<link rel=\"canonical\" href=\"https:\/\/www.gasmet.com\/de\/einsatzgebiete\/arbeitsschutz-und-gefahrenabwehr\/ueberwachung-von-narkosegasabfaellen\/\" \/>\n<meta property=\"og:locale\" content=\"de_DE\" \/>\n<meta property=\"og:type\" content=\"article\" \/>\n<meta property=\"og:title\" content=\"\u00dcberwachung von Narkosegasemissionen - Gasmet.de\" \/>\n<meta property=\"og:description\" content=\"Zusammen mit der Sp\u00fclung und ordnungsgem\u00e4\u00dfen Bel\u00fcftung spielt die \u00dcberwachung von An\u00e4sthesiegasemissionen eine entscheidende Rolle bei der Verhinderung schwerwiegender gesundheitlicher Folgen f\u00fcr Besch\u00e4ftigte in Operationss\u00e4len, zahn\u00e4rztlichen Einrichtungen und Tierarztpraxen. Exposition am Arbeitsplatz gegen\u00fcber An\u00e4sthesiegasemissionen Sch\u00e4tzungen zufolge sind allein in den USA mehr als 200.000 (1) Angeh\u00f6rige der Gesundheitsberufe potenziell der Emission von Narkosegasen ausgesetzt und [&hellip;]\" \/>\n<meta property=\"og:url\" content=\"https:\/\/www.gasmet.com\/de\/einsatzgebiete\/arbeitsschutz-und-gefahrenabwehr\/ueberwachung-von-narkosegasabfaellen\/\" \/>\n<meta property=\"og:site_name\" content=\"Gasmet.de\" \/>\n<meta property=\"article:modified_time\" content=\"2025-09-18T08:34:44+00:00\" \/>\n<meta property=\"og:image\" content=\"https:\/\/www.gasmet.com\/de\/wp-content\/uploads\/sites\/6\/2024\/11\/WAGS_hero2.jpg\" \/>\n\t<meta property=\"og:image:width\" content=\"2000\" \/>\n\t<meta property=\"og:image:height\" content=\"501\" \/>\n\t<meta property=\"og:image:type\" content=\"image\/jpeg\" \/>\n<meta name=\"twitter:card\" content=\"summary_large_image\" \/>\n<meta name=\"twitter:label1\" content=\"Gesch\u00e4tzte Lesezeit\" \/>\n\t<meta name=\"twitter:data1\" content=\"3\u00a0Minuten\" \/>\n<script type=\"application\/ld+json\" class=\"yoast-schema-graph\">{\"@context\":\"https:\/\/schema.org\",\"@graph\":[{\"@type\":\"WebPage\",\"@id\":\"https:\/\/www.gasmet.com\/de\/einsatzgebiete\/arbeitsschutz-und-gefahrenabwehr\/ueberwachung-von-narkosegasabfaellen\/\",\"url\":\"https:\/\/www.gasmet.com\/de\/einsatzgebiete\/arbeitsschutz-und-gefahrenabwehr\/ueberwachung-von-narkosegasabfaellen\/\",\"name\":\"\u00dcberwachung von Narkosegasemissionen - Gasmet.de\",\"isPartOf\":{\"@id\":\"https:\/\/www.gasmet.com\/de\/#website\"},\"primaryImageOfPage\":{\"@id\":\"https:\/\/www.gasmet.com\/de\/einsatzgebiete\/arbeitsschutz-und-gefahrenabwehr\/ueberwachung-von-narkosegasabfaellen\/#primaryimage\"},\"image\":{\"@id\":\"https:\/\/www.gasmet.com\/de\/einsatzgebiete\/arbeitsschutz-und-gefahrenabwehr\/ueberwachung-von-narkosegasabfaellen\/#primaryimage\"},\"thumbnailUrl\":\"https:\/\/www.gasmet.com\/de\/wp-content\/uploads\/sites\/6\/2024\/11\/WAGS_hero2.jpg\",\"datePublished\":\"2021-10-08T05:55:46+00:00\",\"dateModified\":\"2025-09-18T08:34:44+00:00\",\"breadcrumb\":{\"@id\":\"https:\/\/www.gasmet.com\/de\/einsatzgebiete\/arbeitsschutz-und-gefahrenabwehr\/ueberwachung-von-narkosegasabfaellen\/#breadcrumb\"},\"inLanguage\":\"de\",\"potentialAction\":[{\"@type\":\"ReadAction\",\"target\":[\"https:\/\/www.gasmet.com\/de\/einsatzgebiete\/arbeitsschutz-und-gefahrenabwehr\/ueberwachung-von-narkosegasabfaellen\/\"]}]},{\"@type\":\"ImageObject\",\"inLanguage\":\"de\",\"@id\":\"https:\/\/www.gasmet.com\/de\/einsatzgebiete\/arbeitsschutz-und-gefahrenabwehr\/ueberwachung-von-narkosegasabfaellen\/#primaryimage\",\"url\":\"https:\/\/www.gasmet.com\/de\/wp-content\/uploads\/sites\/6\/2024\/11\/WAGS_hero2.jpg\",\"contentUrl\":\"https:\/\/www.gasmet.com\/de\/wp-content\/uploads\/sites\/6\/2024\/11\/WAGS_hero2.jpg\",\"width\":2000,\"height\":501},{\"@type\":\"BreadcrumbList\",\"@id\":\"https:\/\/www.gasmet.com\/de\/einsatzgebiete\/arbeitsschutz-und-gefahrenabwehr\/ueberwachung-von-narkosegasabfaellen\/#breadcrumb\",\"itemListElement\":[{\"@type\":\"ListItem\",\"position\":1,\"name\":\"Home\",\"item\":\"https:\/\/www.gasmet.com\/de\/\"},{\"@type\":\"ListItem\",\"position\":2,\"name\":\"Einsatzgebiete\",\"item\":\"https:\/\/www.gasmet.com\/de\/einsatzgebiete\/\"},{\"@type\":\"ListItem\",\"position\":3,\"name\":\"Arbeitsschutz und Gefahrenabwehr\",\"item\":\"https:\/\/www.gasmet.com\/de\/einsatzgebiete\/arbeitsschutz-und-gefahrenabwehr\/\"},{\"@type\":\"ListItem\",\"position\":4,\"name\":\"\u00dcberwachung von Narkosegasemissionen\"}]},{\"@type\":\"WebSite\",\"@id\":\"https:\/\/www.gasmet.com\/de\/#website\",\"url\":\"https:\/\/www.gasmet.com\/de\/\",\"name\":\"Gasmet.de\",\"description\":\"Gasanalyik &amp; Gasmesstechnik von der Probenahme bis zum Messger\u00e4t\",\"potentialAction\":[{\"@type\":\"SearchAction\",\"target\":{\"@type\":\"EntryPoint\",\"urlTemplate\":\"https:\/\/www.gasmet.com\/de\/?s={search_term_string}\"},\"query-input\":{\"@type\":\"PropertyValueSpecification\",\"valueRequired\":true,\"valueName\":\"search_term_string\"}}],\"inLanguage\":\"de\"}]}<\/script>\n<!-- \/ Yoast SEO plugin. -->","yoast_head_json":{"title":"\u00dcberwachung von Narkosegasemissionen - Gasmet.de","robots":{"index":"index","follow":"follow","max-snippet":"max-snippet:-1","max-image-preview":"max-image-preview:large","max-video-preview":"max-video-preview:-1"},"canonical":"https:\/\/www.gasmet.com\/de\/einsatzgebiete\/arbeitsschutz-und-gefahrenabwehr\/ueberwachung-von-narkosegasabfaellen\/","og_locale":"de_DE","og_type":"article","og_title":"\u00dcberwachung von Narkosegasemissionen - Gasmet.de","og_description":"Zusammen mit der Sp\u00fclung und ordnungsgem\u00e4\u00dfen Bel\u00fcftung spielt die \u00dcberwachung von An\u00e4sthesiegasemissionen eine entscheidende Rolle bei der Verhinderung schwerwiegender gesundheitlicher Folgen f\u00fcr Besch\u00e4ftigte in Operationss\u00e4len, zahn\u00e4rztlichen Einrichtungen und Tierarztpraxen. Exposition am Arbeitsplatz gegen\u00fcber An\u00e4sthesiegasemissionen Sch\u00e4tzungen zufolge sind allein in den USA mehr als 200.000 (1) Angeh\u00f6rige der Gesundheitsberufe potenziell der Emission von Narkosegasen ausgesetzt und [&hellip;]","og_url":"https:\/\/www.gasmet.com\/de\/einsatzgebiete\/arbeitsschutz-und-gefahrenabwehr\/ueberwachung-von-narkosegasabfaellen\/","og_site_name":"Gasmet.de","article_modified_time":"2025-09-18T08:34:44+00:00","og_image":[{"width":2000,"height":501,"url":"https:\/\/www.gasmet.com\/de\/wp-content\/uploads\/sites\/6\/2024\/11\/WAGS_hero2.jpg","type":"image\/jpeg"}],"twitter_card":"summary_large_image","twitter_misc":{"Gesch\u00e4tzte Lesezeit":"3\u00a0Minuten"},"schema":{"@context":"https:\/\/schema.org","@graph":[{"@type":"WebPage","@id":"https:\/\/www.gasmet.com\/de\/einsatzgebiete\/arbeitsschutz-und-gefahrenabwehr\/ueberwachung-von-narkosegasabfaellen\/","url":"https:\/\/www.gasmet.com\/de\/einsatzgebiete\/arbeitsschutz-und-gefahrenabwehr\/ueberwachung-von-narkosegasabfaellen\/","name":"\u00dcberwachung von Narkosegasemissionen - Gasmet.de","isPartOf":{"@id":"https:\/\/www.gasmet.com\/de\/#website"},"primaryImageOfPage":{"@id":"https:\/\/www.gasmet.com\/de\/einsatzgebiete\/arbeitsschutz-und-gefahrenabwehr\/ueberwachung-von-narkosegasabfaellen\/#primaryimage"},"image":{"@id":"https:\/\/www.gasmet.com\/de\/einsatzgebiete\/arbeitsschutz-und-gefahrenabwehr\/ueberwachung-von-narkosegasabfaellen\/#primaryimage"},"thumbnailUrl":"https:\/\/www.gasmet.com\/de\/wp-content\/uploads\/sites\/6\/2024\/11\/WAGS_hero2.jpg","datePublished":"2021-10-08T05:55:46+00:00","dateModified":"2025-09-18T08:34:44+00:00","breadcrumb":{"@id":"https:\/\/www.gasmet.com\/de\/einsatzgebiete\/arbeitsschutz-und-gefahrenabwehr\/ueberwachung-von-narkosegasabfaellen\/#breadcrumb"},"inLanguage":"de","potentialAction":[{"@type":"ReadAction","target":["https:\/\/www.gasmet.com\/de\/einsatzgebiete\/arbeitsschutz-und-gefahrenabwehr\/ueberwachung-von-narkosegasabfaellen\/"]}]},{"@type":"ImageObject","inLanguage":"de","@id":"https:\/\/www.gasmet.com\/de\/einsatzgebiete\/arbeitsschutz-und-gefahrenabwehr\/ueberwachung-von-narkosegasabfaellen\/#primaryimage","url":"https:\/\/www.gasmet.com\/de\/wp-content\/uploads\/sites\/6\/2024\/11\/WAGS_hero2.jpg","contentUrl":"https:\/\/www.gasmet.com\/de\/wp-content\/uploads\/sites\/6\/2024\/11\/WAGS_hero2.jpg","width":2000,"height":501},{"@type":"BreadcrumbList","@id":"https:\/\/www.gasmet.com\/de\/einsatzgebiete\/arbeitsschutz-und-gefahrenabwehr\/ueberwachung-von-narkosegasabfaellen\/#breadcrumb","itemListElement":[{"@type":"ListItem","position":1,"name":"Home","item":"https:\/\/www.gasmet.com\/de\/"},{"@type":"ListItem","position":2,"name":"Einsatzgebiete","item":"https:\/\/www.gasmet.com\/de\/einsatzgebiete\/"},{"@type":"ListItem","position":3,"name":"Arbeitsschutz und Gefahrenabwehr","item":"https:\/\/www.gasmet.com\/de\/einsatzgebiete\/arbeitsschutz-und-gefahrenabwehr\/"},{"@type":"ListItem","position":4,"name":"\u00dcberwachung von Narkosegasemissionen"}]},{"@type":"WebSite","@id":"https:\/\/www.gasmet.com\/de\/#website","url":"https:\/\/www.gasmet.com\/de\/","name":"Gasmet.de","description":"Gasanalyik &amp; Gasmesstechnik von der Probenahme bis zum Messger\u00e4t","potentialAction":[{"@type":"SearchAction","target":{"@type":"EntryPoint","urlTemplate":"https:\/\/www.gasmet.com\/de\/?s={search_term_string}"},"query-input":{"@type":"PropertyValueSpecification","valueRequired":true,"valueName":"search_term_string"}}],"inLanguage":"de"}]}},"_links":{"self":[{"href":"https:\/\/www.gasmet.com\/de\/wp-json\/wp\/v2\/pages\/10263","targetHints":{"allow":["GET"]}}],"collection":[{"href":"https:\/\/www.gasmet.com\/de\/wp-json\/wp\/v2\/pages"}],"about":[{"href":"https:\/\/www.gasmet.com\/de\/wp-json\/wp\/v2\/types\/page"}],"author":[{"embeddable":true,"href":"https:\/\/www.gasmet.com\/de\/wp-json\/wp\/v2\/users\/6"}],"replies":[{"embeddable":true,"href":"https:\/\/www.gasmet.com\/de\/wp-json\/wp\/v2\/comments?post=10263"}],"version-history":[{"count":34,"href":"https:\/\/www.gasmet.com\/de\/wp-json\/wp\/v2\/pages\/10263\/revisions"}],"predecessor-version":[{"id":12495,"href":"https:\/\/www.gasmet.com\/de\/wp-json\/wp\/v2\/pages\/10263\/revisions\/12495"}],"up":[{"embeddable":true,"href":"https:\/\/www.gasmet.com\/de\/wp-json\/wp\/v2\/pages\/20"}],"wp:featuredmedia":[{"embeddable":true,"href":"https:\/\/www.gasmet.com\/de\/wp-json\/wp\/v2\/media\/12296"}],"wp:attachment":[{"href":"https:\/\/www.gasmet.com\/de\/wp-json\/wp\/v2\/media?parent=10263"}],"wp:term":[{"taxonomy":"post_tag","embeddable":true,"href":"https:\/\/www.gasmet.com\/de\/wp-json\/wp\/v2\/tags?post=10263"}],"curies":[{"name":"wp","href":"https:\/\/api.w.org\/{rel}","templated":true}]}}