{"id":10261,"date":"2021-10-08T05:55:58","date_gmt":"2021-10-08T05:55:58","guid":{"rendered":"https:\/\/www.gasmet.com\/de\/?page_id=10261"},"modified":"2024-11-14T13:34:23","modified_gmt":"2024-11-14T13:34:23","slug":"ueberwachung-der-industriehygiene","status":"publish","type":"page","link":"https:\/\/www.gasmet.com\/de\/einsatzgebiete\/arbeitsschutz-und-gefahrenabwehr\/ueberwachung-der-industriehygiene\/","title":{"rendered":"\u00dcberwachung der Arbeitshygiene"},"content":{"rendered":"<p><em>Wir bei Gasmet bieten Sicherheitsfachkr\u00e4ften eine marktf\u00fchrende Technologie zur Durchf\u00fchrung semiquantitativer und quantitativer Expositionsbewertungen als Teil der \u00dcberwachung der Arbeitshygiene.<\/em><\/p>\n<h2>Ungewissheit bei der Expositions\u00fcberwachung ist kostspielig<\/h2>\n<p>Sicherheitsingenieurinnen und -ingenieure spielen eine wichtige Rolle dabei, zu gew\u00e4hrleisten, dass die gesetzlichen Grenzwerte (z. B. AGW) f\u00fcr die Exposition gegen\u00fcber chemischen Stoffen am Arbeitsplatz eingehalten werden. Diese Grenzwerte bieten Sicherheitsfachkr\u00e4ften Rahmenbedingungen f\u00fcr den Schutz der Besch\u00e4ftigten vor Umweltgefahren.<\/p>\n<p>Auf Baustellen in aller Welt besteht ein wachsender Bedarf an verbesserten Expositionsbewertungen. So werden beispielsweise allein im Vereinigten K\u00f6nigreich j\u00e4hrlich Tausende an gasbedingten Vorf\u00e4llen gemeldet, zu denen noch zahlreiche weitere kleinere F\u00e4lle hinzukommen, die jedoch nicht gemeldet werden. Der vielleicht gr\u00f6\u00dfte Verbesserungsbedarf besteht in der Art und Weise, wie die Ergebnisse der Expositionsbeurteilung ermittelt werden, und in der Frage, ob die Ergebnisse zu einer Verbesserung der Sicherheit der Arbeitnehmerinnen und Arbeitnehmer f\u00fchren.<\/p>\n<p>In der Regel werden bei arbeitshygienischen Messungen an verschiedenen Stellen Proben entnommen, die daraufhin zur Analyse ans Labor geschickt werden. Diese Art der passiven \u00dcberwachung liefert nur einen Durchschnittswert der Exposition einer Arbeitskraft w\u00e4hrend einer 8-Stunden-Schicht, w\u00e4hrend die Echtzeit-\u00dcberwachung eine viel umfassendere Analyse der Risiken der Gasexposition der Arbeitskraft erm\u00f6glicht. Auf diese Weise k\u00f6nnen Sicherheitsfachkr\u00e4fte die Arbeitsabl\u00e4ufe der Besch\u00e4ftigten verfolgen und deren Exposition mit Hilfe von Echtzeitdaten zur Konzentration toxischer Gase minimieren.<\/p>\n","protected":false},"excerpt":{"rendered":"<p>Wir bei Gasmet bieten Sicherheitsfachkr\u00e4ften eine marktf\u00fchrende Technologie zur Durchf\u00fchrung semiquantitativer und quantitativer Expositionsbewertungen als Teil der \u00dcberwachung der Arbeitshygiene. Ungewissheit bei der Expositions\u00fcberwachung ist kostspielig Sicherheitsingenieurinnen und -ingenieure spielen eine wichtige Rolle dabei, zu gew\u00e4hrleisten, dass die gesetzlichen Grenzwerte (z. B. AGW) f\u00fcr die Exposition gegen\u00fcber chemischen Stoffen am Arbeitsplatz eingehalten werden. Diese Grenzwerte [&hellip;]<\/p>\n","protected":false},"author":6,"featured_media":12295,"parent":20,"menu_order":31,"comment_status":"closed","ping_status":"closed","template":"","meta":{"_acf_changed":false,"inline_featured_image":false,"footnotes":""},"tags":[30],"class_list":["post-10261","page","type-page","status-publish","has-post-thumbnail","hentry","tag-sicherheit"],"acf":[],"yoast_head":"<!-- This site is optimized with the Yoast SEO plugin v27.2 - https:\/\/yoast.com\/product\/yoast-seo-wordpress\/ -->\n<title>\u00dcberwachung der Arbeitshygiene - Gasmet.de<\/title>\n<meta name=\"robots\" content=\"index, follow, max-snippet:-1, max-image-preview:large, max-video-preview:-1\" \/>\n<link rel=\"canonical\" href=\"https:\/\/www.gasmet.com\/de\/einsatzgebiete\/arbeitsschutz-und-gefahrenabwehr\/ueberwachung-der-industriehygiene\/\" \/>\n<meta property=\"og:locale\" content=\"de_DE\" \/>\n<meta property=\"og:type\" content=\"article\" \/>\n<meta property=\"og:title\" content=\"\u00dcberwachung der Arbeitshygiene - Gasmet.de\" \/>\n<meta property=\"og:description\" content=\"Wir bei Gasmet bieten Sicherheitsfachkr\u00e4ften eine marktf\u00fchrende Technologie zur Durchf\u00fchrung semiquantitativer und quantitativer Expositionsbewertungen als Teil der \u00dcberwachung der Arbeitshygiene. Ungewissheit bei der Expositions\u00fcberwachung ist kostspielig Sicherheitsingenieurinnen und -ingenieure spielen eine wichtige Rolle dabei, zu gew\u00e4hrleisten, dass die gesetzlichen Grenzwerte (z. B. AGW) f\u00fcr die Exposition gegen\u00fcber chemischen Stoffen am Arbeitsplatz eingehalten werden. Diese Grenzwerte [&hellip;]\" \/>\n<meta property=\"og:url\" content=\"https:\/\/www.gasmet.com\/de\/einsatzgebiete\/arbeitsschutz-und-gefahrenabwehr\/ueberwachung-der-industriehygiene\/\" \/>\n<meta property=\"og:site_name\" content=\"Gasmet.de\" \/>\n<meta property=\"article:modified_time\" content=\"2024-11-14T13:34:23+00:00\" \/>\n<meta property=\"og:image\" content=\"https:\/\/www.gasmet.com\/de\/wp-content\/uploads\/sites\/6\/2024\/11\/industrial_hygiene-hero.jpg\" \/>\n\t<meta property=\"og:image:width\" content=\"2000\" \/>\n\t<meta property=\"og:image:height\" content=\"500\" \/>\n\t<meta property=\"og:image:type\" content=\"image\/jpeg\" \/>\n<meta name=\"twitter:card\" content=\"summary_large_image\" \/>\n<meta name=\"twitter:label1\" content=\"Gesch\u00e4tzte Lesezeit\" \/>\n\t<meta name=\"twitter:data1\" content=\"2\u00a0Minuten\" \/>\n<script type=\"application\/ld+json\" class=\"yoast-schema-graph\">{\"@context\":\"https:\/\/schema.org\",\"@graph\":[{\"@type\":\"WebPage\",\"@id\":\"https:\/\/www.gasmet.com\/de\/einsatzgebiete\/arbeitsschutz-und-gefahrenabwehr\/ueberwachung-der-industriehygiene\/\",\"url\":\"https:\/\/www.gasmet.com\/de\/einsatzgebiete\/arbeitsschutz-und-gefahrenabwehr\/ueberwachung-der-industriehygiene\/\",\"name\":\"\u00dcberwachung der Arbeitshygiene - Gasmet.de\",\"isPartOf\":{\"@id\":\"https:\/\/www.gasmet.com\/de\/#website\"},\"primaryImageOfPage\":{\"@id\":\"https:\/\/www.gasmet.com\/de\/einsatzgebiete\/arbeitsschutz-und-gefahrenabwehr\/ueberwachung-der-industriehygiene\/#primaryimage\"},\"image\":{\"@id\":\"https:\/\/www.gasmet.com\/de\/einsatzgebiete\/arbeitsschutz-und-gefahrenabwehr\/ueberwachung-der-industriehygiene\/#primaryimage\"},\"thumbnailUrl\":\"https:\/\/www.gasmet.com\/de\/wp-content\/uploads\/sites\/6\/2024\/11\/industrial_hygiene-hero.jpg\",\"datePublished\":\"2021-10-08T05:55:58+00:00\",\"dateModified\":\"2024-11-14T13:34:23+00:00\",\"breadcrumb\":{\"@id\":\"https:\/\/www.gasmet.com\/de\/einsatzgebiete\/arbeitsschutz-und-gefahrenabwehr\/ueberwachung-der-industriehygiene\/#breadcrumb\"},\"inLanguage\":\"de\",\"potentialAction\":[{\"@type\":\"ReadAction\",\"target\":[\"https:\/\/www.gasmet.com\/de\/einsatzgebiete\/arbeitsschutz-und-gefahrenabwehr\/ueberwachung-der-industriehygiene\/\"]}]},{\"@type\":\"ImageObject\",\"inLanguage\":\"de\",\"@id\":\"https:\/\/www.gasmet.com\/de\/einsatzgebiete\/arbeitsschutz-und-gefahrenabwehr\/ueberwachung-der-industriehygiene\/#primaryimage\",\"url\":\"https:\/\/www.gasmet.com\/de\/wp-content\/uploads\/sites\/6\/2024\/11\/industrial_hygiene-hero.jpg\",\"contentUrl\":\"https:\/\/www.gasmet.com\/de\/wp-content\/uploads\/sites\/6\/2024\/11\/industrial_hygiene-hero.jpg\",\"width\":2000,\"height\":500},{\"@type\":\"BreadcrumbList\",\"@id\":\"https:\/\/www.gasmet.com\/de\/einsatzgebiete\/arbeitsschutz-und-gefahrenabwehr\/ueberwachung-der-industriehygiene\/#breadcrumb\",\"itemListElement\":[{\"@type\":\"ListItem\",\"position\":1,\"name\":\"Home\",\"item\":\"https:\/\/www.gasmet.com\/de\/\"},{\"@type\":\"ListItem\",\"position\":2,\"name\":\"Einsatzgebiete\",\"item\":\"https:\/\/www.gasmet.com\/de\/einsatzgebiete\/\"},{\"@type\":\"ListItem\",\"position\":3,\"name\":\"Arbeitsschutz und Gefahrenabwehr\",\"item\":\"https:\/\/www.gasmet.com\/de\/einsatzgebiete\/arbeitsschutz-und-gefahrenabwehr\/\"},{\"@type\":\"ListItem\",\"position\":4,\"name\":\"\u00dcberwachung der Arbeitshygiene\"}]},{\"@type\":\"WebSite\",\"@id\":\"https:\/\/www.gasmet.com\/de\/#website\",\"url\":\"https:\/\/www.gasmet.com\/de\/\",\"name\":\"Gasmet.de\",\"description\":\"Gasanalyik &amp; Gasmesstechnik von der Probenahme bis zum Messger\u00e4t\",\"potentialAction\":[{\"@type\":\"SearchAction\",\"target\":{\"@type\":\"EntryPoint\",\"urlTemplate\":\"https:\/\/www.gasmet.com\/de\/?s={search_term_string}\"},\"query-input\":{\"@type\":\"PropertyValueSpecification\",\"valueRequired\":true,\"valueName\":\"search_term_string\"}}],\"inLanguage\":\"de\"}]}<\/script>\n<!-- \/ Yoast SEO plugin. -->","yoast_head_json":{"title":"\u00dcberwachung der Arbeitshygiene - Gasmet.de","robots":{"index":"index","follow":"follow","max-snippet":"max-snippet:-1","max-image-preview":"max-image-preview:large","max-video-preview":"max-video-preview:-1"},"canonical":"https:\/\/www.gasmet.com\/de\/einsatzgebiete\/arbeitsschutz-und-gefahrenabwehr\/ueberwachung-der-industriehygiene\/","og_locale":"de_DE","og_type":"article","og_title":"\u00dcberwachung der Arbeitshygiene - Gasmet.de","og_description":"Wir bei Gasmet bieten Sicherheitsfachkr\u00e4ften eine marktf\u00fchrende Technologie zur Durchf\u00fchrung semiquantitativer und quantitativer Expositionsbewertungen als Teil der \u00dcberwachung der Arbeitshygiene. Ungewissheit bei der Expositions\u00fcberwachung ist kostspielig Sicherheitsingenieurinnen und -ingenieure spielen eine wichtige Rolle dabei, zu gew\u00e4hrleisten, dass die gesetzlichen Grenzwerte (z. B. AGW) f\u00fcr die Exposition gegen\u00fcber chemischen Stoffen am Arbeitsplatz eingehalten werden. Diese Grenzwerte [&hellip;]","og_url":"https:\/\/www.gasmet.com\/de\/einsatzgebiete\/arbeitsschutz-und-gefahrenabwehr\/ueberwachung-der-industriehygiene\/","og_site_name":"Gasmet.de","article_modified_time":"2024-11-14T13:34:23+00:00","og_image":[{"width":2000,"height":500,"url":"https:\/\/www.gasmet.com\/de\/wp-content\/uploads\/sites\/6\/2024\/11\/industrial_hygiene-hero.jpg","type":"image\/jpeg"}],"twitter_card":"summary_large_image","twitter_misc":{"Gesch\u00e4tzte Lesezeit":"2\u00a0Minuten"},"schema":{"@context":"https:\/\/schema.org","@graph":[{"@type":"WebPage","@id":"https:\/\/www.gasmet.com\/de\/einsatzgebiete\/arbeitsschutz-und-gefahrenabwehr\/ueberwachung-der-industriehygiene\/","url":"https:\/\/www.gasmet.com\/de\/einsatzgebiete\/arbeitsschutz-und-gefahrenabwehr\/ueberwachung-der-industriehygiene\/","name":"\u00dcberwachung der Arbeitshygiene - Gasmet.de","isPartOf":{"@id":"https:\/\/www.gasmet.com\/de\/#website"},"primaryImageOfPage":{"@id":"https:\/\/www.gasmet.com\/de\/einsatzgebiete\/arbeitsschutz-und-gefahrenabwehr\/ueberwachung-der-industriehygiene\/#primaryimage"},"image":{"@id":"https:\/\/www.gasmet.com\/de\/einsatzgebiete\/arbeitsschutz-und-gefahrenabwehr\/ueberwachung-der-industriehygiene\/#primaryimage"},"thumbnailUrl":"https:\/\/www.gasmet.com\/de\/wp-content\/uploads\/sites\/6\/2024\/11\/industrial_hygiene-hero.jpg","datePublished":"2021-10-08T05:55:58+00:00","dateModified":"2024-11-14T13:34:23+00:00","breadcrumb":{"@id":"https:\/\/www.gasmet.com\/de\/einsatzgebiete\/arbeitsschutz-und-gefahrenabwehr\/ueberwachung-der-industriehygiene\/#breadcrumb"},"inLanguage":"de","potentialAction":[{"@type":"ReadAction","target":["https:\/\/www.gasmet.com\/de\/einsatzgebiete\/arbeitsschutz-und-gefahrenabwehr\/ueberwachung-der-industriehygiene\/"]}]},{"@type":"ImageObject","inLanguage":"de","@id":"https:\/\/www.gasmet.com\/de\/einsatzgebiete\/arbeitsschutz-und-gefahrenabwehr\/ueberwachung-der-industriehygiene\/#primaryimage","url":"https:\/\/www.gasmet.com\/de\/wp-content\/uploads\/sites\/6\/2024\/11\/industrial_hygiene-hero.jpg","contentUrl":"https:\/\/www.gasmet.com\/de\/wp-content\/uploads\/sites\/6\/2024\/11\/industrial_hygiene-hero.jpg","width":2000,"height":500},{"@type":"BreadcrumbList","@id":"https:\/\/www.gasmet.com\/de\/einsatzgebiete\/arbeitsschutz-und-gefahrenabwehr\/ueberwachung-der-industriehygiene\/#breadcrumb","itemListElement":[{"@type":"ListItem","position":1,"name":"Home","item":"https:\/\/www.gasmet.com\/de\/"},{"@type":"ListItem","position":2,"name":"Einsatzgebiete","item":"https:\/\/www.gasmet.com\/de\/einsatzgebiete\/"},{"@type":"ListItem","position":3,"name":"Arbeitsschutz und Gefahrenabwehr","item":"https:\/\/www.gasmet.com\/de\/einsatzgebiete\/arbeitsschutz-und-gefahrenabwehr\/"},{"@type":"ListItem","position":4,"name":"\u00dcberwachung der Arbeitshygiene"}]},{"@type":"WebSite","@id":"https:\/\/www.gasmet.com\/de\/#website","url":"https:\/\/www.gasmet.com\/de\/","name":"Gasmet.de","description":"Gasanalyik &amp; Gasmesstechnik von der Probenahme bis zum Messger\u00e4t","potentialAction":[{"@type":"SearchAction","target":{"@type":"EntryPoint","urlTemplate":"https:\/\/www.gasmet.com\/de\/?s={search_term_string}"},"query-input":{"@type":"PropertyValueSpecification","valueRequired":true,"valueName":"search_term_string"}}],"inLanguage":"de"}]}},"_links":{"self":[{"href":"https:\/\/www.gasmet.com\/de\/wp-json\/wp\/v2\/pages\/10261","targetHints":{"allow":["GET"]}}],"collection":[{"href":"https:\/\/www.gasmet.com\/de\/wp-json\/wp\/v2\/pages"}],"about":[{"href":"https:\/\/www.gasmet.com\/de\/wp-json\/wp\/v2\/types\/page"}],"author":[{"embeddable":true,"href":"https:\/\/www.gasmet.com\/de\/wp-json\/wp\/v2\/users\/6"}],"replies":[{"embeddable":true,"href":"https:\/\/www.gasmet.com\/de\/wp-json\/wp\/v2\/comments?post=10261"}],"version-history":[{"count":47,"href":"https:\/\/www.gasmet.com\/de\/wp-json\/wp\/v2\/pages\/10261\/revisions"}],"predecessor-version":[{"id":11816,"href":"https:\/\/www.gasmet.com\/de\/wp-json\/wp\/v2\/pages\/10261\/revisions\/11816"}],"up":[{"embeddable":true,"href":"https:\/\/www.gasmet.com\/de\/wp-json\/wp\/v2\/pages\/20"}],"wp:featuredmedia":[{"embeddable":true,"href":"https:\/\/www.gasmet.com\/de\/wp-json\/wp\/v2\/media\/12295"}],"wp:attachment":[{"href":"https:\/\/www.gasmet.com\/de\/wp-json\/wp\/v2\/media?parent=10261"}],"wp:term":[{"taxonomy":"post_tag","embeddable":true,"href":"https:\/\/www.gasmet.com\/de\/wp-json\/wp\/v2\/tags?post=10261"}],"curies":[{"name":"wp","href":"https:\/\/api.w.org\/{rel}","templated":true}]}}