{"id":10196,"date":"2021-10-07T12:56:16","date_gmt":"2021-10-07T12:56:16","guid":{"rendered":"https:\/\/www.gasmet.com\/de\/?page_id=10196"},"modified":"2025-09-18T08:30:54","modified_gmt":"2025-09-18T08:30:54","slug":"emissionsueberwachung-von-muellverbrennungsanlagen-fuer-kleinabfaelle","status":"publish","type":"page","link":"https:\/\/www.gasmet.com\/de\/einsatzgebiete\/emissionsueberwachung\/emissionsueberwachung-von-muellverbrennungsanlagen-fuer-kleinabfaelle\/","title":{"rendered":"Emissions\u00fcberwachung von M\u00fcllverbrennungsanlagen f\u00fcr Kleinabf\u00e4lle (SWIP)"},"content":{"rendered":"","protected":false},"excerpt":{"rendered":"","protected":false},"author":6,"featured_media":12285,"parent":10192,"menu_order":20,"comment_status":"closed","ping_status":"closed","template":"","meta":{"_acf_changed":false,"inline_featured_image":false,"footnotes":""},"tags":[14],"class_list":["post-10196","page","type-page","status-publish","has-post-thumbnail","hentry","tag-emissions"],"acf":[],"yoast_head":"<!-- This site is optimized with the Yoast SEO plugin v27.2 - https:\/\/yoast.com\/product\/yoast-seo-wordpress\/ -->\n<title>Emissions\u00fcberwachung von M\u00fcllverbrennungsanlagen f\u00fcr Kleinabf\u00e4lle (SWIP) - Gasmet.de<\/title>\n<meta name=\"robots\" content=\"index, follow, max-snippet:-1, max-image-preview:large, max-video-preview:-1\" \/>\n<link rel=\"canonical\" href=\"https:\/\/www.gasmet.com\/de\/einsatzgebiete\/emissionsueberwachung\/emissionsueberwachung-von-muellverbrennungsanlagen-fuer-kleinabfaelle\/\" \/>\n<meta property=\"og:locale\" content=\"de_DE\" \/>\n<meta property=\"og:type\" content=\"article\" \/>\n<meta property=\"og:title\" content=\"Emissions\u00fcberwachung von M\u00fcllverbrennungsanlagen f\u00fcr Kleinabf\u00e4lle (SWIP) - Gasmet.de\" \/>\n<meta property=\"og:url\" content=\"https:\/\/www.gasmet.com\/de\/einsatzgebiete\/emissionsueberwachung\/emissionsueberwachung-von-muellverbrennungsanlagen-fuer-kleinabfaelle\/\" \/>\n<meta property=\"og:site_name\" content=\"Gasmet.de\" \/>\n<meta property=\"article:modified_time\" content=\"2025-09-18T08:30:54+00:00\" \/>\n<meta property=\"og:image\" content=\"https:\/\/www.gasmet.com\/de\/wp-content\/uploads\/sites\/6\/2024\/11\/waste-to-energy-hero2.jpg\" \/>\n\t<meta property=\"og:image:width\" content=\"2000\" \/>\n\t<meta property=\"og:image:height\" content=\"500\" \/>\n\t<meta property=\"og:image:type\" content=\"image\/jpeg\" \/>\n<meta name=\"twitter:card\" content=\"summary_large_image\" \/>\n<meta name=\"twitter:label1\" content=\"Gesch\u00e4tzte Lesezeit\" \/>\n\t<meta name=\"twitter:data1\" content=\"1\u00a0Minute\" \/>\n<script type=\"application\/ld+json\" class=\"yoast-schema-graph\">{\"@context\":\"https:\/\/schema.org\",\"@graph\":[{\"@type\":\"WebPage\",\"@id\":\"https:\/\/www.gasmet.com\/de\/einsatzgebiete\/emissionsueberwachung\/emissionsueberwachung-von-muellverbrennungsanlagen-fuer-kleinabfaelle\/\",\"url\":\"https:\/\/www.gasmet.com\/de\/einsatzgebiete\/emissionsueberwachung\/emissionsueberwachung-von-muellverbrennungsanlagen-fuer-kleinabfaelle\/\",\"name\":\"Emissions\u00fcberwachung von M\u00fcllverbrennungsanlagen f\u00fcr Kleinabf\u00e4lle (SWIP) - Gasmet.de\",\"isPartOf\":{\"@id\":\"https:\/\/www.gasmet.com\/de\/#website\"},\"primaryImageOfPage\":{\"@id\":\"https:\/\/www.gasmet.com\/de\/einsatzgebiete\/emissionsueberwachung\/emissionsueberwachung-von-muellverbrennungsanlagen-fuer-kleinabfaelle\/#primaryimage\"},\"image\":{\"@id\":\"https:\/\/www.gasmet.com\/de\/einsatzgebiete\/emissionsueberwachung\/emissionsueberwachung-von-muellverbrennungsanlagen-fuer-kleinabfaelle\/#primaryimage\"},\"thumbnailUrl\":\"https:\/\/www.gasmet.com\/de\/wp-content\/uploads\/sites\/6\/2024\/11\/waste-to-energy-hero2.jpg\",\"datePublished\":\"2021-10-07T12:56:16+00:00\",\"dateModified\":\"2025-09-18T08:30:54+00:00\",\"breadcrumb\":{\"@id\":\"https:\/\/www.gasmet.com\/de\/einsatzgebiete\/emissionsueberwachung\/emissionsueberwachung-von-muellverbrennungsanlagen-fuer-kleinabfaelle\/#breadcrumb\"},\"inLanguage\":\"de\",\"potentialAction\":[{\"@type\":\"ReadAction\",\"target\":[\"https:\/\/www.gasmet.com\/de\/einsatzgebiete\/emissionsueberwachung\/emissionsueberwachung-von-muellverbrennungsanlagen-fuer-kleinabfaelle\/\"]}]},{\"@type\":\"ImageObject\",\"inLanguage\":\"de\",\"@id\":\"https:\/\/www.gasmet.com\/de\/einsatzgebiete\/emissionsueberwachung\/emissionsueberwachung-von-muellverbrennungsanlagen-fuer-kleinabfaelle\/#primaryimage\",\"url\":\"https:\/\/www.gasmet.com\/de\/wp-content\/uploads\/sites\/6\/2024\/11\/waste-to-energy-hero2.jpg\",\"contentUrl\":\"https:\/\/www.gasmet.com\/de\/wp-content\/uploads\/sites\/6\/2024\/11\/waste-to-energy-hero2.jpg\",\"width\":2000,\"height\":500},{\"@type\":\"BreadcrumbList\",\"@id\":\"https:\/\/www.gasmet.com\/de\/einsatzgebiete\/emissionsueberwachung\/emissionsueberwachung-von-muellverbrennungsanlagen-fuer-kleinabfaelle\/#breadcrumb\",\"itemListElement\":[{\"@type\":\"ListItem\",\"position\":1,\"name\":\"Home\",\"item\":\"https:\/\/www.gasmet.com\/de\/\"},{\"@type\":\"ListItem\",\"position\":2,\"name\":\"Einsatzgebiete\",\"item\":\"https:\/\/www.gasmet.com\/de\/einsatzgebiete\/\"},{\"@type\":\"ListItem\",\"position\":3,\"name\":\"Emissions\u00fcberwachung\",\"item\":\"https:\/\/www.gasmet.com\/de\/einsatzgebiete\/emissionsueberwachung\/\"},{\"@type\":\"ListItem\",\"position\":4,\"name\":\"Emissions\u00fcberwachung von M\u00fcllverbrennungsanlagen f\u00fcr Kleinabf\u00e4lle (SWIP)\"}]},{\"@type\":\"WebSite\",\"@id\":\"https:\/\/www.gasmet.com\/de\/#website\",\"url\":\"https:\/\/www.gasmet.com\/de\/\",\"name\":\"Gasmet.de\",\"description\":\"Gasanalyik &amp; Gasmesstechnik von der Probenahme bis zum Messger\u00e4t\",\"potentialAction\":[{\"@type\":\"SearchAction\",\"target\":{\"@type\":\"EntryPoint\",\"urlTemplate\":\"https:\/\/www.gasmet.com\/de\/?s={search_term_string}\"},\"query-input\":{\"@type\":\"PropertyValueSpecification\",\"valueRequired\":true,\"valueName\":\"search_term_string\"}}],\"inLanguage\":\"de\"}]}<\/script>\n<!-- \/ Yoast SEO plugin. -->","yoast_head_json":{"title":"Emissions\u00fcberwachung von M\u00fcllverbrennungsanlagen f\u00fcr Kleinabf\u00e4lle (SWIP) - Gasmet.de","robots":{"index":"index","follow":"follow","max-snippet":"max-snippet:-1","max-image-preview":"max-image-preview:large","max-video-preview":"max-video-preview:-1"},"canonical":"https:\/\/www.gasmet.com\/de\/einsatzgebiete\/emissionsueberwachung\/emissionsueberwachung-von-muellverbrennungsanlagen-fuer-kleinabfaelle\/","og_locale":"de_DE","og_type":"article","og_title":"Emissions\u00fcberwachung von M\u00fcllverbrennungsanlagen f\u00fcr Kleinabf\u00e4lle (SWIP) - Gasmet.de","og_url":"https:\/\/www.gasmet.com\/de\/einsatzgebiete\/emissionsueberwachung\/emissionsueberwachung-von-muellverbrennungsanlagen-fuer-kleinabfaelle\/","og_site_name":"Gasmet.de","article_modified_time":"2025-09-18T08:30:54+00:00","og_image":[{"width":2000,"height":500,"url":"https:\/\/www.gasmet.com\/de\/wp-content\/uploads\/sites\/6\/2024\/11\/waste-to-energy-hero2.jpg","type":"image\/jpeg"}],"twitter_card":"summary_large_image","twitter_misc":{"Gesch\u00e4tzte Lesezeit":"1\u00a0Minute"},"schema":{"@context":"https:\/\/schema.org","@graph":[{"@type":"WebPage","@id":"https:\/\/www.gasmet.com\/de\/einsatzgebiete\/emissionsueberwachung\/emissionsueberwachung-von-muellverbrennungsanlagen-fuer-kleinabfaelle\/","url":"https:\/\/www.gasmet.com\/de\/einsatzgebiete\/emissionsueberwachung\/emissionsueberwachung-von-muellverbrennungsanlagen-fuer-kleinabfaelle\/","name":"Emissions\u00fcberwachung von M\u00fcllverbrennungsanlagen f\u00fcr Kleinabf\u00e4lle (SWIP) - Gasmet.de","isPartOf":{"@id":"https:\/\/www.gasmet.com\/de\/#website"},"primaryImageOfPage":{"@id":"https:\/\/www.gasmet.com\/de\/einsatzgebiete\/emissionsueberwachung\/emissionsueberwachung-von-muellverbrennungsanlagen-fuer-kleinabfaelle\/#primaryimage"},"image":{"@id":"https:\/\/www.gasmet.com\/de\/einsatzgebiete\/emissionsueberwachung\/emissionsueberwachung-von-muellverbrennungsanlagen-fuer-kleinabfaelle\/#primaryimage"},"thumbnailUrl":"https:\/\/www.gasmet.com\/de\/wp-content\/uploads\/sites\/6\/2024\/11\/waste-to-energy-hero2.jpg","datePublished":"2021-10-07T12:56:16+00:00","dateModified":"2025-09-18T08:30:54+00:00","breadcrumb":{"@id":"https:\/\/www.gasmet.com\/de\/einsatzgebiete\/emissionsueberwachung\/emissionsueberwachung-von-muellverbrennungsanlagen-fuer-kleinabfaelle\/#breadcrumb"},"inLanguage":"de","potentialAction":[{"@type":"ReadAction","target":["https:\/\/www.gasmet.com\/de\/einsatzgebiete\/emissionsueberwachung\/emissionsueberwachung-von-muellverbrennungsanlagen-fuer-kleinabfaelle\/"]}]},{"@type":"ImageObject","inLanguage":"de","@id":"https:\/\/www.gasmet.com\/de\/einsatzgebiete\/emissionsueberwachung\/emissionsueberwachung-von-muellverbrennungsanlagen-fuer-kleinabfaelle\/#primaryimage","url":"https:\/\/www.gasmet.com\/de\/wp-content\/uploads\/sites\/6\/2024\/11\/waste-to-energy-hero2.jpg","contentUrl":"https:\/\/www.gasmet.com\/de\/wp-content\/uploads\/sites\/6\/2024\/11\/waste-to-energy-hero2.jpg","width":2000,"height":500},{"@type":"BreadcrumbList","@id":"https:\/\/www.gasmet.com\/de\/einsatzgebiete\/emissionsueberwachung\/emissionsueberwachung-von-muellverbrennungsanlagen-fuer-kleinabfaelle\/#breadcrumb","itemListElement":[{"@type":"ListItem","position":1,"name":"Home","item":"https:\/\/www.gasmet.com\/de\/"},{"@type":"ListItem","position":2,"name":"Einsatzgebiete","item":"https:\/\/www.gasmet.com\/de\/einsatzgebiete\/"},{"@type":"ListItem","position":3,"name":"Emissions\u00fcberwachung","item":"https:\/\/www.gasmet.com\/de\/einsatzgebiete\/emissionsueberwachung\/"},{"@type":"ListItem","position":4,"name":"Emissions\u00fcberwachung von M\u00fcllverbrennungsanlagen f\u00fcr Kleinabf\u00e4lle (SWIP)"}]},{"@type":"WebSite","@id":"https:\/\/www.gasmet.com\/de\/#website","url":"https:\/\/www.gasmet.com\/de\/","name":"Gasmet.de","description":"Gasanalyik &amp; Gasmesstechnik von der Probenahme bis zum Messger\u00e4t","potentialAction":[{"@type":"SearchAction","target":{"@type":"EntryPoint","urlTemplate":"https:\/\/www.gasmet.com\/de\/?s={search_term_string}"},"query-input":{"@type":"PropertyValueSpecification","valueRequired":true,"valueName":"search_term_string"}}],"inLanguage":"de"}]}},"_links":{"self":[{"href":"https:\/\/www.gasmet.com\/de\/wp-json\/wp\/v2\/pages\/10196","targetHints":{"allow":["GET"]}}],"collection":[{"href":"https:\/\/www.gasmet.com\/de\/wp-json\/wp\/v2\/pages"}],"about":[{"href":"https:\/\/www.gasmet.com\/de\/wp-json\/wp\/v2\/types\/page"}],"author":[{"embeddable":true,"href":"https:\/\/www.gasmet.com\/de\/wp-json\/wp\/v2\/users\/6"}],"replies":[{"embeddable":true,"href":"https:\/\/www.gasmet.com\/de\/wp-json\/wp\/v2\/comments?post=10196"}],"version-history":[{"count":27,"href":"https:\/\/www.gasmet.com\/de\/wp-json\/wp\/v2\/pages\/10196\/revisions"}],"predecessor-version":[{"id":12486,"href":"https:\/\/www.gasmet.com\/de\/wp-json\/wp\/v2\/pages\/10196\/revisions\/12486"}],"up":[{"embeddable":true,"href":"https:\/\/www.gasmet.com\/de\/wp-json\/wp\/v2\/pages\/10192"}],"wp:featuredmedia":[{"embeddable":true,"href":"https:\/\/www.gasmet.com\/de\/wp-json\/wp\/v2\/media\/12285"}],"wp:attachment":[{"href":"https:\/\/www.gasmet.com\/de\/wp-json\/wp\/v2\/media?parent=10196"}],"wp:term":[{"taxonomy":"post_tag","embeddable":true,"href":"https:\/\/www.gasmet.com\/de\/wp-json\/wp\/v2\/tags?post=10196"}],"curies":[{"name":"wp","href":"https:\/\/api.w.org\/{rel}","templated":true}]}}